{"id":69500,"date":"2026-02-26T07:30:38","date_gmt":"2026-02-26T06:30:38","guid":{"rendered":"http:\/\/www.tabakversand.ch\/produkt\/american-spirit-natural-original-70gr-tabac-a-cigarettes\/"},"modified":"2026-02-26T09:51:28","modified_gmt":"2026-02-26T08:51:28","slug":"american-spirit-natural-original-70gr-tabac-a-cigarette","status":"publish","type":"product","link":"https:\/\/www.tabakversand.ch\/fr\/produit\/american-spirit-natural-original-70gr-tabac-a-cigarette\/","title":{"rendered":"American Spirit Natural Original"},"content":{"rendered":"<h1>American Spirit Natural Original<\/h1>\n<p>American Spirit Blue Original Blend incarne le plaisir du tabac \u00e0 l&rsquo;\u00e9tat pur. Comme tous les produits Natural American Spirit\u00ae, sa base est un m\u00e9lange de tabac Virginie \u00e9prouv\u00e9, appr\u00e9ci\u00e9 pour son ar\u00f4me naturel et \u00e9quilibr\u00e9.<\/p>\n<p>Ce m\u00e9lange soigneusement \u00e9labor\u00e9 impressionne par sa saveur riche et pure, ainsi que par son agr\u00e9able intensit\u00e9. American Spirit privil\u00e9gie la qualit\u00e9 aux additifs pour une exp\u00e9rience de fumage authentique.<\/p>\n<ul>\n<li>Tabac de qualit\u00e9 sup\u00e9rieure :<\/li>\n<li>tabac de qualit\u00e9 sup\u00e9rieure en feuilles enti\u00e8res<\/li>\n<li>Cultiv\u00e9 de mani\u00e8re durable et transform\u00e9 avec soin<\/li>\n<li>100 % tabac \u2013 sans additifs, sans conservateurs, sans humectants<\/li>\n<\/ul>\n<p>Le m\u00e9lange original American Spirit Blue offre le go\u00fbt authentique d&rsquo;un tabac Virginie cors\u00e9, cultiv\u00e9 dans le respect de la nature et transform\u00e9 avec le plus grand soin. Pour ceux qui appr\u00e9cient la puret\u00e9, la qualit\u00e9 et la saveur v\u00e9ritable du tabac.<\/p>\n<p>Chez tabakversand.ch, vous recevez votre tabac \u00e0 rouler American Spirit Blue Natural Original fra\u00eechement conserv\u00e9 dans son emballage d&rsquo;origine. Un stockage soign\u00e9 garantit une pr\u00e9servation optimale de son ar\u00f4me, de son humidit\u00e9 et de sa qualit\u00e9 jusqu&rsquo;\u00e0 l&rsquo;exp\u00e9dition. Gr\u00e2ce \u00e0 une livraison rapide en Suisse, votre tabac arrive g\u00e9n\u00e9ralement tr\u00e8s vite.<\/p>\n<p>Pour plus d&rsquo;informations sur le tabac \u00e0 rouler, veuillez consulter l&rsquo;article Wikip\u00e9dia correspondant\u00a0: <a href=\"https:\/\/de.wikipedia.org\/wiki\/Shag_(Tabak)\">cliquez ici<\/a> . Si vous avez des questions concernant le produit, n&rsquo;h\u00e9sitez pas \u00e0 nous contacter\u00a0: <a href=\"https:\/\/www.tabakversand.ch\/kontakt\/\">cliquez ici<\/a> .<\/p>\n<p>Tous les prix s&rsquo;appliquent uniquement aux commandes en ligne et incluent la TVA. Sous r\u00e9serve de modifications sans pr\u00e9avis, frais de livraison en sus. Sous r\u00e9serve d&rsquo;erreurs, de modifications de contenu de livraison et de conception, de fautes d&rsquo;impression et de modifications de prix. Les prix barr\u00e9s sont des prix de remplacement. Les illustrations peuvent diff\u00e9rer de l&rsquo;original\/du contenu de livraison.<br \/>\n*Livraison gratuite pour les commandes sup\u00e9rieures \u00e0 CHF 250.-.<\/p>\n","protected":false},"excerpt":{"rendered":"<p>American Spirit Natural Original American Spirit Blue Original Blend incarne le plaisir du tabac \u00e0 l&rsquo;\u00e9tat pur. Comme tous les produits Natural American Spirit\u00ae, sa base est un m\u00e9lange de tabac Virginie \u00e9prouv\u00e9, appr\u00e9ci\u00e9 pour son ar\u00f4me naturel et \u00e9quilibr\u00e9. Ce m\u00e9lange soigneusement \u00e9labor\u00e9 impressionne par sa saveur riche et pure, ainsi que par son [&hellip;]<\/p>\n","protected":false},"featured_media":213606,"template":"","meta":[],"product_brand":[],"product_cat":[1961,1888,1963,1964],"product_tag":[],"class_list":{"0":"post-69500","1":"product","2":"type-product","3":"status-publish","4":"has-post-thumbnail","6":"product_cat-cigarettes-self-made-fr-2","7":"product_cat-tabac","8":"product_cat-tabac-a-cigarettes","9":"product_cat-tabac-a-cigarettes-fr","10":"pa_tabak-huelsen-1-x-25-gr","11":"pa_tabak-huelsen-1-x-70-gr","12":"pa_tabak-huelsen-5-x-25-gr","14":"first","15":"onbackorder","16":"purchasable","17":"product-type-variable"},"yoast_head":"<!-- This site is optimized with the Yoast SEO plugin v27.0 - https:\/\/yoast.com\/product\/yoast-seo-wordpress\/ -->\n<title>American Spirit Natural Original - Tabakversand.ch | Alles aus der Welt des Tabaks<\/title>\n<meta name=\"description\" content=\"Tabac \u00e0 cigarettes American Spirit Blue \u2013 100 % tabac sans additifs. Tabac de Virginie de qualit\u00e9 sup\u00e9rieure, en feuilles enti\u00e8res, cultiv\u00e9 de mani\u00e8re durable et au go\u00fbt riche et cors\u00e9.\" \/>\n<meta name=\"robots\" content=\"index, follow, max-snippet:-1, max-image-preview:large, max-video-preview:-1\" \/>\n<link rel=\"canonical\" href=\"https:\/\/www.tabakversand.ch\/fr\/produit\/american-spirit-natural-original-70gr-tabac-a-cigarette\/\" \/>\n<meta property=\"og:locale\" content=\"fr_FR\" \/>\n<meta property=\"og:type\" content=\"article\" \/>\n<meta property=\"og:title\" content=\"American Spirit Natural Original - Tabakversand.ch | Alles aus der Welt des Tabaks\" \/>\n<meta property=\"og:description\" content=\"Tabac \u00e0 cigarettes American Spirit Blue \u2013 100 % tabac sans additifs. Tabac de Virginie de qualit\u00e9 sup\u00e9rieure, en feuilles enti\u00e8res, cultiv\u00e9 de mani\u00e8re durable et au go\u00fbt riche et cors\u00e9.\" \/>\n<meta property=\"og:url\" content=\"https:\/\/www.tabakversand.ch\/fr\/produit\/american-spirit-natural-original-70gr-tabac-a-cigarette\/\" \/>\n<meta property=\"og:site_name\" content=\"Tabakversand.ch | Alles aus der Welt des Tabaks\" \/>\n<meta property=\"article:modified_time\" content=\"2026-02-26T08:51:28+00:00\" \/>\n<meta property=\"og:image\" content=\"https:\/\/www.tabakversand.ch\/wp-content\/uploads\/2026\/02\/american-spirit-blue-all.jpg\" \/>\n\t<meta property=\"og:image:width\" content=\"500\" \/>\n\t<meta property=\"og:image:height\" content=\"500\" \/>\n\t<meta property=\"og:image:type\" content=\"image\/jpeg\" \/>\n<meta name=\"twitter:card\" content=\"summary_large_image\" \/>\n<meta name=\"twitter:label1\" content=\"Dur\u00e9e de lecture estim\u00e9e\" \/>\n\t<meta name=\"twitter:data1\" content=\"2 minutes\" \/>\n<script type=\"application\/ld+json\" class=\"yoast-schema-graph\">{\"@context\":\"https:\/\/schema.org\",\"@graph\":[{\"@type\":\"WebPage\",\"@id\":\"https:\/\/www.tabakversand.ch\/fr\/produit\/american-spirit-natural-original-70gr-tabac-a-cigarette\/\",\"url\":\"https:\/\/www.tabakversand.ch\/fr\/produit\/american-spirit-natural-original-70gr-tabac-a-cigarette\/\",\"name\":\"American Spirit Natural Original - Tabakversand.ch | Alles aus der Welt des Tabaks\",\"isPartOf\":{\"@id\":\"https:\/\/www.tabakversand.ch\/#website\"},\"primaryImageOfPage\":{\"@id\":\"https:\/\/www.tabakversand.ch\/fr\/produit\/american-spirit-natural-original-70gr-tabac-a-cigarette\/#primaryimage\"},\"image\":{\"@id\":\"https:\/\/www.tabakversand.ch\/fr\/produit\/american-spirit-natural-original-70gr-tabac-a-cigarette\/#primaryimage\"},\"thumbnailUrl\":\"https:\/\/www.tabakversand.ch\/wp-content\/uploads\/2026\/02\/american-spirit-blue-all.jpg\",\"datePublished\":\"2026-02-26T06:30:38+00:00\",\"dateModified\":\"2026-02-26T08:51:28+00:00\",\"description\":\"Tabac \u00e0 cigarettes American Spirit Blue \u2013 100 % tabac sans additifs. Tabac de Virginie de qualit\u00e9 sup\u00e9rieure, en feuilles enti\u00e8res, cultiv\u00e9 de mani\u00e8re durable et au go\u00fbt riche et cors\u00e9.\",\"breadcrumb\":{\"@id\":\"https:\/\/www.tabakversand.ch\/fr\/produit\/american-spirit-natural-original-70gr-tabac-a-cigarette\/#breadcrumb\"},\"inLanguage\":\"fr-FR\",\"potentialAction\":[{\"@type\":\"ReadAction\",\"target\":[\"https:\/\/www.tabakversand.ch\/fr\/produit\/american-spirit-natural-original-70gr-tabac-a-cigarette\/\"]}]},{\"@type\":\"ImageObject\",\"inLanguage\":\"fr-FR\",\"@id\":\"https:\/\/www.tabakversand.ch\/fr\/produit\/american-spirit-natural-original-70gr-tabac-a-cigarette\/#primaryimage\",\"url\":\"https:\/\/www.tabakversand.ch\/wp-content\/uploads\/2026\/02\/american-spirit-blue-all.jpg\",\"contentUrl\":\"https:\/\/www.tabakversand.ch\/wp-content\/uploads\/2026\/02\/american-spirit-blue-all.jpg\",\"width\":500,\"height\":500,\"caption\":\"American Spirit Natural Original | tabakversand.ch\"},{\"@type\":\"BreadcrumbList\",\"@id\":\"https:\/\/www.tabakversand.ch\/fr\/produit\/american-spirit-natural-original-70gr-tabac-a-cigarette\/#breadcrumb\",\"itemListElement\":[{\"@type\":\"ListItem\",\"position\":1,\"name\":\"Startseite\",\"item\":\"https:\/\/www.tabakversand.ch\/\"},{\"@type\":\"ListItem\",\"position\":2,\"name\":\"Boutique\",\"item\":\"https:\/\/www.tabakversand.ch\/fr\/boutique\/\"},{\"@type\":\"ListItem\",\"position\":3,\"name\":\"American Spirit Natural Original\"}]},{\"@type\":\"WebSite\",\"@id\":\"https:\/\/www.tabakversand.ch\/#website\",\"url\":\"https:\/\/www.tabakversand.ch\/\",\"name\":\"Tabakversand.ch | Alles aus der Welt des Tabaks\",\"description\":\"Smoke and carpe diem\",\"potentialAction\":[{\"@type\":\"SearchAction\",\"target\":{\"@type\":\"EntryPoint\",\"urlTemplate\":\"https:\/\/www.tabakversand.ch\/?s={search_term_string}\"},\"query-input\":{\"@type\":\"PropertyValueSpecification\",\"valueRequired\":true,\"valueName\":\"search_term_string\"}}],\"inLanguage\":\"fr-FR\"}]}<\/script>\n<!-- \/ Yoast SEO plugin. -->","yoast_head_json":{"title":"American Spirit Natural Original - Tabakversand.ch | Alles aus der Welt des Tabaks","description":"Tabac \u00e0 cigarettes American Spirit Blue \u2013 100 % tabac sans additifs. Tabac de Virginie de qualit\u00e9 sup\u00e9rieure, en feuilles enti\u00e8res, cultiv\u00e9 de mani\u00e8re durable et au go\u00fbt riche et cors\u00e9.","robots":{"index":"index","follow":"follow","max-snippet":"max-snippet:-1","max-image-preview":"max-image-preview:large","max-video-preview":"max-video-preview:-1"},"canonical":"https:\/\/www.tabakversand.ch\/fr\/produit\/american-spirit-natural-original-70gr-tabac-a-cigarette\/","og_locale":"fr_FR","og_type":"article","og_title":"American Spirit Natural Original - Tabakversand.ch | Alles aus der Welt des Tabaks","og_description":"Tabac \u00e0 cigarettes American Spirit Blue \u2013 100 % tabac sans additifs. Tabac de Virginie de qualit\u00e9 sup\u00e9rieure, en feuilles enti\u00e8res, cultiv\u00e9 de mani\u00e8re durable et au go\u00fbt riche et cors\u00e9.","og_url":"https:\/\/www.tabakversand.ch\/fr\/produit\/american-spirit-natural-original-70gr-tabac-a-cigarette\/","og_site_name":"Tabakversand.ch | Alles aus der Welt des Tabaks","article_modified_time":"2026-02-26T08:51:28+00:00","og_image":[{"width":500,"height":500,"url":"https:\/\/www.tabakversand.ch\/wp-content\/uploads\/2026\/02\/american-spirit-blue-all.jpg","type":"image\/jpeg"}],"twitter_card":"summary_large_image","twitter_misc":{"Dur\u00e9e de lecture estim\u00e9e":"2 minutes"},"schema":{"@context":"https:\/\/schema.org","@graph":[{"@type":"WebPage","@id":"https:\/\/www.tabakversand.ch\/fr\/produit\/american-spirit-natural-original-70gr-tabac-a-cigarette\/","url":"https:\/\/www.tabakversand.ch\/fr\/produit\/american-spirit-natural-original-70gr-tabac-a-cigarette\/","name":"American Spirit Natural Original - Tabakversand.ch | Alles aus der Welt des Tabaks","isPartOf":{"@id":"https:\/\/www.tabakversand.ch\/#website"},"primaryImageOfPage":{"@id":"https:\/\/www.tabakversand.ch\/fr\/produit\/american-spirit-natural-original-70gr-tabac-a-cigarette\/#primaryimage"},"image":{"@id":"https:\/\/www.tabakversand.ch\/fr\/produit\/american-spirit-natural-original-70gr-tabac-a-cigarette\/#primaryimage"},"thumbnailUrl":"https:\/\/www.tabakversand.ch\/wp-content\/uploads\/2026\/02\/american-spirit-blue-all.jpg","datePublished":"2026-02-26T06:30:38+00:00","dateModified":"2026-02-26T08:51:28+00:00","description":"Tabac \u00e0 cigarettes American Spirit Blue \u2013 100 % tabac sans additifs. Tabac de Virginie de qualit\u00e9 sup\u00e9rieure, en feuilles enti\u00e8res, cultiv\u00e9 de mani\u00e8re durable et au go\u00fbt riche et cors\u00e9.","breadcrumb":{"@id":"https:\/\/www.tabakversand.ch\/fr\/produit\/american-spirit-natural-original-70gr-tabac-a-cigarette\/#breadcrumb"},"inLanguage":"fr-FR","potentialAction":[{"@type":"ReadAction","target":["https:\/\/www.tabakversand.ch\/fr\/produit\/american-spirit-natural-original-70gr-tabac-a-cigarette\/"]}]},{"@type":"ImageObject","inLanguage":"fr-FR","@id":"https:\/\/www.tabakversand.ch\/fr\/produit\/american-spirit-natural-original-70gr-tabac-a-cigarette\/#primaryimage","url":"https:\/\/www.tabakversand.ch\/wp-content\/uploads\/2026\/02\/american-spirit-blue-all.jpg","contentUrl":"https:\/\/www.tabakversand.ch\/wp-content\/uploads\/2026\/02\/american-spirit-blue-all.jpg","width":500,"height":500,"caption":"American Spirit Natural Original | tabakversand.ch"},{"@type":"BreadcrumbList","@id":"https:\/\/www.tabakversand.ch\/fr\/produit\/american-spirit-natural-original-70gr-tabac-a-cigarette\/#breadcrumb","itemListElement":[{"@type":"ListItem","position":1,"name":"Startseite","item":"https:\/\/www.tabakversand.ch\/"},{"@type":"ListItem","position":2,"name":"Boutique","item":"https:\/\/www.tabakversand.ch\/fr\/boutique\/"},{"@type":"ListItem","position":3,"name":"American Spirit Natural Original"}]},{"@type":"WebSite","@id":"https:\/\/www.tabakversand.ch\/#website","url":"https:\/\/www.tabakversand.ch\/","name":"Tabakversand.ch | Alles aus der Welt des Tabaks","description":"Smoke and carpe diem","potentialAction":[{"@type":"SearchAction","target":{"@type":"EntryPoint","urlTemplate":"https:\/\/www.tabakversand.ch\/?s={search_term_string}"},"query-input":{"@type":"PropertyValueSpecification","valueRequired":true,"valueName":"search_term_string"}}],"inLanguage":"fr-FR"}]}},"_links":{"self":[{"href":"https:\/\/www.tabakversand.ch\/fr\/wp-json\/wp\/v2\/product\/69500","targetHints":{"allow":["GET"]}}],"collection":[{"href":"https:\/\/www.tabakversand.ch\/fr\/wp-json\/wp\/v2\/product"}],"about":[{"href":"https:\/\/www.tabakversand.ch\/fr\/wp-json\/wp\/v2\/types\/product"}],"version-history":[{"count":8,"href":"https:\/\/www.tabakversand.ch\/fr\/wp-json\/wp\/v2\/product\/69500\/revisions"}],"predecessor-version":[{"id":213657,"href":"https:\/\/www.tabakversand.ch\/fr\/wp-json\/wp\/v2\/product\/69500\/revisions\/213657"}],"wp:featuredmedia":[{"embeddable":true,"href":"https:\/\/www.tabakversand.ch\/fr\/wp-json\/wp\/v2\/media\/213606"}],"wp:attachment":[{"href":"https:\/\/www.tabakversand.ch\/fr\/wp-json\/wp\/v2\/media?parent=69500"}],"wp:term":[{"taxonomy":"product_brand","embeddable":true,"href":"https:\/\/www.tabakversand.ch\/fr\/wp-json\/wp\/v2\/product_brand?post=69500"},{"taxonomy":"product_cat","embeddable":true,"href":"https:\/\/www.tabakversand.ch\/fr\/wp-json\/wp\/v2\/product_cat?post=69500"},{"taxonomy":"product_tag","embeddable":true,"href":"https:\/\/www.tabakversand.ch\/fr\/wp-json\/wp\/v2\/product_tag?post=69500"}],"curies":[{"name":"wp","href":"https:\/\/api.w.org\/{rel}","templated":true}]}}