{"id":69675,"date":"2024-11-20T12:24:18","date_gmt":"2024-11-20T11:24:18","guid":{"rendered":"http:\/\/www.tabakversand.ch\/produkt\/montecristo-edmundo-tubos-3-etui-cigares\/"},"modified":"2025-04-07T14:11:36","modified_gmt":"2025-04-07T12:11:36","slug":"montecristo-edmundo-tubos-cigares-a-3-caisses","status":"publish","type":"product","link":"https:\/\/www.tabakversand.ch\/fr\/produit\/montecristo-edmundo-tubos-cigares-a-3-caisses\/","title":{"rendered":"Montecristo Edmundo Tubos 3 \u00c9tui Cigares"},"content":{"rendered":"<p>Montecristo Edmundo Tubos 3 \u00c9tui Cigares<\/p>\n<p>Le Montecristo est de loin la marque la plus populaire de La Havane. Environ la moiti\u00e9 des cigares que Cuba exporte chaque ann\u00e9e portent leur simple bande ventrale marron avec le lettrage blanc.<br \/>\n Format : Edmundo<br \/>\n Longueur : 13,5 cm<br \/>\n Diam\u00e8tre : 1,06 cm<br \/>\n Temps de fumage : environ 70 minutes<br \/>\n Encart : Cuba<br \/>\n Couverture : Cuba<br \/>\n Couverture : Cuba<\/p>\n<p>Tous les prix s&rsquo;appliquent uniquement aux commandes en ligne et incluent la TVA. TVA, sous r\u00e9serve de modifications plus Exp\u00e9dition. Sous r\u00e9serve d&rsquo;erreurs, de modifications de l&rsquo;\u00e9tendue de la livraison et de la conception, d&rsquo;erreurs d&rsquo;impression et de modifications de prix. Les prix barr\u00e9s sont plut\u00f4t des prix. L&rsquo;illustration peut diff\u00e9rer de l&rsquo;original\/de l&rsquo;\u00e9tendue de la livraison.<br \/>\n*Livraison gratuite pour les commandes sup\u00e9rieures \u00e0 CHF 250.<\/p>\n","protected":false},"excerpt":{"rendered":"<p>Montecristo Edmundo Tubos 3 \u00c9tui Cigares Le Montecristo est de loin la marque la plus populaire de La Havane. Environ la moiti\u00e9 des cigares que Cuba exporte chaque ann\u00e9e portent leur simple bande ventrale marron avec le lettrage blanc. Format : Edmundo Longueur : 13,5 cm Diam\u00e8tre : 1,06 cm Temps de fumage : environ [&hellip;]<\/p>\n","protected":false},"featured_media":69682,"template":"","meta":[],"product_brand":[1497],"product_cat":[1993,2313,1994,2332],"product_tag":[],"class_list":{"0":"post-69675","1":"product","2":"type-product","3":"status-publish","4":"has-post-thumbnail","6":"product_brand-montecristo","7":"product_cat-cigares","8":"product_cat-cuba-fr","9":"product_cat-monde-du-cigare","10":"product_cat-montecristo-fr","12":"first","13":"outofstock","14":"purchasable","15":"product-type-simple"},"yoast_head":"<!-- This site is optimized with the Yoast SEO plugin v27.0 - https:\/\/yoast.com\/product\/yoast-seo-wordpress\/ -->\n<title>Montecristo Edmundo Tubos 3 \u00c9tui Cigares - Tabakversand.ch | Alles aus der Welt des Tabaks<\/title>\n<meta name=\"description\" content=\"Montecristo Edmundo Tubos 3 \u00c9tui Cigares | La plus grande s\u00e9lection de produits du tabac de Suisse | Toutes les cartes sont accept\u00e9es!\" \/>\n<meta name=\"robots\" content=\"index, follow, max-snippet:-1, max-image-preview:large, max-video-preview:-1\" \/>\n<link rel=\"canonical\" href=\"https:\/\/www.tabakversand.ch\/fr\/produit\/montecristo-edmundo-tubos-cigares-a-3-caisses\/\" \/>\n<meta property=\"og:locale\" content=\"fr_FR\" \/>\n<meta property=\"og:type\" content=\"article\" \/>\n<meta property=\"og:title\" content=\"Montecristo Edmundo Tubos 3 \u00c9tui Cigares - Tabakversand.ch | Alles aus der Welt des Tabaks\" \/>\n<meta property=\"og:description\" content=\"Montecristo Edmundo Tubos 3 \u00c9tui Cigares | La plus grande s\u00e9lection de produits du tabac de Suisse | Toutes les cartes sont accept\u00e9es!\" \/>\n<meta property=\"og:url\" content=\"https:\/\/www.tabakversand.ch\/fr\/produit\/montecristo-edmundo-tubos-cigares-a-3-caisses\/\" \/>\n<meta property=\"og:site_name\" content=\"Tabakversand.ch | Alles aus der Welt des Tabaks\" \/>\n<meta property=\"article:modified_time\" content=\"2025-04-07T12:11:36+00:00\" \/>\n<meta property=\"og:image\" content=\"https:\/\/www.tabakversand.ch\/wp-content\/uploads\/2022\/03\/montecristo-edmundo-alu-tubos-3-etui.jpg\" \/>\n\t<meta property=\"og:image:width\" content=\"501\" \/>\n\t<meta property=\"og:image:height\" content=\"500\" \/>\n\t<meta property=\"og:image:type\" content=\"image\/jpeg\" \/>\n<meta name=\"twitter:card\" content=\"summary_large_image\" \/>\n<meta name=\"twitter:label1\" content=\"Dur\u00e9e de lecture estim\u00e9e\" \/>\n\t<meta name=\"twitter:data1\" content=\"2 minutes\" \/>\n<script type=\"application\/ld+json\" class=\"yoast-schema-graph\">{\"@context\":\"https:\/\/schema.org\",\"@graph\":[{\"@type\":\"WebPage\",\"@id\":\"https:\/\/www.tabakversand.ch\/fr\/produit\/montecristo-edmundo-tubos-cigares-a-3-caisses\/\",\"url\":\"https:\/\/www.tabakversand.ch\/fr\/produit\/montecristo-edmundo-tubos-cigares-a-3-caisses\/\",\"name\":\"Montecristo Edmundo Tubos 3 \u00c9tui Cigares - Tabakversand.ch | Alles aus der Welt des Tabaks\",\"isPartOf\":{\"@id\":\"https:\/\/www.tabakversand.ch\/#website\"},\"primaryImageOfPage\":{\"@id\":\"https:\/\/www.tabakversand.ch\/fr\/produit\/montecristo-edmundo-tubos-cigares-a-3-caisses\/#primaryimage\"},\"image\":{\"@id\":\"https:\/\/www.tabakversand.ch\/fr\/produit\/montecristo-edmundo-tubos-cigares-a-3-caisses\/#primaryimage\"},\"thumbnailUrl\":\"https:\/\/www.tabakversand.ch\/wp-content\/uploads\/2022\/03\/montecristo-edmundo-alu-tubos-3-etui.jpg\",\"datePublished\":\"2024-11-20T11:24:18+00:00\",\"dateModified\":\"2025-04-07T12:11:36+00:00\",\"description\":\"Montecristo Edmundo Tubos 3 \u00c9tui Cigares | La plus grande s\u00e9lection de produits du tabac de Suisse | Toutes les cartes sont accept\u00e9es!\",\"breadcrumb\":{\"@id\":\"https:\/\/www.tabakversand.ch\/fr\/produit\/montecristo-edmundo-tubos-cigares-a-3-caisses\/#breadcrumb\"},\"inLanguage\":\"fr-FR\",\"potentialAction\":[{\"@type\":\"ReadAction\",\"target\":[\"https:\/\/www.tabakversand.ch\/fr\/produit\/montecristo-edmundo-tubos-cigares-a-3-caisses\/\"]}]},{\"@type\":\"ImageObject\",\"inLanguage\":\"fr-FR\",\"@id\":\"https:\/\/www.tabakversand.ch\/fr\/produit\/montecristo-edmundo-tubos-cigares-a-3-caisses\/#primaryimage\",\"url\":\"https:\/\/www.tabakversand.ch\/wp-content\/uploads\/2022\/03\/montecristo-edmundo-alu-tubos-3-etui.jpg\",\"contentUrl\":\"https:\/\/www.tabakversand.ch\/wp-content\/uploads\/2022\/03\/montecristo-edmundo-alu-tubos-3-etui.jpg\",\"width\":501,\"height\":500,\"caption\":\"Montecristo Edmundo Tubos 3 \u00c9tui Cigares\"},{\"@type\":\"BreadcrumbList\",\"@id\":\"https:\/\/www.tabakversand.ch\/fr\/produit\/montecristo-edmundo-tubos-cigares-a-3-caisses\/#breadcrumb\",\"itemListElement\":[{\"@type\":\"ListItem\",\"position\":1,\"name\":\"Startseite\",\"item\":\"https:\/\/www.tabakversand.ch\/\"},{\"@type\":\"ListItem\",\"position\":2,\"name\":\"Boutique\",\"item\":\"https:\/\/www.tabakversand.ch\/fr\/boutique\/\"},{\"@type\":\"ListItem\",\"position\":3,\"name\":\"Montecristo Edmundo Tubos 3 \u00c9tui Cigares\"}]},{\"@type\":\"WebSite\",\"@id\":\"https:\/\/www.tabakversand.ch\/#website\",\"url\":\"https:\/\/www.tabakversand.ch\/\",\"name\":\"Tabakversand.ch | Alles aus der Welt des Tabaks\",\"description\":\"Smoke and carpe diem\",\"potentialAction\":[{\"@type\":\"SearchAction\",\"target\":{\"@type\":\"EntryPoint\",\"urlTemplate\":\"https:\/\/www.tabakversand.ch\/?s={search_term_string}\"},\"query-input\":{\"@type\":\"PropertyValueSpecification\",\"valueRequired\":true,\"valueName\":\"search_term_string\"}}],\"inLanguage\":\"fr-FR\"}]}<\/script>\n<!-- \/ Yoast SEO plugin. -->","yoast_head_json":{"title":"Montecristo Edmundo Tubos 3 \u00c9tui Cigares - Tabakversand.ch | Alles aus der Welt des Tabaks","description":"Montecristo Edmundo Tubos 3 \u00c9tui Cigares | La plus grande s\u00e9lection de produits du tabac de Suisse | Toutes les cartes sont accept\u00e9es!","robots":{"index":"index","follow":"follow","max-snippet":"max-snippet:-1","max-image-preview":"max-image-preview:large","max-video-preview":"max-video-preview:-1"},"canonical":"https:\/\/www.tabakversand.ch\/fr\/produit\/montecristo-edmundo-tubos-cigares-a-3-caisses\/","og_locale":"fr_FR","og_type":"article","og_title":"Montecristo Edmundo Tubos 3 \u00c9tui Cigares - Tabakversand.ch | Alles aus der Welt des Tabaks","og_description":"Montecristo Edmundo Tubos 3 \u00c9tui Cigares | La plus grande s\u00e9lection de produits du tabac de Suisse | Toutes les cartes sont accept\u00e9es!","og_url":"https:\/\/www.tabakversand.ch\/fr\/produit\/montecristo-edmundo-tubos-cigares-a-3-caisses\/","og_site_name":"Tabakversand.ch | Alles aus der Welt des Tabaks","article_modified_time":"2025-04-07T12:11:36+00:00","og_image":[{"width":501,"height":500,"url":"https:\/\/www.tabakversand.ch\/wp-content\/uploads\/2022\/03\/montecristo-edmundo-alu-tubos-3-etui.jpg","type":"image\/jpeg"}],"twitter_card":"summary_large_image","twitter_misc":{"Dur\u00e9e de lecture estim\u00e9e":"2 minutes"},"schema":{"@context":"https:\/\/schema.org","@graph":[{"@type":"WebPage","@id":"https:\/\/www.tabakversand.ch\/fr\/produit\/montecristo-edmundo-tubos-cigares-a-3-caisses\/","url":"https:\/\/www.tabakversand.ch\/fr\/produit\/montecristo-edmundo-tubos-cigares-a-3-caisses\/","name":"Montecristo Edmundo Tubos 3 \u00c9tui Cigares - Tabakversand.ch | Alles aus der Welt des Tabaks","isPartOf":{"@id":"https:\/\/www.tabakversand.ch\/#website"},"primaryImageOfPage":{"@id":"https:\/\/www.tabakversand.ch\/fr\/produit\/montecristo-edmundo-tubos-cigares-a-3-caisses\/#primaryimage"},"image":{"@id":"https:\/\/www.tabakversand.ch\/fr\/produit\/montecristo-edmundo-tubos-cigares-a-3-caisses\/#primaryimage"},"thumbnailUrl":"https:\/\/www.tabakversand.ch\/wp-content\/uploads\/2022\/03\/montecristo-edmundo-alu-tubos-3-etui.jpg","datePublished":"2024-11-20T11:24:18+00:00","dateModified":"2025-04-07T12:11:36+00:00","description":"Montecristo Edmundo Tubos 3 \u00c9tui Cigares | La plus grande s\u00e9lection de produits du tabac de Suisse | Toutes les cartes sont accept\u00e9es!","breadcrumb":{"@id":"https:\/\/www.tabakversand.ch\/fr\/produit\/montecristo-edmundo-tubos-cigares-a-3-caisses\/#breadcrumb"},"inLanguage":"fr-FR","potentialAction":[{"@type":"ReadAction","target":["https:\/\/www.tabakversand.ch\/fr\/produit\/montecristo-edmundo-tubos-cigares-a-3-caisses\/"]}]},{"@type":"ImageObject","inLanguage":"fr-FR","@id":"https:\/\/www.tabakversand.ch\/fr\/produit\/montecristo-edmundo-tubos-cigares-a-3-caisses\/#primaryimage","url":"https:\/\/www.tabakversand.ch\/wp-content\/uploads\/2022\/03\/montecristo-edmundo-alu-tubos-3-etui.jpg","contentUrl":"https:\/\/www.tabakversand.ch\/wp-content\/uploads\/2022\/03\/montecristo-edmundo-alu-tubos-3-etui.jpg","width":501,"height":500,"caption":"Montecristo Edmundo Tubos 3 \u00c9tui Cigares"},{"@type":"BreadcrumbList","@id":"https:\/\/www.tabakversand.ch\/fr\/produit\/montecristo-edmundo-tubos-cigares-a-3-caisses\/#breadcrumb","itemListElement":[{"@type":"ListItem","position":1,"name":"Startseite","item":"https:\/\/www.tabakversand.ch\/"},{"@type":"ListItem","position":2,"name":"Boutique","item":"https:\/\/www.tabakversand.ch\/fr\/boutique\/"},{"@type":"ListItem","position":3,"name":"Montecristo Edmundo Tubos 3 \u00c9tui Cigares"}]},{"@type":"WebSite","@id":"https:\/\/www.tabakversand.ch\/#website","url":"https:\/\/www.tabakversand.ch\/","name":"Tabakversand.ch | Alles aus der Welt des Tabaks","description":"Smoke and carpe diem","potentialAction":[{"@type":"SearchAction","target":{"@type":"EntryPoint","urlTemplate":"https:\/\/www.tabakversand.ch\/?s={search_term_string}"},"query-input":{"@type":"PropertyValueSpecification","valueRequired":true,"valueName":"search_term_string"}}],"inLanguage":"fr-FR"}]}},"_links":{"self":[{"href":"https:\/\/www.tabakversand.ch\/fr\/wp-json\/wp\/v2\/product\/69675","targetHints":{"allow":["GET"]}}],"collection":[{"href":"https:\/\/www.tabakversand.ch\/fr\/wp-json\/wp\/v2\/product"}],"about":[{"href":"https:\/\/www.tabakversand.ch\/fr\/wp-json\/wp\/v2\/types\/product"}],"version-history":[{"count":5,"href":"https:\/\/www.tabakversand.ch\/fr\/wp-json\/wp\/v2\/product\/69675\/revisions"}],"predecessor-version":[{"id":180078,"href":"https:\/\/www.tabakversand.ch\/fr\/wp-json\/wp\/v2\/product\/69675\/revisions\/180078"}],"wp:featuredmedia":[{"embeddable":true,"href":"https:\/\/www.tabakversand.ch\/fr\/wp-json\/wp\/v2\/media\/69682"}],"wp:attachment":[{"href":"https:\/\/www.tabakversand.ch\/fr\/wp-json\/wp\/v2\/media?parent=69675"}],"wp:term":[{"taxonomy":"product_brand","embeddable":true,"href":"https:\/\/www.tabakversand.ch\/fr\/wp-json\/wp\/v2\/product_brand?post=69675"},{"taxonomy":"product_cat","embeddable":true,"href":"https:\/\/www.tabakversand.ch\/fr\/wp-json\/wp\/v2\/product_cat?post=69675"},{"taxonomy":"product_tag","embeddable":true,"href":"https:\/\/www.tabakversand.ch\/fr\/wp-json\/wp\/v2\/product_tag?post=69675"}],"curies":[{"name":"wp","href":"https:\/\/api.w.org\/{rel}","templated":true}]}}