{"id":69761,"date":"2022-04-02T11:02:18","date_gmt":"2022-04-02T09:02:18","guid":{"rendered":"http:\/\/www.tabakversand.ch\/produkt\/davidoff-punch-cutter-duocut-argent\/"},"modified":"2025-09-12T16:42:44","modified_gmt":"2025-09-12T14:42:44","slug":"davidoff-punch-cutter-duocut-argent","status":"publish","type":"product","link":"https:\/\/www.tabakversand.ch\/fr\/produit\/davidoff-punch-cutter-duocut-argent\/","title":{"rendered":"Davidoff Punch Cutter Duocut argent"},"content":{"rendered":"<h2>Davidoff Punch Cutter Duocut argent&nbsp;<\/h2>\n<p>  Gr\u00e2ce \u00e0 son design innovant, les aficionados pr\u00e9parent leurs cigares pr\u00e9f\u00e9r\u00e9s avec pr\u00e9cision et confiance pour un maximum de plaisir \u00e0 fumer avec le coupe-trous Duocut \u00e0 double lame \u00ab&nbsp;Made in Germany&nbsp;\u00bb. Le principe Duocut comprend deux lames tranchantes qui coupent ind\u00e9pendamment les cigares avec n\u2019importe quelle dimension d\u2019anneau (RM) parfaitement. La plus grande lame est destin\u00e9e aux sp\u00e9cimens plus voluptueux, la plus petite pour les formats plus minces jusqu\u2019\u00e0 RM 50. L\u2019ouverture, d\u00e9coup\u00e9e dans l\u2019emballage avec une extr\u00eame pr\u00e9cision, assure une traction \u00e9quilibr\u00e9e et sans effort. Si vous tournez la fraise vers la droite, la plus grande lame peut supporter une masse d\u2019anneau volumineuse de 50 \u00e0 70 RM. Si vous la tournez vers la gauche, la plus petite lame coupe chaque masse d\u2019anneau de 40 \u00e0 50 RM. Avec le cigare dans une main, vous pouvez actionner les deux lames d\u2019une seule main.&nbsp;<\/p>\n<p>  &nbsp;<br \/>Tous les prix s&rsquo;appliquent uniquement aux commandes en ligne et incluent la TVA. Sous r\u00e9serve de modifications sans pr\u00e9avis, frais de livraison en sus. Sous r\u00e9serve d&rsquo;erreurs, de modifications de contenu de livraison et de conception, de fautes d&rsquo;impression et de modifications de prix. Les prix barr\u00e9s sont des prix de remplacement. Les illustrations peuvent diff\u00e9rer de l&rsquo;original\/du contenu de livraison.<br \/>\n*Livraison gratuite pour les commandes sup\u00e9rieures \u00e0 CHF 250.-.<\/p>\n","protected":false},"excerpt":{"rendered":"<p>Davidoff Punch Cutter Duocut argent&nbsp; Gr\u00e2ce \u00e0 son design innovant, les aficionados pr\u00e9parent leurs cigares pr\u00e9f\u00e9r\u00e9s avec pr\u00e9cision et confiance pour un maximum de plaisir \u00e0 fumer avec le coupe-trous Duocut \u00e0 double lame \u00ab&nbsp;Made in Germany&nbsp;\u00bb. Le principe Duocut comprend deux lames tranchantes qui coupent ind\u00e9pendamment les cigares avec n\u2019importe quelle dimension d\u2019anneau (RM) [&hellip;]<\/p>\n","protected":false},"featured_media":69762,"template":"","meta":[],"product_brand":[1487],"product_cat":[2119,2118,3337,1994],"product_tag":[],"class_list":{"0":"post-69761","1":"product","2":"type-product","3":"status-publish","4":"has-post-thumbnail","6":"product_brand-davidoff","7":"product_cat-accessoires-pour-cigares","8":"product_cat-coupe-cigares","9":"product_cat-coupe-poincon","10":"product_cat-monde-du-cigare","12":"first","13":"instock","14":"purchasable","15":"product-type-simple"},"yoast_head":"<!-- This site is optimized with the Yoast SEO plugin v27.0 - https:\/\/yoast.com\/product\/yoast-seo-wordpress\/ -->\n<title>Davidoff Punch Cutter Duocut argent - Tabakversand.ch | Alles aus der Welt des Tabaks<\/title>\n<meta name=\"description\" content=\"Davidoff Emporte-pi\u00e8ce Duocut argent | Le plus grand choix de produits du tabac en Suisse | Toutes cartes accept\u00e9es !\" \/>\n<meta name=\"robots\" content=\"index, follow, max-snippet:-1, max-image-preview:large, max-video-preview:-1\" \/>\n<link rel=\"canonical\" href=\"https:\/\/www.tabakversand.ch\/fr\/produit\/davidoff-punch-cutter-duocut-argent\/\" \/>\n<meta property=\"og:locale\" content=\"fr_FR\" \/>\n<meta property=\"og:type\" content=\"article\" \/>\n<meta property=\"og:title\" content=\"Davidoff Punch Cutter Duocut argent - Tabakversand.ch | Alles aus der Welt des Tabaks\" \/>\n<meta property=\"og:description\" content=\"Davidoff Emporte-pi\u00e8ce Duocut argent | Le plus grand choix de produits du tabac en Suisse | Toutes cartes accept\u00e9es !\" \/>\n<meta property=\"og:url\" content=\"https:\/\/www.tabakversand.ch\/fr\/produit\/davidoff-punch-cutter-duocut-argent\/\" \/>\n<meta property=\"og:site_name\" content=\"Tabakversand.ch | Alles aus der Welt des Tabaks\" \/>\n<meta property=\"article:modified_time\" content=\"2025-09-12T14:42:44+00:00\" \/>\n<meta property=\"og:image\" content=\"https:\/\/www.tabakversand.ch\/wp-content\/uploads\/2022\/03\/davidoff-punch-cutter-stainless-steel-brushed-silver-100128.jpg\" \/>\n\t<meta property=\"og:image:width\" content=\"500\" \/>\n\t<meta property=\"og:image:height\" content=\"500\" \/>\n\t<meta property=\"og:image:type\" content=\"image\/jpeg\" \/>\n<meta name=\"twitter:card\" content=\"summary_large_image\" \/>\n<meta name=\"twitter:label1\" content=\"Dur\u00e9e de lecture estim\u00e9e\" \/>\n\t<meta name=\"twitter:data1\" content=\"1 minute\" \/>\n<script type=\"application\/ld+json\" class=\"yoast-schema-graph\">{\"@context\":\"https:\/\/schema.org\",\"@graph\":[{\"@type\":\"WebPage\",\"@id\":\"https:\/\/www.tabakversand.ch\/fr\/produit\/davidoff-punch-cutter-duocut-argent\/\",\"url\":\"https:\/\/www.tabakversand.ch\/fr\/produit\/davidoff-punch-cutter-duocut-argent\/\",\"name\":\"Davidoff Punch Cutter Duocut argent - Tabakversand.ch | Alles aus der Welt des Tabaks\",\"isPartOf\":{\"@id\":\"https:\/\/www.tabakversand.ch\/#website\"},\"primaryImageOfPage\":{\"@id\":\"https:\/\/www.tabakversand.ch\/fr\/produit\/davidoff-punch-cutter-duocut-argent\/#primaryimage\"},\"image\":{\"@id\":\"https:\/\/www.tabakversand.ch\/fr\/produit\/davidoff-punch-cutter-duocut-argent\/#primaryimage\"},\"thumbnailUrl\":\"https:\/\/www.tabakversand.ch\/wp-content\/uploads\/2022\/03\/davidoff-punch-cutter-stainless-steel-brushed-silver-100128.jpg\",\"datePublished\":\"2022-04-02T09:02:18+00:00\",\"dateModified\":\"2025-09-12T14:42:44+00:00\",\"description\":\"Davidoff Emporte-pi\u00e8ce Duocut argent | Le plus grand choix de produits du tabac en Suisse | Toutes cartes accept\u00e9es !\",\"breadcrumb\":{\"@id\":\"https:\/\/www.tabakversand.ch\/fr\/produit\/davidoff-punch-cutter-duocut-argent\/#breadcrumb\"},\"inLanguage\":\"fr-FR\",\"potentialAction\":[{\"@type\":\"ReadAction\",\"target\":[\"https:\/\/www.tabakversand.ch\/fr\/produit\/davidoff-punch-cutter-duocut-argent\/\"]}]},{\"@type\":\"ImageObject\",\"inLanguage\":\"fr-FR\",\"@id\":\"https:\/\/www.tabakversand.ch\/fr\/produit\/davidoff-punch-cutter-duocut-argent\/#primaryimage\",\"url\":\"https:\/\/www.tabakversand.ch\/wp-content\/uploads\/2022\/03\/davidoff-punch-cutter-stainless-steel-brushed-silver-100128.jpg\",\"contentUrl\":\"https:\/\/www.tabakversand.ch\/wp-content\/uploads\/2022\/03\/davidoff-punch-cutter-stainless-steel-brushed-silver-100128.jpg\",\"width\":500,\"height\":500,\"caption\":\"Davidoff Punch Cutter Duocut argent\"},{\"@type\":\"BreadcrumbList\",\"@id\":\"https:\/\/www.tabakversand.ch\/fr\/produit\/davidoff-punch-cutter-duocut-argent\/#breadcrumb\",\"itemListElement\":[{\"@type\":\"ListItem\",\"position\":1,\"name\":\"Startseite\",\"item\":\"https:\/\/www.tabakversand.ch\/\"},{\"@type\":\"ListItem\",\"position\":2,\"name\":\"Boutique\",\"item\":\"https:\/\/www.tabakversand.ch\/fr\/boutique\/\"},{\"@type\":\"ListItem\",\"position\":3,\"name\":\"Davidoff Punch Cutter Duocut argent\"}]},{\"@type\":\"WebSite\",\"@id\":\"https:\/\/www.tabakversand.ch\/#website\",\"url\":\"https:\/\/www.tabakversand.ch\/\",\"name\":\"Tabakversand.ch | Alles aus der Welt des Tabaks\",\"description\":\"Smoke and carpe diem\",\"potentialAction\":[{\"@type\":\"SearchAction\",\"target\":{\"@type\":\"EntryPoint\",\"urlTemplate\":\"https:\/\/www.tabakversand.ch\/?s={search_term_string}\"},\"query-input\":{\"@type\":\"PropertyValueSpecification\",\"valueRequired\":true,\"valueName\":\"search_term_string\"}}],\"inLanguage\":\"fr-FR\"}]}<\/script>\n<!-- \/ Yoast SEO plugin. -->","yoast_head_json":{"title":"Davidoff Punch Cutter Duocut argent - Tabakversand.ch | Alles aus der Welt des Tabaks","description":"Davidoff Emporte-pi\u00e8ce Duocut argent | Le plus grand choix de produits du tabac en Suisse | Toutes cartes accept\u00e9es !","robots":{"index":"index","follow":"follow","max-snippet":"max-snippet:-1","max-image-preview":"max-image-preview:large","max-video-preview":"max-video-preview:-1"},"canonical":"https:\/\/www.tabakversand.ch\/fr\/produit\/davidoff-punch-cutter-duocut-argent\/","og_locale":"fr_FR","og_type":"article","og_title":"Davidoff Punch Cutter Duocut argent - Tabakversand.ch | Alles aus der Welt des Tabaks","og_description":"Davidoff Emporte-pi\u00e8ce Duocut argent | Le plus grand choix de produits du tabac en Suisse | Toutes cartes accept\u00e9es !","og_url":"https:\/\/www.tabakversand.ch\/fr\/produit\/davidoff-punch-cutter-duocut-argent\/","og_site_name":"Tabakversand.ch | Alles aus der Welt des Tabaks","article_modified_time":"2025-09-12T14:42:44+00:00","og_image":[{"width":500,"height":500,"url":"https:\/\/www.tabakversand.ch\/wp-content\/uploads\/2022\/03\/davidoff-punch-cutter-stainless-steel-brushed-silver-100128.jpg","type":"image\/jpeg"}],"twitter_card":"summary_large_image","twitter_misc":{"Dur\u00e9e de lecture estim\u00e9e":"1 minute"},"schema":{"@context":"https:\/\/schema.org","@graph":[{"@type":"WebPage","@id":"https:\/\/www.tabakversand.ch\/fr\/produit\/davidoff-punch-cutter-duocut-argent\/","url":"https:\/\/www.tabakversand.ch\/fr\/produit\/davidoff-punch-cutter-duocut-argent\/","name":"Davidoff Punch Cutter Duocut argent - Tabakversand.ch | Alles aus der Welt des Tabaks","isPartOf":{"@id":"https:\/\/www.tabakversand.ch\/#website"},"primaryImageOfPage":{"@id":"https:\/\/www.tabakversand.ch\/fr\/produit\/davidoff-punch-cutter-duocut-argent\/#primaryimage"},"image":{"@id":"https:\/\/www.tabakversand.ch\/fr\/produit\/davidoff-punch-cutter-duocut-argent\/#primaryimage"},"thumbnailUrl":"https:\/\/www.tabakversand.ch\/wp-content\/uploads\/2022\/03\/davidoff-punch-cutter-stainless-steel-brushed-silver-100128.jpg","datePublished":"2022-04-02T09:02:18+00:00","dateModified":"2025-09-12T14:42:44+00:00","description":"Davidoff Emporte-pi\u00e8ce Duocut argent | Le plus grand choix de produits du tabac en Suisse | Toutes cartes accept\u00e9es !","breadcrumb":{"@id":"https:\/\/www.tabakversand.ch\/fr\/produit\/davidoff-punch-cutter-duocut-argent\/#breadcrumb"},"inLanguage":"fr-FR","potentialAction":[{"@type":"ReadAction","target":["https:\/\/www.tabakversand.ch\/fr\/produit\/davidoff-punch-cutter-duocut-argent\/"]}]},{"@type":"ImageObject","inLanguage":"fr-FR","@id":"https:\/\/www.tabakversand.ch\/fr\/produit\/davidoff-punch-cutter-duocut-argent\/#primaryimage","url":"https:\/\/www.tabakversand.ch\/wp-content\/uploads\/2022\/03\/davidoff-punch-cutter-stainless-steel-brushed-silver-100128.jpg","contentUrl":"https:\/\/www.tabakversand.ch\/wp-content\/uploads\/2022\/03\/davidoff-punch-cutter-stainless-steel-brushed-silver-100128.jpg","width":500,"height":500,"caption":"Davidoff Punch Cutter Duocut argent"},{"@type":"BreadcrumbList","@id":"https:\/\/www.tabakversand.ch\/fr\/produit\/davidoff-punch-cutter-duocut-argent\/#breadcrumb","itemListElement":[{"@type":"ListItem","position":1,"name":"Startseite","item":"https:\/\/www.tabakversand.ch\/"},{"@type":"ListItem","position":2,"name":"Boutique","item":"https:\/\/www.tabakversand.ch\/fr\/boutique\/"},{"@type":"ListItem","position":3,"name":"Davidoff Punch Cutter Duocut argent"}]},{"@type":"WebSite","@id":"https:\/\/www.tabakversand.ch\/#website","url":"https:\/\/www.tabakversand.ch\/","name":"Tabakversand.ch | Alles aus der Welt des Tabaks","description":"Smoke and carpe diem","potentialAction":[{"@type":"SearchAction","target":{"@type":"EntryPoint","urlTemplate":"https:\/\/www.tabakversand.ch\/?s={search_term_string}"},"query-input":{"@type":"PropertyValueSpecification","valueRequired":true,"valueName":"search_term_string"}}],"inLanguage":"fr-FR"}]}},"_links":{"self":[{"href":"https:\/\/www.tabakversand.ch\/fr\/wp-json\/wp\/v2\/product\/69761","targetHints":{"allow":["GET"]}}],"collection":[{"href":"https:\/\/www.tabakversand.ch\/fr\/wp-json\/wp\/v2\/product"}],"about":[{"href":"https:\/\/www.tabakversand.ch\/fr\/wp-json\/wp\/v2\/types\/product"}],"version-history":[{"count":3,"href":"https:\/\/www.tabakversand.ch\/fr\/wp-json\/wp\/v2\/product\/69761\/revisions"}],"predecessor-version":[{"id":194561,"href":"https:\/\/www.tabakversand.ch\/fr\/wp-json\/wp\/v2\/product\/69761\/revisions\/194561"}],"wp:featuredmedia":[{"embeddable":true,"href":"https:\/\/www.tabakversand.ch\/fr\/wp-json\/wp\/v2\/media\/69762"}],"wp:attachment":[{"href":"https:\/\/www.tabakversand.ch\/fr\/wp-json\/wp\/v2\/media?parent=69761"}],"wp:term":[{"taxonomy":"product_brand","embeddable":true,"href":"https:\/\/www.tabakversand.ch\/fr\/wp-json\/wp\/v2\/product_brand?post=69761"},{"taxonomy":"product_cat","embeddable":true,"href":"https:\/\/www.tabakversand.ch\/fr\/wp-json\/wp\/v2\/product_cat?post=69761"},{"taxonomy":"product_tag","embeddable":true,"href":"https:\/\/www.tabakversand.ch\/fr\/wp-json\/wp\/v2\/product_tag?post=69761"}],"curies":[{"name":"wp","href":"https:\/\/api.w.org\/{rel}","templated":true}]}}