{"id":69778,"date":"2022-04-02T11:02:03","date_gmt":"2022-04-02T09:02:03","guid":{"rendered":"http:\/\/www.tabakversand.ch\/produkt\/snuffmaster-lite-distributeur-de-tabac-a-priser\/"},"modified":"2025-12-12T09:31:04","modified_gmt":"2025-12-12T08:31:04","slug":"distributeur-de-tabac-a-priser-snuffmaster-lite","status":"publish","type":"product","link":"https:\/\/www.tabakversand.ch\/fr\/produit\/distributeur-de-tabac-a-priser-snuffmaster-lite\/","title":{"rendered":"Snuffmaster Lite Distributeur de tabac \u00e0 priser"},"content":{"rendered":"<h1>Snuffmaster Lite Distributeur de tabac \u00e0 priser<\/h1>\n<p>Le Snuffmaster est une machine \u00e0 priser, une tabati\u00e8re et un distributeur de tabac \u00e0 priser dans un seul appareil pratique. \u00c0 peine plus grand qu\u2019une bo\u00eete moyenne de tabac \u00e0 priser, en plastique ABS.<\/p>\n<p>Tous les prix s&rsquo;appliquent uniquement aux commandes en ligne et incluent la TVA. Sous r\u00e9serve de modifications sans pr\u00e9avis, frais de livraison en sus. Sous r\u00e9serve d&rsquo;erreurs, de modifications de contenu de livraison et de conception, de fautes d&rsquo;impression et de modifications de prix. Les prix barr\u00e9s sont des prix de remplacement. Les illustrations peuvent diff\u00e9rer de l&rsquo;original\/du contenu de livraison.<br \/>\n*Livraison gratuite pour les commandes sup\u00e9rieures \u00e0 CHF 250.-.<\/p>\n","protected":false},"excerpt":{"rendered":"<p>Snuffmaster Lite Distributeur de tabac \u00e0 priser Le Snuffmaster est une machine \u00e0 priser, une tabati\u00e8re et un distributeur de tabac \u00e0 priser dans un seul appareil pratique. \u00c0 peine plus grand qu\u2019une bo\u00eete moyenne de tabac \u00e0 priser, en plastique ABS. Tous les prix s&rsquo;appliquent uniquement aux commandes en ligne et incluent la TVA. [&hellip;]<\/p>\n","protected":false},"featured_media":69782,"template":"","meta":[],"product_brand":[],"product_cat":[2109,1888,1951],"product_tag":[],"class_list":{"0":"post-69778","1":"product","2":"type-product","3":"status-publish","4":"has-post-thumbnail","6":"product_cat-accessoires-de-tabac-a-priser","7":"product_cat-tabac","8":"product_cat-tabac-a-priser-et-accessoires","10":"first","11":"instock","12":"purchasable","13":"product-type-simple"},"yoast_head":"<!-- This site is optimized with the Yoast SEO plugin v27.0 - https:\/\/yoast.com\/product\/yoast-seo-wordpress\/ -->\n<title>Snuffmaster Lite Distributeur de tabac \u00e0 priser - Tabakversand.ch | Alles aus der Welt des Tabaks<\/title>\n<meta name=\"description\" content=\"Distributeur \u00e0 froid Snuffmaster Lite | La plus grande s\u00e9lection de produits du tabac de Suisse | Toutes les cartes sont accept\u00e9es!\" \/>\n<meta name=\"robots\" content=\"index, follow, max-snippet:-1, max-image-preview:large, max-video-preview:-1\" \/>\n<link rel=\"canonical\" href=\"https:\/\/www.tabakversand.ch\/fr\/produit\/distributeur-de-tabac-a-priser-snuffmaster-lite\/\" \/>\n<meta property=\"og:locale\" content=\"fr_FR\" \/>\n<meta property=\"og:type\" content=\"article\" \/>\n<meta property=\"og:title\" content=\"Snuffmaster Lite Distributeur de tabac \u00e0 priser - Tabakversand.ch | Alles aus der Welt des Tabaks\" \/>\n<meta property=\"og:description\" content=\"Distributeur \u00e0 froid Snuffmaster Lite | La plus grande s\u00e9lection de produits du tabac de Suisse | Toutes les cartes sont accept\u00e9es!\" \/>\n<meta property=\"og:url\" content=\"https:\/\/www.tabakversand.ch\/fr\/produit\/distributeur-de-tabac-a-priser-snuffmaster-lite\/\" \/>\n<meta property=\"og:site_name\" content=\"Tabakversand.ch | Alles aus der Welt des Tabaks\" \/>\n<meta property=\"article:modified_time\" content=\"2025-12-12T08:31:04+00:00\" \/>\n<meta property=\"og:image\" content=\"https:\/\/www.tabakversand.ch\/wp-content\/uploads\/2022\/03\/snuffmaster-lite.jpg\" \/>\n\t<meta property=\"og:image:width\" content=\"439\" \/>\n\t<meta property=\"og:image:height\" content=\"439\" \/>\n\t<meta property=\"og:image:type\" content=\"image\/jpeg\" \/>\n<meta name=\"twitter:card\" content=\"summary_large_image\" \/>\n<meta name=\"twitter:label1\" content=\"Dur\u00e9e de lecture estim\u00e9e\" \/>\n\t<meta name=\"twitter:data1\" content=\"1 minute\" \/>\n<script type=\"application\/ld+json\" class=\"yoast-schema-graph\">{\"@context\":\"https:\/\/schema.org\",\"@graph\":[{\"@type\":\"WebPage\",\"@id\":\"https:\/\/www.tabakversand.ch\/fr\/produit\/distributeur-de-tabac-a-priser-snuffmaster-lite\/\",\"url\":\"https:\/\/www.tabakversand.ch\/fr\/produit\/distributeur-de-tabac-a-priser-snuffmaster-lite\/\",\"name\":\"Snuffmaster Lite Distributeur de tabac \u00e0 priser - Tabakversand.ch | Alles aus der Welt des Tabaks\",\"isPartOf\":{\"@id\":\"https:\/\/www.tabakversand.ch\/#website\"},\"primaryImageOfPage\":{\"@id\":\"https:\/\/www.tabakversand.ch\/fr\/produit\/distributeur-de-tabac-a-priser-snuffmaster-lite\/#primaryimage\"},\"image\":{\"@id\":\"https:\/\/www.tabakversand.ch\/fr\/produit\/distributeur-de-tabac-a-priser-snuffmaster-lite\/#primaryimage\"},\"thumbnailUrl\":\"https:\/\/www.tabakversand.ch\/wp-content\/uploads\/2022\/03\/snuffmaster-lite.jpg\",\"datePublished\":\"2022-04-02T09:02:03+00:00\",\"dateModified\":\"2025-12-12T08:31:04+00:00\",\"description\":\"Distributeur \u00e0 froid Snuffmaster Lite | La plus grande s\u00e9lection de produits du tabac de Suisse | Toutes les cartes sont accept\u00e9es!\",\"breadcrumb\":{\"@id\":\"https:\/\/www.tabakversand.ch\/fr\/produit\/distributeur-de-tabac-a-priser-snuffmaster-lite\/#breadcrumb\"},\"inLanguage\":\"fr-FR\",\"potentialAction\":[{\"@type\":\"ReadAction\",\"target\":[\"https:\/\/www.tabakversand.ch\/fr\/produit\/distributeur-de-tabac-a-priser-snuffmaster-lite\/\"]}]},{\"@type\":\"ImageObject\",\"inLanguage\":\"fr-FR\",\"@id\":\"https:\/\/www.tabakversand.ch\/fr\/produit\/distributeur-de-tabac-a-priser-snuffmaster-lite\/#primaryimage\",\"url\":\"https:\/\/www.tabakversand.ch\/wp-content\/uploads\/2022\/03\/snuffmaster-lite.jpg\",\"contentUrl\":\"https:\/\/www.tabakversand.ch\/wp-content\/uploads\/2022\/03\/snuffmaster-lite.jpg\",\"width\":439,\"height\":439,\"caption\":\"Snuffmaster Lite Distributeur de tabac \u00e0 priser\"},{\"@type\":\"BreadcrumbList\",\"@id\":\"https:\/\/www.tabakversand.ch\/fr\/produit\/distributeur-de-tabac-a-priser-snuffmaster-lite\/#breadcrumb\",\"itemListElement\":[{\"@type\":\"ListItem\",\"position\":1,\"name\":\"Startseite\",\"item\":\"https:\/\/www.tabakversand.ch\/\"},{\"@type\":\"ListItem\",\"position\":2,\"name\":\"Boutique\",\"item\":\"https:\/\/www.tabakversand.ch\/fr\/boutique\/\"},{\"@type\":\"ListItem\",\"position\":3,\"name\":\"Snuffmaster Lite Distributeur de tabac \u00e0 priser\"}]},{\"@type\":\"WebSite\",\"@id\":\"https:\/\/www.tabakversand.ch\/#website\",\"url\":\"https:\/\/www.tabakversand.ch\/\",\"name\":\"Tabakversand.ch | Alles aus der Welt des Tabaks\",\"description\":\"Smoke and carpe diem\",\"potentialAction\":[{\"@type\":\"SearchAction\",\"target\":{\"@type\":\"EntryPoint\",\"urlTemplate\":\"https:\/\/www.tabakversand.ch\/?s={search_term_string}\"},\"query-input\":{\"@type\":\"PropertyValueSpecification\",\"valueRequired\":true,\"valueName\":\"search_term_string\"}}],\"inLanguage\":\"fr-FR\"}]}<\/script>\n<!-- \/ Yoast SEO plugin. -->","yoast_head_json":{"title":"Snuffmaster Lite Distributeur de tabac \u00e0 priser - Tabakversand.ch | Alles aus der Welt des Tabaks","description":"Distributeur \u00e0 froid Snuffmaster Lite | La plus grande s\u00e9lection de produits du tabac de Suisse | Toutes les cartes sont accept\u00e9es!","robots":{"index":"index","follow":"follow","max-snippet":"max-snippet:-1","max-image-preview":"max-image-preview:large","max-video-preview":"max-video-preview:-1"},"canonical":"https:\/\/www.tabakversand.ch\/fr\/produit\/distributeur-de-tabac-a-priser-snuffmaster-lite\/","og_locale":"fr_FR","og_type":"article","og_title":"Snuffmaster Lite Distributeur de tabac \u00e0 priser - Tabakversand.ch | Alles aus der Welt des Tabaks","og_description":"Distributeur \u00e0 froid Snuffmaster Lite | La plus grande s\u00e9lection de produits du tabac de Suisse | Toutes les cartes sont accept\u00e9es!","og_url":"https:\/\/www.tabakversand.ch\/fr\/produit\/distributeur-de-tabac-a-priser-snuffmaster-lite\/","og_site_name":"Tabakversand.ch | Alles aus der Welt des Tabaks","article_modified_time":"2025-12-12T08:31:04+00:00","og_image":[{"width":439,"height":439,"url":"https:\/\/www.tabakversand.ch\/wp-content\/uploads\/2022\/03\/snuffmaster-lite.jpg","type":"image\/jpeg"}],"twitter_card":"summary_large_image","twitter_misc":{"Dur\u00e9e de lecture estim\u00e9e":"1 minute"},"schema":{"@context":"https:\/\/schema.org","@graph":[{"@type":"WebPage","@id":"https:\/\/www.tabakversand.ch\/fr\/produit\/distributeur-de-tabac-a-priser-snuffmaster-lite\/","url":"https:\/\/www.tabakversand.ch\/fr\/produit\/distributeur-de-tabac-a-priser-snuffmaster-lite\/","name":"Snuffmaster Lite Distributeur de tabac \u00e0 priser - Tabakversand.ch | Alles aus der Welt des Tabaks","isPartOf":{"@id":"https:\/\/www.tabakversand.ch\/#website"},"primaryImageOfPage":{"@id":"https:\/\/www.tabakversand.ch\/fr\/produit\/distributeur-de-tabac-a-priser-snuffmaster-lite\/#primaryimage"},"image":{"@id":"https:\/\/www.tabakversand.ch\/fr\/produit\/distributeur-de-tabac-a-priser-snuffmaster-lite\/#primaryimage"},"thumbnailUrl":"https:\/\/www.tabakversand.ch\/wp-content\/uploads\/2022\/03\/snuffmaster-lite.jpg","datePublished":"2022-04-02T09:02:03+00:00","dateModified":"2025-12-12T08:31:04+00:00","description":"Distributeur \u00e0 froid Snuffmaster Lite | La plus grande s\u00e9lection de produits du tabac de Suisse | Toutes les cartes sont accept\u00e9es!","breadcrumb":{"@id":"https:\/\/www.tabakversand.ch\/fr\/produit\/distributeur-de-tabac-a-priser-snuffmaster-lite\/#breadcrumb"},"inLanguage":"fr-FR","potentialAction":[{"@type":"ReadAction","target":["https:\/\/www.tabakversand.ch\/fr\/produit\/distributeur-de-tabac-a-priser-snuffmaster-lite\/"]}]},{"@type":"ImageObject","inLanguage":"fr-FR","@id":"https:\/\/www.tabakversand.ch\/fr\/produit\/distributeur-de-tabac-a-priser-snuffmaster-lite\/#primaryimage","url":"https:\/\/www.tabakversand.ch\/wp-content\/uploads\/2022\/03\/snuffmaster-lite.jpg","contentUrl":"https:\/\/www.tabakversand.ch\/wp-content\/uploads\/2022\/03\/snuffmaster-lite.jpg","width":439,"height":439,"caption":"Snuffmaster Lite Distributeur de tabac \u00e0 priser"},{"@type":"BreadcrumbList","@id":"https:\/\/www.tabakversand.ch\/fr\/produit\/distributeur-de-tabac-a-priser-snuffmaster-lite\/#breadcrumb","itemListElement":[{"@type":"ListItem","position":1,"name":"Startseite","item":"https:\/\/www.tabakversand.ch\/"},{"@type":"ListItem","position":2,"name":"Boutique","item":"https:\/\/www.tabakversand.ch\/fr\/boutique\/"},{"@type":"ListItem","position":3,"name":"Snuffmaster Lite Distributeur de tabac \u00e0 priser"}]},{"@type":"WebSite","@id":"https:\/\/www.tabakversand.ch\/#website","url":"https:\/\/www.tabakversand.ch\/","name":"Tabakversand.ch | Alles aus der Welt des Tabaks","description":"Smoke and carpe diem","potentialAction":[{"@type":"SearchAction","target":{"@type":"EntryPoint","urlTemplate":"https:\/\/www.tabakversand.ch\/?s={search_term_string}"},"query-input":{"@type":"PropertyValueSpecification","valueRequired":true,"valueName":"search_term_string"}}],"inLanguage":"fr-FR"}]}},"_links":{"self":[{"href":"https:\/\/www.tabakversand.ch\/fr\/wp-json\/wp\/v2\/product\/69778","targetHints":{"allow":["GET"]}}],"collection":[{"href":"https:\/\/www.tabakversand.ch\/fr\/wp-json\/wp\/v2\/product"}],"about":[{"href":"https:\/\/www.tabakversand.ch\/fr\/wp-json\/wp\/v2\/types\/product"}],"version-history":[{"count":2,"href":"https:\/\/www.tabakversand.ch\/fr\/wp-json\/wp\/v2\/product\/69778\/revisions"}],"predecessor-version":[{"id":207662,"href":"https:\/\/www.tabakversand.ch\/fr\/wp-json\/wp\/v2\/product\/69778\/revisions\/207662"}],"wp:featuredmedia":[{"embeddable":true,"href":"https:\/\/www.tabakversand.ch\/fr\/wp-json\/wp\/v2\/media\/69782"}],"wp:attachment":[{"href":"https:\/\/www.tabakversand.ch\/fr\/wp-json\/wp\/v2\/media?parent=69778"}],"wp:term":[{"taxonomy":"product_brand","embeddable":true,"href":"https:\/\/www.tabakversand.ch\/fr\/wp-json\/wp\/v2\/product_brand?post=69778"},{"taxonomy":"product_cat","embeddable":true,"href":"https:\/\/www.tabakversand.ch\/fr\/wp-json\/wp\/v2\/product_cat?post=69778"},{"taxonomy":"product_tag","embeddable":true,"href":"https:\/\/www.tabakversand.ch\/fr\/wp-json\/wp\/v2\/product_tag?post=69778"}],"curies":[{"name":"wp","href":"https:\/\/api.w.org\/{rel}","templated":true}]}}