{"id":69930,"date":"2022-04-02T11:00:55","date_gmt":"2022-04-02T09:00:55","guid":{"rendered":"http:\/\/www.tabakversand.ch\/produkt\/mc-chrystal-original-21gr-tabac-a-priser-schnupftabak\/"},"modified":"2026-04-23T13:45:33","modified_gmt":"2026-04-23T11:45:33","slug":"loriginal-de-mcchrystal","status":"publish","type":"product","link":"https:\/\/www.tabakversand.ch\/fr\/produit\/loriginal-de-mcchrystal\/","title":{"rendered":"L&rsquo;original de McChrystal"},"content":{"rendered":"<h3>Tabac \u00e0 priser original Mc Chrystal \u2013 Tabac \u00e0 priser classique au menthol et \u00e0 l&rsquo;eucalyptus<\/h3>\n<p>Le tabac \u00e0 priser McChrystal&rsquo;s Original est un classique intemporel qui, depuis plus de 80 ans, est synonyme de qualit\u00e9 constante et de fra\u00eecheur sans compromis. Sa recette originale, \u00e9prouv\u00e9e et test\u00e9e, associe un menthol puissant \u00e0 l&rsquo;eucalyptus rafra\u00eechissant, offrant une exp\u00e9rience de prise intense et pure qui revigore et aiguise instantan\u00e9ment les sens. <\/p>\n<h5>Fra\u00eecheur intense du menthol \u00e0 effet imm\u00e9diat<\/h5>\n<p>Sa forte teneur en menthol procure une fra\u00eecheur imm\u00e9diate et intense lorsqu&rsquo;il est utilis\u00e9 en prise. Il offre un effet puissant et stimulant particuli\u00e8rement appr\u00e9ci\u00e9 des amateurs de tabacs \u00e0 priser cors\u00e9s. <\/p>\n<h5>Eucalyptus pour des notes claires et apaisantes<\/h5>\n<p>La subtile note d&rsquo;eucalyptus compl\u00e8te \u00e0 merveille le menthol, apportant \u00e0 l&rsquo;ar\u00f4me une fra\u00eecheur naturelle et l\u00e9g\u00e8rement m\u00e9dicinale. Il en r\u00e9sulte un \u00e9quilibre parfait qui garantit clart\u00e9 et une sensation de fra\u00eecheur intense. <\/p>\n<h5>Une tradition vieille de plus de 80 ans \u2013 recette inchang\u00e9e<\/h5>\n<p>Le tabac \u00e0 priser McChrystal&rsquo;s Original est \u00e9labor\u00e9 selon une recette ancestrale inchang\u00e9e depuis des d\u00e9cennies. Des ingr\u00e9dients naturels soigneusement s\u00e9lectionn\u00e9s garantissent une qualit\u00e9 constante et une exp\u00e9rience authentique. <\/p>\n<h5>Finement moulu et intense de caract\u00e8re<\/h5>\n<p>Sa mouture fine permet une utilisation facile et une diffusion constante des ar\u00f4mes. Ce tabac \u00e0 priser est intense mais \u00e9quilibr\u00e9&nbsp;; il convient aussi bien aux consommateurs exp\u00e9riment\u00e9s qu\u2019aux d\u00e9butants qui appr\u00e9cient les saveurs prononc\u00e9es. <\/p>\n<h5>Trois tailles pour r\u00e9pondre \u00e0 tous les besoins (4,4 g \/ 10 g \/ 21 g)<\/h5>\n<p>Que ce soit en format compact pour les d\u00e9placements ou pour un usage quotidien, McChrystal&rsquo;s Original est disponible en trois formats pratiques. Ainsi, vous avez toujours la quantit\u00e9 adapt\u00e9e \u00e0 vos besoins. <\/p>\n<p>Le tabac \u00e0 priser Mc Chrystal&rsquo;s Original est un v\u00e9ritable classique pour tous ceux qui appr\u00e9cient un go\u00fbt de menthol fort et authentique avec une note d&rsquo;eucalyptus rafra\u00eechissante \u2013 intemporel, intense et fiable.<\/p>\n<p>Chez tabakversand.ch, vous recevez le tabac \u00e0 priser Mc Chrystal&rsquo;s fra\u00eechement conserv\u00e9 dans son emballage d&rsquo;origine. Un stockage soign\u00e9 garantit une pr\u00e9servation optimale de son ar\u00f4me, de son humidit\u00e9 et de sa qualit\u00e9 jusqu&rsquo;\u00e0 l&rsquo;exp\u00e9dition. Gr\u00e2ce \u00e0 une livraison rapide en Suisse, votre tabac \u00e0 priser arrive g\u00e9n\u00e9ralement tr\u00e8s vite.  <\/p>\n<p>Pour plus d&rsquo;informations sur le fabricant Mc Chrystal&rsquo;s, veuillez consulter son site web officiel&nbsp;: <a href=\"https:\/\/mcchrystals.co.uk\/\">cliquez ici<\/a> . Pour toute question concernant le produit, n&rsquo;h\u00e9sitez pas \u00e0 nous contacter&nbsp;: <a href=\"https:\/\/www.tabakversand.ch\/kontakt\/\">cliquez ici<\/a> . <\/p>\n<p>Tous les prix indiqu\u00e9s sont valables uniquement pour les commandes en ligne, TVA incluse, et peuvent \u00eatre modifi\u00e9s sans pr\u00e9avis. Les frais de port sont en sus.   Sous r\u00e9serve d&rsquo;erreurs, de modifications de l&rsquo;\u00e9tendue de la livraison et de la conception, d&rsquo;erreurs d&rsquo;impression et de modifications de prix. Les prix barr\u00e9s sont plut\u00f4t des prix. L&rsquo;illustration peut diff\u00e9rer de l&rsquo;original\/de l&rsquo;\u00e9tendue de la livraison.<br \/>\n*Livraison gratuite pour les commandes sup\u00e9rieures \u00e0 CHF 250.-.<\/p>\n","protected":false},"excerpt":{"rendered":"<p>Tabac \u00e0 priser original Mc Chrystal \u2013 Tabac \u00e0 priser classique au menthol et \u00e0 l&rsquo;eucalyptus Le tabac \u00e0 priser McChrystal&rsquo;s Original est un classique intemporel qui, depuis plus de 80 ans, est synonyme de qualit\u00e9 constante et de fra\u00eecheur sans compromis. Sa recette originale, \u00e9prouv\u00e9e et test\u00e9e, associe un menthol puissant \u00e0 l&rsquo;eucalyptus rafra\u00eechissant, [&hellip;]<\/p>\n","protected":false},"featured_media":69931,"template":"","meta":[],"product_brand":[1526],"product_cat":[1888,1951,1950],"product_tag":[],"class_list":{"0":"post-69930","1":"product","2":"type-product","3":"status-publish","4":"has-post-thumbnail","6":"product_brand-mc-chrystals-schnupftabak","7":"product_cat-tabac","8":"product_cat-tabac-a-priser-et-accessoires","9":"product_cat-tabac-a-priser-schnupftabak","10":"pa_tabak-huelsen-10-gr","11":"pa_tabak-huelsen-21-gr","12":"pa_tabak-huelsen-4-4-gr","14":"first","15":"onbackorder","16":"purchasable","17":"product-type-variable"},"yoast_head":"<!-- This site is optimized with the Yoast SEO plugin v27.5 - https:\/\/yoast.com\/product\/yoast-seo-wordpress\/ -->\n<title>Le tabac \u00e0 priser original McChrystal \u2013 Menthol Eucalyptus Classique<\/title>\n<meta name=\"description\" content=\"McChrystal&#039;s Original \u2013 Tabac \u00e0 priser classique au menthol et \u00e0 l&#039;eucalyptus. Fra\u00eecheur intense, recette \u00e9prouv\u00e9e depuis plus de 80 ans.\" \/>\n<meta name=\"robots\" content=\"index, follow, max-snippet:-1, max-image-preview:large, max-video-preview:-1\" \/>\n<link rel=\"canonical\" href=\"https:\/\/www.tabakversand.ch\/fr\/produit\/loriginal-de-mcchrystal\/\" \/>\n<meta property=\"og:locale\" content=\"fr_FR\" \/>\n<meta property=\"og:type\" content=\"article\" \/>\n<meta property=\"og:title\" content=\"Le tabac \u00e0 priser original McChrystal \u2013 Menthol Eucalyptus Classique\" \/>\n<meta property=\"og:description\" content=\"McChrystal&#039;s Original \u2013 Tabac \u00e0 priser classique au menthol et \u00e0 l&#039;eucalyptus. Fra\u00eecheur intense, recette \u00e9prouv\u00e9e depuis plus de 80 ans.\" \/>\n<meta property=\"og:url\" content=\"https:\/\/www.tabakversand.ch\/fr\/produit\/loriginal-de-mcchrystal\/\" \/>\n<meta property=\"og:site_name\" content=\"Tabakversand.ch | Alles aus der Welt des Tabaks\" \/>\n<meta property=\"article:modified_time\" content=\"2026-04-23T11:45:33+00:00\" \/>\n<meta property=\"og:image\" content=\"https:\/\/www.tabakversand.ch\/wp-content\/uploads\/2022\/03\/mc-chrystals-original-21-snuff.jpg\" \/>\n\t<meta property=\"og:image:width\" content=\"500\" \/>\n\t<meta property=\"og:image:height\" content=\"500\" \/>\n\t<meta property=\"og:image:type\" content=\"image\/jpeg\" \/>\n<meta name=\"twitter:card\" content=\"summary_large_image\" \/>\n<meta name=\"twitter:label1\" content=\"Dur\u00e9e de lecture estim\u00e9e\" \/>\n\t<meta name=\"twitter:data1\" content=\"2 minutes\" \/>\n<script type=\"application\/ld+json\" class=\"yoast-schema-graph\">{\"@context\":\"https:\\\/\\\/schema.org\",\"@graph\":[{\"@type\":\"WebPage\",\"@id\":\"https:\\\/\\\/www.tabakversand.ch\\\/fr\\\/produit\\\/loriginal-de-mcchrystal\\\/\",\"url\":\"https:\\\/\\\/www.tabakversand.ch\\\/fr\\\/produit\\\/loriginal-de-mcchrystal\\\/\",\"name\":\"Le tabac \u00e0 priser original McChrystal \u2013 Menthol Eucalyptus Classique\",\"isPartOf\":{\"@id\":\"https:\\\/\\\/www.tabakversand.ch\\\/#website\"},\"primaryImageOfPage\":{\"@id\":\"https:\\\/\\\/www.tabakversand.ch\\\/fr\\\/produit\\\/loriginal-de-mcchrystal\\\/#primaryimage\"},\"image\":{\"@id\":\"https:\\\/\\\/www.tabakversand.ch\\\/fr\\\/produit\\\/loriginal-de-mcchrystal\\\/#primaryimage\"},\"thumbnailUrl\":\"https:\\\/\\\/www.tabakversand.ch\\\/wp-content\\\/uploads\\\/2022\\\/03\\\/mc-chrystals-original-21-snuff.jpg\",\"datePublished\":\"2022-04-02T09:00:55+00:00\",\"dateModified\":\"2026-04-23T11:45:33+00:00\",\"description\":\"McChrystal's Original \u2013 Tabac \u00e0 priser classique au menthol et \u00e0 l'eucalyptus. Fra\u00eecheur intense, recette \u00e9prouv\u00e9e depuis plus de 80 ans.\",\"breadcrumb\":{\"@id\":\"https:\\\/\\\/www.tabakversand.ch\\\/fr\\\/produit\\\/loriginal-de-mcchrystal\\\/#breadcrumb\"},\"inLanguage\":\"fr-FR\",\"potentialAction\":[{\"@type\":\"ReadAction\",\"target\":[\"https:\\\/\\\/www.tabakversand.ch\\\/fr\\\/produit\\\/loriginal-de-mcchrystal\\\/\"]}]},{\"@type\":\"ImageObject\",\"inLanguage\":\"fr-FR\",\"@id\":\"https:\\\/\\\/www.tabakversand.ch\\\/fr\\\/produit\\\/loriginal-de-mcchrystal\\\/#primaryimage\",\"url\":\"https:\\\/\\\/www.tabakversand.ch\\\/wp-content\\\/uploads\\\/2022\\\/03\\\/mc-chrystals-original-21-snuff.jpg\",\"contentUrl\":\"https:\\\/\\\/www.tabakversand.ch\\\/wp-content\\\/uploads\\\/2022\\\/03\\\/mc-chrystals-original-21-snuff.jpg\",\"width\":500,\"height\":500,\"caption\":\"Mc Chrystal Original 21gr. tabac \u00e0 priser | tabakversand.ch\"},{\"@type\":\"BreadcrumbList\",\"@id\":\"https:\\\/\\\/www.tabakversand.ch\\\/fr\\\/produit\\\/loriginal-de-mcchrystal\\\/#breadcrumb\",\"itemListElement\":[{\"@type\":\"ListItem\",\"position\":1,\"name\":\"Startseite\",\"item\":\"https:\\\/\\\/www.tabakversand.ch\\\/\"},{\"@type\":\"ListItem\",\"position\":2,\"name\":\"Boutique\",\"item\":\"https:\\\/\\\/www.tabakversand.ch\\\/fr\\\/boutique\\\/\"},{\"@type\":\"ListItem\",\"position\":3,\"name\":\"L'original de McChrystal\"}]},{\"@type\":\"WebSite\",\"@id\":\"https:\\\/\\\/www.tabakversand.ch\\\/#website\",\"url\":\"https:\\\/\\\/www.tabakversand.ch\\\/\",\"name\":\"Tabakversand.ch | Alles aus der Welt des Tabaks\",\"description\":\"Smoke and carpe diem\",\"potentialAction\":[{\"@type\":\"SearchAction\",\"target\":{\"@type\":\"EntryPoint\",\"urlTemplate\":\"https:\\\/\\\/www.tabakversand.ch\\\/?s={search_term_string}\"},\"query-input\":{\"@type\":\"PropertyValueSpecification\",\"valueRequired\":true,\"valueName\":\"search_term_string\"}}],\"inLanguage\":\"fr-FR\"}]}<\/script>\n<!-- \/ Yoast SEO plugin. -->","yoast_head_json":{"title":"Le tabac \u00e0 priser original McChrystal \u2013 Menthol Eucalyptus Classique","description":"McChrystal's Original \u2013 Tabac \u00e0 priser classique au menthol et \u00e0 l'eucalyptus. Fra\u00eecheur intense, recette \u00e9prouv\u00e9e depuis plus de 80 ans.","robots":{"index":"index","follow":"follow","max-snippet":"max-snippet:-1","max-image-preview":"max-image-preview:large","max-video-preview":"max-video-preview:-1"},"canonical":"https:\/\/www.tabakversand.ch\/fr\/produit\/loriginal-de-mcchrystal\/","og_locale":"fr_FR","og_type":"article","og_title":"Le tabac \u00e0 priser original McChrystal \u2013 Menthol Eucalyptus Classique","og_description":"McChrystal's Original \u2013 Tabac \u00e0 priser classique au menthol et \u00e0 l'eucalyptus. Fra\u00eecheur intense, recette \u00e9prouv\u00e9e depuis plus de 80 ans.","og_url":"https:\/\/www.tabakversand.ch\/fr\/produit\/loriginal-de-mcchrystal\/","og_site_name":"Tabakversand.ch | Alles aus der Welt des Tabaks","article_modified_time":"2026-04-23T11:45:33+00:00","og_image":[{"width":500,"height":500,"url":"https:\/\/www.tabakversand.ch\/wp-content\/uploads\/2022\/03\/mc-chrystals-original-21-snuff.jpg","type":"image\/jpeg"}],"twitter_card":"summary_large_image","twitter_misc":{"Dur\u00e9e de lecture estim\u00e9e":"2 minutes"},"schema":{"@context":"https:\/\/schema.org","@graph":[{"@type":"WebPage","@id":"https:\/\/www.tabakversand.ch\/fr\/produit\/loriginal-de-mcchrystal\/","url":"https:\/\/www.tabakversand.ch\/fr\/produit\/loriginal-de-mcchrystal\/","name":"Le tabac \u00e0 priser original McChrystal \u2013 Menthol Eucalyptus Classique","isPartOf":{"@id":"https:\/\/www.tabakversand.ch\/#website"},"primaryImageOfPage":{"@id":"https:\/\/www.tabakversand.ch\/fr\/produit\/loriginal-de-mcchrystal\/#primaryimage"},"image":{"@id":"https:\/\/www.tabakversand.ch\/fr\/produit\/loriginal-de-mcchrystal\/#primaryimage"},"thumbnailUrl":"https:\/\/www.tabakversand.ch\/wp-content\/uploads\/2022\/03\/mc-chrystals-original-21-snuff.jpg","datePublished":"2022-04-02T09:00:55+00:00","dateModified":"2026-04-23T11:45:33+00:00","description":"McChrystal's Original \u2013 Tabac \u00e0 priser classique au menthol et \u00e0 l'eucalyptus. Fra\u00eecheur intense, recette \u00e9prouv\u00e9e depuis plus de 80 ans.","breadcrumb":{"@id":"https:\/\/www.tabakversand.ch\/fr\/produit\/loriginal-de-mcchrystal\/#breadcrumb"},"inLanguage":"fr-FR","potentialAction":[{"@type":"ReadAction","target":["https:\/\/www.tabakversand.ch\/fr\/produit\/loriginal-de-mcchrystal\/"]}]},{"@type":"ImageObject","inLanguage":"fr-FR","@id":"https:\/\/www.tabakversand.ch\/fr\/produit\/loriginal-de-mcchrystal\/#primaryimage","url":"https:\/\/www.tabakversand.ch\/wp-content\/uploads\/2022\/03\/mc-chrystals-original-21-snuff.jpg","contentUrl":"https:\/\/www.tabakversand.ch\/wp-content\/uploads\/2022\/03\/mc-chrystals-original-21-snuff.jpg","width":500,"height":500,"caption":"Mc Chrystal Original 21gr. tabac \u00e0 priser | tabakversand.ch"},{"@type":"BreadcrumbList","@id":"https:\/\/www.tabakversand.ch\/fr\/produit\/loriginal-de-mcchrystal\/#breadcrumb","itemListElement":[{"@type":"ListItem","position":1,"name":"Startseite","item":"https:\/\/www.tabakversand.ch\/"},{"@type":"ListItem","position":2,"name":"Boutique","item":"https:\/\/www.tabakversand.ch\/fr\/boutique\/"},{"@type":"ListItem","position":3,"name":"L'original de McChrystal"}]},{"@type":"WebSite","@id":"https:\/\/www.tabakversand.ch\/#website","url":"https:\/\/www.tabakversand.ch\/","name":"Tabakversand.ch | Alles aus der Welt des Tabaks","description":"Smoke and carpe diem","potentialAction":[{"@type":"SearchAction","target":{"@type":"EntryPoint","urlTemplate":"https:\/\/www.tabakversand.ch\/?s={search_term_string}"},"query-input":{"@type":"PropertyValueSpecification","valueRequired":true,"valueName":"search_term_string"}}],"inLanguage":"fr-FR"}]}},"_links":{"self":[{"href":"https:\/\/www.tabakversand.ch\/fr\/wp-json\/wp\/v2\/product\/69930","targetHints":{"allow":["GET"]}}],"collection":[{"href":"https:\/\/www.tabakversand.ch\/fr\/wp-json\/wp\/v2\/product"}],"about":[{"href":"https:\/\/www.tabakversand.ch\/fr\/wp-json\/wp\/v2\/types\/product"}],"version-history":[{"count":7,"href":"https:\/\/www.tabakversand.ch\/fr\/wp-json\/wp\/v2\/product\/69930\/revisions"}],"predecessor-version":[{"id":218527,"href":"https:\/\/www.tabakversand.ch\/fr\/wp-json\/wp\/v2\/product\/69930\/revisions\/218527"}],"wp:featuredmedia":[{"embeddable":true,"href":"https:\/\/www.tabakversand.ch\/fr\/wp-json\/wp\/v2\/media\/69931"}],"wp:attachment":[{"href":"https:\/\/www.tabakversand.ch\/fr\/wp-json\/wp\/v2\/media?parent=69930"}],"wp:term":[{"taxonomy":"product_brand","embeddable":true,"href":"https:\/\/www.tabakversand.ch\/fr\/wp-json\/wp\/v2\/product_brand?post=69930"},{"taxonomy":"product_cat","embeddable":true,"href":"https:\/\/www.tabakversand.ch\/fr\/wp-json\/wp\/v2\/product_cat?post=69930"},{"taxonomy":"product_tag","embeddable":true,"href":"https:\/\/www.tabakversand.ch\/fr\/wp-json\/wp\/v2\/product_tag?post=69930"}],"curies":[{"name":"wp","href":"https:\/\/api.w.org\/{rel}","templated":true}]}}