{"id":70052,"date":"2022-04-02T11:00:55","date_gmt":"2022-04-02T09:00:55","guid":{"rendered":"http:\/\/www.tabakversand.ch\/produkt\/fred-original-blend-80gr-tabac-a-cigarettes\/"},"modified":"2026-05-12T09:33:11","modified_gmt":"2026-05-12T07:33:11","slug":"fred-original-blend-jaune","status":"publish","type":"product","link":"https:\/\/www.tabakversand.ch\/fr\/produit\/fred-original-blend-jaune\/","title":{"rendered":"Fred Original Blend jaune"},"content":{"rendered":"<p>Fred Original Blend jaune<\/p>\n<p>Saveur intense, qualit\u00e9 pure<\/p>\n<p>Le Fred Original Blend Jaune impressionne par sa saveur l\u00e9g\u00e8rement plus prononc\u00e9e et intense que le Special Blend Roses et s&rsquo;adresse aux fumeurs qui pr\u00e9f\u00e8rent un ar\u00f4me plus riche. Son m\u00e9lange de tabacs soigneusement \u00e9quilibr\u00e9 garantit une exp\u00e9rience de fumage expressive et harmonieuse. <\/p>\n<p>La bo\u00eete en m\u00e9tal pratique offre une protection optimale et une fra\u00eecheur longue dur\u00e9e&nbsp;:<\/p>\n<p>Caract\u00e9ristiques du produit&nbsp;:<\/p>\n<ul>\n<li>Plus prononc\u00e9 en go\u00fbt que le m\u00e9lange sp\u00e9cial<\/li>\n<li>Bo\u00eete scell\u00e9e \u2013 100 % herm\u00e9tique<\/li>\n<li>Contr\u00f4le int\u00e9gr\u00e9 de l&rsquo;humidit\u00e9 \u2013 pr\u00e9serve la fra\u00eecheur du tabac plus longtemps<\/li>\n<li>Sans additifs \u2013 100 % tabac pur<\/li>\n<\/ul>\n<p>Fred Original Blend est synonyme de plaisir intense et authentique du tabac, et de qualit\u00e9 fiable.<\/p>\n<p>Chez tabakversand.ch, vous recevez du tabac \u00e0 rouler et \u00e0 pipe Fred Original Blend jaune, fra\u00eechement conserv\u00e9 dans son emballage d&rsquo;origine. Un stockage soign\u00e9 garantit une pr\u00e9servation optimale de l&rsquo;ar\u00f4me, de l&rsquo;humidit\u00e9 et de la qualit\u00e9 jusqu&rsquo;\u00e0 l&rsquo;exp\u00e9dition. Gr\u00e2ce \u00e0 une livraison rapide en Suisse, votre tabac \u00e0 rouler vous parvient g\u00e9n\u00e9ralement sous peu.  <\/p>\n<p>Pour plus d&rsquo;informations sur le tabac \u00e0 rouler, veuillez consulter l&rsquo;article Wikip\u00e9dia correspondant&nbsp;: <a href=\"https:\/\/de.wikipedia.org\/wiki\/Shag_(Tabak)\">cliquez ici<\/a> . Si vous avez des questions concernant le produit, n&rsquo;h\u00e9sitez pas \u00e0 nous contacter&nbsp;: <a href=\"https:\/\/www.tabakversand.ch\/kontakt\/\">cliquez ici<\/a> . <\/p>\n<p>Tous les prix indiqu\u00e9s sont valables uniquement pour les commandes en ligne, TVA incluse, et peuvent \u00eatre modifi\u00e9s sans pr\u00e9avis. Les frais de port sont en sus.   Sous r\u00e9serve d&rsquo;erreurs, de modifications de l&rsquo;\u00e9tendue de la livraison et de la conception, d&rsquo;erreurs d&rsquo;impression et de modifications de prix. Les prix barr\u00e9s sont plut\u00f4t des prix. L&rsquo;illustration peut diff\u00e9rer de l&rsquo;original\/de l&rsquo;\u00e9tendue de la livraison.<br \/>\n*Livraison gratuite pour les commandes sup\u00e9rieures \u00e0 CHF 250.-.<\/p>\n","protected":false},"excerpt":{"rendered":"<p>Fred Original Blend jaune Saveur intense, qualit\u00e9 pure Le Fred Original Blend Jaune impressionne par sa saveur l\u00e9g\u00e8rement plus prononc\u00e9e et intense que le Special Blend Roses et s&rsquo;adresse aux fumeurs qui pr\u00e9f\u00e8rent un ar\u00f4me plus riche. Son m\u00e9lange de tabacs soigneusement \u00e9quilibr\u00e9 garantit une exp\u00e9rience de fumage expressive et harmonieuse. La bo\u00eete en m\u00e9tal [&hellip;]<\/p>\n","protected":false},"featured_media":213539,"template":"","meta":[],"product_brand":[],"product_cat":[1961,1888,1963,1964],"product_tag":[],"class_list":{"0":"post-70052","1":"product","2":"type-product","3":"status-publish","4":"has-post-thumbnail","6":"product_cat-cigarettes-self-made-fr-2","7":"product_cat-tabac","8":"product_cat-tabac-a-cigarettes","9":"product_cat-tabac-a-cigarettes-fr","10":"pa_tabak-huelsen-1-x-25-gr","11":"pa_tabak-huelsen-1-x-70-gr","13":"first","14":"instock","15":"purchasable","16":"product-type-variable"},"yoast_head":"<!-- This site is optimized with the Yoast SEO plugin v27.5 - https:\/\/yoast.com\/product\/yoast-seo-wordpress\/ -->\n<title>Fred Original Blend jaune - tabakversand.ch<\/title>\n<meta name=\"description\" content=\"Tabac \u00e0 cigarettes Fred Original Blend \u2013 plus fort que le Special Blend Roses, 100 % pur tabac sans additifs, emballage herm\u00e9tique et longue dur\u00e9e de conservation.\" \/>\n<meta name=\"robots\" content=\"index, follow, max-snippet:-1, max-image-preview:large, max-video-preview:-1\" \/>\n<link rel=\"canonical\" href=\"https:\/\/www.tabakversand.ch\/fr\/produit\/fred-original-blend-jaune\/\" \/>\n<meta property=\"og:locale\" content=\"fr_FR\" \/>\n<meta property=\"og:type\" content=\"article\" \/>\n<meta property=\"og:title\" content=\"Fred Original Blend jaune - tabakversand.ch\" \/>\n<meta property=\"og:description\" content=\"Tabac \u00e0 cigarettes Fred Original Blend \u2013 plus fort que le Special Blend Roses, 100 % pur tabac sans additifs, emballage herm\u00e9tique et longue dur\u00e9e de conservation.\" \/>\n<meta property=\"og:url\" content=\"https:\/\/www.tabakversand.ch\/fr\/produit\/fred-original-blend-jaune\/\" \/>\n<meta property=\"og:site_name\" content=\"Tabakversand.ch | Alles aus der Welt des Tabaks\" \/>\n<meta property=\"article:modified_time\" content=\"2026-05-12T07:33:11+00:00\" \/>\n<meta property=\"og:image\" content=\"https:\/\/www.tabakversand.ch\/wp-content\/uploads\/2022\/04\/fred-original-all.jpg\" \/>\n\t<meta property=\"og:image:width\" content=\"500\" \/>\n\t<meta property=\"og:image:height\" content=\"500\" \/>\n\t<meta property=\"og:image:type\" content=\"image\/jpeg\" \/>\n<meta name=\"twitter:card\" content=\"summary_large_image\" \/>\n<meta name=\"twitter:label1\" content=\"Dur\u00e9e de lecture estim\u00e9e\" \/>\n\t<meta name=\"twitter:data1\" content=\"2 minutes\" \/>\n<script type=\"application\/ld+json\" class=\"yoast-schema-graph\">{\"@context\":\"https:\\\/\\\/schema.org\",\"@graph\":[{\"@type\":\"WebPage\",\"@id\":\"https:\\\/\\\/www.tabakversand.ch\\\/fr\\\/produit\\\/fred-original-blend-jaune\\\/\",\"url\":\"https:\\\/\\\/www.tabakversand.ch\\\/fr\\\/produit\\\/fred-original-blend-jaune\\\/\",\"name\":\"Fred Original Blend jaune - tabakversand.ch\",\"isPartOf\":{\"@id\":\"https:\\\/\\\/www.tabakversand.ch\\\/#website\"},\"primaryImageOfPage\":{\"@id\":\"https:\\\/\\\/www.tabakversand.ch\\\/fr\\\/produit\\\/fred-original-blend-jaune\\\/#primaryimage\"},\"image\":{\"@id\":\"https:\\\/\\\/www.tabakversand.ch\\\/fr\\\/produit\\\/fred-original-blend-jaune\\\/#primaryimage\"},\"thumbnailUrl\":\"https:\\\/\\\/www.tabakversand.ch\\\/wp-content\\\/uploads\\\/2022\\\/04\\\/fred-original-all.jpg\",\"datePublished\":\"2022-04-02T09:00:55+00:00\",\"dateModified\":\"2026-05-12T07:33:11+00:00\",\"description\":\"Tabac \u00e0 cigarettes Fred Original Blend \u2013 plus fort que le Special Blend Roses, 100 % pur tabac sans additifs, emballage herm\u00e9tique et longue dur\u00e9e de conservation.\",\"breadcrumb\":{\"@id\":\"https:\\\/\\\/www.tabakversand.ch\\\/fr\\\/produit\\\/fred-original-blend-jaune\\\/#breadcrumb\"},\"inLanguage\":\"fr-FR\",\"potentialAction\":[{\"@type\":\"ReadAction\",\"target\":[\"https:\\\/\\\/www.tabakversand.ch\\\/fr\\\/produit\\\/fred-original-blend-jaune\\\/\"]}]},{\"@type\":\"ImageObject\",\"inLanguage\":\"fr-FR\",\"@id\":\"https:\\\/\\\/www.tabakversand.ch\\\/fr\\\/produit\\\/fred-original-blend-jaune\\\/#primaryimage\",\"url\":\"https:\\\/\\\/www.tabakversand.ch\\\/wp-content\\\/uploads\\\/2022\\\/04\\\/fred-original-all.jpg\",\"contentUrl\":\"https:\\\/\\\/www.tabakversand.ch\\\/wp-content\\\/uploads\\\/2022\\\/04\\\/fred-original-all.jpg\",\"width\":500,\"height\":500,\"caption\":\"Fred Original Blend jaune | tabakversand.ch\"},{\"@type\":\"BreadcrumbList\",\"@id\":\"https:\\\/\\\/www.tabakversand.ch\\\/fr\\\/produit\\\/fred-original-blend-jaune\\\/#breadcrumb\",\"itemListElement\":[{\"@type\":\"ListItem\",\"position\":1,\"name\":\"Startseite\",\"item\":\"https:\\\/\\\/www.tabakversand.ch\\\/\"},{\"@type\":\"ListItem\",\"position\":2,\"name\":\"Boutique\",\"item\":\"https:\\\/\\\/www.tabakversand.ch\\\/fr\\\/boutique\\\/\"},{\"@type\":\"ListItem\",\"position\":3,\"name\":\"Fred Original Blend jaune\"}]},{\"@type\":\"WebSite\",\"@id\":\"https:\\\/\\\/www.tabakversand.ch\\\/#website\",\"url\":\"https:\\\/\\\/www.tabakversand.ch\\\/\",\"name\":\"Tabakversand.ch | Alles aus der Welt des Tabaks\",\"description\":\"Smoke and carpe diem\",\"potentialAction\":[{\"@type\":\"SearchAction\",\"target\":{\"@type\":\"EntryPoint\",\"urlTemplate\":\"https:\\\/\\\/www.tabakversand.ch\\\/?s={search_term_string}\"},\"query-input\":{\"@type\":\"PropertyValueSpecification\",\"valueRequired\":true,\"valueName\":\"search_term_string\"}}],\"inLanguage\":\"fr-FR\"}]}<\/script>\n<!-- \/ Yoast SEO plugin. -->","yoast_head_json":{"title":"Fred Original Blend jaune - tabakversand.ch","description":"Tabac \u00e0 cigarettes Fred Original Blend \u2013 plus fort que le Special Blend Roses, 100 % pur tabac sans additifs, emballage herm\u00e9tique et longue dur\u00e9e de conservation.","robots":{"index":"index","follow":"follow","max-snippet":"max-snippet:-1","max-image-preview":"max-image-preview:large","max-video-preview":"max-video-preview:-1"},"canonical":"https:\/\/www.tabakversand.ch\/fr\/produit\/fred-original-blend-jaune\/","og_locale":"fr_FR","og_type":"article","og_title":"Fred Original Blend jaune - tabakversand.ch","og_description":"Tabac \u00e0 cigarettes Fred Original Blend \u2013 plus fort que le Special Blend Roses, 100 % pur tabac sans additifs, emballage herm\u00e9tique et longue dur\u00e9e de conservation.","og_url":"https:\/\/www.tabakversand.ch\/fr\/produit\/fred-original-blend-jaune\/","og_site_name":"Tabakversand.ch | Alles aus der Welt des Tabaks","article_modified_time":"2026-05-12T07:33:11+00:00","og_image":[{"width":500,"height":500,"url":"https:\/\/www.tabakversand.ch\/wp-content\/uploads\/2022\/04\/fred-original-all.jpg","type":"image\/jpeg"}],"twitter_card":"summary_large_image","twitter_misc":{"Dur\u00e9e de lecture estim\u00e9e":"2 minutes"},"schema":{"@context":"https:\/\/schema.org","@graph":[{"@type":"WebPage","@id":"https:\/\/www.tabakversand.ch\/fr\/produit\/fred-original-blend-jaune\/","url":"https:\/\/www.tabakversand.ch\/fr\/produit\/fred-original-blend-jaune\/","name":"Fred Original Blend jaune - tabakversand.ch","isPartOf":{"@id":"https:\/\/www.tabakversand.ch\/#website"},"primaryImageOfPage":{"@id":"https:\/\/www.tabakversand.ch\/fr\/produit\/fred-original-blend-jaune\/#primaryimage"},"image":{"@id":"https:\/\/www.tabakversand.ch\/fr\/produit\/fred-original-blend-jaune\/#primaryimage"},"thumbnailUrl":"https:\/\/www.tabakversand.ch\/wp-content\/uploads\/2022\/04\/fred-original-all.jpg","datePublished":"2022-04-02T09:00:55+00:00","dateModified":"2026-05-12T07:33:11+00:00","description":"Tabac \u00e0 cigarettes Fred Original Blend \u2013 plus fort que le Special Blend Roses, 100 % pur tabac sans additifs, emballage herm\u00e9tique et longue dur\u00e9e de conservation.","breadcrumb":{"@id":"https:\/\/www.tabakversand.ch\/fr\/produit\/fred-original-blend-jaune\/#breadcrumb"},"inLanguage":"fr-FR","potentialAction":[{"@type":"ReadAction","target":["https:\/\/www.tabakversand.ch\/fr\/produit\/fred-original-blend-jaune\/"]}]},{"@type":"ImageObject","inLanguage":"fr-FR","@id":"https:\/\/www.tabakversand.ch\/fr\/produit\/fred-original-blend-jaune\/#primaryimage","url":"https:\/\/www.tabakversand.ch\/wp-content\/uploads\/2022\/04\/fred-original-all.jpg","contentUrl":"https:\/\/www.tabakversand.ch\/wp-content\/uploads\/2022\/04\/fred-original-all.jpg","width":500,"height":500,"caption":"Fred Original Blend jaune | tabakversand.ch"},{"@type":"BreadcrumbList","@id":"https:\/\/www.tabakversand.ch\/fr\/produit\/fred-original-blend-jaune\/#breadcrumb","itemListElement":[{"@type":"ListItem","position":1,"name":"Startseite","item":"https:\/\/www.tabakversand.ch\/"},{"@type":"ListItem","position":2,"name":"Boutique","item":"https:\/\/www.tabakversand.ch\/fr\/boutique\/"},{"@type":"ListItem","position":3,"name":"Fred Original Blend jaune"}]},{"@type":"WebSite","@id":"https:\/\/www.tabakversand.ch\/#website","url":"https:\/\/www.tabakversand.ch\/","name":"Tabakversand.ch | Alles aus der Welt des Tabaks","description":"Smoke and carpe diem","potentialAction":[{"@type":"SearchAction","target":{"@type":"EntryPoint","urlTemplate":"https:\/\/www.tabakversand.ch\/?s={search_term_string}"},"query-input":{"@type":"PropertyValueSpecification","valueRequired":true,"valueName":"search_term_string"}}],"inLanguage":"fr-FR"}]}},"_links":{"self":[{"href":"https:\/\/www.tabakversand.ch\/fr\/wp-json\/wp\/v2\/product\/70052","targetHints":{"allow":["GET"]}}],"collection":[{"href":"https:\/\/www.tabakversand.ch\/fr\/wp-json\/wp\/v2\/product"}],"about":[{"href":"https:\/\/www.tabakversand.ch\/fr\/wp-json\/wp\/v2\/types\/product"}],"version-history":[{"count":6,"href":"https:\/\/www.tabakversand.ch\/fr\/wp-json\/wp\/v2\/product\/70052\/revisions"}],"predecessor-version":[{"id":219131,"href":"https:\/\/www.tabakversand.ch\/fr\/wp-json\/wp\/v2\/product\/70052\/revisions\/219131"}],"wp:featuredmedia":[{"embeddable":true,"href":"https:\/\/www.tabakversand.ch\/fr\/wp-json\/wp\/v2\/media\/213539"}],"wp:attachment":[{"href":"https:\/\/www.tabakversand.ch\/fr\/wp-json\/wp\/v2\/media?parent=70052"}],"wp:term":[{"taxonomy":"product_brand","embeddable":true,"href":"https:\/\/www.tabakversand.ch\/fr\/wp-json\/wp\/v2\/product_brand?post=70052"},{"taxonomy":"product_cat","embeddable":true,"href":"https:\/\/www.tabakversand.ch\/fr\/wp-json\/wp\/v2\/product_cat?post=70052"},{"taxonomy":"product_tag","embeddable":true,"href":"https:\/\/www.tabakversand.ch\/fr\/wp-json\/wp\/v2\/product_tag?post=70052"}],"curies":[{"name":"wp","href":"https:\/\/api.w.org\/{rel}","templated":true}]}}