{"id":70219,"date":"2022-04-02T11:00:37","date_gmt":"2022-04-02T09:00:37","guid":{"rendered":"http:\/\/www.tabakversand.ch\/produkt\/chesterfield-original-90gr-tabac-a-cigarettes\/"},"modified":"2026-04-21T09:28:39","modified_gmt":"2026-04-21T07:28:39","slug":"tabac-original-chesterfield","status":"publish","type":"product","link":"https:\/\/www.tabakversand.ch\/fr\/produit\/tabac-original-chesterfield\/","title":{"rendered":"Tabac original Chesterfield"},"content":{"rendered":"<p>Tabac original Chesterfield<\/p>\n<p>Le tabac Chesterfield Original est synonyme de go\u00fbt authentique et de qualit\u00e9 \u00e9prouv\u00e9e. \u00c9labor\u00e9 selon les normes rigoureuses de Philip Morris International, ce m\u00e9lange s\u00e9duit par son ar\u00f4me \u00e9quilibr\u00e9 et sa fabrication homog\u00e8ne.<\/p>\n<p>Un assemblage rigoureux de tabacs Virginie et Burley garantit une exp\u00e9rience de fumage harmonieuse et riche, l\u00e9g\u00e8rement \u00e9pic\u00e9e et subtilement sucr\u00e9e. La coupe fine est id\u00e9ale pour le roulage et assure une combustion uniforme.<\/p>\n<p>Caract\u00e9ristiques du produit\u00a0:<\/p>\n<ul>\n<li>M\u00e9lange de tabac classique et \u00e9quilibr\u00e9<\/li>\n<li>Saveur l\u00e9g\u00e8rement \u00e9pic\u00e9e<\/li>\n<li>D\u00e9coupe fine pour faciliter le pliage ou le rembourrage<\/li>\n<li>Qualit\u00e9 constamment \u00e9lev\u00e9e<\/li>\n<\/ul>\n<p>Chesterfield Original est le choix id\u00e9al pour tous ceux qui appr\u00e9cient le go\u00fbt traditionnel du tabac et la qualit\u00e9 fiable d&rsquo;une marque reconnue.<\/p>\n<p>Chez tabakversand.ch, vous recevez votre tabac \u00e0 cigarettes Chesterfield Original fra\u00eechement conserv\u00e9 dans son emballage d&rsquo;origine. Un stockage soign\u00e9 garantit une pr\u00e9servation optimale de son ar\u00f4me, de son humidit\u00e9 et de sa qualit\u00e9 jusqu&rsquo;\u00e0 l&rsquo;exp\u00e9dition. Gr\u00e2ce \u00e0 une livraison rapide en Suisse, votre tabac \u00e0 cigarettes vous parvient g\u00e9n\u00e9ralement sous peu.<\/p>\n<p>Pour plus d&rsquo;informations sur le tabac \u00e0 rouler, veuillez consulter l&rsquo;article Wikip\u00e9dia correspondant\u00a0: <a href=\"https:\/\/de.wikipedia.org\/wiki\/Shag_(Tabak)\">cliquez ici<\/a> . Si vous avez des questions concernant le produit, n&rsquo;h\u00e9sitez pas \u00e0 nous contacter\u00a0: <a href=\"https:\/\/www.tabakversand.ch\/kontakt\/\">cliquez ici<\/a> .<\/p>\n<p>Tous les prix s&rsquo;appliquent uniquement aux commandes en ligne et incluent la TVA. Sous r\u00e9serve de modifications sans pr\u00e9avis, frais de livraison en sus. Sous r\u00e9serve d&rsquo;erreurs, de modifications de contenu de livraison et de conception, de fautes d&rsquo;impression et de modifications de prix. Les prix barr\u00e9s sont des prix de remplacement. Les illustrations peuvent diff\u00e9rer de l&rsquo;original\/du contenu de livraison.<br \/>\n*Livraison gratuite pour les commandes sup\u00e9rieures \u00e0 CHF 250.-.<\/p>\n","protected":false},"excerpt":{"rendered":"<p>Tabac original Chesterfield Le tabac Chesterfield Original est synonyme de go\u00fbt authentique et de qualit\u00e9 \u00e9prouv\u00e9e. \u00c9labor\u00e9 selon les normes rigoureuses de Philip Morris International, ce m\u00e9lange s\u00e9duit par son ar\u00f4me \u00e9quilibr\u00e9 et sa fabrication homog\u00e8ne. Un assemblage rigoureux de tabacs Virginie et Burley garantit une exp\u00e9rience de fumage harmonieuse et riche, l\u00e9g\u00e8rement \u00e9pic\u00e9e et [&hellip;]<\/p>\n","protected":false},"featured_media":213663,"template":"","meta":[],"product_brand":[],"product_cat":[1961,1888,1963,1964],"product_tag":[],"class_list":{"0":"post-70219","1":"product","2":"type-product","3":"status-publish","4":"has-post-thumbnail","6":"product_cat-cigarettes-self-made-fr-2","7":"product_cat-tabac","8":"product_cat-tabac-a-cigarettes","9":"product_cat-tabac-a-cigarettes-fr","10":"pa_tabak-zigarren-1-x-70gr","11":"pa_tabak-zigarren-10-x-25gr","13":"first","14":"onbackorder","15":"purchasable","16":"product-type-variable"},"yoast_head":"<!-- This site is optimized with the Yoast SEO plugin v27.5 - https:\/\/yoast.com\/product\/yoast-seo-wordpress\/ -->\n<title>Tabac original Chesterfield - tabakversand.ch<\/title>\n<meta name=\"description\" content=\"Tabac Chesterfield Original \u2013 un m\u00e9lange \u00e9quilibr\u00e9 de tabacs Virginie et Burley, au go\u00fbt l\u00e9g\u00e8rement \u00e9pic\u00e9. Coupe fine pour un roulage et un tassage faciles.\" \/>\n<meta name=\"robots\" content=\"index, follow, max-snippet:-1, max-image-preview:large, max-video-preview:-1\" \/>\n<link rel=\"canonical\" href=\"https:\/\/www.tabakversand.ch\/fr\/produit\/tabac-original-chesterfield\/\" \/>\n<meta property=\"og:locale\" content=\"fr_FR\" \/>\n<meta property=\"og:type\" content=\"article\" \/>\n<meta property=\"og:title\" content=\"Tabac original Chesterfield - tabakversand.ch\" \/>\n<meta property=\"og:description\" content=\"Tabac Chesterfield Original \u2013 un m\u00e9lange \u00e9quilibr\u00e9 de tabacs Virginie et Burley, au go\u00fbt l\u00e9g\u00e8rement \u00e9pic\u00e9. Coupe fine pour un roulage et un tassage faciles.\" \/>\n<meta property=\"og:url\" content=\"https:\/\/www.tabakversand.ch\/fr\/produit\/tabac-original-chesterfield\/\" \/>\n<meta property=\"og:site_name\" content=\"Tabakversand.ch | Alles aus der Welt des Tabaks\" \/>\n<meta property=\"article:modified_time\" content=\"2026-04-21T07:28:39+00:00\" \/>\n<meta property=\"og:image\" content=\"https:\/\/www.tabakversand.ch\/wp-content\/uploads\/2022\/04\/chesterfield-original-all.jpg\" \/>\n\t<meta property=\"og:image:width\" content=\"500\" \/>\n\t<meta property=\"og:image:height\" content=\"500\" \/>\n\t<meta property=\"og:image:type\" content=\"image\/jpeg\" \/>\n<meta name=\"twitter:card\" content=\"summary_large_image\" \/>\n<meta name=\"twitter:label1\" content=\"Dur\u00e9e de lecture estim\u00e9e\" \/>\n\t<meta name=\"twitter:data1\" content=\"2 minutes\" \/>\n<script type=\"application\/ld+json\" class=\"yoast-schema-graph\">{\"@context\":\"https:\\\/\\\/schema.org\",\"@graph\":[{\"@type\":\"WebPage\",\"@id\":\"https:\\\/\\\/www.tabakversand.ch\\\/fr\\\/produit\\\/tabac-original-chesterfield\\\/\",\"url\":\"https:\\\/\\\/www.tabakversand.ch\\\/fr\\\/produit\\\/tabac-original-chesterfield\\\/\",\"name\":\"Tabac original Chesterfield - tabakversand.ch\",\"isPartOf\":{\"@id\":\"https:\\\/\\\/www.tabakversand.ch\\\/#website\"},\"primaryImageOfPage\":{\"@id\":\"https:\\\/\\\/www.tabakversand.ch\\\/fr\\\/produit\\\/tabac-original-chesterfield\\\/#primaryimage\"},\"image\":{\"@id\":\"https:\\\/\\\/www.tabakversand.ch\\\/fr\\\/produit\\\/tabac-original-chesterfield\\\/#primaryimage\"},\"thumbnailUrl\":\"https:\\\/\\\/www.tabakversand.ch\\\/wp-content\\\/uploads\\\/2022\\\/04\\\/chesterfield-original-all.jpg\",\"datePublished\":\"2022-04-02T09:00:37+00:00\",\"dateModified\":\"2026-04-21T07:28:39+00:00\",\"description\":\"Tabac Chesterfield Original \u2013 un m\u00e9lange \u00e9quilibr\u00e9 de tabacs Virginie et Burley, au go\u00fbt l\u00e9g\u00e8rement \u00e9pic\u00e9. Coupe fine pour un roulage et un tassage faciles.\",\"breadcrumb\":{\"@id\":\"https:\\\/\\\/www.tabakversand.ch\\\/fr\\\/produit\\\/tabac-original-chesterfield\\\/#breadcrumb\"},\"inLanguage\":\"fr-FR\",\"potentialAction\":[{\"@type\":\"ReadAction\",\"target\":[\"https:\\\/\\\/www.tabakversand.ch\\\/fr\\\/produit\\\/tabac-original-chesterfield\\\/\"]}]},{\"@type\":\"ImageObject\",\"inLanguage\":\"fr-FR\",\"@id\":\"https:\\\/\\\/www.tabakversand.ch\\\/fr\\\/produit\\\/tabac-original-chesterfield\\\/#primaryimage\",\"url\":\"https:\\\/\\\/www.tabakversand.ch\\\/wp-content\\\/uploads\\\/2022\\\/04\\\/chesterfield-original-all.jpg\",\"contentUrl\":\"https:\\\/\\\/www.tabakversand.ch\\\/wp-content\\\/uploads\\\/2022\\\/04\\\/chesterfield-original-all.jpg\",\"width\":500,\"height\":500,\"caption\":\"Tabac Chesterfield Original | tabakversand.ch\"},{\"@type\":\"BreadcrumbList\",\"@id\":\"https:\\\/\\\/www.tabakversand.ch\\\/fr\\\/produit\\\/tabac-original-chesterfield\\\/#breadcrumb\",\"itemListElement\":[{\"@type\":\"ListItem\",\"position\":1,\"name\":\"Startseite\",\"item\":\"https:\\\/\\\/www.tabakversand.ch\\\/\"},{\"@type\":\"ListItem\",\"position\":2,\"name\":\"Boutique\",\"item\":\"https:\\\/\\\/www.tabakversand.ch\\\/fr\\\/boutique\\\/\"},{\"@type\":\"ListItem\",\"position\":3,\"name\":\"Tabac original Chesterfield\"}]},{\"@type\":\"WebSite\",\"@id\":\"https:\\\/\\\/www.tabakversand.ch\\\/#website\",\"url\":\"https:\\\/\\\/www.tabakversand.ch\\\/\",\"name\":\"Tabakversand.ch | Alles aus der Welt des Tabaks\",\"description\":\"Smoke and carpe diem\",\"potentialAction\":[{\"@type\":\"SearchAction\",\"target\":{\"@type\":\"EntryPoint\",\"urlTemplate\":\"https:\\\/\\\/www.tabakversand.ch\\\/?s={search_term_string}\"},\"query-input\":{\"@type\":\"PropertyValueSpecification\",\"valueRequired\":true,\"valueName\":\"search_term_string\"}}],\"inLanguage\":\"fr-FR\"}]}<\/script>\n<!-- \/ Yoast SEO plugin. -->","yoast_head_json":{"title":"Tabac original Chesterfield - tabakversand.ch","description":"Tabac Chesterfield Original \u2013 un m\u00e9lange \u00e9quilibr\u00e9 de tabacs Virginie et Burley, au go\u00fbt l\u00e9g\u00e8rement \u00e9pic\u00e9. Coupe fine pour un roulage et un tassage faciles.","robots":{"index":"index","follow":"follow","max-snippet":"max-snippet:-1","max-image-preview":"max-image-preview:large","max-video-preview":"max-video-preview:-1"},"canonical":"https:\/\/www.tabakversand.ch\/fr\/produit\/tabac-original-chesterfield\/","og_locale":"fr_FR","og_type":"article","og_title":"Tabac original Chesterfield - tabakversand.ch","og_description":"Tabac Chesterfield Original \u2013 un m\u00e9lange \u00e9quilibr\u00e9 de tabacs Virginie et Burley, au go\u00fbt l\u00e9g\u00e8rement \u00e9pic\u00e9. Coupe fine pour un roulage et un tassage faciles.","og_url":"https:\/\/www.tabakversand.ch\/fr\/produit\/tabac-original-chesterfield\/","og_site_name":"Tabakversand.ch | Alles aus der Welt des Tabaks","article_modified_time":"2026-04-21T07:28:39+00:00","og_image":[{"width":500,"height":500,"url":"https:\/\/www.tabakversand.ch\/wp-content\/uploads\/2022\/04\/chesterfield-original-all.jpg","type":"image\/jpeg"}],"twitter_card":"summary_large_image","twitter_misc":{"Dur\u00e9e de lecture estim\u00e9e":"2 minutes"},"schema":{"@context":"https:\/\/schema.org","@graph":[{"@type":"WebPage","@id":"https:\/\/www.tabakversand.ch\/fr\/produit\/tabac-original-chesterfield\/","url":"https:\/\/www.tabakversand.ch\/fr\/produit\/tabac-original-chesterfield\/","name":"Tabac original Chesterfield - tabakversand.ch","isPartOf":{"@id":"https:\/\/www.tabakversand.ch\/#website"},"primaryImageOfPage":{"@id":"https:\/\/www.tabakversand.ch\/fr\/produit\/tabac-original-chesterfield\/#primaryimage"},"image":{"@id":"https:\/\/www.tabakversand.ch\/fr\/produit\/tabac-original-chesterfield\/#primaryimage"},"thumbnailUrl":"https:\/\/www.tabakversand.ch\/wp-content\/uploads\/2022\/04\/chesterfield-original-all.jpg","datePublished":"2022-04-02T09:00:37+00:00","dateModified":"2026-04-21T07:28:39+00:00","description":"Tabac Chesterfield Original \u2013 un m\u00e9lange \u00e9quilibr\u00e9 de tabacs Virginie et Burley, au go\u00fbt l\u00e9g\u00e8rement \u00e9pic\u00e9. Coupe fine pour un roulage et un tassage faciles.","breadcrumb":{"@id":"https:\/\/www.tabakversand.ch\/fr\/produit\/tabac-original-chesterfield\/#breadcrumb"},"inLanguage":"fr-FR","potentialAction":[{"@type":"ReadAction","target":["https:\/\/www.tabakversand.ch\/fr\/produit\/tabac-original-chesterfield\/"]}]},{"@type":"ImageObject","inLanguage":"fr-FR","@id":"https:\/\/www.tabakversand.ch\/fr\/produit\/tabac-original-chesterfield\/#primaryimage","url":"https:\/\/www.tabakversand.ch\/wp-content\/uploads\/2022\/04\/chesterfield-original-all.jpg","contentUrl":"https:\/\/www.tabakversand.ch\/wp-content\/uploads\/2022\/04\/chesterfield-original-all.jpg","width":500,"height":500,"caption":"Tabac Chesterfield Original | tabakversand.ch"},{"@type":"BreadcrumbList","@id":"https:\/\/www.tabakversand.ch\/fr\/produit\/tabac-original-chesterfield\/#breadcrumb","itemListElement":[{"@type":"ListItem","position":1,"name":"Startseite","item":"https:\/\/www.tabakversand.ch\/"},{"@type":"ListItem","position":2,"name":"Boutique","item":"https:\/\/www.tabakversand.ch\/fr\/boutique\/"},{"@type":"ListItem","position":3,"name":"Tabac original Chesterfield"}]},{"@type":"WebSite","@id":"https:\/\/www.tabakversand.ch\/#website","url":"https:\/\/www.tabakversand.ch\/","name":"Tabakversand.ch | Alles aus der Welt des Tabaks","description":"Smoke and carpe diem","potentialAction":[{"@type":"SearchAction","target":{"@type":"EntryPoint","urlTemplate":"https:\/\/www.tabakversand.ch\/?s={search_term_string}"},"query-input":{"@type":"PropertyValueSpecification","valueRequired":true,"valueName":"search_term_string"}}],"inLanguage":"fr-FR"}]}},"_links":{"self":[{"href":"https:\/\/www.tabakversand.ch\/fr\/wp-json\/wp\/v2\/product\/70219","targetHints":{"allow":["GET"]}}],"collection":[{"href":"https:\/\/www.tabakversand.ch\/fr\/wp-json\/wp\/v2\/product"}],"about":[{"href":"https:\/\/www.tabakversand.ch\/fr\/wp-json\/wp\/v2\/types\/product"}],"version-history":[{"count":3,"href":"https:\/\/www.tabakversand.ch\/fr\/wp-json\/wp\/v2\/product\/70219\/revisions"}],"predecessor-version":[{"id":213703,"href":"https:\/\/www.tabakversand.ch\/fr\/wp-json\/wp\/v2\/product\/70219\/revisions\/213703"}],"wp:featuredmedia":[{"embeddable":true,"href":"https:\/\/www.tabakversand.ch\/fr\/wp-json\/wp\/v2\/media\/213663"}],"wp:attachment":[{"href":"https:\/\/www.tabakversand.ch\/fr\/wp-json\/wp\/v2\/media?parent=70219"}],"wp:term":[{"taxonomy":"product_brand","embeddable":true,"href":"https:\/\/www.tabakversand.ch\/fr\/wp-json\/wp\/v2\/product_brand?post=70219"},{"taxonomy":"product_cat","embeddable":true,"href":"https:\/\/www.tabakversand.ch\/fr\/wp-json\/wp\/v2\/product_cat?post=70219"},{"taxonomy":"product_tag","embeddable":true,"href":"https:\/\/www.tabakversand.ch\/fr\/wp-json\/wp\/v2\/product_tag?post=70219"}],"curies":[{"name":"wp","href":"https:\/\/api.w.org\/{rel}","templated":true}]}}