{"id":70257,"date":"2022-04-02T11:00:37","date_gmt":"2022-04-02T09:00:37","guid":{"rendered":"http:\/\/www.tabakversand.ch\/produkt\/manchons-de-filtre-angel-big-pack-500-pcs\/"},"modified":"2026-02-22T19:54:29","modified_gmt":"2026-02-22T18:54:29","slug":"mc-chrystals-winter-limited-edition","status":"publish","type":"product","link":"https:\/\/www.tabakversand.ch\/fr\/produit\/mc-chrystals-winter-limited-edition\/","title":{"rendered":"Mc Chrystal&rsquo;s Winter Limited Edition"},"content":{"rendered":"<h1>Mc Chrystal&rsquo;s Winter Limited Edition<\/h1>\n<p>Cette \u00e9dition sp\u00e9ciale exclusive, Mc Chrystal&rsquo;s Winter Limited Edition, offre un ar\u00f4me hivernal unique, id\u00e9al pour la saison froide. Gr\u00e2ce \u00e0 un m\u00e9lange \u00e9quilibr\u00e9 d&rsquo;\u00e9pices chaleureuses et une subtile touche de menthol, cette \u00e9dition propose une exp\u00e9rience gustative exceptionnelle. Les feuilles de tabac soigneusement s\u00e9lectionn\u00e9es et raffin\u00e9es garantissent une qualit\u00e9 et un plaisir optimaux. Un produit id\u00e9al pour les collectionneurs et les connaisseurs de tabacs \u00e0 priser haut de gamme en qu\u00eate d&rsquo;un produit d&rsquo;exception.<\/p>\n<p>Chez tabakversand.ch, vous recevez le tabac \u00e0 priser Mc Chrystal&rsquo;s Winter Limited Edition fra\u00eechement conserv\u00e9 dans son emballage d&rsquo;origine. Un stockage soign\u00e9 garantit une pr\u00e9servation optimale de l&rsquo;ar\u00f4me, de l&rsquo;humidit\u00e9 et de la qualit\u00e9 jusqu&rsquo;\u00e0 l&rsquo;exp\u00e9dition. Gr\u00e2ce \u00e0 une livraison rapide en Suisse, votre tabac \u00e0 priser vous parvient g\u00e9n\u00e9ralement tr\u00e8s rapidement.<\/p>\n<ul>\n<li>1 bo\u00eete: Capacit\u00e9 8.75gr.<\/li>\n<\/ul>\n<p>Pour plus d&rsquo;informations sur le fabricant Mc Chrystal&rsquo;s, veuillez consulter son site web officiel\u00a0: <u><a href=\"https:\/\/mcchrystals.co.uk\/\">cliquez ici<\/a><\/u> . Pour toute question concernant le produit, n&rsquo;h\u00e9sitez pas \u00e0 nous contacter\u00a0: <a href=\"https:\/\/www.tabakversand.ch\/kontakt\/\">cliquez ici<\/a> .<\/p>\n<p>Tous les prix s&rsquo;appliquent uniquement aux commandes en ligne et incluent la TVA. Sous r\u00e9serve de modifications sans pr\u00e9avis, frais de livraison en sus. Sous r\u00e9serve d&rsquo;erreurs, de modifications de contenu de livraison et de conception, de fautes d&rsquo;impression et de modifications de prix. Les prix barr\u00e9s sont des prix de remplacement. Les illustrations peuvent diff\u00e9rer de l&rsquo;original\/du contenu de livraison.<br \/>\n*Livraison gratuite pour les commandes sup\u00e9rieures \u00e0 CHF 250.-.<\/p>\n","protected":false},"excerpt":{"rendered":"<p>Mc Chrystal&rsquo;s Winter Limited Edition Cette \u00e9dition sp\u00e9ciale exclusive, Mc Chrystal&rsquo;s Winter Limited Edition, offre un ar\u00f4me hivernal unique, id\u00e9al pour la saison froide. Gr\u00e2ce \u00e0 un m\u00e9lange \u00e9quilibr\u00e9 d&rsquo;\u00e9pices chaleureuses et une subtile touche de menthol, cette \u00e9dition propose une exp\u00e9rience gustative exceptionnelle. Les feuilles de tabac soigneusement s\u00e9lectionn\u00e9es et raffin\u00e9es garantissent une qualit\u00e9 [&hellip;]<\/p>\n","protected":false},"featured_media":155200,"template":"","meta":[],"product_brand":[1526],"product_cat":[1888,1951,1950],"product_tag":[],"class_list":{"0":"post-70257","1":"product","2":"type-product","3":"status-publish","4":"has-post-thumbnail","6":"product_brand-mc-chrystals-schnupftabak","7":"product_cat-tabac","8":"product_cat-tabac-a-priser-et-accessoires","9":"product_cat-tabac-a-priser-schnupftabak","11":"first","12":"instock","13":"purchasable","14":"product-type-simple"},"yoast_head":"<!-- This site is optimized with the Yoast SEO plugin v27.0 - https:\/\/yoast.com\/product\/yoast-seo-wordpress\/ -->\n<title>Mc Chrystal&#039;s Winter Limited Edition - tabakversand.ch<\/title>\n<meta name=\"description\" content=\"Mc Chrystal&#039;s Winter Limited Edition \u2013 8,75 g de tabac \u00e0 priser de haute qualit\u00e9 aux \u00e9pices r\u00e9confortantes et \u00e0 la subtile note de menthol. Id\u00e9al pour la saison froide.\" \/>\n<meta name=\"robots\" content=\"index, follow, max-snippet:-1, max-image-preview:large, max-video-preview:-1\" \/>\n<link rel=\"canonical\" href=\"https:\/\/www.tabakversand.ch\/produit\/mc-chrystals-winter-limited-edition\/\" \/>\n<meta property=\"og:locale\" content=\"fr_FR\" \/>\n<meta property=\"og:type\" content=\"article\" \/>\n<meta property=\"og:title\" content=\"Mc Chrystal&#039;s Winter Limited Edition - tabakversand.ch\" \/>\n<meta property=\"og:description\" content=\"Mc Chrystal&#039;s Winter Limited Edition \u2013 8,75 g de tabac \u00e0 priser de haute qualit\u00e9 aux \u00e9pices r\u00e9confortantes et \u00e0 la subtile note de menthol. Id\u00e9al pour la saison froide.\" \/>\n<meta property=\"og:url\" content=\"https:\/\/www.tabakversand.ch\/produit\/mc-chrystals-winter-limited-edition\/\" \/>\n<meta property=\"og:site_name\" content=\"Tabakversand.ch | Alles aus der Welt des Tabaks\" \/>\n<meta property=\"article:modified_time\" content=\"2026-02-22T18:54:29+00:00\" \/>\n<meta property=\"og:image\" content=\"https:\/\/www.tabakversand.ch\/wp-content\/uploads\/2022\/04\/mc-chrystals-winter-le.jpg\" \/>\n\t<meta property=\"og:image:width\" content=\"500\" \/>\n\t<meta property=\"og:image:height\" content=\"500\" \/>\n\t<meta property=\"og:image:type\" content=\"image\/jpeg\" \/>\n<meta name=\"twitter:card\" content=\"summary_large_image\" \/>\n<meta name=\"twitter:label1\" content=\"Dur\u00e9e de lecture estim\u00e9e\" \/>\n\t<meta name=\"twitter:data1\" content=\"2 minutes\" \/>\n<script type=\"application\/ld+json\" class=\"yoast-schema-graph\">{\"@context\":\"https:\/\/schema.org\",\"@graph\":[{\"@type\":\"WebPage\",\"@id\":\"https:\/\/www.tabakversand.ch\/produit\/mc-chrystals-winter-limited-edition\/\",\"url\":\"https:\/\/www.tabakversand.ch\/produit\/mc-chrystals-winter-limited-edition\/\",\"name\":\"Mc Chrystal's Winter Limited Edition - tabakversand.ch\",\"isPartOf\":{\"@id\":\"https:\/\/www.tabakversand.ch\/#website\"},\"primaryImageOfPage\":{\"@id\":\"https:\/\/www.tabakversand.ch\/produit\/mc-chrystals-winter-limited-edition\/#primaryimage\"},\"image\":{\"@id\":\"https:\/\/www.tabakversand.ch\/produit\/mc-chrystals-winter-limited-edition\/#primaryimage\"},\"thumbnailUrl\":\"https:\/\/www.tabakversand.ch\/wp-content\/uploads\/2022\/04\/mc-chrystals-winter-le.jpg\",\"datePublished\":\"2022-04-02T09:00:37+00:00\",\"dateModified\":\"2026-02-22T18:54:29+00:00\",\"description\":\"Mc Chrystal's Winter Limited Edition \u2013 8,75 g de tabac \u00e0 priser de haute qualit\u00e9 aux \u00e9pices r\u00e9confortantes et \u00e0 la subtile note de menthol. Id\u00e9al pour la saison froide.\",\"breadcrumb\":{\"@id\":\"https:\/\/www.tabakversand.ch\/produit\/mc-chrystals-winter-limited-edition\/#breadcrumb\"},\"inLanguage\":\"fr-FR\",\"potentialAction\":[{\"@type\":\"ReadAction\",\"target\":[\"https:\/\/www.tabakversand.ch\/produit\/mc-chrystals-winter-limited-edition\/\"]}]},{\"@type\":\"ImageObject\",\"inLanguage\":\"fr-FR\",\"@id\":\"https:\/\/www.tabakversand.ch\/produit\/mc-chrystals-winter-limited-edition\/#primaryimage\",\"url\":\"https:\/\/www.tabakversand.ch\/wp-content\/uploads\/2022\/04\/mc-chrystals-winter-le.jpg\",\"contentUrl\":\"https:\/\/www.tabakversand.ch\/wp-content\/uploads\/2022\/04\/mc-chrystals-winter-le.jpg\",\"width\":500,\"height\":500,\"caption\":\"Tabac \u00e0 priser Mc Chrystals \u00c9dition Limit\u00e9e Hiver | Tabakversand.ch\"},{\"@type\":\"BreadcrumbList\",\"@id\":\"https:\/\/www.tabakversand.ch\/produit\/mc-chrystals-winter-limited-edition\/#breadcrumb\",\"itemListElement\":[{\"@type\":\"ListItem\",\"position\":1,\"name\":\"Startseite\",\"item\":\"https:\/\/www.tabakversand.ch\/\"},{\"@type\":\"ListItem\",\"position\":2,\"name\":\"Boutique\",\"item\":\"https:\/\/www.tabakversand.ch\/fr\/boutique\/\"},{\"@type\":\"ListItem\",\"position\":3,\"name\":\"Mc Chrystal's Winter Limited Edition\"}]},{\"@type\":\"WebSite\",\"@id\":\"https:\/\/www.tabakversand.ch\/#website\",\"url\":\"https:\/\/www.tabakversand.ch\/\",\"name\":\"Tabakversand.ch | Alles aus der Welt des Tabaks\",\"description\":\"Smoke and carpe diem\",\"potentialAction\":[{\"@type\":\"SearchAction\",\"target\":{\"@type\":\"EntryPoint\",\"urlTemplate\":\"https:\/\/www.tabakversand.ch\/?s={search_term_string}\"},\"query-input\":{\"@type\":\"PropertyValueSpecification\",\"valueRequired\":true,\"valueName\":\"search_term_string\"}}],\"inLanguage\":\"fr-FR\"}]}<\/script>\n<!-- \/ Yoast SEO plugin. -->","yoast_head_json":{"title":"Mc Chrystal's Winter Limited Edition - tabakversand.ch","description":"Mc Chrystal's Winter Limited Edition \u2013 8,75 g de tabac \u00e0 priser de haute qualit\u00e9 aux \u00e9pices r\u00e9confortantes et \u00e0 la subtile note de menthol. Id\u00e9al pour la saison froide.","robots":{"index":"index","follow":"follow","max-snippet":"max-snippet:-1","max-image-preview":"max-image-preview:large","max-video-preview":"max-video-preview:-1"},"canonical":"https:\/\/www.tabakversand.ch\/produit\/mc-chrystals-winter-limited-edition\/","og_locale":"fr_FR","og_type":"article","og_title":"Mc Chrystal's Winter Limited Edition - tabakversand.ch","og_description":"Mc Chrystal's Winter Limited Edition \u2013 8,75 g de tabac \u00e0 priser de haute qualit\u00e9 aux \u00e9pices r\u00e9confortantes et \u00e0 la subtile note de menthol. Id\u00e9al pour la saison froide.","og_url":"https:\/\/www.tabakversand.ch\/produit\/mc-chrystals-winter-limited-edition\/","og_site_name":"Tabakversand.ch | Alles aus der Welt des Tabaks","article_modified_time":"2026-02-22T18:54:29+00:00","og_image":[{"width":500,"height":500,"url":"https:\/\/www.tabakversand.ch\/wp-content\/uploads\/2022\/04\/mc-chrystals-winter-le.jpg","type":"image\/jpeg"}],"twitter_card":"summary_large_image","twitter_misc":{"Dur\u00e9e de lecture estim\u00e9e":"2 minutes"},"schema":{"@context":"https:\/\/schema.org","@graph":[{"@type":"WebPage","@id":"https:\/\/www.tabakversand.ch\/produit\/mc-chrystals-winter-limited-edition\/","url":"https:\/\/www.tabakversand.ch\/produit\/mc-chrystals-winter-limited-edition\/","name":"Mc Chrystal's Winter Limited Edition - tabakversand.ch","isPartOf":{"@id":"https:\/\/www.tabakversand.ch\/#website"},"primaryImageOfPage":{"@id":"https:\/\/www.tabakversand.ch\/produit\/mc-chrystals-winter-limited-edition\/#primaryimage"},"image":{"@id":"https:\/\/www.tabakversand.ch\/produit\/mc-chrystals-winter-limited-edition\/#primaryimage"},"thumbnailUrl":"https:\/\/www.tabakversand.ch\/wp-content\/uploads\/2022\/04\/mc-chrystals-winter-le.jpg","datePublished":"2022-04-02T09:00:37+00:00","dateModified":"2026-02-22T18:54:29+00:00","description":"Mc Chrystal's Winter Limited Edition \u2013 8,75 g de tabac \u00e0 priser de haute qualit\u00e9 aux \u00e9pices r\u00e9confortantes et \u00e0 la subtile note de menthol. Id\u00e9al pour la saison froide.","breadcrumb":{"@id":"https:\/\/www.tabakversand.ch\/produit\/mc-chrystals-winter-limited-edition\/#breadcrumb"},"inLanguage":"fr-FR","potentialAction":[{"@type":"ReadAction","target":["https:\/\/www.tabakversand.ch\/produit\/mc-chrystals-winter-limited-edition\/"]}]},{"@type":"ImageObject","inLanguage":"fr-FR","@id":"https:\/\/www.tabakversand.ch\/produit\/mc-chrystals-winter-limited-edition\/#primaryimage","url":"https:\/\/www.tabakversand.ch\/wp-content\/uploads\/2022\/04\/mc-chrystals-winter-le.jpg","contentUrl":"https:\/\/www.tabakversand.ch\/wp-content\/uploads\/2022\/04\/mc-chrystals-winter-le.jpg","width":500,"height":500,"caption":"Tabac \u00e0 priser Mc Chrystals \u00c9dition Limit\u00e9e Hiver | Tabakversand.ch"},{"@type":"BreadcrumbList","@id":"https:\/\/www.tabakversand.ch\/produit\/mc-chrystals-winter-limited-edition\/#breadcrumb","itemListElement":[{"@type":"ListItem","position":1,"name":"Startseite","item":"https:\/\/www.tabakversand.ch\/"},{"@type":"ListItem","position":2,"name":"Boutique","item":"https:\/\/www.tabakversand.ch\/fr\/boutique\/"},{"@type":"ListItem","position":3,"name":"Mc Chrystal's Winter Limited Edition"}]},{"@type":"WebSite","@id":"https:\/\/www.tabakversand.ch\/#website","url":"https:\/\/www.tabakversand.ch\/","name":"Tabakversand.ch | Alles aus der Welt des Tabaks","description":"Smoke and carpe diem","potentialAction":[{"@type":"SearchAction","target":{"@type":"EntryPoint","urlTemplate":"https:\/\/www.tabakversand.ch\/?s={search_term_string}"},"query-input":{"@type":"PropertyValueSpecification","valueRequired":true,"valueName":"search_term_string"}}],"inLanguage":"fr-FR"}]}},"_links":{"self":[{"href":"https:\/\/www.tabakversand.ch\/fr\/wp-json\/wp\/v2\/product\/70257","targetHints":{"allow":["GET"]}}],"collection":[{"href":"https:\/\/www.tabakversand.ch\/fr\/wp-json\/wp\/v2\/product"}],"about":[{"href":"https:\/\/www.tabakversand.ch\/fr\/wp-json\/wp\/v2\/types\/product"}],"version-history":[{"count":6,"href":"https:\/\/www.tabakversand.ch\/fr\/wp-json\/wp\/v2\/product\/70257\/revisions"}],"predecessor-version":[{"id":213360,"href":"https:\/\/www.tabakversand.ch\/fr\/wp-json\/wp\/v2\/product\/70257\/revisions\/213360"}],"wp:featuredmedia":[{"embeddable":true,"href":"https:\/\/www.tabakversand.ch\/fr\/wp-json\/wp\/v2\/media\/155200"}],"wp:attachment":[{"href":"https:\/\/www.tabakversand.ch\/fr\/wp-json\/wp\/v2\/media?parent=70257"}],"wp:term":[{"taxonomy":"product_brand","embeddable":true,"href":"https:\/\/www.tabakversand.ch\/fr\/wp-json\/wp\/v2\/product_brand?post=70257"},{"taxonomy":"product_cat","embeddable":true,"href":"https:\/\/www.tabakversand.ch\/fr\/wp-json\/wp\/v2\/product_cat?post=70257"},{"taxonomy":"product_tag","embeddable":true,"href":"https:\/\/www.tabakversand.ch\/fr\/wp-json\/wp\/v2\/product_tag?post=70257"}],"curies":[{"name":"wp","href":"https:\/\/api.w.org\/{rel}","templated":true}]}}