{"id":70370,"date":"2022-04-02T11:00:19","date_gmt":"2022-04-02T09:00:19","guid":{"rendered":"http:\/\/www.tabakversand.ch\/produkt\/bentley-the-classic-one-pipe-tabac-100gr\/"},"modified":"2026-04-13T12:21:56","modified_gmt":"2026-04-13T10:21:56","slug":"bentley-the-classic-one-pipe-tabac-100gr","status":"publish","type":"product","link":"https:\/\/www.tabakversand.ch\/fr\/produit\/bentley-the-classic-one-pipe-tabac-100gr\/","title":{"rendered":"Bentley The Classic One Pipe Tabac 100gr."},"content":{"rendered":"<p>Bentley The Classic One Pipe Tabac 100gr.<\/p>\n<p>Un tabac de Virginie sucr\u00e9 app\u00e9tissant et aromatique \u00e0 la perfection. La maturation optimale est obtenue par fermentation douce au pressoir. Ce tabac doux mais cors\u00e9 ne contient absolument aucun ar\u00f4me ajout\u00e9.<br \/>\n Intensif : 2,5<\/p>\n<p>Tous les prix indiqu\u00e9s sont valables uniquement pour les commandes en ligne, TVA incluse, et peuvent \u00eatre modifi\u00e9s sans pr\u00e9avis. Les frais de port sont en sus.   Sous r\u00e9serve d&rsquo;erreurs, de modifications de l&rsquo;\u00e9tendue de la livraison et de la conception, d&rsquo;erreurs d&rsquo;impression et de modifications de prix. Les prix barr\u00e9s sont plut\u00f4t des prix. L&rsquo;illustration peut diff\u00e9rer de l&rsquo;original\/de l&rsquo;\u00e9tendue de la livraison.<br \/>\n*Livraison gratuite pour les commandes sup\u00e9rieures \u00e0 CHF 250.-.<\/p>\n","protected":false},"excerpt":{"rendered":"<p>Bentley The Classic One Pipe Tabac 100gr. Un tabac de Virginie sucr\u00e9 app\u00e9tissant et aromatique \u00e0 la perfection. La maturation optimale est obtenue par fermentation douce au pressoir. Ce tabac doux mais cors\u00e9 ne contient absolument aucun ar\u00f4me ajout\u00e9. Intensif : 2,5 Tous les prix indiqu\u00e9s sont valables uniquement pour les commandes en ligne, TVA [&hellip;]<\/p>\n","protected":false},"featured_media":70372,"template":"","meta":[],"product_brand":[1523],"product_cat":[5814,5813,1949,2040,1888,2038],"product_tag":[],"class_list":{"0":"post-70370","1":"product","2":"type-product","3":"status-publish","4":"has-post-thumbnail","6":"product_brand-bentley","7":"product_cat-boites","8":"product_cat-boites-de-tabac-a-pipe","9":"product_cat-pipe-world-fr","10":"product_cat-tabac-a-pipe-fr","11":"product_cat-tabac","12":"product_cat-tabac-a-pipe","14":"first","15":"instock","16":"purchasable","17":"product-type-simple"},"yoast_head":"<!-- This site is optimized with the Yoast SEO plugin v27.0 - https:\/\/yoast.com\/product\/yoast-seo-wordpress\/ -->\n<title>Bentley The Classic One Pipe Tabac 100gr. - tabakversand.ch<\/title>\n<meta name=\"description\" content=\"Bentley The Classic One Pipe Tabac 100gr. | Un tr\u00e8s grand choix de produits du tabac et d\u2019accessoires dans toute la Suisse | Cartes accept\u00e9es!\" \/>\n<meta name=\"robots\" content=\"index, follow, max-snippet:-1, max-image-preview:large, max-video-preview:-1\" \/>\n<link rel=\"canonical\" href=\"https:\/\/www.tabakversand.ch\/fr\/produit\/bentley-the-classic-one-pipe-tabac-100gr\/\" \/>\n<meta property=\"og:locale\" content=\"fr_FR\" \/>\n<meta property=\"og:type\" content=\"article\" \/>\n<meta property=\"og:title\" content=\"Bentley The Classic One Pipe Tabac 100gr. - tabakversand.ch\" \/>\n<meta property=\"og:description\" content=\"Bentley The Classic One Pipe Tabac 100gr. | Un tr\u00e8s grand choix de produits du tabac et d\u2019accessoires dans toute la Suisse | Cartes accept\u00e9es!\" \/>\n<meta property=\"og:url\" content=\"https:\/\/www.tabakversand.ch\/fr\/produit\/bentley-the-classic-one-pipe-tabac-100gr\/\" \/>\n<meta property=\"og:site_name\" content=\"Tabakversand.ch | Alles aus der Welt des Tabaks\" \/>\n<meta property=\"article:modified_time\" content=\"2026-04-13T10:21:56+00:00\" \/>\n<meta property=\"og:image\" content=\"https:\/\/www.tabakversand.ch\/wp-content\/uploads\/2022\/03\/bentley-the-classic-one-100-0210013_tat.jpg\" \/>\n\t<meta property=\"og:image:width\" content=\"500\" \/>\n\t<meta property=\"og:image:height\" content=\"500\" \/>\n\t<meta property=\"og:image:type\" content=\"image\/jpeg\" \/>\n<meta name=\"twitter:card\" content=\"summary_large_image\" \/>\n<meta name=\"twitter:label1\" content=\"Dur\u00e9e de lecture estim\u00e9e\" \/>\n\t<meta name=\"twitter:data1\" content=\"1 minute\" \/>\n<script type=\"application\/ld+json\" class=\"yoast-schema-graph\">{\"@context\":\"https:\/\/schema.org\",\"@graph\":[{\"@type\":\"WebPage\",\"@id\":\"https:\/\/www.tabakversand.ch\/fr\/produit\/bentley-the-classic-one-pipe-tabac-100gr\/\",\"url\":\"https:\/\/www.tabakversand.ch\/fr\/produit\/bentley-the-classic-one-pipe-tabac-100gr\/\",\"name\":\"Bentley The Classic One Pipe Tabac 100gr. - tabakversand.ch\",\"isPartOf\":{\"@id\":\"https:\/\/www.tabakversand.ch\/#website\"},\"primaryImageOfPage\":{\"@id\":\"https:\/\/www.tabakversand.ch\/fr\/produit\/bentley-the-classic-one-pipe-tabac-100gr\/#primaryimage\"},\"image\":{\"@id\":\"https:\/\/www.tabakversand.ch\/fr\/produit\/bentley-the-classic-one-pipe-tabac-100gr\/#primaryimage\"},\"thumbnailUrl\":\"https:\/\/www.tabakversand.ch\/wp-content\/uploads\/2022\/03\/bentley-the-classic-one-100-0210013_tat.jpg\",\"datePublished\":\"2022-04-02T09:00:19+00:00\",\"dateModified\":\"2026-04-13T10:21:56+00:00\",\"description\":\"Bentley The Classic One Pipe Tabac 100gr. | Un tr\u00e8s grand choix de produits du tabac et d\u2019accessoires dans toute la Suisse | Cartes accept\u00e9es!\",\"breadcrumb\":{\"@id\":\"https:\/\/www.tabakversand.ch\/fr\/produit\/bentley-the-classic-one-pipe-tabac-100gr\/#breadcrumb\"},\"inLanguage\":\"fr-FR\",\"potentialAction\":[{\"@type\":\"ReadAction\",\"target\":[\"https:\/\/www.tabakversand.ch\/fr\/produit\/bentley-the-classic-one-pipe-tabac-100gr\/\"]}]},{\"@type\":\"ImageObject\",\"inLanguage\":\"fr-FR\",\"@id\":\"https:\/\/www.tabakversand.ch\/fr\/produit\/bentley-the-classic-one-pipe-tabac-100gr\/#primaryimage\",\"url\":\"https:\/\/www.tabakversand.ch\/wp-content\/uploads\/2022\/03\/bentley-the-classic-one-100-0210013_tat.jpg\",\"contentUrl\":\"https:\/\/www.tabakversand.ch\/wp-content\/uploads\/2022\/03\/bentley-the-classic-one-100-0210013_tat.jpg\",\"width\":500,\"height\":500,\"caption\":\"Bentley The Classic One Pipe Tabac 100gr.\"},{\"@type\":\"BreadcrumbList\",\"@id\":\"https:\/\/www.tabakversand.ch\/fr\/produit\/bentley-the-classic-one-pipe-tabac-100gr\/#breadcrumb\",\"itemListElement\":[{\"@type\":\"ListItem\",\"position\":1,\"name\":\"Startseite\",\"item\":\"https:\/\/www.tabakversand.ch\/\"},{\"@type\":\"ListItem\",\"position\":2,\"name\":\"Boutique\",\"item\":\"https:\/\/www.tabakversand.ch\/fr\/boutique\/\"},{\"@type\":\"ListItem\",\"position\":3,\"name\":\"Bentley The Classic One Pipe Tabac 100gr.\"}]},{\"@type\":\"WebSite\",\"@id\":\"https:\/\/www.tabakversand.ch\/#website\",\"url\":\"https:\/\/www.tabakversand.ch\/\",\"name\":\"Tabakversand.ch | Alles aus der Welt des Tabaks\",\"description\":\"Smoke and carpe diem\",\"potentialAction\":[{\"@type\":\"SearchAction\",\"target\":{\"@type\":\"EntryPoint\",\"urlTemplate\":\"https:\/\/www.tabakversand.ch\/?s={search_term_string}\"},\"query-input\":{\"@type\":\"PropertyValueSpecification\",\"valueRequired\":true,\"valueName\":\"search_term_string\"}}],\"inLanguage\":\"fr-FR\"}]}<\/script>\n<!-- \/ Yoast SEO plugin. -->","yoast_head_json":{"title":"Bentley The Classic One Pipe Tabac 100gr. - tabakversand.ch","description":"Bentley The Classic One Pipe Tabac 100gr. | Un tr\u00e8s grand choix de produits du tabac et d\u2019accessoires dans toute la Suisse | Cartes accept\u00e9es!","robots":{"index":"index","follow":"follow","max-snippet":"max-snippet:-1","max-image-preview":"max-image-preview:large","max-video-preview":"max-video-preview:-1"},"canonical":"https:\/\/www.tabakversand.ch\/fr\/produit\/bentley-the-classic-one-pipe-tabac-100gr\/","og_locale":"fr_FR","og_type":"article","og_title":"Bentley The Classic One Pipe Tabac 100gr. - tabakversand.ch","og_description":"Bentley The Classic One Pipe Tabac 100gr. | Un tr\u00e8s grand choix de produits du tabac et d\u2019accessoires dans toute la Suisse | Cartes accept\u00e9es!","og_url":"https:\/\/www.tabakversand.ch\/fr\/produit\/bentley-the-classic-one-pipe-tabac-100gr\/","og_site_name":"Tabakversand.ch | Alles aus der Welt des Tabaks","article_modified_time":"2026-04-13T10:21:56+00:00","og_image":[{"width":500,"height":500,"url":"https:\/\/www.tabakversand.ch\/wp-content\/uploads\/2022\/03\/bentley-the-classic-one-100-0210013_tat.jpg","type":"image\/jpeg"}],"twitter_card":"summary_large_image","twitter_misc":{"Dur\u00e9e de lecture estim\u00e9e":"1 minute"},"schema":{"@context":"https:\/\/schema.org","@graph":[{"@type":"WebPage","@id":"https:\/\/www.tabakversand.ch\/fr\/produit\/bentley-the-classic-one-pipe-tabac-100gr\/","url":"https:\/\/www.tabakversand.ch\/fr\/produit\/bentley-the-classic-one-pipe-tabac-100gr\/","name":"Bentley The Classic One Pipe Tabac 100gr. - tabakversand.ch","isPartOf":{"@id":"https:\/\/www.tabakversand.ch\/#website"},"primaryImageOfPage":{"@id":"https:\/\/www.tabakversand.ch\/fr\/produit\/bentley-the-classic-one-pipe-tabac-100gr\/#primaryimage"},"image":{"@id":"https:\/\/www.tabakversand.ch\/fr\/produit\/bentley-the-classic-one-pipe-tabac-100gr\/#primaryimage"},"thumbnailUrl":"https:\/\/www.tabakversand.ch\/wp-content\/uploads\/2022\/03\/bentley-the-classic-one-100-0210013_tat.jpg","datePublished":"2022-04-02T09:00:19+00:00","dateModified":"2026-04-13T10:21:56+00:00","description":"Bentley The Classic One Pipe Tabac 100gr. | Un tr\u00e8s grand choix de produits du tabac et d\u2019accessoires dans toute la Suisse | Cartes accept\u00e9es!","breadcrumb":{"@id":"https:\/\/www.tabakversand.ch\/fr\/produit\/bentley-the-classic-one-pipe-tabac-100gr\/#breadcrumb"},"inLanguage":"fr-FR","potentialAction":[{"@type":"ReadAction","target":["https:\/\/www.tabakversand.ch\/fr\/produit\/bentley-the-classic-one-pipe-tabac-100gr\/"]}]},{"@type":"ImageObject","inLanguage":"fr-FR","@id":"https:\/\/www.tabakversand.ch\/fr\/produit\/bentley-the-classic-one-pipe-tabac-100gr\/#primaryimage","url":"https:\/\/www.tabakversand.ch\/wp-content\/uploads\/2022\/03\/bentley-the-classic-one-100-0210013_tat.jpg","contentUrl":"https:\/\/www.tabakversand.ch\/wp-content\/uploads\/2022\/03\/bentley-the-classic-one-100-0210013_tat.jpg","width":500,"height":500,"caption":"Bentley The Classic One Pipe Tabac 100gr."},{"@type":"BreadcrumbList","@id":"https:\/\/www.tabakversand.ch\/fr\/produit\/bentley-the-classic-one-pipe-tabac-100gr\/#breadcrumb","itemListElement":[{"@type":"ListItem","position":1,"name":"Startseite","item":"https:\/\/www.tabakversand.ch\/"},{"@type":"ListItem","position":2,"name":"Boutique","item":"https:\/\/www.tabakversand.ch\/fr\/boutique\/"},{"@type":"ListItem","position":3,"name":"Bentley The Classic One Pipe Tabac 100gr."}]},{"@type":"WebSite","@id":"https:\/\/www.tabakversand.ch\/#website","url":"https:\/\/www.tabakversand.ch\/","name":"Tabakversand.ch | Alles aus der Welt des Tabaks","description":"Smoke and carpe diem","potentialAction":[{"@type":"SearchAction","target":{"@type":"EntryPoint","urlTemplate":"https:\/\/www.tabakversand.ch\/?s={search_term_string}"},"query-input":{"@type":"PropertyValueSpecification","valueRequired":true,"valueName":"search_term_string"}}],"inLanguage":"fr-FR"}]}},"_links":{"self":[{"href":"https:\/\/www.tabakversand.ch\/fr\/wp-json\/wp\/v2\/product\/70370","targetHints":{"allow":["GET"]}}],"collection":[{"href":"https:\/\/www.tabakversand.ch\/fr\/wp-json\/wp\/v2\/product"}],"about":[{"href":"https:\/\/www.tabakversand.ch\/fr\/wp-json\/wp\/v2\/types\/product"}],"version-history":[{"count":1,"href":"https:\/\/www.tabakversand.ch\/fr\/wp-json\/wp\/v2\/product\/70370\/revisions"}],"predecessor-version":[{"id":217701,"href":"https:\/\/www.tabakversand.ch\/fr\/wp-json\/wp\/v2\/product\/70370\/revisions\/217701"}],"wp:featuredmedia":[{"embeddable":true,"href":"https:\/\/www.tabakversand.ch\/fr\/wp-json\/wp\/v2\/media\/70372"}],"wp:attachment":[{"href":"https:\/\/www.tabakversand.ch\/fr\/wp-json\/wp\/v2\/media?parent=70370"}],"wp:term":[{"taxonomy":"product_brand","embeddable":true,"href":"https:\/\/www.tabakversand.ch\/fr\/wp-json\/wp\/v2\/product_brand?post=70370"},{"taxonomy":"product_cat","embeddable":true,"href":"https:\/\/www.tabakversand.ch\/fr\/wp-json\/wp\/v2\/product_cat?post=70370"},{"taxonomy":"product_tag","embeddable":true,"href":"https:\/\/www.tabakversand.ch\/fr\/wp-json\/wp\/v2\/product_tag?post=70370"}],"curies":[{"name":"wp","href":"https:\/\/api.w.org\/{rel}","templated":true}]}}