{"id":70394,"date":"2022-04-02T11:00:19","date_gmt":"2022-04-02T09:00:19","guid":{"rendered":"http:\/\/www.tabakversand.ch\/produkt\/bentley-the-oriental-spice-pipe-tabac-100gr\/"},"modified":"2026-04-13T12:26:23","modified_gmt":"2026-04-13T10:26:23","slug":"bentley-the-oriental-spice-pipe-tobacco-100gr","status":"publish","type":"product","link":"https:\/\/www.tabakversand.ch\/fr\/produit\/bentley-the-oriental-spice-pipe-tobacco-100gr\/","title":{"rendered":"Bentley The Oriental Spice Pipe Tabac 100gr."},"content":{"rendered":"<p>Bentley The Oriental Spice Pipe Tabac 100gr.<\/p>\n<p>Les meilleurs tabacs orientaux et de Virginie et un soup\u00e7on de p\u00e9riique donnent \u00e0 ce m\u00e9lange son go\u00fbt \u00e9pic\u00e9 classique. Une fermentation soign\u00e9e et une pinc\u00e9e de Latakia garantissent une profondeur d&rsquo;ar\u00f4me optimale.<br \/>\n Intensif : 3<\/p>\n<p>Tous les prix indiqu\u00e9s sont valables uniquement pour les commandes en ligne, TVA incluse, et peuvent \u00eatre modifi\u00e9s sans pr\u00e9avis. Les frais de port sont en sus.   Sous r\u00e9serve d&rsquo;erreurs, de modifications de l&rsquo;\u00e9tendue de la livraison et de la conception, d&rsquo;erreurs d&rsquo;impression et de modifications de prix. Les prix barr\u00e9s sont plut\u00f4t des prix. L&rsquo;illustration peut diff\u00e9rer de l&rsquo;original\/de l&rsquo;\u00e9tendue de la livraison.<br \/>\n*Livraison gratuite pour les commandes sup\u00e9rieures \u00e0 CHF 250.-.<\/p>\n","protected":false},"excerpt":{"rendered":"<p>Bentley The Oriental Spice Pipe Tabac 100gr. Les meilleurs tabacs orientaux et de Virginie et un soup\u00e7on de p\u00e9riique donnent \u00e0 ce m\u00e9lange son go\u00fbt \u00e9pic\u00e9 classique. Une fermentation soign\u00e9e et une pinc\u00e9e de Latakia garantissent une profondeur d&rsquo;ar\u00f4me optimale. Intensif : 3 Tous les prix indiqu\u00e9s sont valables uniquement pour les commandes en ligne, [&hellip;]<\/p>\n","protected":false},"featured_media":70396,"template":"","meta":[],"product_brand":[1523],"product_cat":[5814,1949,1888,2040],"product_tag":[],"class_list":{"0":"post-70394","1":"product","2":"type-product","3":"status-publish","4":"has-post-thumbnail","6":"product_brand-bentley","7":"product_cat-boites","8":"product_cat-pipe-world-fr","9":"product_cat-tabac","10":"product_cat-tabac-a-pipe-fr","12":"first","13":"instock","14":"purchasable","15":"product-type-simple"},"yoast_head":"<!-- This site is optimized with the Yoast SEO plugin v27.5 - https:\/\/yoast.com\/product\/yoast-seo-wordpress\/ -->\n<title>Bentley The Oriental Spice Pipe Tabac 100gr. - tabakversand.ch<\/title>\n<meta name=\"description\" content=\"Bentley The Oriental Spice Pipe Tabac 100gr. | La plus grande s\u00e9lection de produits du tabac de Suisse | Toutes les cartes sont accept\u00e9es!\" \/>\n<meta name=\"robots\" content=\"index, follow, max-snippet:-1, max-image-preview:large, max-video-preview:-1\" \/>\n<link rel=\"canonical\" href=\"https:\/\/www.tabakversand.ch\/fr\/produit\/bentley-the-oriental-spice-pipe-tobacco-100gr\/\" \/>\n<meta property=\"og:locale\" content=\"fr_FR\" \/>\n<meta property=\"og:type\" content=\"article\" \/>\n<meta property=\"og:title\" content=\"Bentley The Oriental Spice Pipe Tabac 100gr. - tabakversand.ch\" \/>\n<meta property=\"og:description\" content=\"Bentley The Oriental Spice Pipe Tabac 100gr. | La plus grande s\u00e9lection de produits du tabac de Suisse | Toutes les cartes sont accept\u00e9es!\" \/>\n<meta property=\"og:url\" content=\"https:\/\/www.tabakversand.ch\/fr\/produit\/bentley-the-oriental-spice-pipe-tobacco-100gr\/\" \/>\n<meta property=\"og:site_name\" content=\"Tabakversand.ch | Alles aus der Welt des Tabaks\" \/>\n<meta property=\"article:modified_time\" content=\"2026-04-13T10:26:23+00:00\" \/>\n<meta property=\"og:image\" content=\"https:\/\/www.tabakversand.ch\/wp-content\/uploads\/2022\/03\/bentley-the-oriental-spice-100-0210011_tat.jpg\" \/>\n\t<meta property=\"og:image:width\" content=\"500\" \/>\n\t<meta property=\"og:image:height\" content=\"500\" \/>\n\t<meta property=\"og:image:type\" content=\"image\/jpeg\" \/>\n<meta name=\"twitter:card\" content=\"summary_large_image\" \/>\n<meta name=\"twitter:label1\" content=\"Dur\u00e9e de lecture estim\u00e9e\" \/>\n\t<meta name=\"twitter:data1\" content=\"1 minute\" \/>\n<script type=\"application\/ld+json\" class=\"yoast-schema-graph\">{\"@context\":\"https:\\\/\\\/schema.org\",\"@graph\":[{\"@type\":\"WebPage\",\"@id\":\"https:\\\/\\\/www.tabakversand.ch\\\/fr\\\/produit\\\/bentley-the-oriental-spice-pipe-tobacco-100gr\\\/\",\"url\":\"https:\\\/\\\/www.tabakversand.ch\\\/fr\\\/produit\\\/bentley-the-oriental-spice-pipe-tobacco-100gr\\\/\",\"name\":\"Bentley The Oriental Spice Pipe Tabac 100gr. - tabakversand.ch\",\"isPartOf\":{\"@id\":\"https:\\\/\\\/www.tabakversand.ch\\\/#website\"},\"primaryImageOfPage\":{\"@id\":\"https:\\\/\\\/www.tabakversand.ch\\\/fr\\\/produit\\\/bentley-the-oriental-spice-pipe-tobacco-100gr\\\/#primaryimage\"},\"image\":{\"@id\":\"https:\\\/\\\/www.tabakversand.ch\\\/fr\\\/produit\\\/bentley-the-oriental-spice-pipe-tobacco-100gr\\\/#primaryimage\"},\"thumbnailUrl\":\"https:\\\/\\\/www.tabakversand.ch\\\/wp-content\\\/uploads\\\/2022\\\/03\\\/bentley-the-oriental-spice-100-0210011_tat.jpg\",\"datePublished\":\"2022-04-02T09:00:19+00:00\",\"dateModified\":\"2026-04-13T10:26:23+00:00\",\"description\":\"Bentley The Oriental Spice Pipe Tabac 100gr. | La plus grande s\u00e9lection de produits du tabac de Suisse | Toutes les cartes sont accept\u00e9es!\",\"breadcrumb\":{\"@id\":\"https:\\\/\\\/www.tabakversand.ch\\\/fr\\\/produit\\\/bentley-the-oriental-spice-pipe-tobacco-100gr\\\/#breadcrumb\"},\"inLanguage\":\"fr-FR\",\"potentialAction\":[{\"@type\":\"ReadAction\",\"target\":[\"https:\\\/\\\/www.tabakversand.ch\\\/fr\\\/produit\\\/bentley-the-oriental-spice-pipe-tobacco-100gr\\\/\"]}]},{\"@type\":\"ImageObject\",\"inLanguage\":\"fr-FR\",\"@id\":\"https:\\\/\\\/www.tabakversand.ch\\\/fr\\\/produit\\\/bentley-the-oriental-spice-pipe-tobacco-100gr\\\/#primaryimage\",\"url\":\"https:\\\/\\\/www.tabakversand.ch\\\/wp-content\\\/uploads\\\/2022\\\/03\\\/bentley-the-oriental-spice-100-0210011_tat.jpg\",\"contentUrl\":\"https:\\\/\\\/www.tabakversand.ch\\\/wp-content\\\/uploads\\\/2022\\\/03\\\/bentley-the-oriental-spice-100-0210011_tat.jpg\",\"width\":500,\"height\":500,\"caption\":\"Bentley The Oriental Spice Pipe Tabac 100gr.\"},{\"@type\":\"BreadcrumbList\",\"@id\":\"https:\\\/\\\/www.tabakversand.ch\\\/fr\\\/produit\\\/bentley-the-oriental-spice-pipe-tobacco-100gr\\\/#breadcrumb\",\"itemListElement\":[{\"@type\":\"ListItem\",\"position\":1,\"name\":\"Startseite\",\"item\":\"https:\\\/\\\/www.tabakversand.ch\\\/\"},{\"@type\":\"ListItem\",\"position\":2,\"name\":\"Boutique\",\"item\":\"https:\\\/\\\/www.tabakversand.ch\\\/fr\\\/boutique\\\/\"},{\"@type\":\"ListItem\",\"position\":3,\"name\":\"Bentley The Oriental Spice Pipe Tabac 100gr.\"}]},{\"@type\":\"WebSite\",\"@id\":\"https:\\\/\\\/www.tabakversand.ch\\\/#website\",\"url\":\"https:\\\/\\\/www.tabakversand.ch\\\/\",\"name\":\"Tabakversand.ch | Alles aus der Welt des Tabaks\",\"description\":\"Smoke and carpe diem\",\"potentialAction\":[{\"@type\":\"SearchAction\",\"target\":{\"@type\":\"EntryPoint\",\"urlTemplate\":\"https:\\\/\\\/www.tabakversand.ch\\\/?s={search_term_string}\"},\"query-input\":{\"@type\":\"PropertyValueSpecification\",\"valueRequired\":true,\"valueName\":\"search_term_string\"}}],\"inLanguage\":\"fr-FR\"}]}<\/script>\n<!-- \/ Yoast SEO plugin. -->","yoast_head_json":{"title":"Bentley The Oriental Spice Pipe Tabac 100gr. - tabakversand.ch","description":"Bentley The Oriental Spice Pipe Tabac 100gr. | La plus grande s\u00e9lection de produits du tabac de Suisse | Toutes les cartes sont accept\u00e9es!","robots":{"index":"index","follow":"follow","max-snippet":"max-snippet:-1","max-image-preview":"max-image-preview:large","max-video-preview":"max-video-preview:-1"},"canonical":"https:\/\/www.tabakversand.ch\/fr\/produit\/bentley-the-oriental-spice-pipe-tobacco-100gr\/","og_locale":"fr_FR","og_type":"article","og_title":"Bentley The Oriental Spice Pipe Tabac 100gr. - tabakversand.ch","og_description":"Bentley The Oriental Spice Pipe Tabac 100gr. | La plus grande s\u00e9lection de produits du tabac de Suisse | Toutes les cartes sont accept\u00e9es!","og_url":"https:\/\/www.tabakversand.ch\/fr\/produit\/bentley-the-oriental-spice-pipe-tobacco-100gr\/","og_site_name":"Tabakversand.ch | Alles aus der Welt des Tabaks","article_modified_time":"2026-04-13T10:26:23+00:00","og_image":[{"width":500,"height":500,"url":"https:\/\/www.tabakversand.ch\/wp-content\/uploads\/2022\/03\/bentley-the-oriental-spice-100-0210011_tat.jpg","type":"image\/jpeg"}],"twitter_card":"summary_large_image","twitter_misc":{"Dur\u00e9e de lecture estim\u00e9e":"1 minute"},"schema":{"@context":"https:\/\/schema.org","@graph":[{"@type":"WebPage","@id":"https:\/\/www.tabakversand.ch\/fr\/produit\/bentley-the-oriental-spice-pipe-tobacco-100gr\/","url":"https:\/\/www.tabakversand.ch\/fr\/produit\/bentley-the-oriental-spice-pipe-tobacco-100gr\/","name":"Bentley The Oriental Spice Pipe Tabac 100gr. - tabakversand.ch","isPartOf":{"@id":"https:\/\/www.tabakversand.ch\/#website"},"primaryImageOfPage":{"@id":"https:\/\/www.tabakversand.ch\/fr\/produit\/bentley-the-oriental-spice-pipe-tobacco-100gr\/#primaryimage"},"image":{"@id":"https:\/\/www.tabakversand.ch\/fr\/produit\/bentley-the-oriental-spice-pipe-tobacco-100gr\/#primaryimage"},"thumbnailUrl":"https:\/\/www.tabakversand.ch\/wp-content\/uploads\/2022\/03\/bentley-the-oriental-spice-100-0210011_tat.jpg","datePublished":"2022-04-02T09:00:19+00:00","dateModified":"2026-04-13T10:26:23+00:00","description":"Bentley The Oriental Spice Pipe Tabac 100gr. | La plus grande s\u00e9lection de produits du tabac de Suisse | Toutes les cartes sont accept\u00e9es!","breadcrumb":{"@id":"https:\/\/www.tabakversand.ch\/fr\/produit\/bentley-the-oriental-spice-pipe-tobacco-100gr\/#breadcrumb"},"inLanguage":"fr-FR","potentialAction":[{"@type":"ReadAction","target":["https:\/\/www.tabakversand.ch\/fr\/produit\/bentley-the-oriental-spice-pipe-tobacco-100gr\/"]}]},{"@type":"ImageObject","inLanguage":"fr-FR","@id":"https:\/\/www.tabakversand.ch\/fr\/produit\/bentley-the-oriental-spice-pipe-tobacco-100gr\/#primaryimage","url":"https:\/\/www.tabakversand.ch\/wp-content\/uploads\/2022\/03\/bentley-the-oriental-spice-100-0210011_tat.jpg","contentUrl":"https:\/\/www.tabakversand.ch\/wp-content\/uploads\/2022\/03\/bentley-the-oriental-spice-100-0210011_tat.jpg","width":500,"height":500,"caption":"Bentley The Oriental Spice Pipe Tabac 100gr."},{"@type":"BreadcrumbList","@id":"https:\/\/www.tabakversand.ch\/fr\/produit\/bentley-the-oriental-spice-pipe-tobacco-100gr\/#breadcrumb","itemListElement":[{"@type":"ListItem","position":1,"name":"Startseite","item":"https:\/\/www.tabakversand.ch\/"},{"@type":"ListItem","position":2,"name":"Boutique","item":"https:\/\/www.tabakversand.ch\/fr\/boutique\/"},{"@type":"ListItem","position":3,"name":"Bentley The Oriental Spice Pipe Tabac 100gr."}]},{"@type":"WebSite","@id":"https:\/\/www.tabakversand.ch\/#website","url":"https:\/\/www.tabakversand.ch\/","name":"Tabakversand.ch | Alles aus der Welt des Tabaks","description":"Smoke and carpe diem","potentialAction":[{"@type":"SearchAction","target":{"@type":"EntryPoint","urlTemplate":"https:\/\/www.tabakversand.ch\/?s={search_term_string}"},"query-input":{"@type":"PropertyValueSpecification","valueRequired":true,"valueName":"search_term_string"}}],"inLanguage":"fr-FR"}]}},"_links":{"self":[{"href":"https:\/\/www.tabakversand.ch\/fr\/wp-json\/wp\/v2\/product\/70394","targetHints":{"allow":["GET"]}}],"collection":[{"href":"https:\/\/www.tabakversand.ch\/fr\/wp-json\/wp\/v2\/product"}],"about":[{"href":"https:\/\/www.tabakversand.ch\/fr\/wp-json\/wp\/v2\/types\/product"}],"version-history":[{"count":2,"href":"https:\/\/www.tabakversand.ch\/fr\/wp-json\/wp\/v2\/product\/70394\/revisions"}],"predecessor-version":[{"id":217704,"href":"https:\/\/www.tabakversand.ch\/fr\/wp-json\/wp\/v2\/product\/70394\/revisions\/217704"}],"wp:featuredmedia":[{"embeddable":true,"href":"https:\/\/www.tabakversand.ch\/fr\/wp-json\/wp\/v2\/media\/70396"}],"wp:attachment":[{"href":"https:\/\/www.tabakversand.ch\/fr\/wp-json\/wp\/v2\/media?parent=70394"}],"wp:term":[{"taxonomy":"product_brand","embeddable":true,"href":"https:\/\/www.tabakversand.ch\/fr\/wp-json\/wp\/v2\/product_brand?post=70394"},{"taxonomy":"product_cat","embeddable":true,"href":"https:\/\/www.tabakversand.ch\/fr\/wp-json\/wp\/v2\/product_cat?post=70394"},{"taxonomy":"product_tag","embeddable":true,"href":"https:\/\/www.tabakversand.ch\/fr\/wp-json\/wp\/v2\/product_tag?post=70394"}],"curies":[{"name":"wp","href":"https:\/\/api.w.org\/{rel}","templated":true}]}}