{"id":70585,"date":"2022-04-02T10:59:01","date_gmt":"2022-04-02T08:59:01","guid":{"rendered":"http:\/\/www.tabakversand.ch\/produkt\/white-elephant-natural-meerschaum-pipe-filter-9mm\/"},"modified":"2026-04-07T14:09:57","modified_gmt":"2026-04-07T12:09:57","slug":"blanc-elephant-naturel-meerschaum-pipe-filter-9mm","status":"publish","type":"product","link":"https:\/\/www.tabakversand.ch\/fr\/produit\/blanc-elephant-naturel-meerschaum-pipe-filter-9mm\/","title":{"rendered":"White Elephant Natural Meerschaum Pipe Filter 9mm"},"content":{"rendered":"<p>White Elephant Natural Meerschaum Pipe Filter 9mm<\/p>\n<p>Les filtres \u00e0 pipe en \u00e9cume de mer White Elephant absorbent tr\u00e8s bien le goudron et la nicotine et garantissent une exp\u00e9rience de fumage fra\u00eeche et s\u00e8che.<br \/>\n Contenu 40 pi\u00e8ces.<\/p>\n<p>Tous les prix s&rsquo;appliquent uniquement aux commandes en ligne et incluent la TVA. Sous r\u00e9serve de modifications sans pr\u00e9avis, frais de livraison en sus. Sous r\u00e9serve d&rsquo;erreurs, de modifications de contenu de livraison et de conception, de fautes d&rsquo;impression et de modifications de prix. Les prix barr\u00e9s sont des prix de remplacement. Les illustrations peuvent diff\u00e9rer de l&rsquo;original\/du contenu de livraison.<br \/>\n*Livraison gratuite pour les commandes sup\u00e9rieures \u00e0 CHF 250.-.<\/p>\n","protected":false},"excerpt":{"rendered":"<p>White Elephant Natural Meerschaum Pipe Filter 9mm Les filtres \u00e0 pipe en \u00e9cume de mer White Elephant absorbent tr\u00e8s bien le goudron et la nicotine et garantissent une exp\u00e9rience de fumage fra\u00eeche et s\u00e8che. Contenu 40 pi\u00e8ces. Tous les prix s&rsquo;appliquent uniquement aux commandes en ligne et incluent la TVA. Sous r\u00e9serve de modifications sans [&hellip;]<\/p>\n","protected":false},"featured_media":155612,"template":"","meta":[],"product_brand":[5746],"product_cat":[2662,1949],"product_tag":[],"class_list":{"0":"post-70585","1":"product","2":"type-product","3":"status-publish","4":"has-post-thumbnail","6":"product_brand-white-elephant-meerschaum-pfeifenfilter","7":"product_cat-filtres-de-tuyauterie","8":"product_cat-pipe-world-fr","10":"first","11":"instock","12":"purchasable","13":"product-type-simple"},"yoast_head":"<!-- This site is optimized with the Yoast SEO plugin v27.0 - https:\/\/yoast.com\/product\/yoast-seo-wordpress\/ -->\n<title>White Elephant Natural Meerschaum Pipe Filter 9mm - Tabakversand.ch | Alles aus der Welt des Tabaks<\/title>\n<meta name=\"description\" content=\"White Elephant Natural Meerschaum Pipe Filter 9mm | La plus grande s\u00e9lection de produits du tabac de Suisse | Toutes les cartes sont accept\u00e9es!\" \/>\n<meta name=\"robots\" content=\"index, follow, max-snippet:-1, max-image-preview:large, max-video-preview:-1\" \/>\n<link rel=\"canonical\" href=\"https:\/\/www.tabakversand.ch\/fr\/produit\/blanc-elephant-naturel-meerschaum-pipe-filter-9mm\/\" \/>\n<meta property=\"og:locale\" content=\"fr_FR\" \/>\n<meta property=\"og:type\" content=\"article\" \/>\n<meta property=\"og:title\" content=\"White Elephant Natural Meerschaum Pipe Filter 9mm - Tabakversand.ch | Alles aus der Welt des Tabaks\" \/>\n<meta property=\"og:description\" content=\"White Elephant Natural Meerschaum Pipe Filter 9mm | La plus grande s\u00e9lection de produits du tabac de Suisse | Toutes les cartes sont accept\u00e9es!\" \/>\n<meta property=\"og:url\" content=\"https:\/\/www.tabakversand.ch\/fr\/produit\/blanc-elephant-naturel-meerschaum-pipe-filter-9mm\/\" \/>\n<meta property=\"og:site_name\" content=\"Tabakversand.ch | Alles aus der Welt des Tabaks\" \/>\n<meta property=\"article:modified_time\" content=\"2026-04-07T12:09:57+00:00\" \/>\n<meta property=\"og:image\" content=\"https:\/\/www.tabakversand.ch\/wp-content\/uploads\/2022\/04\/white-elephant-filter-natural-meerschaum-40.jpg\" \/>\n\t<meta property=\"og:image:width\" content=\"500\" \/>\n\t<meta property=\"og:image:height\" content=\"500\" \/>\n\t<meta property=\"og:image:type\" content=\"image\/jpeg\" \/>\n<meta name=\"twitter:card\" content=\"summary_large_image\" \/>\n<meta name=\"twitter:label1\" content=\"Dur\u00e9e de lecture estim\u00e9e\" \/>\n\t<meta name=\"twitter:data1\" content=\"1 minute\" \/>\n<script type=\"application\/ld+json\" class=\"yoast-schema-graph\">{\"@context\":\"https:\/\/schema.org\",\"@graph\":[{\"@type\":\"WebPage\",\"@id\":\"https:\/\/www.tabakversand.ch\/fr\/produit\/blanc-elephant-naturel-meerschaum-pipe-filter-9mm\/\",\"url\":\"https:\/\/www.tabakversand.ch\/fr\/produit\/blanc-elephant-naturel-meerschaum-pipe-filter-9mm\/\",\"name\":\"White Elephant Natural Meerschaum Pipe Filter 9mm - Tabakversand.ch | Alles aus der Welt des Tabaks\",\"isPartOf\":{\"@id\":\"https:\/\/www.tabakversand.ch\/#website\"},\"primaryImageOfPage\":{\"@id\":\"https:\/\/www.tabakversand.ch\/fr\/produit\/blanc-elephant-naturel-meerschaum-pipe-filter-9mm\/#primaryimage\"},\"image\":{\"@id\":\"https:\/\/www.tabakversand.ch\/fr\/produit\/blanc-elephant-naturel-meerschaum-pipe-filter-9mm\/#primaryimage\"},\"thumbnailUrl\":\"https:\/\/www.tabakversand.ch\/wp-content\/uploads\/2022\/04\/white-elephant-filter-natural-meerschaum-40.jpg\",\"datePublished\":\"2022-04-02T08:59:01+00:00\",\"dateModified\":\"2026-04-07T12:09:57+00:00\",\"description\":\"White Elephant Natural Meerschaum Pipe Filter 9mm | La plus grande s\u00e9lection de produits du tabac de Suisse | Toutes les cartes sont accept\u00e9es!\",\"breadcrumb\":{\"@id\":\"https:\/\/www.tabakversand.ch\/fr\/produit\/blanc-elephant-naturel-meerschaum-pipe-filter-9mm\/#breadcrumb\"},\"inLanguage\":\"fr-FR\",\"potentialAction\":[{\"@type\":\"ReadAction\",\"target\":[\"https:\/\/www.tabakversand.ch\/fr\/produit\/blanc-elephant-naturel-meerschaum-pipe-filter-9mm\/\"]}]},{\"@type\":\"ImageObject\",\"inLanguage\":\"fr-FR\",\"@id\":\"https:\/\/www.tabakversand.ch\/fr\/produit\/blanc-elephant-naturel-meerschaum-pipe-filter-9mm\/#primaryimage\",\"url\":\"https:\/\/www.tabakversand.ch\/wp-content\/uploads\/2022\/04\/white-elephant-filter-natural-meerschaum-40.jpg\",\"contentUrl\":\"https:\/\/www.tabakversand.ch\/wp-content\/uploads\/2022\/04\/white-elephant-filter-natural-meerschaum-40.jpg\",\"width\":500,\"height\":500,\"caption\":\"Filtres \u00e0 pipe en \u00e9cume de mer naturelle White Elephant 9 mm | Tabakversand.ch\"},{\"@type\":\"BreadcrumbList\",\"@id\":\"https:\/\/www.tabakversand.ch\/fr\/produit\/blanc-elephant-naturel-meerschaum-pipe-filter-9mm\/#breadcrumb\",\"itemListElement\":[{\"@type\":\"ListItem\",\"position\":1,\"name\":\"Startseite\",\"item\":\"https:\/\/www.tabakversand.ch\/\"},{\"@type\":\"ListItem\",\"position\":2,\"name\":\"Boutique\",\"item\":\"https:\/\/www.tabakversand.ch\/fr\/boutique\/\"},{\"@type\":\"ListItem\",\"position\":3,\"name\":\"White Elephant Natural Meerschaum Pipe Filter 9mm\"}]},{\"@type\":\"WebSite\",\"@id\":\"https:\/\/www.tabakversand.ch\/#website\",\"url\":\"https:\/\/www.tabakversand.ch\/\",\"name\":\"Tabakversand.ch | Alles aus der Welt des Tabaks\",\"description\":\"Smoke and carpe diem\",\"potentialAction\":[{\"@type\":\"SearchAction\",\"target\":{\"@type\":\"EntryPoint\",\"urlTemplate\":\"https:\/\/www.tabakversand.ch\/?s={search_term_string}\"},\"query-input\":{\"@type\":\"PropertyValueSpecification\",\"valueRequired\":true,\"valueName\":\"search_term_string\"}}],\"inLanguage\":\"fr-FR\"}]}<\/script>\n<!-- \/ Yoast SEO plugin. -->","yoast_head_json":{"title":"White Elephant Natural Meerschaum Pipe Filter 9mm - Tabakversand.ch | Alles aus der Welt des Tabaks","description":"White Elephant Natural Meerschaum Pipe Filter 9mm | La plus grande s\u00e9lection de produits du tabac de Suisse | Toutes les cartes sont accept\u00e9es!","robots":{"index":"index","follow":"follow","max-snippet":"max-snippet:-1","max-image-preview":"max-image-preview:large","max-video-preview":"max-video-preview:-1"},"canonical":"https:\/\/www.tabakversand.ch\/fr\/produit\/blanc-elephant-naturel-meerschaum-pipe-filter-9mm\/","og_locale":"fr_FR","og_type":"article","og_title":"White Elephant Natural Meerschaum Pipe Filter 9mm - Tabakversand.ch | Alles aus der Welt des Tabaks","og_description":"White Elephant Natural Meerschaum Pipe Filter 9mm | La plus grande s\u00e9lection de produits du tabac de Suisse | Toutes les cartes sont accept\u00e9es!","og_url":"https:\/\/www.tabakversand.ch\/fr\/produit\/blanc-elephant-naturel-meerschaum-pipe-filter-9mm\/","og_site_name":"Tabakversand.ch | Alles aus der Welt des Tabaks","article_modified_time":"2026-04-07T12:09:57+00:00","og_image":[{"width":500,"height":500,"url":"https:\/\/www.tabakversand.ch\/wp-content\/uploads\/2022\/04\/white-elephant-filter-natural-meerschaum-40.jpg","type":"image\/jpeg"}],"twitter_card":"summary_large_image","twitter_misc":{"Dur\u00e9e de lecture estim\u00e9e":"1 minute"},"schema":{"@context":"https:\/\/schema.org","@graph":[{"@type":"WebPage","@id":"https:\/\/www.tabakversand.ch\/fr\/produit\/blanc-elephant-naturel-meerschaum-pipe-filter-9mm\/","url":"https:\/\/www.tabakversand.ch\/fr\/produit\/blanc-elephant-naturel-meerschaum-pipe-filter-9mm\/","name":"White Elephant Natural Meerschaum Pipe Filter 9mm - Tabakversand.ch | Alles aus der Welt des Tabaks","isPartOf":{"@id":"https:\/\/www.tabakversand.ch\/#website"},"primaryImageOfPage":{"@id":"https:\/\/www.tabakversand.ch\/fr\/produit\/blanc-elephant-naturel-meerschaum-pipe-filter-9mm\/#primaryimage"},"image":{"@id":"https:\/\/www.tabakversand.ch\/fr\/produit\/blanc-elephant-naturel-meerschaum-pipe-filter-9mm\/#primaryimage"},"thumbnailUrl":"https:\/\/www.tabakversand.ch\/wp-content\/uploads\/2022\/04\/white-elephant-filter-natural-meerschaum-40.jpg","datePublished":"2022-04-02T08:59:01+00:00","dateModified":"2026-04-07T12:09:57+00:00","description":"White Elephant Natural Meerschaum Pipe Filter 9mm | La plus grande s\u00e9lection de produits du tabac de Suisse | Toutes les cartes sont accept\u00e9es!","breadcrumb":{"@id":"https:\/\/www.tabakversand.ch\/fr\/produit\/blanc-elephant-naturel-meerschaum-pipe-filter-9mm\/#breadcrumb"},"inLanguage":"fr-FR","potentialAction":[{"@type":"ReadAction","target":["https:\/\/www.tabakversand.ch\/fr\/produit\/blanc-elephant-naturel-meerschaum-pipe-filter-9mm\/"]}]},{"@type":"ImageObject","inLanguage":"fr-FR","@id":"https:\/\/www.tabakversand.ch\/fr\/produit\/blanc-elephant-naturel-meerschaum-pipe-filter-9mm\/#primaryimage","url":"https:\/\/www.tabakversand.ch\/wp-content\/uploads\/2022\/04\/white-elephant-filter-natural-meerschaum-40.jpg","contentUrl":"https:\/\/www.tabakversand.ch\/wp-content\/uploads\/2022\/04\/white-elephant-filter-natural-meerschaum-40.jpg","width":500,"height":500,"caption":"Filtres \u00e0 pipe en \u00e9cume de mer naturelle White Elephant 9 mm | Tabakversand.ch"},{"@type":"BreadcrumbList","@id":"https:\/\/www.tabakversand.ch\/fr\/produit\/blanc-elephant-naturel-meerschaum-pipe-filter-9mm\/#breadcrumb","itemListElement":[{"@type":"ListItem","position":1,"name":"Startseite","item":"https:\/\/www.tabakversand.ch\/"},{"@type":"ListItem","position":2,"name":"Boutique","item":"https:\/\/www.tabakversand.ch\/fr\/boutique\/"},{"@type":"ListItem","position":3,"name":"White Elephant Natural Meerschaum Pipe Filter 9mm"}]},{"@type":"WebSite","@id":"https:\/\/www.tabakversand.ch\/#website","url":"https:\/\/www.tabakversand.ch\/","name":"Tabakversand.ch | Alles aus der Welt des Tabaks","description":"Smoke and carpe diem","potentialAction":[{"@type":"SearchAction","target":{"@type":"EntryPoint","urlTemplate":"https:\/\/www.tabakversand.ch\/?s={search_term_string}"},"query-input":{"@type":"PropertyValueSpecification","valueRequired":true,"valueName":"search_term_string"}}],"inLanguage":"fr-FR"}]}},"_links":{"self":[{"href":"https:\/\/www.tabakversand.ch\/fr\/wp-json\/wp\/v2\/product\/70585","targetHints":{"allow":["GET"]}}],"collection":[{"href":"https:\/\/www.tabakversand.ch\/fr\/wp-json\/wp\/v2\/product"}],"about":[{"href":"https:\/\/www.tabakversand.ch\/fr\/wp-json\/wp\/v2\/types\/product"}],"version-history":[{"count":4,"href":"https:\/\/www.tabakversand.ch\/fr\/wp-json\/wp\/v2\/product\/70585\/revisions"}],"predecessor-version":[{"id":217236,"href":"https:\/\/www.tabakversand.ch\/fr\/wp-json\/wp\/v2\/product\/70585\/revisions\/217236"}],"wp:featuredmedia":[{"embeddable":true,"href":"https:\/\/www.tabakversand.ch\/fr\/wp-json\/wp\/v2\/media\/155612"}],"wp:attachment":[{"href":"https:\/\/www.tabakversand.ch\/fr\/wp-json\/wp\/v2\/media?parent=70585"}],"wp:term":[{"taxonomy":"product_brand","embeddable":true,"href":"https:\/\/www.tabakversand.ch\/fr\/wp-json\/wp\/v2\/product_brand?post=70585"},{"taxonomy":"product_cat","embeddable":true,"href":"https:\/\/www.tabakversand.ch\/fr\/wp-json\/wp\/v2\/product_cat?post=70585"},{"taxonomy":"product_tag","embeddable":true,"href":"https:\/\/www.tabakversand.ch\/fr\/wp-json\/wp\/v2\/product_tag?post=70585"}],"curies":[{"name":"wp","href":"https:\/\/api.w.org\/{rel}","templated":true}]}}