{"id":70904,"date":"2022-04-02T10:58:21","date_gmt":"2022-04-02T08:58:21","guid":{"rendered":"http:\/\/www.tabakversand.ch\/produkt\/icetool-suns-portioner-champagne\/"},"modified":"2026-04-13T13:40:58","modified_gmt":"2026-04-13T11:40:58","slug":"icetool-suns-portionierer-champagne","status":"publish","type":"product","link":"https:\/\/www.tabakversand.ch\/fr\/produit\/icetool-suns-portionierer-champagne\/","title":{"rendered":"Chacom n\u00b0 6 50 gr. Tabac \u00e0 pipe"},"content":{"rendered":"<p>Chacom n\u00b0 6 50 gr. Tabac \u00e0 pipe<\/p>\n<p>Savoureux m\u00e9lange de divers tabacs Black Cavendish et Virginia, aromatis\u00e9 \u00e0 l&rsquo;ar\u00f4me de rhum. De subtiles notes de caf\u00e9 et de caramel parfument ce m\u00e9lange au go\u00fbt \u00e9quilibr\u00e9 et peu prononc\u00e9.<\/p>\n<p>5 canettes<\/p>\n<table width=\"30%\">\n<tbody>\n<tr>\n<td width=\"50%\">Taper:<\/td>\n<td width=\"50%\">Virginie<\/td>\n<\/tr>\n<tr>\n<td width=\"50%\">Ar\u00f4me:<\/td>\n<td width=\"50%\">2\/5<\/td>\n<\/tr>\n<tr>\n<td width=\"50%\">Force:<\/td>\n<td width=\"50%\">2\/5<\/td>\n<\/tr>\n<tr>\n<td width=\"50%\">Remarque sur la chambre&nbsp;:<\/td>\n<td width=\"50%\">4\/5<\/td>\n<\/tr>\n<\/tbody>\n<\/table>\n<p>Tous les prix indiqu\u00e9s sont valables uniquement pour les commandes en ligne, TVA incluse, et peuvent \u00eatre modifi\u00e9s sans pr\u00e9avis. Les frais de port sont en sus.   Sous r\u00e9serve d&rsquo;erreurs, de modifications de l&rsquo;\u00e9tendue de la livraison et de la conception, d&rsquo;erreurs d&rsquo;impression et de modifications de prix. Les prix barr\u00e9s sont plut\u00f4t des prix. L&rsquo;illustration peut diff\u00e9rer de l&rsquo;original\/de l&rsquo;\u00e9tendue de la livraison.<br \/>\n*Livraison gratuite pour les commandes sup\u00e9rieures \u00e0 CHF 250.-.<\/p>\n","protected":false},"excerpt":{"rendered":"<p>Chacom n\u00b0 6 50 gr. Tabac \u00e0 pipe Savoureux m\u00e9lange de divers tabacs Black Cavendish et Virginia, aromatis\u00e9 \u00e0 l&rsquo;ar\u00f4me de rhum. De subtiles notes de caf\u00e9 et de caramel parfument ce m\u00e9lange au go\u00fbt \u00e9quilibr\u00e9 et peu prononc\u00e9. 5 canettes Taper: Virginie Ar\u00f4me: 2\/5 Force: 2\/5 Remarque sur la chambre&nbsp;: 4\/5 Tous les prix [&hellip;]<\/p>\n","protected":false},"featured_media":155445,"template":"","meta":[],"product_brand":[3120],"product_cat":[5814,1949,1888,2040],"product_tag":[],"class_list":{"0":"post-70904","1":"product","2":"type-product","3":"status-publish","4":"has-post-thumbnail","6":"product_brand-chacom-pfeifen-und-tabak","7":"product_cat-boites","8":"product_cat-pipe-world-fr","9":"product_cat-tabac","10":"product_cat-tabac-a-pipe-fr","12":"first","13":"onbackorder","14":"purchasable","15":"product-type-simple"},"yoast_head":"<!-- This site is optimized with the Yoast SEO plugin v27.0 - https:\/\/yoast.com\/product\/yoast-seo-wordpress\/ -->\n<title>Chacom n\u00b0 6 50 gr. Tabac \u00e0 pipe - Tabakversand.ch | Alles aus der Welt des Tabaks<\/title>\n<meta name=\"description\" content=\"Chacom n\u00b0 6 50 gr. Tabac \u00e0 pipe | Un tr\u00e8s grand choix de produits du tabac, d&#039;e-smoke et d&#039;ustensiles pour fumer dans toute la Suisse Cartes accept\u00e9es !\" \/>\n<meta name=\"robots\" content=\"index, follow, max-snippet:-1, max-image-preview:large, max-video-preview:-1\" \/>\n<link rel=\"canonical\" href=\"https:\/\/www.tabakversand.ch\/fr\/produit\/icetool-suns-portionierer-champagne\/\" \/>\n<meta property=\"og:locale\" content=\"fr_FR\" \/>\n<meta property=\"og:type\" content=\"article\" \/>\n<meta property=\"og:title\" content=\"Chacom n\u00b0 6 50 gr. Tabac \u00e0 pipe - Tabakversand.ch | Alles aus der Welt des Tabaks\" \/>\n<meta property=\"og:description\" content=\"Chacom n\u00b0 6 50 gr. Tabac \u00e0 pipe | Un tr\u00e8s grand choix de produits du tabac, d&#039;e-smoke et d&#039;ustensiles pour fumer dans toute la Suisse Cartes accept\u00e9es !\" \/>\n<meta property=\"og:url\" content=\"https:\/\/www.tabakversand.ch\/fr\/produit\/icetool-suns-portionierer-champagne\/\" \/>\n<meta property=\"og:site_name\" content=\"Tabakversand.ch | Alles aus der Welt des Tabaks\" \/>\n<meta property=\"article:modified_time\" content=\"2026-04-13T11:40:58+00:00\" \/>\n<meta property=\"og:image\" content=\"https:\/\/www.tabakversand.ch\/wp-content\/uploads\/2022\/04\/chacom-no-6.jpg\" \/>\n\t<meta property=\"og:image:width\" content=\"496\" \/>\n\t<meta property=\"og:image:height\" content=\"500\" \/>\n\t<meta property=\"og:image:type\" content=\"image\/jpeg\" \/>\n<meta name=\"twitter:card\" content=\"summary_large_image\" \/>\n<meta name=\"twitter:label1\" content=\"Dur\u00e9e de lecture estim\u00e9e\" \/>\n\t<meta name=\"twitter:data1\" content=\"1 minute\" \/>\n<script type=\"application\/ld+json\" class=\"yoast-schema-graph\">{\"@context\":\"https:\/\/schema.org\",\"@graph\":[{\"@type\":\"WebPage\",\"@id\":\"https:\/\/www.tabakversand.ch\/fr\/produit\/icetool-suns-portionierer-champagne\/\",\"url\":\"https:\/\/www.tabakversand.ch\/fr\/produit\/icetool-suns-portionierer-champagne\/\",\"name\":\"Chacom n\u00b0 6 50 gr. Tabac \u00e0 pipe - Tabakversand.ch | Alles aus der Welt des Tabaks\",\"isPartOf\":{\"@id\":\"https:\/\/www.tabakversand.ch\/#website\"},\"primaryImageOfPage\":{\"@id\":\"https:\/\/www.tabakversand.ch\/fr\/produit\/icetool-suns-portionierer-champagne\/#primaryimage\"},\"image\":{\"@id\":\"https:\/\/www.tabakversand.ch\/fr\/produit\/icetool-suns-portionierer-champagne\/#primaryimage\"},\"thumbnailUrl\":\"https:\/\/www.tabakversand.ch\/wp-content\/uploads\/2022\/04\/chacom-no-6.jpg\",\"datePublished\":\"2022-04-02T08:58:21+00:00\",\"dateModified\":\"2026-04-13T11:40:58+00:00\",\"description\":\"Chacom n\u00b0 6 50 gr. Tabac \u00e0 pipe | Un tr\u00e8s grand choix de produits du tabac, d'e-smoke et d'ustensiles pour fumer dans toute la Suisse Cartes accept\u00e9es !\",\"breadcrumb\":{\"@id\":\"https:\/\/www.tabakversand.ch\/fr\/produit\/icetool-suns-portionierer-champagne\/#breadcrumb\"},\"inLanguage\":\"fr-FR\",\"potentialAction\":[{\"@type\":\"ReadAction\",\"target\":[\"https:\/\/www.tabakversand.ch\/fr\/produit\/icetool-suns-portionierer-champagne\/\"]}]},{\"@type\":\"ImageObject\",\"inLanguage\":\"fr-FR\",\"@id\":\"https:\/\/www.tabakversand.ch\/fr\/produit\/icetool-suns-portionierer-champagne\/#primaryimage\",\"url\":\"https:\/\/www.tabakversand.ch\/wp-content\/uploads\/2022\/04\/chacom-no-6.jpg\",\"contentUrl\":\"https:\/\/www.tabakversand.ch\/wp-content\/uploads\/2022\/04\/chacom-no-6.jpg\",\"width\":496,\"height\":500,\"caption\":\"Chacom n\u00b0 6 50 gr. Tabac \u00e0 pipe | Tabakversand.ch\"},{\"@type\":\"BreadcrumbList\",\"@id\":\"https:\/\/www.tabakversand.ch\/fr\/produit\/icetool-suns-portionierer-champagne\/#breadcrumb\",\"itemListElement\":[{\"@type\":\"ListItem\",\"position\":1,\"name\":\"Startseite\",\"item\":\"https:\/\/www.tabakversand.ch\/\"},{\"@type\":\"ListItem\",\"position\":2,\"name\":\"Boutique\",\"item\":\"https:\/\/www.tabakversand.ch\/fr\/boutique\/\"},{\"@type\":\"ListItem\",\"position\":3,\"name\":\"Chacom n\u00b0 6 50 gr. Tabac \u00e0 pipe\"}]},{\"@type\":\"WebSite\",\"@id\":\"https:\/\/www.tabakversand.ch\/#website\",\"url\":\"https:\/\/www.tabakversand.ch\/\",\"name\":\"Tabakversand.ch | Alles aus der Welt des Tabaks\",\"description\":\"Smoke and carpe diem\",\"potentialAction\":[{\"@type\":\"SearchAction\",\"target\":{\"@type\":\"EntryPoint\",\"urlTemplate\":\"https:\/\/www.tabakversand.ch\/?s={search_term_string}\"},\"query-input\":{\"@type\":\"PropertyValueSpecification\",\"valueRequired\":true,\"valueName\":\"search_term_string\"}}],\"inLanguage\":\"fr-FR\"}]}<\/script>\n<!-- \/ Yoast SEO plugin. -->","yoast_head_json":{"title":"Chacom n\u00b0 6 50 gr. Tabac \u00e0 pipe - Tabakversand.ch | Alles aus der Welt des Tabaks","description":"Chacom n\u00b0 6 50 gr. Tabac \u00e0 pipe | Un tr\u00e8s grand choix de produits du tabac, d'e-smoke et d'ustensiles pour fumer dans toute la Suisse Cartes accept\u00e9es !","robots":{"index":"index","follow":"follow","max-snippet":"max-snippet:-1","max-image-preview":"max-image-preview:large","max-video-preview":"max-video-preview:-1"},"canonical":"https:\/\/www.tabakversand.ch\/fr\/produit\/icetool-suns-portionierer-champagne\/","og_locale":"fr_FR","og_type":"article","og_title":"Chacom n\u00b0 6 50 gr. Tabac \u00e0 pipe - Tabakversand.ch | Alles aus der Welt des Tabaks","og_description":"Chacom n\u00b0 6 50 gr. Tabac \u00e0 pipe | Un tr\u00e8s grand choix de produits du tabac, d'e-smoke et d'ustensiles pour fumer dans toute la Suisse Cartes accept\u00e9es !","og_url":"https:\/\/www.tabakversand.ch\/fr\/produit\/icetool-suns-portionierer-champagne\/","og_site_name":"Tabakversand.ch | Alles aus der Welt des Tabaks","article_modified_time":"2026-04-13T11:40:58+00:00","og_image":[{"width":496,"height":500,"url":"https:\/\/www.tabakversand.ch\/wp-content\/uploads\/2022\/04\/chacom-no-6.jpg","type":"image\/jpeg"}],"twitter_card":"summary_large_image","twitter_misc":{"Dur\u00e9e de lecture estim\u00e9e":"1 minute"},"schema":{"@context":"https:\/\/schema.org","@graph":[{"@type":"WebPage","@id":"https:\/\/www.tabakversand.ch\/fr\/produit\/icetool-suns-portionierer-champagne\/","url":"https:\/\/www.tabakversand.ch\/fr\/produit\/icetool-suns-portionierer-champagne\/","name":"Chacom n\u00b0 6 50 gr. Tabac \u00e0 pipe - Tabakversand.ch | Alles aus der Welt des Tabaks","isPartOf":{"@id":"https:\/\/www.tabakversand.ch\/#website"},"primaryImageOfPage":{"@id":"https:\/\/www.tabakversand.ch\/fr\/produit\/icetool-suns-portionierer-champagne\/#primaryimage"},"image":{"@id":"https:\/\/www.tabakversand.ch\/fr\/produit\/icetool-suns-portionierer-champagne\/#primaryimage"},"thumbnailUrl":"https:\/\/www.tabakversand.ch\/wp-content\/uploads\/2022\/04\/chacom-no-6.jpg","datePublished":"2022-04-02T08:58:21+00:00","dateModified":"2026-04-13T11:40:58+00:00","description":"Chacom n\u00b0 6 50 gr. Tabac \u00e0 pipe | Un tr\u00e8s grand choix de produits du tabac, d'e-smoke et d'ustensiles pour fumer dans toute la Suisse Cartes accept\u00e9es !","breadcrumb":{"@id":"https:\/\/www.tabakversand.ch\/fr\/produit\/icetool-suns-portionierer-champagne\/#breadcrumb"},"inLanguage":"fr-FR","potentialAction":[{"@type":"ReadAction","target":["https:\/\/www.tabakversand.ch\/fr\/produit\/icetool-suns-portionierer-champagne\/"]}]},{"@type":"ImageObject","inLanguage":"fr-FR","@id":"https:\/\/www.tabakversand.ch\/fr\/produit\/icetool-suns-portionierer-champagne\/#primaryimage","url":"https:\/\/www.tabakversand.ch\/wp-content\/uploads\/2022\/04\/chacom-no-6.jpg","contentUrl":"https:\/\/www.tabakversand.ch\/wp-content\/uploads\/2022\/04\/chacom-no-6.jpg","width":496,"height":500,"caption":"Chacom n\u00b0 6 50 gr. Tabac \u00e0 pipe | Tabakversand.ch"},{"@type":"BreadcrumbList","@id":"https:\/\/www.tabakversand.ch\/fr\/produit\/icetool-suns-portionierer-champagne\/#breadcrumb","itemListElement":[{"@type":"ListItem","position":1,"name":"Startseite","item":"https:\/\/www.tabakversand.ch\/"},{"@type":"ListItem","position":2,"name":"Boutique","item":"https:\/\/www.tabakversand.ch\/fr\/boutique\/"},{"@type":"ListItem","position":3,"name":"Chacom n\u00b0 6 50 gr. Tabac \u00e0 pipe"}]},{"@type":"WebSite","@id":"https:\/\/www.tabakversand.ch\/#website","url":"https:\/\/www.tabakversand.ch\/","name":"Tabakversand.ch | Alles aus der Welt des Tabaks","description":"Smoke and carpe diem","potentialAction":[{"@type":"SearchAction","target":{"@type":"EntryPoint","urlTemplate":"https:\/\/www.tabakversand.ch\/?s={search_term_string}"},"query-input":{"@type":"PropertyValueSpecification","valueRequired":true,"valueName":"search_term_string"}}],"inLanguage":"fr-FR"}]}},"_links":{"self":[{"href":"https:\/\/www.tabakversand.ch\/fr\/wp-json\/wp\/v2\/product\/70904","targetHints":{"allow":["GET"]}}],"collection":[{"href":"https:\/\/www.tabakversand.ch\/fr\/wp-json\/wp\/v2\/product"}],"about":[{"href":"https:\/\/www.tabakversand.ch\/fr\/wp-json\/wp\/v2\/types\/product"}],"version-history":[{"count":4,"href":"https:\/\/www.tabakversand.ch\/fr\/wp-json\/wp\/v2\/product\/70904\/revisions"}],"predecessor-version":[{"id":217764,"href":"https:\/\/www.tabakversand.ch\/fr\/wp-json\/wp\/v2\/product\/70904\/revisions\/217764"}],"wp:featuredmedia":[{"embeddable":true,"href":"https:\/\/www.tabakversand.ch\/fr\/wp-json\/wp\/v2\/media\/155445"}],"wp:attachment":[{"href":"https:\/\/www.tabakversand.ch\/fr\/wp-json\/wp\/v2\/media?parent=70904"}],"wp:term":[{"taxonomy":"product_brand","embeddable":true,"href":"https:\/\/www.tabakversand.ch\/fr\/wp-json\/wp\/v2\/product_brand?post=70904"},{"taxonomy":"product_cat","embeddable":true,"href":"https:\/\/www.tabakversand.ch\/fr\/wp-json\/wp\/v2\/product_cat?post=70904"},{"taxonomy":"product_tag","embeddable":true,"href":"https:\/\/www.tabakversand.ch\/fr\/wp-json\/wp\/v2\/product_tag?post=70904"}],"curies":[{"name":"wp","href":"https:\/\/api.w.org\/{rel}","templated":true}]}}