{"id":70946,"date":"2022-04-02T10:58:21","date_gmt":"2022-04-02T08:58:21","guid":{"rendered":"http:\/\/www.tabakversand.ch\/produkt\/vauen-dr-perl-junior-filtre-a-tuyau-en-charbon-actif-9-mm-180-pieces\/"},"modified":"2026-03-12T18:49:01","modified_gmt":"2026-03-12T17:49:01","slug":"vauen-dr-perl-junior","status":"publish","type":"product","link":"https:\/\/www.tabakversand.ch\/fr\/produit\/vauen-dr-perl-junior\/","title":{"rendered":"Filtre \u00e0 charbon actif Vauen Dr. Perl Junior 9 mm"},"content":{"rendered":"<h1>Vauen Dr. Perl Junior<\/h1>\n<p>Des recherches constantes et un d\u00e9veloppement continu ont permis de franchir une nouvelle \u00e9tape importante dans l&rsquo;histoire de la soci\u00e9t\u00e9 VAUEN en 1934&nbsp;: le filtre \u00e0 charbon actif Dr. Perl Junior 9&nbsp;mm a vu le jour. C\u2019\u00e9tait le premier filtre \u00e0 charbon actif au monde pour r\u00e9duire les polluants dans le secteur du tabac. Le charbon actif filtre encore plus efficacement les polluants, la nicotine et les condensats de la fum\u00e9e. La recherche et le d\u00e9veloppement ont conduit \u00e0 l\u2019am\u00e9lioration du filtre \u00e0 charbon actif Dr. Perl Junior. Un syst\u00e8me de filtration complexe a \u00e9t\u00e9 d\u00e9velopp\u00e9 qui signifie une filtration \u00e9lev\u00e9e avec une faible r\u00e9sistance \u00e0 la traction pour l\u2019utilisateur. Cela rend le tabagisme tr\u00e8s agr\u00e9able.<\/p>\n<ul>\n<li>Am\u00e9lioration de la r\u00e9duction des polluants gr\u00e2ce aux granul\u00e9s de charbon hautement actifs<\/li>\n<li>Deux capuchons en c\u00e9ramique r\u00e9sistants \u00e0 la chaleur avec une structure de pores sp\u00e9ciale<\/li>\n<li>Papier filtre perfor\u00e9 et absorbant<\/li>\n<li>Peut \u00eatre utilis\u00e9 des deux c\u00f4t\u00e9s<\/li>\n<\/ul>\n<p>Disponibles en paquets de 40, 100 ou 180.<\/p>\n<p>Chez tabakversand.ch, vos filtres Dr. Perl Junior vous sont livr\u00e9s au sec et dans leur emballage d&rsquo;origine. Un stockage soign\u00e9 garantit une qualit\u00e9 optimale jusqu&rsquo;\u00e0 l&rsquo;exp\u00e9dition. Gr\u00e2ce \u00e0 une livraison rapide en Suisse, vos filtres \u00e0 pipe Dr. Perl Junior arrivent g\u00e9n\u00e9ralement tr\u00e8s vite.  <\/p>\n<p>Pour plus d&rsquo;informations sur le fabricant Vauen, veuillez consulter la page Wikip\u00e9dia correspondante&nbsp;: <a href=\"https:\/\/de.wikipedia.org\/wiki\/Vauen\">cliquez ici<\/a> . Si vous avez des questions concernant le produit, n&rsquo;h\u00e9sitez pas \u00e0 nous contacter&nbsp;: <a href=\"https:\/\/www.tabakversand.ch\/kontakt\/\">cliquez ici<\/a> . <\/p>\n<p>Tous les prix s&rsquo;appliquent uniquement aux commandes en ligne et incluent la TVA. Sous r\u00e9serve de modifications sans pr\u00e9avis, frais de livraison en sus. Sous r\u00e9serve d&rsquo;erreurs, de modifications de contenu de livraison et de conception, de fautes d&rsquo;impression et de modifications de prix. Les prix barr\u00e9s sont des prix de remplacement. Les illustrations peuvent diff\u00e9rer de l&rsquo;original\/du contenu de livraison.<br \/>\n*Livraison gratuite pour les commandes sup\u00e9rieures \u00e0 CHF 250.-.<\/p>\n","protected":false},"excerpt":{"rendered":"<p>Vauen Dr. Perl Junior Des recherches constantes et un d\u00e9veloppement continu ont permis de franchir une nouvelle \u00e9tape importante dans l&rsquo;histoire de la soci\u00e9t\u00e9 VAUEN en 1934&nbsp;: le filtre \u00e0 charbon actif Dr. Perl Junior 9&nbsp;mm a vu le jour. C\u2019\u00e9tait le premier filtre \u00e0 charbon actif au monde pour r\u00e9duire les polluants dans le [&hellip;]<\/p>\n","protected":false},"featured_media":213092,"template":"","meta":[],"product_brand":[5273],"product_cat":[2662,1949],"product_tag":[],"class_list":{"0":"post-70946","1":"product","2":"type-product","3":"status-publish","4":"has-post-thumbnail","6":"product_brand-vauen","7":"product_cat-filtres-de-tuyauterie","8":"product_cat-pipe-world-fr","9":"pa_auswahl-100-pieces","10":"pa_auswahl-180-pieces","11":"pa_auswahl-40-pieces","13":"first","14":"instock","15":"purchasable","16":"product-type-variable"},"yoast_head":"<!-- This site is optimized with the Yoast SEO plugin v27.0 - https:\/\/yoast.com\/product\/yoast-seo-wordpress\/ -->\n<title>-<\/title>\n<meta name=\"description\" content=\"Dr. Perl Junior \u2013 Filtres \u00e0 charbon actif pratiques pour pipes, offrant une filtration efficace. Assure une fum\u00e9e plus fra\u00eeche et plus s\u00e8che.\" \/>\n<meta name=\"robots\" content=\"index, follow, max-snippet:-1, max-image-preview:large, max-video-preview:-1\" \/>\n<link rel=\"canonical\" href=\"https:\/\/www.tabakversand.ch\/fr\/produit\/vauen-dr-perl-junior\/\" \/>\n<meta property=\"og:locale\" content=\"fr_FR\" \/>\n<meta property=\"og:type\" content=\"article\" \/>\n<meta property=\"og:title\" content=\"-\" \/>\n<meta property=\"og:description\" content=\"Dr. Perl Junior \u2013 Filtres \u00e0 charbon actif pratiques pour pipes, offrant une filtration efficace. Assure une fum\u00e9e plus fra\u00eeche et plus s\u00e8che.\" \/>\n<meta property=\"og:url\" content=\"https:\/\/www.tabakversand.ch\/fr\/produit\/vauen-dr-perl-junior\/\" \/>\n<meta property=\"og:site_name\" content=\"Tabakversand.ch | Alles aus der Welt des Tabaks\" \/>\n<meta property=\"article:modified_time\" content=\"2026-03-12T17:49:01+00:00\" \/>\n<meta property=\"og:image\" content=\"https:\/\/www.tabakversand.ch\/wp-content\/uploads\/2022\/04\/dr-perl-junior-pfeifenfilter-9mm.jpg\" \/>\n\t<meta property=\"og:image:width\" content=\"500\" \/>\n\t<meta property=\"og:image:height\" content=\"500\" \/>\n\t<meta property=\"og:image:type\" content=\"image\/jpeg\" \/>\n<meta name=\"twitter:card\" content=\"summary_large_image\" \/>\n<meta name=\"twitter:label1\" content=\"Dur\u00e9e de lecture estim\u00e9e\" \/>\n\t<meta name=\"twitter:data1\" content=\"2 minutes\" \/>\n<script type=\"application\/ld+json\" class=\"yoast-schema-graph\">{\"@context\":\"https:\/\/schema.org\",\"@graph\":[{\"@type\":\"WebPage\",\"@id\":\"https:\/\/www.tabakversand.ch\/fr\/produit\/vauen-dr-perl-junior\/\",\"url\":\"https:\/\/www.tabakversand.ch\/fr\/produit\/vauen-dr-perl-junior\/\",\"name\":\"-\",\"isPartOf\":{\"@id\":\"https:\/\/www.tabakversand.ch\/#website\"},\"primaryImageOfPage\":{\"@id\":\"https:\/\/www.tabakversand.ch\/fr\/produit\/vauen-dr-perl-junior\/#primaryimage\"},\"image\":{\"@id\":\"https:\/\/www.tabakversand.ch\/fr\/produit\/vauen-dr-perl-junior\/#primaryimage\"},\"thumbnailUrl\":\"https:\/\/www.tabakversand.ch\/wp-content\/uploads\/2022\/04\/dr-perl-junior-pfeifenfilter-9mm.jpg\",\"datePublished\":\"2022-04-02T08:58:21+00:00\",\"dateModified\":\"2026-03-12T17:49:01+00:00\",\"description\":\"Dr. Perl Junior \u2013 Filtres \u00e0 charbon actif pratiques pour pipes, offrant une filtration efficace. Assure une fum\u00e9e plus fra\u00eeche et plus s\u00e8che.\",\"breadcrumb\":{\"@id\":\"https:\/\/www.tabakversand.ch\/fr\/produit\/vauen-dr-perl-junior\/#breadcrumb\"},\"inLanguage\":\"fr-FR\",\"potentialAction\":[{\"@type\":\"ReadAction\",\"target\":[\"https:\/\/www.tabakversand.ch\/fr\/produit\/vauen-dr-perl-junior\/\"]}]},{\"@type\":\"ImageObject\",\"inLanguage\":\"fr-FR\",\"@id\":\"https:\/\/www.tabakversand.ch\/fr\/produit\/vauen-dr-perl-junior\/#primaryimage\",\"url\":\"https:\/\/www.tabakversand.ch\/wp-content\/uploads\/2022\/04\/dr-perl-junior-pfeifenfilter-9mm.jpg\",\"contentUrl\":\"https:\/\/www.tabakversand.ch\/wp-content\/uploads\/2022\/04\/dr-perl-junior-pfeifenfilter-9mm.jpg\",\"width\":500,\"height\":500,\"caption\":\"Filtres \u00e0 charbon actif Vauen Dr. Perl Junior 9 mm pour tuyaux | tabakversand.ch\"},{\"@type\":\"BreadcrumbList\",\"@id\":\"https:\/\/www.tabakversand.ch\/fr\/produit\/vauen-dr-perl-junior\/#breadcrumb\",\"itemListElement\":[{\"@type\":\"ListItem\",\"position\":1,\"name\":\"Startseite\",\"item\":\"https:\/\/www.tabakversand.ch\/\"},{\"@type\":\"ListItem\",\"position\":2,\"name\":\"Boutique\",\"item\":\"https:\/\/www.tabakversand.ch\/fr\/boutique\/\"},{\"@type\":\"ListItem\",\"position\":3,\"name\":\"Filtre \u00e0 charbon actif Vauen Dr. Perl Junior 9 mm\"}]},{\"@type\":\"WebSite\",\"@id\":\"https:\/\/www.tabakversand.ch\/#website\",\"url\":\"https:\/\/www.tabakversand.ch\/\",\"name\":\"Tabakversand.ch | Alles aus der Welt des Tabaks\",\"description\":\"Smoke and carpe diem\",\"potentialAction\":[{\"@type\":\"SearchAction\",\"target\":{\"@type\":\"EntryPoint\",\"urlTemplate\":\"https:\/\/www.tabakversand.ch\/?s={search_term_string}\"},\"query-input\":{\"@type\":\"PropertyValueSpecification\",\"valueRequired\":true,\"valueName\":\"search_term_string\"}}],\"inLanguage\":\"fr-FR\"}]}<\/script>\n<!-- \/ Yoast SEO plugin. -->","yoast_head_json":{"title":"-","description":"Dr. Perl Junior \u2013 Filtres \u00e0 charbon actif pratiques pour pipes, offrant une filtration efficace. Assure une fum\u00e9e plus fra\u00eeche et plus s\u00e8che.","robots":{"index":"index","follow":"follow","max-snippet":"max-snippet:-1","max-image-preview":"max-image-preview:large","max-video-preview":"max-video-preview:-1"},"canonical":"https:\/\/www.tabakversand.ch\/fr\/produit\/vauen-dr-perl-junior\/","og_locale":"fr_FR","og_type":"article","og_title":"-","og_description":"Dr. Perl Junior \u2013 Filtres \u00e0 charbon actif pratiques pour pipes, offrant une filtration efficace. Assure une fum\u00e9e plus fra\u00eeche et plus s\u00e8che.","og_url":"https:\/\/www.tabakversand.ch\/fr\/produit\/vauen-dr-perl-junior\/","og_site_name":"Tabakversand.ch | Alles aus der Welt des Tabaks","article_modified_time":"2026-03-12T17:49:01+00:00","og_image":[{"width":500,"height":500,"url":"https:\/\/www.tabakversand.ch\/wp-content\/uploads\/2022\/04\/dr-perl-junior-pfeifenfilter-9mm.jpg","type":"image\/jpeg"}],"twitter_card":"summary_large_image","twitter_misc":{"Dur\u00e9e de lecture estim\u00e9e":"2 minutes"},"schema":{"@context":"https:\/\/schema.org","@graph":[{"@type":"WebPage","@id":"https:\/\/www.tabakversand.ch\/fr\/produit\/vauen-dr-perl-junior\/","url":"https:\/\/www.tabakversand.ch\/fr\/produit\/vauen-dr-perl-junior\/","name":"-","isPartOf":{"@id":"https:\/\/www.tabakversand.ch\/#website"},"primaryImageOfPage":{"@id":"https:\/\/www.tabakversand.ch\/fr\/produit\/vauen-dr-perl-junior\/#primaryimage"},"image":{"@id":"https:\/\/www.tabakversand.ch\/fr\/produit\/vauen-dr-perl-junior\/#primaryimage"},"thumbnailUrl":"https:\/\/www.tabakversand.ch\/wp-content\/uploads\/2022\/04\/dr-perl-junior-pfeifenfilter-9mm.jpg","datePublished":"2022-04-02T08:58:21+00:00","dateModified":"2026-03-12T17:49:01+00:00","description":"Dr. Perl Junior \u2013 Filtres \u00e0 charbon actif pratiques pour pipes, offrant une filtration efficace. Assure une fum\u00e9e plus fra\u00eeche et plus s\u00e8che.","breadcrumb":{"@id":"https:\/\/www.tabakversand.ch\/fr\/produit\/vauen-dr-perl-junior\/#breadcrumb"},"inLanguage":"fr-FR","potentialAction":[{"@type":"ReadAction","target":["https:\/\/www.tabakversand.ch\/fr\/produit\/vauen-dr-perl-junior\/"]}]},{"@type":"ImageObject","inLanguage":"fr-FR","@id":"https:\/\/www.tabakversand.ch\/fr\/produit\/vauen-dr-perl-junior\/#primaryimage","url":"https:\/\/www.tabakversand.ch\/wp-content\/uploads\/2022\/04\/dr-perl-junior-pfeifenfilter-9mm.jpg","contentUrl":"https:\/\/www.tabakversand.ch\/wp-content\/uploads\/2022\/04\/dr-perl-junior-pfeifenfilter-9mm.jpg","width":500,"height":500,"caption":"Filtres \u00e0 charbon actif Vauen Dr. Perl Junior 9 mm pour tuyaux | tabakversand.ch"},{"@type":"BreadcrumbList","@id":"https:\/\/www.tabakversand.ch\/fr\/produit\/vauen-dr-perl-junior\/#breadcrumb","itemListElement":[{"@type":"ListItem","position":1,"name":"Startseite","item":"https:\/\/www.tabakversand.ch\/"},{"@type":"ListItem","position":2,"name":"Boutique","item":"https:\/\/www.tabakversand.ch\/fr\/boutique\/"},{"@type":"ListItem","position":3,"name":"Filtre \u00e0 charbon actif Vauen Dr. Perl Junior 9 mm"}]},{"@type":"WebSite","@id":"https:\/\/www.tabakversand.ch\/#website","url":"https:\/\/www.tabakversand.ch\/","name":"Tabakversand.ch | Alles aus der Welt des Tabaks","description":"Smoke and carpe diem","potentialAction":[{"@type":"SearchAction","target":{"@type":"EntryPoint","urlTemplate":"https:\/\/www.tabakversand.ch\/?s={search_term_string}"},"query-input":{"@type":"PropertyValueSpecification","valueRequired":true,"valueName":"search_term_string"}}],"inLanguage":"fr-FR"}]}},"_links":{"self":[{"href":"https:\/\/www.tabakversand.ch\/fr\/wp-json\/wp\/v2\/product\/70946","targetHints":{"allow":["GET"]}}],"collection":[{"href":"https:\/\/www.tabakversand.ch\/fr\/wp-json\/wp\/v2\/product"}],"about":[{"href":"https:\/\/www.tabakversand.ch\/fr\/wp-json\/wp\/v2\/types\/product"}],"version-history":[{"count":8,"href":"https:\/\/www.tabakversand.ch\/fr\/wp-json\/wp\/v2\/product\/70946\/revisions"}],"predecessor-version":[{"id":213123,"href":"https:\/\/www.tabakversand.ch\/fr\/wp-json\/wp\/v2\/product\/70946\/revisions\/213123"}],"wp:featuredmedia":[{"embeddable":true,"href":"https:\/\/www.tabakversand.ch\/fr\/wp-json\/wp\/v2\/media\/213092"}],"wp:attachment":[{"href":"https:\/\/www.tabakversand.ch\/fr\/wp-json\/wp\/v2\/media?parent=70946"}],"wp:term":[{"taxonomy":"product_brand","embeddable":true,"href":"https:\/\/www.tabakversand.ch\/fr\/wp-json\/wp\/v2\/product_brand?post=70946"},{"taxonomy":"product_cat","embeddable":true,"href":"https:\/\/www.tabakversand.ch\/fr\/wp-json\/wp\/v2\/product_cat?post=70946"},{"taxonomy":"product_tag","embeddable":true,"href":"https:\/\/www.tabakversand.ch\/fr\/wp-json\/wp\/v2\/product_tag?post=70946"}],"curies":[{"name":"wp","href":"https:\/\/api.w.org\/{rel}","templated":true}]}}