{"id":71026,"date":"2022-04-02T10:58:04","date_gmt":"2022-04-02T08:58:04","guid":{"rendered":"http:\/\/www.tabakversand.ch\/produkt\/ciseaux-de-poche-a-cigares-davidoff-en-acier-inoxydable\/"},"modified":"2025-09-12T16:42:06","modified_gmt":"2025-09-12T14:42:06","slug":"ciseaux-de-poche-a-cigares-davidoff-en-acier-inoxydable","status":"publish","type":"product","link":"https:\/\/www.tabakversand.ch\/fr\/produit\/ciseaux-de-poche-a-cigares-davidoff-en-acier-inoxydable\/","title":{"rendered":"Ciseaux de poche \u00e0 cigares Davidoff en acier inoxydable"},"content":{"rendered":"<p>Ciseaux de poche \u00e0 cigares Davidoff en acier inoxydable  <\/p>\n<p><span style=\"font-family:calibri,sans-serif\">Les ciseaux \u00e0 cigares Davidoff en acier inoxydable permettent de couper facilement des cigares de toutes tailles et de tous formats gr\u00e2ce \u00e0 leurs lames extr\u00eamement tranchantes. En trois tailles, ces classiques offrent une utilisation agr\u00e9able et pr\u00e9cise et tiennent parfaitement dans la main.<\/span><\/p>\n<p>Tous les prix s&rsquo;appliquent uniquement aux commandes en ligne et incluent la TVA. Sous r\u00e9serve de modifications sans pr\u00e9avis, frais de livraison en sus. Sous r\u00e9serve d&rsquo;erreurs, de modifications de contenu de livraison et de conception, de fautes d&rsquo;impression et de modifications de prix. Les prix barr\u00e9s sont des prix de remplacement. Les illustrations peuvent diff\u00e9rer de l&rsquo;original\/du contenu de livraison.<br \/>\n*Livraison gratuite pour les commandes sup\u00e9rieures \u00e0 CHF 250.-.<\/p>\n","protected":false},"excerpt":{"rendered":"<p>Ciseaux de poche \u00e0 cigares Davidoff en acier inoxydable Les ciseaux \u00e0 cigares Davidoff en acier inoxydable permettent de couper facilement des cigares de toutes tailles et de tous formats gr\u00e2ce \u00e0 leurs lames extr\u00eamement tranchantes. En trois tailles, ces classiques offrent une utilisation agr\u00e9able et pr\u00e9cise et tiennent parfaitement dans la main. Tous les [&hellip;]<\/p>\n","protected":false},"featured_media":71028,"template":"","meta":[],"product_brand":[1487],"product_cat":[2119,3335,2118,1994],"product_tag":[],"class_list":{"0":"post-71026","1":"product","2":"type-product","3":"status-publish","4":"has-post-thumbnail","6":"product_brand-davidoff","7":"product_cat-accessoires-pour-cigares","8":"product_cat-ciseaux-a-cigares","9":"product_cat-coupe-cigares","10":"product_cat-monde-du-cigare","12":"first","13":"instock","14":"purchasable","15":"product-type-simple"},"yoast_head":"<!-- This site is optimized with the Yoast SEO plugin v27.0 - https:\/\/yoast.com\/product\/yoast-seo-wordpress\/ -->\n<title>Ciseaux de poche \u00e0 cigares Davidoff en acier inoxydable - Tabakversand.ch | Alles aus der Welt des Tabaks<\/title>\n<meta name=\"description\" content=\"Ciseaux de poche \u00e0 cigares Davidoff | en acier inoxydable La plus grande s\u00e9lection de produits du tabac de Suisse | Toutes les cartes sont accept\u00e9es!\" \/>\n<meta name=\"robots\" content=\"index, follow, max-snippet:-1, max-image-preview:large, max-video-preview:-1\" \/>\n<link rel=\"canonical\" href=\"https:\/\/www.tabakversand.ch\/fr\/produit\/ciseaux-de-poche-a-cigares-davidoff-en-acier-inoxydable\/\" \/>\n<meta property=\"og:locale\" content=\"fr_FR\" \/>\n<meta property=\"og:type\" content=\"article\" \/>\n<meta property=\"og:title\" content=\"Ciseaux de poche \u00e0 cigares Davidoff en acier inoxydable - Tabakversand.ch | Alles aus der Welt des Tabaks\" \/>\n<meta property=\"og:description\" content=\"Ciseaux de poche \u00e0 cigares Davidoff | en acier inoxydable La plus grande s\u00e9lection de produits du tabac de Suisse | Toutes les cartes sont accept\u00e9es!\" \/>\n<meta property=\"og:url\" content=\"https:\/\/www.tabakversand.ch\/fr\/produit\/ciseaux-de-poche-a-cigares-davidoff-en-acier-inoxydable\/\" \/>\n<meta property=\"og:site_name\" content=\"Tabakversand.ch | Alles aus der Welt des Tabaks\" \/>\n<meta property=\"article:modified_time\" content=\"2025-09-12T14:42:06+00:00\" \/>\n<meta property=\"og:image\" content=\"https:\/\/www.tabakversand.ch\/wp-content\/uploads\/2022\/03\/davidoff-zigaren-taschenschere-90262.jpg\" \/>\n\t<meta property=\"og:image:width\" content=\"401\" \/>\n\t<meta property=\"og:image:height\" content=\"400\" \/>\n\t<meta property=\"og:image:type\" content=\"image\/jpeg\" \/>\n<meta name=\"twitter:card\" content=\"summary_large_image\" \/>\n<meta name=\"twitter:label1\" content=\"Dur\u00e9e de lecture estim\u00e9e\" \/>\n\t<meta name=\"twitter:data1\" content=\"1 minute\" \/>\n<script type=\"application\/ld+json\" class=\"yoast-schema-graph\">{\"@context\":\"https:\/\/schema.org\",\"@graph\":[{\"@type\":\"WebPage\",\"@id\":\"https:\/\/www.tabakversand.ch\/fr\/produit\/ciseaux-de-poche-a-cigares-davidoff-en-acier-inoxydable\/\",\"url\":\"https:\/\/www.tabakversand.ch\/fr\/produit\/ciseaux-de-poche-a-cigares-davidoff-en-acier-inoxydable\/\",\"name\":\"Ciseaux de poche \u00e0 cigares Davidoff en acier inoxydable - Tabakversand.ch | Alles aus der Welt des Tabaks\",\"isPartOf\":{\"@id\":\"https:\/\/www.tabakversand.ch\/#website\"},\"primaryImageOfPage\":{\"@id\":\"https:\/\/www.tabakversand.ch\/fr\/produit\/ciseaux-de-poche-a-cigares-davidoff-en-acier-inoxydable\/#primaryimage\"},\"image\":{\"@id\":\"https:\/\/www.tabakversand.ch\/fr\/produit\/ciseaux-de-poche-a-cigares-davidoff-en-acier-inoxydable\/#primaryimage\"},\"thumbnailUrl\":\"https:\/\/www.tabakversand.ch\/wp-content\/uploads\/2022\/03\/davidoff-zigaren-taschenschere-90262.jpg\",\"datePublished\":\"2022-04-02T08:58:04+00:00\",\"dateModified\":\"2025-09-12T14:42:06+00:00\",\"description\":\"Ciseaux de poche \u00e0 cigares Davidoff | en acier inoxydable La plus grande s\u00e9lection de produits du tabac de Suisse | Toutes les cartes sont accept\u00e9es!\",\"breadcrumb\":{\"@id\":\"https:\/\/www.tabakversand.ch\/fr\/produit\/ciseaux-de-poche-a-cigares-davidoff-en-acier-inoxydable\/#breadcrumb\"},\"inLanguage\":\"fr-FR\",\"potentialAction\":[{\"@type\":\"ReadAction\",\"target\":[\"https:\/\/www.tabakversand.ch\/fr\/produit\/ciseaux-de-poche-a-cigares-davidoff-en-acier-inoxydable\/\"]}]},{\"@type\":\"ImageObject\",\"inLanguage\":\"fr-FR\",\"@id\":\"https:\/\/www.tabakversand.ch\/fr\/produit\/ciseaux-de-poche-a-cigares-davidoff-en-acier-inoxydable\/#primaryimage\",\"url\":\"https:\/\/www.tabakversand.ch\/wp-content\/uploads\/2022\/03\/davidoff-zigaren-taschenschere-90262.jpg\",\"contentUrl\":\"https:\/\/www.tabakversand.ch\/wp-content\/uploads\/2022\/03\/davidoff-zigaren-taschenschere-90262.jpg\",\"width\":401,\"height\":400,\"caption\":\"Ciseaux de poche \u00e0 cigares Davidoff en acier inoxydable\"},{\"@type\":\"BreadcrumbList\",\"@id\":\"https:\/\/www.tabakversand.ch\/fr\/produit\/ciseaux-de-poche-a-cigares-davidoff-en-acier-inoxydable\/#breadcrumb\",\"itemListElement\":[{\"@type\":\"ListItem\",\"position\":1,\"name\":\"Startseite\",\"item\":\"https:\/\/www.tabakversand.ch\/\"},{\"@type\":\"ListItem\",\"position\":2,\"name\":\"Boutique\",\"item\":\"https:\/\/www.tabakversand.ch\/fr\/boutique\/\"},{\"@type\":\"ListItem\",\"position\":3,\"name\":\"Ciseaux de poche \u00e0 cigares Davidoff en acier inoxydable\"}]},{\"@type\":\"WebSite\",\"@id\":\"https:\/\/www.tabakversand.ch\/#website\",\"url\":\"https:\/\/www.tabakversand.ch\/\",\"name\":\"Tabakversand.ch | Alles aus der Welt des Tabaks\",\"description\":\"Smoke and carpe diem\",\"potentialAction\":[{\"@type\":\"SearchAction\",\"target\":{\"@type\":\"EntryPoint\",\"urlTemplate\":\"https:\/\/www.tabakversand.ch\/?s={search_term_string}\"},\"query-input\":{\"@type\":\"PropertyValueSpecification\",\"valueRequired\":true,\"valueName\":\"search_term_string\"}}],\"inLanguage\":\"fr-FR\"}]}<\/script>\n<!-- \/ Yoast SEO plugin. -->","yoast_head_json":{"title":"Ciseaux de poche \u00e0 cigares Davidoff en acier inoxydable - Tabakversand.ch | Alles aus der Welt des Tabaks","description":"Ciseaux de poche \u00e0 cigares Davidoff | en acier inoxydable La plus grande s\u00e9lection de produits du tabac de Suisse | Toutes les cartes sont accept\u00e9es!","robots":{"index":"index","follow":"follow","max-snippet":"max-snippet:-1","max-image-preview":"max-image-preview:large","max-video-preview":"max-video-preview:-1"},"canonical":"https:\/\/www.tabakversand.ch\/fr\/produit\/ciseaux-de-poche-a-cigares-davidoff-en-acier-inoxydable\/","og_locale":"fr_FR","og_type":"article","og_title":"Ciseaux de poche \u00e0 cigares Davidoff en acier inoxydable - Tabakversand.ch | Alles aus der Welt des Tabaks","og_description":"Ciseaux de poche \u00e0 cigares Davidoff | en acier inoxydable La plus grande s\u00e9lection de produits du tabac de Suisse | Toutes les cartes sont accept\u00e9es!","og_url":"https:\/\/www.tabakversand.ch\/fr\/produit\/ciseaux-de-poche-a-cigares-davidoff-en-acier-inoxydable\/","og_site_name":"Tabakversand.ch | Alles aus der Welt des Tabaks","article_modified_time":"2025-09-12T14:42:06+00:00","og_image":[{"width":401,"height":400,"url":"https:\/\/www.tabakversand.ch\/wp-content\/uploads\/2022\/03\/davidoff-zigaren-taschenschere-90262.jpg","type":"image\/jpeg"}],"twitter_card":"summary_large_image","twitter_misc":{"Dur\u00e9e de lecture estim\u00e9e":"1 minute"},"schema":{"@context":"https:\/\/schema.org","@graph":[{"@type":"WebPage","@id":"https:\/\/www.tabakversand.ch\/fr\/produit\/ciseaux-de-poche-a-cigares-davidoff-en-acier-inoxydable\/","url":"https:\/\/www.tabakversand.ch\/fr\/produit\/ciseaux-de-poche-a-cigares-davidoff-en-acier-inoxydable\/","name":"Ciseaux de poche \u00e0 cigares Davidoff en acier inoxydable - Tabakversand.ch | Alles aus der Welt des Tabaks","isPartOf":{"@id":"https:\/\/www.tabakversand.ch\/#website"},"primaryImageOfPage":{"@id":"https:\/\/www.tabakversand.ch\/fr\/produit\/ciseaux-de-poche-a-cigares-davidoff-en-acier-inoxydable\/#primaryimage"},"image":{"@id":"https:\/\/www.tabakversand.ch\/fr\/produit\/ciseaux-de-poche-a-cigares-davidoff-en-acier-inoxydable\/#primaryimage"},"thumbnailUrl":"https:\/\/www.tabakversand.ch\/wp-content\/uploads\/2022\/03\/davidoff-zigaren-taschenschere-90262.jpg","datePublished":"2022-04-02T08:58:04+00:00","dateModified":"2025-09-12T14:42:06+00:00","description":"Ciseaux de poche \u00e0 cigares Davidoff | en acier inoxydable La plus grande s\u00e9lection de produits du tabac de Suisse | Toutes les cartes sont accept\u00e9es!","breadcrumb":{"@id":"https:\/\/www.tabakversand.ch\/fr\/produit\/ciseaux-de-poche-a-cigares-davidoff-en-acier-inoxydable\/#breadcrumb"},"inLanguage":"fr-FR","potentialAction":[{"@type":"ReadAction","target":["https:\/\/www.tabakversand.ch\/fr\/produit\/ciseaux-de-poche-a-cigares-davidoff-en-acier-inoxydable\/"]}]},{"@type":"ImageObject","inLanguage":"fr-FR","@id":"https:\/\/www.tabakversand.ch\/fr\/produit\/ciseaux-de-poche-a-cigares-davidoff-en-acier-inoxydable\/#primaryimage","url":"https:\/\/www.tabakversand.ch\/wp-content\/uploads\/2022\/03\/davidoff-zigaren-taschenschere-90262.jpg","contentUrl":"https:\/\/www.tabakversand.ch\/wp-content\/uploads\/2022\/03\/davidoff-zigaren-taschenschere-90262.jpg","width":401,"height":400,"caption":"Ciseaux de poche \u00e0 cigares Davidoff en acier inoxydable"},{"@type":"BreadcrumbList","@id":"https:\/\/www.tabakversand.ch\/fr\/produit\/ciseaux-de-poche-a-cigares-davidoff-en-acier-inoxydable\/#breadcrumb","itemListElement":[{"@type":"ListItem","position":1,"name":"Startseite","item":"https:\/\/www.tabakversand.ch\/"},{"@type":"ListItem","position":2,"name":"Boutique","item":"https:\/\/www.tabakversand.ch\/fr\/boutique\/"},{"@type":"ListItem","position":3,"name":"Ciseaux de poche \u00e0 cigares Davidoff en acier inoxydable"}]},{"@type":"WebSite","@id":"https:\/\/www.tabakversand.ch\/#website","url":"https:\/\/www.tabakversand.ch\/","name":"Tabakversand.ch | Alles aus der Welt des Tabaks","description":"Smoke and carpe diem","potentialAction":[{"@type":"SearchAction","target":{"@type":"EntryPoint","urlTemplate":"https:\/\/www.tabakversand.ch\/?s={search_term_string}"},"query-input":{"@type":"PropertyValueSpecification","valueRequired":true,"valueName":"search_term_string"}}],"inLanguage":"fr-FR"}]}},"_links":{"self":[{"href":"https:\/\/www.tabakversand.ch\/fr\/wp-json\/wp\/v2\/product\/71026","targetHints":{"allow":["GET"]}}],"collection":[{"href":"https:\/\/www.tabakversand.ch\/fr\/wp-json\/wp\/v2\/product"}],"about":[{"href":"https:\/\/www.tabakversand.ch\/fr\/wp-json\/wp\/v2\/types\/product"}],"version-history":[{"count":2,"href":"https:\/\/www.tabakversand.ch\/fr\/wp-json\/wp\/v2\/product\/71026\/revisions"}],"predecessor-version":[{"id":194559,"href":"https:\/\/www.tabakversand.ch\/fr\/wp-json\/wp\/v2\/product\/71026\/revisions\/194559"}],"wp:featuredmedia":[{"embeddable":true,"href":"https:\/\/www.tabakversand.ch\/fr\/wp-json\/wp\/v2\/media\/71028"}],"wp:attachment":[{"href":"https:\/\/www.tabakversand.ch\/fr\/wp-json\/wp\/v2\/media?parent=71026"}],"wp:term":[{"taxonomy":"product_brand","embeddable":true,"href":"https:\/\/www.tabakversand.ch\/fr\/wp-json\/wp\/v2\/product_brand?post=71026"},{"taxonomy":"product_cat","embeddable":true,"href":"https:\/\/www.tabakversand.ch\/fr\/wp-json\/wp\/v2\/product_cat?post=71026"},{"taxonomy":"product_tag","embeddable":true,"href":"https:\/\/www.tabakversand.ch\/fr\/wp-json\/wp\/v2\/product_tag?post=71026"}],"curies":[{"name":"wp","href":"https:\/\/api.w.org\/{rel}","templated":true}]}}