{"id":71086,"date":"2025-02-05T10:18:04","date_gmt":"2025-02-05T09:18:04","guid":{"rendered":"http:\/\/www.tabakversand.ch\/produkt\/davidoff-humidor-dome-palissandre-mat\/"},"modified":"2025-09-12T16:43:58","modified_gmt":"2025-09-12T14:43:58","slug":"davidoff-humidor-dome-palissandre-mat","status":"publish","type":"product","link":"https:\/\/www.tabakversand.ch\/fr\/produit\/davidoff-humidor-dome-palissandre-mat\/","title":{"rendered":"Davidoff Humidor D\u00f4me Palissandre mat"},"content":{"rendered":"<p>Davidoff Humidor D\u00f4me Palissandre mat<\/p>\n<p>Le Dome Humidor repr\u00e9sente le panache et le style de la marque Davidoff. Le traitement sculptural du d\u00f4me n\u00e9cessite des heures de savoir-faire m\u00e9ticuleux. La perfection technique de sa courbure est une innovation artistique digne des meilleurs cigares.<\/p>\n<p>Sont inclus :<br \/>\n 1 R\u00e9gulateur Davidoff de Luxe<br \/>\n 1 panier amovible<\/p>\n<p>Masse:<br \/>\n D\u00f4me : 42,5 x 26,2 x 16 cm pour 50 &#8211; 65 cigares<\/p>\n<p>Ferrures rev\u00eatues de palladium : &#8211; protection contre la rouille &#8211; longue dur\u00e9e de vie. -d\u00e9velopp\u00e9 exclusivement pour Davidoff<br \/>\n Syst\u00e8me d&rsquo;humidification autor\u00e9gul\u00e9 : R\u00e9gule l&rsquo;humidit\u00e9 \u00e0 l&rsquo;int\u00e9rieur de l&rsquo;humidor : lib\u00e8re l&rsquo;humidit\u00e9 et l&rsquo;absorbe lorsqu&rsquo;elle monte trop.<\/p>\n<p>Tous les prix s&rsquo;appliquent uniquement aux commandes en ligne et incluent la TVA. Sous r\u00e9serve de modifications sans pr\u00e9avis, frais de livraison en sus. Sous r\u00e9serve d&rsquo;erreurs, de modifications de contenu de livraison et de conception, de fautes d&rsquo;impression et de modifications de prix. Les prix barr\u00e9s sont des prix de remplacement. Les illustrations peuvent diff\u00e9rer de l&rsquo;original\/du contenu de livraison.<br \/>\n*Livraison gratuite pour les commandes sup\u00e9rieures \u00e0 CHF 250.-.<\/p>\n","protected":false},"excerpt":{"rendered":"<p>Davidoff Humidor D\u00f4me Palissandre mat Le Dome Humidor repr\u00e9sente le panache et le style de la marque Davidoff. Le traitement sculptural du d\u00f4me n\u00e9cessite des heures de savoir-faire m\u00e9ticuleux. La perfection technique de sa courbure est une innovation artistique digne des meilleurs cigares. Sont inclus : 1 R\u00e9gulateur Davidoff de Luxe 1 panier amovible Masse: [&hellip;]<\/p>\n","protected":false},"featured_media":71092,"template":"","meta":[],"product_brand":[1487],"product_cat":[2119,1995,2411,1994,3208],"product_tag":[],"class_list":{"0":"post-71086","1":"product","2":"type-product","3":"status-publish","4":"has-post-thumbnail","6":"product_brand-davidoff","7":"product_cat-accessoires-pour-cigares","8":"product_cat-divers-headshop","9":"product_cat-humidificateurs-a-cigares","10":"product_cat-monde-du-cigare","11":"product_cat-offres","13":"first","14":"instock","15":"sale","16":"purchasable","17":"product-type-simple"},"yoast_head":"<!-- This site is optimized with the Yoast SEO plugin v27.0 - https:\/\/yoast.com\/product\/yoast-seo-wordpress\/ -->\n<title>Davidoff Humidor D\u00f4me Palissandre mat - Tabakversand.ch | Alles aus der Welt des Tabaks<\/title>\n<meta name=\"description\" content=\"Davidoff Humidor D\u00f4me Palissandre Matt | La plus grande s\u00e9lection de produits du tabac de Suisse | Toutes les cartes sont accept\u00e9es!\" \/>\n<meta name=\"robots\" content=\"index, follow, max-snippet:-1, max-image-preview:large, max-video-preview:-1\" \/>\n<link rel=\"canonical\" href=\"https:\/\/www.tabakversand.ch\/fr\/produit\/davidoff-humidor-dome-palissandre-mat\/\" \/>\n<meta property=\"og:locale\" content=\"fr_FR\" \/>\n<meta property=\"og:type\" content=\"article\" \/>\n<meta property=\"og:title\" content=\"Davidoff Humidor D\u00f4me Palissandre mat - Tabakversand.ch | Alles aus der Welt des Tabaks\" \/>\n<meta property=\"og:description\" content=\"Davidoff Humidor D\u00f4me Palissandre Matt | La plus grande s\u00e9lection de produits du tabac de Suisse | Toutes les cartes sont accept\u00e9es!\" \/>\n<meta property=\"og:url\" content=\"https:\/\/www.tabakversand.ch\/fr\/produit\/davidoff-humidor-dome-palissandre-mat\/\" \/>\n<meta property=\"og:site_name\" content=\"Tabakversand.ch | Alles aus der Welt des Tabaks\" \/>\n<meta property=\"article:modified_time\" content=\"2025-09-12T14:43:58+00:00\" \/>\n<meta property=\"og:image\" content=\"https:\/\/www.tabakversand.ch\/wp-content\/uploads\/2022\/03\/davidoff-humidor-dome-palisander-6935_.jpg\" \/>\n\t<meta property=\"og:image:width\" content=\"500\" \/>\n\t<meta property=\"og:image:height\" content=\"400\" \/>\n\t<meta property=\"og:image:type\" content=\"image\/jpeg\" \/>\n<meta name=\"twitter:card\" content=\"summary_large_image\" \/>\n<meta name=\"twitter:label1\" content=\"Dur\u00e9e de lecture estim\u00e9e\" \/>\n\t<meta name=\"twitter:data1\" content=\"1 minute\" \/>\n<script type=\"application\/ld+json\" class=\"yoast-schema-graph\">{\"@context\":\"https:\/\/schema.org\",\"@graph\":[{\"@type\":\"WebPage\",\"@id\":\"https:\/\/www.tabakversand.ch\/fr\/produit\/davidoff-humidor-dome-palissandre-mat\/\",\"url\":\"https:\/\/www.tabakversand.ch\/fr\/produit\/davidoff-humidor-dome-palissandre-mat\/\",\"name\":\"Davidoff Humidor D\u00f4me Palissandre mat - Tabakversand.ch | Alles aus der Welt des Tabaks\",\"isPartOf\":{\"@id\":\"https:\/\/www.tabakversand.ch\/#website\"},\"primaryImageOfPage\":{\"@id\":\"https:\/\/www.tabakversand.ch\/fr\/produit\/davidoff-humidor-dome-palissandre-mat\/#primaryimage\"},\"image\":{\"@id\":\"https:\/\/www.tabakversand.ch\/fr\/produit\/davidoff-humidor-dome-palissandre-mat\/#primaryimage\"},\"thumbnailUrl\":\"https:\/\/www.tabakversand.ch\/wp-content\/uploads\/2022\/03\/davidoff-humidor-dome-palisander-6935_.jpg\",\"datePublished\":\"2025-02-05T09:18:04+00:00\",\"dateModified\":\"2025-09-12T14:43:58+00:00\",\"description\":\"Davidoff Humidor D\u00f4me Palissandre Matt | La plus grande s\u00e9lection de produits du tabac de Suisse | Toutes les cartes sont accept\u00e9es!\",\"breadcrumb\":{\"@id\":\"https:\/\/www.tabakversand.ch\/fr\/produit\/davidoff-humidor-dome-palissandre-mat\/#breadcrumb\"},\"inLanguage\":\"fr-FR\",\"potentialAction\":[{\"@type\":\"ReadAction\",\"target\":[\"https:\/\/www.tabakversand.ch\/fr\/produit\/davidoff-humidor-dome-palissandre-mat\/\"]}]},{\"@type\":\"ImageObject\",\"inLanguage\":\"fr-FR\",\"@id\":\"https:\/\/www.tabakversand.ch\/fr\/produit\/davidoff-humidor-dome-palissandre-mat\/#primaryimage\",\"url\":\"https:\/\/www.tabakversand.ch\/wp-content\/uploads\/2022\/03\/davidoff-humidor-dome-palisander-6935_.jpg\",\"contentUrl\":\"https:\/\/www.tabakversand.ch\/wp-content\/uploads\/2022\/03\/davidoff-humidor-dome-palisander-6935_.jpg\",\"width\":500,\"height\":400,\"caption\":\"Davidoff Humidor D\u00f4me Palissandre mat\"},{\"@type\":\"BreadcrumbList\",\"@id\":\"https:\/\/www.tabakversand.ch\/fr\/produit\/davidoff-humidor-dome-palissandre-mat\/#breadcrumb\",\"itemListElement\":[{\"@type\":\"ListItem\",\"position\":1,\"name\":\"Startseite\",\"item\":\"https:\/\/www.tabakversand.ch\/\"},{\"@type\":\"ListItem\",\"position\":2,\"name\":\"Boutique\",\"item\":\"https:\/\/www.tabakversand.ch\/fr\/boutique\/\"},{\"@type\":\"ListItem\",\"position\":3,\"name\":\"Davidoff Humidor D\u00f4me Palissandre mat\"}]},{\"@type\":\"WebSite\",\"@id\":\"https:\/\/www.tabakversand.ch\/#website\",\"url\":\"https:\/\/www.tabakversand.ch\/\",\"name\":\"Tabakversand.ch | Alles aus der Welt des Tabaks\",\"description\":\"Smoke and carpe diem\",\"potentialAction\":[{\"@type\":\"SearchAction\",\"target\":{\"@type\":\"EntryPoint\",\"urlTemplate\":\"https:\/\/www.tabakversand.ch\/?s={search_term_string}\"},\"query-input\":{\"@type\":\"PropertyValueSpecification\",\"valueRequired\":true,\"valueName\":\"search_term_string\"}}],\"inLanguage\":\"fr-FR\"}]}<\/script>\n<!-- \/ Yoast SEO plugin. -->","yoast_head_json":{"title":"Davidoff Humidor D\u00f4me Palissandre mat - Tabakversand.ch | Alles aus der Welt des Tabaks","description":"Davidoff Humidor D\u00f4me Palissandre Matt | La plus grande s\u00e9lection de produits du tabac de Suisse | Toutes les cartes sont accept\u00e9es!","robots":{"index":"index","follow":"follow","max-snippet":"max-snippet:-1","max-image-preview":"max-image-preview:large","max-video-preview":"max-video-preview:-1"},"canonical":"https:\/\/www.tabakversand.ch\/fr\/produit\/davidoff-humidor-dome-palissandre-mat\/","og_locale":"fr_FR","og_type":"article","og_title":"Davidoff Humidor D\u00f4me Palissandre mat - Tabakversand.ch | Alles aus der Welt des Tabaks","og_description":"Davidoff Humidor D\u00f4me Palissandre Matt | La plus grande s\u00e9lection de produits du tabac de Suisse | Toutes les cartes sont accept\u00e9es!","og_url":"https:\/\/www.tabakversand.ch\/fr\/produit\/davidoff-humidor-dome-palissandre-mat\/","og_site_name":"Tabakversand.ch | Alles aus der Welt des Tabaks","article_modified_time":"2025-09-12T14:43:58+00:00","og_image":[{"width":500,"height":400,"url":"https:\/\/www.tabakversand.ch\/wp-content\/uploads\/2022\/03\/davidoff-humidor-dome-palisander-6935_.jpg","type":"image\/jpeg"}],"twitter_card":"summary_large_image","twitter_misc":{"Dur\u00e9e de lecture estim\u00e9e":"1 minute"},"schema":{"@context":"https:\/\/schema.org","@graph":[{"@type":"WebPage","@id":"https:\/\/www.tabakversand.ch\/fr\/produit\/davidoff-humidor-dome-palissandre-mat\/","url":"https:\/\/www.tabakversand.ch\/fr\/produit\/davidoff-humidor-dome-palissandre-mat\/","name":"Davidoff Humidor D\u00f4me Palissandre mat - Tabakversand.ch | Alles aus der Welt des Tabaks","isPartOf":{"@id":"https:\/\/www.tabakversand.ch\/#website"},"primaryImageOfPage":{"@id":"https:\/\/www.tabakversand.ch\/fr\/produit\/davidoff-humidor-dome-palissandre-mat\/#primaryimage"},"image":{"@id":"https:\/\/www.tabakversand.ch\/fr\/produit\/davidoff-humidor-dome-palissandre-mat\/#primaryimage"},"thumbnailUrl":"https:\/\/www.tabakversand.ch\/wp-content\/uploads\/2022\/03\/davidoff-humidor-dome-palisander-6935_.jpg","datePublished":"2025-02-05T09:18:04+00:00","dateModified":"2025-09-12T14:43:58+00:00","description":"Davidoff Humidor D\u00f4me Palissandre Matt | La plus grande s\u00e9lection de produits du tabac de Suisse | Toutes les cartes sont accept\u00e9es!","breadcrumb":{"@id":"https:\/\/www.tabakversand.ch\/fr\/produit\/davidoff-humidor-dome-palissandre-mat\/#breadcrumb"},"inLanguage":"fr-FR","potentialAction":[{"@type":"ReadAction","target":["https:\/\/www.tabakversand.ch\/fr\/produit\/davidoff-humidor-dome-palissandre-mat\/"]}]},{"@type":"ImageObject","inLanguage":"fr-FR","@id":"https:\/\/www.tabakversand.ch\/fr\/produit\/davidoff-humidor-dome-palissandre-mat\/#primaryimage","url":"https:\/\/www.tabakversand.ch\/wp-content\/uploads\/2022\/03\/davidoff-humidor-dome-palisander-6935_.jpg","contentUrl":"https:\/\/www.tabakversand.ch\/wp-content\/uploads\/2022\/03\/davidoff-humidor-dome-palisander-6935_.jpg","width":500,"height":400,"caption":"Davidoff Humidor D\u00f4me Palissandre mat"},{"@type":"BreadcrumbList","@id":"https:\/\/www.tabakversand.ch\/fr\/produit\/davidoff-humidor-dome-palissandre-mat\/#breadcrumb","itemListElement":[{"@type":"ListItem","position":1,"name":"Startseite","item":"https:\/\/www.tabakversand.ch\/"},{"@type":"ListItem","position":2,"name":"Boutique","item":"https:\/\/www.tabakversand.ch\/fr\/boutique\/"},{"@type":"ListItem","position":3,"name":"Davidoff Humidor D\u00f4me Palissandre mat"}]},{"@type":"WebSite","@id":"https:\/\/www.tabakversand.ch\/#website","url":"https:\/\/www.tabakversand.ch\/","name":"Tabakversand.ch | Alles aus der Welt des Tabaks","description":"Smoke and carpe diem","potentialAction":[{"@type":"SearchAction","target":{"@type":"EntryPoint","urlTemplate":"https:\/\/www.tabakversand.ch\/?s={search_term_string}"},"query-input":{"@type":"PropertyValueSpecification","valueRequired":true,"valueName":"search_term_string"}}],"inLanguage":"fr-FR"}]}},"_links":{"self":[{"href":"https:\/\/www.tabakversand.ch\/fr\/wp-json\/wp\/v2\/product\/71086","targetHints":{"allow":["GET"]}}],"collection":[{"href":"https:\/\/www.tabakversand.ch\/fr\/wp-json\/wp\/v2\/product"}],"about":[{"href":"https:\/\/www.tabakversand.ch\/fr\/wp-json\/wp\/v2\/types\/product"}],"version-history":[{"count":4,"href":"https:\/\/www.tabakversand.ch\/fr\/wp-json\/wp\/v2\/product\/71086\/revisions"}],"predecessor-version":[{"id":199598,"href":"https:\/\/www.tabakversand.ch\/fr\/wp-json\/wp\/v2\/product\/71086\/revisions\/199598"}],"wp:featuredmedia":[{"embeddable":true,"href":"https:\/\/www.tabakversand.ch\/fr\/wp-json\/wp\/v2\/media\/71092"}],"wp:attachment":[{"href":"https:\/\/www.tabakversand.ch\/fr\/wp-json\/wp\/v2\/media?parent=71086"}],"wp:term":[{"taxonomy":"product_brand","embeddable":true,"href":"https:\/\/www.tabakversand.ch\/fr\/wp-json\/wp\/v2\/product_brand?post=71086"},{"taxonomy":"product_cat","embeddable":true,"href":"https:\/\/www.tabakversand.ch\/fr\/wp-json\/wp\/v2\/product_cat?post=71086"},{"taxonomy":"product_tag","embeddable":true,"href":"https:\/\/www.tabakversand.ch\/fr\/wp-json\/wp\/v2\/product_tag?post=71086"}],"curies":[{"name":"wp","href":"https:\/\/api.w.org\/{rel}","templated":true}]}}