{"id":71098,"date":"2022-04-02T10:58:04","date_gmt":"2022-04-02T08:58:04","guid":{"rendered":"http:\/\/www.tabakversand.ch\/produkt\/davidoff-double-lames-cutter-grain-d-orge-chrome\/"},"modified":"2025-09-12T16:45:30","modified_gmt":"2025-09-12T14:45:30","slug":"davidoff-double-lame-cutter-grain-dorge-chrome","status":"publish","type":"product","link":"https:\/\/www.tabakversand.ch\/fr\/produit\/davidoff-double-lame-cutter-grain-dorge-chrome\/","title":{"rendered":"Davidoff Double Lames Cutter grain d \u0301orge Chrome"},"content":{"rendered":"<h1>Davidoff Double Lames Cutter grain d \u0301orge Chrome<\/h1>\n<p>  Le coupe-cigare Davidoff est un coupe-cigare \u00e0 double lame de la meilleure qualit\u00e9. Gr\u00e2ce \u00e0 une production extr\u00eamement plate et \u00e0 un poids agr\u00e9able, le meilleur confort de fonctionnement et de port est garanti. Un syst\u00e8me de ressorts int\u00e9gr\u00e9 assure un glissement parfait des lames.&nbsp;<br \/>  &nbsp;<br \/>Tous les prix s&rsquo;appliquent uniquement aux commandes en ligne et incluent la TVA. Sous r\u00e9serve de modifications sans pr\u00e9avis, frais de livraison en sus. Sous r\u00e9serve d&rsquo;erreurs, de modifications de contenu de livraison et de conception, de fautes d&rsquo;impression et de modifications de prix. Les prix barr\u00e9s sont des prix de remplacement. Les illustrations peuvent diff\u00e9rer de l&rsquo;original\/du contenu de livraison.<br \/>\n*Livraison gratuite pour les commandes sup\u00e9rieures \u00e0 CHF 250.-.<\/p>\n","protected":false},"excerpt":{"rendered":"<p>Davidoff Double Lames Cutter grain d \u0301orge Chrome Le coupe-cigare Davidoff est un coupe-cigare \u00e0 double lame de la meilleure qualit\u00e9. Gr\u00e2ce \u00e0 une production extr\u00eamement plate et \u00e0 un poids agr\u00e9able, le meilleur confort de fonctionnement et de port est garanti. Un syst\u00e8me de ressorts int\u00e9gr\u00e9 assure un glissement parfait des lames.&nbsp; &nbsp;Tous les [&hellip;]<\/p>\n","protected":false},"featured_media":71103,"template":"","meta":[],"product_brand":[1487],"product_cat":[2119,2118,3329,1994],"product_tag":[],"class_list":{"0":"post-71098","1":"product","2":"type-product","3":"status-publish","4":"has-post-thumbnail","6":"product_brand-davidoff","7":"product_cat-accessoires-pour-cigares","8":"product_cat-coupe-cigares","9":"product_cat-coupe-lame-a-double-lame","10":"product_cat-monde-du-cigare","12":"first","13":"instock","14":"purchasable","15":"product-type-simple"},"yoast_head":"<!-- This site is optimized with the Yoast SEO plugin v27.5 - https:\/\/yoast.com\/product\/yoast-seo-wordpress\/ -->\n<title>Davidoff Double Lames Cutter grain d \u0301orge Chrome - Tabakversand.ch | Alles aus der Welt des Tabaks<\/title>\n<meta name=\"description\" content=\"Davidoff Double Blades Cutter grain d \u0301orge Chrome | La plus grande s\u00e9lection de produits du tabac de Suisse | Toutes les cartes sont accept\u00e9es!\" \/>\n<meta name=\"robots\" content=\"index, follow, max-snippet:-1, max-image-preview:large, max-video-preview:-1\" \/>\n<link rel=\"canonical\" href=\"https:\/\/www.tabakversand.ch\/fr\/produit\/davidoff-double-lame-cutter-grain-dorge-chrome\/\" \/>\n<meta property=\"og:locale\" content=\"fr_FR\" \/>\n<meta property=\"og:type\" content=\"article\" \/>\n<meta property=\"og:title\" content=\"Davidoff Double Lames Cutter grain d \u0301orge Chrome - Tabakversand.ch | Alles aus der Welt des Tabaks\" \/>\n<meta property=\"og:description\" content=\"Davidoff Double Blades Cutter grain d \u0301orge Chrome | La plus grande s\u00e9lection de produits du tabac de Suisse | Toutes les cartes sont accept\u00e9es!\" \/>\n<meta property=\"og:url\" content=\"https:\/\/www.tabakversand.ch\/fr\/produit\/davidoff-double-lame-cutter-grain-dorge-chrome\/\" \/>\n<meta property=\"og:site_name\" content=\"Tabakversand.ch | Alles aus der Welt des Tabaks\" \/>\n<meta property=\"article:modified_time\" content=\"2025-09-12T14:45:30+00:00\" \/>\n<meta property=\"og:image\" content=\"https:\/\/www.tabakversand.ch\/wp-content\/uploads\/2022\/03\/davidoff-zigarren-cutter-grain-dorge-chrom-90288.jpg\" \/>\n\t<meta property=\"og:image:width\" content=\"390\" \/>\n\t<meta property=\"og:image:height\" content=\"390\" \/>\n\t<meta property=\"og:image:type\" content=\"image\/jpeg\" \/>\n<meta name=\"twitter:card\" content=\"summary_large_image\" \/>\n<meta name=\"twitter:label1\" content=\"Dur\u00e9e de lecture estim\u00e9e\" \/>\n\t<meta name=\"twitter:data1\" content=\"1 minute\" \/>\n<script type=\"application\/ld+json\" class=\"yoast-schema-graph\">{\"@context\":\"https:\\\/\\\/schema.org\",\"@graph\":[{\"@type\":\"WebPage\",\"@id\":\"https:\\\/\\\/www.tabakversand.ch\\\/fr\\\/produit\\\/davidoff-double-lame-cutter-grain-dorge-chrome\\\/\",\"url\":\"https:\\\/\\\/www.tabakversand.ch\\\/fr\\\/produit\\\/davidoff-double-lame-cutter-grain-dorge-chrome\\\/\",\"name\":\"Davidoff Double Lames Cutter grain d \u0301orge Chrome - Tabakversand.ch | Alles aus der Welt des Tabaks\",\"isPartOf\":{\"@id\":\"https:\\\/\\\/www.tabakversand.ch\\\/#website\"},\"primaryImageOfPage\":{\"@id\":\"https:\\\/\\\/www.tabakversand.ch\\\/fr\\\/produit\\\/davidoff-double-lame-cutter-grain-dorge-chrome\\\/#primaryimage\"},\"image\":{\"@id\":\"https:\\\/\\\/www.tabakversand.ch\\\/fr\\\/produit\\\/davidoff-double-lame-cutter-grain-dorge-chrome\\\/#primaryimage\"},\"thumbnailUrl\":\"https:\\\/\\\/www.tabakversand.ch\\\/wp-content\\\/uploads\\\/2022\\\/03\\\/davidoff-zigarren-cutter-grain-dorge-chrom-90288.jpg\",\"datePublished\":\"2022-04-02T08:58:04+00:00\",\"dateModified\":\"2025-09-12T14:45:30+00:00\",\"description\":\"Davidoff Double Blades Cutter grain d \u0301orge Chrome | La plus grande s\u00e9lection de produits du tabac de Suisse | Toutes les cartes sont accept\u00e9es!\",\"breadcrumb\":{\"@id\":\"https:\\\/\\\/www.tabakversand.ch\\\/fr\\\/produit\\\/davidoff-double-lame-cutter-grain-dorge-chrome\\\/#breadcrumb\"},\"inLanguage\":\"fr-FR\",\"potentialAction\":[{\"@type\":\"ReadAction\",\"target\":[\"https:\\\/\\\/www.tabakversand.ch\\\/fr\\\/produit\\\/davidoff-double-lame-cutter-grain-dorge-chrome\\\/\"]}]},{\"@type\":\"ImageObject\",\"inLanguage\":\"fr-FR\",\"@id\":\"https:\\\/\\\/www.tabakversand.ch\\\/fr\\\/produit\\\/davidoff-double-lame-cutter-grain-dorge-chrome\\\/#primaryimage\",\"url\":\"https:\\\/\\\/www.tabakversand.ch\\\/wp-content\\\/uploads\\\/2022\\\/03\\\/davidoff-zigarren-cutter-grain-dorge-chrom-90288.jpg\",\"contentUrl\":\"https:\\\/\\\/www.tabakversand.ch\\\/wp-content\\\/uploads\\\/2022\\\/03\\\/davidoff-zigarren-cutter-grain-dorge-chrom-90288.jpg\",\"width\":390,\"height\":390,\"caption\":\"Davidoff Double Lames Cutter grain d \u0301orge Chrome\"},{\"@type\":\"BreadcrumbList\",\"@id\":\"https:\\\/\\\/www.tabakversand.ch\\\/fr\\\/produit\\\/davidoff-double-lame-cutter-grain-dorge-chrome\\\/#breadcrumb\",\"itemListElement\":[{\"@type\":\"ListItem\",\"position\":1,\"name\":\"Startseite\",\"item\":\"https:\\\/\\\/www.tabakversand.ch\\\/\"},{\"@type\":\"ListItem\",\"position\":2,\"name\":\"Boutique\",\"item\":\"https:\\\/\\\/www.tabakversand.ch\\\/fr\\\/boutique\\\/\"},{\"@type\":\"ListItem\",\"position\":3,\"name\":\"Davidoff Double Lames Cutter grain d \u0301orge Chrome\"}]},{\"@type\":\"WebSite\",\"@id\":\"https:\\\/\\\/www.tabakversand.ch\\\/#website\",\"url\":\"https:\\\/\\\/www.tabakversand.ch\\\/\",\"name\":\"Tabakversand.ch | Alles aus der Welt des Tabaks\",\"description\":\"Smoke and carpe diem\",\"potentialAction\":[{\"@type\":\"SearchAction\",\"target\":{\"@type\":\"EntryPoint\",\"urlTemplate\":\"https:\\\/\\\/www.tabakversand.ch\\\/?s={search_term_string}\"},\"query-input\":{\"@type\":\"PropertyValueSpecification\",\"valueRequired\":true,\"valueName\":\"search_term_string\"}}],\"inLanguage\":\"fr-FR\"}]}<\/script>\n<!-- \/ Yoast SEO plugin. -->","yoast_head_json":{"title":"Davidoff Double Lames Cutter grain d \u0301orge Chrome - Tabakversand.ch | Alles aus der Welt des Tabaks","description":"Davidoff Double Blades Cutter grain d \u0301orge Chrome | La plus grande s\u00e9lection de produits du tabac de Suisse | Toutes les cartes sont accept\u00e9es!","robots":{"index":"index","follow":"follow","max-snippet":"max-snippet:-1","max-image-preview":"max-image-preview:large","max-video-preview":"max-video-preview:-1"},"canonical":"https:\/\/www.tabakversand.ch\/fr\/produit\/davidoff-double-lame-cutter-grain-dorge-chrome\/","og_locale":"fr_FR","og_type":"article","og_title":"Davidoff Double Lames Cutter grain d \u0301orge Chrome - Tabakversand.ch | Alles aus der Welt des Tabaks","og_description":"Davidoff Double Blades Cutter grain d \u0301orge Chrome | La plus grande s\u00e9lection de produits du tabac de Suisse | Toutes les cartes sont accept\u00e9es!","og_url":"https:\/\/www.tabakversand.ch\/fr\/produit\/davidoff-double-lame-cutter-grain-dorge-chrome\/","og_site_name":"Tabakversand.ch | Alles aus der Welt des Tabaks","article_modified_time":"2025-09-12T14:45:30+00:00","og_image":[{"width":390,"height":390,"url":"https:\/\/www.tabakversand.ch\/wp-content\/uploads\/2022\/03\/davidoff-zigarren-cutter-grain-dorge-chrom-90288.jpg","type":"image\/jpeg"}],"twitter_card":"summary_large_image","twitter_misc":{"Dur\u00e9e de lecture estim\u00e9e":"1 minute"},"schema":{"@context":"https:\/\/schema.org","@graph":[{"@type":"WebPage","@id":"https:\/\/www.tabakversand.ch\/fr\/produit\/davidoff-double-lame-cutter-grain-dorge-chrome\/","url":"https:\/\/www.tabakversand.ch\/fr\/produit\/davidoff-double-lame-cutter-grain-dorge-chrome\/","name":"Davidoff Double Lames Cutter grain d \u0301orge Chrome - Tabakversand.ch | Alles aus der Welt des Tabaks","isPartOf":{"@id":"https:\/\/www.tabakversand.ch\/#website"},"primaryImageOfPage":{"@id":"https:\/\/www.tabakversand.ch\/fr\/produit\/davidoff-double-lame-cutter-grain-dorge-chrome\/#primaryimage"},"image":{"@id":"https:\/\/www.tabakversand.ch\/fr\/produit\/davidoff-double-lame-cutter-grain-dorge-chrome\/#primaryimage"},"thumbnailUrl":"https:\/\/www.tabakversand.ch\/wp-content\/uploads\/2022\/03\/davidoff-zigarren-cutter-grain-dorge-chrom-90288.jpg","datePublished":"2022-04-02T08:58:04+00:00","dateModified":"2025-09-12T14:45:30+00:00","description":"Davidoff Double Blades Cutter grain d \u0301orge Chrome | La plus grande s\u00e9lection de produits du tabac de Suisse | Toutes les cartes sont accept\u00e9es!","breadcrumb":{"@id":"https:\/\/www.tabakversand.ch\/fr\/produit\/davidoff-double-lame-cutter-grain-dorge-chrome\/#breadcrumb"},"inLanguage":"fr-FR","potentialAction":[{"@type":"ReadAction","target":["https:\/\/www.tabakversand.ch\/fr\/produit\/davidoff-double-lame-cutter-grain-dorge-chrome\/"]}]},{"@type":"ImageObject","inLanguage":"fr-FR","@id":"https:\/\/www.tabakversand.ch\/fr\/produit\/davidoff-double-lame-cutter-grain-dorge-chrome\/#primaryimage","url":"https:\/\/www.tabakversand.ch\/wp-content\/uploads\/2022\/03\/davidoff-zigarren-cutter-grain-dorge-chrom-90288.jpg","contentUrl":"https:\/\/www.tabakversand.ch\/wp-content\/uploads\/2022\/03\/davidoff-zigarren-cutter-grain-dorge-chrom-90288.jpg","width":390,"height":390,"caption":"Davidoff Double Lames Cutter grain d \u0301orge Chrome"},{"@type":"BreadcrumbList","@id":"https:\/\/www.tabakversand.ch\/fr\/produit\/davidoff-double-lame-cutter-grain-dorge-chrome\/#breadcrumb","itemListElement":[{"@type":"ListItem","position":1,"name":"Startseite","item":"https:\/\/www.tabakversand.ch\/"},{"@type":"ListItem","position":2,"name":"Boutique","item":"https:\/\/www.tabakversand.ch\/fr\/boutique\/"},{"@type":"ListItem","position":3,"name":"Davidoff Double Lames Cutter grain d \u0301orge Chrome"}]},{"@type":"WebSite","@id":"https:\/\/www.tabakversand.ch\/#website","url":"https:\/\/www.tabakversand.ch\/","name":"Tabakversand.ch | Alles aus der Welt des Tabaks","description":"Smoke and carpe diem","potentialAction":[{"@type":"SearchAction","target":{"@type":"EntryPoint","urlTemplate":"https:\/\/www.tabakversand.ch\/?s={search_term_string}"},"query-input":{"@type":"PropertyValueSpecification","valueRequired":true,"valueName":"search_term_string"}}],"inLanguage":"fr-FR"}]}},"_links":{"self":[{"href":"https:\/\/www.tabakversand.ch\/fr\/wp-json\/wp\/v2\/product\/71098","targetHints":{"allow":["GET"]}}],"collection":[{"href":"https:\/\/www.tabakversand.ch\/fr\/wp-json\/wp\/v2\/product"}],"about":[{"href":"https:\/\/www.tabakversand.ch\/fr\/wp-json\/wp\/v2\/types\/product"}],"version-history":[{"count":2,"href":"https:\/\/www.tabakversand.ch\/fr\/wp-json\/wp\/v2\/product\/71098\/revisions"}],"predecessor-version":[{"id":194556,"href":"https:\/\/www.tabakversand.ch\/fr\/wp-json\/wp\/v2\/product\/71098\/revisions\/194556"}],"wp:featuredmedia":[{"embeddable":true,"href":"https:\/\/www.tabakversand.ch\/fr\/wp-json\/wp\/v2\/media\/71103"}],"wp:attachment":[{"href":"https:\/\/www.tabakversand.ch\/fr\/wp-json\/wp\/v2\/media?parent=71098"}],"wp:term":[{"taxonomy":"product_brand","embeddable":true,"href":"https:\/\/www.tabakversand.ch\/fr\/wp-json\/wp\/v2\/product_brand?post=71098"},{"taxonomy":"product_cat","embeddable":true,"href":"https:\/\/www.tabakversand.ch\/fr\/wp-json\/wp\/v2\/product_cat?post=71098"},{"taxonomy":"product_tag","embeddable":true,"href":"https:\/\/www.tabakversand.ch\/fr\/wp-json\/wp\/v2\/product_tag?post=71098"}],"curies":[{"name":"wp","href":"https:\/\/api.w.org\/{rel}","templated":true}]}}