{"id":71237,"date":"2022-04-02T10:56:34","date_gmt":"2022-04-02T08:56:34","guid":{"rendered":"http:\/\/www.tabakversand.ch\/produkt\/fribourg-treyer-golden-mixture-tabac-a-pipe-50gr\/"},"modified":"2026-04-13T14:38:20","modified_gmt":"2026-04-13T12:38:20","slug":"fribourg-treyer-golden-mixture-pipe-tobacco-50gr","status":"publish","type":"product","link":"https:\/\/www.tabakversand.ch\/fr\/produit\/fribourg-treyer-golden-mixture-pipe-tobacco-50gr\/","title":{"rendered":"Fribourg &amp; Treyer Golden Mixture Tabac \u00e0 pipe 50gr."},"content":{"rendered":"<p>Fribourg &amp; Treyer a \u00e9t\u00e9 fond\u00e9e \u00e0 Londres en 1720. Elle a \u00e9t\u00e9 rachet\u00e9e par Imperial Tobacco dans les ann\u00e9es 1970.<br \/>\n Le m\u00e9lange Golden Mixture de Fribourg &amp; Treyer est le seul m\u00e9lange de Virginie enti\u00e8rement naturel, de couleur jaune dor\u00e9, qui procure au fumeur un plaisir de fumer total. La coupe du milieu a un effet doux sur la langue et le palais, mais est riche et transmet le merveilleux parfum de la Virginie la plus noble.<\/p>\n<p>5 bo\u00eetes de 50 gr.<\/p>\n<p>Tous les prix indiqu\u00e9s sont valables uniquement pour les commandes en ligne, TVA incluse, et peuvent \u00eatre modifi\u00e9s sans pr\u00e9avis. Les frais de port sont en sus.   Sous r\u00e9serve d&rsquo;erreurs, de modifications de l&rsquo;\u00e9tendue de la livraison et de la conception, d&rsquo;erreurs d&rsquo;impression et de modifications de prix. Les prix barr\u00e9s sont plut\u00f4t des prix. L&rsquo;illustration peut diff\u00e9rer de l&rsquo;original\/de l&rsquo;\u00e9tendue de la livraison.<br \/>\n*Livraison gratuite pour les commandes sup\u00e9rieures \u00e0 CHF 250.-.<\/p>\n","protected":false},"excerpt":{"rendered":"<p>Fribourg &amp; Treyer a \u00e9t\u00e9 fond\u00e9e \u00e0 Londres en 1720. Elle a \u00e9t\u00e9 rachet\u00e9e par Imperial Tobacco dans les ann\u00e9es 1970. Le m\u00e9lange Golden Mixture de Fribourg &amp; Treyer est le seul m\u00e9lange de Virginie enti\u00e8rement naturel, de couleur jaune dor\u00e9, qui procure au fumeur un plaisir de fumer total. La coupe du milieu a [&hellip;]<\/p>\n","protected":false},"featured_media":71244,"template":"","meta":[],"product_brand":[5841,1553],"product_cat":[5814,1949,1888,2040],"product_tag":[],"class_list":{"0":"post-71237","1":"product","2":"type-product","3":"status-publish","4":"has-post-thumbnail","6":"product_brand-fribourg-treyer-pfeifentabak","7":"product_brand-imperial-tobacco","8":"product_cat-boites","9":"product_cat-pipe-world-fr","10":"product_cat-tabac","11":"product_cat-tabac-a-pipe-fr","13":"first","14":"onbackorder","15":"purchasable","16":"product-type-simple"},"yoast_head":"<!-- This site is optimized with the Yoast SEO plugin v27.0 - https:\/\/yoast.com\/product\/yoast-seo-wordpress\/ -->\n<title>Fribourg &amp; Treyer Golden Mixture Tabac \u00e0 pipe 50gr. - Tabakversand.ch | Alles aus der Welt des Tabaks<\/title>\n<meta name=\"description\" content=\"Fribourg &amp; Treyer Golden Mixture Tabac \u00e0 pipe 50gr. | La plus grande s\u00e9lection de produits du tabac de Suisse | Cartes accept\u00e9es!\" \/>\n<meta name=\"robots\" content=\"index, follow, max-snippet:-1, max-image-preview:large, max-video-preview:-1\" \/>\n<link rel=\"canonical\" href=\"https:\/\/www.tabakversand.ch\/fr\/produit\/fribourg-treyer-golden-mixture-pipe-tobacco-50gr\/\" \/>\n<meta property=\"og:locale\" content=\"fr_FR\" \/>\n<meta property=\"og:type\" content=\"article\" \/>\n<meta property=\"og:title\" content=\"Fribourg &amp; Treyer Golden Mixture Tabac \u00e0 pipe 50gr. - Tabakversand.ch | Alles aus der Welt des Tabaks\" \/>\n<meta property=\"og:description\" content=\"Fribourg &amp; Treyer Golden Mixture Tabac \u00e0 pipe 50gr. | La plus grande s\u00e9lection de produits du tabac de Suisse | Cartes accept\u00e9es!\" \/>\n<meta property=\"og:url\" content=\"https:\/\/www.tabakversand.ch\/fr\/produit\/fribourg-treyer-golden-mixture-pipe-tobacco-50gr\/\" \/>\n<meta property=\"og:site_name\" content=\"Tabakversand.ch | Alles aus der Welt des Tabaks\" \/>\n<meta property=\"article:modified_time\" content=\"2026-04-13T12:38:20+00:00\" \/>\n<meta property=\"og:image\" content=\"https:\/\/www.tabakversand.ch\/wp-content\/uploads\/2022\/03\/fribourg-treyer-golden-mixture.jpg\" \/>\n\t<meta property=\"og:image:width\" content=\"500\" \/>\n\t<meta property=\"og:image:height\" content=\"500\" \/>\n\t<meta property=\"og:image:type\" content=\"image\/jpeg\" \/>\n<meta name=\"twitter:card\" content=\"summary_large_image\" \/>\n<meta name=\"twitter:label1\" content=\"Dur\u00e9e de lecture estim\u00e9e\" \/>\n\t<meta name=\"twitter:data1\" content=\"1 minute\" \/>\n<script type=\"application\/ld+json\" class=\"yoast-schema-graph\">{\"@context\":\"https:\/\/schema.org\",\"@graph\":[{\"@type\":\"WebPage\",\"@id\":\"https:\/\/www.tabakversand.ch\/fr\/produit\/fribourg-treyer-golden-mixture-pipe-tobacco-50gr\/\",\"url\":\"https:\/\/www.tabakversand.ch\/fr\/produit\/fribourg-treyer-golden-mixture-pipe-tobacco-50gr\/\",\"name\":\"Fribourg &amp; Treyer Golden Mixture Tabac \u00e0 pipe 50gr. - Tabakversand.ch | Alles aus der Welt des Tabaks\",\"isPartOf\":{\"@id\":\"https:\/\/www.tabakversand.ch\/#website\"},\"primaryImageOfPage\":{\"@id\":\"https:\/\/www.tabakversand.ch\/fr\/produit\/fribourg-treyer-golden-mixture-pipe-tobacco-50gr\/#primaryimage\"},\"image\":{\"@id\":\"https:\/\/www.tabakversand.ch\/fr\/produit\/fribourg-treyer-golden-mixture-pipe-tobacco-50gr\/#primaryimage\"},\"thumbnailUrl\":\"https:\/\/www.tabakversand.ch\/wp-content\/uploads\/2022\/03\/fribourg-treyer-golden-mixture.jpg\",\"datePublished\":\"2022-04-02T08:56:34+00:00\",\"dateModified\":\"2026-04-13T12:38:20+00:00\",\"description\":\"Fribourg & Treyer Golden Mixture Tabac \u00e0 pipe 50gr. | La plus grande s\u00e9lection de produits du tabac de Suisse | Cartes accept\u00e9es!\",\"breadcrumb\":{\"@id\":\"https:\/\/www.tabakversand.ch\/fr\/produit\/fribourg-treyer-golden-mixture-pipe-tobacco-50gr\/#breadcrumb\"},\"inLanguage\":\"fr-FR\",\"potentialAction\":[{\"@type\":\"ReadAction\",\"target\":[\"https:\/\/www.tabakversand.ch\/fr\/produit\/fribourg-treyer-golden-mixture-pipe-tobacco-50gr\/\"]}]},{\"@type\":\"ImageObject\",\"inLanguage\":\"fr-FR\",\"@id\":\"https:\/\/www.tabakversand.ch\/fr\/produit\/fribourg-treyer-golden-mixture-pipe-tobacco-50gr\/#primaryimage\",\"url\":\"https:\/\/www.tabakversand.ch\/wp-content\/uploads\/2022\/03\/fribourg-treyer-golden-mixture.jpg\",\"contentUrl\":\"https:\/\/www.tabakversand.ch\/wp-content\/uploads\/2022\/03\/fribourg-treyer-golden-mixture.jpg\",\"width\":500,\"height\":500,\"caption\":\"Fribourg &amp; Treyer Golden Mixture Tabac \u00e0 pipe 50gr.\"},{\"@type\":\"BreadcrumbList\",\"@id\":\"https:\/\/www.tabakversand.ch\/fr\/produit\/fribourg-treyer-golden-mixture-pipe-tobacco-50gr\/#breadcrumb\",\"itemListElement\":[{\"@type\":\"ListItem\",\"position\":1,\"name\":\"Startseite\",\"item\":\"https:\/\/www.tabakversand.ch\/\"},{\"@type\":\"ListItem\",\"position\":2,\"name\":\"Boutique\",\"item\":\"https:\/\/www.tabakversand.ch\/fr\/boutique\/\"},{\"@type\":\"ListItem\",\"position\":3,\"name\":\"Fribourg &amp; Treyer Golden Mixture Tabac \u00e0 pipe 50gr.\"}]},{\"@type\":\"WebSite\",\"@id\":\"https:\/\/www.tabakversand.ch\/#website\",\"url\":\"https:\/\/www.tabakversand.ch\/\",\"name\":\"Tabakversand.ch | Alles aus der Welt des Tabaks\",\"description\":\"Smoke and carpe diem\",\"potentialAction\":[{\"@type\":\"SearchAction\",\"target\":{\"@type\":\"EntryPoint\",\"urlTemplate\":\"https:\/\/www.tabakversand.ch\/?s={search_term_string}\"},\"query-input\":{\"@type\":\"PropertyValueSpecification\",\"valueRequired\":true,\"valueName\":\"search_term_string\"}}],\"inLanguage\":\"fr-FR\"}]}<\/script>\n<!-- \/ Yoast SEO plugin. -->","yoast_head_json":{"title":"Fribourg &amp; Treyer Golden Mixture Tabac \u00e0 pipe 50gr. - Tabakversand.ch | Alles aus der Welt des Tabaks","description":"Fribourg & Treyer Golden Mixture Tabac \u00e0 pipe 50gr. | La plus grande s\u00e9lection de produits du tabac de Suisse | Cartes accept\u00e9es!","robots":{"index":"index","follow":"follow","max-snippet":"max-snippet:-1","max-image-preview":"max-image-preview:large","max-video-preview":"max-video-preview:-1"},"canonical":"https:\/\/www.tabakversand.ch\/fr\/produit\/fribourg-treyer-golden-mixture-pipe-tobacco-50gr\/","og_locale":"fr_FR","og_type":"article","og_title":"Fribourg &amp; Treyer Golden Mixture Tabac \u00e0 pipe 50gr. - Tabakversand.ch | Alles aus der Welt des Tabaks","og_description":"Fribourg & Treyer Golden Mixture Tabac \u00e0 pipe 50gr. | La plus grande s\u00e9lection de produits du tabac de Suisse | Cartes accept\u00e9es!","og_url":"https:\/\/www.tabakversand.ch\/fr\/produit\/fribourg-treyer-golden-mixture-pipe-tobacco-50gr\/","og_site_name":"Tabakversand.ch | Alles aus der Welt des Tabaks","article_modified_time":"2026-04-13T12:38:20+00:00","og_image":[{"width":500,"height":500,"url":"https:\/\/www.tabakversand.ch\/wp-content\/uploads\/2022\/03\/fribourg-treyer-golden-mixture.jpg","type":"image\/jpeg"}],"twitter_card":"summary_large_image","twitter_misc":{"Dur\u00e9e de lecture estim\u00e9e":"1 minute"},"schema":{"@context":"https:\/\/schema.org","@graph":[{"@type":"WebPage","@id":"https:\/\/www.tabakversand.ch\/fr\/produit\/fribourg-treyer-golden-mixture-pipe-tobacco-50gr\/","url":"https:\/\/www.tabakversand.ch\/fr\/produit\/fribourg-treyer-golden-mixture-pipe-tobacco-50gr\/","name":"Fribourg &amp; Treyer Golden Mixture Tabac \u00e0 pipe 50gr. - Tabakversand.ch | Alles aus der Welt des Tabaks","isPartOf":{"@id":"https:\/\/www.tabakversand.ch\/#website"},"primaryImageOfPage":{"@id":"https:\/\/www.tabakversand.ch\/fr\/produit\/fribourg-treyer-golden-mixture-pipe-tobacco-50gr\/#primaryimage"},"image":{"@id":"https:\/\/www.tabakversand.ch\/fr\/produit\/fribourg-treyer-golden-mixture-pipe-tobacco-50gr\/#primaryimage"},"thumbnailUrl":"https:\/\/www.tabakversand.ch\/wp-content\/uploads\/2022\/03\/fribourg-treyer-golden-mixture.jpg","datePublished":"2022-04-02T08:56:34+00:00","dateModified":"2026-04-13T12:38:20+00:00","description":"Fribourg & Treyer Golden Mixture Tabac \u00e0 pipe 50gr. | La plus grande s\u00e9lection de produits du tabac de Suisse | Cartes accept\u00e9es!","breadcrumb":{"@id":"https:\/\/www.tabakversand.ch\/fr\/produit\/fribourg-treyer-golden-mixture-pipe-tobacco-50gr\/#breadcrumb"},"inLanguage":"fr-FR","potentialAction":[{"@type":"ReadAction","target":["https:\/\/www.tabakversand.ch\/fr\/produit\/fribourg-treyer-golden-mixture-pipe-tobacco-50gr\/"]}]},{"@type":"ImageObject","inLanguage":"fr-FR","@id":"https:\/\/www.tabakversand.ch\/fr\/produit\/fribourg-treyer-golden-mixture-pipe-tobacco-50gr\/#primaryimage","url":"https:\/\/www.tabakversand.ch\/wp-content\/uploads\/2022\/03\/fribourg-treyer-golden-mixture.jpg","contentUrl":"https:\/\/www.tabakversand.ch\/wp-content\/uploads\/2022\/03\/fribourg-treyer-golden-mixture.jpg","width":500,"height":500,"caption":"Fribourg &amp; Treyer Golden Mixture Tabac \u00e0 pipe 50gr."},{"@type":"BreadcrumbList","@id":"https:\/\/www.tabakversand.ch\/fr\/produit\/fribourg-treyer-golden-mixture-pipe-tobacco-50gr\/#breadcrumb","itemListElement":[{"@type":"ListItem","position":1,"name":"Startseite","item":"https:\/\/www.tabakversand.ch\/"},{"@type":"ListItem","position":2,"name":"Boutique","item":"https:\/\/www.tabakversand.ch\/fr\/boutique\/"},{"@type":"ListItem","position":3,"name":"Fribourg &amp; Treyer Golden Mixture Tabac \u00e0 pipe 50gr."}]},{"@type":"WebSite","@id":"https:\/\/www.tabakversand.ch\/#website","url":"https:\/\/www.tabakversand.ch\/","name":"Tabakversand.ch | Alles aus der Welt des Tabaks","description":"Smoke and carpe diem","potentialAction":[{"@type":"SearchAction","target":{"@type":"EntryPoint","urlTemplate":"https:\/\/www.tabakversand.ch\/?s={search_term_string}"},"query-input":{"@type":"PropertyValueSpecification","valueRequired":true,"valueName":"search_term_string"}}],"inLanguage":"fr-FR"}]}},"_links":{"self":[{"href":"https:\/\/www.tabakversand.ch\/fr\/wp-json\/wp\/v2\/product\/71237","targetHints":{"allow":["GET"]}}],"collection":[{"href":"https:\/\/www.tabakversand.ch\/fr\/wp-json\/wp\/v2\/product"}],"about":[{"href":"https:\/\/www.tabakversand.ch\/fr\/wp-json\/wp\/v2\/types\/product"}],"version-history":[{"count":2,"href":"https:\/\/www.tabakversand.ch\/fr\/wp-json\/wp\/v2\/product\/71237\/revisions"}],"predecessor-version":[{"id":217820,"href":"https:\/\/www.tabakversand.ch\/fr\/wp-json\/wp\/v2\/product\/71237\/revisions\/217820"}],"wp:featuredmedia":[{"embeddable":true,"href":"https:\/\/www.tabakversand.ch\/fr\/wp-json\/wp\/v2\/media\/71244"}],"wp:attachment":[{"href":"https:\/\/www.tabakversand.ch\/fr\/wp-json\/wp\/v2\/media?parent=71237"}],"wp:term":[{"taxonomy":"product_brand","embeddable":true,"href":"https:\/\/www.tabakversand.ch\/fr\/wp-json\/wp\/v2\/product_brand?post=71237"},{"taxonomy":"product_cat","embeddable":true,"href":"https:\/\/www.tabakversand.ch\/fr\/wp-json\/wp\/v2\/product_cat?post=71237"},{"taxonomy":"product_tag","embeddable":true,"href":"https:\/\/www.tabakversand.ch\/fr\/wp-json\/wp\/v2\/product_tag?post=71237"}],"curies":[{"name":"wp","href":"https:\/\/api.w.org\/{rel}","templated":true}]}}