{"id":71295,"date":"2022-04-02T10:56:34","date_gmt":"2022-04-02T08:56:34","guid":{"rendered":"http:\/\/www.tabakversand.ch\/produkt\/borkum-reef-black-cavendish-pipe-tobacco-42-5gr\/"},"modified":"2026-04-13T13:07:43","modified_gmt":"2026-04-13T11:07:43","slug":"borkum-riff-black-cavendish-pipe-tobacco-42-5gr","status":"publish","type":"product","link":"https:\/\/www.tabakversand.ch\/fr\/produit\/borkum-riff-black-cavendish-pipe-tobacco-42-5gr\/","title":{"rendered":"Borkum Reef Black Cavendish Pipe Tobacco 42.5gr."},"content":{"rendered":"<p>Borkum Reef Black Cavendish Pipe Tobacco 42.5gr.<\/p>\n<p>5 sachets<\/p>\n<p>Le tabac \u00e0 pipe Borkum Riff Original est m\u00e9lang\u00e9 \u00e0 60 % de Black Cavendish des Philippines et d&rsquo;Afrique et \u00e0 40 % de Virginie du Br\u00e9sil, d&rsquo;Inde et d&rsquo;Afrique.<br \/>\n M\u00e9lange : Burley, Cavendish, Kentucky, Cavendish noir<br \/>\n Ar\u00f4me : Noix \/ Haricots, Autre \/ Divers, Nougat<br \/>\n Couper : Ruban<\/p>\n<p>Tous les prix indiqu\u00e9s sont valables uniquement pour les commandes en ligne, TVA incluse, et peuvent \u00eatre modifi\u00e9s sans pr\u00e9avis. Les frais de port sont en sus.   Sous r\u00e9serve d&rsquo;erreurs, de modifications de l&rsquo;\u00e9tendue de la livraison et de la conception, d&rsquo;erreurs d&rsquo;impression et de modifications de prix. Les prix barr\u00e9s sont plut\u00f4t des prix. L&rsquo;illustration peut diff\u00e9rer de l&rsquo;original\/de l&rsquo;\u00e9tendue de la livraison.<br \/>\n*Livraison gratuite pour les commandes sup\u00e9rieures \u00e0 CHF 250.-.<\/p>\n","protected":false},"excerpt":{"rendered":"<p>Borkum Reef Black Cavendish Pipe Tobacco 42.5gr. 5 sachets Le tabac \u00e0 pipe Borkum Riff Original est m\u00e9lang\u00e9 \u00e0 60 % de Black Cavendish des Philippines et d&rsquo;Afrique et \u00e0 40 % de Virginie du Br\u00e9sil, d&rsquo;Inde et d&rsquo;Afrique. M\u00e9lange : Burley, Cavendish, Kentucky, Cavendish noir Ar\u00f4me : Noix \/ Haricots, Autre \/ Divers, Nougat [&hellip;]<\/p>\n","protected":false},"featured_media":71300,"template":"","meta":[],"product_brand":[5825],"product_cat":[5820,5819,1949,2040,1888,2038],"product_tag":[],"class_list":{"0":"post-71295","1":"product","2":"type-product","3":"status-publish","4":"has-post-thumbnail","6":"product_brand-borkum-riff-pfeifentabak","7":"product_cat-sac","8":"product_cat-sachet-de-tabac-a-pipe","9":"product_cat-pipe-world-fr","10":"product_cat-tabac-a-pipe-fr","11":"product_cat-tabac","12":"product_cat-tabac-a-pipe","14":"first","15":"onbackorder","16":"purchasable","17":"product-type-simple"},"yoast_head":"<!-- This site is optimized with the Yoast SEO plugin v27.0 - https:\/\/yoast.com\/product\/yoast-seo-wordpress\/ -->\n<title>Borkum Reef Black Cavendish Pipe Tobacco 42.5gr.<\/title>\n<meta name=\"description\" content=\"Borkum Reef Black Cavendish Pipe Tobacco 42.5gr. | La plus grande s\u00e9lection de produits du tabac de Suisse | Toutes les cartes sont accept\u00e9es!\" \/>\n<meta name=\"robots\" content=\"index, follow, max-snippet:-1, max-image-preview:large, max-video-preview:-1\" \/>\n<link rel=\"canonical\" href=\"https:\/\/www.tabakversand.ch\/fr\/produit\/borkum-riff-black-cavendish-pipe-tobacco-42-5gr\/\" \/>\n<meta property=\"og:locale\" content=\"fr_FR\" \/>\n<meta property=\"og:type\" content=\"article\" \/>\n<meta property=\"og:title\" content=\"Borkum Reef Black Cavendish Pipe Tobacco 42.5gr.\" \/>\n<meta property=\"og:description\" content=\"Borkum Reef Black Cavendish Pipe Tobacco 42.5gr. | La plus grande s\u00e9lection de produits du tabac de Suisse | Toutes les cartes sont accept\u00e9es!\" \/>\n<meta property=\"og:url\" content=\"https:\/\/www.tabakversand.ch\/fr\/produit\/borkum-riff-black-cavendish-pipe-tobacco-42-5gr\/\" \/>\n<meta property=\"og:site_name\" content=\"Tabakversand.ch | Alles aus der Welt des Tabaks\" \/>\n<meta property=\"article:modified_time\" content=\"2026-04-13T11:07:43+00:00\" \/>\n<meta property=\"og:image\" content=\"https:\/\/www.tabakversand.ch\/wp-content\/uploads\/2022\/03\/borkum-riff-black-cavendish-42.5.jpg\" \/>\n\t<meta property=\"og:image:width\" content=\"500\" \/>\n\t<meta property=\"og:image:height\" content=\"500\" \/>\n\t<meta property=\"og:image:type\" content=\"image\/jpeg\" \/>\n<meta name=\"twitter:card\" content=\"summary_large_image\" \/>\n<meta name=\"twitter:label1\" content=\"Dur\u00e9e de lecture estim\u00e9e\" \/>\n\t<meta name=\"twitter:data1\" content=\"1 minute\" \/>\n<script type=\"application\/ld+json\" class=\"yoast-schema-graph\">{\"@context\":\"https:\/\/schema.org\",\"@graph\":[{\"@type\":\"WebPage\",\"@id\":\"https:\/\/www.tabakversand.ch\/fr\/produit\/borkum-riff-black-cavendish-pipe-tobacco-42-5gr\/\",\"url\":\"https:\/\/www.tabakversand.ch\/fr\/produit\/borkum-riff-black-cavendish-pipe-tobacco-42-5gr\/\",\"name\":\"Borkum Reef Black Cavendish Pipe Tobacco 42.5gr.\",\"isPartOf\":{\"@id\":\"https:\/\/www.tabakversand.ch\/#website\"},\"primaryImageOfPage\":{\"@id\":\"https:\/\/www.tabakversand.ch\/fr\/produit\/borkum-riff-black-cavendish-pipe-tobacco-42-5gr\/#primaryimage\"},\"image\":{\"@id\":\"https:\/\/www.tabakversand.ch\/fr\/produit\/borkum-riff-black-cavendish-pipe-tobacco-42-5gr\/#primaryimage\"},\"thumbnailUrl\":\"https:\/\/www.tabakversand.ch\/wp-content\/uploads\/2022\/03\/borkum-riff-black-cavendish-42.5.jpg\",\"datePublished\":\"2022-04-02T08:56:34+00:00\",\"dateModified\":\"2026-04-13T11:07:43+00:00\",\"description\":\"Borkum Reef Black Cavendish Pipe Tobacco 42.5gr. | La plus grande s\u00e9lection de produits du tabac de Suisse | Toutes les cartes sont accept\u00e9es!\",\"breadcrumb\":{\"@id\":\"https:\/\/www.tabakversand.ch\/fr\/produit\/borkum-riff-black-cavendish-pipe-tobacco-42-5gr\/#breadcrumb\"},\"inLanguage\":\"fr-FR\",\"potentialAction\":[{\"@type\":\"ReadAction\",\"target\":[\"https:\/\/www.tabakversand.ch\/fr\/produit\/borkum-riff-black-cavendish-pipe-tobacco-42-5gr\/\"]}]},{\"@type\":\"ImageObject\",\"inLanguage\":\"fr-FR\",\"@id\":\"https:\/\/www.tabakversand.ch\/fr\/produit\/borkum-riff-black-cavendish-pipe-tobacco-42-5gr\/#primaryimage\",\"url\":\"https:\/\/www.tabakversand.ch\/wp-content\/uploads\/2022\/03\/borkum-riff-black-cavendish-42.5.jpg\",\"contentUrl\":\"https:\/\/www.tabakversand.ch\/wp-content\/uploads\/2022\/03\/borkum-riff-black-cavendish-42.5.jpg\",\"width\":500,\"height\":500,\"caption\":\"Borkum Reef Black Cavendish Pipe Tobacco 42.5gr.\"},{\"@type\":\"BreadcrumbList\",\"@id\":\"https:\/\/www.tabakversand.ch\/fr\/produit\/borkum-riff-black-cavendish-pipe-tobacco-42-5gr\/#breadcrumb\",\"itemListElement\":[{\"@type\":\"ListItem\",\"position\":1,\"name\":\"Startseite\",\"item\":\"https:\/\/www.tabakversand.ch\/\"},{\"@type\":\"ListItem\",\"position\":2,\"name\":\"Boutique\",\"item\":\"https:\/\/www.tabakversand.ch\/fr\/boutique\/\"},{\"@type\":\"ListItem\",\"position\":3,\"name\":\"Borkum Reef Black Cavendish Pipe Tobacco 42.5gr.\"}]},{\"@type\":\"WebSite\",\"@id\":\"https:\/\/www.tabakversand.ch\/#website\",\"url\":\"https:\/\/www.tabakversand.ch\/\",\"name\":\"Tabakversand.ch | Alles aus der Welt des Tabaks\",\"description\":\"Smoke and carpe diem\",\"potentialAction\":[{\"@type\":\"SearchAction\",\"target\":{\"@type\":\"EntryPoint\",\"urlTemplate\":\"https:\/\/www.tabakversand.ch\/?s={search_term_string}\"},\"query-input\":{\"@type\":\"PropertyValueSpecification\",\"valueRequired\":true,\"valueName\":\"search_term_string\"}}],\"inLanguage\":\"fr-FR\"}]}<\/script>\n<!-- \/ Yoast SEO plugin. -->","yoast_head_json":{"title":"Borkum Reef Black Cavendish Pipe Tobacco 42.5gr.","description":"Borkum Reef Black Cavendish Pipe Tobacco 42.5gr. | La plus grande s\u00e9lection de produits du tabac de Suisse | Toutes les cartes sont accept\u00e9es!","robots":{"index":"index","follow":"follow","max-snippet":"max-snippet:-1","max-image-preview":"max-image-preview:large","max-video-preview":"max-video-preview:-1"},"canonical":"https:\/\/www.tabakversand.ch\/fr\/produit\/borkum-riff-black-cavendish-pipe-tobacco-42-5gr\/","og_locale":"fr_FR","og_type":"article","og_title":"Borkum Reef Black Cavendish Pipe Tobacco 42.5gr.","og_description":"Borkum Reef Black Cavendish Pipe Tobacco 42.5gr. | La plus grande s\u00e9lection de produits du tabac de Suisse | Toutes les cartes sont accept\u00e9es!","og_url":"https:\/\/www.tabakversand.ch\/fr\/produit\/borkum-riff-black-cavendish-pipe-tobacco-42-5gr\/","og_site_name":"Tabakversand.ch | Alles aus der Welt des Tabaks","article_modified_time":"2026-04-13T11:07:43+00:00","og_image":[{"width":500,"height":500,"url":"https:\/\/www.tabakversand.ch\/wp-content\/uploads\/2022\/03\/borkum-riff-black-cavendish-42.5.jpg","type":"image\/jpeg"}],"twitter_card":"summary_large_image","twitter_misc":{"Dur\u00e9e de lecture estim\u00e9e":"1 minute"},"schema":{"@context":"https:\/\/schema.org","@graph":[{"@type":"WebPage","@id":"https:\/\/www.tabakversand.ch\/fr\/produit\/borkum-riff-black-cavendish-pipe-tobacco-42-5gr\/","url":"https:\/\/www.tabakversand.ch\/fr\/produit\/borkum-riff-black-cavendish-pipe-tobacco-42-5gr\/","name":"Borkum Reef Black Cavendish Pipe Tobacco 42.5gr.","isPartOf":{"@id":"https:\/\/www.tabakversand.ch\/#website"},"primaryImageOfPage":{"@id":"https:\/\/www.tabakversand.ch\/fr\/produit\/borkum-riff-black-cavendish-pipe-tobacco-42-5gr\/#primaryimage"},"image":{"@id":"https:\/\/www.tabakversand.ch\/fr\/produit\/borkum-riff-black-cavendish-pipe-tobacco-42-5gr\/#primaryimage"},"thumbnailUrl":"https:\/\/www.tabakversand.ch\/wp-content\/uploads\/2022\/03\/borkum-riff-black-cavendish-42.5.jpg","datePublished":"2022-04-02T08:56:34+00:00","dateModified":"2026-04-13T11:07:43+00:00","description":"Borkum Reef Black Cavendish Pipe Tobacco 42.5gr. | La plus grande s\u00e9lection de produits du tabac de Suisse | Toutes les cartes sont accept\u00e9es!","breadcrumb":{"@id":"https:\/\/www.tabakversand.ch\/fr\/produit\/borkum-riff-black-cavendish-pipe-tobacco-42-5gr\/#breadcrumb"},"inLanguage":"fr-FR","potentialAction":[{"@type":"ReadAction","target":["https:\/\/www.tabakversand.ch\/fr\/produit\/borkum-riff-black-cavendish-pipe-tobacco-42-5gr\/"]}]},{"@type":"ImageObject","inLanguage":"fr-FR","@id":"https:\/\/www.tabakversand.ch\/fr\/produit\/borkum-riff-black-cavendish-pipe-tobacco-42-5gr\/#primaryimage","url":"https:\/\/www.tabakversand.ch\/wp-content\/uploads\/2022\/03\/borkum-riff-black-cavendish-42.5.jpg","contentUrl":"https:\/\/www.tabakversand.ch\/wp-content\/uploads\/2022\/03\/borkum-riff-black-cavendish-42.5.jpg","width":500,"height":500,"caption":"Borkum Reef Black Cavendish Pipe Tobacco 42.5gr."},{"@type":"BreadcrumbList","@id":"https:\/\/www.tabakversand.ch\/fr\/produit\/borkum-riff-black-cavendish-pipe-tobacco-42-5gr\/#breadcrumb","itemListElement":[{"@type":"ListItem","position":1,"name":"Startseite","item":"https:\/\/www.tabakversand.ch\/"},{"@type":"ListItem","position":2,"name":"Boutique","item":"https:\/\/www.tabakversand.ch\/fr\/boutique\/"},{"@type":"ListItem","position":3,"name":"Borkum Reef Black Cavendish Pipe Tobacco 42.5gr."}]},{"@type":"WebSite","@id":"https:\/\/www.tabakversand.ch\/#website","url":"https:\/\/www.tabakversand.ch\/","name":"Tabakversand.ch | Alles aus der Welt des Tabaks","description":"Smoke and carpe diem","potentialAction":[{"@type":"SearchAction","target":{"@type":"EntryPoint","urlTemplate":"https:\/\/www.tabakversand.ch\/?s={search_term_string}"},"query-input":{"@type":"PropertyValueSpecification","valueRequired":true,"valueName":"search_term_string"}}],"inLanguage":"fr-FR"}]}},"_links":{"self":[{"href":"https:\/\/www.tabakversand.ch\/fr\/wp-json\/wp\/v2\/product\/71295","targetHints":{"allow":["GET"]}}],"collection":[{"href":"https:\/\/www.tabakversand.ch\/fr\/wp-json\/wp\/v2\/product"}],"about":[{"href":"https:\/\/www.tabakversand.ch\/fr\/wp-json\/wp\/v2\/types\/product"}],"version-history":[{"count":3,"href":"https:\/\/www.tabakversand.ch\/fr\/wp-json\/wp\/v2\/product\/71295\/revisions"}],"predecessor-version":[{"id":217730,"href":"https:\/\/www.tabakversand.ch\/fr\/wp-json\/wp\/v2\/product\/71295\/revisions\/217730"}],"wp:featuredmedia":[{"embeddable":true,"href":"https:\/\/www.tabakversand.ch\/fr\/wp-json\/wp\/v2\/media\/71300"}],"wp:attachment":[{"href":"https:\/\/www.tabakversand.ch\/fr\/wp-json\/wp\/v2\/media?parent=71295"}],"wp:term":[{"taxonomy":"product_brand","embeddable":true,"href":"https:\/\/www.tabakversand.ch\/fr\/wp-json\/wp\/v2\/product_brand?post=71295"},{"taxonomy":"product_cat","embeddable":true,"href":"https:\/\/www.tabakversand.ch\/fr\/wp-json\/wp\/v2\/product_cat?post=71295"},{"taxonomy":"product_tag","embeddable":true,"href":"https:\/\/www.tabakversand.ch\/fr\/wp-json\/wp\/v2\/product_tag?post=71295"}],"curies":[{"name":"wp","href":"https:\/\/api.w.org\/{rel}","templated":true}]}}