{"id":71501,"date":"2022-04-02T10:56:04","date_gmt":"2022-04-02T08:56:04","guid":{"rendered":"http:\/\/www.tabakversand.ch\/produkt\/virginie-doree-40-gr-tabac-a-cigarettes\/"},"modified":"2026-02-25T10:29:51","modified_gmt":"2026-02-25T09:29:51","slug":"golden-virginia","status":"publish","type":"product","link":"https:\/\/www.tabakversand.ch\/fr\/produit\/golden-virginia\/","title":{"rendered":"Golden Virginia"},"content":{"rendered":"<p>Golden Virginia<\/p>\n<p>Tabac \u00e0 rouler d&rsquo;Angleterre<\/p>\n<p>Ce m\u00e9lange de tabac traditionnel, originaire d&rsquo;Angleterre, est particuli\u00e8rement appr\u00e9ci\u00e9 des amateurs de cigarettes roul\u00e9es. Il se caract\u00e9rise par une saveur exceptionnelle et aromatique. La fum\u00e9e est douce et onctueuse, et se distingue nettement du go\u00fbt typique des cigarettes classiques produites en masse.<\/p>\n<p>Golden Virginia est \u00e9labor\u00e9 \u00e0 partir d&rsquo;un m\u00e9lange am\u00e9ricain. La proportion de tabac Virginie y est particuli\u00e8rement \u00e9lev\u00e9e\u00a0: seuls des tabacs Virginie fins, soigneusement s\u00e9lectionn\u00e9s, sont utilis\u00e9s. Ce m\u00e9lange est compl\u00e9t\u00e9 par une petite quantit\u00e9 de tabac Burley et Oriental, qui lui conf\u00e8rent une agr\u00e9able saveur \u00e9pic\u00e9e et une profondeur aromatique.<\/p>\n<p>Caract\u00e9ristiques:<\/p>\n<ul>\n<li>Doux en fum\u00e9e<\/li>\n<li>Ar\u00f4me naturellement sucr\u00e9 gr\u00e2ce \u00e0 sa forte teneur en Virginie<\/li>\n<li>Des nuances subtiles et \u00e9pic\u00e9es provenant du Burley et des c\u00e9pages orientaux.<\/li>\n<li>Id\u00e9al pour rouler \u00e0 la maison<\/li>\n<\/ul>\n<p>Chez tabakversand.ch, vous recevez du tabac \u00e0 rouler Golden Virginia fra\u00eechement conserv\u00e9 dans son emballage d&rsquo;origine. Un stockage soign\u00e9 garantit une pr\u00e9servation optimale de son ar\u00f4me, de son humidit\u00e9 et de sa qualit\u00e9 jusqu&rsquo;\u00e0 l&rsquo;exp\u00e9dition. Gr\u00e2ce \u00e0 une livraison rapide en Suisse, votre tabac \u00e0 rouler vous parvient g\u00e9n\u00e9ralement tr\u00e8s rapidement.<\/p>\n<p>Pour plus d&rsquo;informations sur le tabac \u00e0 rouler, veuillez consulter l&rsquo;article Wikip\u00e9dia correspondant\u00a0: <a href=\"https:\/\/de.wikipedia.org\/wiki\/Shag_(Tabak)\">cliquez ici<\/a> . Si vous avez des questions concernant le produit, n&rsquo;h\u00e9sitez pas \u00e0 nous contacter\u00a0: <a href=\"https:\/\/www.tabakversand.ch\/kontakt\/\">cliquez ici<\/a> .<\/p>\n<p>Tous les prix s&rsquo;appliquent uniquement aux commandes en ligne et incluent la TVA. Sous r\u00e9serve de modifications sans pr\u00e9avis, frais de livraison en sus. Sous r\u00e9serve d&rsquo;erreurs, de modifications de contenu de livraison et de conception, de fautes d&rsquo;impression et de modifications de prix. Les prix barr\u00e9s sont des prix de remplacement. Les illustrations peuvent diff\u00e9rer de l&rsquo;original\/du contenu de livraison.<br \/>\n*Livraison gratuite pour les commandes sup\u00e9rieures \u00e0 CHF 250.-.<\/p>\n","protected":false},"excerpt":{"rendered":"<p>Golden Virginia Tabac \u00e0 rouler d&rsquo;Angleterre Ce m\u00e9lange de tabac traditionnel, originaire d&rsquo;Angleterre, est particuli\u00e8rement appr\u00e9ci\u00e9 des amateurs de cigarettes roul\u00e9es. Il se caract\u00e9rise par une saveur exceptionnelle et aromatique. La fum\u00e9e est douce et onctueuse, et se distingue nettement du go\u00fbt typique des cigarettes classiques produites en masse. Golden Virginia est \u00e9labor\u00e9 \u00e0 partir [&hellip;]<\/p>\n","protected":false},"featured_media":71506,"template":"","meta":[],"product_brand":[1553],"product_cat":[1961,1888,1963,1964],"product_tag":[],"class_list":{"0":"post-71501","1":"product","2":"type-product","3":"status-publish","4":"has-post-thumbnail","6":"product_brand-imperial-tobacco","7":"product_cat-cigarettes-self-made-fr-2","8":"product_cat-tabac","9":"product_cat-tabac-a-cigarettes","10":"product_cat-tabac-a-cigarettes-fr","11":"pa_tabak-huelsen-1-x-40-gr","12":"pa_tabak-huelsen-10-x-40-gr","14":"first","15":"instock","16":"purchasable","17":"product-type-variable"},"yoast_head":"<!-- This site is optimized with the Yoast SEO plugin v27.5 - https:\/\/yoast.com\/product\/yoast-seo-wordpress\/ -->\n<title>Golden Virginia - tabakversand.ch<\/title>\n<meta name=\"description\" content=\"Tabac \u00e0 rouler Golden Virginia d&#039;Angleterre \u2013 un m\u00e9lange am\u00e9ricain doux \u00e0 forte teneur en Virginie, subtilement \u00e9pic\u00e9 gr\u00e2ce aux tabacs Burley et orientaux. Id\u00e9al pour rouler ses propres cigarettes.\" \/>\n<meta name=\"robots\" content=\"index, follow, max-snippet:-1, max-image-preview:large, max-video-preview:-1\" \/>\n<link rel=\"canonical\" href=\"https:\/\/www.tabakversand.ch\/produit\/golden-virginia\/\" \/>\n<meta property=\"og:locale\" content=\"fr_FR\" \/>\n<meta property=\"og:type\" content=\"article\" \/>\n<meta property=\"og:title\" content=\"Golden Virginia - tabakversand.ch\" \/>\n<meta property=\"og:description\" content=\"Tabac \u00e0 rouler Golden Virginia d&#039;Angleterre \u2013 un m\u00e9lange am\u00e9ricain doux \u00e0 forte teneur en Virginie, subtilement \u00e9pic\u00e9 gr\u00e2ce aux tabacs Burley et orientaux. Id\u00e9al pour rouler ses propres cigarettes.\" \/>\n<meta property=\"og:url\" content=\"https:\/\/www.tabakversand.ch\/produit\/golden-virginia\/\" \/>\n<meta property=\"og:site_name\" content=\"Tabakversand.ch | Alles aus der Welt des Tabaks\" \/>\n<meta property=\"article:modified_time\" content=\"2026-02-25T09:29:51+00:00\" \/>\n<meta property=\"og:image\" content=\"https:\/\/www.tabakversand.ch\/wp-content\/uploads\/2022\/03\/golden-virginia-classic-40.jpg\" \/>\n\t<meta property=\"og:image:width\" content=\"500\" \/>\n\t<meta property=\"og:image:height\" content=\"500\" \/>\n\t<meta property=\"og:image:type\" content=\"image\/jpeg\" \/>\n<meta name=\"twitter:card\" content=\"summary_large_image\" \/>\n<meta name=\"twitter:label1\" content=\"Dur\u00e9e de lecture estim\u00e9e\" \/>\n\t<meta name=\"twitter:data1\" content=\"2 minutes\" \/>\n<script type=\"application\/ld+json\" class=\"yoast-schema-graph\">{\"@context\":\"https:\\\/\\\/schema.org\",\"@graph\":[{\"@type\":\"WebPage\",\"@id\":\"https:\\\/\\\/www.tabakversand.ch\\\/produit\\\/golden-virginia\\\/\",\"url\":\"https:\\\/\\\/www.tabakversand.ch\\\/produit\\\/golden-virginia\\\/\",\"name\":\"Golden Virginia - tabakversand.ch\",\"isPartOf\":{\"@id\":\"https:\\\/\\\/www.tabakversand.ch\\\/#website\"},\"primaryImageOfPage\":{\"@id\":\"https:\\\/\\\/www.tabakversand.ch\\\/produit\\\/golden-virginia\\\/#primaryimage\"},\"image\":{\"@id\":\"https:\\\/\\\/www.tabakversand.ch\\\/produit\\\/golden-virginia\\\/#primaryimage\"},\"thumbnailUrl\":\"https:\\\/\\\/www.tabakversand.ch\\\/wp-content\\\/uploads\\\/2022\\\/03\\\/golden-virginia-classic-40.jpg\",\"datePublished\":\"2022-04-02T08:56:04+00:00\",\"dateModified\":\"2026-02-25T09:29:51+00:00\",\"description\":\"Tabac \u00e0 rouler Golden Virginia d'Angleterre \u2013 un m\u00e9lange am\u00e9ricain doux \u00e0 forte teneur en Virginie, subtilement \u00e9pic\u00e9 gr\u00e2ce aux tabacs Burley et orientaux. Id\u00e9al pour rouler ses propres cigarettes.\",\"breadcrumb\":{\"@id\":\"https:\\\/\\\/www.tabakversand.ch\\\/produit\\\/golden-virginia\\\/#breadcrumb\"},\"inLanguage\":\"fr-FR\",\"potentialAction\":[{\"@type\":\"ReadAction\",\"target\":[\"https:\\\/\\\/www.tabakversand.ch\\\/produit\\\/golden-virginia\\\/\"]}]},{\"@type\":\"ImageObject\",\"inLanguage\":\"fr-FR\",\"@id\":\"https:\\\/\\\/www.tabakversand.ch\\\/produit\\\/golden-virginia\\\/#primaryimage\",\"url\":\"https:\\\/\\\/www.tabakversand.ch\\\/wp-content\\\/uploads\\\/2022\\\/03\\\/golden-virginia-classic-40.jpg\",\"contentUrl\":\"https:\\\/\\\/www.tabakversand.ch\\\/wp-content\\\/uploads\\\/2022\\\/03\\\/golden-virginia-classic-40.jpg\",\"width\":500,\"height\":500,\"caption\":\"Virginie dor\u00e9e 40 gr. Tabac \u00e0 cigarettes\"},{\"@type\":\"BreadcrumbList\",\"@id\":\"https:\\\/\\\/www.tabakversand.ch\\\/produit\\\/golden-virginia\\\/#breadcrumb\",\"itemListElement\":[{\"@type\":\"ListItem\",\"position\":1,\"name\":\"Startseite\",\"item\":\"https:\\\/\\\/www.tabakversand.ch\\\/\"},{\"@type\":\"ListItem\",\"position\":2,\"name\":\"Boutique\",\"item\":\"https:\\\/\\\/www.tabakversand.ch\\\/fr\\\/boutique\\\/\"},{\"@type\":\"ListItem\",\"position\":3,\"name\":\"Golden Virginia\"}]},{\"@type\":\"WebSite\",\"@id\":\"https:\\\/\\\/www.tabakversand.ch\\\/#website\",\"url\":\"https:\\\/\\\/www.tabakversand.ch\\\/\",\"name\":\"Tabakversand.ch | Alles aus der Welt des Tabaks\",\"description\":\"Smoke and carpe diem\",\"potentialAction\":[{\"@type\":\"SearchAction\",\"target\":{\"@type\":\"EntryPoint\",\"urlTemplate\":\"https:\\\/\\\/www.tabakversand.ch\\\/?s={search_term_string}\"},\"query-input\":{\"@type\":\"PropertyValueSpecification\",\"valueRequired\":true,\"valueName\":\"search_term_string\"}}],\"inLanguage\":\"fr-FR\"}]}<\/script>\n<!-- \/ Yoast SEO plugin. -->","yoast_head_json":{"title":"Golden Virginia - tabakversand.ch","description":"Tabac \u00e0 rouler Golden Virginia d'Angleterre \u2013 un m\u00e9lange am\u00e9ricain doux \u00e0 forte teneur en Virginie, subtilement \u00e9pic\u00e9 gr\u00e2ce aux tabacs Burley et orientaux. Id\u00e9al pour rouler ses propres cigarettes.","robots":{"index":"index","follow":"follow","max-snippet":"max-snippet:-1","max-image-preview":"max-image-preview:large","max-video-preview":"max-video-preview:-1"},"canonical":"https:\/\/www.tabakversand.ch\/produit\/golden-virginia\/","og_locale":"fr_FR","og_type":"article","og_title":"Golden Virginia - tabakversand.ch","og_description":"Tabac \u00e0 rouler Golden Virginia d'Angleterre \u2013 un m\u00e9lange am\u00e9ricain doux \u00e0 forte teneur en Virginie, subtilement \u00e9pic\u00e9 gr\u00e2ce aux tabacs Burley et orientaux. Id\u00e9al pour rouler ses propres cigarettes.","og_url":"https:\/\/www.tabakversand.ch\/produit\/golden-virginia\/","og_site_name":"Tabakversand.ch | Alles aus der Welt des Tabaks","article_modified_time":"2026-02-25T09:29:51+00:00","og_image":[{"width":500,"height":500,"url":"https:\/\/www.tabakversand.ch\/wp-content\/uploads\/2022\/03\/golden-virginia-classic-40.jpg","type":"image\/jpeg"}],"twitter_card":"summary_large_image","twitter_misc":{"Dur\u00e9e de lecture estim\u00e9e":"2 minutes"},"schema":{"@context":"https:\/\/schema.org","@graph":[{"@type":"WebPage","@id":"https:\/\/www.tabakversand.ch\/produit\/golden-virginia\/","url":"https:\/\/www.tabakversand.ch\/produit\/golden-virginia\/","name":"Golden Virginia - tabakversand.ch","isPartOf":{"@id":"https:\/\/www.tabakversand.ch\/#website"},"primaryImageOfPage":{"@id":"https:\/\/www.tabakversand.ch\/produit\/golden-virginia\/#primaryimage"},"image":{"@id":"https:\/\/www.tabakversand.ch\/produit\/golden-virginia\/#primaryimage"},"thumbnailUrl":"https:\/\/www.tabakversand.ch\/wp-content\/uploads\/2022\/03\/golden-virginia-classic-40.jpg","datePublished":"2022-04-02T08:56:04+00:00","dateModified":"2026-02-25T09:29:51+00:00","description":"Tabac \u00e0 rouler Golden Virginia d'Angleterre \u2013 un m\u00e9lange am\u00e9ricain doux \u00e0 forte teneur en Virginie, subtilement \u00e9pic\u00e9 gr\u00e2ce aux tabacs Burley et orientaux. Id\u00e9al pour rouler ses propres cigarettes.","breadcrumb":{"@id":"https:\/\/www.tabakversand.ch\/produit\/golden-virginia\/#breadcrumb"},"inLanguage":"fr-FR","potentialAction":[{"@type":"ReadAction","target":["https:\/\/www.tabakversand.ch\/produit\/golden-virginia\/"]}]},{"@type":"ImageObject","inLanguage":"fr-FR","@id":"https:\/\/www.tabakversand.ch\/produit\/golden-virginia\/#primaryimage","url":"https:\/\/www.tabakversand.ch\/wp-content\/uploads\/2022\/03\/golden-virginia-classic-40.jpg","contentUrl":"https:\/\/www.tabakversand.ch\/wp-content\/uploads\/2022\/03\/golden-virginia-classic-40.jpg","width":500,"height":500,"caption":"Virginie dor\u00e9e 40 gr. Tabac \u00e0 cigarettes"},{"@type":"BreadcrumbList","@id":"https:\/\/www.tabakversand.ch\/produit\/golden-virginia\/#breadcrumb","itemListElement":[{"@type":"ListItem","position":1,"name":"Startseite","item":"https:\/\/www.tabakversand.ch\/"},{"@type":"ListItem","position":2,"name":"Boutique","item":"https:\/\/www.tabakversand.ch\/fr\/boutique\/"},{"@type":"ListItem","position":3,"name":"Golden Virginia"}]},{"@type":"WebSite","@id":"https:\/\/www.tabakversand.ch\/#website","url":"https:\/\/www.tabakversand.ch\/","name":"Tabakversand.ch | Alles aus der Welt des Tabaks","description":"Smoke and carpe diem","potentialAction":[{"@type":"SearchAction","target":{"@type":"EntryPoint","urlTemplate":"https:\/\/www.tabakversand.ch\/?s={search_term_string}"},"query-input":{"@type":"PropertyValueSpecification","valueRequired":true,"valueName":"search_term_string"}}],"inLanguage":"fr-FR"}]}},"_links":{"self":[{"href":"https:\/\/www.tabakversand.ch\/fr\/wp-json\/wp\/v2\/product\/71501","targetHints":{"allow":["GET"]}}],"collection":[{"href":"https:\/\/www.tabakversand.ch\/fr\/wp-json\/wp\/v2\/product"}],"about":[{"href":"https:\/\/www.tabakversand.ch\/fr\/wp-json\/wp\/v2\/types\/product"}],"version-history":[{"count":3,"href":"https:\/\/www.tabakversand.ch\/fr\/wp-json\/wp\/v2\/product\/71501\/revisions"}],"predecessor-version":[{"id":213483,"href":"https:\/\/www.tabakversand.ch\/fr\/wp-json\/wp\/v2\/product\/71501\/revisions\/213483"}],"wp:featuredmedia":[{"embeddable":true,"href":"https:\/\/www.tabakversand.ch\/fr\/wp-json\/wp\/v2\/media\/71506"}],"wp:attachment":[{"href":"https:\/\/www.tabakversand.ch\/fr\/wp-json\/wp\/v2\/media?parent=71501"}],"wp:term":[{"taxonomy":"product_brand","embeddable":true,"href":"https:\/\/www.tabakversand.ch\/fr\/wp-json\/wp\/v2\/product_brand?post=71501"},{"taxonomy":"product_cat","embeddable":true,"href":"https:\/\/www.tabakversand.ch\/fr\/wp-json\/wp\/v2\/product_cat?post=71501"},{"taxonomy":"product_tag","embeddable":true,"href":"https:\/\/www.tabakversand.ch\/fr\/wp-json\/wp\/v2\/product_tag?post=71501"}],"curies":[{"name":"wp","href":"https:\/\/api.w.org\/{rel}","templated":true}]}}