{"id":71504,"date":"2022-04-02T10:56:04","date_gmt":"2022-04-02T08:56:04","guid":{"rendered":"http:\/\/www.tabakversand.ch\/produkt\/escort-additive-free-100gr-tabac-a-cigarettes\/"},"modified":"2026-03-13T13:37:46","modified_gmt":"2026-03-13T12:37:46","slug":"escort-additive-free","status":"publish","type":"product","link":"https:\/\/www.tabakversand.ch\/fr\/produit\/escort-additive-free\/","title":{"rendered":"Additif d&rsquo;escorte gratuit"},"content":{"rendered":"<h1>Additif d&rsquo;escorte gratuit<\/h1>\n<p>Le tabac \u00e0 cigarettes Escort sans additifs est un m\u00e9lange am\u00e9ricain de tabacs Virginie et orientaux matures. Ce m\u00e9lange est \u00e9labor\u00e9 \u00e0 partir de tabac sans aucun additif artificiel. Un nouveau proc\u00e9d\u00e9 de fabrication conf\u00e8re \u00e0 tous les tabacs Escort un volume accru, ce qui permet d&rsquo;utiliser moins de tabac pour rouler une cigarette.  <\/p>\n<p>1 x 100 g<\/p>\n<p>Chez tabakversand.ch, vous recevez du tabac \u00e0 cigarettes Escort sans additifs, fra\u00eechement conserv\u00e9 dans son emballage d&rsquo;origine. Un stockage soign\u00e9 garantit une pr\u00e9servation optimale de l&rsquo;ar\u00f4me, de l&rsquo;humidit\u00e9 et de la qualit\u00e9 jusqu&rsquo;\u00e0 l&rsquo;exp\u00e9dition. Gr\u00e2ce \u00e0 une livraison rapide en Suisse, votre tabac \u00e0 cigarettes arrive rapidement.  <strong> <\/strong>Il arrivera g\u00e9n\u00e9ralement sous peu de temps.<\/p>\n<p>Pour plus d&rsquo;informations sur le tabac, veuillez consulter l&rsquo;article Wikip\u00e9dia correspondant&nbsp;: <u><a href=\"https:\/\/de.wikipedia.org\/wiki\/Tabak\">cliquez ici<\/a><\/u> . Si vous avez des questions concernant le produit, n&rsquo;h\u00e9sitez pas \u00e0 nous contacter&nbsp;: <a href=\"https:\/\/www.tabakversand.ch\/kontakt\/\">cliquez ici<\/a> . <\/p>\n<p>Tous les prix s&rsquo;appliquent uniquement aux commandes en ligne et incluent la TVA. Sous r\u00e9serve de modifications sans pr\u00e9avis, frais de livraison en sus. Sous r\u00e9serve d&rsquo;erreurs, de modifications de contenu de livraison et de conception, de fautes d&rsquo;impression et de modifications de prix. Les prix barr\u00e9s sont des prix de remplacement. Les illustrations peuvent diff\u00e9rer de l&rsquo;original\/du contenu de livraison.<br \/>\n*Livraison gratuite pour les commandes sup\u00e9rieures \u00e0 CHF 250.-.<\/p>\n","protected":false},"excerpt":{"rendered":"<p>Additif d&rsquo;escorte gratuit Le tabac \u00e0 cigarettes Escort sans additifs est un m\u00e9lange am\u00e9ricain de tabacs Virginie et orientaux matures. Ce m\u00e9lange est \u00e9labor\u00e9 \u00e0 partir de tabac sans aucun additif artificiel. Un nouveau proc\u00e9d\u00e9 de fabrication conf\u00e8re \u00e0 tous les tabacs Escort un volume accru, ce qui permet d&rsquo;utiliser moins de tabac pour rouler [&hellip;]<\/p>\n","protected":false},"featured_media":71511,"template":"","meta":[],"product_brand":[1518],"product_cat":[1961,1888,1963,1964],"product_tag":[],"class_list":{"0":"post-71504","1":"product","2":"type-product","3":"status-publish","4":"has-post-thumbnail","6":"product_brand-scandinavian-tobacco-group","7":"product_cat-cigarettes-self-made-fr-2","8":"product_cat-tabac","9":"product_cat-tabac-a-cigarettes","10":"product_cat-tabac-a-cigarettes-fr","12":"first","13":"onbackorder","14":"purchasable","15":"product-type-simple"},"yoast_head":"<!-- This site is optimized with the Yoast SEO plugin v27.5 - https:\/\/yoast.com\/product\/yoast-seo-wordpress\/ -->\n<title>Tabac \u00e0 cigarettes Escort sans additifs \u2013 sans additifs<\/title>\n<meta name=\"description\" content=\"Escort Ad. Tabac \u00e0 cigarettes gratuit \u2013 M\u00e9lange am\u00e9ricain de tabacs Virginie et orientaux, sans additifs. Plus de volume pour moins de consommation.\" \/>\n<meta name=\"robots\" content=\"index, follow, max-snippet:-1, max-image-preview:large, max-video-preview:-1\" \/>\n<link rel=\"canonical\" href=\"https:\/\/www.tabakversand.ch\/fr\/produit\/escort-additive-free\/\" \/>\n<meta property=\"og:locale\" content=\"fr_FR\" \/>\n<meta property=\"og:type\" content=\"article\" \/>\n<meta property=\"og:title\" content=\"Tabac \u00e0 cigarettes Escort sans additifs \u2013 sans additifs\" \/>\n<meta property=\"og:description\" content=\"Escort Ad. Tabac \u00e0 cigarettes gratuit \u2013 M\u00e9lange am\u00e9ricain de tabacs Virginie et orientaux, sans additifs. Plus de volume pour moins de consommation.\" \/>\n<meta property=\"og:url\" content=\"https:\/\/www.tabakversand.ch\/fr\/produit\/escort-additive-free\/\" \/>\n<meta property=\"og:site_name\" content=\"Tabakversand.ch | Alles aus der Welt des Tabaks\" \/>\n<meta property=\"article:modified_time\" content=\"2026-03-13T12:37:46+00:00\" \/>\n<meta property=\"og:image\" content=\"https:\/\/www.tabakversand.ch\/wp-content\/uploads\/2022\/03\/escort-additive-free.jpg\" \/>\n\t<meta property=\"og:image:width\" content=\"469\" \/>\n\t<meta property=\"og:image:height\" content=\"500\" \/>\n\t<meta property=\"og:image:type\" content=\"image\/jpeg\" \/>\n<meta name=\"twitter:card\" content=\"summary_large_image\" \/>\n<meta name=\"twitter:label1\" content=\"Dur\u00e9e de lecture estim\u00e9e\" \/>\n\t<meta name=\"twitter:data1\" content=\"2 minutes\" \/>\n<script type=\"application\/ld+json\" class=\"yoast-schema-graph\">{\"@context\":\"https:\\\/\\\/schema.org\",\"@graph\":[{\"@type\":\"WebPage\",\"@id\":\"https:\\\/\\\/www.tabakversand.ch\\\/fr\\\/produit\\\/escort-additive-free\\\/\",\"url\":\"https:\\\/\\\/www.tabakversand.ch\\\/fr\\\/produit\\\/escort-additive-free\\\/\",\"name\":\"Tabac \u00e0 cigarettes Escort sans additifs \u2013 sans additifs\",\"isPartOf\":{\"@id\":\"https:\\\/\\\/www.tabakversand.ch\\\/#website\"},\"primaryImageOfPage\":{\"@id\":\"https:\\\/\\\/www.tabakversand.ch\\\/fr\\\/produit\\\/escort-additive-free\\\/#primaryimage\"},\"image\":{\"@id\":\"https:\\\/\\\/www.tabakversand.ch\\\/fr\\\/produit\\\/escort-additive-free\\\/#primaryimage\"},\"thumbnailUrl\":\"https:\\\/\\\/www.tabakversand.ch\\\/wp-content\\\/uploads\\\/2022\\\/03\\\/escort-additive-free.jpg\",\"datePublished\":\"2022-04-02T08:56:04+00:00\",\"dateModified\":\"2026-03-13T12:37:46+00:00\",\"description\":\"Escort Ad. Tabac \u00e0 cigarettes gratuit \u2013 M\u00e9lange am\u00e9ricain de tabacs Virginie et orientaux, sans additifs. Plus de volume pour moins de consommation.\",\"breadcrumb\":{\"@id\":\"https:\\\/\\\/www.tabakversand.ch\\\/fr\\\/produit\\\/escort-additive-free\\\/#breadcrumb\"},\"inLanguage\":\"fr-FR\",\"potentialAction\":[{\"@type\":\"ReadAction\",\"target\":[\"https:\\\/\\\/www.tabakversand.ch\\\/fr\\\/produit\\\/escort-additive-free\\\/\"]}]},{\"@type\":\"ImageObject\",\"inLanguage\":\"fr-FR\",\"@id\":\"https:\\\/\\\/www.tabakversand.ch\\\/fr\\\/produit\\\/escort-additive-free\\\/#primaryimage\",\"url\":\"https:\\\/\\\/www.tabakversand.ch\\\/wp-content\\\/uploads\\\/2022\\\/03\\\/escort-additive-free.jpg\",\"contentUrl\":\"https:\\\/\\\/www.tabakversand.ch\\\/wp-content\\\/uploads\\\/2022\\\/03\\\/escort-additive-free.jpg\",\"width\":469,\"height\":500,\"caption\":\"Escort Additive Free 100gr. Tabac \u00e0 cigarettes\"},{\"@type\":\"BreadcrumbList\",\"@id\":\"https:\\\/\\\/www.tabakversand.ch\\\/fr\\\/produit\\\/escort-additive-free\\\/#breadcrumb\",\"itemListElement\":[{\"@type\":\"ListItem\",\"position\":1,\"name\":\"Startseite\",\"item\":\"https:\\\/\\\/www.tabakversand.ch\\\/\"},{\"@type\":\"ListItem\",\"position\":2,\"name\":\"Boutique\",\"item\":\"https:\\\/\\\/www.tabakversand.ch\\\/fr\\\/boutique\\\/\"},{\"@type\":\"ListItem\",\"position\":3,\"name\":\"Additif d'escorte gratuit\"}]},{\"@type\":\"WebSite\",\"@id\":\"https:\\\/\\\/www.tabakversand.ch\\\/#website\",\"url\":\"https:\\\/\\\/www.tabakversand.ch\\\/\",\"name\":\"Tabakversand.ch | Alles aus der Welt des Tabaks\",\"description\":\"Smoke and carpe diem\",\"potentialAction\":[{\"@type\":\"SearchAction\",\"target\":{\"@type\":\"EntryPoint\",\"urlTemplate\":\"https:\\\/\\\/www.tabakversand.ch\\\/?s={search_term_string}\"},\"query-input\":{\"@type\":\"PropertyValueSpecification\",\"valueRequired\":true,\"valueName\":\"search_term_string\"}}],\"inLanguage\":\"fr-FR\"}]}<\/script>\n<!-- \/ Yoast SEO plugin. -->","yoast_head_json":{"title":"Tabac \u00e0 cigarettes Escort sans additifs \u2013 sans additifs","description":"Escort Ad. Tabac \u00e0 cigarettes gratuit \u2013 M\u00e9lange am\u00e9ricain de tabacs Virginie et orientaux, sans additifs. Plus de volume pour moins de consommation.","robots":{"index":"index","follow":"follow","max-snippet":"max-snippet:-1","max-image-preview":"max-image-preview:large","max-video-preview":"max-video-preview:-1"},"canonical":"https:\/\/www.tabakversand.ch\/fr\/produit\/escort-additive-free\/","og_locale":"fr_FR","og_type":"article","og_title":"Tabac \u00e0 cigarettes Escort sans additifs \u2013 sans additifs","og_description":"Escort Ad. Tabac \u00e0 cigarettes gratuit \u2013 M\u00e9lange am\u00e9ricain de tabacs Virginie et orientaux, sans additifs. Plus de volume pour moins de consommation.","og_url":"https:\/\/www.tabakversand.ch\/fr\/produit\/escort-additive-free\/","og_site_name":"Tabakversand.ch | Alles aus der Welt des Tabaks","article_modified_time":"2026-03-13T12:37:46+00:00","og_image":[{"width":469,"height":500,"url":"https:\/\/www.tabakversand.ch\/wp-content\/uploads\/2022\/03\/escort-additive-free.jpg","type":"image\/jpeg"}],"twitter_card":"summary_large_image","twitter_misc":{"Dur\u00e9e de lecture estim\u00e9e":"2 minutes"},"schema":{"@context":"https:\/\/schema.org","@graph":[{"@type":"WebPage","@id":"https:\/\/www.tabakversand.ch\/fr\/produit\/escort-additive-free\/","url":"https:\/\/www.tabakversand.ch\/fr\/produit\/escort-additive-free\/","name":"Tabac \u00e0 cigarettes Escort sans additifs \u2013 sans additifs","isPartOf":{"@id":"https:\/\/www.tabakversand.ch\/#website"},"primaryImageOfPage":{"@id":"https:\/\/www.tabakversand.ch\/fr\/produit\/escort-additive-free\/#primaryimage"},"image":{"@id":"https:\/\/www.tabakversand.ch\/fr\/produit\/escort-additive-free\/#primaryimage"},"thumbnailUrl":"https:\/\/www.tabakversand.ch\/wp-content\/uploads\/2022\/03\/escort-additive-free.jpg","datePublished":"2022-04-02T08:56:04+00:00","dateModified":"2026-03-13T12:37:46+00:00","description":"Escort Ad. Tabac \u00e0 cigarettes gratuit \u2013 M\u00e9lange am\u00e9ricain de tabacs Virginie et orientaux, sans additifs. Plus de volume pour moins de consommation.","breadcrumb":{"@id":"https:\/\/www.tabakversand.ch\/fr\/produit\/escort-additive-free\/#breadcrumb"},"inLanguage":"fr-FR","potentialAction":[{"@type":"ReadAction","target":["https:\/\/www.tabakversand.ch\/fr\/produit\/escort-additive-free\/"]}]},{"@type":"ImageObject","inLanguage":"fr-FR","@id":"https:\/\/www.tabakversand.ch\/fr\/produit\/escort-additive-free\/#primaryimage","url":"https:\/\/www.tabakversand.ch\/wp-content\/uploads\/2022\/03\/escort-additive-free.jpg","contentUrl":"https:\/\/www.tabakversand.ch\/wp-content\/uploads\/2022\/03\/escort-additive-free.jpg","width":469,"height":500,"caption":"Escort Additive Free 100gr. Tabac \u00e0 cigarettes"},{"@type":"BreadcrumbList","@id":"https:\/\/www.tabakversand.ch\/fr\/produit\/escort-additive-free\/#breadcrumb","itemListElement":[{"@type":"ListItem","position":1,"name":"Startseite","item":"https:\/\/www.tabakversand.ch\/"},{"@type":"ListItem","position":2,"name":"Boutique","item":"https:\/\/www.tabakversand.ch\/fr\/boutique\/"},{"@type":"ListItem","position":3,"name":"Additif d'escorte gratuit"}]},{"@type":"WebSite","@id":"https:\/\/www.tabakversand.ch\/#website","url":"https:\/\/www.tabakversand.ch\/","name":"Tabakversand.ch | Alles aus der Welt des Tabaks","description":"Smoke and carpe diem","potentialAction":[{"@type":"SearchAction","target":{"@type":"EntryPoint","urlTemplate":"https:\/\/www.tabakversand.ch\/?s={search_term_string}"},"query-input":{"@type":"PropertyValueSpecification","valueRequired":true,"valueName":"search_term_string"}}],"inLanguage":"fr-FR"}]}},"_links":{"self":[{"href":"https:\/\/www.tabakversand.ch\/fr\/wp-json\/wp\/v2\/product\/71504","targetHints":{"allow":["GET"]}}],"collection":[{"href":"https:\/\/www.tabakversand.ch\/fr\/wp-json\/wp\/v2\/product"}],"about":[{"href":"https:\/\/www.tabakversand.ch\/fr\/wp-json\/wp\/v2\/types\/product"}],"version-history":[{"count":7,"href":"https:\/\/www.tabakversand.ch\/fr\/wp-json\/wp\/v2\/product\/71504\/revisions"}],"predecessor-version":[{"id":214651,"href":"https:\/\/www.tabakversand.ch\/fr\/wp-json\/wp\/v2\/product\/71504\/revisions\/214651"}],"wp:featuredmedia":[{"embeddable":true,"href":"https:\/\/www.tabakversand.ch\/fr\/wp-json\/wp\/v2\/media\/71511"}],"wp:attachment":[{"href":"https:\/\/www.tabakversand.ch\/fr\/wp-json\/wp\/v2\/media?parent=71504"}],"wp:term":[{"taxonomy":"product_brand","embeddable":true,"href":"https:\/\/www.tabakversand.ch\/fr\/wp-json\/wp\/v2\/product_brand?post=71504"},{"taxonomy":"product_cat","embeddable":true,"href":"https:\/\/www.tabakversand.ch\/fr\/wp-json\/wp\/v2\/product_cat?post=71504"},{"taxonomy":"product_tag","embeddable":true,"href":"https:\/\/www.tabakversand.ch\/fr\/wp-json\/wp\/v2\/product_tag?post=71504"}],"curies":[{"name":"wp","href":"https:\/\/api.w.org\/{rel}","templated":true}]}}