{"id":71555,"date":"2022-04-02T10:56:04","date_gmt":"2022-04-02T08:56:04","guid":{"rendered":"http:\/\/www.tabakversand.ch\/produkt\/black-hawk-volume-tabac-95gr-tabac-a-cigarettes\/"},"modified":"2026-04-05T18:00:43","modified_gmt":"2026-04-05T16:00:43","slug":"black-hawk-volume-tabac-95gr-tabac-a-cigarette","status":"publish","type":"product","link":"https:\/\/www.tabakversand.ch\/fr\/produit\/black-hawk-volume-tabac-95gr-tabac-a-cigarette\/","title":{"rendered":"Volume Black Hawk"},"content":{"rendered":"<h1>Volume Black Hawk<\/h1>\n<p>1 x 95 g<\/p>\n<p>&nbsp;<\/p>\n<p>D\u00e9couvrez le tabac \u00e0 rouler Black Hawk Volume \u00e0 coupe fine&nbsp;: le tabac id\u00e9al pour ceux qui recherchent saveur et volume. Compos\u00e9 de tabacs s\u00e9lectionn\u00e9s, il s\u00e9duit par son ar\u00f4me \u00e9quilibr\u00e9, sa douceur au fumage et sa g\u00e9n\u00e9reuse quantit\u00e9 de tabac pour un plaisir prolong\u00e9. <\/p>\n<p>\u2714 Harmonieux \u2013 le plaisir de fumer parfait au quotidien<br \/>\n \u2714 Volume \u00e9lev\u00e9 \u2013 plus de tabac pour des s\u00e9ances de roulage et de fumage plus longues<br \/>\n \u2714 Qualit\u00e9 fiable \u2013 classique, simple et abordable<\/p>\n<p>Offrez-vous une exp\u00e9rience de fumage simple et aromatique \u2013 commandez d\u00e8s maintenant en ligne le tabac \u00e0 coupe fine Black Hawk Volume et savourez-le imm\u00e9diatement !<\/p>\n<p>Chez tabakversand.ch, vous recevez votre tabac Black Hawk conserv\u00e9 dans son emballage d&rsquo;origine. Un stockage soign\u00e9 garantit la pr\u00e9servation optimale de son ar\u00f4me, de son humidit\u00e9 et de sa qualit\u00e9 jusqu&rsquo;\u00e0 l&rsquo;exp\u00e9dition. Gr\u00e2ce \u00e0 une livraison rapide en Suisse, votre tabac \u00e0 cigarettes vous parvient g\u00e9n\u00e9ralement sous peu.  <\/p>\n<p>Pour plus d&rsquo;informations sur le tabac \u00e0 rouler, veuillez consulter l&rsquo;article Wikip\u00e9dia correspondant&nbsp;: <a href=\"https:\/\/de.wikipedia.org\/wiki\/Shag_(Tabak)\">cliquez ici<\/a> . Si vous avez des questions concernant le produit, n&rsquo;h\u00e9sitez pas \u00e0 nous contacter&nbsp;: <a href=\"https:\/\/www.tabakversand.ch\/kontakt\/\">cliquez ici<\/a> . <\/p>\n<p>Tous les prix s&rsquo;appliquent uniquement aux commandes en ligne et incluent la TVA. Sous r\u00e9serve de modifications sans pr\u00e9avis, frais de livraison en sus. Sous r\u00e9serve d&rsquo;erreurs, de modifications de contenu de livraison et de conception, de fautes d&rsquo;impression et de modifications de prix. Les prix barr\u00e9s sont des prix de remplacement. Les illustrations peuvent diff\u00e9rer de l&rsquo;original\/du contenu de livraison.<br \/>\n*Livraison gratuite pour les commandes sup\u00e9rieures \u00e0 CHF 250.-.<\/p>\n","protected":false},"excerpt":{"rendered":"<p>Volume Black Hawk 1 x 95 g &nbsp; D\u00e9couvrez le tabac \u00e0 rouler Black Hawk Volume \u00e0 coupe fine&nbsp;: le tabac id\u00e9al pour ceux qui recherchent saveur et volume. Compos\u00e9 de tabacs s\u00e9lectionn\u00e9s, il s\u00e9duit par son ar\u00f4me \u00e9quilibr\u00e9, sa douceur au fumage et sa g\u00e9n\u00e9reuse quantit\u00e9 de tabac pour un plaisir prolong\u00e9. \u2714 Harmonieux [&hellip;]<\/p>\n","protected":false},"featured_media":118634,"template":"","meta":[],"product_brand":[5686],"product_cat":[1961,1888,1964,1963],"product_tag":[],"class_list":{"0":"post-71555","1":"product","2":"type-product","3":"status-publish","4":"has-post-thumbnail","6":"product_brand-black-hawk-feinschnitt","7":"product_cat-cigarettes-self-made-fr-2","8":"product_cat-tabac","9":"product_cat-tabac-a-cigarettes-fr","10":"product_cat-tabac-a-cigarettes","12":"first","13":"onbackorder","14":"purchasable","15":"product-type-simple"},"yoast_head":"<!-- This site is optimized with the Yoast SEO plugin v27.0 - https:\/\/yoast.com\/product\/yoast-seo-wordpress\/ -->\n<title>Black Hawk Volume Fine Cut \u2013 Tabac \u00e0 rouler volumineux<\/title>\n<meta name=\"description\" content=\"Tabac \u00e0 coupe fine Black Hawk Volume de Japan Tobacco International\u00a0: tabac \u00e0 rouler aromatique avec un volume suppl\u00e9mentaire \u2013 parfait pour un usage quotidien.\" \/>\n<meta name=\"robots\" content=\"index, follow, max-snippet:-1, max-image-preview:large, max-video-preview:-1\" \/>\n<link rel=\"canonical\" href=\"https:\/\/www.tabakversand.ch\/produit\/black-hawk-volume-tobacco-95gr-zigarettentabak\/\" \/>\n<meta property=\"og:locale\" content=\"fr_FR\" \/>\n<meta property=\"og:type\" content=\"article\" \/>\n<meta property=\"og:title\" content=\"Black Hawk Volume Fine Cut \u2013 Tabac \u00e0 rouler volumineux\" \/>\n<meta property=\"og:description\" content=\"Tabac \u00e0 coupe fine Black Hawk Volume de Japan Tobacco International\u00a0: tabac \u00e0 rouler aromatique avec un volume suppl\u00e9mentaire \u2013 parfait pour un usage quotidien.\" \/>\n<meta property=\"og:url\" content=\"https:\/\/www.tabakversand.ch\/produit\/black-hawk-volume-tobacco-95gr-zigarettentabak\/\" \/>\n<meta property=\"og:site_name\" content=\"Tabakversand.ch | Alles aus der Welt des Tabaks\" \/>\n<meta property=\"article:modified_time\" content=\"2026-04-05T16:00:43+00:00\" \/>\n<meta property=\"og:image\" content=\"https:\/\/www.tabakversand.ch\/wp-content\/uploads\/2022\/04\/black-hawk-hight-volumen-myo-_.jpg\" \/>\n\t<meta property=\"og:image:width\" content=\"500\" \/>\n\t<meta property=\"og:image:height\" content=\"500\" \/>\n\t<meta property=\"og:image:type\" content=\"image\/jpeg\" \/>\n<meta name=\"twitter:card\" content=\"summary_large_image\" \/>\n<meta name=\"twitter:label1\" content=\"Dur\u00e9e de lecture estim\u00e9e\" \/>\n\t<meta name=\"twitter:data1\" content=\"1 minute\" \/>\n<script type=\"application\/ld+json\" class=\"yoast-schema-graph\">{\"@context\":\"https:\/\/schema.org\",\"@graph\":[{\"@type\":\"WebPage\",\"@id\":\"https:\/\/www.tabakversand.ch\/produit\/black-hawk-volume-tobacco-95gr-zigarettentabak\/\",\"url\":\"https:\/\/www.tabakversand.ch\/produit\/black-hawk-volume-tobacco-95gr-zigarettentabak\/\",\"name\":\"Black Hawk Volume Fine Cut \u2013 Tabac \u00e0 rouler volumineux\",\"isPartOf\":{\"@id\":\"https:\/\/www.tabakversand.ch\/#website\"},\"primaryImageOfPage\":{\"@id\":\"https:\/\/www.tabakversand.ch\/produit\/black-hawk-volume-tobacco-95gr-zigarettentabak\/#primaryimage\"},\"image\":{\"@id\":\"https:\/\/www.tabakversand.ch\/produit\/black-hawk-volume-tobacco-95gr-zigarettentabak\/#primaryimage\"},\"thumbnailUrl\":\"https:\/\/www.tabakversand.ch\/wp-content\/uploads\/2022\/04\/black-hawk-hight-volumen-myo-_.jpg\",\"datePublished\":\"2022-04-02T08:56:04+00:00\",\"dateModified\":\"2026-04-05T16:00:43+00:00\",\"description\":\"Tabac \u00e0 coupe fine Black Hawk Volume de Japan Tobacco International\u00a0: tabac \u00e0 rouler aromatique avec un volume suppl\u00e9mentaire \u2013 parfait pour un usage quotidien.\",\"breadcrumb\":{\"@id\":\"https:\/\/www.tabakversand.ch\/produit\/black-hawk-volume-tobacco-95gr-zigarettentabak\/#breadcrumb\"},\"inLanguage\":\"fr-FR\",\"potentialAction\":[{\"@type\":\"ReadAction\",\"target\":[\"https:\/\/www.tabakversand.ch\/produit\/black-hawk-volume-tobacco-95gr-zigarettentabak\/\"]}]},{\"@type\":\"ImageObject\",\"inLanguage\":\"fr-FR\",\"@id\":\"https:\/\/www.tabakversand.ch\/produit\/black-hawk-volume-tobacco-95gr-zigarettentabak\/#primaryimage\",\"url\":\"https:\/\/www.tabakversand.ch\/wp-content\/uploads\/2022\/04\/black-hawk-hight-volumen-myo-_.jpg\",\"contentUrl\":\"https:\/\/www.tabakversand.ch\/wp-content\/uploads\/2022\/04\/black-hawk-hight-volumen-myo-_.jpg\",\"width\":500,\"height\":500,\"caption\":\"Tabac Black Hawk Volume 95gr. Tabac \u00e0 cigarettes | Tabakversand.ch\"},{\"@type\":\"BreadcrumbList\",\"@id\":\"https:\/\/www.tabakversand.ch\/produit\/black-hawk-volume-tobacco-95gr-zigarettentabak\/#breadcrumb\",\"itemListElement\":[{\"@type\":\"ListItem\",\"position\":1,\"name\":\"Startseite\",\"item\":\"https:\/\/www.tabakversand.ch\/\"},{\"@type\":\"ListItem\",\"position\":2,\"name\":\"Boutique\",\"item\":\"https:\/\/www.tabakversand.ch\/fr\/boutique\/\"},{\"@type\":\"ListItem\",\"position\":3,\"name\":\"Volume Black Hawk\"}]},{\"@type\":\"WebSite\",\"@id\":\"https:\/\/www.tabakversand.ch\/#website\",\"url\":\"https:\/\/www.tabakversand.ch\/\",\"name\":\"Tabakversand.ch | Alles aus der Welt des Tabaks\",\"description\":\"Smoke and carpe diem\",\"potentialAction\":[{\"@type\":\"SearchAction\",\"target\":{\"@type\":\"EntryPoint\",\"urlTemplate\":\"https:\/\/www.tabakversand.ch\/?s={search_term_string}\"},\"query-input\":{\"@type\":\"PropertyValueSpecification\",\"valueRequired\":true,\"valueName\":\"search_term_string\"}}],\"inLanguage\":\"fr-FR\"}]}<\/script>\n<!-- \/ Yoast SEO plugin. -->","yoast_head_json":{"title":"Black Hawk Volume Fine Cut \u2013 Tabac \u00e0 rouler volumineux","description":"Tabac \u00e0 coupe fine Black Hawk Volume de Japan Tobacco International\u00a0: tabac \u00e0 rouler aromatique avec un volume suppl\u00e9mentaire \u2013 parfait pour un usage quotidien.","robots":{"index":"index","follow":"follow","max-snippet":"max-snippet:-1","max-image-preview":"max-image-preview:large","max-video-preview":"max-video-preview:-1"},"canonical":"https:\/\/www.tabakversand.ch\/produit\/black-hawk-volume-tobacco-95gr-zigarettentabak\/","og_locale":"fr_FR","og_type":"article","og_title":"Black Hawk Volume Fine Cut \u2013 Tabac \u00e0 rouler volumineux","og_description":"Tabac \u00e0 coupe fine Black Hawk Volume de Japan Tobacco International\u00a0: tabac \u00e0 rouler aromatique avec un volume suppl\u00e9mentaire \u2013 parfait pour un usage quotidien.","og_url":"https:\/\/www.tabakversand.ch\/produit\/black-hawk-volume-tobacco-95gr-zigarettentabak\/","og_site_name":"Tabakversand.ch | Alles aus der Welt des Tabaks","article_modified_time":"2026-04-05T16:00:43+00:00","og_image":[{"width":500,"height":500,"url":"https:\/\/www.tabakversand.ch\/wp-content\/uploads\/2022\/04\/black-hawk-hight-volumen-myo-_.jpg","type":"image\/jpeg"}],"twitter_card":"summary_large_image","twitter_misc":{"Dur\u00e9e de lecture estim\u00e9e":"1 minute"},"schema":{"@context":"https:\/\/schema.org","@graph":[{"@type":"WebPage","@id":"https:\/\/www.tabakversand.ch\/produit\/black-hawk-volume-tobacco-95gr-zigarettentabak\/","url":"https:\/\/www.tabakversand.ch\/produit\/black-hawk-volume-tobacco-95gr-zigarettentabak\/","name":"Black Hawk Volume Fine Cut \u2013 Tabac \u00e0 rouler volumineux","isPartOf":{"@id":"https:\/\/www.tabakversand.ch\/#website"},"primaryImageOfPage":{"@id":"https:\/\/www.tabakversand.ch\/produit\/black-hawk-volume-tobacco-95gr-zigarettentabak\/#primaryimage"},"image":{"@id":"https:\/\/www.tabakversand.ch\/produit\/black-hawk-volume-tobacco-95gr-zigarettentabak\/#primaryimage"},"thumbnailUrl":"https:\/\/www.tabakversand.ch\/wp-content\/uploads\/2022\/04\/black-hawk-hight-volumen-myo-_.jpg","datePublished":"2022-04-02T08:56:04+00:00","dateModified":"2026-04-05T16:00:43+00:00","description":"Tabac \u00e0 coupe fine Black Hawk Volume de Japan Tobacco International\u00a0: tabac \u00e0 rouler aromatique avec un volume suppl\u00e9mentaire \u2013 parfait pour un usage quotidien.","breadcrumb":{"@id":"https:\/\/www.tabakversand.ch\/produit\/black-hawk-volume-tobacco-95gr-zigarettentabak\/#breadcrumb"},"inLanguage":"fr-FR","potentialAction":[{"@type":"ReadAction","target":["https:\/\/www.tabakversand.ch\/produit\/black-hawk-volume-tobacco-95gr-zigarettentabak\/"]}]},{"@type":"ImageObject","inLanguage":"fr-FR","@id":"https:\/\/www.tabakversand.ch\/produit\/black-hawk-volume-tobacco-95gr-zigarettentabak\/#primaryimage","url":"https:\/\/www.tabakversand.ch\/wp-content\/uploads\/2022\/04\/black-hawk-hight-volumen-myo-_.jpg","contentUrl":"https:\/\/www.tabakversand.ch\/wp-content\/uploads\/2022\/04\/black-hawk-hight-volumen-myo-_.jpg","width":500,"height":500,"caption":"Tabac Black Hawk Volume 95gr. Tabac \u00e0 cigarettes | Tabakversand.ch"},{"@type":"BreadcrumbList","@id":"https:\/\/www.tabakversand.ch\/produit\/black-hawk-volume-tobacco-95gr-zigarettentabak\/#breadcrumb","itemListElement":[{"@type":"ListItem","position":1,"name":"Startseite","item":"https:\/\/www.tabakversand.ch\/"},{"@type":"ListItem","position":2,"name":"Boutique","item":"https:\/\/www.tabakversand.ch\/fr\/boutique\/"},{"@type":"ListItem","position":3,"name":"Volume Black Hawk"}]},{"@type":"WebSite","@id":"https:\/\/www.tabakversand.ch\/#website","url":"https:\/\/www.tabakversand.ch\/","name":"Tabakversand.ch | Alles aus der Welt des Tabaks","description":"Smoke and carpe diem","potentialAction":[{"@type":"SearchAction","target":{"@type":"EntryPoint","urlTemplate":"https:\/\/www.tabakversand.ch\/?s={search_term_string}"},"query-input":{"@type":"PropertyValueSpecification","valueRequired":true,"valueName":"search_term_string"}}],"inLanguage":"fr-FR"}]}},"_links":{"self":[{"href":"https:\/\/www.tabakversand.ch\/fr\/wp-json\/wp\/v2\/product\/71555","targetHints":{"allow":["GET"]}}],"collection":[{"href":"https:\/\/www.tabakversand.ch\/fr\/wp-json\/wp\/v2\/product"}],"about":[{"href":"https:\/\/www.tabakversand.ch\/fr\/wp-json\/wp\/v2\/types\/product"}],"version-history":[{"count":4,"href":"https:\/\/www.tabakversand.ch\/fr\/wp-json\/wp\/v2\/product\/71555\/revisions"}],"predecessor-version":[{"id":216915,"href":"https:\/\/www.tabakversand.ch\/fr\/wp-json\/wp\/v2\/product\/71555\/revisions\/216915"}],"wp:featuredmedia":[{"embeddable":true,"href":"https:\/\/www.tabakversand.ch\/fr\/wp-json\/wp\/v2\/media\/118634"}],"wp:attachment":[{"href":"https:\/\/www.tabakversand.ch\/fr\/wp-json\/wp\/v2\/media?parent=71555"}],"wp:term":[{"taxonomy":"product_brand","embeddable":true,"href":"https:\/\/www.tabakversand.ch\/fr\/wp-json\/wp\/v2\/product_brand?post=71555"},{"taxonomy":"product_cat","embeddable":true,"href":"https:\/\/www.tabakversand.ch\/fr\/wp-json\/wp\/v2\/product_cat?post=71555"},{"taxonomy":"product_tag","embeddable":true,"href":"https:\/\/www.tabakversand.ch\/fr\/wp-json\/wp\/v2\/product_tag?post=71555"}],"curies":[{"name":"wp","href":"https:\/\/api.w.org\/{rel}","templated":true}]}}