{"id":71599,"date":"2022-04-02T10:54:43","date_gmt":"2022-04-02T08:54:43","guid":{"rendered":"http:\/\/www.tabakversand.ch\/produkt\/joya-de-nicaragua-rouge-robusto-20er-kistli-cigares\/"},"modified":"2022-04-26T14:46:00","modified_gmt":"2022-04-26T12:46:00","slug":"joya-de-nicaragua-red-robusto-20er-kistli-cigares","status":"publish","type":"product","link":"https:\/\/www.tabakversand.ch\/fr\/produit\/joya-de-nicaragua-red-robusto-20er-kistli-cigares\/","title":{"rendered":"Joya de Nicaragua Rouge Robusto 20er Kistli Cigares"},"content":{"rendered":"<p>Joya de Nicaragua Rouge Robusto 20er Kistli Cigares<\/p>\n<p>  L\u2019histoire du Joya va de pair avec l\u2019\u00e9volution du Nicaragua au cours des cinq derni\u00e8res d\u00e9cennies. Rencontrez JOYA RED, une nouvelle facette passionnante de joya de Nicaragua. Vous pourriez m\u00eame&nbsp; appeler cela inattendu. Con\u00e7u pour le fumeur moderne par la plus jeune \u00e9quipe de direction de l\u2019industrie avec le plus grand nombre de m\u00e9langeurs Sen\u00a1ou Meister au Nicaragua. Le r\u00e9sultat est une fum\u00e9e vivante dont vous pouvez profiter \u00e0 tout moment et n\u2019importe o\u00f9.<\/p>\n<p>  Couverture: Nicaragua \/ Habano<br \/>  Couverture: Nicaragua<br \/>  D\u00e9p\u00f4t: Nicaragua (Jalapa, Condega, Esteli)<br \/>  Format: Robusto<br \/>  Longitude : 13,34<br \/>  Diam\u00e8tre: 1.98<br \/>Tous les prix ne sont valables que pour les commandes en ligne et comprennent La TVA, sont sujettes \u00e0 changement plus la TVA. Frais d\u2019exp\u00e9dition. Erreurs, changements dans l\u2019\u00e9tendue de la livraison et de la conception, erreurs d\u2019impression et changements de prix r\u00e9serv\u00e9s. Les prix barr\u00e9s sont stattpreise. L\u2019illustration peut diff\u00e9rer de l\u2019original \/ de la port\u00e9e de la livraison.<br \/>\n*Livraison gratuite \u00e0 partir de CHF 250.- valeur de la commande.<\/p>\n","protected":false},"excerpt":{"rendered":"<p>Joya de Nicaragua Rouge Robusto 20er Kistli Cigares L\u2019histoire du Joya va de pair avec l\u2019\u00e9volution du Nicaragua au cours des cinq derni\u00e8res d\u00e9cennies. Rencontrez JOYA RED, une nouvelle facette passionnante de joya de Nicaragua. Vous pourriez m\u00eame&nbsp; appeler cela inattendu. Con\u00e7u pour le fumeur moderne par la plus jeune \u00e9quipe de direction de l\u2019industrie [&hellip;]<\/p>\n","protected":false},"featured_media":71607,"template":"","meta":[],"product_brand":[1636],"product_cat":[1993,2706,1994,2131],"product_tag":[],"class_list":{"0":"post-71599","1":"product","2":"type-product","3":"status-publish","4":"has-post-thumbnail","6":"product_brand-joya-de-nicaragua","7":"product_cat-cigares","8":"product_cat-joya-de-nicaragua-rouge","9":"product_cat-monde-du-cigare","10":"product_cat-nicaragua-fr","12":"first","13":"onbackorder","14":"purchasable","15":"product-type-simple"},"yoast_head":"<!-- This site is optimized with the Yoast SEO plugin v27.0 - https:\/\/yoast.com\/product\/yoast-seo-wordpress\/ -->\n<title>Joya de Nicaragua Rouge Robusto 20er Kistli Cigares - Tabakversand.ch | Alles aus der Welt des Tabaks<\/title>\n<meta name=\"description\" content=\"Joya de Nicaragua Red Robusto 20er Kistli Cigares | La plus grande s\u00e9lection de produits du tabac de Suisse | Toutes les cartes sont accept\u00e9es!\" \/>\n<meta name=\"robots\" content=\"index, follow, max-snippet:-1, max-image-preview:large, max-video-preview:-1\" \/>\n<link rel=\"canonical\" href=\"https:\/\/www.tabakversand.ch\/fr\/produit\/joya-de-nicaragua-red-robusto-20er-kistli-cigares\/\" \/>\n<meta property=\"og:locale\" content=\"fr_FR\" \/>\n<meta property=\"og:type\" content=\"article\" \/>\n<meta property=\"og:title\" content=\"Joya de Nicaragua Rouge Robusto 20er Kistli Cigares - Tabakversand.ch | Alles aus der Welt des Tabaks\" \/>\n<meta property=\"og:description\" content=\"Joya de Nicaragua Red Robusto 20er Kistli Cigares | La plus grande s\u00e9lection de produits du tabac de Suisse | Toutes les cartes sont accept\u00e9es!\" \/>\n<meta property=\"og:url\" content=\"https:\/\/www.tabakversand.ch\/fr\/produit\/joya-de-nicaragua-red-robusto-20er-kistli-cigares\/\" \/>\n<meta property=\"og:site_name\" content=\"Tabakversand.ch | Alles aus der Welt des Tabaks\" \/>\n<meta property=\"article:modified_time\" content=\"2022-04-26T12:46:00+00:00\" \/>\n<meta property=\"og:image\" content=\"https:\/\/www.tabakversand.ch\/wp-content\/uploads\/2022\/03\/joya-de-nicaragua-robusto-20-box.jpg\" \/>\n\t<meta property=\"og:image:width\" content=\"500\" \/>\n\t<meta property=\"og:image:height\" content=\"500\" \/>\n\t<meta property=\"og:image:type\" content=\"image\/jpeg\" \/>\n<meta name=\"twitter:card\" content=\"summary_large_image\" \/>\n<meta name=\"twitter:label1\" content=\"Dur\u00e9e de lecture estim\u00e9e\" \/>\n\t<meta name=\"twitter:data1\" content=\"1 minute\" \/>\n<script type=\"application\/ld+json\" class=\"yoast-schema-graph\">{\"@context\":\"https:\/\/schema.org\",\"@graph\":[{\"@type\":\"WebPage\",\"@id\":\"https:\/\/www.tabakversand.ch\/fr\/produit\/joya-de-nicaragua-red-robusto-20er-kistli-cigares\/\",\"url\":\"https:\/\/www.tabakversand.ch\/fr\/produit\/joya-de-nicaragua-red-robusto-20er-kistli-cigares\/\",\"name\":\"Joya de Nicaragua Rouge Robusto 20er Kistli Cigares - Tabakversand.ch | Alles aus der Welt des Tabaks\",\"isPartOf\":{\"@id\":\"https:\/\/www.tabakversand.ch\/#website\"},\"primaryImageOfPage\":{\"@id\":\"https:\/\/www.tabakversand.ch\/fr\/produit\/joya-de-nicaragua-red-robusto-20er-kistli-cigares\/#primaryimage\"},\"image\":{\"@id\":\"https:\/\/www.tabakversand.ch\/fr\/produit\/joya-de-nicaragua-red-robusto-20er-kistli-cigares\/#primaryimage\"},\"thumbnailUrl\":\"https:\/\/www.tabakversand.ch\/wp-content\/uploads\/2022\/03\/joya-de-nicaragua-robusto-20-box.jpg\",\"datePublished\":\"2022-04-02T08:54:43+00:00\",\"dateModified\":\"2022-04-26T12:46:00+00:00\",\"description\":\"Joya de Nicaragua Red Robusto 20er Kistli Cigares | La plus grande s\u00e9lection de produits du tabac de Suisse | Toutes les cartes sont accept\u00e9es!\",\"breadcrumb\":{\"@id\":\"https:\/\/www.tabakversand.ch\/fr\/produit\/joya-de-nicaragua-red-robusto-20er-kistli-cigares\/#breadcrumb\"},\"inLanguage\":\"fr-FR\",\"potentialAction\":[{\"@type\":\"ReadAction\",\"target\":[\"https:\/\/www.tabakversand.ch\/fr\/produit\/joya-de-nicaragua-red-robusto-20er-kistli-cigares\/\"]}]},{\"@type\":\"ImageObject\",\"inLanguage\":\"fr-FR\",\"@id\":\"https:\/\/www.tabakversand.ch\/fr\/produit\/joya-de-nicaragua-red-robusto-20er-kistli-cigares\/#primaryimage\",\"url\":\"https:\/\/www.tabakversand.ch\/wp-content\/uploads\/2022\/03\/joya-de-nicaragua-robusto-20-box.jpg\",\"contentUrl\":\"https:\/\/www.tabakversand.ch\/wp-content\/uploads\/2022\/03\/joya-de-nicaragua-robusto-20-box.jpg\",\"width\":500,\"height\":500,\"caption\":\"Joya de Nicaragua Rouge Robusto 20er Kistli Cigares\"},{\"@type\":\"BreadcrumbList\",\"@id\":\"https:\/\/www.tabakversand.ch\/fr\/produit\/joya-de-nicaragua-red-robusto-20er-kistli-cigares\/#breadcrumb\",\"itemListElement\":[{\"@type\":\"ListItem\",\"position\":1,\"name\":\"Startseite\",\"item\":\"https:\/\/www.tabakversand.ch\/\"},{\"@type\":\"ListItem\",\"position\":2,\"name\":\"Boutique\",\"item\":\"https:\/\/www.tabakversand.ch\/fr\/boutique\/\"},{\"@type\":\"ListItem\",\"position\":3,\"name\":\"Joya de Nicaragua Rouge Robusto 20er Kistli Cigares\"}]},{\"@type\":\"WebSite\",\"@id\":\"https:\/\/www.tabakversand.ch\/#website\",\"url\":\"https:\/\/www.tabakversand.ch\/\",\"name\":\"Tabakversand.ch | Alles aus der Welt des Tabaks\",\"description\":\"Smoke and carpe diem\",\"potentialAction\":[{\"@type\":\"SearchAction\",\"target\":{\"@type\":\"EntryPoint\",\"urlTemplate\":\"https:\/\/www.tabakversand.ch\/?s={search_term_string}\"},\"query-input\":{\"@type\":\"PropertyValueSpecification\",\"valueRequired\":true,\"valueName\":\"search_term_string\"}}],\"inLanguage\":\"fr-FR\"}]}<\/script>\n<!-- \/ Yoast SEO plugin. -->","yoast_head_json":{"title":"Joya de Nicaragua Rouge Robusto 20er Kistli Cigares - Tabakversand.ch | Alles aus der Welt des Tabaks","description":"Joya de Nicaragua Red Robusto 20er Kistli Cigares | La plus grande s\u00e9lection de produits du tabac de Suisse | Toutes les cartes sont accept\u00e9es!","robots":{"index":"index","follow":"follow","max-snippet":"max-snippet:-1","max-image-preview":"max-image-preview:large","max-video-preview":"max-video-preview:-1"},"canonical":"https:\/\/www.tabakversand.ch\/fr\/produit\/joya-de-nicaragua-red-robusto-20er-kistli-cigares\/","og_locale":"fr_FR","og_type":"article","og_title":"Joya de Nicaragua Rouge Robusto 20er Kistli Cigares - Tabakversand.ch | Alles aus der Welt des Tabaks","og_description":"Joya de Nicaragua Red Robusto 20er Kistli Cigares | La plus grande s\u00e9lection de produits du tabac de Suisse | Toutes les cartes sont accept\u00e9es!","og_url":"https:\/\/www.tabakversand.ch\/fr\/produit\/joya-de-nicaragua-red-robusto-20er-kistli-cigares\/","og_site_name":"Tabakversand.ch | Alles aus der Welt des Tabaks","article_modified_time":"2022-04-26T12:46:00+00:00","og_image":[{"width":500,"height":500,"url":"https:\/\/www.tabakversand.ch\/wp-content\/uploads\/2022\/03\/joya-de-nicaragua-robusto-20-box.jpg","type":"image\/jpeg"}],"twitter_card":"summary_large_image","twitter_misc":{"Dur\u00e9e de lecture estim\u00e9e":"1 minute"},"schema":{"@context":"https:\/\/schema.org","@graph":[{"@type":"WebPage","@id":"https:\/\/www.tabakversand.ch\/fr\/produit\/joya-de-nicaragua-red-robusto-20er-kistli-cigares\/","url":"https:\/\/www.tabakversand.ch\/fr\/produit\/joya-de-nicaragua-red-robusto-20er-kistli-cigares\/","name":"Joya de Nicaragua Rouge Robusto 20er Kistli Cigares - Tabakversand.ch | Alles aus der Welt des Tabaks","isPartOf":{"@id":"https:\/\/www.tabakversand.ch\/#website"},"primaryImageOfPage":{"@id":"https:\/\/www.tabakversand.ch\/fr\/produit\/joya-de-nicaragua-red-robusto-20er-kistli-cigares\/#primaryimage"},"image":{"@id":"https:\/\/www.tabakversand.ch\/fr\/produit\/joya-de-nicaragua-red-robusto-20er-kistli-cigares\/#primaryimage"},"thumbnailUrl":"https:\/\/www.tabakversand.ch\/wp-content\/uploads\/2022\/03\/joya-de-nicaragua-robusto-20-box.jpg","datePublished":"2022-04-02T08:54:43+00:00","dateModified":"2022-04-26T12:46:00+00:00","description":"Joya de Nicaragua Red Robusto 20er Kistli Cigares | La plus grande s\u00e9lection de produits du tabac de Suisse | Toutes les cartes sont accept\u00e9es!","breadcrumb":{"@id":"https:\/\/www.tabakversand.ch\/fr\/produit\/joya-de-nicaragua-red-robusto-20er-kistli-cigares\/#breadcrumb"},"inLanguage":"fr-FR","potentialAction":[{"@type":"ReadAction","target":["https:\/\/www.tabakversand.ch\/fr\/produit\/joya-de-nicaragua-red-robusto-20er-kistli-cigares\/"]}]},{"@type":"ImageObject","inLanguage":"fr-FR","@id":"https:\/\/www.tabakversand.ch\/fr\/produit\/joya-de-nicaragua-red-robusto-20er-kistli-cigares\/#primaryimage","url":"https:\/\/www.tabakversand.ch\/wp-content\/uploads\/2022\/03\/joya-de-nicaragua-robusto-20-box.jpg","contentUrl":"https:\/\/www.tabakversand.ch\/wp-content\/uploads\/2022\/03\/joya-de-nicaragua-robusto-20-box.jpg","width":500,"height":500,"caption":"Joya de Nicaragua Rouge Robusto 20er Kistli Cigares"},{"@type":"BreadcrumbList","@id":"https:\/\/www.tabakversand.ch\/fr\/produit\/joya-de-nicaragua-red-robusto-20er-kistli-cigares\/#breadcrumb","itemListElement":[{"@type":"ListItem","position":1,"name":"Startseite","item":"https:\/\/www.tabakversand.ch\/"},{"@type":"ListItem","position":2,"name":"Boutique","item":"https:\/\/www.tabakversand.ch\/fr\/boutique\/"},{"@type":"ListItem","position":3,"name":"Joya de Nicaragua Rouge Robusto 20er Kistli Cigares"}]},{"@type":"WebSite","@id":"https:\/\/www.tabakversand.ch\/#website","url":"https:\/\/www.tabakversand.ch\/","name":"Tabakversand.ch | Alles aus der Welt des Tabaks","description":"Smoke and carpe diem","potentialAction":[{"@type":"SearchAction","target":{"@type":"EntryPoint","urlTemplate":"https:\/\/www.tabakversand.ch\/?s={search_term_string}"},"query-input":{"@type":"PropertyValueSpecification","valueRequired":true,"valueName":"search_term_string"}}],"inLanguage":"fr-FR"}]}},"_links":{"self":[{"href":"https:\/\/www.tabakversand.ch\/fr\/wp-json\/wp\/v2\/product\/71599","targetHints":{"allow":["GET"]}}],"collection":[{"href":"https:\/\/www.tabakversand.ch\/fr\/wp-json\/wp\/v2\/product"}],"about":[{"href":"https:\/\/www.tabakversand.ch\/fr\/wp-json\/wp\/v2\/types\/product"}],"version-history":[{"count":0,"href":"https:\/\/www.tabakversand.ch\/fr\/wp-json\/wp\/v2\/product\/71599\/revisions"}],"wp:featuredmedia":[{"embeddable":true,"href":"https:\/\/www.tabakversand.ch\/fr\/wp-json\/wp\/v2\/media\/71607"}],"wp:attachment":[{"href":"https:\/\/www.tabakversand.ch\/fr\/wp-json\/wp\/v2\/media?parent=71599"}],"wp:term":[{"taxonomy":"product_brand","embeddable":true,"href":"https:\/\/www.tabakversand.ch\/fr\/wp-json\/wp\/v2\/product_brand?post=71599"},{"taxonomy":"product_cat","embeddable":true,"href":"https:\/\/www.tabakversand.ch\/fr\/wp-json\/wp\/v2\/product_cat?post=71599"},{"taxonomy":"product_tag","embeddable":true,"href":"https:\/\/www.tabakversand.ch\/fr\/wp-json\/wp\/v2\/product_tag?post=71599"}],"curies":[{"name":"wp","href":"https:\/\/api.w.org\/{rel}","templated":true}]}}