{"id":71812,"date":"2022-04-02T10:54:23","date_gmt":"2022-04-02T08:54:23","guid":{"rendered":"http:\/\/www.tabakversand.ch\/produkt\/camacho-corojo-gordo-60-x-6-20-boites-de-cigares\/"},"modified":"2026-03-17T15:19:45","modified_gmt":"2026-03-17T14:19:45","slug":"camacho-corojo-gordo-60-x-6-20-er-box-cigares","status":"publish","type":"product","link":"https:\/\/www.tabakversand.ch\/fr\/produit\/camacho-corojo-gordo-60-x-6-20-er-box-cigares\/","title":{"rendered":"Camacho Corojo 60 x 6"},"content":{"rendered":"<h2>Camacho Corojo 60 x 6<\/h2>\n<p>L\u2019exp\u00e9rience de fumer authentique et classique. Fabriqu\u00e9 \u00e0 partir de graines cubaines originales.. Feuille de Corojo 100% authentique et de race. Lentement m\u00fbri, comme un rhum fin. Robuste et pourtant doux. La seule v\u00e9ritable exp\u00e9rience de tabagisme. Notre Corojo est v\u00e9n\u00e9r\u00e9 par les aficionados exp\u00e9riment\u00e9s depuis plus d\u2019une d\u00e9cennie. Un cigare populaire pour les palais particuli\u00e8rement exp\u00e9riment\u00e9s. Pour ceux qui recherchent quelque chose de vraiment unique. Le cigare qui se rapproche le plus des cigares cubains classiques \u00e0 son apog\u00e9e.<\/p>\n<p>Format : Gran Robusto<br \/>\nDiam\u00e8tre : 2,4 cm<br \/>\nLongueur : 15,2 cm<br \/>\nEmballage : Corojo authentique<br \/>\nClasseur : Authentique Corojo Ligero<br \/>\nRemplissage : Corojo authentique<br \/>\nAr\u00f4me : D\u00e9velopp\u00e9 pour les palais exigeants. Con\u00e7u pour une exp\u00e9rience gustative maximale, la meilleure consistance et la meilleure qualit\u00e9.<br \/>\nForce : tr\u00e8s \u00e9pic\u00e9<\/p>\n<p>Chez tabakversand.ch, vos cigares Camacho Corojo 60&#215;6 vous sont livr\u00e9s dans leur emballage d&rsquo;origine, soigneusement conserv\u00e9s. Ce stockage rigoureux garantit une pr\u00e9servation optimale de leur ar\u00f4me, de leur humidit\u00e9 et de leur qualit\u00e9 jusqu&rsquo;\u00e0 l&rsquo;exp\u00e9dition. Gr\u00e2ce \u00e0 une livraison rapide en Suisse, vos cigares vous parviennent g\u00e9n\u00e9ralement sous peu.<\/p>\n<p>Pour plus d&rsquo;informations sur les cigares, veuillez consulter l&rsquo;article Wikip\u00e9dia correspondant\u00a0: <a href=\"https:\/\/de.wikipedia.org\/wiki\/Elektrische_Zigarette\">cliquez ici<\/a> . Si vous avez des questions concernant le produit, n&rsquo;h\u00e9sitez pas \u00e0 nous contacter\u00a0: <a href=\"https:\/\/www.tabakversand.ch\/kontakt\/\">cliquez ici<\/a> .<\/p>\n<p>Tous les prix s&rsquo;appliquent uniquement aux commandes en ligne et incluent la TVA. Sous r\u00e9serve de modifications sans pr\u00e9avis, frais de livraison en sus. Sous r\u00e9serve d&rsquo;erreurs, de modifications de contenu de livraison et de conception, de fautes d&rsquo;impression et de modifications de prix. Les prix barr\u00e9s sont des prix de remplacement. Les illustrations peuvent diff\u00e9rer de l&rsquo;original\/du contenu de livraison.<br \/>\n*Livraison gratuite pour les commandes sup\u00e9rieures \u00e0 CHF 250.-.<\/p>\n","protected":false},"excerpt":{"rendered":"<p>Camacho Corojo 60 x 6 L\u2019exp\u00e9rience de fumer authentique et classique. Fabriqu\u00e9 \u00e0 partir de graines cubaines originales.. Feuille de Corojo 100% authentique et de race. Lentement m\u00fbri, comme un rhum fin. Robuste et pourtant doux. La seule v\u00e9ritable exp\u00e9rience de tabagisme. Notre Corojo est v\u00e9n\u00e9r\u00e9 par les aficionados exp\u00e9riment\u00e9s depuis plus d\u2019une d\u00e9cennie. Un [&hellip;]<\/p>\n","protected":false},"featured_media":180607,"template":"","meta":[],"product_brand":[1629],"product_cat":[2326,2568,1993,2329,1994],"product_tag":[],"class_list":{"0":"post-71812","1":"product","2":"type-product","3":"status-publish","4":"has-post-thumbnail","6":"product_brand-camacho","7":"product_cat-camacho-fr","8":"product_cat-camacho-corojo-fr","9":"product_cat-cigares","10":"product_cat-honduras-fr","11":"product_cat-monde-du-cigare","12":"pa_tabak-huelsen-1-x-20-zigarren","13":"pa_tabak-huelsen-1-zigarre","15":"first","16":"instock","17":"purchasable","18":"product-type-variable"},"yoast_head":"<!-- This site is optimized with the Yoast SEO plugin v27.0 - https:\/\/yoast.com\/product\/yoast-seo-wordpress\/ -->\n<title>Achetez Camacho Corojo 60 x 6 \u2013 Gordo premium roul\u00e9 \u00e0 la main<\/title>\n<meta name=\"description\" content=\"D\u00e9couvrez le Camacho Corojo 60x6 en ligne \u2713 Cigare premium roul\u00e9 \u00e0 la main, au go\u00fbt puissant, \u00e9pic\u00e9 et aromatique \u2713 Format Gordo pour un plaisir intense\" \/>\n<meta name=\"robots\" content=\"index, follow, max-snippet:-1, max-image-preview:large, max-video-preview:-1\" \/>\n<link rel=\"canonical\" href=\"https:\/\/www.tabakversand.ch\/fr\/produit\/camacho-corojo-gordo-60-x-6-20-er-box-cigares\/\" \/>\n<meta property=\"og:locale\" content=\"fr_FR\" \/>\n<meta property=\"og:type\" content=\"article\" \/>\n<meta property=\"og:title\" content=\"Achetez Camacho Corojo 60 x 6 \u2013 Gordo premium roul\u00e9 \u00e0 la main\" \/>\n<meta property=\"og:description\" content=\"D\u00e9couvrez le Camacho Corojo 60x6 en ligne \u2713 Cigare premium roul\u00e9 \u00e0 la main, au go\u00fbt puissant, \u00e9pic\u00e9 et aromatique \u2713 Format Gordo pour un plaisir intense\" \/>\n<meta property=\"og:url\" content=\"https:\/\/www.tabakversand.ch\/fr\/produit\/camacho-corojo-gordo-60-x-6-20-er-box-cigares\/\" \/>\n<meta property=\"og:site_name\" content=\"Tabakversand.ch | Alles aus der Welt des Tabaks\" \/>\n<meta property=\"article:modified_time\" content=\"2026-03-17T14:19:45+00:00\" \/>\n<meta property=\"og:image\" content=\"https:\/\/www.tabakversand.ch\/wp-content\/uploads\/2025\/04\/camacho-corojo-gordo.jpg\" \/>\n\t<meta property=\"og:image:width\" content=\"500\" \/>\n\t<meta property=\"og:image:height\" content=\"500\" \/>\n\t<meta property=\"og:image:type\" content=\"image\/jpeg\" \/>\n<meta name=\"twitter:card\" content=\"summary_large_image\" \/>\n<meta name=\"twitter:label1\" content=\"Dur\u00e9e de lecture estim\u00e9e\" \/>\n\t<meta name=\"twitter:data1\" content=\"2 minutes\" \/>\n<script type=\"application\/ld+json\" class=\"yoast-schema-graph\">{\"@context\":\"https:\/\/schema.org\",\"@graph\":[{\"@type\":\"WebPage\",\"@id\":\"https:\/\/www.tabakversand.ch\/fr\/produit\/camacho-corojo-gordo-60-x-6-20-er-box-cigares\/\",\"url\":\"https:\/\/www.tabakversand.ch\/fr\/produit\/camacho-corojo-gordo-60-x-6-20-er-box-cigares\/\",\"name\":\"Achetez Camacho Corojo 60 x 6 \u2013 Gordo premium roul\u00e9 \u00e0 la main\",\"isPartOf\":{\"@id\":\"https:\/\/www.tabakversand.ch\/#website\"},\"primaryImageOfPage\":{\"@id\":\"https:\/\/www.tabakversand.ch\/fr\/produit\/camacho-corojo-gordo-60-x-6-20-er-box-cigares\/#primaryimage\"},\"image\":{\"@id\":\"https:\/\/www.tabakversand.ch\/fr\/produit\/camacho-corojo-gordo-60-x-6-20-er-box-cigares\/#primaryimage\"},\"thumbnailUrl\":\"https:\/\/www.tabakversand.ch\/wp-content\/uploads\/2025\/04\/camacho-corojo-gordo.jpg\",\"datePublished\":\"2022-04-02T08:54:23+00:00\",\"dateModified\":\"2026-03-17T14:19:45+00:00\",\"description\":\"D\u00e9couvrez le Camacho Corojo 60x6 en ligne \u2713 Cigare premium roul\u00e9 \u00e0 la main, au go\u00fbt puissant, \u00e9pic\u00e9 et aromatique \u2713 Format Gordo pour un plaisir intense\",\"breadcrumb\":{\"@id\":\"https:\/\/www.tabakversand.ch\/fr\/produit\/camacho-corojo-gordo-60-x-6-20-er-box-cigares\/#breadcrumb\"},\"inLanguage\":\"fr-FR\",\"potentialAction\":[{\"@type\":\"ReadAction\",\"target\":[\"https:\/\/www.tabakversand.ch\/fr\/produit\/camacho-corojo-gordo-60-x-6-20-er-box-cigares\/\"]}]},{\"@type\":\"ImageObject\",\"inLanguage\":\"fr-FR\",\"@id\":\"https:\/\/www.tabakversand.ch\/fr\/produit\/camacho-corojo-gordo-60-x-6-20-er-box-cigares\/#primaryimage\",\"url\":\"https:\/\/www.tabakversand.ch\/wp-content\/uploads\/2025\/04\/camacho-corojo-gordo.jpg\",\"contentUrl\":\"https:\/\/www.tabakversand.ch\/wp-content\/uploads\/2025\/04\/camacho-corojo-gordo.jpg\",\"width\":500,\"height\":500,\"caption\":\"Camacho Corojo 60 x 6 1 Cigare | Tabakversand.ch\"},{\"@type\":\"BreadcrumbList\",\"@id\":\"https:\/\/www.tabakversand.ch\/fr\/produit\/camacho-corojo-gordo-60-x-6-20-er-box-cigares\/#breadcrumb\",\"itemListElement\":[{\"@type\":\"ListItem\",\"position\":1,\"name\":\"Startseite\",\"item\":\"https:\/\/www.tabakversand.ch\/\"},{\"@type\":\"ListItem\",\"position\":2,\"name\":\"Boutique\",\"item\":\"https:\/\/www.tabakversand.ch\/fr\/boutique\/\"},{\"@type\":\"ListItem\",\"position\":3,\"name\":\"Camacho Corojo 60 x 6\"}]},{\"@type\":\"WebSite\",\"@id\":\"https:\/\/www.tabakversand.ch\/#website\",\"url\":\"https:\/\/www.tabakversand.ch\/\",\"name\":\"Tabakversand.ch | Alles aus der Welt des Tabaks\",\"description\":\"Smoke and carpe diem\",\"potentialAction\":[{\"@type\":\"SearchAction\",\"target\":{\"@type\":\"EntryPoint\",\"urlTemplate\":\"https:\/\/www.tabakversand.ch\/?s={search_term_string}\"},\"query-input\":{\"@type\":\"PropertyValueSpecification\",\"valueRequired\":true,\"valueName\":\"search_term_string\"}}],\"inLanguage\":\"fr-FR\"}]}<\/script>\n<!-- \/ Yoast SEO plugin. -->","yoast_head_json":{"title":"Achetez Camacho Corojo 60 x 6 \u2013 Gordo premium roul\u00e9 \u00e0 la main","description":"D\u00e9couvrez le Camacho Corojo 60x6 en ligne \u2713 Cigare premium roul\u00e9 \u00e0 la main, au go\u00fbt puissant, \u00e9pic\u00e9 et aromatique \u2713 Format Gordo pour un plaisir intense","robots":{"index":"index","follow":"follow","max-snippet":"max-snippet:-1","max-image-preview":"max-image-preview:large","max-video-preview":"max-video-preview:-1"},"canonical":"https:\/\/www.tabakversand.ch\/fr\/produit\/camacho-corojo-gordo-60-x-6-20-er-box-cigares\/","og_locale":"fr_FR","og_type":"article","og_title":"Achetez Camacho Corojo 60 x 6 \u2013 Gordo premium roul\u00e9 \u00e0 la main","og_description":"D\u00e9couvrez le Camacho Corojo 60x6 en ligne \u2713 Cigare premium roul\u00e9 \u00e0 la main, au go\u00fbt puissant, \u00e9pic\u00e9 et aromatique \u2713 Format Gordo pour un plaisir intense","og_url":"https:\/\/www.tabakversand.ch\/fr\/produit\/camacho-corojo-gordo-60-x-6-20-er-box-cigares\/","og_site_name":"Tabakversand.ch | Alles aus der Welt des Tabaks","article_modified_time":"2026-03-17T14:19:45+00:00","og_image":[{"width":500,"height":500,"url":"https:\/\/www.tabakversand.ch\/wp-content\/uploads\/2025\/04\/camacho-corojo-gordo.jpg","type":"image\/jpeg"}],"twitter_card":"summary_large_image","twitter_misc":{"Dur\u00e9e de lecture estim\u00e9e":"2 minutes"},"schema":{"@context":"https:\/\/schema.org","@graph":[{"@type":"WebPage","@id":"https:\/\/www.tabakversand.ch\/fr\/produit\/camacho-corojo-gordo-60-x-6-20-er-box-cigares\/","url":"https:\/\/www.tabakversand.ch\/fr\/produit\/camacho-corojo-gordo-60-x-6-20-er-box-cigares\/","name":"Achetez Camacho Corojo 60 x 6 \u2013 Gordo premium roul\u00e9 \u00e0 la main","isPartOf":{"@id":"https:\/\/www.tabakversand.ch\/#website"},"primaryImageOfPage":{"@id":"https:\/\/www.tabakversand.ch\/fr\/produit\/camacho-corojo-gordo-60-x-6-20-er-box-cigares\/#primaryimage"},"image":{"@id":"https:\/\/www.tabakversand.ch\/fr\/produit\/camacho-corojo-gordo-60-x-6-20-er-box-cigares\/#primaryimage"},"thumbnailUrl":"https:\/\/www.tabakversand.ch\/wp-content\/uploads\/2025\/04\/camacho-corojo-gordo.jpg","datePublished":"2022-04-02T08:54:23+00:00","dateModified":"2026-03-17T14:19:45+00:00","description":"D\u00e9couvrez le Camacho Corojo 60x6 en ligne \u2713 Cigare premium roul\u00e9 \u00e0 la main, au go\u00fbt puissant, \u00e9pic\u00e9 et aromatique \u2713 Format Gordo pour un plaisir intense","breadcrumb":{"@id":"https:\/\/www.tabakversand.ch\/fr\/produit\/camacho-corojo-gordo-60-x-6-20-er-box-cigares\/#breadcrumb"},"inLanguage":"fr-FR","potentialAction":[{"@type":"ReadAction","target":["https:\/\/www.tabakversand.ch\/fr\/produit\/camacho-corojo-gordo-60-x-6-20-er-box-cigares\/"]}]},{"@type":"ImageObject","inLanguage":"fr-FR","@id":"https:\/\/www.tabakversand.ch\/fr\/produit\/camacho-corojo-gordo-60-x-6-20-er-box-cigares\/#primaryimage","url":"https:\/\/www.tabakversand.ch\/wp-content\/uploads\/2025\/04\/camacho-corojo-gordo.jpg","contentUrl":"https:\/\/www.tabakversand.ch\/wp-content\/uploads\/2025\/04\/camacho-corojo-gordo.jpg","width":500,"height":500,"caption":"Camacho Corojo 60 x 6 1 Cigare | Tabakversand.ch"},{"@type":"BreadcrumbList","@id":"https:\/\/www.tabakversand.ch\/fr\/produit\/camacho-corojo-gordo-60-x-6-20-er-box-cigares\/#breadcrumb","itemListElement":[{"@type":"ListItem","position":1,"name":"Startseite","item":"https:\/\/www.tabakversand.ch\/"},{"@type":"ListItem","position":2,"name":"Boutique","item":"https:\/\/www.tabakversand.ch\/fr\/boutique\/"},{"@type":"ListItem","position":3,"name":"Camacho Corojo 60 x 6"}]},{"@type":"WebSite","@id":"https:\/\/www.tabakversand.ch\/#website","url":"https:\/\/www.tabakversand.ch\/","name":"Tabakversand.ch | Alles aus der Welt des Tabaks","description":"Smoke and carpe diem","potentialAction":[{"@type":"SearchAction","target":{"@type":"EntryPoint","urlTemplate":"https:\/\/www.tabakversand.ch\/?s={search_term_string}"},"query-input":{"@type":"PropertyValueSpecification","valueRequired":true,"valueName":"search_term_string"}}],"inLanguage":"fr-FR"}]}},"_links":{"self":[{"href":"https:\/\/www.tabakversand.ch\/fr\/wp-json\/wp\/v2\/product\/71812","targetHints":{"allow":["GET"]}}],"collection":[{"href":"https:\/\/www.tabakversand.ch\/fr\/wp-json\/wp\/v2\/product"}],"about":[{"href":"https:\/\/www.tabakversand.ch\/fr\/wp-json\/wp\/v2\/types\/product"}],"version-history":[{"count":8,"href":"https:\/\/www.tabakversand.ch\/fr\/wp-json\/wp\/v2\/product\/71812\/revisions"}],"predecessor-version":[{"id":214859,"href":"https:\/\/www.tabakversand.ch\/fr\/wp-json\/wp\/v2\/product\/71812\/revisions\/214859"}],"wp:featuredmedia":[{"embeddable":true,"href":"https:\/\/www.tabakversand.ch\/fr\/wp-json\/wp\/v2\/media\/180607"}],"wp:attachment":[{"href":"https:\/\/www.tabakversand.ch\/fr\/wp-json\/wp\/v2\/media?parent=71812"}],"wp:term":[{"taxonomy":"product_brand","embeddable":true,"href":"https:\/\/www.tabakversand.ch\/fr\/wp-json\/wp\/v2\/product_brand?post=71812"},{"taxonomy":"product_cat","embeddable":true,"href":"https:\/\/www.tabakversand.ch\/fr\/wp-json\/wp\/v2\/product_cat?post=71812"},{"taxonomy":"product_tag","embeddable":true,"href":"https:\/\/www.tabakversand.ch\/fr\/wp-json\/wp\/v2\/product_tag?post=71812"}],"curies":[{"name":"wp","href":"https:\/\/api.w.org\/{rel}","templated":true}]}}