{"id":71970,"date":"2022-04-02T10:54:04","date_gmt":"2022-04-02T08:54:04","guid":{"rendered":"http:\/\/www.tabakversand.ch\/produkt\/camacho-corojo-toro-20-caisse-de-cigares\/"},"modified":"2025-01-23T13:34:31","modified_gmt":"2025-01-23T12:34:31","slug":"camacho-corojo-toro-20-er-box-cigares","status":"publish","type":"product","link":"https:\/\/www.tabakversand.ch\/fr\/produit\/camacho-corojo-toro-20-er-box-cigares\/","title":{"rendered":"Camacho Corojo Toro 20 caisse de cigares"},"content":{"rendered":"<h1>Camacho Corojo Toro<\/h1>\n<h2>20 caisses de cigares<\/h2>\n<p>L\u2019exp\u00e9rience de fumer authentique et classique. Fabriqu\u00e9 \u00e0 partir de graines cubaines originales.. Feuille de Corojo 100% authentique et de race. Lentement m\u00fbri, comme un rhum fin. Robuste et pourtant doux. La seule v\u00e9ritable exp\u00e9rience de tabagisme. Notre Corojo est v\u00e9n\u00e9r\u00e9 par les aficionados exp\u00e9riment\u00e9s depuis plus d\u2019une d\u00e9cennie. Un cigare populaire pour les palais particuli\u00e8rement exp\u00e9riment\u00e9s. Pour ceux qui recherchent quelque chose de vraiment unique. Le cigare qui se rapproche le plus des cigares cubains classiques \u00e0 son apog\u00e9e.<\/p>\n<p>Format&nbsp;: Toro<br \/>\n Diam\u00e8tre : 2 cm<br \/>\n Longueur : 15,2 cm<br \/>\n Couverture&nbsp;: Corojo authentique<br \/>\n Classeur : Authentique Corojo Ligero<br \/>\n Ins\u00e9rer&nbsp;: Corojo authentique<br \/>\n Ar\u00f4me&nbsp;: D\u00e9velopp\u00e9 pour les palais exigeants. Adapt\u00e9 pour une exp\u00e9rience gustative maximale, la meilleure consistance et qualit\u00e9.<br \/>\n Force : tr\u00e8s \u00e9pic\u00e9e Tous les prix s&rsquo;appliquent uniquement aux commandes en ligne et incluent la TVA et sont sujets \u00e0 changement plus les frais d&rsquo;exp\u00e9dition. Sous r\u00e9serve d&rsquo;erreurs, de modifications de l&rsquo;\u00e9tendue de la livraison et de la conception, d&rsquo;erreurs d&rsquo;impression et de modifications de prix. Les prix barr\u00e9s sont plut\u00f4t des prix. L&rsquo;illustration peut diff\u00e9rer de l&rsquo;original\/de l&rsquo;\u00e9tendue de la livraison. *Livraison gratuite pour les commandes sup\u00e9rieures \u00e0 CHF 250.<\/p>\n<p>Tous les prix s&rsquo;appliquent uniquement aux commandes en ligne et incluent la TVA et sont sujets \u00e0 changement plus les frais d&rsquo;exp\u00e9dition. Sous r\u00e9serve d&rsquo;erreurs, de modifications de l&rsquo;\u00e9tendue de la livraison et de la conception, d&rsquo;erreurs d&rsquo;impression et de modifications de prix. Les prix barr\u00e9s sont plut\u00f4t des prix. L&rsquo;illustration peut diff\u00e9rer de l&rsquo;original\/de l&rsquo;\u00e9tendue de la livraison. *Livraison gratuite pour les commandes sup\u00e9rieures \u00e0 CHF 250.     <\/p>\n","protected":false},"excerpt":{"rendered":"<p>Camacho Corojo Toro 20 caisses de cigares L\u2019exp\u00e9rience de fumer authentique et classique. Fabriqu\u00e9 \u00e0 partir de graines cubaines originales.. Feuille de Corojo 100% authentique et de race. Lentement m\u00fbri, comme un rhum fin. Robuste et pourtant doux. La seule v\u00e9ritable exp\u00e9rience de tabagisme. Notre Corojo est v\u00e9n\u00e9r\u00e9 par les aficionados exp\u00e9riment\u00e9s depuis plus d\u2019une [&hellip;]<\/p>\n","protected":false},"featured_media":71976,"template":"","meta":[],"product_brand":[1629],"product_cat":[2326,2568,1993,2329,1994],"product_tag":[],"class_list":{"0":"post-71970","1":"product","2":"type-product","3":"status-publish","4":"has-post-thumbnail","6":"product_brand-camacho","7":"product_cat-camacho-fr","8":"product_cat-camacho-corojo-fr","9":"product_cat-cigares","10":"product_cat-honduras-fr","11":"product_cat-monde-du-cigare","13":"first","14":"onbackorder","15":"purchasable","16":"product-type-simple"},"yoast_head":"<!-- This site is optimized with the Yoast SEO plugin v27.0 - https:\/\/yoast.com\/product\/yoast-seo-wordpress\/ -->\n<title>Camacho Corojo Toro 20 caisse de cigares - Tabakversand.ch | Alles aus der Welt des Tabaks<\/title>\n<meta name=\"description\" content=\"Camacho Corojo Toro 20 bo\u00eete de cigares | La plus grande s\u00e9lection de produits du tabac de Suisse | Toutes les cartes sont accept\u00e9es!\" \/>\n<meta name=\"robots\" content=\"index, follow, max-snippet:-1, max-image-preview:large, max-video-preview:-1\" \/>\n<link rel=\"canonical\" href=\"https:\/\/www.tabakversand.ch\/produit\/camacho-corojo-toro-20-er-kiste-zigarren\/\" \/>\n<meta property=\"og:locale\" content=\"fr_FR\" \/>\n<meta property=\"og:type\" content=\"article\" \/>\n<meta property=\"og:title\" content=\"Camacho Corojo Toro 20 caisse de cigares - Tabakversand.ch | Alles aus der Welt des Tabaks\" \/>\n<meta property=\"og:description\" content=\"Camacho Corojo Toro 20 bo\u00eete de cigares | La plus grande s\u00e9lection de produits du tabac de Suisse | Toutes les cartes sont accept\u00e9es!\" \/>\n<meta property=\"og:url\" content=\"https:\/\/www.tabakversand.ch\/produit\/camacho-corojo-toro-20-er-kiste-zigarren\/\" \/>\n<meta property=\"og:site_name\" content=\"Tabakversand.ch | Alles aus der Welt des Tabaks\" \/>\n<meta property=\"article:modified_time\" content=\"2025-01-23T12:34:31+00:00\" \/>\n<meta property=\"og:image\" content=\"https:\/\/www.tabakversand.ch\/wp-content\/uploads\/2022\/03\/camacho-corojo-toro-20-box.jpg\" \/>\n\t<meta property=\"og:image:width\" content=\"500\" \/>\n\t<meta property=\"og:image:height\" content=\"500\" \/>\n\t<meta property=\"og:image:type\" content=\"image\/jpeg\" \/>\n<meta name=\"twitter:card\" content=\"summary_large_image\" \/>\n<meta name=\"twitter:label1\" content=\"Dur\u00e9e de lecture estim\u00e9e\" \/>\n\t<meta name=\"twitter:data1\" content=\"1 minute\" \/>\n<script type=\"application\/ld+json\" class=\"yoast-schema-graph\">{\"@context\":\"https:\/\/schema.org\",\"@graph\":[{\"@type\":\"WebPage\",\"@id\":\"https:\/\/www.tabakversand.ch\/produit\/camacho-corojo-toro-20-er-kiste-zigarren\/\",\"url\":\"https:\/\/www.tabakversand.ch\/produit\/camacho-corojo-toro-20-er-kiste-zigarren\/\",\"name\":\"Camacho Corojo Toro 20 caisse de cigares - Tabakversand.ch | Alles aus der Welt des Tabaks\",\"isPartOf\":{\"@id\":\"https:\/\/www.tabakversand.ch\/#website\"},\"primaryImageOfPage\":{\"@id\":\"https:\/\/www.tabakversand.ch\/produit\/camacho-corojo-toro-20-er-kiste-zigarren\/#primaryimage\"},\"image\":{\"@id\":\"https:\/\/www.tabakversand.ch\/produit\/camacho-corojo-toro-20-er-kiste-zigarren\/#primaryimage\"},\"thumbnailUrl\":\"https:\/\/www.tabakversand.ch\/wp-content\/uploads\/2022\/03\/camacho-corojo-toro-20-box.jpg\",\"datePublished\":\"2022-04-02T08:54:04+00:00\",\"dateModified\":\"2025-01-23T12:34:31+00:00\",\"description\":\"Camacho Corojo Toro 20 bo\u00eete de cigares | La plus grande s\u00e9lection de produits du tabac de Suisse | Toutes les cartes sont accept\u00e9es!\",\"breadcrumb\":{\"@id\":\"https:\/\/www.tabakversand.ch\/produit\/camacho-corojo-toro-20-er-kiste-zigarren\/#breadcrumb\"},\"inLanguage\":\"fr-FR\",\"potentialAction\":[{\"@type\":\"ReadAction\",\"target\":[\"https:\/\/www.tabakversand.ch\/produit\/camacho-corojo-toro-20-er-kiste-zigarren\/\"]}]},{\"@type\":\"ImageObject\",\"inLanguage\":\"fr-FR\",\"@id\":\"https:\/\/www.tabakversand.ch\/produit\/camacho-corojo-toro-20-er-kiste-zigarren\/#primaryimage\",\"url\":\"https:\/\/www.tabakversand.ch\/wp-content\/uploads\/2022\/03\/camacho-corojo-toro-20-box.jpg\",\"contentUrl\":\"https:\/\/www.tabakversand.ch\/wp-content\/uploads\/2022\/03\/camacho-corojo-toro-20-box.jpg\",\"width\":500,\"height\":500,\"caption\":\"Camacho Corojo Toro 20 caisse de cigares\"},{\"@type\":\"BreadcrumbList\",\"@id\":\"https:\/\/www.tabakversand.ch\/produit\/camacho-corojo-toro-20-er-kiste-zigarren\/#breadcrumb\",\"itemListElement\":[{\"@type\":\"ListItem\",\"position\":1,\"name\":\"Startseite\",\"item\":\"https:\/\/www.tabakversand.ch\/\"},{\"@type\":\"ListItem\",\"position\":2,\"name\":\"Boutique\",\"item\":\"https:\/\/www.tabakversand.ch\/fr\/boutique\/\"},{\"@type\":\"ListItem\",\"position\":3,\"name\":\"Camacho Corojo Toro 20 caisse de cigares\"}]},{\"@type\":\"WebSite\",\"@id\":\"https:\/\/www.tabakversand.ch\/#website\",\"url\":\"https:\/\/www.tabakversand.ch\/\",\"name\":\"Tabakversand.ch | Alles aus der Welt des Tabaks\",\"description\":\"Smoke and carpe diem\",\"potentialAction\":[{\"@type\":\"SearchAction\",\"target\":{\"@type\":\"EntryPoint\",\"urlTemplate\":\"https:\/\/www.tabakversand.ch\/?s={search_term_string}\"},\"query-input\":{\"@type\":\"PropertyValueSpecification\",\"valueRequired\":true,\"valueName\":\"search_term_string\"}}],\"inLanguage\":\"fr-FR\"}]}<\/script>\n<!-- \/ Yoast SEO plugin. -->","yoast_head_json":{"title":"Camacho Corojo Toro 20 caisse de cigares - Tabakversand.ch | Alles aus der Welt des Tabaks","description":"Camacho Corojo Toro 20 bo\u00eete de cigares | La plus grande s\u00e9lection de produits du tabac de Suisse | Toutes les cartes sont accept\u00e9es!","robots":{"index":"index","follow":"follow","max-snippet":"max-snippet:-1","max-image-preview":"max-image-preview:large","max-video-preview":"max-video-preview:-1"},"canonical":"https:\/\/www.tabakversand.ch\/produit\/camacho-corojo-toro-20-er-kiste-zigarren\/","og_locale":"fr_FR","og_type":"article","og_title":"Camacho Corojo Toro 20 caisse de cigares - Tabakversand.ch | Alles aus der Welt des Tabaks","og_description":"Camacho Corojo Toro 20 bo\u00eete de cigares | La plus grande s\u00e9lection de produits du tabac de Suisse | Toutes les cartes sont accept\u00e9es!","og_url":"https:\/\/www.tabakversand.ch\/produit\/camacho-corojo-toro-20-er-kiste-zigarren\/","og_site_name":"Tabakversand.ch | Alles aus der Welt des Tabaks","article_modified_time":"2025-01-23T12:34:31+00:00","og_image":[{"width":500,"height":500,"url":"https:\/\/www.tabakversand.ch\/wp-content\/uploads\/2022\/03\/camacho-corojo-toro-20-box.jpg","type":"image\/jpeg"}],"twitter_card":"summary_large_image","twitter_misc":{"Dur\u00e9e de lecture estim\u00e9e":"1 minute"},"schema":{"@context":"https:\/\/schema.org","@graph":[{"@type":"WebPage","@id":"https:\/\/www.tabakversand.ch\/produit\/camacho-corojo-toro-20-er-kiste-zigarren\/","url":"https:\/\/www.tabakversand.ch\/produit\/camacho-corojo-toro-20-er-kiste-zigarren\/","name":"Camacho Corojo Toro 20 caisse de cigares - Tabakversand.ch | Alles aus der Welt des Tabaks","isPartOf":{"@id":"https:\/\/www.tabakversand.ch\/#website"},"primaryImageOfPage":{"@id":"https:\/\/www.tabakversand.ch\/produit\/camacho-corojo-toro-20-er-kiste-zigarren\/#primaryimage"},"image":{"@id":"https:\/\/www.tabakversand.ch\/produit\/camacho-corojo-toro-20-er-kiste-zigarren\/#primaryimage"},"thumbnailUrl":"https:\/\/www.tabakversand.ch\/wp-content\/uploads\/2022\/03\/camacho-corojo-toro-20-box.jpg","datePublished":"2022-04-02T08:54:04+00:00","dateModified":"2025-01-23T12:34:31+00:00","description":"Camacho Corojo Toro 20 bo\u00eete de cigares | La plus grande s\u00e9lection de produits du tabac de Suisse | Toutes les cartes sont accept\u00e9es!","breadcrumb":{"@id":"https:\/\/www.tabakversand.ch\/produit\/camacho-corojo-toro-20-er-kiste-zigarren\/#breadcrumb"},"inLanguage":"fr-FR","potentialAction":[{"@type":"ReadAction","target":["https:\/\/www.tabakversand.ch\/produit\/camacho-corojo-toro-20-er-kiste-zigarren\/"]}]},{"@type":"ImageObject","inLanguage":"fr-FR","@id":"https:\/\/www.tabakversand.ch\/produit\/camacho-corojo-toro-20-er-kiste-zigarren\/#primaryimage","url":"https:\/\/www.tabakversand.ch\/wp-content\/uploads\/2022\/03\/camacho-corojo-toro-20-box.jpg","contentUrl":"https:\/\/www.tabakversand.ch\/wp-content\/uploads\/2022\/03\/camacho-corojo-toro-20-box.jpg","width":500,"height":500,"caption":"Camacho Corojo Toro 20 caisse de cigares"},{"@type":"BreadcrumbList","@id":"https:\/\/www.tabakversand.ch\/produit\/camacho-corojo-toro-20-er-kiste-zigarren\/#breadcrumb","itemListElement":[{"@type":"ListItem","position":1,"name":"Startseite","item":"https:\/\/www.tabakversand.ch\/"},{"@type":"ListItem","position":2,"name":"Boutique","item":"https:\/\/www.tabakversand.ch\/fr\/boutique\/"},{"@type":"ListItem","position":3,"name":"Camacho Corojo Toro 20 caisse de cigares"}]},{"@type":"WebSite","@id":"https:\/\/www.tabakversand.ch\/#website","url":"https:\/\/www.tabakversand.ch\/","name":"Tabakversand.ch | Alles aus der Welt des Tabaks","description":"Smoke and carpe diem","potentialAction":[{"@type":"SearchAction","target":{"@type":"EntryPoint","urlTemplate":"https:\/\/www.tabakversand.ch\/?s={search_term_string}"},"query-input":{"@type":"PropertyValueSpecification","valueRequired":true,"valueName":"search_term_string"}}],"inLanguage":"fr-FR"}]}},"_links":{"self":[{"href":"https:\/\/www.tabakversand.ch\/fr\/wp-json\/wp\/v2\/product\/71970","targetHints":{"allow":["GET"]}}],"collection":[{"href":"https:\/\/www.tabakversand.ch\/fr\/wp-json\/wp\/v2\/product"}],"about":[{"href":"https:\/\/www.tabakversand.ch\/fr\/wp-json\/wp\/v2\/types\/product"}],"version-history":[{"count":1,"href":"https:\/\/www.tabakversand.ch\/fr\/wp-json\/wp\/v2\/product\/71970\/revisions"}],"predecessor-version":[{"id":166731,"href":"https:\/\/www.tabakversand.ch\/fr\/wp-json\/wp\/v2\/product\/71970\/revisions\/166731"}],"wp:featuredmedia":[{"embeddable":true,"href":"https:\/\/www.tabakversand.ch\/fr\/wp-json\/wp\/v2\/media\/71976"}],"wp:attachment":[{"href":"https:\/\/www.tabakversand.ch\/fr\/wp-json\/wp\/v2\/media?parent=71970"}],"wp:term":[{"taxonomy":"product_brand","embeddable":true,"href":"https:\/\/www.tabakversand.ch\/fr\/wp-json\/wp\/v2\/product_brand?post=71970"},{"taxonomy":"product_cat","embeddable":true,"href":"https:\/\/www.tabakversand.ch\/fr\/wp-json\/wp\/v2\/product_cat?post=71970"},{"taxonomy":"product_tag","embeddable":true,"href":"https:\/\/www.tabakversand.ch\/fr\/wp-json\/wp\/v2\/product_tag?post=71970"}],"curies":[{"name":"wp","href":"https:\/\/api.w.org\/{rel}","templated":true}]}}