{"id":72041,"date":"2022-04-02T10:54:04","date_gmt":"2022-04-02T08:54:04","guid":{"rendered":"http:\/\/www.tabakversand.ch\/produkt\/tabac-a-priser-a-laiguille-depinette\/"},"modified":"2026-03-04T06:29:01","modified_gmt":"2026-03-04T05:29:01","slug":"tabac-a-priser-aux-aiguilles-de-pin","status":"publish","type":"product","link":"https:\/\/www.tabakversand.ch\/fr\/produit\/tabac-a-priser-aux-aiguilles-de-pin\/","title":{"rendered":"tabac \u00e0 priser aux aiguilles de pin"},"content":{"rendered":"<h2 data-start=\"163\" data-end=\"191\">tabac \u00e0 priser aux aiguilles de pin<\/h2>\n<p data-start=\"193\" data-end=\"579\">Le tabac \u00e0 priser aux aiguilles de pin est une sp\u00e9cialit\u00e9 aromatique appr\u00e9ci\u00e9e des amateurs de tabac frais et naturel. D\u00e8s l&rsquo;ouverture de la bo\u00eete, un parfum bois\u00e9 et pur se d\u00e9gage, \u00e9voquant une promenade dans une fra\u00eeche for\u00eat de pins. La note dominante d&rsquo;aiguilles de pin est authentique et naturelle, accompagn\u00e9e d&rsquo;une fra\u00eecheur subtile, ni agressive ni artificielle.  <\/p>\n<p data-start=\"581\" data-end=\"933\">Le tabac \u00e0 priser est finement moulu et humidifi\u00e9 de fa\u00e7on optimale, pour une exp\u00e9rience agr\u00e9able et pure. Sa texture permet une diffusion homog\u00e8ne de l&rsquo;ar\u00f4me, qui dure longtemps sans irriter le nez. Les consommateurs exp\u00e9riment\u00e9s appr\u00e9cient particuli\u00e8rement ce proc\u00e9d\u00e9 \u00e9quilibr\u00e9, qui allie saveur intense et praticit\u00e9.  <\/p>\n<p data-start=\"935\" data-end=\"1433\">C\u00f4t\u00e9 saveur, le tabac \u00e0 priser aux aiguilles d&rsquo;\u00e9pinette impressionne par sa structure bien d\u00e9finie. La note r\u00e9sineuse et fra\u00eeche de l&rsquo;\u00e9pinette domine, sans \u00eatre masqu\u00e9e par un menthol trop prononc\u00e9. Le tabac reste ainsi doux, \u00e9quilibr\u00e9 et facile \u00e0 doser. Compar\u00e9 aux vari\u00e9t\u00e9s tr\u00e8s menthol\u00e9es, celui-ci offre un go\u00fbt plus naturel et subtil, tout en conservant sa fra\u00eecheur. Les amateurs d&rsquo;ar\u00f4mes de sapin, de for\u00eat ou d&rsquo;herbes aromatiques trouveront ici une alternative originale aux tabacs \u00e0 priser menthol\u00e9s classiques.    <\/p>\n<p data-start=\"1435\" data-end=\"1804\">C\u2019est surtout durant les mois les plus frais que le tabac \u00e0 priser aux aiguilles d\u2019\u00e9pinette r\u00e9v\u00e8le tout son charme, son ar\u00f4me frais de for\u00eat \u00e9tant per\u00e7u comme agr\u00e9ablement vivifiant. Cependant, cette vari\u00e9t\u00e9 est \u00e9galement appr\u00e9ci\u00e9e toute l\u2019ann\u00e9e par les connaisseurs qui recherchent un ar\u00f4me authentique. Elle convient aussi bien \u00e0 une consommation r\u00e9guli\u00e8re qu\u2019\u00e0 l\u2019enrichissement de la collection des amateurs de tabac \u00e0 priser exp\u00e9riment\u00e9s.  <\/p>\n<p data-start=\"1806\" data-end=\"2134\">Chez tabakversand.ch, vous recevez votre tabac \u00e0 priser aux aiguilles de pin fra\u00eechement conserv\u00e9 dans son emballage d&rsquo;origine. Un stockage soign\u00e9 garantit la pr\u00e9servation optimale de son ar\u00f4me, de son humidit\u00e9 et de sa qualit\u00e9 jusqu&rsquo;\u00e0 l&rsquo;exp\u00e9dition. Gr\u00e2ce \u00e0 une livraison rapide en Suisse, votre tabac \u00e0 priser vous parvient g\u00e9n\u00e9ralement sous peu.  <\/p>\n<p data-start=\"2136\" data-end=\"2359\">D\u00e9couvrez avec le tabac \u00e0 priser Fichtennadel une vari\u00e9t\u00e9 fra\u00eeche et naturelle qui allie tradition, qualit\u00e9 et go\u00fbt distinctif \u2013 id\u00e9ale pour tous ceux qui appr\u00e9cient et valorisent consciemment les ar\u00f4mes authentiques.<\/p>\n<p>Tabac \u00e0 aiguilles d\u2019\u00e9pinette \u2013 ar\u00f4me \u00e9pic\u00e9 avec une fra\u00eecheur menthol\u00e9e.<br \/>\n1 bo\u00eete: Capacit\u00e9 10gr.<\/p>\n<p>Pour en savoir plus sur les fr\u00e8res Bernard, veuillez consulter leur page Wikip\u00e9dia&nbsp;: <a href=\"https:\/\/de.wikipedia.org\/wiki\/Gebr%C3%BCder_Bernard\" target=\"_blank\" rel=\"noopener\">cliquez ici<\/a> . Si vous avez des questions concernant le produit, n\u2019h\u00e9sitez pas \u00e0 nous contacter&nbsp;: <a href=\"https:\/\/www.tabakversand.ch\/kontakt\/\" target=\"_blank\" rel=\"noopener\">cliquez ici<\/a> . <\/p>\n<p>Tous les prix s&rsquo;appliquent uniquement aux commandes en ligne et incluent la TVA. Sous r\u00e9serve de modifications sans pr\u00e9avis, frais de livraison en sus. Sous r\u00e9serve d&rsquo;erreurs, de modifications de contenu de livraison et de conception, de fautes d&rsquo;impression et de modifications de prix. Les prix barr\u00e9s sont des prix de remplacement. Les illustrations peuvent diff\u00e9rer de l&rsquo;original\/du contenu de livraison.<br \/>\n*Livraison gratuite pour les commandes sup\u00e9rieures \u00e0 CHF 250.-.<\/p>\n","protected":false},"excerpt":{"rendered":"<p>tabac \u00e0 priser aux aiguilles de pin Le tabac \u00e0 priser aux aiguilles de pin est une sp\u00e9cialit\u00e9 aromatique appr\u00e9ci\u00e9e des amateurs de tabac frais et naturel. D\u00e8s l&rsquo;ouverture de la bo\u00eete, un parfum bois\u00e9 et pur se d\u00e9gage, \u00e9voquant une promenade dans une fra\u00eeche for\u00eat de pins. La note dominante d&rsquo;aiguilles de pin est [&hellip;]<\/p>\n","protected":false},"featured_media":72046,"template":"","meta":[],"product_brand":[],"product_cat":[1888,1951,1950],"product_tag":[],"class_list":{"0":"post-72041","1":"product","2":"type-product","3":"status-publish","4":"has-post-thumbnail","6":"product_cat-tabac","7":"product_cat-tabac-a-priser-et-accessoires","8":"product_cat-tabac-a-priser-schnupftabak","10":"first","11":"instock","12":"purchasable","13":"product-type-simple"},"yoast_head":"<!-- This site is optimized with the Yoast SEO plugin v27.5 - https:\/\/yoast.com\/product\/yoast-seo-wordpress\/ -->\n<title>tabac \u00e0 priser aux aiguilles de pin - Tabakversand.ch | Alles aus der Welt des Tabaks<\/title>\n<meta name=\"description\" content=\"Tabac \u00e0 priser aux aiguilles de pin, \u00e0 la note bois\u00e9e et fra\u00eeche, et \u00e0 l&#039;ar\u00f4me \u00e9quilibr\u00e9. Finement moulu, agr\u00e9able \u00e0 utiliser et fra\u00eechement import\u00e9 de Suisse.\" \/>\n<meta name=\"robots\" content=\"index, follow, max-snippet:-1, max-image-preview:large, max-video-preview:-1\" \/>\n<link rel=\"canonical\" href=\"https:\/\/www.tabakversand.ch\/produit\/fichtennadel-schnupftabak\/\" \/>\n<meta property=\"og:locale\" content=\"fr_FR\" \/>\n<meta property=\"og:type\" content=\"article\" \/>\n<meta property=\"og:title\" content=\"tabac \u00e0 priser aux aiguilles de pin - Tabakversand.ch | Alles aus der Welt des Tabaks\" \/>\n<meta property=\"og:description\" content=\"Tabac \u00e0 priser aux aiguilles de pin, \u00e0 la note bois\u00e9e et fra\u00eeche, et \u00e0 l&#039;ar\u00f4me \u00e9quilibr\u00e9. Finement moulu, agr\u00e9able \u00e0 utiliser et fra\u00eechement import\u00e9 de Suisse.\" \/>\n<meta property=\"og:url\" content=\"https:\/\/www.tabakversand.ch\/produit\/fichtennadel-schnupftabak\/\" \/>\n<meta property=\"og:site_name\" content=\"Tabakversand.ch | Alles aus der Welt des Tabaks\" \/>\n<meta property=\"article:modified_time\" content=\"2026-03-04T05:29:01+00:00\" \/>\n<meta property=\"og:image\" content=\"https:\/\/www.tabakversand.ch\/wp-content\/uploads\/2022\/03\/fichtennadel-snuff_n.jpg\" \/>\n\t<meta property=\"og:image:width\" content=\"500\" \/>\n\t<meta property=\"og:image:height\" content=\"500\" \/>\n\t<meta property=\"og:image:type\" content=\"image\/jpeg\" \/>\n<meta name=\"twitter:card\" content=\"summary_large_image\" \/>\n<meta name=\"twitter:label1\" content=\"Dur\u00e9e de lecture estim\u00e9e\" \/>\n\t<meta name=\"twitter:data1\" content=\"3 minutes\" \/>\n<script type=\"application\/ld+json\" class=\"yoast-schema-graph\">{\"@context\":\"https:\\\/\\\/schema.org\",\"@graph\":[{\"@type\":\"WebPage\",\"@id\":\"https:\\\/\\\/www.tabakversand.ch\\\/produit\\\/fichtennadel-schnupftabak\\\/\",\"url\":\"https:\\\/\\\/www.tabakversand.ch\\\/produit\\\/fichtennadel-schnupftabak\\\/\",\"name\":\"tabac \u00e0 priser aux aiguilles de pin - Tabakversand.ch | Alles aus der Welt des Tabaks\",\"isPartOf\":{\"@id\":\"https:\\\/\\\/www.tabakversand.ch\\\/#website\"},\"primaryImageOfPage\":{\"@id\":\"https:\\\/\\\/www.tabakversand.ch\\\/produit\\\/fichtennadel-schnupftabak\\\/#primaryimage\"},\"image\":{\"@id\":\"https:\\\/\\\/www.tabakversand.ch\\\/produit\\\/fichtennadel-schnupftabak\\\/#primaryimage\"},\"thumbnailUrl\":\"https:\\\/\\\/www.tabakversand.ch\\\/wp-content\\\/uploads\\\/2022\\\/03\\\/fichtennadel-snuff_n.jpg\",\"datePublished\":\"2022-04-02T08:54:04+00:00\",\"dateModified\":\"2026-03-04T05:29:01+00:00\",\"description\":\"Tabac \u00e0 priser aux aiguilles de pin, \u00e0 la note bois\u00e9e et fra\u00eeche, et \u00e0 l'ar\u00f4me \u00e9quilibr\u00e9. Finement moulu, agr\u00e9able \u00e0 utiliser et fra\u00eechement import\u00e9 de Suisse.\",\"breadcrumb\":{\"@id\":\"https:\\\/\\\/www.tabakversand.ch\\\/produit\\\/fichtennadel-schnupftabak\\\/#breadcrumb\"},\"inLanguage\":\"fr-FR\",\"potentialAction\":[{\"@type\":\"ReadAction\",\"target\":[\"https:\\\/\\\/www.tabakversand.ch\\\/produit\\\/fichtennadel-schnupftabak\\\/\"]}]},{\"@type\":\"ImageObject\",\"inLanguage\":\"fr-FR\",\"@id\":\"https:\\\/\\\/www.tabakversand.ch\\\/produit\\\/fichtennadel-schnupftabak\\\/#primaryimage\",\"url\":\"https:\\\/\\\/www.tabakversand.ch\\\/wp-content\\\/uploads\\\/2022\\\/03\\\/fichtennadel-snuff_n.jpg\",\"contentUrl\":\"https:\\\/\\\/www.tabakversand.ch\\\/wp-content\\\/uploads\\\/2022\\\/03\\\/fichtennadel-snuff_n.jpg\",\"width\":500,\"height\":500,\"caption\":\"Tabac \u00e0 priser \u00e0 l\u2019aiguille d\u2019\u00e9pinette\"},{\"@type\":\"BreadcrumbList\",\"@id\":\"https:\\\/\\\/www.tabakversand.ch\\\/produit\\\/fichtennadel-schnupftabak\\\/#breadcrumb\",\"itemListElement\":[{\"@type\":\"ListItem\",\"position\":1,\"name\":\"Startseite\",\"item\":\"https:\\\/\\\/www.tabakversand.ch\\\/\"},{\"@type\":\"ListItem\",\"position\":2,\"name\":\"Boutique\",\"item\":\"https:\\\/\\\/www.tabakversand.ch\\\/fr\\\/boutique\\\/\"},{\"@type\":\"ListItem\",\"position\":3,\"name\":\"tabac \u00e0 priser aux aiguilles de pin\"}]},{\"@type\":\"WebSite\",\"@id\":\"https:\\\/\\\/www.tabakversand.ch\\\/#website\",\"url\":\"https:\\\/\\\/www.tabakversand.ch\\\/\",\"name\":\"Tabakversand.ch | Alles aus der Welt des Tabaks\",\"description\":\"Smoke and carpe diem\",\"potentialAction\":[{\"@type\":\"SearchAction\",\"target\":{\"@type\":\"EntryPoint\",\"urlTemplate\":\"https:\\\/\\\/www.tabakversand.ch\\\/?s={search_term_string}\"},\"query-input\":{\"@type\":\"PropertyValueSpecification\",\"valueRequired\":true,\"valueName\":\"search_term_string\"}}],\"inLanguage\":\"fr-FR\"}]}<\/script>\n<!-- \/ Yoast SEO plugin. -->","yoast_head_json":{"title":"tabac \u00e0 priser aux aiguilles de pin - Tabakversand.ch | Alles aus der Welt des Tabaks","description":"Tabac \u00e0 priser aux aiguilles de pin, \u00e0 la note bois\u00e9e et fra\u00eeche, et \u00e0 l'ar\u00f4me \u00e9quilibr\u00e9. Finement moulu, agr\u00e9able \u00e0 utiliser et fra\u00eechement import\u00e9 de Suisse.","robots":{"index":"index","follow":"follow","max-snippet":"max-snippet:-1","max-image-preview":"max-image-preview:large","max-video-preview":"max-video-preview:-1"},"canonical":"https:\/\/www.tabakversand.ch\/produit\/fichtennadel-schnupftabak\/","og_locale":"fr_FR","og_type":"article","og_title":"tabac \u00e0 priser aux aiguilles de pin - Tabakversand.ch | Alles aus der Welt des Tabaks","og_description":"Tabac \u00e0 priser aux aiguilles de pin, \u00e0 la note bois\u00e9e et fra\u00eeche, et \u00e0 l'ar\u00f4me \u00e9quilibr\u00e9. Finement moulu, agr\u00e9able \u00e0 utiliser et fra\u00eechement import\u00e9 de Suisse.","og_url":"https:\/\/www.tabakversand.ch\/produit\/fichtennadel-schnupftabak\/","og_site_name":"Tabakversand.ch | Alles aus der Welt des Tabaks","article_modified_time":"2026-03-04T05:29:01+00:00","og_image":[{"width":500,"height":500,"url":"https:\/\/www.tabakversand.ch\/wp-content\/uploads\/2022\/03\/fichtennadel-snuff_n.jpg","type":"image\/jpeg"}],"twitter_card":"summary_large_image","twitter_misc":{"Dur\u00e9e de lecture estim\u00e9e":"3 minutes"},"schema":{"@context":"https:\/\/schema.org","@graph":[{"@type":"WebPage","@id":"https:\/\/www.tabakversand.ch\/produit\/fichtennadel-schnupftabak\/","url":"https:\/\/www.tabakversand.ch\/produit\/fichtennadel-schnupftabak\/","name":"tabac \u00e0 priser aux aiguilles de pin - Tabakversand.ch | Alles aus der Welt des Tabaks","isPartOf":{"@id":"https:\/\/www.tabakversand.ch\/#website"},"primaryImageOfPage":{"@id":"https:\/\/www.tabakversand.ch\/produit\/fichtennadel-schnupftabak\/#primaryimage"},"image":{"@id":"https:\/\/www.tabakversand.ch\/produit\/fichtennadel-schnupftabak\/#primaryimage"},"thumbnailUrl":"https:\/\/www.tabakversand.ch\/wp-content\/uploads\/2022\/03\/fichtennadel-snuff_n.jpg","datePublished":"2022-04-02T08:54:04+00:00","dateModified":"2026-03-04T05:29:01+00:00","description":"Tabac \u00e0 priser aux aiguilles de pin, \u00e0 la note bois\u00e9e et fra\u00eeche, et \u00e0 l'ar\u00f4me \u00e9quilibr\u00e9. Finement moulu, agr\u00e9able \u00e0 utiliser et fra\u00eechement import\u00e9 de Suisse.","breadcrumb":{"@id":"https:\/\/www.tabakversand.ch\/produit\/fichtennadel-schnupftabak\/#breadcrumb"},"inLanguage":"fr-FR","potentialAction":[{"@type":"ReadAction","target":["https:\/\/www.tabakversand.ch\/produit\/fichtennadel-schnupftabak\/"]}]},{"@type":"ImageObject","inLanguage":"fr-FR","@id":"https:\/\/www.tabakversand.ch\/produit\/fichtennadel-schnupftabak\/#primaryimage","url":"https:\/\/www.tabakversand.ch\/wp-content\/uploads\/2022\/03\/fichtennadel-snuff_n.jpg","contentUrl":"https:\/\/www.tabakversand.ch\/wp-content\/uploads\/2022\/03\/fichtennadel-snuff_n.jpg","width":500,"height":500,"caption":"Tabac \u00e0 priser \u00e0 l\u2019aiguille d\u2019\u00e9pinette"},{"@type":"BreadcrumbList","@id":"https:\/\/www.tabakversand.ch\/produit\/fichtennadel-schnupftabak\/#breadcrumb","itemListElement":[{"@type":"ListItem","position":1,"name":"Startseite","item":"https:\/\/www.tabakversand.ch\/"},{"@type":"ListItem","position":2,"name":"Boutique","item":"https:\/\/www.tabakversand.ch\/fr\/boutique\/"},{"@type":"ListItem","position":3,"name":"tabac \u00e0 priser aux aiguilles de pin"}]},{"@type":"WebSite","@id":"https:\/\/www.tabakversand.ch\/#website","url":"https:\/\/www.tabakversand.ch\/","name":"Tabakversand.ch | Alles aus der Welt des Tabaks","description":"Smoke and carpe diem","potentialAction":[{"@type":"SearchAction","target":{"@type":"EntryPoint","urlTemplate":"https:\/\/www.tabakversand.ch\/?s={search_term_string}"},"query-input":{"@type":"PropertyValueSpecification","valueRequired":true,"valueName":"search_term_string"}}],"inLanguage":"fr-FR"}]}},"_links":{"self":[{"href":"https:\/\/www.tabakversand.ch\/fr\/wp-json\/wp\/v2\/product\/72041","targetHints":{"allow":["GET"]}}],"collection":[{"href":"https:\/\/www.tabakversand.ch\/fr\/wp-json\/wp\/v2\/product"}],"about":[{"href":"https:\/\/www.tabakversand.ch\/fr\/wp-json\/wp\/v2\/types\/product"}],"version-history":[{"count":5,"href":"https:\/\/www.tabakversand.ch\/fr\/wp-json\/wp\/v2\/product\/72041\/revisions"}],"predecessor-version":[{"id":212975,"href":"https:\/\/www.tabakversand.ch\/fr\/wp-json\/wp\/v2\/product\/72041\/revisions\/212975"}],"wp:featuredmedia":[{"embeddable":true,"href":"https:\/\/www.tabakversand.ch\/fr\/wp-json\/wp\/v2\/media\/72046"}],"wp:attachment":[{"href":"https:\/\/www.tabakversand.ch\/fr\/wp-json\/wp\/v2\/media?parent=72041"}],"wp:term":[{"taxonomy":"product_brand","embeddable":true,"href":"https:\/\/www.tabakversand.ch\/fr\/wp-json\/wp\/v2\/product_brand?post=72041"},{"taxonomy":"product_cat","embeddable":true,"href":"https:\/\/www.tabakversand.ch\/fr\/wp-json\/wp\/v2\/product_cat?post=72041"},{"taxonomy":"product_tag","embeddable":true,"href":"https:\/\/www.tabakversand.ch\/fr\/wp-json\/wp\/v2\/product_tag?post=72041"}],"curies":[{"name":"wp","href":"https:\/\/api.w.org\/{rel}","templated":true}]}}