{"id":72107,"date":"2022-04-02T10:54:04","date_gmt":"2022-04-02T08:54:04","guid":{"rendered":"http:\/\/www.tabakversand.ch\/produkt\/manchons-filtrants-mascotte-carbon-200\/"},"modified":"2026-04-09T14:57:10","modified_gmt":"2026-04-09T12:57:10","slug":"manchons-en-carbone-mascotte","status":"publish","type":"product","link":"https:\/\/www.tabakversand.ch\/fr\/produit\/manchons-en-carbone-mascotte\/","title":{"rendered":"Manchons en carbone Mascotte 5 x 200 pi\u00e8ces."},"content":{"rendered":"<h1>Manchons en carbone Mascotte<\/h1>\n<p>Un go\u00fbt frais gr\u00e2ce au filtre \u00e0 charbon actif&nbsp;: les tubes Mascotte Carbon offrent une exp\u00e9rience de vapotage particuli\u00e8rement agr\u00e9able gr\u00e2ce \u00e0 leur filtre \u00e0 charbon actif int\u00e9gr\u00e9. Ce filtre r\u00e9duit les substances ind\u00e9sirables dans la fum\u00e9e et permet simultan\u00e9ment un go\u00fbt plus pur et plus doux. <\/p>\n<p>Id\u00e9al pour les personnes qui roulent elles-m\u00eames leurs cigarettes et qui appr\u00e9cient un tirage net, un ar\u00f4me frais et un confort optimal.<\/p>\n<p>Chez tabakversand.ch, vos tubes \u00e0 cigarettes Mascotte Carbon sont livr\u00e9s dans leur emballage d&rsquo;origine, soigneusement conserv\u00e9s. Un stockage rigoureux garantit une qualit\u00e9 optimale jusqu&rsquo;\u00e0 l&rsquo;exp\u00e9dition. Gr\u00e2ce \u00e0 une livraison rapide en Suisse, vos tubes vous parviennent g\u00e9n\u00e9ralement tr\u00e8s rapidement.  <\/p>\n<ul>\n<li>Syst\u00e8me actif au carbone<\/li>\n<li>5 x 200 pi\u00e8ces.<\/li>\n<\/ul>\n<p>Pour plus d&rsquo;informations sur le fabricant Mascotte, veuillez consulter le site web officiel de l&rsquo;entreprise&nbsp;: <a href=\"https:\/\/www.mascotte.eu\/inter_en\/\">cliquez ici<\/a> . Si vous avez des questions concernant le produit, n&rsquo;h\u00e9sitez pas \u00e0 nous contacter&nbsp;: <a href=\"https:\/\/www.tabakversand.ch\/kontakt\/\">cliquez ici<\/a> .<\/p>\n<p>Tous les prix s&rsquo;appliquent uniquement aux commandes en ligne et incluent la TVA. Sous r\u00e9serve de modifications sans pr\u00e9avis, frais de livraison en sus. Sous r\u00e9serve d&rsquo;erreurs, de modifications de contenu de livraison et de conception, de fautes d&rsquo;impression et de modifications de prix. Les prix barr\u00e9s sont des prix de remplacement. Les illustrations peuvent diff\u00e9rer de l&rsquo;original\/du contenu de livraison.<br \/>\n*Livraison gratuite pour les commandes sup\u00e9rieures \u00e0 CHF 250.-.<\/p>\n","protected":false},"excerpt":{"rendered":"<p>Manchons en carbone Mascotte Un go\u00fbt frais gr\u00e2ce au filtre \u00e0 charbon actif&nbsp;: les tubes Mascotte Carbon offrent une exp\u00e9rience de vapotage particuli\u00e8rement agr\u00e9able gr\u00e2ce \u00e0 leur filtre \u00e0 charbon actif int\u00e9gr\u00e9. Ce filtre r\u00e9duit les substances ind\u00e9sirables dans la fum\u00e9e et permet simultan\u00e9ment un go\u00fbt plus pur et plus doux. Id\u00e9al pour les personnes [&hellip;]<\/p>\n","protected":false},"featured_media":211718,"template":"","meta":[],"product_brand":[1554],"product_cat":[1961,1956],"product_tag":[],"class_list":{"0":"post-72107","1":"product","2":"type-product","3":"status-publish","4":"has-post-thumbnail","6":"product_brand-mascotte","7":"product_cat-cigarettes-self-made-fr-2","8":"product_cat-dosettes-de-cigarettes","10":"first","11":"instock","12":"purchasable","13":"product-type-simple"},"yoast_head":"<!-- This site is optimized with the Yoast SEO plugin v27.0 - https:\/\/yoast.com\/product\/yoast-seo-wordpress\/ -->\n<title>Tubes \u00e0 charbon Mascotte \u2013 Filtres \u00e0 charbon actif pour fum\u00e9e l\u00e9g\u00e8re<\/title>\n<meta name=\"description\" content=\"Tubes Mascotte Carbon avec filtre \u00e0 charbon actif int\u00e9gr\u00e9 pour un go\u00fbt plus doux et plus pur et un tirage agr\u00e9able.\" \/>\n<meta name=\"robots\" content=\"index, follow, max-snippet:-1, max-image-preview:large, max-video-preview:-1\" \/>\n<link rel=\"canonical\" href=\"https:\/\/www.tabakversand.ch\/fr\/produit\/manchons-en-carbone-mascotte\/\" \/>\n<meta property=\"og:locale\" content=\"fr_FR\" \/>\n<meta property=\"og:type\" content=\"article\" \/>\n<meta property=\"og:title\" content=\"Tubes \u00e0 charbon Mascotte \u2013 Filtres \u00e0 charbon actif pour fum\u00e9e l\u00e9g\u00e8re\" \/>\n<meta property=\"og:description\" content=\"Tubes Mascotte Carbon avec filtre \u00e0 charbon actif int\u00e9gr\u00e9 pour un go\u00fbt plus doux et plus pur et un tirage agr\u00e9able.\" \/>\n<meta property=\"og:url\" content=\"https:\/\/www.tabakversand.ch\/fr\/produit\/manchons-en-carbone-mascotte\/\" \/>\n<meta property=\"og:site_name\" content=\"Tabakversand.ch | Alles aus der Welt des Tabaks\" \/>\n<meta property=\"article:modified_time\" content=\"2026-04-09T12:57:10+00:00\" \/>\n<meta property=\"og:image\" content=\"https:\/\/www.tabakversand.ch\/wp-content\/uploads\/2022\/04\/mascotte-carbon-200.jpg\" \/>\n\t<meta property=\"og:image:width\" content=\"500\" \/>\n\t<meta property=\"og:image:height\" content=\"501\" \/>\n\t<meta property=\"og:image:type\" content=\"image\/jpeg\" \/>\n<meta name=\"twitter:card\" content=\"summary_large_image\" \/>\n<meta name=\"twitter:label1\" content=\"Dur\u00e9e de lecture estim\u00e9e\" \/>\n\t<meta name=\"twitter:data1\" content=\"2 minutes\" \/>\n<script type=\"application\/ld+json\" class=\"yoast-schema-graph\">{\"@context\":\"https:\/\/schema.org\",\"@graph\":[{\"@type\":\"WebPage\",\"@id\":\"https:\/\/www.tabakversand.ch\/fr\/produit\/manchons-en-carbone-mascotte\/\",\"url\":\"https:\/\/www.tabakversand.ch\/fr\/produit\/manchons-en-carbone-mascotte\/\",\"name\":\"Tubes \u00e0 charbon Mascotte \u2013 Filtres \u00e0 charbon actif pour fum\u00e9e l\u00e9g\u00e8re\",\"isPartOf\":{\"@id\":\"https:\/\/www.tabakversand.ch\/#website\"},\"primaryImageOfPage\":{\"@id\":\"https:\/\/www.tabakversand.ch\/fr\/produit\/manchons-en-carbone-mascotte\/#primaryimage\"},\"image\":{\"@id\":\"https:\/\/www.tabakversand.ch\/fr\/produit\/manchons-en-carbone-mascotte\/#primaryimage\"},\"thumbnailUrl\":\"https:\/\/www.tabakversand.ch\/wp-content\/uploads\/2022\/04\/mascotte-carbon-200.jpg\",\"datePublished\":\"2022-04-02T08:54:04+00:00\",\"dateModified\":\"2026-04-09T12:57:10+00:00\",\"description\":\"Tubes Mascotte Carbon avec filtre \u00e0 charbon actif int\u00e9gr\u00e9 pour un go\u00fbt plus doux et plus pur et un tirage agr\u00e9able.\",\"breadcrumb\":{\"@id\":\"https:\/\/www.tabakversand.ch\/fr\/produit\/manchons-en-carbone-mascotte\/#breadcrumb\"},\"inLanguage\":\"fr-FR\",\"potentialAction\":[{\"@type\":\"ReadAction\",\"target\":[\"https:\/\/www.tabakversand.ch\/fr\/produit\/manchons-en-carbone-mascotte\/\"]}]},{\"@type\":\"ImageObject\",\"inLanguage\":\"fr-FR\",\"@id\":\"https:\/\/www.tabakversand.ch\/fr\/produit\/manchons-en-carbone-mascotte\/#primaryimage\",\"url\":\"https:\/\/www.tabakversand.ch\/wp-content\/uploads\/2022\/04\/mascotte-carbon-200.jpg\",\"contentUrl\":\"https:\/\/www.tabakversand.ch\/wp-content\/uploads\/2022\/04\/mascotte-carbon-200.jpg\",\"width\":500,\"height\":501,\"caption\":\"Manchons filtrants Mascotte Carbon 200 | tabakversand.ch\"},{\"@type\":\"BreadcrumbList\",\"@id\":\"https:\/\/www.tabakversand.ch\/fr\/produit\/manchons-en-carbone-mascotte\/#breadcrumb\",\"itemListElement\":[{\"@type\":\"ListItem\",\"position\":1,\"name\":\"Startseite\",\"item\":\"https:\/\/www.tabakversand.ch\/\"},{\"@type\":\"ListItem\",\"position\":2,\"name\":\"Boutique\",\"item\":\"https:\/\/www.tabakversand.ch\/fr\/boutique\/\"},{\"@type\":\"ListItem\",\"position\":3,\"name\":\"Manchons en carbone Mascotte 5 x 200 pi\u00e8ces.\"}]},{\"@type\":\"WebSite\",\"@id\":\"https:\/\/www.tabakversand.ch\/#website\",\"url\":\"https:\/\/www.tabakversand.ch\/\",\"name\":\"Tabakversand.ch | Alles aus der Welt des Tabaks\",\"description\":\"Smoke and carpe diem\",\"potentialAction\":[{\"@type\":\"SearchAction\",\"target\":{\"@type\":\"EntryPoint\",\"urlTemplate\":\"https:\/\/www.tabakversand.ch\/?s={search_term_string}\"},\"query-input\":{\"@type\":\"PropertyValueSpecification\",\"valueRequired\":true,\"valueName\":\"search_term_string\"}}],\"inLanguage\":\"fr-FR\"}]}<\/script>\n<!-- \/ Yoast SEO plugin. -->","yoast_head_json":{"title":"Tubes \u00e0 charbon Mascotte \u2013 Filtres \u00e0 charbon actif pour fum\u00e9e l\u00e9g\u00e8re","description":"Tubes Mascotte Carbon avec filtre \u00e0 charbon actif int\u00e9gr\u00e9 pour un go\u00fbt plus doux et plus pur et un tirage agr\u00e9able.","robots":{"index":"index","follow":"follow","max-snippet":"max-snippet:-1","max-image-preview":"max-image-preview:large","max-video-preview":"max-video-preview:-1"},"canonical":"https:\/\/www.tabakversand.ch\/fr\/produit\/manchons-en-carbone-mascotte\/","og_locale":"fr_FR","og_type":"article","og_title":"Tubes \u00e0 charbon Mascotte \u2013 Filtres \u00e0 charbon actif pour fum\u00e9e l\u00e9g\u00e8re","og_description":"Tubes Mascotte Carbon avec filtre \u00e0 charbon actif int\u00e9gr\u00e9 pour un go\u00fbt plus doux et plus pur et un tirage agr\u00e9able.","og_url":"https:\/\/www.tabakversand.ch\/fr\/produit\/manchons-en-carbone-mascotte\/","og_site_name":"Tabakversand.ch | Alles aus der Welt des Tabaks","article_modified_time":"2026-04-09T12:57:10+00:00","og_image":[{"width":500,"height":501,"url":"https:\/\/www.tabakversand.ch\/wp-content\/uploads\/2022\/04\/mascotte-carbon-200.jpg","type":"image\/jpeg"}],"twitter_card":"summary_large_image","twitter_misc":{"Dur\u00e9e de lecture estim\u00e9e":"2 minutes"},"schema":{"@context":"https:\/\/schema.org","@graph":[{"@type":"WebPage","@id":"https:\/\/www.tabakversand.ch\/fr\/produit\/manchons-en-carbone-mascotte\/","url":"https:\/\/www.tabakversand.ch\/fr\/produit\/manchons-en-carbone-mascotte\/","name":"Tubes \u00e0 charbon Mascotte \u2013 Filtres \u00e0 charbon actif pour fum\u00e9e l\u00e9g\u00e8re","isPartOf":{"@id":"https:\/\/www.tabakversand.ch\/#website"},"primaryImageOfPage":{"@id":"https:\/\/www.tabakversand.ch\/fr\/produit\/manchons-en-carbone-mascotte\/#primaryimage"},"image":{"@id":"https:\/\/www.tabakversand.ch\/fr\/produit\/manchons-en-carbone-mascotte\/#primaryimage"},"thumbnailUrl":"https:\/\/www.tabakversand.ch\/wp-content\/uploads\/2022\/04\/mascotte-carbon-200.jpg","datePublished":"2022-04-02T08:54:04+00:00","dateModified":"2026-04-09T12:57:10+00:00","description":"Tubes Mascotte Carbon avec filtre \u00e0 charbon actif int\u00e9gr\u00e9 pour un go\u00fbt plus doux et plus pur et un tirage agr\u00e9able.","breadcrumb":{"@id":"https:\/\/www.tabakversand.ch\/fr\/produit\/manchons-en-carbone-mascotte\/#breadcrumb"},"inLanguage":"fr-FR","potentialAction":[{"@type":"ReadAction","target":["https:\/\/www.tabakversand.ch\/fr\/produit\/manchons-en-carbone-mascotte\/"]}]},{"@type":"ImageObject","inLanguage":"fr-FR","@id":"https:\/\/www.tabakversand.ch\/fr\/produit\/manchons-en-carbone-mascotte\/#primaryimage","url":"https:\/\/www.tabakversand.ch\/wp-content\/uploads\/2022\/04\/mascotte-carbon-200.jpg","contentUrl":"https:\/\/www.tabakversand.ch\/wp-content\/uploads\/2022\/04\/mascotte-carbon-200.jpg","width":500,"height":501,"caption":"Manchons filtrants Mascotte Carbon 200 | tabakversand.ch"},{"@type":"BreadcrumbList","@id":"https:\/\/www.tabakversand.ch\/fr\/produit\/manchons-en-carbone-mascotte\/#breadcrumb","itemListElement":[{"@type":"ListItem","position":1,"name":"Startseite","item":"https:\/\/www.tabakversand.ch\/"},{"@type":"ListItem","position":2,"name":"Boutique","item":"https:\/\/www.tabakversand.ch\/fr\/boutique\/"},{"@type":"ListItem","position":3,"name":"Manchons en carbone Mascotte 5 x 200 pi\u00e8ces."}]},{"@type":"WebSite","@id":"https:\/\/www.tabakversand.ch\/#website","url":"https:\/\/www.tabakversand.ch\/","name":"Tabakversand.ch | Alles aus der Welt des Tabaks","description":"Smoke and carpe diem","potentialAction":[{"@type":"SearchAction","target":{"@type":"EntryPoint","urlTemplate":"https:\/\/www.tabakversand.ch\/?s={search_term_string}"},"query-input":{"@type":"PropertyValueSpecification","valueRequired":true,"valueName":"search_term_string"}}],"inLanguage":"fr-FR"}]}},"_links":{"self":[{"href":"https:\/\/www.tabakversand.ch\/fr\/wp-json\/wp\/v2\/product\/72107","targetHints":{"allow":["GET"]}}],"collection":[{"href":"https:\/\/www.tabakversand.ch\/fr\/wp-json\/wp\/v2\/product"}],"about":[{"href":"https:\/\/www.tabakversand.ch\/fr\/wp-json\/wp\/v2\/types\/product"}],"version-history":[{"count":12,"href":"https:\/\/www.tabakversand.ch\/fr\/wp-json\/wp\/v2\/product\/72107\/revisions"}],"predecessor-version":[{"id":217485,"href":"https:\/\/www.tabakversand.ch\/fr\/wp-json\/wp\/v2\/product\/72107\/revisions\/217485"}],"wp:featuredmedia":[{"embeddable":true,"href":"https:\/\/www.tabakversand.ch\/fr\/wp-json\/wp\/v2\/media\/211718"}],"wp:attachment":[{"href":"https:\/\/www.tabakversand.ch\/fr\/wp-json\/wp\/v2\/media?parent=72107"}],"wp:term":[{"taxonomy":"product_brand","embeddable":true,"href":"https:\/\/www.tabakversand.ch\/fr\/wp-json\/wp\/v2\/product_brand?post=72107"},{"taxonomy":"product_cat","embeddable":true,"href":"https:\/\/www.tabakversand.ch\/fr\/wp-json\/wp\/v2\/product_cat?post=72107"},{"taxonomy":"product_tag","embeddable":true,"href":"https:\/\/www.tabakversand.ch\/fr\/wp-json\/wp\/v2\/product_tag?post=72107"}],"curies":[{"name":"wp","href":"https:\/\/api.w.org\/{rel}","templated":true}]}}