{"id":72120,"date":"2022-04-02T10:54:04","date_gmt":"2022-04-02T08:54:04","guid":{"rendered":"http:\/\/www.tabakversand.ch\/produkt\/villiger-1492-short-perfecto-20-boites-de-cigares\/"},"modified":"2025-02-18T10:42:40","modified_gmt":"2025-02-18T09:42:40","slug":"villiger-1492-short-perfecto-20-er-kiste-cigares","status":"publish","type":"product","link":"https:\/\/www.tabakversand.ch\/fr\/produit\/villiger-1492-short-perfecto-20-er-kiste-cigares\/","title":{"rendered":"Villiger 1492 Short Perfecto 20 bo\u00eetes de cigares"},"content":{"rendered":"<p>Villiger 1492 Short Perfecto 20 bo\u00eetes de cigares<\/p>\n<p>L&rsquo;ar\u00f4me de cet exotique fait main est intense<br \/>\n Coffret en bois de 20 pi\u00e8ces<br \/>\n Origine : R\u00e9publique Dominicaine<br \/>\n Longueur : 126 mm<br \/>\n Diam\u00e8tre : 20 mm<br \/>\n Marqueterie : Saint-Domingue<br \/>\n Couverture : \u00c9quateur Connecticut<br \/>\n Classeur : Indon\u00e9sie, Java Besuki<\/p>\n<p>Tous les prix s&rsquo;appliquent uniquement aux commandes en ligne et incluent la TVA. TVA, sous r\u00e9serve de modifications plus Exp\u00e9dition. Sous r\u00e9serve d&rsquo;erreurs, de modifications de l&rsquo;\u00e9tendue de la livraison et de la conception, d&rsquo;erreurs d&rsquo;impression et de modifications de prix. Les prix barr\u00e9s sont plut\u00f4t des prix. L&rsquo;illustration peut diff\u00e9rer de l&rsquo;original\/de l&rsquo;\u00e9tendue de la livraison.<br \/>\n*Livraison gratuite pour les commandes sup\u00e9rieures \u00e0 CHF 250.<\/p>\n","protected":false},"excerpt":{"rendered":"<p>Villiger 1492 Short Perfecto 20 bo\u00eetes de cigares L&rsquo;ar\u00f4me de cet exotique fait main est intense Coffret en bois de 20 pi\u00e8ces Origine : R\u00e9publique Dominicaine Longueur : 126 mm Diam\u00e8tre : 20 mm Marqueterie : Saint-Domingue Couverture : \u00c9quateur Connecticut Classeur : Indon\u00e9sie, Java Besuki Tous les prix s&rsquo;appliquent uniquement aux commandes en ligne [&hellip;]<\/p>\n","protected":false},"featured_media":72121,"template":"","meta":[],"product_brand":[1538],"product_cat":[1993,1994,1992,2524,2715],"product_tag":[],"class_list":{"0":"post-72120","1":"product","2":"type-product","3":"status-publish","4":"has-post-thumbnail","6":"product_brand-villiger","7":"product_cat-cigares","8":"product_cat-monde-du-cigare","9":"product_cat-republique-dominicaine","10":"product_cat-villiger-fr-2","11":"product_cat-villiger-1492-fr","13":"first","14":"onbackorder","15":"purchasable","16":"product-type-simple"},"yoast_head":"<!-- This site is optimized with the Yoast SEO plugin v27.5 - https:\/\/yoast.com\/product\/yoast-seo-wordpress\/ -->\n<title>Villiger 1492 Short Perfecto 20 bo\u00eetes de cigares - Tabakversand.ch | Alles aus der Welt des Tabaks<\/title>\n<meta name=\"description\" content=\"Villiger 1492 Short Perfecto 20 he bo\u00eete de cigares | La plus grande s\u00e9lection de produits du tabac de Suisse | Toutes les cartes sont accept\u00e9es!\" \/>\n<meta name=\"robots\" content=\"index, follow, max-snippet:-1, max-image-preview:large, max-video-preview:-1\" \/>\n<link rel=\"canonical\" href=\"https:\/\/www.tabakversand.ch\/?post_type=product&p=54653\" \/>\n<meta property=\"og:locale\" content=\"fr_FR\" \/>\n<meta property=\"og:type\" content=\"article\" \/>\n<meta property=\"og:title\" content=\"Villiger 1492 Short Perfecto 20 bo\u00eetes de cigares - Tabakversand.ch | Alles aus der Welt des Tabaks\" \/>\n<meta property=\"og:description\" content=\"Villiger 1492 Short Perfecto 20 he bo\u00eete de cigares | La plus grande s\u00e9lection de produits du tabac de Suisse | Toutes les cartes sont accept\u00e9es!\" \/>\n<meta property=\"og:url\" content=\"https:\/\/www.tabakversand.ch\/?post_type=product&amp;p=54653\" \/>\n<meta property=\"og:site_name\" content=\"Tabakversand.ch | Alles aus der Welt des Tabaks\" \/>\n<meta property=\"article:modified_time\" content=\"2025-02-18T09:42:40+00:00\" \/>\n<meta property=\"og:image\" content=\"https:\/\/www.tabakversand.ch\/wp-content\/uploads\/2022\/03\/villiger-1492-short-perfecto-e.jpg\" \/>\n\t<meta property=\"og:image:width\" content=\"500\" \/>\n\t<meta property=\"og:image:height\" content=\"500\" \/>\n\t<meta property=\"og:image:type\" content=\"image\/jpeg\" \/>\n<meta name=\"twitter:card\" content=\"summary_large_image\" \/>\n<meta name=\"twitter:label1\" content=\"Dur\u00e9e de lecture estim\u00e9e\" \/>\n\t<meta name=\"twitter:data1\" content=\"1 minute\" \/>\n<script type=\"application\/ld+json\" class=\"yoast-schema-graph\">{\"@context\":\"https:\\\/\\\/schema.org\",\"@graph\":[{\"@type\":\"WebPage\",\"@id\":\"https:\\\/\\\/www.tabakversand.ch\\\/?post_type=product&p=54653\",\"url\":\"https:\\\/\\\/www.tabakversand.ch\\\/?post_type=product&p=54653\",\"name\":\"Villiger 1492 Short Perfecto 20 bo\u00eetes de cigares - Tabakversand.ch | Alles aus der Welt des Tabaks\",\"isPartOf\":{\"@id\":\"https:\\\/\\\/www.tabakversand.ch\\\/#website\"},\"primaryImageOfPage\":{\"@id\":\"https:\\\/\\\/www.tabakversand.ch\\\/?post_type=product&p=54653#primaryimage\"},\"image\":{\"@id\":\"https:\\\/\\\/www.tabakversand.ch\\\/?post_type=product&p=54653#primaryimage\"},\"thumbnailUrl\":\"https:\\\/\\\/www.tabakversand.ch\\\/wp-content\\\/uploads\\\/2022\\\/03\\\/villiger-1492-short-perfecto-e.jpg\",\"datePublished\":\"2022-04-02T08:54:04+00:00\",\"dateModified\":\"2025-02-18T09:42:40+00:00\",\"description\":\"Villiger 1492 Short Perfecto 20 he bo\u00eete de cigares | La plus grande s\u00e9lection de produits du tabac de Suisse | Toutes les cartes sont accept\u00e9es!\",\"breadcrumb\":{\"@id\":\"https:\\\/\\\/www.tabakversand.ch\\\/?post_type=product&p=54653#breadcrumb\"},\"inLanguage\":\"fr-FR\",\"potentialAction\":[{\"@type\":\"ReadAction\",\"target\":[\"https:\\\/\\\/www.tabakversand.ch\\\/?post_type=product&p=54653\"]}]},{\"@type\":\"ImageObject\",\"inLanguage\":\"fr-FR\",\"@id\":\"https:\\\/\\\/www.tabakversand.ch\\\/?post_type=product&p=54653#primaryimage\",\"url\":\"https:\\\/\\\/www.tabakversand.ch\\\/wp-content\\\/uploads\\\/2022\\\/03\\\/villiger-1492-short-perfecto-e.jpg\",\"contentUrl\":\"https:\\\/\\\/www.tabakversand.ch\\\/wp-content\\\/uploads\\\/2022\\\/03\\\/villiger-1492-short-perfecto-e.jpg\",\"width\":500,\"height\":500,\"caption\":\"Villiger 1492 Short Perfecto 20 bo\u00eetes de cigares\"},{\"@type\":\"BreadcrumbList\",\"@id\":\"https:\\\/\\\/www.tabakversand.ch\\\/?post_type=product&p=54653#breadcrumb\",\"itemListElement\":[{\"@type\":\"ListItem\",\"position\":1,\"name\":\"Startseite\",\"item\":\"https:\\\/\\\/www.tabakversand.ch\\\/\"},{\"@type\":\"ListItem\",\"position\":2,\"name\":\"Boutique\",\"item\":\"https:\\\/\\\/www.tabakversand.ch\\\/fr\\\/boutique\\\/\"},{\"@type\":\"ListItem\",\"position\":3,\"name\":\"Villiger 1492 Short Perfecto 20 bo\u00eetes de cigares\"}]},{\"@type\":\"WebSite\",\"@id\":\"https:\\\/\\\/www.tabakversand.ch\\\/#website\",\"url\":\"https:\\\/\\\/www.tabakversand.ch\\\/\",\"name\":\"Tabakversand.ch | Alles aus der Welt des Tabaks\",\"description\":\"Smoke and carpe diem\",\"potentialAction\":[{\"@type\":\"SearchAction\",\"target\":{\"@type\":\"EntryPoint\",\"urlTemplate\":\"https:\\\/\\\/www.tabakversand.ch\\\/?s={search_term_string}\"},\"query-input\":{\"@type\":\"PropertyValueSpecification\",\"valueRequired\":true,\"valueName\":\"search_term_string\"}}],\"inLanguage\":\"fr-FR\"}]}<\/script>\n<!-- \/ Yoast SEO plugin. -->","yoast_head_json":{"title":"Villiger 1492 Short Perfecto 20 bo\u00eetes de cigares - Tabakversand.ch | Alles aus der Welt des Tabaks","description":"Villiger 1492 Short Perfecto 20 he bo\u00eete de cigares | La plus grande s\u00e9lection de produits du tabac de Suisse | Toutes les cartes sont accept\u00e9es!","robots":{"index":"index","follow":"follow","max-snippet":"max-snippet:-1","max-image-preview":"max-image-preview:large","max-video-preview":"max-video-preview:-1"},"canonical":"https:\/\/www.tabakversand.ch\/?post_type=product&p=54653","og_locale":"fr_FR","og_type":"article","og_title":"Villiger 1492 Short Perfecto 20 bo\u00eetes de cigares - Tabakversand.ch | Alles aus der Welt des Tabaks","og_description":"Villiger 1492 Short Perfecto 20 he bo\u00eete de cigares | La plus grande s\u00e9lection de produits du tabac de Suisse | Toutes les cartes sont accept\u00e9es!","og_url":"https:\/\/www.tabakversand.ch\/?post_type=product&p=54653","og_site_name":"Tabakversand.ch | Alles aus der Welt des Tabaks","article_modified_time":"2025-02-18T09:42:40+00:00","og_image":[{"width":500,"height":500,"url":"https:\/\/www.tabakversand.ch\/wp-content\/uploads\/2022\/03\/villiger-1492-short-perfecto-e.jpg","type":"image\/jpeg"}],"twitter_card":"summary_large_image","twitter_misc":{"Dur\u00e9e de lecture estim\u00e9e":"1 minute"},"schema":{"@context":"https:\/\/schema.org","@graph":[{"@type":"WebPage","@id":"https:\/\/www.tabakversand.ch\/?post_type=product&p=54653","url":"https:\/\/www.tabakversand.ch\/?post_type=product&p=54653","name":"Villiger 1492 Short Perfecto 20 bo\u00eetes de cigares - Tabakversand.ch | Alles aus der Welt des Tabaks","isPartOf":{"@id":"https:\/\/www.tabakversand.ch\/#website"},"primaryImageOfPage":{"@id":"https:\/\/www.tabakversand.ch\/?post_type=product&p=54653#primaryimage"},"image":{"@id":"https:\/\/www.tabakversand.ch\/?post_type=product&p=54653#primaryimage"},"thumbnailUrl":"https:\/\/www.tabakversand.ch\/wp-content\/uploads\/2022\/03\/villiger-1492-short-perfecto-e.jpg","datePublished":"2022-04-02T08:54:04+00:00","dateModified":"2025-02-18T09:42:40+00:00","description":"Villiger 1492 Short Perfecto 20 he bo\u00eete de cigares | La plus grande s\u00e9lection de produits du tabac de Suisse | Toutes les cartes sont accept\u00e9es!","breadcrumb":{"@id":"https:\/\/www.tabakversand.ch\/?post_type=product&p=54653#breadcrumb"},"inLanguage":"fr-FR","potentialAction":[{"@type":"ReadAction","target":["https:\/\/www.tabakversand.ch\/?post_type=product&p=54653"]}]},{"@type":"ImageObject","inLanguage":"fr-FR","@id":"https:\/\/www.tabakversand.ch\/?post_type=product&p=54653#primaryimage","url":"https:\/\/www.tabakversand.ch\/wp-content\/uploads\/2022\/03\/villiger-1492-short-perfecto-e.jpg","contentUrl":"https:\/\/www.tabakversand.ch\/wp-content\/uploads\/2022\/03\/villiger-1492-short-perfecto-e.jpg","width":500,"height":500,"caption":"Villiger 1492 Short Perfecto 20 bo\u00eetes de cigares"},{"@type":"BreadcrumbList","@id":"https:\/\/www.tabakversand.ch\/?post_type=product&p=54653#breadcrumb","itemListElement":[{"@type":"ListItem","position":1,"name":"Startseite","item":"https:\/\/www.tabakversand.ch\/"},{"@type":"ListItem","position":2,"name":"Boutique","item":"https:\/\/www.tabakversand.ch\/fr\/boutique\/"},{"@type":"ListItem","position":3,"name":"Villiger 1492 Short Perfecto 20 bo\u00eetes de cigares"}]},{"@type":"WebSite","@id":"https:\/\/www.tabakversand.ch\/#website","url":"https:\/\/www.tabakversand.ch\/","name":"Tabakversand.ch | Alles aus der Welt des Tabaks","description":"Smoke and carpe diem","potentialAction":[{"@type":"SearchAction","target":{"@type":"EntryPoint","urlTemplate":"https:\/\/www.tabakversand.ch\/?s={search_term_string}"},"query-input":{"@type":"PropertyValueSpecification","valueRequired":true,"valueName":"search_term_string"}}],"inLanguage":"fr-FR"}]}},"_links":{"self":[{"href":"https:\/\/www.tabakversand.ch\/fr\/wp-json\/wp\/v2\/product\/72120","targetHints":{"allow":["GET"]}}],"collection":[{"href":"https:\/\/www.tabakversand.ch\/fr\/wp-json\/wp\/v2\/product"}],"about":[{"href":"https:\/\/www.tabakversand.ch\/fr\/wp-json\/wp\/v2\/types\/product"}],"version-history":[{"count":1,"href":"https:\/\/www.tabakversand.ch\/fr\/wp-json\/wp\/v2\/product\/72120\/revisions"}],"predecessor-version":[{"id":170911,"href":"https:\/\/www.tabakversand.ch\/fr\/wp-json\/wp\/v2\/product\/72120\/revisions\/170911"}],"wp:featuredmedia":[{"embeddable":true,"href":"https:\/\/www.tabakversand.ch\/fr\/wp-json\/wp\/v2\/media\/72121"}],"wp:attachment":[{"href":"https:\/\/www.tabakversand.ch\/fr\/wp-json\/wp\/v2\/media?parent=72120"}],"wp:term":[{"taxonomy":"product_brand","embeddable":true,"href":"https:\/\/www.tabakversand.ch\/fr\/wp-json\/wp\/v2\/product_brand?post=72120"},{"taxonomy":"product_cat","embeddable":true,"href":"https:\/\/www.tabakversand.ch\/fr\/wp-json\/wp\/v2\/product_cat?post=72120"},{"taxonomy":"product_tag","embeddable":true,"href":"https:\/\/www.tabakversand.ch\/fr\/wp-json\/wp\/v2\/product_tag?post=72120"}],"curies":[{"name":"wp","href":"https:\/\/api.w.org\/{rel}","templated":true}]}}