{"id":72161,"date":"2022-04-02T10:52:58","date_gmt":"2022-04-02T08:52:58","guid":{"rendered":"http:\/\/www.tabakversand.ch\/produkt\/romeo-y-julieta-club-cigarillos\/"},"modified":"2025-09-03T14:53:03","modified_gmt":"2025-09-03T12:53:03","slug":"romeo-y-julieta-club-cigarillos-5-x-20-pcs","status":"publish","type":"product","link":"https:\/\/www.tabakversand.ch\/fr\/produit\/romeo-y-julieta-club-cigarillos-5-x-20-pcs\/","title":{"rendered":"Romeo y Julieta Club Cigarillos 5 x 20 pcs."},"content":{"rendered":"<p>Romeo y Julieta Club Cigarillos 5 x 20 pcs.<\/p>\n<p>Longueur : 9,6 cm<br \/>\nDiam\u00e8tre : 0,9 cm<br \/>\nEncart : Cuba<br \/>\nCouverture : Cuba<br \/>\nCouverture : Cuba<br \/>\n100% tabac<br \/>\nAr\u00f4me : \u00e9pic\u00e9<\/p>\n<p>Tous les prix s&rsquo;appliquent uniquement aux commandes en ligne et incluent la TVA. Sous r\u00e9serve de modifications sans pr\u00e9avis, frais de livraison en sus. Sous r\u00e9serve d&rsquo;erreurs, de modifications de contenu de livraison et de conception, de fautes d&rsquo;impression et de modifications de prix. Les prix barr\u00e9s sont des prix de remplacement. Les illustrations peuvent diff\u00e9rer de l&rsquo;original\/du contenu de livraison.<br \/>\n*Livraison gratuite pour les commandes sup\u00e9rieures \u00e0 CHF 250.-.<\/p>\n","protected":false},"excerpt":{"rendered":"<p>Romeo y Julieta Club Cigarillos 5 x 20 pcs. Longueur : 9,6 cm Diam\u00e8tre : 0,9 cm Encart : Cuba Couverture : Cuba Couverture : Cuba 100% tabac Ar\u00f4me : \u00e9pic\u00e9 Tous les prix s&rsquo;appliquent uniquement aux commandes en ligne et incluent la TVA. Sous r\u00e9serve de modifications sans pr\u00e9avis, frais de livraison en sus. [&hellip;]<\/p>\n","protected":false},"featured_media":72171,"template":"","meta":[],"product_brand":[1603],"product_cat":[2059,1994],"product_tag":[],"class_list":{"0":"post-72161","1":"product","2":"type-product","3":"status-publish","4":"has-post-thumbnail","6":"product_brand-romeo-y-julieta","7":"product_cat-cigarillos-fr","8":"product_cat-monde-du-cigare","10":"first","11":"onbackorder","12":"purchasable","13":"product-type-simple"},"yoast_head":"<!-- This site is optimized with the Yoast SEO plugin v27.0 - https:\/\/yoast.com\/product\/yoast-seo-wordpress\/ -->\n<title>Romeo y Julieta Club Cigarillos 5 x 20 pcs. - Tabakversand.ch | Alles aus der Welt des Tabaks<\/title>\n<meta name=\"description\" content=\"Romeo y Julieta Club Cigarillos 5 x 20 pcs. | Un tr\u00e8s grand choix de produits du tabac, e-smoke et ustensiles pour fumer dans toute la Suisse | Cartes accept\u00e9es !\" \/>\n<meta name=\"robots\" content=\"index, follow, max-snippet:-1, max-image-preview:large, max-video-preview:-1\" \/>\n<link rel=\"canonical\" href=\"https:\/\/www.tabakversand.ch\/fr\/produit\/romeo-y-julieta-club-cigarillos-5-x-20-pcs\/\" \/>\n<meta property=\"og:locale\" content=\"fr_FR\" \/>\n<meta property=\"og:type\" content=\"article\" \/>\n<meta property=\"og:title\" content=\"Romeo y Julieta Club Cigarillos 5 x 20 pcs. - Tabakversand.ch | Alles aus der Welt des Tabaks\" \/>\n<meta property=\"og:description\" content=\"Romeo y Julieta Club Cigarillos 5 x 20 pcs. | Un tr\u00e8s grand choix de produits du tabac, e-smoke et ustensiles pour fumer dans toute la Suisse | Cartes accept\u00e9es !\" \/>\n<meta property=\"og:url\" content=\"https:\/\/www.tabakversand.ch\/fr\/produit\/romeo-y-julieta-club-cigarillos-5-x-20-pcs\/\" \/>\n<meta property=\"og:site_name\" content=\"Tabakversand.ch | Alles aus der Welt des Tabaks\" \/>\n<meta property=\"article:modified_time\" content=\"2025-09-03T12:53:03+00:00\" \/>\n<meta property=\"og:image\" content=\"http:\/\/www.tabakversand.ch\/wp-content\/uploads\/2022\/03\/romeo-y-julieta-club.jpg\" \/>\n\t<meta property=\"og:image:width\" content=\"500\" \/>\n\t<meta property=\"og:image:height\" content=\"500\" \/>\n\t<meta property=\"og:image:type\" content=\"image\/jpeg\" \/>\n<meta name=\"twitter:card\" content=\"summary_large_image\" \/>\n<meta name=\"twitter:label1\" content=\"Dur\u00e9e de lecture estim\u00e9e\" \/>\n\t<meta name=\"twitter:data1\" content=\"1 minute\" \/>\n<script type=\"application\/ld+json\" class=\"yoast-schema-graph\">{\"@context\":\"https:\/\/schema.org\",\"@graph\":[{\"@type\":\"WebPage\",\"@id\":\"https:\/\/www.tabakversand.ch\/fr\/produit\/romeo-y-julieta-club-cigarillos-5-x-20-pcs\/\",\"url\":\"https:\/\/www.tabakversand.ch\/fr\/produit\/romeo-y-julieta-club-cigarillos-5-x-20-pcs\/\",\"name\":\"Romeo y Julieta Club Cigarillos 5 x 20 pcs. - Tabakversand.ch | Alles aus der Welt des Tabaks\",\"isPartOf\":{\"@id\":\"https:\/\/www.tabakversand.ch\/#website\"},\"primaryImageOfPage\":{\"@id\":\"https:\/\/www.tabakversand.ch\/fr\/produit\/romeo-y-julieta-club-cigarillos-5-x-20-pcs\/#primaryimage\"},\"image\":{\"@id\":\"https:\/\/www.tabakversand.ch\/fr\/produit\/romeo-y-julieta-club-cigarillos-5-x-20-pcs\/#primaryimage\"},\"thumbnailUrl\":\"https:\/\/www.tabakversand.ch\/wp-content\/uploads\/2022\/03\/romeo-y-julieta-club.jpg\",\"datePublished\":\"2022-04-02T08:52:58+00:00\",\"dateModified\":\"2025-09-03T12:53:03+00:00\",\"description\":\"Romeo y Julieta Club Cigarillos 5 x 20 pcs. | Un tr\u00e8s grand choix de produits du tabac, e-smoke et ustensiles pour fumer dans toute la Suisse | Cartes accept\u00e9es !\",\"breadcrumb\":{\"@id\":\"https:\/\/www.tabakversand.ch\/fr\/produit\/romeo-y-julieta-club-cigarillos-5-x-20-pcs\/#breadcrumb\"},\"inLanguage\":\"fr-FR\",\"potentialAction\":[{\"@type\":\"ReadAction\",\"target\":[\"https:\/\/www.tabakversand.ch\/fr\/produit\/romeo-y-julieta-club-cigarillos-5-x-20-pcs\/\"]}]},{\"@type\":\"ImageObject\",\"inLanguage\":\"fr-FR\",\"@id\":\"https:\/\/www.tabakversand.ch\/fr\/produit\/romeo-y-julieta-club-cigarillos-5-x-20-pcs\/#primaryimage\",\"url\":\"https:\/\/www.tabakversand.ch\/wp-content\/uploads\/2022\/03\/romeo-y-julieta-club.jpg\",\"contentUrl\":\"https:\/\/www.tabakversand.ch\/wp-content\/uploads\/2022\/03\/romeo-y-julieta-club.jpg\",\"width\":500,\"height\":500,\"caption\":\"Romeo y Julieta Club Cigarillos\"},{\"@type\":\"BreadcrumbList\",\"@id\":\"https:\/\/www.tabakversand.ch\/fr\/produit\/romeo-y-julieta-club-cigarillos-5-x-20-pcs\/#breadcrumb\",\"itemListElement\":[{\"@type\":\"ListItem\",\"position\":1,\"name\":\"Startseite\",\"item\":\"https:\/\/www.tabakversand.ch\/\"},{\"@type\":\"ListItem\",\"position\":2,\"name\":\"Boutique\",\"item\":\"https:\/\/www.tabakversand.ch\/fr\/boutique\/\"},{\"@type\":\"ListItem\",\"position\":3,\"name\":\"Romeo y Julieta Club Cigarillos 5 x 20 pcs.\"}]},{\"@type\":\"WebSite\",\"@id\":\"https:\/\/www.tabakversand.ch\/#website\",\"url\":\"https:\/\/www.tabakversand.ch\/\",\"name\":\"Tabakversand.ch | Alles aus der Welt des Tabaks\",\"description\":\"Smoke and carpe diem\",\"potentialAction\":[{\"@type\":\"SearchAction\",\"target\":{\"@type\":\"EntryPoint\",\"urlTemplate\":\"https:\/\/www.tabakversand.ch\/?s={search_term_string}\"},\"query-input\":{\"@type\":\"PropertyValueSpecification\",\"valueRequired\":true,\"valueName\":\"search_term_string\"}}],\"inLanguage\":\"fr-FR\"}]}<\/script>\n<!-- \/ Yoast SEO plugin. -->","yoast_head_json":{"title":"Romeo y Julieta Club Cigarillos 5 x 20 pcs. - Tabakversand.ch | Alles aus der Welt des Tabaks","description":"Romeo y Julieta Club Cigarillos 5 x 20 pcs. | Un tr\u00e8s grand choix de produits du tabac, e-smoke et ustensiles pour fumer dans toute la Suisse | Cartes accept\u00e9es !","robots":{"index":"index","follow":"follow","max-snippet":"max-snippet:-1","max-image-preview":"max-image-preview:large","max-video-preview":"max-video-preview:-1"},"canonical":"https:\/\/www.tabakversand.ch\/fr\/produit\/romeo-y-julieta-club-cigarillos-5-x-20-pcs\/","og_locale":"fr_FR","og_type":"article","og_title":"Romeo y Julieta Club Cigarillos 5 x 20 pcs. - Tabakversand.ch | Alles aus der Welt des Tabaks","og_description":"Romeo y Julieta Club Cigarillos 5 x 20 pcs. | Un tr\u00e8s grand choix de produits du tabac, e-smoke et ustensiles pour fumer dans toute la Suisse | Cartes accept\u00e9es !","og_url":"https:\/\/www.tabakversand.ch\/fr\/produit\/romeo-y-julieta-club-cigarillos-5-x-20-pcs\/","og_site_name":"Tabakversand.ch | Alles aus der Welt des Tabaks","article_modified_time":"2025-09-03T12:53:03+00:00","og_image":[{"width":500,"height":500,"url":"http:\/\/www.tabakversand.ch\/wp-content\/uploads\/2022\/03\/romeo-y-julieta-club.jpg","type":"image\/jpeg"}],"twitter_card":"summary_large_image","twitter_misc":{"Dur\u00e9e de lecture estim\u00e9e":"1 minute"},"schema":{"@context":"https:\/\/schema.org","@graph":[{"@type":"WebPage","@id":"https:\/\/www.tabakversand.ch\/fr\/produit\/romeo-y-julieta-club-cigarillos-5-x-20-pcs\/","url":"https:\/\/www.tabakversand.ch\/fr\/produit\/romeo-y-julieta-club-cigarillos-5-x-20-pcs\/","name":"Romeo y Julieta Club Cigarillos 5 x 20 pcs. - Tabakversand.ch | Alles aus der Welt des Tabaks","isPartOf":{"@id":"https:\/\/www.tabakversand.ch\/#website"},"primaryImageOfPage":{"@id":"https:\/\/www.tabakversand.ch\/fr\/produit\/romeo-y-julieta-club-cigarillos-5-x-20-pcs\/#primaryimage"},"image":{"@id":"https:\/\/www.tabakversand.ch\/fr\/produit\/romeo-y-julieta-club-cigarillos-5-x-20-pcs\/#primaryimage"},"thumbnailUrl":"https:\/\/www.tabakversand.ch\/wp-content\/uploads\/2022\/03\/romeo-y-julieta-club.jpg","datePublished":"2022-04-02T08:52:58+00:00","dateModified":"2025-09-03T12:53:03+00:00","description":"Romeo y Julieta Club Cigarillos 5 x 20 pcs. | Un tr\u00e8s grand choix de produits du tabac, e-smoke et ustensiles pour fumer dans toute la Suisse | Cartes accept\u00e9es !","breadcrumb":{"@id":"https:\/\/www.tabakversand.ch\/fr\/produit\/romeo-y-julieta-club-cigarillos-5-x-20-pcs\/#breadcrumb"},"inLanguage":"fr-FR","potentialAction":[{"@type":"ReadAction","target":["https:\/\/www.tabakversand.ch\/fr\/produit\/romeo-y-julieta-club-cigarillos-5-x-20-pcs\/"]}]},{"@type":"ImageObject","inLanguage":"fr-FR","@id":"https:\/\/www.tabakversand.ch\/fr\/produit\/romeo-y-julieta-club-cigarillos-5-x-20-pcs\/#primaryimage","url":"https:\/\/www.tabakversand.ch\/wp-content\/uploads\/2022\/03\/romeo-y-julieta-club.jpg","contentUrl":"https:\/\/www.tabakversand.ch\/wp-content\/uploads\/2022\/03\/romeo-y-julieta-club.jpg","width":500,"height":500,"caption":"Romeo y Julieta Club Cigarillos"},{"@type":"BreadcrumbList","@id":"https:\/\/www.tabakversand.ch\/fr\/produit\/romeo-y-julieta-club-cigarillos-5-x-20-pcs\/#breadcrumb","itemListElement":[{"@type":"ListItem","position":1,"name":"Startseite","item":"https:\/\/www.tabakversand.ch\/"},{"@type":"ListItem","position":2,"name":"Boutique","item":"https:\/\/www.tabakversand.ch\/fr\/boutique\/"},{"@type":"ListItem","position":3,"name":"Romeo y Julieta Club Cigarillos 5 x 20 pcs."}]},{"@type":"WebSite","@id":"https:\/\/www.tabakversand.ch\/#website","url":"https:\/\/www.tabakversand.ch\/","name":"Tabakversand.ch | Alles aus der Welt des Tabaks","description":"Smoke and carpe diem","potentialAction":[{"@type":"SearchAction","target":{"@type":"EntryPoint","urlTemplate":"https:\/\/www.tabakversand.ch\/?s={search_term_string}"},"query-input":{"@type":"PropertyValueSpecification","valueRequired":true,"valueName":"search_term_string"}}],"inLanguage":"fr-FR"}]}},"_links":{"self":[{"href":"https:\/\/www.tabakversand.ch\/fr\/wp-json\/wp\/v2\/product\/72161","targetHints":{"allow":["GET"]}}],"collection":[{"href":"https:\/\/www.tabakversand.ch\/fr\/wp-json\/wp\/v2\/product"}],"about":[{"href":"https:\/\/www.tabakversand.ch\/fr\/wp-json\/wp\/v2\/types\/product"}],"version-history":[{"count":4,"href":"https:\/\/www.tabakversand.ch\/fr\/wp-json\/wp\/v2\/product\/72161\/revisions"}],"predecessor-version":[{"id":197413,"href":"https:\/\/www.tabakversand.ch\/fr\/wp-json\/wp\/v2\/product\/72161\/revisions\/197413"}],"wp:featuredmedia":[{"embeddable":true,"href":"https:\/\/www.tabakversand.ch\/fr\/wp-json\/wp\/v2\/media\/72171"}],"wp:attachment":[{"href":"https:\/\/www.tabakversand.ch\/fr\/wp-json\/wp\/v2\/media?parent=72161"}],"wp:term":[{"taxonomy":"product_brand","embeddable":true,"href":"https:\/\/www.tabakversand.ch\/fr\/wp-json\/wp\/v2\/product_brand?post=72161"},{"taxonomy":"product_cat","embeddable":true,"href":"https:\/\/www.tabakversand.ch\/fr\/wp-json\/wp\/v2\/product_cat?post=72161"},{"taxonomy":"product_tag","embeddable":true,"href":"https:\/\/www.tabakversand.ch\/fr\/wp-json\/wp\/v2\/product_tag?post=72161"}],"curies":[{"name":"wp","href":"https:\/\/api.w.org\/{rel}","templated":true}]}}