{"id":72176,"date":"2022-04-02T10:52:58","date_gmt":"2022-04-02T08:52:58","guid":{"rendered":"http:\/\/www.tabakversand.ch\/produkt\/montecristo-mini-20-etui-cigarillos\/"},"modified":"2026-04-22T11:52:53","modified_gmt":"2026-04-22T09:52:53","slug":"montecristo-mini-cigarillos","status":"publish","type":"product","link":"https:\/\/www.tabakversand.ch\/fr\/produit\/montecristo-mini-cigarillos\/","title":{"rendered":"Montecristo Mini 5 x 20 pi\u00e8ces."},"content":{"rendered":"<h3>Mini Cigarillos Montecristo \u2013 Le plaisir cubain en format pratique<\/h3>\n<p>Les mini-cigarillos Montecristo incarnent le v\u00e9ritable plaisir du tabac cubain dans un format compact. Avec leur ar\u00f4me \u00e9pic\u00e9 caract\u00e9ristique et leur fabrication de haute qualit\u00e9, ils offrent une exp\u00e9rience de fumage intense, id\u00e9ale pour ceux qui ne veulent faire aucun compromis sur la qualit\u00e9, m\u00eame lorsque le temps est compt\u00e9. L&rsquo;alliance du tabac de remplissage, de la sous-cape et de la cape cubains garantit un go\u00fbt authentique qui s\u00e9duit les connaisseurs du monde entier.<\/p>\n<h5>Tabac 100 % cubain \u2013 une qualit\u00e9 qui se go\u00fbte<\/h5>\n<p>Ces cigarillos sont fabriqu\u00e9s \u00e0 partir de tabac 100 % cubain et t\u00e9moignent du savoir-faire ancestral qui fait la renomm\u00e9e des produits du tabac cubains. La s\u00e9lection rigoureuse des feuilles de tabac et une fabrication pr\u00e9cise garantissent une combustion uniforme et un ar\u00f4me riche et intense.<\/p>\n<h5>Ar\u00f4me \u00e9pic\u00e9 pour un plaisir intense<\/h5>\n<p>Les mini-cigarillos Montecristo se caract\u00e9risent par leur saveur plut\u00f4t \u00e9pic\u00e9e. Ils offrent une intensit\u00e9 agr\u00e9able sans \u00eatre trop forts \u2013 parfaits pour les fumeurs exp\u00e9riment\u00e9s et tous ceux qui appr\u00e9cient un caract\u00e8re plus affirm\u00e9. Malgr\u00e9 leur petite taille, ils d\u00e9voilent un bouquet d&rsquo;ar\u00f4mes d&rsquo;une complexit\u00e9 surprenante.<\/p>\n<h5>Format compact \u2013 id\u00e9al pour les d\u00e9placements<\/h5>\n<p>Mesurant 8 cm de long et 0,8 cm de diam\u00e8tre, ces mini cigarillos sont parfaits pour une pause gourmande. Que ce soit pendant une pause, en d\u00e9placement ou pour accompagner un verre, ils offrent une grande polyvalence et une qualit\u00e9 constante.<\/p>\n<h5>Pack pratique de 5 x 20<\/h5>\n<p>La livraison comprend un lot de 5 \u00e9tuis, contenant chacun 20 cigarillos, pour que vous soyez toujours bien approvisionn\u00e9. Pratiques, ces \u00e9tuis offrent une protection optimale aux cigarillos, pr\u00e9servant ainsi leur fra\u00eecheur et leur ar\u00f4me plus longtemps.<\/p>\n<p>Avec les mini-cigarillos Montecristo, vous choisissez un produit haut de gamme qui allie \u00e0 la perfection tradition cubaine, go\u00fbt intense et facilit\u00e9 d&rsquo;utilisation.<\/p>\n<p>Chez tabakversand.ch, vos cigarillos Montecristo Mini vous sont livr\u00e9s dans leur emballage d&rsquo;origine, parfaitement conserv\u00e9s. Un stockage soign\u00e9 garantit une pr\u00e9servation optimale de leur ar\u00f4me, de leur humidit\u00e9 et de leur qualit\u00e9 jusqu&rsquo;\u00e0 l&rsquo;exp\u00e9dition. Gr\u00e2ce \u00e0 une livraison rapide en Suisse, vos cigarillos arrivent g\u00e9n\u00e9ralement tr\u00e8s vite.<\/p>\n<p>Pour plus d&rsquo;informations sur le fabricant Montecristo, veuillez consulter l&rsquo;article Wikip\u00e9dia correspondant\u00a0: <a href=\"https:\/\/de.wikipedia.org\/wiki\/Montecristo_(Zigarre)\">cliquez ici<\/a> . Si vous avez des questions concernant le produit, n&rsquo;h\u00e9sitez pas \u00e0 nous contacter\u00a0: <a href=\"https:\/\/www.tabakversand.ch\/kontakt\/\">cliquez ici<\/a> .<\/p>\n<p>Tous les prix indiqu\u00e9s sont valables uniquement pour les commandes en ligne, TVA incluse, et peuvent \u00eatre modifi\u00e9s sans pr\u00e9avis. Les frais de port sont en sus. Sous r\u00e9serve d&rsquo;erreurs, de modifications de l&rsquo;\u00e9tendue de la livraison et de la conception, d&rsquo;erreurs d&rsquo;impression et de modifications de prix. Les prix barr\u00e9s sont plut\u00f4t des prix. L&rsquo;illustration peut diff\u00e9rer de l&rsquo;original\/de l&rsquo;\u00e9tendue de la livraison.<br \/>\n*Livraison gratuite pour les commandes sup\u00e9rieures \u00e0 CHF 250.-.<\/p>\n","protected":false},"excerpt":{"rendered":"<p>Mini Cigarillos Montecristo \u2013 Le plaisir cubain en format pratique Les mini-cigarillos Montecristo incarnent le v\u00e9ritable plaisir du tabac cubain dans un format compact. Avec leur ar\u00f4me \u00e9pic\u00e9 caract\u00e9ristique et leur fabrication de haute qualit\u00e9, ils offrent une exp\u00e9rience de fumage intense, id\u00e9ale pour ceux qui ne veulent faire aucun compromis sur la qualit\u00e9, m\u00eame [&hellip;]<\/p>\n","protected":false},"featured_media":218430,"template":"","meta":[],"product_brand":[1497],"product_cat":[1994,2059],"product_tag":[],"class_list":{"0":"post-72176","1":"product","2":"type-product","3":"status-publish","4":"has-post-thumbnail","6":"product_brand-montecristo","7":"product_cat-monde-du-cigare","8":"product_cat-cigarillos-fr","10":"first","11":"onbackorder","12":"purchasable","13":"product-type-simple"},"yoast_head":"<!-- This site is optimized with the Yoast SEO plugin v27.0 - https:\/\/yoast.com\/product\/yoast-seo-wordpress\/ -->\n<title>Cigarillos Montecristo Mini 5x20 \u2013 Achetez des mini-cigares cubains<\/title>\n<meta name=\"description\" content=\"Cigarillos Montecristo Mini - 100 % tabac cubain, ar\u00f4me \u00e9pic\u00e9, format id\u00e9al pour une pause rapide. Commandez en ligne d\u00e8s maintenant !\" \/>\n<meta name=\"robots\" content=\"index, follow, max-snippet:-1, max-image-preview:large, max-video-preview:-1\" \/>\n<link rel=\"canonical\" href=\"https:\/\/www.tabakversand.ch\/fr\/produit\/montecristo-mini-cigarillos\/\" \/>\n<meta property=\"og:locale\" content=\"fr_FR\" \/>\n<meta property=\"og:type\" content=\"article\" \/>\n<meta property=\"og:title\" content=\"Cigarillos Montecristo Mini 5x20 \u2013 Achetez des mini-cigares cubains\" \/>\n<meta property=\"og:description\" content=\"Cigarillos Montecristo Mini - 100 % tabac cubain, ar\u00f4me \u00e9pic\u00e9, format id\u00e9al pour une pause rapide. Commandez en ligne d\u00e8s maintenant !\" \/>\n<meta property=\"og:url\" content=\"https:\/\/www.tabakversand.ch\/fr\/produit\/montecristo-mini-cigarillos\/\" \/>\n<meta property=\"og:site_name\" content=\"Tabakversand.ch | Alles aus der Welt des Tabaks\" \/>\n<meta property=\"article:modified_time\" content=\"2026-04-22T09:52:53+00:00\" \/>\n<meta property=\"og:image\" content=\"https:\/\/www.tabakversand.ch\/wp-content\/uploads\/2022\/04\/montecristo-mini_.jpg\" \/>\n\t<meta property=\"og:image:width\" content=\"500\" \/>\n\t<meta property=\"og:image:height\" content=\"500\" \/>\n\t<meta property=\"og:image:type\" content=\"image\/jpeg\" \/>\n<meta name=\"twitter:card\" content=\"summary_large_image\" \/>\n<meta name=\"twitter:label1\" content=\"Dur\u00e9e de lecture estim\u00e9e\" \/>\n\t<meta name=\"twitter:data1\" content=\"3 minutes\" \/>\n<script type=\"application\/ld+json\" class=\"yoast-schema-graph\">{\"@context\":\"https:\/\/schema.org\",\"@graph\":[{\"@type\":\"WebPage\",\"@id\":\"https:\/\/www.tabakversand.ch\/fr\/produit\/montecristo-mini-cigarillos\/\",\"url\":\"https:\/\/www.tabakversand.ch\/fr\/produit\/montecristo-mini-cigarillos\/\",\"name\":\"Cigarillos Montecristo Mini 5x20 \u2013 Achetez des mini-cigares cubains\",\"isPartOf\":{\"@id\":\"https:\/\/www.tabakversand.ch\/#website\"},\"primaryImageOfPage\":{\"@id\":\"https:\/\/www.tabakversand.ch\/fr\/produit\/montecristo-mini-cigarillos\/#primaryimage\"},\"image\":{\"@id\":\"https:\/\/www.tabakversand.ch\/fr\/produit\/montecristo-mini-cigarillos\/#primaryimage\"},\"thumbnailUrl\":\"https:\/\/www.tabakversand.ch\/wp-content\/uploads\/2022\/04\/montecristo-mini_.jpg\",\"datePublished\":\"2022-04-02T08:52:58+00:00\",\"dateModified\":\"2026-04-22T09:52:53+00:00\",\"description\":\"Cigarillos Montecristo Mini - 100 % tabac cubain, ar\u00f4me \u00e9pic\u00e9, format id\u00e9al pour une pause rapide. Commandez en ligne d\u00e8s maintenant !\",\"breadcrumb\":{\"@id\":\"https:\/\/www.tabakversand.ch\/fr\/produit\/montecristo-mini-cigarillos\/#breadcrumb\"},\"inLanguage\":\"fr-FR\",\"potentialAction\":[{\"@type\":\"ReadAction\",\"target\":[\"https:\/\/www.tabakversand.ch\/fr\/produit\/montecristo-mini-cigarillos\/\"]}]},{\"@type\":\"ImageObject\",\"inLanguage\":\"fr-FR\",\"@id\":\"https:\/\/www.tabakversand.ch\/fr\/produit\/montecristo-mini-cigarillos\/#primaryimage\",\"url\":\"https:\/\/www.tabakversand.ch\/wp-content\/uploads\/2022\/04\/montecristo-mini_.jpg\",\"contentUrl\":\"https:\/\/www.tabakversand.ch\/wp-content\/uploads\/2022\/04\/montecristo-mini_.jpg\",\"width\":500,\"height\":500,\"caption\":\"Montecristo Mini Zigarillos\"},{\"@type\":\"BreadcrumbList\",\"@id\":\"https:\/\/www.tabakversand.ch\/fr\/produit\/montecristo-mini-cigarillos\/#breadcrumb\",\"itemListElement\":[{\"@type\":\"ListItem\",\"position\":1,\"name\":\"Startseite\",\"item\":\"https:\/\/www.tabakversand.ch\/\"},{\"@type\":\"ListItem\",\"position\":2,\"name\":\"Boutique\",\"item\":\"https:\/\/www.tabakversand.ch\/fr\/boutique\/\"},{\"@type\":\"ListItem\",\"position\":3,\"name\":\"Montecristo Mini 5 x 20 pi\u00e8ces.\"}]},{\"@type\":\"WebSite\",\"@id\":\"https:\/\/www.tabakversand.ch\/#website\",\"url\":\"https:\/\/www.tabakversand.ch\/\",\"name\":\"Tabakversand.ch | Alles aus der Welt des Tabaks\",\"description\":\"Smoke and carpe diem\",\"potentialAction\":[{\"@type\":\"SearchAction\",\"target\":{\"@type\":\"EntryPoint\",\"urlTemplate\":\"https:\/\/www.tabakversand.ch\/?s={search_term_string}\"},\"query-input\":{\"@type\":\"PropertyValueSpecification\",\"valueRequired\":true,\"valueName\":\"search_term_string\"}}],\"inLanguage\":\"fr-FR\"}]}<\/script>\n<!-- \/ Yoast SEO plugin. -->","yoast_head_json":{"title":"Cigarillos Montecristo Mini 5x20 \u2013 Achetez des mini-cigares cubains","description":"Cigarillos Montecristo Mini - 100 % tabac cubain, ar\u00f4me \u00e9pic\u00e9, format id\u00e9al pour une pause rapide. Commandez en ligne d\u00e8s maintenant !","robots":{"index":"index","follow":"follow","max-snippet":"max-snippet:-1","max-image-preview":"max-image-preview:large","max-video-preview":"max-video-preview:-1"},"canonical":"https:\/\/www.tabakversand.ch\/fr\/produit\/montecristo-mini-cigarillos\/","og_locale":"fr_FR","og_type":"article","og_title":"Cigarillos Montecristo Mini 5x20 \u2013 Achetez des mini-cigares cubains","og_description":"Cigarillos Montecristo Mini - 100 % tabac cubain, ar\u00f4me \u00e9pic\u00e9, format id\u00e9al pour une pause rapide. Commandez en ligne d\u00e8s maintenant !","og_url":"https:\/\/www.tabakversand.ch\/fr\/produit\/montecristo-mini-cigarillos\/","og_site_name":"Tabakversand.ch | Alles aus der Welt des Tabaks","article_modified_time":"2026-04-22T09:52:53+00:00","og_image":[{"width":500,"height":500,"url":"https:\/\/www.tabakversand.ch\/wp-content\/uploads\/2022\/04\/montecristo-mini_.jpg","type":"image\/jpeg"}],"twitter_card":"summary_large_image","twitter_misc":{"Dur\u00e9e de lecture estim\u00e9e":"3 minutes"},"schema":{"@context":"https:\/\/schema.org","@graph":[{"@type":"WebPage","@id":"https:\/\/www.tabakversand.ch\/fr\/produit\/montecristo-mini-cigarillos\/","url":"https:\/\/www.tabakversand.ch\/fr\/produit\/montecristo-mini-cigarillos\/","name":"Cigarillos Montecristo Mini 5x20 \u2013 Achetez des mini-cigares cubains","isPartOf":{"@id":"https:\/\/www.tabakversand.ch\/#website"},"primaryImageOfPage":{"@id":"https:\/\/www.tabakversand.ch\/fr\/produit\/montecristo-mini-cigarillos\/#primaryimage"},"image":{"@id":"https:\/\/www.tabakversand.ch\/fr\/produit\/montecristo-mini-cigarillos\/#primaryimage"},"thumbnailUrl":"https:\/\/www.tabakversand.ch\/wp-content\/uploads\/2022\/04\/montecristo-mini_.jpg","datePublished":"2022-04-02T08:52:58+00:00","dateModified":"2026-04-22T09:52:53+00:00","description":"Cigarillos Montecristo Mini - 100 % tabac cubain, ar\u00f4me \u00e9pic\u00e9, format id\u00e9al pour une pause rapide. Commandez en ligne d\u00e8s maintenant !","breadcrumb":{"@id":"https:\/\/www.tabakversand.ch\/fr\/produit\/montecristo-mini-cigarillos\/#breadcrumb"},"inLanguage":"fr-FR","potentialAction":[{"@type":"ReadAction","target":["https:\/\/www.tabakversand.ch\/fr\/produit\/montecristo-mini-cigarillos\/"]}]},{"@type":"ImageObject","inLanguage":"fr-FR","@id":"https:\/\/www.tabakversand.ch\/fr\/produit\/montecristo-mini-cigarillos\/#primaryimage","url":"https:\/\/www.tabakversand.ch\/wp-content\/uploads\/2022\/04\/montecristo-mini_.jpg","contentUrl":"https:\/\/www.tabakversand.ch\/wp-content\/uploads\/2022\/04\/montecristo-mini_.jpg","width":500,"height":500,"caption":"Montecristo Mini Zigarillos"},{"@type":"BreadcrumbList","@id":"https:\/\/www.tabakversand.ch\/fr\/produit\/montecristo-mini-cigarillos\/#breadcrumb","itemListElement":[{"@type":"ListItem","position":1,"name":"Startseite","item":"https:\/\/www.tabakversand.ch\/"},{"@type":"ListItem","position":2,"name":"Boutique","item":"https:\/\/www.tabakversand.ch\/fr\/boutique\/"},{"@type":"ListItem","position":3,"name":"Montecristo Mini 5 x 20 pi\u00e8ces."}]},{"@type":"WebSite","@id":"https:\/\/www.tabakversand.ch\/#website","url":"https:\/\/www.tabakversand.ch\/","name":"Tabakversand.ch | Alles aus der Welt des Tabaks","description":"Smoke and carpe diem","potentialAction":[{"@type":"SearchAction","target":{"@type":"EntryPoint","urlTemplate":"https:\/\/www.tabakversand.ch\/?s={search_term_string}"},"query-input":{"@type":"PropertyValueSpecification","valueRequired":true,"valueName":"search_term_string"}}],"inLanguage":"fr-FR"}]}},"_links":{"self":[{"href":"https:\/\/www.tabakversand.ch\/fr\/wp-json\/wp\/v2\/product\/72176","targetHints":{"allow":["GET"]}}],"collection":[{"href":"https:\/\/www.tabakversand.ch\/fr\/wp-json\/wp\/v2\/product"}],"about":[{"href":"https:\/\/www.tabakversand.ch\/fr\/wp-json\/wp\/v2\/types\/product"}],"version-history":[{"count":4,"href":"https:\/\/www.tabakversand.ch\/fr\/wp-json\/wp\/v2\/product\/72176\/revisions"}],"predecessor-version":[{"id":218437,"href":"https:\/\/www.tabakversand.ch\/fr\/wp-json\/wp\/v2\/product\/72176\/revisions\/218437"}],"wp:featuredmedia":[{"embeddable":true,"href":"https:\/\/www.tabakversand.ch\/fr\/wp-json\/wp\/v2\/media\/218430"}],"wp:attachment":[{"href":"https:\/\/www.tabakversand.ch\/fr\/wp-json\/wp\/v2\/media?parent=72176"}],"wp:term":[{"taxonomy":"product_brand","embeddable":true,"href":"https:\/\/www.tabakversand.ch\/fr\/wp-json\/wp\/v2\/product_brand?post=72176"},{"taxonomy":"product_cat","embeddable":true,"href":"https:\/\/www.tabakversand.ch\/fr\/wp-json\/wp\/v2\/product_cat?post=72176"},{"taxonomy":"product_tag","embeddable":true,"href":"https:\/\/www.tabakversand.ch\/fr\/wp-json\/wp\/v2\/product_tag?post=72176"}],"curies":[{"name":"wp","href":"https:\/\/api.w.org\/{rel}","templated":true}]}}