{"id":72206,"date":"2022-04-02T10:52:58","date_gmt":"2022-04-02T08:52:58","guid":{"rendered":"http:\/\/www.tabakversand.ch\/produkt\/de-olifant-fantje-10-er-kiste-cigarillos\/"},"modified":"2026-01-13T11:54:42","modified_gmt":"2026-01-13T10:54:42","slug":"de-olifant-fantje-1-x-10-pieces","status":"publish","type":"product","link":"https:\/\/www.tabakversand.ch\/fr\/produit\/de-olifant-fantje-1-x-10-pieces\/","title":{"rendered":"De Olifant Fantje 1 x 10 pi\u00e8ces."},"content":{"rendered":"<p>De Olifant Fantje 1 x 10 pi\u00e8ces.<\/p>\n<p>La soci\u00e9t\u00e9 n\u00e9erlandaise De Olifant fabrique des cigares depuis 1832. Propri\u00e9taire: Thomas Klaphke<\/p>\n<p>Les cigares De Olifant Classic impressionnent par leur assemblage exceptionnel de jusqu&rsquo;\u00e0 20 tabacs diff\u00e9rents, cr\u00e9ant un \u00e9quilibre parfait entre \u00e9pices, douceur et fra\u00eecheur. Envelopp\u00e9s d&rsquo;une rare cape de Sumatra, ils d\u00e9voilent de d\u00e9licates notes de c\u00e8dre et de camomille, rehauss\u00e9es de poivre blanc et de chocolat noir. Pr\u00e9sent\u00e9s dans d&rsquo;\u00e9l\u00e9gants coffrets en bois de c\u00e8dre, ils offrent une exp\u00e9rience gustative unique d\u00e8s leur maturation.  <\/p>\n<table width=\"42%\">\n<tbody>\n<tr>\n<td width=\"59%\">\u25c4\u25ba 70 mm<\/td>\n<td width=\"40%\">\u00d8 8,5 mm<\/td>\n<\/tr>\n<\/tbody>\n<\/table>\n<p>&nbsp;<\/p>\n<table width=\"100%\">\n<tbody>\n<tr>\n<td width=\"24%\">Ins\u00e9rer:<\/td>\n<td width=\"75%\">Java et Sumatra, Cuba et Br\u00e9sil<\/td>\n<\/tr>\n<tr>\n<td width=\"24%\">Survol de la page&nbsp;:<\/td>\n<td width=\"75%\">Java Besuki, Indon\u00e9sie<\/td>\n<\/tr>\n<tr>\n<td width=\"24%\">Page de couverture :<\/td>\n<td width=\"75%\">Feuille de sable originale de Sumatra<\/td>\n<\/tr>\n<\/tbody>\n<\/table>\n<p>&nbsp;<\/p>\n<table width=\"100%\">\n<tbody>\n<tr>\n<td width=\"24%\">Go\u00fbter:<\/td>\n<td width=\"75%\">D\u00e9licates notes de c\u00e8dre et de caramel, de poivre blanc et de chocolat noir. Parfaitement harmonieux. <\/td>\n<\/tr>\n<\/tbody>\n<\/table>\n<p>Tous les prix s&rsquo;appliquent uniquement aux commandes en ligne et incluent la TVA. Sous r\u00e9serve de modifications sans pr\u00e9avis, frais de livraison en sus. Sous r\u00e9serve d&rsquo;erreurs, de modifications de contenu de livraison et de conception, de fautes d&rsquo;impression et de modifications de prix. Les prix barr\u00e9s sont des prix de remplacement. Les illustrations peuvent diff\u00e9rer de l&rsquo;original\/du contenu de livraison.<br \/>\n*Livraison gratuite pour les commandes sup\u00e9rieures \u00e0 CHF 250.-.<\/p>\n","protected":false},"excerpt":{"rendered":"<p>De Olifant Fantje 1 x 10 pi\u00e8ces. La soci\u00e9t\u00e9 n\u00e9erlandaise De Olifant fabrique des cigares depuis 1832. Propri\u00e9taire: Thomas Klaphke Les cigares De Olifant Classic impressionnent par leur assemblage exceptionnel de jusqu&rsquo;\u00e0 20 tabacs diff\u00e9rents, cr\u00e9ant un \u00e9quilibre parfait entre \u00e9pices, douceur et fra\u00eecheur. Envelopp\u00e9s d&rsquo;une rare cape de Sumatra, ils d\u00e9voilent de d\u00e9licates notes [&hellip;]<\/p>\n","protected":false},"featured_media":208114,"template":"","meta":[],"product_brand":[1627],"product_cat":[1993,5152,1994],"product_tag":[],"class_list":{"0":"post-72206","1":"product","2":"type-product","3":"status-publish","4":"has-post-thumbnail","6":"product_brand-de-olifant","7":"product_cat-cigares","8":"product_cat-hollande","9":"product_cat-monde-du-cigare","11":"first","12":"onbackorder","13":"purchasable","14":"product-type-simple"},"yoast_head":"<!-- This site is optimized with the Yoast SEO plugin v27.5 - https:\/\/yoast.com\/product\/yoast-seo-wordpress\/ -->\n<title>De Olifant Fantje 1 x 10 pi\u00e8ces. - Tabakversand.ch | Alles aus der Welt des Tabaks<\/title>\n<meta name=\"description\" content=\"De Olifant Fantje 1 x 10 pi\u00e8ces. | Un tr\u00e8s grand choix de produits du tabac, e-smoke et ustensiles pour fumer dans toute la Suisse | Cartes accept\u00e9es !\" \/>\n<meta name=\"robots\" content=\"index, follow, max-snippet:-1, max-image-preview:large, max-video-preview:-1\" \/>\n<link rel=\"canonical\" href=\"https:\/\/www.tabakversand.ch\/produit\/de-olifant-fantje-1-x-10-stk\/\" \/>\n<meta property=\"og:locale\" content=\"fr_FR\" \/>\n<meta property=\"og:type\" content=\"article\" \/>\n<meta property=\"og:title\" content=\"De Olifant Fantje 1 x 10 pi\u00e8ces. - Tabakversand.ch | Alles aus der Welt des Tabaks\" \/>\n<meta property=\"og:description\" content=\"De Olifant Fantje 1 x 10 pi\u00e8ces. | Un tr\u00e8s grand choix de produits du tabac, e-smoke et ustensiles pour fumer dans toute la Suisse | Cartes accept\u00e9es !\" \/>\n<meta property=\"og:url\" content=\"https:\/\/www.tabakversand.ch\/produit\/de-olifant-fantje-1-x-10-stk\/\" \/>\n<meta property=\"og:site_name\" content=\"Tabakversand.ch | Alles aus der Welt des Tabaks\" \/>\n<meta property=\"article:modified_time\" content=\"2026-01-13T10:54:42+00:00\" \/>\n<meta property=\"og:image\" content=\"https:\/\/www.tabakversand.ch\/wp-content\/uploads\/2022\/04\/de-olifant-fantie-10-box_.jpg\" \/>\n\t<meta property=\"og:image:width\" content=\"500\" \/>\n\t<meta property=\"og:image:height\" content=\"500\" \/>\n\t<meta property=\"og:image:type\" content=\"image\/jpeg\" \/>\n<meta name=\"twitter:card\" content=\"summary_large_image\" \/>\n<meta name=\"twitter:label1\" content=\"Dur\u00e9e de lecture estim\u00e9e\" \/>\n\t<meta name=\"twitter:data1\" content=\"2 minutes\" \/>\n<script type=\"application\/ld+json\" class=\"yoast-schema-graph\">{\"@context\":\"https:\\\/\\\/schema.org\",\"@graph\":[{\"@type\":\"WebPage\",\"@id\":\"https:\\\/\\\/www.tabakversand.ch\\\/produit\\\/de-olifant-fantje-1-x-10-stk\\\/\",\"url\":\"https:\\\/\\\/www.tabakversand.ch\\\/produit\\\/de-olifant-fantje-1-x-10-stk\\\/\",\"name\":\"De Olifant Fantje 1 x 10 pi\u00e8ces. - Tabakversand.ch | Alles aus der Welt des Tabaks\",\"isPartOf\":{\"@id\":\"https:\\\/\\\/www.tabakversand.ch\\\/#website\"},\"primaryImageOfPage\":{\"@id\":\"https:\\\/\\\/www.tabakversand.ch\\\/produit\\\/de-olifant-fantje-1-x-10-stk\\\/#primaryimage\"},\"image\":{\"@id\":\"https:\\\/\\\/www.tabakversand.ch\\\/produit\\\/de-olifant-fantje-1-x-10-stk\\\/#primaryimage\"},\"thumbnailUrl\":\"https:\\\/\\\/www.tabakversand.ch\\\/wp-content\\\/uploads\\\/2022\\\/04\\\/de-olifant-fantie-10-box_.jpg\",\"datePublished\":\"2022-04-02T08:52:58+00:00\",\"dateModified\":\"2026-01-13T10:54:42+00:00\",\"description\":\"De Olifant Fantje 1 x 10 pi\u00e8ces. | Un tr\u00e8s grand choix de produits du tabac, e-smoke et ustensiles pour fumer dans toute la Suisse | Cartes accept\u00e9es !\",\"breadcrumb\":{\"@id\":\"https:\\\/\\\/www.tabakversand.ch\\\/produit\\\/de-olifant-fantje-1-x-10-stk\\\/#breadcrumb\"},\"inLanguage\":\"fr-FR\",\"potentialAction\":[{\"@type\":\"ReadAction\",\"target\":[\"https:\\\/\\\/www.tabakversand.ch\\\/produit\\\/de-olifant-fantje-1-x-10-stk\\\/\"]}]},{\"@type\":\"ImageObject\",\"inLanguage\":\"fr-FR\",\"@id\":\"https:\\\/\\\/www.tabakversand.ch\\\/produit\\\/de-olifant-fantje-1-x-10-stk\\\/#primaryimage\",\"url\":\"https:\\\/\\\/www.tabakversand.ch\\\/wp-content\\\/uploads\\\/2022\\\/04\\\/de-olifant-fantie-10-box_.jpg\",\"contentUrl\":\"https:\\\/\\\/www.tabakversand.ch\\\/wp-content\\\/uploads\\\/2022\\\/04\\\/de-olifant-fantie-10-box_.jpg\",\"width\":500,\"height\":500,\"caption\":\"De Olifant Fantje bo\u00eete de 10 cigarillos | tabakversand.ch\"},{\"@type\":\"BreadcrumbList\",\"@id\":\"https:\\\/\\\/www.tabakversand.ch\\\/produit\\\/de-olifant-fantje-1-x-10-stk\\\/#breadcrumb\",\"itemListElement\":[{\"@type\":\"ListItem\",\"position\":1,\"name\":\"Startseite\",\"item\":\"https:\\\/\\\/www.tabakversand.ch\\\/\"},{\"@type\":\"ListItem\",\"position\":2,\"name\":\"Boutique\",\"item\":\"https:\\\/\\\/www.tabakversand.ch\\\/fr\\\/boutique\\\/\"},{\"@type\":\"ListItem\",\"position\":3,\"name\":\"De Olifant Fantje 1 x 10 pi\u00e8ces.\"}]},{\"@type\":\"WebSite\",\"@id\":\"https:\\\/\\\/www.tabakversand.ch\\\/#website\",\"url\":\"https:\\\/\\\/www.tabakversand.ch\\\/\",\"name\":\"Tabakversand.ch | Alles aus der Welt des Tabaks\",\"description\":\"Smoke and carpe diem\",\"potentialAction\":[{\"@type\":\"SearchAction\",\"target\":{\"@type\":\"EntryPoint\",\"urlTemplate\":\"https:\\\/\\\/www.tabakversand.ch\\\/?s={search_term_string}\"},\"query-input\":{\"@type\":\"PropertyValueSpecification\",\"valueRequired\":true,\"valueName\":\"search_term_string\"}}],\"inLanguage\":\"fr-FR\"}]}<\/script>\n<!-- \/ Yoast SEO plugin. -->","yoast_head_json":{"title":"De Olifant Fantje 1 x 10 pi\u00e8ces. - Tabakversand.ch | Alles aus der Welt des Tabaks","description":"De Olifant Fantje 1 x 10 pi\u00e8ces. | Un tr\u00e8s grand choix de produits du tabac, e-smoke et ustensiles pour fumer dans toute la Suisse | Cartes accept\u00e9es !","robots":{"index":"index","follow":"follow","max-snippet":"max-snippet:-1","max-image-preview":"max-image-preview:large","max-video-preview":"max-video-preview:-1"},"canonical":"https:\/\/www.tabakversand.ch\/produit\/de-olifant-fantje-1-x-10-stk\/","og_locale":"fr_FR","og_type":"article","og_title":"De Olifant Fantje 1 x 10 pi\u00e8ces. - Tabakversand.ch | Alles aus der Welt des Tabaks","og_description":"De Olifant Fantje 1 x 10 pi\u00e8ces. | Un tr\u00e8s grand choix de produits du tabac, e-smoke et ustensiles pour fumer dans toute la Suisse | Cartes accept\u00e9es !","og_url":"https:\/\/www.tabakversand.ch\/produit\/de-olifant-fantje-1-x-10-stk\/","og_site_name":"Tabakversand.ch | Alles aus der Welt des Tabaks","article_modified_time":"2026-01-13T10:54:42+00:00","og_image":[{"width":500,"height":500,"url":"https:\/\/www.tabakversand.ch\/wp-content\/uploads\/2022\/04\/de-olifant-fantie-10-box_.jpg","type":"image\/jpeg"}],"twitter_card":"summary_large_image","twitter_misc":{"Dur\u00e9e de lecture estim\u00e9e":"2 minutes"},"schema":{"@context":"https:\/\/schema.org","@graph":[{"@type":"WebPage","@id":"https:\/\/www.tabakversand.ch\/produit\/de-olifant-fantje-1-x-10-stk\/","url":"https:\/\/www.tabakversand.ch\/produit\/de-olifant-fantje-1-x-10-stk\/","name":"De Olifant Fantje 1 x 10 pi\u00e8ces. - Tabakversand.ch | Alles aus der Welt des Tabaks","isPartOf":{"@id":"https:\/\/www.tabakversand.ch\/#website"},"primaryImageOfPage":{"@id":"https:\/\/www.tabakversand.ch\/produit\/de-olifant-fantje-1-x-10-stk\/#primaryimage"},"image":{"@id":"https:\/\/www.tabakversand.ch\/produit\/de-olifant-fantje-1-x-10-stk\/#primaryimage"},"thumbnailUrl":"https:\/\/www.tabakversand.ch\/wp-content\/uploads\/2022\/04\/de-olifant-fantie-10-box_.jpg","datePublished":"2022-04-02T08:52:58+00:00","dateModified":"2026-01-13T10:54:42+00:00","description":"De Olifant Fantje 1 x 10 pi\u00e8ces. | Un tr\u00e8s grand choix de produits du tabac, e-smoke et ustensiles pour fumer dans toute la Suisse | Cartes accept\u00e9es !","breadcrumb":{"@id":"https:\/\/www.tabakversand.ch\/produit\/de-olifant-fantje-1-x-10-stk\/#breadcrumb"},"inLanguage":"fr-FR","potentialAction":[{"@type":"ReadAction","target":["https:\/\/www.tabakversand.ch\/produit\/de-olifant-fantje-1-x-10-stk\/"]}]},{"@type":"ImageObject","inLanguage":"fr-FR","@id":"https:\/\/www.tabakversand.ch\/produit\/de-olifant-fantje-1-x-10-stk\/#primaryimage","url":"https:\/\/www.tabakversand.ch\/wp-content\/uploads\/2022\/04\/de-olifant-fantie-10-box_.jpg","contentUrl":"https:\/\/www.tabakversand.ch\/wp-content\/uploads\/2022\/04\/de-olifant-fantie-10-box_.jpg","width":500,"height":500,"caption":"De Olifant Fantje bo\u00eete de 10 cigarillos | tabakversand.ch"},{"@type":"BreadcrumbList","@id":"https:\/\/www.tabakversand.ch\/produit\/de-olifant-fantje-1-x-10-stk\/#breadcrumb","itemListElement":[{"@type":"ListItem","position":1,"name":"Startseite","item":"https:\/\/www.tabakversand.ch\/"},{"@type":"ListItem","position":2,"name":"Boutique","item":"https:\/\/www.tabakversand.ch\/fr\/boutique\/"},{"@type":"ListItem","position":3,"name":"De Olifant Fantje 1 x 10 pi\u00e8ces."}]},{"@type":"WebSite","@id":"https:\/\/www.tabakversand.ch\/#website","url":"https:\/\/www.tabakversand.ch\/","name":"Tabakversand.ch | Alles aus der Welt des Tabaks","description":"Smoke and carpe diem","potentialAction":[{"@type":"SearchAction","target":{"@type":"EntryPoint","urlTemplate":"https:\/\/www.tabakversand.ch\/?s={search_term_string}"},"query-input":{"@type":"PropertyValueSpecification","valueRequired":true,"valueName":"search_term_string"}}],"inLanguage":"fr-FR"}]}},"_links":{"self":[{"href":"https:\/\/www.tabakversand.ch\/fr\/wp-json\/wp\/v2\/product\/72206","targetHints":{"allow":["GET"]}}],"collection":[{"href":"https:\/\/www.tabakversand.ch\/fr\/wp-json\/wp\/v2\/product"}],"about":[{"href":"https:\/\/www.tabakversand.ch\/fr\/wp-json\/wp\/v2\/types\/product"}],"version-history":[{"count":9,"href":"https:\/\/www.tabakversand.ch\/fr\/wp-json\/wp\/v2\/product\/72206\/revisions"}],"predecessor-version":[{"id":208275,"href":"https:\/\/www.tabakversand.ch\/fr\/wp-json\/wp\/v2\/product\/72206\/revisions\/208275"}],"wp:featuredmedia":[{"embeddable":true,"href":"https:\/\/www.tabakversand.ch\/fr\/wp-json\/wp\/v2\/media\/208114"}],"wp:attachment":[{"href":"https:\/\/www.tabakversand.ch\/fr\/wp-json\/wp\/v2\/media?parent=72206"}],"wp:term":[{"taxonomy":"product_brand","embeddable":true,"href":"https:\/\/www.tabakversand.ch\/fr\/wp-json\/wp\/v2\/product_brand?post=72206"},{"taxonomy":"product_cat","embeddable":true,"href":"https:\/\/www.tabakversand.ch\/fr\/wp-json\/wp\/v2\/product_cat?post=72206"},{"taxonomy":"product_tag","embeddable":true,"href":"https:\/\/www.tabakversand.ch\/fr\/wp-json\/wp\/v2\/product_tag?post=72206"}],"curies":[{"name":"wp","href":"https:\/\/api.w.org\/{rel}","templated":true}]}}