{"id":72270,"date":"2022-04-02T10:52:41","date_gmt":"2022-04-02T08:52:41","guid":{"rendered":"http:\/\/www.tabakversand.ch\/produkt\/nettoyeur-de-tuyaux-de-foudre\/"},"modified":"2026-04-08T12:56:04","modified_gmt":"2026-04-08T10:56:04","slug":"blitz-de-nettoyeur-de-pipe","status":"publish","type":"product","link":"https:\/\/www.tabakversand.ch\/fr\/produit\/blitz-de-nettoyeur-de-pipe\/","title":{"rendered":"Blitz de nettoyeur de pipe"},"content":{"rendered":"<p>Blitz de nettoyeur de pipe<\/p>\n<ul>\n<li>Cure-pipes coniques de haute qualit\u00e9 \u2013 Fabriqu\u00e9s en Suisse<\/li>\n<\/ul>\n<p>Les cure-pipes coniques Blitz sont fabriqu\u00e9s \u00e0 partir d&rsquo;un m\u00e9lange soigneusement dos\u00e9 de fibres de coton et de polyester. Ils assurent un nettoyage \u00e0 la fois efficace et d\u00e9licat de votre pipe.<\/p>\n<ul>\n<li>Forme conique pour une adaptation optimale \u00e0 l&#8217;embouchure<\/li>\n<li>Mati\u00e8re : Fibres de coton et de polyester<\/li>\n<li>Longueur: 15,5 cm<\/li>\n<li>Contenu : 80 pi\u00e8ces<\/li>\n<\/ul>\n<p>Chez tabakversand.ch, vous recevez des cure-pipes coniques Blitz, soigneusement conserv\u00e9s dans leur emballage d&rsquo;origine. Un stockage rigoureux garantit une qualit\u00e9 optimale jusqu&rsquo;\u00e0 l&rsquo;exp\u00e9dition. Gr\u00e2ce \u00e0 une livraison rapide en Suisse, vos cure-pipes vous parviennent g\u00e9n\u00e9ralement tr\u00e8s rapidement.<\/p>\n<p>Pour plus d&rsquo;informations sur les cure-pipes, veuillez consulter l&rsquo;article Wikip\u00e9dia correspondant\u00a0: <a href=\"https:\/\/de.wikipedia.org\/wiki\/Pfeifenreiniger\">cliquez ici<\/a> . Si vous avez des questions concernant le produit, n&rsquo;h\u00e9sitez pas \u00e0 nous contacter\u00a0: <a href=\"https:\/\/www.tabakversand.ch\/kontakt\/\">cliquez ici<\/a> .<\/p>\n<p>Tous les prix s&rsquo;appliquent uniquement aux commandes en ligne et incluent la TVA. Sous r\u00e9serve de modifications sans pr\u00e9avis, frais de livraison en sus. Sous r\u00e9serve d&rsquo;erreurs, de modifications de contenu de livraison et de conception, de fautes d&rsquo;impression et de modifications de prix. Les prix barr\u00e9s sont des prix de remplacement. Les illustrations peuvent diff\u00e9rer de l&rsquo;original\/du contenu de livraison.<br \/>\n*Livraison gratuite pour les commandes sup\u00e9rieures \u00e0 CHF 250.-.<\/p>\n","protected":false},"excerpt":{"rendered":"<p>Blitz de nettoyeur de pipe Cure-pipes coniques de haute qualit\u00e9 \u2013 Fabriqu\u00e9s en Suisse Les cure-pipes coniques Blitz sont fabriqu\u00e9s \u00e0 partir d&rsquo;un m\u00e9lange soigneusement dos\u00e9 de fibres de coton et de polyester. Ils assurent un nettoyage \u00e0 la fois efficace et d\u00e9licat de votre pipe. Forme conique pour une adaptation optimale \u00e0 l&#8217;embouchure Mati\u00e8re [&hellip;]<\/p>\n","protected":false},"featured_media":155593,"template":"","meta":[],"product_brand":[1611],"product_cat":[2340,2716,1949],"product_tag":[],"class_list":{"0":"post-72270","1":"product","2":"type-product","3":"status-publish","4":"has-post-thumbnail","6":"product_brand-denicotea","7":"product_cat-cure-pipe","8":"product_cat-denicotea-fr","9":"product_cat-pipe-world-fr","11":"first","12":"instock","13":"purchasable","14":"product-type-simple"},"yoast_head":"<!-- This site is optimized with the Yoast SEO plugin v27.0 - https:\/\/yoast.com\/product\/yoast-seo-wordpress\/ -->\n<title>Blitz de nettoyeur de pipe - Tabakversand.ch | Alles aus der Welt des Tabaks<\/title>\n<meta name=\"description\" content=\"Cure-pipes coniques Blitz (15,5 cm) en coton et polyester. 80 pi\u00e8ces, fabriqu\u00e9s en Suisse \u2013 nettoyage efficace et doux.\" \/>\n<meta name=\"robots\" content=\"index, follow, max-snippet:-1, max-image-preview:large, max-video-preview:-1\" \/>\n<link rel=\"canonical\" href=\"https:\/\/www.tabakversand.ch\/fr\/produit\/blitz-de-nettoyeur-de-pipe\/\" \/>\n<meta property=\"og:locale\" content=\"fr_FR\" \/>\n<meta property=\"og:type\" content=\"article\" \/>\n<meta property=\"og:title\" content=\"Blitz de nettoyeur de pipe - Tabakversand.ch | Alles aus der Welt des Tabaks\" \/>\n<meta property=\"og:description\" content=\"Cure-pipes coniques Blitz (15,5 cm) en coton et polyester. 80 pi\u00e8ces, fabriqu\u00e9s en Suisse \u2013 nettoyage efficace et doux.\" \/>\n<meta property=\"og:url\" content=\"https:\/\/www.tabakversand.ch\/fr\/produit\/blitz-de-nettoyeur-de-pipe\/\" \/>\n<meta property=\"og:site_name\" content=\"Tabakversand.ch | Alles aus der Welt des Tabaks\" \/>\n<meta property=\"article:modified_time\" content=\"2026-04-08T10:56:04+00:00\" \/>\n<meta property=\"og:image\" content=\"https:\/\/www.tabakversand.ch\/wp-content\/uploads\/2022\/04\/blitz-pfeifenreiniger_.jpg\" \/>\n\t<meta property=\"og:image:width\" content=\"501\" \/>\n\t<meta property=\"og:image:height\" content=\"500\" \/>\n\t<meta property=\"og:image:type\" content=\"image\/jpeg\" \/>\n<meta name=\"twitter:card\" content=\"summary_large_image\" \/>\n<meta name=\"twitter:label1\" content=\"Dur\u00e9e de lecture estim\u00e9e\" \/>\n\t<meta name=\"twitter:data1\" content=\"2 minutes\" \/>\n<script type=\"application\/ld+json\" class=\"yoast-schema-graph\">{\"@context\":\"https:\/\/schema.org\",\"@graph\":[{\"@type\":\"WebPage\",\"@id\":\"https:\/\/www.tabakversand.ch\/fr\/produit\/blitz-de-nettoyeur-de-pipe\/\",\"url\":\"https:\/\/www.tabakversand.ch\/fr\/produit\/blitz-de-nettoyeur-de-pipe\/\",\"name\":\"Blitz de nettoyeur de pipe - Tabakversand.ch | Alles aus der Welt des Tabaks\",\"isPartOf\":{\"@id\":\"https:\/\/www.tabakversand.ch\/#website\"},\"primaryImageOfPage\":{\"@id\":\"https:\/\/www.tabakversand.ch\/fr\/produit\/blitz-de-nettoyeur-de-pipe\/#primaryimage\"},\"image\":{\"@id\":\"https:\/\/www.tabakversand.ch\/fr\/produit\/blitz-de-nettoyeur-de-pipe\/#primaryimage\"},\"thumbnailUrl\":\"https:\/\/www.tabakversand.ch\/wp-content\/uploads\/2022\/04\/blitz-pfeifenreiniger_.jpg\",\"datePublished\":\"2022-04-02T08:52:41+00:00\",\"dateModified\":\"2026-04-08T10:56:04+00:00\",\"description\":\"Cure-pipes coniques Blitz (15,5 cm) en coton et polyester. 80 pi\u00e8ces, fabriqu\u00e9s en Suisse \u2013 nettoyage efficace et doux.\",\"breadcrumb\":{\"@id\":\"https:\/\/www.tabakversand.ch\/fr\/produit\/blitz-de-nettoyeur-de-pipe\/#breadcrumb\"},\"inLanguage\":\"fr-FR\",\"potentialAction\":[{\"@type\":\"ReadAction\",\"target\":[\"https:\/\/www.tabakversand.ch\/fr\/produit\/blitz-de-nettoyeur-de-pipe\/\"]}]},{\"@type\":\"ImageObject\",\"inLanguage\":\"fr-FR\",\"@id\":\"https:\/\/www.tabakversand.ch\/fr\/produit\/blitz-de-nettoyeur-de-pipe\/#primaryimage\",\"url\":\"https:\/\/www.tabakversand.ch\/wp-content\/uploads\/2022\/04\/blitz-pfeifenreiniger_.jpg\",\"contentUrl\":\"https:\/\/www.tabakversand.ch\/wp-content\/uploads\/2022\/04\/blitz-pfeifenreiniger_.jpg\",\"width\":501,\"height\":500,\"caption\":\"Nettoyeur de pipe Lightning | Tabakversand.ch\"},{\"@type\":\"BreadcrumbList\",\"@id\":\"https:\/\/www.tabakversand.ch\/fr\/produit\/blitz-de-nettoyeur-de-pipe\/#breadcrumb\",\"itemListElement\":[{\"@type\":\"ListItem\",\"position\":1,\"name\":\"Startseite\",\"item\":\"https:\/\/www.tabakversand.ch\/\"},{\"@type\":\"ListItem\",\"position\":2,\"name\":\"Boutique\",\"item\":\"https:\/\/www.tabakversand.ch\/fr\/boutique\/\"},{\"@type\":\"ListItem\",\"position\":3,\"name\":\"Blitz de nettoyeur de pipe\"}]},{\"@type\":\"WebSite\",\"@id\":\"https:\/\/www.tabakversand.ch\/#website\",\"url\":\"https:\/\/www.tabakversand.ch\/\",\"name\":\"Tabakversand.ch | Alles aus der Welt des Tabaks\",\"description\":\"Smoke and carpe diem\",\"potentialAction\":[{\"@type\":\"SearchAction\",\"target\":{\"@type\":\"EntryPoint\",\"urlTemplate\":\"https:\/\/www.tabakversand.ch\/?s={search_term_string}\"},\"query-input\":{\"@type\":\"PropertyValueSpecification\",\"valueRequired\":true,\"valueName\":\"search_term_string\"}}],\"inLanguage\":\"fr-FR\"}]}<\/script>\n<!-- \/ Yoast SEO plugin. -->","yoast_head_json":{"title":"Blitz de nettoyeur de pipe - Tabakversand.ch | Alles aus der Welt des Tabaks","description":"Cure-pipes coniques Blitz (15,5 cm) en coton et polyester. 80 pi\u00e8ces, fabriqu\u00e9s en Suisse \u2013 nettoyage efficace et doux.","robots":{"index":"index","follow":"follow","max-snippet":"max-snippet:-1","max-image-preview":"max-image-preview:large","max-video-preview":"max-video-preview:-1"},"canonical":"https:\/\/www.tabakversand.ch\/fr\/produit\/blitz-de-nettoyeur-de-pipe\/","og_locale":"fr_FR","og_type":"article","og_title":"Blitz de nettoyeur de pipe - Tabakversand.ch | Alles aus der Welt des Tabaks","og_description":"Cure-pipes coniques Blitz (15,5 cm) en coton et polyester. 80 pi\u00e8ces, fabriqu\u00e9s en Suisse \u2013 nettoyage efficace et doux.","og_url":"https:\/\/www.tabakversand.ch\/fr\/produit\/blitz-de-nettoyeur-de-pipe\/","og_site_name":"Tabakversand.ch | Alles aus der Welt des Tabaks","article_modified_time":"2026-04-08T10:56:04+00:00","og_image":[{"width":501,"height":500,"url":"https:\/\/www.tabakversand.ch\/wp-content\/uploads\/2022\/04\/blitz-pfeifenreiniger_.jpg","type":"image\/jpeg"}],"twitter_card":"summary_large_image","twitter_misc":{"Dur\u00e9e de lecture estim\u00e9e":"2 minutes"},"schema":{"@context":"https:\/\/schema.org","@graph":[{"@type":"WebPage","@id":"https:\/\/www.tabakversand.ch\/fr\/produit\/blitz-de-nettoyeur-de-pipe\/","url":"https:\/\/www.tabakversand.ch\/fr\/produit\/blitz-de-nettoyeur-de-pipe\/","name":"Blitz de nettoyeur de pipe - Tabakversand.ch | Alles aus der Welt des Tabaks","isPartOf":{"@id":"https:\/\/www.tabakversand.ch\/#website"},"primaryImageOfPage":{"@id":"https:\/\/www.tabakversand.ch\/fr\/produit\/blitz-de-nettoyeur-de-pipe\/#primaryimage"},"image":{"@id":"https:\/\/www.tabakversand.ch\/fr\/produit\/blitz-de-nettoyeur-de-pipe\/#primaryimage"},"thumbnailUrl":"https:\/\/www.tabakversand.ch\/wp-content\/uploads\/2022\/04\/blitz-pfeifenreiniger_.jpg","datePublished":"2022-04-02T08:52:41+00:00","dateModified":"2026-04-08T10:56:04+00:00","description":"Cure-pipes coniques Blitz (15,5 cm) en coton et polyester. 80 pi\u00e8ces, fabriqu\u00e9s en Suisse \u2013 nettoyage efficace et doux.","breadcrumb":{"@id":"https:\/\/www.tabakversand.ch\/fr\/produit\/blitz-de-nettoyeur-de-pipe\/#breadcrumb"},"inLanguage":"fr-FR","potentialAction":[{"@type":"ReadAction","target":["https:\/\/www.tabakversand.ch\/fr\/produit\/blitz-de-nettoyeur-de-pipe\/"]}]},{"@type":"ImageObject","inLanguage":"fr-FR","@id":"https:\/\/www.tabakversand.ch\/fr\/produit\/blitz-de-nettoyeur-de-pipe\/#primaryimage","url":"https:\/\/www.tabakversand.ch\/wp-content\/uploads\/2022\/04\/blitz-pfeifenreiniger_.jpg","contentUrl":"https:\/\/www.tabakversand.ch\/wp-content\/uploads\/2022\/04\/blitz-pfeifenreiniger_.jpg","width":501,"height":500,"caption":"Nettoyeur de pipe Lightning | Tabakversand.ch"},{"@type":"BreadcrumbList","@id":"https:\/\/www.tabakversand.ch\/fr\/produit\/blitz-de-nettoyeur-de-pipe\/#breadcrumb","itemListElement":[{"@type":"ListItem","position":1,"name":"Startseite","item":"https:\/\/www.tabakversand.ch\/"},{"@type":"ListItem","position":2,"name":"Boutique","item":"https:\/\/www.tabakversand.ch\/fr\/boutique\/"},{"@type":"ListItem","position":3,"name":"Blitz de nettoyeur de pipe"}]},{"@type":"WebSite","@id":"https:\/\/www.tabakversand.ch\/#website","url":"https:\/\/www.tabakversand.ch\/","name":"Tabakversand.ch | Alles aus der Welt des Tabaks","description":"Smoke and carpe diem","potentialAction":[{"@type":"SearchAction","target":{"@type":"EntryPoint","urlTemplate":"https:\/\/www.tabakversand.ch\/?s={search_term_string}"},"query-input":{"@type":"PropertyValueSpecification","valueRequired":true,"valueName":"search_term_string"}}],"inLanguage":"fr-FR"}]}},"_links":{"self":[{"href":"https:\/\/www.tabakversand.ch\/fr\/wp-json\/wp\/v2\/product\/72270","targetHints":{"allow":["GET"]}}],"collection":[{"href":"https:\/\/www.tabakversand.ch\/fr\/wp-json\/wp\/v2\/product"}],"about":[{"href":"https:\/\/www.tabakversand.ch\/fr\/wp-json\/wp\/v2\/types\/product"}],"version-history":[{"count":4,"href":"https:\/\/www.tabakversand.ch\/fr\/wp-json\/wp\/v2\/product\/72270\/revisions"}],"predecessor-version":[{"id":213352,"href":"https:\/\/www.tabakversand.ch\/fr\/wp-json\/wp\/v2\/product\/72270\/revisions\/213352"}],"wp:featuredmedia":[{"embeddable":true,"href":"https:\/\/www.tabakversand.ch\/fr\/wp-json\/wp\/v2\/media\/155593"}],"wp:attachment":[{"href":"https:\/\/www.tabakversand.ch\/fr\/wp-json\/wp\/v2\/media?parent=72270"}],"wp:term":[{"taxonomy":"product_brand","embeddable":true,"href":"https:\/\/www.tabakversand.ch\/fr\/wp-json\/wp\/v2\/product_brand?post=72270"},{"taxonomy":"product_cat","embeddable":true,"href":"https:\/\/www.tabakversand.ch\/fr\/wp-json\/wp\/v2\/product_cat?post=72270"},{"taxonomy":"product_tag","embeddable":true,"href":"https:\/\/www.tabakversand.ch\/fr\/wp-json\/wp\/v2\/product_tag?post=72270"}],"curies":[{"name":"wp","href":"https:\/\/api.w.org\/{rel}","templated":true}]}}