{"id":72362,"date":"2022-04-02T10:52:41","date_gmt":"2022-04-02T08:52:41","guid":{"rendered":"http:\/\/www.tabakversand.ch\/produkt\/denicool-pipe-cristaux-fins-60gr\/"},"modified":"2026-03-26T15:13:03","modified_gmt":"2026-03-26T14:13:03","slug":"denicool-pipe-cristaux-fins-60gr","status":"publish","type":"product","link":"https:\/\/www.tabakversand.ch\/fr\/produit\/denicool-pipe-cristaux-fins-60gr\/","title":{"rendered":"Denicool pipe cristaux fins 60gr."},"content":{"rendered":"<h1>Denicool<\/h1>\n<p>Cristaux pour pipe \u2013 Pour une fum\u00e9e douce, fra\u00eeche et s\u00e8che<\/p>\n<p>D\u00e9couvrez une exp\u00e9rience de fumage in\u00e9dite avec les cristaux pour pipe Denicool. Ces cristaux sp\u00e9ciaux garantissent une fum\u00e9e particuli\u00e8rement douce, fra\u00eeche et s\u00e8che, pour un plaisir durable \u00e0 chaque bouff\u00e9e. <\/p>\n<p>Points forts du produit&nbsp;:<\/p>\n<ul>\n<li>Fum\u00e9e l\u00e9g\u00e8re : Att\u00e9nue le piquant et assure un plaisir tout en douceur.<\/li>\n<li>Effet rafra\u00eechissant : Maintient la fum\u00e9e \u00e0 une temp\u00e9rature agr\u00e9able<\/li>\n<li>Sensation de fum\u00e9e s\u00e8che : minimise l&rsquo;humidit\u00e9 et assure une combustion uniforme.<\/li>\n<li>Facile d&rsquo;utilisation : il suffit de verser dans la pipe et de d\u00e9guster.<\/li>\n<li>Am\u00e9liore la saveur du tabac : Pr\u00e9serve les ar\u00f4mes de votre tabac \u00e0 pipe pr\u00e9f\u00e9r\u00e9.<\/li>\n<\/ul>\n<p>Id\u00e9al pour les amateurs de pipe qui appr\u00e9cient le confort, la saveur et une exp\u00e9rience de fumage particuli\u00e8rement relaxante. Avec les cristaux pour pipe Denicool, chaque bouff\u00e9e devient un pur plaisir. <\/p>\n<p>Pour plus d&rsquo;informations sur les pipes \u00e0 tabac, veuillez consulter l&rsquo;article Wikip\u00e9dia correspondant&nbsp;: <a href=\"https:\/\/de.wikipedia.org\/wiki\/Tabakpfeife\">cliquez ici<\/a> . Si vous avez des questions concernant le produit, n&rsquo;h\u00e9sitez pas \u00e0 nous contacter&nbsp;: <a href=\"https:\/\/www.tabakversand.ch\/kontakt\/\">cliquez ici<\/a> .<\/p>\n<p>Tous les prix s&rsquo;appliquent uniquement aux commandes en ligne et incluent la TVA. Sous r\u00e9serve de modifications sans pr\u00e9avis, frais de livraison en sus. Sous r\u00e9serve d&rsquo;erreurs, de modifications de contenu de livraison et de conception, de fautes d&rsquo;impression et de modifications de prix. Les prix barr\u00e9s sont des prix de remplacement. Les illustrations peuvent diff\u00e9rer de l&rsquo;original\/du contenu de livraison.<br \/>\n*Livraison gratuite pour les commandes sup\u00e9rieures \u00e0 CHF 250.-.<\/p>\n","protected":false},"excerpt":{"rendered":"<p>Denicool Cristaux pour pipe \u2013 Pour une fum\u00e9e douce, fra\u00eeche et s\u00e8che D\u00e9couvrez une exp\u00e9rience de fumage in\u00e9dite avec les cristaux pour pipe Denicool. Ces cristaux sp\u00e9ciaux garantissent une fum\u00e9e particuli\u00e8rement douce, fra\u00eeche et s\u00e8che, pour un plaisir durable \u00e0 chaque bouff\u00e9e. Points forts du produit&nbsp;: Fum\u00e9e l\u00e9g\u00e8re : Att\u00e9nue le piquant et assure un [&hellip;]<\/p>\n","protected":false},"featured_media":72365,"template":"","meta":[],"product_brand":[1611],"product_cat":[2716,1949],"product_tag":[],"class_list":{"0":"post-72362","1":"product","2":"type-product","3":"status-publish","4":"has-post-thumbnail","6":"product_brand-denicotea","7":"product_cat-denicotea-fr","8":"product_cat-pipe-world-fr","10":"first","11":"instock","12":"purchasable","13":"product-type-simple"},"yoast_head":"<!-- This site is optimized with the Yoast SEO plugin v27.0 - https:\/\/yoast.com\/product\/yoast-seo-wordpress\/ -->\n<title>Denicool pipe cristaux fins 60gr. \u2013 Fum\u00e9e douce, fra\u00eeche et s\u00e8che<\/title>\n<meta name=\"description\" content=\"D\u00e9couvrez une fum\u00e9e douce, fra\u00eeche et s\u00e8che avec les cristaux pour pipe Denicool. Faciles \u00e0 utiliser, ils rehaussent l&#039;ar\u00f4me de votre tabac \u00e0 pipe.\" \/>\n<meta name=\"robots\" content=\"index, follow, max-snippet:-1, max-image-preview:large, max-video-preview:-1\" \/>\n<link rel=\"canonical\" href=\"https:\/\/www.tabakversand.ch\/fr\/produit\/denicool-pipe-cristaux-fins-60gr\/\" \/>\n<meta property=\"og:locale\" content=\"fr_FR\" \/>\n<meta property=\"og:type\" content=\"article\" \/>\n<meta property=\"og:title\" content=\"Denicool pipe cristaux fins 60gr. \u2013 Fum\u00e9e douce, fra\u00eeche et s\u00e8che\" \/>\n<meta property=\"og:description\" content=\"D\u00e9couvrez une fum\u00e9e douce, fra\u00eeche et s\u00e8che avec les cristaux pour pipe Denicool. Faciles \u00e0 utiliser, ils rehaussent l&#039;ar\u00f4me de votre tabac \u00e0 pipe.\" \/>\n<meta property=\"og:url\" content=\"https:\/\/www.tabakversand.ch\/fr\/produit\/denicool-pipe-cristaux-fins-60gr\/\" \/>\n<meta property=\"og:site_name\" content=\"Tabakversand.ch | Alles aus der Welt des Tabaks\" \/>\n<meta property=\"article:modified_time\" content=\"2026-03-26T14:13:03+00:00\" \/>\n<meta property=\"og:image\" content=\"https:\/\/www.tabakversand.ch\/wp-content\/uploads\/2022\/03\/denicool.jpg\" \/>\n\t<meta property=\"og:image:width\" content=\"500\" \/>\n\t<meta property=\"og:image:height\" content=\"458\" \/>\n\t<meta property=\"og:image:type\" content=\"image\/jpeg\" \/>\n<meta name=\"twitter:card\" content=\"summary_large_image\" \/>\n<meta name=\"twitter:label1\" content=\"Dur\u00e9e de lecture estim\u00e9e\" \/>\n\t<meta name=\"twitter:data1\" content=\"1 minute\" \/>\n<script type=\"application\/ld+json\" class=\"yoast-schema-graph\">{\"@context\":\"https:\/\/schema.org\",\"@graph\":[{\"@type\":\"WebPage\",\"@id\":\"https:\/\/www.tabakversand.ch\/fr\/produit\/denicool-pipe-cristaux-fins-60gr\/\",\"url\":\"https:\/\/www.tabakversand.ch\/fr\/produit\/denicool-pipe-cristaux-fins-60gr\/\",\"name\":\"Denicool pipe cristaux fins 60gr. \u2013 Fum\u00e9e douce, fra\u00eeche et s\u00e8che\",\"isPartOf\":{\"@id\":\"https:\/\/www.tabakversand.ch\/#website\"},\"primaryImageOfPage\":{\"@id\":\"https:\/\/www.tabakversand.ch\/fr\/produit\/denicool-pipe-cristaux-fins-60gr\/#primaryimage\"},\"image\":{\"@id\":\"https:\/\/www.tabakversand.ch\/fr\/produit\/denicool-pipe-cristaux-fins-60gr\/#primaryimage\"},\"thumbnailUrl\":\"https:\/\/www.tabakversand.ch\/wp-content\/uploads\/2022\/03\/denicool.jpg\",\"datePublished\":\"2022-04-02T08:52:41+00:00\",\"dateModified\":\"2026-03-26T14:13:03+00:00\",\"description\":\"D\u00e9couvrez une fum\u00e9e douce, fra\u00eeche et s\u00e8che avec les cristaux pour pipe Denicool. Faciles \u00e0 utiliser, ils rehaussent l'ar\u00f4me de votre tabac \u00e0 pipe.\",\"breadcrumb\":{\"@id\":\"https:\/\/www.tabakversand.ch\/fr\/produit\/denicool-pipe-cristaux-fins-60gr\/#breadcrumb\"},\"inLanguage\":\"fr-FR\",\"potentialAction\":[{\"@type\":\"ReadAction\",\"target\":[\"https:\/\/www.tabakversand.ch\/fr\/produit\/denicool-pipe-cristaux-fins-60gr\/\"]}]},{\"@type\":\"ImageObject\",\"inLanguage\":\"fr-FR\",\"@id\":\"https:\/\/www.tabakversand.ch\/fr\/produit\/denicool-pipe-cristaux-fins-60gr\/#primaryimage\",\"url\":\"https:\/\/www.tabakversand.ch\/wp-content\/uploads\/2022\/03\/denicool.jpg\",\"contentUrl\":\"https:\/\/www.tabakversand.ch\/wp-content\/uploads\/2022\/03\/denicool.jpg\",\"width\":500,\"height\":458,\"caption\":\"Denicool pipe cristaux fins 60gr.\"},{\"@type\":\"BreadcrumbList\",\"@id\":\"https:\/\/www.tabakversand.ch\/fr\/produit\/denicool-pipe-cristaux-fins-60gr\/#breadcrumb\",\"itemListElement\":[{\"@type\":\"ListItem\",\"position\":1,\"name\":\"Startseite\",\"item\":\"https:\/\/www.tabakversand.ch\/\"},{\"@type\":\"ListItem\",\"position\":2,\"name\":\"Boutique\",\"item\":\"https:\/\/www.tabakversand.ch\/fr\/boutique\/\"},{\"@type\":\"ListItem\",\"position\":3,\"name\":\"Denicool pipe cristaux fins 60gr.\"}]},{\"@type\":\"WebSite\",\"@id\":\"https:\/\/www.tabakversand.ch\/#website\",\"url\":\"https:\/\/www.tabakversand.ch\/\",\"name\":\"Tabakversand.ch | Alles aus der Welt des Tabaks\",\"description\":\"Smoke and carpe diem\",\"potentialAction\":[{\"@type\":\"SearchAction\",\"target\":{\"@type\":\"EntryPoint\",\"urlTemplate\":\"https:\/\/www.tabakversand.ch\/?s={search_term_string}\"},\"query-input\":{\"@type\":\"PropertyValueSpecification\",\"valueRequired\":true,\"valueName\":\"search_term_string\"}}],\"inLanguage\":\"fr-FR\"}]}<\/script>\n<!-- \/ Yoast SEO plugin. -->","yoast_head_json":{"title":"Denicool pipe cristaux fins 60gr. \u2013 Fum\u00e9e douce, fra\u00eeche et s\u00e8che","description":"D\u00e9couvrez une fum\u00e9e douce, fra\u00eeche et s\u00e8che avec les cristaux pour pipe Denicool. Faciles \u00e0 utiliser, ils rehaussent l'ar\u00f4me de votre tabac \u00e0 pipe.","robots":{"index":"index","follow":"follow","max-snippet":"max-snippet:-1","max-image-preview":"max-image-preview:large","max-video-preview":"max-video-preview:-1"},"canonical":"https:\/\/www.tabakversand.ch\/fr\/produit\/denicool-pipe-cristaux-fins-60gr\/","og_locale":"fr_FR","og_type":"article","og_title":"Denicool pipe cristaux fins 60gr. \u2013 Fum\u00e9e douce, fra\u00eeche et s\u00e8che","og_description":"D\u00e9couvrez une fum\u00e9e douce, fra\u00eeche et s\u00e8che avec les cristaux pour pipe Denicool. Faciles \u00e0 utiliser, ils rehaussent l'ar\u00f4me de votre tabac \u00e0 pipe.","og_url":"https:\/\/www.tabakversand.ch\/fr\/produit\/denicool-pipe-cristaux-fins-60gr\/","og_site_name":"Tabakversand.ch | Alles aus der Welt des Tabaks","article_modified_time":"2026-03-26T14:13:03+00:00","og_image":[{"width":500,"height":458,"url":"https:\/\/www.tabakversand.ch\/wp-content\/uploads\/2022\/03\/denicool.jpg","type":"image\/jpeg"}],"twitter_card":"summary_large_image","twitter_misc":{"Dur\u00e9e de lecture estim\u00e9e":"1 minute"},"schema":{"@context":"https:\/\/schema.org","@graph":[{"@type":"WebPage","@id":"https:\/\/www.tabakversand.ch\/fr\/produit\/denicool-pipe-cristaux-fins-60gr\/","url":"https:\/\/www.tabakversand.ch\/fr\/produit\/denicool-pipe-cristaux-fins-60gr\/","name":"Denicool pipe cristaux fins 60gr. \u2013 Fum\u00e9e douce, fra\u00eeche et s\u00e8che","isPartOf":{"@id":"https:\/\/www.tabakversand.ch\/#website"},"primaryImageOfPage":{"@id":"https:\/\/www.tabakversand.ch\/fr\/produit\/denicool-pipe-cristaux-fins-60gr\/#primaryimage"},"image":{"@id":"https:\/\/www.tabakversand.ch\/fr\/produit\/denicool-pipe-cristaux-fins-60gr\/#primaryimage"},"thumbnailUrl":"https:\/\/www.tabakversand.ch\/wp-content\/uploads\/2022\/03\/denicool.jpg","datePublished":"2022-04-02T08:52:41+00:00","dateModified":"2026-03-26T14:13:03+00:00","description":"D\u00e9couvrez une fum\u00e9e douce, fra\u00eeche et s\u00e8che avec les cristaux pour pipe Denicool. Faciles \u00e0 utiliser, ils rehaussent l'ar\u00f4me de votre tabac \u00e0 pipe.","breadcrumb":{"@id":"https:\/\/www.tabakversand.ch\/fr\/produit\/denicool-pipe-cristaux-fins-60gr\/#breadcrumb"},"inLanguage":"fr-FR","potentialAction":[{"@type":"ReadAction","target":["https:\/\/www.tabakversand.ch\/fr\/produit\/denicool-pipe-cristaux-fins-60gr\/"]}]},{"@type":"ImageObject","inLanguage":"fr-FR","@id":"https:\/\/www.tabakversand.ch\/fr\/produit\/denicool-pipe-cristaux-fins-60gr\/#primaryimage","url":"https:\/\/www.tabakversand.ch\/wp-content\/uploads\/2022\/03\/denicool.jpg","contentUrl":"https:\/\/www.tabakversand.ch\/wp-content\/uploads\/2022\/03\/denicool.jpg","width":500,"height":458,"caption":"Denicool pipe cristaux fins 60gr."},{"@type":"BreadcrumbList","@id":"https:\/\/www.tabakversand.ch\/fr\/produit\/denicool-pipe-cristaux-fins-60gr\/#breadcrumb","itemListElement":[{"@type":"ListItem","position":1,"name":"Startseite","item":"https:\/\/www.tabakversand.ch\/"},{"@type":"ListItem","position":2,"name":"Boutique","item":"https:\/\/www.tabakversand.ch\/fr\/boutique\/"},{"@type":"ListItem","position":3,"name":"Denicool pipe cristaux fins 60gr."}]},{"@type":"WebSite","@id":"https:\/\/www.tabakversand.ch\/#website","url":"https:\/\/www.tabakversand.ch\/","name":"Tabakversand.ch | Alles aus der Welt des Tabaks","description":"Smoke and carpe diem","potentialAction":[{"@type":"SearchAction","target":{"@type":"EntryPoint","urlTemplate":"https:\/\/www.tabakversand.ch\/?s={search_term_string}"},"query-input":{"@type":"PropertyValueSpecification","valueRequired":true,"valueName":"search_term_string"}}],"inLanguage":"fr-FR"}]}},"_links":{"self":[{"href":"https:\/\/www.tabakversand.ch\/fr\/wp-json\/wp\/v2\/product\/72362","targetHints":{"allow":["GET"]}}],"collection":[{"href":"https:\/\/www.tabakversand.ch\/fr\/wp-json\/wp\/v2\/product"}],"about":[{"href":"https:\/\/www.tabakversand.ch\/fr\/wp-json\/wp\/v2\/types\/product"}],"version-history":[{"count":2,"href":"https:\/\/www.tabakversand.ch\/fr\/wp-json\/wp\/v2\/product\/72362\/revisions"}],"predecessor-version":[{"id":216081,"href":"https:\/\/www.tabakversand.ch\/fr\/wp-json\/wp\/v2\/product\/72362\/revisions\/216081"}],"wp:featuredmedia":[{"embeddable":true,"href":"https:\/\/www.tabakversand.ch\/fr\/wp-json\/wp\/v2\/media\/72365"}],"wp:attachment":[{"href":"https:\/\/www.tabakversand.ch\/fr\/wp-json\/wp\/v2\/media?parent=72362"}],"wp:term":[{"taxonomy":"product_brand","embeddable":true,"href":"https:\/\/www.tabakversand.ch\/fr\/wp-json\/wp\/v2\/product_brand?post=72362"},{"taxonomy":"product_cat","embeddable":true,"href":"https:\/\/www.tabakversand.ch\/fr\/wp-json\/wp\/v2\/product_cat?post=72362"},{"taxonomy":"product_tag","embeddable":true,"href":"https:\/\/www.tabakversand.ch\/fr\/wp-json\/wp\/v2\/product_tag?post=72362"}],"curies":[{"name":"wp","href":"https:\/\/api.w.org\/{rel}","templated":true}]}}