{"id":72423,"date":"2022-04-02T10:52:41","date_gmt":"2022-04-02T08:52:41","guid":{"rendered":"http:\/\/www.tabakversand.ch\/produkt\/mangalore-ganesh-beedies\/"},"modified":"2026-02-24T15:20:33","modified_gmt":"2026-02-24T14:20:33","slug":"mangalore-ganesh-beedies","status":"publish","type":"product","link":"https:\/\/www.tabakversand.ch\/fr\/produit\/mangalore-ganesh-beedies\/","title":{"rendered":"Mangalore Ganesh Beedies"},"content":{"rendered":"<h1>Mangalore Ganesh Beedies<\/h1>\n<p>Les cigarettes originales aux p\u00e9tales de rose d&rsquo;Inde. Appr\u00e9ci\u00e9es de beaucoup pour leur saveur unique et \u00e9pic\u00e9e.<br \/>\n Chaque Ganesh Beedies contient 25 beedies individuels, tous faits \u00e0 la main. <\/p>\n<ul>\n<li>20 x 25 pi\u00e8ces.<\/li>\n<\/ul>\n<p>Chez tabakversand.ch, vous recevez des beedies de Ganesh de Mangalore fra\u00eechement conserv\u00e9s dans leur emballage d&rsquo;origine. Un stockage soign\u00e9 garantit la pr\u00e9servation optimale de leur ar\u00f4me, de leur humidit\u00e9 et de leur qualit\u00e9 jusqu&rsquo;\u00e0 l&rsquo;exp\u00e9dition. Gr\u00e2ce \u00e0 une livraison rapide en Suisse, vos beedies arrivent g\u00e9n\u00e9ralement tr\u00e8s vite.  <\/p>\n<p>Pour en savoir plus sur les beedis, veuillez consulter l&rsquo;article Wikip\u00e9dia correspondant&nbsp;: <a href=\"https:\/\/de.wikipedia.org\/wiki\/Beedi\">cliquez ici<\/a> . Si vous avez des questions concernant le produit, n&rsquo;h\u00e9sitez pas \u00e0 nous contacter&nbsp;: <a href=\"https:\/\/www.tabakversand.ch\/kontakt\/\">cliquez ici<\/a> . <\/p>\n<p>Tous les prix s&rsquo;appliquent uniquement aux commandes en ligne et incluent la TVA. Sous r\u00e9serve de modifications sans pr\u00e9avis, frais de livraison en sus. Sous r\u00e9serve d&rsquo;erreurs, de modifications de contenu de livraison et de conception, de fautes d&rsquo;impression et de modifications de prix. Les prix barr\u00e9s sont des prix de remplacement. Les illustrations peuvent diff\u00e9rer de l&rsquo;original\/du contenu de livraison.<br \/>\n*Livraison gratuite pour les commandes sup\u00e9rieures \u00e0 CHF 250.-.<\/p>\n","protected":false},"excerpt":{"rendered":"<p>Mangalore Ganesh Beedies Les cigarettes originales aux p\u00e9tales de rose d&rsquo;Inde. Appr\u00e9ci\u00e9es de beaucoup pour leur saveur unique et \u00e9pic\u00e9e. Chaque Ganesh Beedies contient 25 beedies individuels, tous faits \u00e0 la main. 20 x 25 pi\u00e8ces. Chez tabakversand.ch, vous recevez des beedies de Ganesh de Mangalore fra\u00eechement conserv\u00e9s dans leur emballage d&rsquo;origine. Un stockage soign\u00e9 [&hellip;]<\/p>\n","protected":false},"featured_media":72424,"template":"","meta":[],"product_brand":[1619],"product_cat":[2059,1994],"product_tag":[],"class_list":{"0":"post-72423","1":"product","2":"type-product","3":"status-publish","4":"has-post-thumbnail","6":"product_brand-mangalore-ganesh","7":"product_cat-cigarillos-fr","8":"product_cat-monde-du-cigare","10":"first","11":"onbackorder","12":"purchasable","13":"product-type-simple"},"yoast_head":"<!-- This site is optimized with the Yoast SEO plugin v27.0 - https:\/\/yoast.com\/product\/yoast-seo-wordpress\/ -->\n<title>Mangalore Ganesh Beedies - Tabakversand.ch | Alles aus der Welt des Tabaks<\/title>\n<meta name=\"description\" content=\"Mangalore Ganesh Beedies \u2013 cigarettes traditionnelles indiennes \u00e0 la main, au tabac aromatique et l\u00e9g\u00e8rement \u00e9pic\u00e9. Un plaisir authentique dans un format pratique.\" \/>\n<meta name=\"robots\" content=\"index, follow, max-snippet:-1, max-image-preview:large, max-video-preview:-1\" \/>\n<link rel=\"canonical\" href=\"https:\/\/www.tabakversand.ch\/fr\/produit\/mangalore-ganesh-beedies\/\" \/>\n<meta property=\"og:locale\" content=\"fr_FR\" \/>\n<meta property=\"og:type\" content=\"article\" \/>\n<meta property=\"og:title\" content=\"Mangalore Ganesh Beedies - Tabakversand.ch | Alles aus der Welt des Tabaks\" \/>\n<meta property=\"og:description\" content=\"Mangalore Ganesh Beedies \u2013 cigarettes traditionnelles indiennes \u00e0 la main, au tabac aromatique et l\u00e9g\u00e8rement \u00e9pic\u00e9. Un plaisir authentique dans un format pratique.\" \/>\n<meta property=\"og:url\" content=\"https:\/\/www.tabakversand.ch\/fr\/produit\/mangalore-ganesh-beedies\/\" \/>\n<meta property=\"og:site_name\" content=\"Tabakversand.ch | Alles aus der Welt des Tabaks\" \/>\n<meta property=\"article:modified_time\" content=\"2026-02-24T14:20:33+00:00\" \/>\n<meta property=\"og:image\" content=\"https:\/\/www.tabakversand.ch\/wp-content\/uploads\/2022\/03\/mangalore-ganesh-beedes-stange.jpg\" \/>\n\t<meta property=\"og:image:width\" content=\"500\" \/>\n\t<meta property=\"og:image:height\" content=\"320\" \/>\n\t<meta property=\"og:image:type\" content=\"image\/jpeg\" \/>\n<meta name=\"twitter:card\" content=\"summary_large_image\" \/>\n<meta name=\"twitter:label1\" content=\"Dur\u00e9e de lecture estim\u00e9e\" \/>\n\t<meta name=\"twitter:data1\" content=\"1 minute\" \/>\n<script type=\"application\/ld+json\" class=\"yoast-schema-graph\">{\"@context\":\"https:\/\/schema.org\",\"@graph\":[{\"@type\":\"WebPage\",\"@id\":\"https:\/\/www.tabakversand.ch\/fr\/produit\/mangalore-ganesh-beedies\/\",\"url\":\"https:\/\/www.tabakversand.ch\/fr\/produit\/mangalore-ganesh-beedies\/\",\"name\":\"Mangalore Ganesh Beedies - Tabakversand.ch | Alles aus der Welt des Tabaks\",\"isPartOf\":{\"@id\":\"https:\/\/www.tabakversand.ch\/#website\"},\"primaryImageOfPage\":{\"@id\":\"https:\/\/www.tabakversand.ch\/fr\/produit\/mangalore-ganesh-beedies\/#primaryimage\"},\"image\":{\"@id\":\"https:\/\/www.tabakversand.ch\/fr\/produit\/mangalore-ganesh-beedies\/#primaryimage\"},\"thumbnailUrl\":\"https:\/\/www.tabakversand.ch\/wp-content\/uploads\/2022\/03\/mangalore-ganesh-beedes-stange.jpg\",\"datePublished\":\"2022-04-02T08:52:41+00:00\",\"dateModified\":\"2026-02-24T14:20:33+00:00\",\"description\":\"Mangalore Ganesh Beedies \u2013 cigarettes traditionnelles indiennes \u00e0 la main, au tabac aromatique et l\u00e9g\u00e8rement \u00e9pic\u00e9. Un plaisir authentique dans un format pratique.\",\"breadcrumb\":{\"@id\":\"https:\/\/www.tabakversand.ch\/fr\/produit\/mangalore-ganesh-beedies\/#breadcrumb\"},\"inLanguage\":\"fr-FR\",\"potentialAction\":[{\"@type\":\"ReadAction\",\"target\":[\"https:\/\/www.tabakversand.ch\/fr\/produit\/mangalore-ganesh-beedies\/\"]}]},{\"@type\":\"ImageObject\",\"inLanguage\":\"fr-FR\",\"@id\":\"https:\/\/www.tabakversand.ch\/fr\/produit\/mangalore-ganesh-beedies\/#primaryimage\",\"url\":\"https:\/\/www.tabakversand.ch\/wp-content\/uploads\/2022\/03\/mangalore-ganesh-beedes-stange.jpg\",\"contentUrl\":\"https:\/\/www.tabakversand.ch\/wp-content\/uploads\/2022\/03\/mangalore-ganesh-beedes-stange.jpg\",\"width\":500,\"height\":320,\"caption\":\"Mangalore Ganesh Beedies\"},{\"@type\":\"BreadcrumbList\",\"@id\":\"https:\/\/www.tabakversand.ch\/fr\/produit\/mangalore-ganesh-beedies\/#breadcrumb\",\"itemListElement\":[{\"@type\":\"ListItem\",\"position\":1,\"name\":\"Startseite\",\"item\":\"https:\/\/www.tabakversand.ch\/\"},{\"@type\":\"ListItem\",\"position\":2,\"name\":\"Boutique\",\"item\":\"https:\/\/www.tabakversand.ch\/fr\/boutique\/\"},{\"@type\":\"ListItem\",\"position\":3,\"name\":\"Mangalore Ganesh Beedies\"}]},{\"@type\":\"WebSite\",\"@id\":\"https:\/\/www.tabakversand.ch\/#website\",\"url\":\"https:\/\/www.tabakversand.ch\/\",\"name\":\"Tabakversand.ch | Alles aus der Welt des Tabaks\",\"description\":\"Smoke and carpe diem\",\"potentialAction\":[{\"@type\":\"SearchAction\",\"target\":{\"@type\":\"EntryPoint\",\"urlTemplate\":\"https:\/\/www.tabakversand.ch\/?s={search_term_string}\"},\"query-input\":{\"@type\":\"PropertyValueSpecification\",\"valueRequired\":true,\"valueName\":\"search_term_string\"}}],\"inLanguage\":\"fr-FR\"}]}<\/script>\n<!-- \/ Yoast SEO plugin. -->","yoast_head_json":{"title":"Mangalore Ganesh Beedies - Tabakversand.ch | Alles aus der Welt des Tabaks","description":"Mangalore Ganesh Beedies \u2013 cigarettes traditionnelles indiennes \u00e0 la main, au tabac aromatique et l\u00e9g\u00e8rement \u00e9pic\u00e9. Un plaisir authentique dans un format pratique.","robots":{"index":"index","follow":"follow","max-snippet":"max-snippet:-1","max-image-preview":"max-image-preview:large","max-video-preview":"max-video-preview:-1"},"canonical":"https:\/\/www.tabakversand.ch\/fr\/produit\/mangalore-ganesh-beedies\/","og_locale":"fr_FR","og_type":"article","og_title":"Mangalore Ganesh Beedies - Tabakversand.ch | Alles aus der Welt des Tabaks","og_description":"Mangalore Ganesh Beedies \u2013 cigarettes traditionnelles indiennes \u00e0 la main, au tabac aromatique et l\u00e9g\u00e8rement \u00e9pic\u00e9. Un plaisir authentique dans un format pratique.","og_url":"https:\/\/www.tabakversand.ch\/fr\/produit\/mangalore-ganesh-beedies\/","og_site_name":"Tabakversand.ch | Alles aus der Welt des Tabaks","article_modified_time":"2026-02-24T14:20:33+00:00","og_image":[{"width":500,"height":320,"url":"https:\/\/www.tabakversand.ch\/wp-content\/uploads\/2022\/03\/mangalore-ganesh-beedes-stange.jpg","type":"image\/jpeg"}],"twitter_card":"summary_large_image","twitter_misc":{"Dur\u00e9e de lecture estim\u00e9e":"1 minute"},"schema":{"@context":"https:\/\/schema.org","@graph":[{"@type":"WebPage","@id":"https:\/\/www.tabakversand.ch\/fr\/produit\/mangalore-ganesh-beedies\/","url":"https:\/\/www.tabakversand.ch\/fr\/produit\/mangalore-ganesh-beedies\/","name":"Mangalore Ganesh Beedies - Tabakversand.ch | Alles aus der Welt des Tabaks","isPartOf":{"@id":"https:\/\/www.tabakversand.ch\/#website"},"primaryImageOfPage":{"@id":"https:\/\/www.tabakversand.ch\/fr\/produit\/mangalore-ganesh-beedies\/#primaryimage"},"image":{"@id":"https:\/\/www.tabakversand.ch\/fr\/produit\/mangalore-ganesh-beedies\/#primaryimage"},"thumbnailUrl":"https:\/\/www.tabakversand.ch\/wp-content\/uploads\/2022\/03\/mangalore-ganesh-beedes-stange.jpg","datePublished":"2022-04-02T08:52:41+00:00","dateModified":"2026-02-24T14:20:33+00:00","description":"Mangalore Ganesh Beedies \u2013 cigarettes traditionnelles indiennes \u00e0 la main, au tabac aromatique et l\u00e9g\u00e8rement \u00e9pic\u00e9. Un plaisir authentique dans un format pratique.","breadcrumb":{"@id":"https:\/\/www.tabakversand.ch\/fr\/produit\/mangalore-ganesh-beedies\/#breadcrumb"},"inLanguage":"fr-FR","potentialAction":[{"@type":"ReadAction","target":["https:\/\/www.tabakversand.ch\/fr\/produit\/mangalore-ganesh-beedies\/"]}]},{"@type":"ImageObject","inLanguage":"fr-FR","@id":"https:\/\/www.tabakversand.ch\/fr\/produit\/mangalore-ganesh-beedies\/#primaryimage","url":"https:\/\/www.tabakversand.ch\/wp-content\/uploads\/2022\/03\/mangalore-ganesh-beedes-stange.jpg","contentUrl":"https:\/\/www.tabakversand.ch\/wp-content\/uploads\/2022\/03\/mangalore-ganesh-beedes-stange.jpg","width":500,"height":320,"caption":"Mangalore Ganesh Beedies"},{"@type":"BreadcrumbList","@id":"https:\/\/www.tabakversand.ch\/fr\/produit\/mangalore-ganesh-beedies\/#breadcrumb","itemListElement":[{"@type":"ListItem","position":1,"name":"Startseite","item":"https:\/\/www.tabakversand.ch\/"},{"@type":"ListItem","position":2,"name":"Boutique","item":"https:\/\/www.tabakversand.ch\/fr\/boutique\/"},{"@type":"ListItem","position":3,"name":"Mangalore Ganesh Beedies"}]},{"@type":"WebSite","@id":"https:\/\/www.tabakversand.ch\/#website","url":"https:\/\/www.tabakversand.ch\/","name":"Tabakversand.ch | Alles aus der Welt des Tabaks","description":"Smoke and carpe diem","potentialAction":[{"@type":"SearchAction","target":{"@type":"EntryPoint","urlTemplate":"https:\/\/www.tabakversand.ch\/?s={search_term_string}"},"query-input":{"@type":"PropertyValueSpecification","valueRequired":true,"valueName":"search_term_string"}}],"inLanguage":"fr-FR"}]}},"_links":{"self":[{"href":"https:\/\/www.tabakversand.ch\/fr\/wp-json\/wp\/v2\/product\/72423","targetHints":{"allow":["GET"]}}],"collection":[{"href":"https:\/\/www.tabakversand.ch\/fr\/wp-json\/wp\/v2\/product"}],"about":[{"href":"https:\/\/www.tabakversand.ch\/fr\/wp-json\/wp\/v2\/types\/product"}],"version-history":[{"count":2,"href":"https:\/\/www.tabakversand.ch\/fr\/wp-json\/wp\/v2\/product\/72423\/revisions"}],"predecessor-version":[{"id":213457,"href":"https:\/\/www.tabakversand.ch\/fr\/wp-json\/wp\/v2\/product\/72423\/revisions\/213457"}],"wp:featuredmedia":[{"embeddable":true,"href":"https:\/\/www.tabakversand.ch\/fr\/wp-json\/wp\/v2\/media\/72424"}],"wp:attachment":[{"href":"https:\/\/www.tabakversand.ch\/fr\/wp-json\/wp\/v2\/media?parent=72423"}],"wp:term":[{"taxonomy":"product_brand","embeddable":true,"href":"https:\/\/www.tabakversand.ch\/fr\/wp-json\/wp\/v2\/product_brand?post=72423"},{"taxonomy":"product_cat","embeddable":true,"href":"https:\/\/www.tabakversand.ch\/fr\/wp-json\/wp\/v2\/product_cat?post=72423"},{"taxonomy":"product_tag","embeddable":true,"href":"https:\/\/www.tabakversand.ch\/fr\/wp-json\/wp\/v2\/product_tag?post=72423"}],"curies":[{"name":"wp","href":"https:\/\/api.w.org\/{rel}","templated":true}]}}