{"id":72744,"date":"2022-04-02T10:52:03","date_gmt":"2022-04-02T08:52:03","guid":{"rendered":"http:\/\/www.tabakversand.ch\/produkt\/montecristo-no-4-3er-case-cigares\/"},"modified":"2026-04-23T11:25:30","modified_gmt":"2026-04-23T09:25:30","slug":"montecristo-no-4-3er-case-cigares","status":"publish","type":"product","link":"https:\/\/www.tabakversand.ch\/fr\/produit\/montecristo-no-4-3er-case-cigares\/","title":{"rendered":"Montecristo n\u00b0 4"},"content":{"rendered":"<h3>Cigares Montecristo n\u00b0 4 \u2013 Le classique havanais de renomm\u00e9e mondiale<\/h3>\n<p>Les cigares Montecristo n\u00b0 4 figurent parmi les Habanos les plus c\u00e9l\u00e8bres et les plus vendus au monde. Peu de cigares incarnent aussi bien la tradition cubaine, la qualit\u00e9 et le plaisir authentique que Montecristo. De fait, une grande partie des cigares export\u00e9s chaque ann\u00e9e de Cuba arborent la bague embl\u00e9matique Montecristo, preuve de leur immense popularit\u00e9 aupr\u00e8s des amateurs du monde entier.<\/p>\n<h5>Tabac cubain 100 % pur \u2013 La tradition \u00e0 la perfection<\/h5>\n<p>Ce cigare est enti\u00e8rement compos\u00e9 de tabac cubain (tripe, sous-cape et cape). Ces feuilles de tabac soigneusement s\u00e9lectionn\u00e9es lui conf\u00e8rent un ar\u00f4me unique et garantissent une qualit\u00e9 optimale \u00e0 chaque bouff\u00e9e. Le proc\u00e9d\u00e9 de fabrication traditionnel fait de chaque cigare une v\u00e9ritable \u0153uvre d&rsquo;art.<\/p>\n<h5>Le format Corona classique pour un plaisir \u00e9quilibr\u00e9<\/h5>\n<p>Avec son petit format Corona, le Montecristo n\u00b0 4 offre un \u00e9quilibre parfait entre intensit\u00e9 et dur\u00e9e de combustion. Sa longueur de 12,6 cm et son diam\u00e8tre de 1,67 cm assurent une prise en main confortable et une combustion uniforme.<\/p>\n<h5>Ar\u00f4me intense et dur\u00e9e de fumage d&amp;#39;environ 53 minutes<\/h5>\n<p>Ce cigare s\u00e9duit par son profil aromatique \u00e9quilibr\u00e9, \u00e0 la fois \u00e9pic\u00e9 et terreux, et par sa belle profondeur. Ni trop doux, ni trop fort, il convient aussi bien aux fumeurs d\u00e9butants qu&rsquo;aux connaisseurs. Avec une dur\u00e9e de d\u00e9gustation d&rsquo;environ 53 minutes, il est id\u00e9al pour des moments de d\u00e9tente et de plaisir.<\/p>\n<h5>Parfait pour toutes les occasions<\/h5>\n<p>Que ce soit au quotidien, pour se d\u00e9tendre apr\u00e8s le travail ou pour les grandes occasions, le Montecristo No. 4 est toujours un choix id\u00e9al. Il offre une qualit\u00e9 constante et une exp\u00e9rience gustative irr\u00e9prochable.<\/p>\n<p>Avec les cigares Montecristo No.4, vous choisissez un v\u00e9ritable classique qui \u00e9tablit des normes mondiales et incarne le plaisir du tabac cubain au plus haut niveau.<\/p>\n<p>Chez tabakversand.ch, vos cigares Montecristo No. 4 vous sont livr\u00e9s dans des conditions optimales de conservation, dans leur emballage d&rsquo;origine. Un stockage soign\u00e9 garantit la pr\u00e9servation parfaite de leur ar\u00f4me, de leur humidit\u00e9 et de leur qualit\u00e9 jusqu&rsquo;\u00e0 l&rsquo;exp\u00e9dition. Gr\u00e2ce \u00e0 une livraison rapide en Suisse, vos cigares vous parviennent g\u00e9n\u00e9ralement tr\u00e8s rapidement.<\/p>\n<p>Pour plus d&rsquo;informations sur le fabricant Montecristo, veuillez consulter l&rsquo;article Wikip\u00e9dia correspondant\u00a0: <a href=\"https:\/\/de.wikipedia.org\/wiki\/Montecristo_(Zigarre)\">cliquez ici<\/a> . Si vous avez des questions concernant le produit, n&rsquo;h\u00e9sitez pas \u00e0 nous contacter\u00a0: <a href=\"https:\/\/www.tabakversand.ch\/kontakt\/\">cliquez ici<\/a> .<\/p>\n<p>Tous les prix indiqu\u00e9s sont valables uniquement pour les commandes en ligne, TVA incluse, et peuvent \u00eatre modifi\u00e9s sans pr\u00e9avis. Les frais de port sont en sus. Sous r\u00e9serve d&rsquo;erreurs, de modifications de l&rsquo;\u00e9tendue de la livraison et de la conception, d&rsquo;erreurs d&rsquo;impression et de modifications de prix. Les prix barr\u00e9s sont plut\u00f4t des prix. L&rsquo;illustration peut diff\u00e9rer de l&rsquo;original\/de l&rsquo;\u00e9tendue de la livraison.<br \/>\n*Livraison gratuite pour les commandes sup\u00e9rieures \u00e0 CHF 250.-.<\/p>\n","protected":false},"excerpt":{"rendered":"<p>Cigares Montecristo n\u00b0 4 \u2013 Le classique havanais de renomm\u00e9e mondiale Les cigares Montecristo n\u00b0 4 figurent parmi les Habanos les plus c\u00e9l\u00e8bres et les plus vendus au monde. Peu de cigares incarnent aussi bien la tradition cubaine, la qualit\u00e9 et le plaisir authentique que Montecristo. De fait, une grande partie des cigares export\u00e9s chaque [&hellip;]<\/p>\n","protected":false},"featured_media":162977,"template":"","meta":[],"product_brand":[1497],"product_cat":[1993,2313,1994,2332],"product_tag":[],"class_list":{"0":"post-72744","1":"product","2":"type-product","3":"status-publish","4":"has-post-thumbnail","6":"product_brand-montecristo","7":"product_cat-cigares","8":"product_cat-cuba-fr","9":"product_cat-monde-du-cigare","10":"product_cat-montecristo-fr","11":"pa_tabak-zigarren-1-boite-de-25-pieces","12":"pa_tabak-zigarren-1-etui-en-3-parties","13":"pa_tabak-zigarren-1-x-1-cigare","15":"first","16":"instock","17":"purchasable","18":"product-type-variable"},"yoast_head":"<!-- This site is optimized with the Yoast SEO plugin v27.0 - https:\/\/yoast.com\/product\/yoast-seo-wordpress\/ -->\n<title>Achetez Montecristo No. 4 \u2013 Classiques cubains de La Havane<\/title>\n<meta name=\"description\" content=\"Montecristo n\u00b04 Cigares\u00a0: Corona cubain populaire, dur\u00e9e de fumage d\u2019environ 53\u00a0minutes. 100\u00a0% tabac cubain et ar\u00f4me intense \u2013 commandez en ligne d\u00e8s maintenant\u00a0!\" \/>\n<meta name=\"robots\" content=\"index, follow, max-snippet:-1, max-image-preview:large, max-video-preview:-1\" \/>\n<link rel=\"canonical\" href=\"https:\/\/www.tabakversand.ch\/fr\/produit\/montecristo-no-4-3er-case-cigares\/\" \/>\n<meta property=\"og:locale\" content=\"fr_FR\" \/>\n<meta property=\"og:type\" content=\"article\" \/>\n<meta property=\"og:title\" content=\"Achetez Montecristo No. 4 \u2013 Classiques cubains de La Havane\" \/>\n<meta property=\"og:description\" content=\"Montecristo n\u00b04 Cigares\u00a0: Corona cubain populaire, dur\u00e9e de fumage d\u2019environ 53\u00a0minutes. 100\u00a0% tabac cubain et ar\u00f4me intense \u2013 commandez en ligne d\u00e8s maintenant\u00a0!\" \/>\n<meta property=\"og:url\" content=\"https:\/\/www.tabakversand.ch\/fr\/produit\/montecristo-no-4-3er-case-cigares\/\" \/>\n<meta property=\"og:site_name\" content=\"Tabakversand.ch | Alles aus der Welt des Tabaks\" \/>\n<meta property=\"article:modified_time\" content=\"2026-04-23T09:25:30+00:00\" \/>\n<meta property=\"og:image\" content=\"https:\/\/www.tabakversand.ch\/wp-content\/uploads\/2024\/11\/montecristo-no-4-e.jpg\" \/>\n\t<meta property=\"og:image:width\" content=\"500\" \/>\n\t<meta property=\"og:image:height\" content=\"500\" \/>\n\t<meta property=\"og:image:type\" content=\"image\/jpeg\" \/>\n<meta name=\"twitter:card\" content=\"summary_large_image\" \/>\n<meta name=\"twitter:label1\" content=\"Dur\u00e9e de lecture estim\u00e9e\" \/>\n\t<meta name=\"twitter:data1\" content=\"3 minutes\" \/>\n<script type=\"application\/ld+json\" class=\"yoast-schema-graph\">{\"@context\":\"https:\/\/schema.org\",\"@graph\":[{\"@type\":\"WebPage\",\"@id\":\"https:\/\/www.tabakversand.ch\/fr\/produit\/montecristo-no-4-3er-case-cigares\/\",\"url\":\"https:\/\/www.tabakversand.ch\/fr\/produit\/montecristo-no-4-3er-case-cigares\/\",\"name\":\"Achetez Montecristo No. 4 \u2013 Classiques cubains de La Havane\",\"isPartOf\":{\"@id\":\"https:\/\/www.tabakversand.ch\/#website\"},\"primaryImageOfPage\":{\"@id\":\"https:\/\/www.tabakversand.ch\/fr\/produit\/montecristo-no-4-3er-case-cigares\/#primaryimage\"},\"image\":{\"@id\":\"https:\/\/www.tabakversand.ch\/fr\/produit\/montecristo-no-4-3er-case-cigares\/#primaryimage\"},\"thumbnailUrl\":\"https:\/\/www.tabakversand.ch\/wp-content\/uploads\/2024\/11\/montecristo-no-4-e.jpg\",\"datePublished\":\"2022-04-02T08:52:03+00:00\",\"dateModified\":\"2026-04-23T09:25:30+00:00\",\"description\":\"Montecristo n\u00b04 Cigares\u00a0: Corona cubain populaire, dur\u00e9e de fumage d\u2019environ 53\u00a0minutes. 100\u00a0% tabac cubain et ar\u00f4me intense \u2013 commandez en ligne d\u00e8s maintenant\u00a0!\",\"breadcrumb\":{\"@id\":\"https:\/\/www.tabakversand.ch\/fr\/produit\/montecristo-no-4-3er-case-cigares\/#breadcrumb\"},\"inLanguage\":\"fr-FR\",\"potentialAction\":[{\"@type\":\"ReadAction\",\"target\":[\"https:\/\/www.tabakversand.ch\/fr\/produit\/montecristo-no-4-3er-case-cigares\/\"]}]},{\"@type\":\"ImageObject\",\"inLanguage\":\"fr-FR\",\"@id\":\"https:\/\/www.tabakversand.ch\/fr\/produit\/montecristo-no-4-3er-case-cigares\/#primaryimage\",\"url\":\"https:\/\/www.tabakversand.ch\/wp-content\/uploads\/2024\/11\/montecristo-no-4-e.jpg\",\"contentUrl\":\"https:\/\/www.tabakversand.ch\/wp-content\/uploads\/2024\/11\/montecristo-no-4-e.jpg\",\"width\":500,\"height\":500,\"caption\":\"Montecristo No.4 1 Zigarre\"},{\"@type\":\"BreadcrumbList\",\"@id\":\"https:\/\/www.tabakversand.ch\/fr\/produit\/montecristo-no-4-3er-case-cigares\/#breadcrumb\",\"itemListElement\":[{\"@type\":\"ListItem\",\"position\":1,\"name\":\"Startseite\",\"item\":\"https:\/\/www.tabakversand.ch\/\"},{\"@type\":\"ListItem\",\"position\":2,\"name\":\"Boutique\",\"item\":\"https:\/\/www.tabakversand.ch\/fr\/boutique\/\"},{\"@type\":\"ListItem\",\"position\":3,\"name\":\"Montecristo n\u00b0 4\"}]},{\"@type\":\"WebSite\",\"@id\":\"https:\/\/www.tabakversand.ch\/#website\",\"url\":\"https:\/\/www.tabakversand.ch\/\",\"name\":\"Tabakversand.ch | Alles aus der Welt des Tabaks\",\"description\":\"Smoke and carpe diem\",\"potentialAction\":[{\"@type\":\"SearchAction\",\"target\":{\"@type\":\"EntryPoint\",\"urlTemplate\":\"https:\/\/www.tabakversand.ch\/?s={search_term_string}\"},\"query-input\":{\"@type\":\"PropertyValueSpecification\",\"valueRequired\":true,\"valueName\":\"search_term_string\"}}],\"inLanguage\":\"fr-FR\"}]}<\/script>\n<!-- \/ Yoast SEO plugin. -->","yoast_head_json":{"title":"Achetez Montecristo No. 4 \u2013 Classiques cubains de La Havane","description":"Montecristo n\u00b04 Cigares\u00a0: Corona cubain populaire, dur\u00e9e de fumage d\u2019environ 53\u00a0minutes. 100\u00a0% tabac cubain et ar\u00f4me intense \u2013 commandez en ligne d\u00e8s maintenant\u00a0!","robots":{"index":"index","follow":"follow","max-snippet":"max-snippet:-1","max-image-preview":"max-image-preview:large","max-video-preview":"max-video-preview:-1"},"canonical":"https:\/\/www.tabakversand.ch\/fr\/produit\/montecristo-no-4-3er-case-cigares\/","og_locale":"fr_FR","og_type":"article","og_title":"Achetez Montecristo No. 4 \u2013 Classiques cubains de La Havane","og_description":"Montecristo n\u00b04 Cigares\u00a0: Corona cubain populaire, dur\u00e9e de fumage d\u2019environ 53\u00a0minutes. 100\u00a0% tabac cubain et ar\u00f4me intense \u2013 commandez en ligne d\u00e8s maintenant\u00a0!","og_url":"https:\/\/www.tabakversand.ch\/fr\/produit\/montecristo-no-4-3er-case-cigares\/","og_site_name":"Tabakversand.ch | Alles aus der Welt des Tabaks","article_modified_time":"2026-04-23T09:25:30+00:00","og_image":[{"width":500,"height":500,"url":"https:\/\/www.tabakversand.ch\/wp-content\/uploads\/2024\/11\/montecristo-no-4-e.jpg","type":"image\/jpeg"}],"twitter_card":"summary_large_image","twitter_misc":{"Dur\u00e9e de lecture estim\u00e9e":"3 minutes"},"schema":{"@context":"https:\/\/schema.org","@graph":[{"@type":"WebPage","@id":"https:\/\/www.tabakversand.ch\/fr\/produit\/montecristo-no-4-3er-case-cigares\/","url":"https:\/\/www.tabakversand.ch\/fr\/produit\/montecristo-no-4-3er-case-cigares\/","name":"Achetez Montecristo No. 4 \u2013 Classiques cubains de La Havane","isPartOf":{"@id":"https:\/\/www.tabakversand.ch\/#website"},"primaryImageOfPage":{"@id":"https:\/\/www.tabakversand.ch\/fr\/produit\/montecristo-no-4-3er-case-cigares\/#primaryimage"},"image":{"@id":"https:\/\/www.tabakversand.ch\/fr\/produit\/montecristo-no-4-3er-case-cigares\/#primaryimage"},"thumbnailUrl":"https:\/\/www.tabakversand.ch\/wp-content\/uploads\/2024\/11\/montecristo-no-4-e.jpg","datePublished":"2022-04-02T08:52:03+00:00","dateModified":"2026-04-23T09:25:30+00:00","description":"Montecristo n\u00b04 Cigares\u00a0: Corona cubain populaire, dur\u00e9e de fumage d\u2019environ 53\u00a0minutes. 100\u00a0% tabac cubain et ar\u00f4me intense \u2013 commandez en ligne d\u00e8s maintenant\u00a0!","breadcrumb":{"@id":"https:\/\/www.tabakversand.ch\/fr\/produit\/montecristo-no-4-3er-case-cigares\/#breadcrumb"},"inLanguage":"fr-FR","potentialAction":[{"@type":"ReadAction","target":["https:\/\/www.tabakversand.ch\/fr\/produit\/montecristo-no-4-3er-case-cigares\/"]}]},{"@type":"ImageObject","inLanguage":"fr-FR","@id":"https:\/\/www.tabakversand.ch\/fr\/produit\/montecristo-no-4-3er-case-cigares\/#primaryimage","url":"https:\/\/www.tabakversand.ch\/wp-content\/uploads\/2024\/11\/montecristo-no-4-e.jpg","contentUrl":"https:\/\/www.tabakversand.ch\/wp-content\/uploads\/2024\/11\/montecristo-no-4-e.jpg","width":500,"height":500,"caption":"Montecristo No.4 1 Zigarre"},{"@type":"BreadcrumbList","@id":"https:\/\/www.tabakversand.ch\/fr\/produit\/montecristo-no-4-3er-case-cigares\/#breadcrumb","itemListElement":[{"@type":"ListItem","position":1,"name":"Startseite","item":"https:\/\/www.tabakversand.ch\/"},{"@type":"ListItem","position":2,"name":"Boutique","item":"https:\/\/www.tabakversand.ch\/fr\/boutique\/"},{"@type":"ListItem","position":3,"name":"Montecristo n\u00b0 4"}]},{"@type":"WebSite","@id":"https:\/\/www.tabakversand.ch\/#website","url":"https:\/\/www.tabakversand.ch\/","name":"Tabakversand.ch | Alles aus der Welt des Tabaks","description":"Smoke and carpe diem","potentialAction":[{"@type":"SearchAction","target":{"@type":"EntryPoint","urlTemplate":"https:\/\/www.tabakversand.ch\/?s={search_term_string}"},"query-input":{"@type":"PropertyValueSpecification","valueRequired":true,"valueName":"search_term_string"}}],"inLanguage":"fr-FR"}]}},"_links":{"self":[{"href":"https:\/\/www.tabakversand.ch\/fr\/wp-json\/wp\/v2\/product\/72744","targetHints":{"allow":["GET"]}}],"collection":[{"href":"https:\/\/www.tabakversand.ch\/fr\/wp-json\/wp\/v2\/product"}],"about":[{"href":"https:\/\/www.tabakversand.ch\/fr\/wp-json\/wp\/v2\/types\/product"}],"version-history":[{"count":8,"href":"https:\/\/www.tabakversand.ch\/fr\/wp-json\/wp\/v2\/product\/72744\/revisions"}],"predecessor-version":[{"id":218489,"href":"https:\/\/www.tabakversand.ch\/fr\/wp-json\/wp\/v2\/product\/72744\/revisions\/218489"}],"wp:featuredmedia":[{"embeddable":true,"href":"https:\/\/www.tabakversand.ch\/fr\/wp-json\/wp\/v2\/media\/162977"}],"wp:attachment":[{"href":"https:\/\/www.tabakversand.ch\/fr\/wp-json\/wp\/v2\/media?parent=72744"}],"wp:term":[{"taxonomy":"product_brand","embeddable":true,"href":"https:\/\/www.tabakversand.ch\/fr\/wp-json\/wp\/v2\/product_brand?post=72744"},{"taxonomy":"product_cat","embeddable":true,"href":"https:\/\/www.tabakversand.ch\/fr\/wp-json\/wp\/v2\/product_cat?post=72744"},{"taxonomy":"product_tag","embeddable":true,"href":"https:\/\/www.tabakversand.ch\/fr\/wp-json\/wp\/v2\/product_tag?post=72744"}],"curies":[{"name":"wp","href":"https:\/\/api.w.org\/{rel}","templated":true}]}}