{"id":72866,"date":"2024-10-29T11:28:49","date_gmt":"2024-10-29T10:28:49","guid":{"rendered":"http:\/\/www.tabakversand.ch\/produkt\/cohiba-linea-1492-siglo-ii-tubos-3-er-case-cigares\/"},"modified":"2024-11-15T11:35:13","modified_gmt":"2024-11-15T10:35:13","slug":"cohiba-linea-1492-siglo-ii-tubos-3-er-etui-cigares","status":"publish","type":"product","link":"https:\/\/www.tabakversand.ch\/fr\/produit\/cohiba-linea-1492-siglo-ii-tubos-3-er-etui-cigares\/","title":{"rendered":"Cohiba Linea 1492 Siglo II Tubos 3 er Case Cigares"},"content":{"rendered":"<p>Cohiba Linea 1492 Siglo II Tubos<\/p>\n<p>3 cigares<\/p>\n<p>Les cigares Cohiba Linea 1492 sont arriv\u00e9s en 1992 pour le 500e anniversaire. Anniversaire du long et aventureux voyage de d\u00e9couverte de Christophe Colomb sur le march\u00e9.Caract\u00e9ristique typique du Cohiba: Deux des esp\u00e8ces de feuilles incrust\u00e9es, Seco et Ligero, ont \u00e9galement \u00e9t\u00e9 ferment\u00e9es une troisi\u00e8me fois en f\u00fbts. Il en r\u00e9sulte un d\u00e9veloppement extraordinairement doux et bien \u00e9quilibr\u00e9 de leur vari\u00e9t\u00e9 d\u2019ar\u00f4mes.<\/p>\n<p>Format : petite Corona<br \/>\n Longueur : 12,9 cm<br \/>\n Diam\u00e8tre : 1,67 cm Insert : Cuba<br \/>\n Classeur : Cuba<br \/>\n Feuille de couverture : Cuba Tous les prix s&rsquo;appliquent uniquement aux commandes en ligne et incluent la TVA et sont sujets \u00e0 changement plus les frais d&rsquo;exp\u00e9dition. Sous r\u00e9serve d&rsquo;erreurs, de modifications de l&rsquo;\u00e9tendue de la livraison et de la conception, d&rsquo;erreurs d&rsquo;impression et de modifications de prix. Les prix barr\u00e9s sont plut\u00f4t des prix. L&rsquo;illustration peut diff\u00e9rer de l&rsquo;original\/de l&rsquo;\u00e9tendue de la livraison. *Livraison gratuite pour les commandes sup\u00e9rieures \u00e0 CHF 250.<\/p>\n<p>Tous les prix s&rsquo;appliquent uniquement aux commandes en ligne et incluent la TVA et sont sujets \u00e0 changement plus les frais d&rsquo;exp\u00e9dition. Sous r\u00e9serve d&rsquo;erreurs, de modifications de l&rsquo;\u00e9tendue de la livraison et de la conception, d&rsquo;erreurs d&rsquo;impression et de modifications de prix. Les prix barr\u00e9s sont plut\u00f4t des prix. L&rsquo;illustration peut diff\u00e9rer de l&rsquo;original\/de l&rsquo;\u00e9tendue de la livraison. *Livraison gratuite pour les commandes sup\u00e9rieures \u00e0 CHF 250.     <\/p>\n","protected":false},"excerpt":{"rendered":"<p>Cohiba Linea 1492 Siglo II Tubos 3 cigares Les cigares Cohiba Linea 1492 sont arriv\u00e9s en 1992 pour le 500e anniversaire. Anniversaire du long et aventureux voyage de d\u00e9couverte de Christophe Colomb sur le march\u00e9.Caract\u00e9ristique typique du Cohiba: Deux des esp\u00e8ces de feuilles incrust\u00e9es, Seco et Ligero, ont \u00e9galement \u00e9t\u00e9 ferment\u00e9es une troisi\u00e8me fois en [&hellip;]<\/p>\n","protected":false},"featured_media":72872,"template":"","meta":[],"product_brand":[1589],"product_cat":[1993,2323,2435,2313,1994],"product_tag":[],"class_list":{"0":"post-72866","1":"product","2":"type-product","3":"status-publish","4":"has-post-thumbnail","6":"product_brand-cohiba-zigarren","7":"product_cat-cigares","8":"product_cat-cohiba-fr","9":"product_cat-cohiba-linea-1492-fr","10":"product_cat-cuba-fr","11":"product_cat-monde-du-cigare","13":"first","14":"outofstock","15":"purchasable","16":"product-type-simple"},"yoast_head":"<!-- This site is optimized with the Yoast SEO plugin v27.0 - https:\/\/yoast.com\/product\/yoast-seo-wordpress\/ -->\n<title>Cohiba Linea 1492 Siglo II Tubos 3 er Case Cigares - Tabakversand.ch | Alles aus der Welt des Tabaks<\/title>\n<meta name=\"description\" content=\"Cohiba Linea 1492 Siglo II Tubos 3 caisses de cigares | Un grand choix de produits du tabac, d&#039;e-smoke et d&#039;ustensiles pour fumer dans toute la Suisse Cartes accept\u00e9es !\" \/>\n<meta name=\"robots\" content=\"index, follow, max-snippet:-1, max-image-preview:large, max-video-preview:-1\" \/>\n<link rel=\"canonical\" href=\"https:\/\/www.tabakversand.ch\/?post_type=product&p=54546\" \/>\n<meta property=\"og:locale\" content=\"fr_FR\" \/>\n<meta property=\"og:type\" content=\"article\" \/>\n<meta property=\"og:title\" content=\"Cohiba Linea 1492 Siglo II Tubos 3 er Case Cigares - Tabakversand.ch | Alles aus der Welt des Tabaks\" \/>\n<meta property=\"og:description\" content=\"Cohiba Linea 1492 Siglo II Tubos 3 caisses de cigares | Un grand choix de produits du tabac, d&#039;e-smoke et d&#039;ustensiles pour fumer dans toute la Suisse Cartes accept\u00e9es !\" \/>\n<meta property=\"og:url\" content=\"https:\/\/www.tabakversand.ch\/?post_type=product&amp;p=54546\" \/>\n<meta property=\"og:site_name\" content=\"Tabakversand.ch | Alles aus der Welt des Tabaks\" \/>\n<meta property=\"article:modified_time\" content=\"2024-11-15T10:35:13+00:00\" \/>\n<meta property=\"og:image\" content=\"https:\/\/www.tabakversand.ch\/wp-content\/uploads\/2022\/03\/cohiba-linea-1492-siglo-2-alu-tubos-3-etui.jpg\" \/>\n\t<meta property=\"og:image:width\" content=\"500\" \/>\n\t<meta property=\"og:image:height\" content=\"500\" \/>\n\t<meta property=\"og:image:type\" content=\"image\/jpeg\" \/>\n<meta name=\"twitter:card\" content=\"summary_large_image\" \/>\n<meta name=\"twitter:label1\" content=\"Dur\u00e9e de lecture estim\u00e9e\" \/>\n\t<meta name=\"twitter:data1\" content=\"1 minute\" \/>\n<script type=\"application\/ld+json\" class=\"yoast-schema-graph\">{\"@context\":\"https:\/\/schema.org\",\"@graph\":[{\"@type\":\"WebPage\",\"@id\":\"https:\/\/www.tabakversand.ch\/?post_type=product&p=54546\",\"url\":\"https:\/\/www.tabakversand.ch\/?post_type=product&p=54546\",\"name\":\"Cohiba Linea 1492 Siglo II Tubos 3 er Case Cigares - Tabakversand.ch | Alles aus der Welt des Tabaks\",\"isPartOf\":{\"@id\":\"https:\/\/www.tabakversand.ch\/#website\"},\"primaryImageOfPage\":{\"@id\":\"https:\/\/www.tabakversand.ch\/?post_type=product&p=54546#primaryimage\"},\"image\":{\"@id\":\"https:\/\/www.tabakversand.ch\/?post_type=product&p=54546#primaryimage\"},\"thumbnailUrl\":\"https:\/\/www.tabakversand.ch\/wp-content\/uploads\/2022\/03\/cohiba-linea-1492-siglo-2-alu-tubos-3-etui.jpg\",\"datePublished\":\"2024-10-29T10:28:49+00:00\",\"dateModified\":\"2024-11-15T10:35:13+00:00\",\"description\":\"Cohiba Linea 1492 Siglo II Tubos 3 caisses de cigares | Un grand choix de produits du tabac, d'e-smoke et d'ustensiles pour fumer dans toute la Suisse Cartes accept\u00e9es !\",\"breadcrumb\":{\"@id\":\"https:\/\/www.tabakversand.ch\/?post_type=product&p=54546#breadcrumb\"},\"inLanguage\":\"fr-FR\",\"potentialAction\":[{\"@type\":\"ReadAction\",\"target\":[\"https:\/\/www.tabakversand.ch\/?post_type=product&p=54546\"]}]},{\"@type\":\"ImageObject\",\"inLanguage\":\"fr-FR\",\"@id\":\"https:\/\/www.tabakversand.ch\/?post_type=product&p=54546#primaryimage\",\"url\":\"https:\/\/www.tabakversand.ch\/wp-content\/uploads\/2022\/03\/cohiba-linea-1492-siglo-2-alu-tubos-3-etui.jpg\",\"contentUrl\":\"https:\/\/www.tabakversand.ch\/wp-content\/uploads\/2022\/03\/cohiba-linea-1492-siglo-2-alu-tubos-3-etui.jpg\",\"width\":500,\"height\":500,\"caption\":\"Cohiba Linea 1492 Siglo II Tubos 3 er Case Cigares\"},{\"@type\":\"BreadcrumbList\",\"@id\":\"https:\/\/www.tabakversand.ch\/?post_type=product&p=54546#breadcrumb\",\"itemListElement\":[{\"@type\":\"ListItem\",\"position\":1,\"name\":\"Startseite\",\"item\":\"https:\/\/www.tabakversand.ch\/\"},{\"@type\":\"ListItem\",\"position\":2,\"name\":\"Boutique\",\"item\":\"https:\/\/www.tabakversand.ch\/fr\/boutique\/\"},{\"@type\":\"ListItem\",\"position\":3,\"name\":\"Cohiba Linea 1492 Siglo II Tubos 3 er Case Cigares\"}]},{\"@type\":\"WebSite\",\"@id\":\"https:\/\/www.tabakversand.ch\/#website\",\"url\":\"https:\/\/www.tabakversand.ch\/\",\"name\":\"Tabakversand.ch | Alles aus der Welt des Tabaks\",\"description\":\"Smoke and carpe diem\",\"potentialAction\":[{\"@type\":\"SearchAction\",\"target\":{\"@type\":\"EntryPoint\",\"urlTemplate\":\"https:\/\/www.tabakversand.ch\/?s={search_term_string}\"},\"query-input\":{\"@type\":\"PropertyValueSpecification\",\"valueRequired\":true,\"valueName\":\"search_term_string\"}}],\"inLanguage\":\"fr-FR\"}]}<\/script>\n<!-- \/ Yoast SEO plugin. -->","yoast_head_json":{"title":"Cohiba Linea 1492 Siglo II Tubos 3 er Case Cigares - Tabakversand.ch | Alles aus der Welt des Tabaks","description":"Cohiba Linea 1492 Siglo II Tubos 3 caisses de cigares | Un grand choix de produits du tabac, d'e-smoke et d'ustensiles pour fumer dans toute la Suisse Cartes accept\u00e9es !","robots":{"index":"index","follow":"follow","max-snippet":"max-snippet:-1","max-image-preview":"max-image-preview:large","max-video-preview":"max-video-preview:-1"},"canonical":"https:\/\/www.tabakversand.ch\/?post_type=product&p=54546","og_locale":"fr_FR","og_type":"article","og_title":"Cohiba Linea 1492 Siglo II Tubos 3 er Case Cigares - Tabakversand.ch | Alles aus der Welt des Tabaks","og_description":"Cohiba Linea 1492 Siglo II Tubos 3 caisses de cigares | Un grand choix de produits du tabac, d'e-smoke et d'ustensiles pour fumer dans toute la Suisse Cartes accept\u00e9es !","og_url":"https:\/\/www.tabakversand.ch\/?post_type=product&p=54546","og_site_name":"Tabakversand.ch | Alles aus der Welt des Tabaks","article_modified_time":"2024-11-15T10:35:13+00:00","og_image":[{"width":500,"height":500,"url":"https:\/\/www.tabakversand.ch\/wp-content\/uploads\/2022\/03\/cohiba-linea-1492-siglo-2-alu-tubos-3-etui.jpg","type":"image\/jpeg"}],"twitter_card":"summary_large_image","twitter_misc":{"Dur\u00e9e de lecture estim\u00e9e":"1 minute"},"schema":{"@context":"https:\/\/schema.org","@graph":[{"@type":"WebPage","@id":"https:\/\/www.tabakversand.ch\/?post_type=product&p=54546","url":"https:\/\/www.tabakversand.ch\/?post_type=product&p=54546","name":"Cohiba Linea 1492 Siglo II Tubos 3 er Case Cigares - Tabakversand.ch | Alles aus der Welt des Tabaks","isPartOf":{"@id":"https:\/\/www.tabakversand.ch\/#website"},"primaryImageOfPage":{"@id":"https:\/\/www.tabakversand.ch\/?post_type=product&p=54546#primaryimage"},"image":{"@id":"https:\/\/www.tabakversand.ch\/?post_type=product&p=54546#primaryimage"},"thumbnailUrl":"https:\/\/www.tabakversand.ch\/wp-content\/uploads\/2022\/03\/cohiba-linea-1492-siglo-2-alu-tubos-3-etui.jpg","datePublished":"2024-10-29T10:28:49+00:00","dateModified":"2024-11-15T10:35:13+00:00","description":"Cohiba Linea 1492 Siglo II Tubos 3 caisses de cigares | Un grand choix de produits du tabac, d'e-smoke et d'ustensiles pour fumer dans toute la Suisse Cartes accept\u00e9es !","breadcrumb":{"@id":"https:\/\/www.tabakversand.ch\/?post_type=product&p=54546#breadcrumb"},"inLanguage":"fr-FR","potentialAction":[{"@type":"ReadAction","target":["https:\/\/www.tabakversand.ch\/?post_type=product&p=54546"]}]},{"@type":"ImageObject","inLanguage":"fr-FR","@id":"https:\/\/www.tabakversand.ch\/?post_type=product&p=54546#primaryimage","url":"https:\/\/www.tabakversand.ch\/wp-content\/uploads\/2022\/03\/cohiba-linea-1492-siglo-2-alu-tubos-3-etui.jpg","contentUrl":"https:\/\/www.tabakversand.ch\/wp-content\/uploads\/2022\/03\/cohiba-linea-1492-siglo-2-alu-tubos-3-etui.jpg","width":500,"height":500,"caption":"Cohiba Linea 1492 Siglo II Tubos 3 er Case Cigares"},{"@type":"BreadcrumbList","@id":"https:\/\/www.tabakversand.ch\/?post_type=product&p=54546#breadcrumb","itemListElement":[{"@type":"ListItem","position":1,"name":"Startseite","item":"https:\/\/www.tabakversand.ch\/"},{"@type":"ListItem","position":2,"name":"Boutique","item":"https:\/\/www.tabakversand.ch\/fr\/boutique\/"},{"@type":"ListItem","position":3,"name":"Cohiba Linea 1492 Siglo II Tubos 3 er Case Cigares"}]},{"@type":"WebSite","@id":"https:\/\/www.tabakversand.ch\/#website","url":"https:\/\/www.tabakversand.ch\/","name":"Tabakversand.ch | Alles aus der Welt des Tabaks","description":"Smoke and carpe diem","potentialAction":[{"@type":"SearchAction","target":{"@type":"EntryPoint","urlTemplate":"https:\/\/www.tabakversand.ch\/?s={search_term_string}"},"query-input":{"@type":"PropertyValueSpecification","valueRequired":true,"valueName":"search_term_string"}}],"inLanguage":"fr-FR"}]}},"_links":{"self":[{"href":"https:\/\/www.tabakversand.ch\/fr\/wp-json\/wp\/v2\/product\/72866","targetHints":{"allow":["GET"]}}],"collection":[{"href":"https:\/\/www.tabakversand.ch\/fr\/wp-json\/wp\/v2\/product"}],"about":[{"href":"https:\/\/www.tabakversand.ch\/fr\/wp-json\/wp\/v2\/types\/product"}],"version-history":[{"count":2,"href":"https:\/\/www.tabakversand.ch\/fr\/wp-json\/wp\/v2\/product\/72866\/revisions"}],"predecessor-version":[{"id":162955,"href":"https:\/\/www.tabakversand.ch\/fr\/wp-json\/wp\/v2\/product\/72866\/revisions\/162955"}],"wp:featuredmedia":[{"embeddable":true,"href":"https:\/\/www.tabakversand.ch\/fr\/wp-json\/wp\/v2\/media\/72872"}],"wp:attachment":[{"href":"https:\/\/www.tabakversand.ch\/fr\/wp-json\/wp\/v2\/media?parent=72866"}],"wp:term":[{"taxonomy":"product_brand","embeddable":true,"href":"https:\/\/www.tabakversand.ch\/fr\/wp-json\/wp\/v2\/product_brand?post=72866"},{"taxonomy":"product_cat","embeddable":true,"href":"https:\/\/www.tabakversand.ch\/fr\/wp-json\/wp\/v2\/product_cat?post=72866"},{"taxonomy":"product_tag","embeddable":true,"href":"https:\/\/www.tabakversand.ch\/fr\/wp-json\/wp\/v2\/product_tag?post=72866"}],"curies":[{"name":"wp","href":"https:\/\/api.w.org\/{rel}","templated":true}]}}