{"id":73199,"date":"2022-04-02T10:48:59","date_gmt":"2022-04-02T08:48:59","guid":{"rendered":"http:\/\/www.tabakversand.ch\/produkt\/papier-a-cigarette-mascotte-o-extra-50\/"},"modified":"2026-01-29T14:07:29","modified_gmt":"2026-01-29T13:07:29","slug":"papier-a-cigarette-mascotte-o-extra-50","status":"publish","type":"product","link":"https:\/\/www.tabakversand.ch\/fr\/produit\/papier-a-cigarette-mascotte-o-extra-50\/","title":{"rendered":"Papier \u00e0 cigarette Mascotte O Extra 50"},"content":{"rendered":"<p>Papier \u00e0 cigarette Mascotte O Extra 50<\/p>\n<p>50 x 50 feuilles<\/p>\n<p>Du papier ultra-l\u00e9ger pour un pur plaisir<\/p>\n<p>Les feuilles \u00e0 rouler Mascotte O Extra Thin impressionnent par leur finesse exceptionnelle, assurant une combustion lente et uniforme. La colle naturelle d&rsquo;acacia garantit une tenue parfaite tout en pr\u00e9servant la saveur pure du tabac. Ces feuilles sont id\u00e9ales pour les fumeurs qui appr\u00e9cient une exp\u00e9rience minimaliste et haut de gamme et qui privil\u00e9gient la qualit\u00e9 dans la confection de leurs cigarettes.  <\/p>\n<p>Tous les prix s&rsquo;appliquent uniquement aux commandes en ligne et incluent la TVA. Sous r\u00e9serve de modifications sans pr\u00e9avis, frais de livraison en sus. Sous r\u00e9serve d&rsquo;erreurs, de modifications de contenu de livraison et de conception, de fautes d&rsquo;impression et de modifications de prix. Les prix barr\u00e9s sont des prix de remplacement. Les illustrations peuvent diff\u00e9rer de l&rsquo;original\/du contenu de livraison.<br \/>\n*Livraison gratuite pour les commandes sup\u00e9rieures \u00e0 CHF 250.-.<\/p>\n","protected":false},"excerpt":{"rendered":"<p>Papier \u00e0 cigarette Mascotte O Extra 50 50 x 50 feuilles Du papier ultra-l\u00e9ger pour un pur plaisir Les feuilles \u00e0 rouler Mascotte O Extra Thin impressionnent par leur finesse exceptionnelle, assurant une combustion lente et uniforme. La colle naturelle d&rsquo;acacia garantit une tenue parfaite tout en pr\u00e9servant la saveur pure du tabac. Ces feuilles [&hellip;]<\/p>\n","protected":false},"featured_media":211749,"template":"","meta":[],"product_brand":[1554],"product_cat":[1961,5200,2015],"product_tag":[],"class_list":{"0":"post-73199","1":"product","2":"type-product","3":"status-publish","4":"has-post-thumbnail","6":"product_brand-mascotte","7":"product_cat-cigarettes-self-made-fr-2","8":"product_cat-papier","9":"product_cat-papier-a-rouler","11":"first","12":"onbackorder","13":"purchasable","14":"product-type-simple"},"yoast_head":"<!-- This site is optimized with the Yoast SEO plugin v27.0 - https:\/\/yoast.com\/product\/yoast-seo-wordpress\/ -->\n<title>Papier \u00e0 cigarette Mascotte O Extra 50 - Tabakversand.ch | Alles aus der Welt des Tabaks<\/title>\n<meta name=\"description\" content=\"Mascotte O Extra 50 Papier \u00e0 cigarettes | La plus grande s\u00e9lection de produits du tabac de Suisse | Toutes les cartes sont accept\u00e9es!\" \/>\n<meta name=\"robots\" content=\"index, follow, max-snippet:-1, max-image-preview:large, max-video-preview:-1\" \/>\n<link rel=\"canonical\" href=\"https:\/\/www.tabakversand.ch\/fr\/produit\/papier-a-cigarette-mascotte-o-extra-50\/\" \/>\n<meta property=\"og:locale\" content=\"fr_FR\" \/>\n<meta property=\"og:type\" content=\"article\" \/>\n<meta property=\"og:title\" content=\"Papier \u00e0 cigarette Mascotte O Extra 50 - Tabakversand.ch | Alles aus der Welt des Tabaks\" \/>\n<meta property=\"og:description\" content=\"Mascotte O Extra 50 Papier \u00e0 cigarettes | La plus grande s\u00e9lection de produits du tabac de Suisse | Toutes les cartes sont accept\u00e9es!\" \/>\n<meta property=\"og:url\" content=\"https:\/\/www.tabakversand.ch\/fr\/produit\/papier-a-cigarette-mascotte-o-extra-50\/\" \/>\n<meta property=\"og:site_name\" content=\"Tabakversand.ch | Alles aus der Welt des Tabaks\" \/>\n<meta property=\"article:modified_time\" content=\"2026-01-29T13:07:29+00:00\" \/>\n<meta property=\"og:image\" content=\"https:\/\/www.tabakversand.ch\/wp-content\/uploads\/2022\/04\/mascotte-o-extra-thin-zigarettenpapier-69015.jpg\" \/>\n\t<meta property=\"og:image:width\" content=\"500\" \/>\n\t<meta property=\"og:image:height\" content=\"500\" \/>\n\t<meta property=\"og:image:type\" content=\"image\/jpeg\" \/>\n<meta name=\"twitter:card\" content=\"summary_large_image\" \/>\n<meta name=\"twitter:label1\" content=\"Dur\u00e9e de lecture estim\u00e9e\" \/>\n\t<meta name=\"twitter:data1\" content=\"1 minute\" \/>\n<script type=\"application\/ld+json\" class=\"yoast-schema-graph\">{\"@context\":\"https:\/\/schema.org\",\"@graph\":[{\"@type\":\"WebPage\",\"@id\":\"https:\/\/www.tabakversand.ch\/fr\/produit\/papier-a-cigarette-mascotte-o-extra-50\/\",\"url\":\"https:\/\/www.tabakversand.ch\/fr\/produit\/papier-a-cigarette-mascotte-o-extra-50\/\",\"name\":\"Papier \u00e0 cigarette Mascotte O Extra 50 - Tabakversand.ch | Alles aus der Welt des Tabaks\",\"isPartOf\":{\"@id\":\"https:\/\/www.tabakversand.ch\/#website\"},\"primaryImageOfPage\":{\"@id\":\"https:\/\/www.tabakversand.ch\/fr\/produit\/papier-a-cigarette-mascotte-o-extra-50\/#primaryimage\"},\"image\":{\"@id\":\"https:\/\/www.tabakversand.ch\/fr\/produit\/papier-a-cigarette-mascotte-o-extra-50\/#primaryimage\"},\"thumbnailUrl\":\"https:\/\/www.tabakversand.ch\/wp-content\/uploads\/2022\/04\/mascotte-o-extra-thin-zigarettenpapier-69015.jpg\",\"datePublished\":\"2022-04-02T08:48:59+00:00\",\"dateModified\":\"2026-01-29T13:07:29+00:00\",\"description\":\"Mascotte O Extra 50 Papier \u00e0 cigarettes | La plus grande s\u00e9lection de produits du tabac de Suisse | Toutes les cartes sont accept\u00e9es!\",\"breadcrumb\":{\"@id\":\"https:\/\/www.tabakversand.ch\/fr\/produit\/papier-a-cigarette-mascotte-o-extra-50\/#breadcrumb\"},\"inLanguage\":\"fr-FR\",\"potentialAction\":[{\"@type\":\"ReadAction\",\"target\":[\"https:\/\/www.tabakversand.ch\/fr\/produit\/papier-a-cigarette-mascotte-o-extra-50\/\"]}]},{\"@type\":\"ImageObject\",\"inLanguage\":\"fr-FR\",\"@id\":\"https:\/\/www.tabakversand.ch\/fr\/produit\/papier-a-cigarette-mascotte-o-extra-50\/#primaryimage\",\"url\":\"https:\/\/www.tabakversand.ch\/wp-content\/uploads\/2022\/04\/mascotte-o-extra-thin-zigarettenpapier-69015.jpg\",\"contentUrl\":\"https:\/\/www.tabakversand.ch\/wp-content\/uploads\/2022\/04\/mascotte-o-extra-thin-zigarettenpapier-69015.jpg\",\"width\":500,\"height\":500,\"caption\":\"Mascotte O Extra 50 feuilles \u00e0 cigarettes | tabakversand.ch\"},{\"@type\":\"BreadcrumbList\",\"@id\":\"https:\/\/www.tabakversand.ch\/fr\/produit\/papier-a-cigarette-mascotte-o-extra-50\/#breadcrumb\",\"itemListElement\":[{\"@type\":\"ListItem\",\"position\":1,\"name\":\"Startseite\",\"item\":\"https:\/\/www.tabakversand.ch\/\"},{\"@type\":\"ListItem\",\"position\":2,\"name\":\"Boutique\",\"item\":\"https:\/\/www.tabakversand.ch\/fr\/boutique\/\"},{\"@type\":\"ListItem\",\"position\":3,\"name\":\"Papier \u00e0 cigarette Mascotte O Extra 50\"}]},{\"@type\":\"WebSite\",\"@id\":\"https:\/\/www.tabakversand.ch\/#website\",\"url\":\"https:\/\/www.tabakversand.ch\/\",\"name\":\"Tabakversand.ch | Alles aus der Welt des Tabaks\",\"description\":\"Smoke and carpe diem\",\"potentialAction\":[{\"@type\":\"SearchAction\",\"target\":{\"@type\":\"EntryPoint\",\"urlTemplate\":\"https:\/\/www.tabakversand.ch\/?s={search_term_string}\"},\"query-input\":{\"@type\":\"PropertyValueSpecification\",\"valueRequired\":true,\"valueName\":\"search_term_string\"}}],\"inLanguage\":\"fr-FR\"}]}<\/script>\n<!-- \/ Yoast SEO plugin. -->","yoast_head_json":{"title":"Papier \u00e0 cigarette Mascotte O Extra 50 - Tabakversand.ch | Alles aus der Welt des Tabaks","description":"Mascotte O Extra 50 Papier \u00e0 cigarettes | La plus grande s\u00e9lection de produits du tabac de Suisse | Toutes les cartes sont accept\u00e9es!","robots":{"index":"index","follow":"follow","max-snippet":"max-snippet:-1","max-image-preview":"max-image-preview:large","max-video-preview":"max-video-preview:-1"},"canonical":"https:\/\/www.tabakversand.ch\/fr\/produit\/papier-a-cigarette-mascotte-o-extra-50\/","og_locale":"fr_FR","og_type":"article","og_title":"Papier \u00e0 cigarette Mascotte O Extra 50 - Tabakversand.ch | Alles aus der Welt des Tabaks","og_description":"Mascotte O Extra 50 Papier \u00e0 cigarettes | La plus grande s\u00e9lection de produits du tabac de Suisse | Toutes les cartes sont accept\u00e9es!","og_url":"https:\/\/www.tabakversand.ch\/fr\/produit\/papier-a-cigarette-mascotte-o-extra-50\/","og_site_name":"Tabakversand.ch | Alles aus der Welt des Tabaks","article_modified_time":"2026-01-29T13:07:29+00:00","og_image":[{"width":500,"height":500,"url":"https:\/\/www.tabakversand.ch\/wp-content\/uploads\/2022\/04\/mascotte-o-extra-thin-zigarettenpapier-69015.jpg","type":"image\/jpeg"}],"twitter_card":"summary_large_image","twitter_misc":{"Dur\u00e9e de lecture estim\u00e9e":"1 minute"},"schema":{"@context":"https:\/\/schema.org","@graph":[{"@type":"WebPage","@id":"https:\/\/www.tabakversand.ch\/fr\/produit\/papier-a-cigarette-mascotte-o-extra-50\/","url":"https:\/\/www.tabakversand.ch\/fr\/produit\/papier-a-cigarette-mascotte-o-extra-50\/","name":"Papier \u00e0 cigarette Mascotte O Extra 50 - Tabakversand.ch | Alles aus der Welt des Tabaks","isPartOf":{"@id":"https:\/\/www.tabakversand.ch\/#website"},"primaryImageOfPage":{"@id":"https:\/\/www.tabakversand.ch\/fr\/produit\/papier-a-cigarette-mascotte-o-extra-50\/#primaryimage"},"image":{"@id":"https:\/\/www.tabakversand.ch\/fr\/produit\/papier-a-cigarette-mascotte-o-extra-50\/#primaryimage"},"thumbnailUrl":"https:\/\/www.tabakversand.ch\/wp-content\/uploads\/2022\/04\/mascotte-o-extra-thin-zigarettenpapier-69015.jpg","datePublished":"2022-04-02T08:48:59+00:00","dateModified":"2026-01-29T13:07:29+00:00","description":"Mascotte O Extra 50 Papier \u00e0 cigarettes | La plus grande s\u00e9lection de produits du tabac de Suisse | Toutes les cartes sont accept\u00e9es!","breadcrumb":{"@id":"https:\/\/www.tabakversand.ch\/fr\/produit\/papier-a-cigarette-mascotte-o-extra-50\/#breadcrumb"},"inLanguage":"fr-FR","potentialAction":[{"@type":"ReadAction","target":["https:\/\/www.tabakversand.ch\/fr\/produit\/papier-a-cigarette-mascotte-o-extra-50\/"]}]},{"@type":"ImageObject","inLanguage":"fr-FR","@id":"https:\/\/www.tabakversand.ch\/fr\/produit\/papier-a-cigarette-mascotte-o-extra-50\/#primaryimage","url":"https:\/\/www.tabakversand.ch\/wp-content\/uploads\/2022\/04\/mascotte-o-extra-thin-zigarettenpapier-69015.jpg","contentUrl":"https:\/\/www.tabakversand.ch\/wp-content\/uploads\/2022\/04\/mascotte-o-extra-thin-zigarettenpapier-69015.jpg","width":500,"height":500,"caption":"Mascotte O Extra 50 feuilles \u00e0 cigarettes | tabakversand.ch"},{"@type":"BreadcrumbList","@id":"https:\/\/www.tabakversand.ch\/fr\/produit\/papier-a-cigarette-mascotte-o-extra-50\/#breadcrumb","itemListElement":[{"@type":"ListItem","position":1,"name":"Startseite","item":"https:\/\/www.tabakversand.ch\/"},{"@type":"ListItem","position":2,"name":"Boutique","item":"https:\/\/www.tabakversand.ch\/fr\/boutique\/"},{"@type":"ListItem","position":3,"name":"Papier \u00e0 cigarette Mascotte O Extra 50"}]},{"@type":"WebSite","@id":"https:\/\/www.tabakversand.ch\/#website","url":"https:\/\/www.tabakversand.ch\/","name":"Tabakversand.ch | Alles aus der Welt des Tabaks","description":"Smoke and carpe diem","potentialAction":[{"@type":"SearchAction","target":{"@type":"EntryPoint","urlTemplate":"https:\/\/www.tabakversand.ch\/?s={search_term_string}"},"query-input":{"@type":"PropertyValueSpecification","valueRequired":true,"valueName":"search_term_string"}}],"inLanguage":"fr-FR"}]}},"_links":{"self":[{"href":"https:\/\/www.tabakversand.ch\/fr\/wp-json\/wp\/v2\/product\/73199","targetHints":{"allow":["GET"]}}],"collection":[{"href":"https:\/\/www.tabakversand.ch\/fr\/wp-json\/wp\/v2\/product"}],"about":[{"href":"https:\/\/www.tabakversand.ch\/fr\/wp-json\/wp\/v2\/types\/product"}],"version-history":[{"count":2,"href":"https:\/\/www.tabakversand.ch\/fr\/wp-json\/wp\/v2\/product\/73199\/revisions"}],"predecessor-version":[{"id":211762,"href":"https:\/\/www.tabakversand.ch\/fr\/wp-json\/wp\/v2\/product\/73199\/revisions\/211762"}],"wp:featuredmedia":[{"embeddable":true,"href":"https:\/\/www.tabakversand.ch\/fr\/wp-json\/wp\/v2\/media\/211749"}],"wp:attachment":[{"href":"https:\/\/www.tabakversand.ch\/fr\/wp-json\/wp\/v2\/media?parent=73199"}],"wp:term":[{"taxonomy":"product_brand","embeddable":true,"href":"https:\/\/www.tabakversand.ch\/fr\/wp-json\/wp\/v2\/product_brand?post=73199"},{"taxonomy":"product_cat","embeddable":true,"href":"https:\/\/www.tabakversand.ch\/fr\/wp-json\/wp\/v2\/product_cat?post=73199"},{"taxonomy":"product_tag","embeddable":true,"href":"https:\/\/www.tabakversand.ch\/fr\/wp-json\/wp\/v2\/product_tag?post=73199"}],"curies":[{"name":"wp","href":"https:\/\/api.w.org\/{rel}","templated":true}]}}