{"id":73261,"date":"2022-04-02T10:48:59","date_gmt":"2022-04-02T08:48:59","guid":{"rendered":"http:\/\/www.tabakversand.ch\/produkt\/mascotte-slim-size-elements-33-papier-a-cigarette\/"},"modified":"2026-01-29T14:07:08","modified_gmt":"2026-01-29T13:07:08","slug":"mascotte-slim-size-elements-33-papier-a-cigarettes","status":"publish","type":"product","link":"https:\/\/www.tabakversand.ch\/fr\/produit\/mascotte-slim-size-elements-33-papier-a-cigarettes\/","title":{"rendered":"Mascotte KS Slim Taille 50 x 34 pi\u00e8ces. Papier \u00e0 rouler"},"content":{"rendered":"<p>Mascotte KS Slim Taille 50 x 34 pi\u00e8ces. Papier \u00e0 rouler<\/p>\n<p>Fine et \u00e9l\u00e9gante<\/p>\n<p>Les feuilles \u00e0 rouler Mascotte Slim Size s\u00e9duisent par leur format fin et pratique, id\u00e9al pour les cigarettes fines et \u00e9l\u00e9gantes. Leur papier fin de haute qualit\u00e9 assure une combustion lente et uniforme, pr\u00e9servant ainsi la saveur naturelle du tabac. La fermeture magn\u00e9tique pratique maintient la feuille fra\u00eeche et la prot\u00e8ge, parfaite pour un usage quotidien ou en d\u00e9placement.  <\/p>\n<p>Tous les prix s&rsquo;appliquent uniquement aux commandes en ligne et incluent la TVA. Sous r\u00e9serve de modifications sans pr\u00e9avis, frais de livraison en sus. Sous r\u00e9serve d&rsquo;erreurs, de modifications de contenu de livraison et de conception, de fautes d&rsquo;impression et de modifications de prix. Les prix barr\u00e9s sont des prix de remplacement. Les illustrations peuvent diff\u00e9rer de l&rsquo;original\/du contenu de livraison.<br \/>\n*Livraison gratuite pour les commandes sup\u00e9rieures \u00e0 CHF 250.-.<\/p>\n","protected":false},"excerpt":{"rendered":"<p>Mascotte KS Slim Taille 50 x 34 pi\u00e8ces. Papier \u00e0 rouler Fine et \u00e9l\u00e9gante Les feuilles \u00e0 rouler Mascotte Slim Size s\u00e9duisent par leur format fin et pratique, id\u00e9al pour les cigarettes fines et \u00e9l\u00e9gantes. Leur papier fin de haute qualit\u00e9 assure une combustion lente et uniforme, pr\u00e9servant ainsi la saveur naturelle du tabac. La [&hellip;]<\/p>\n","protected":false},"featured_media":211744,"template":"","meta":[],"product_brand":[1554],"product_cat":[3263,3219,1961,1995,5194,2015,3227],"product_tag":[],"class_list":{"0":"post-73261","1":"product","2":"type-product","3":"status-publish","4":"has-post-thumbnail","6":"product_brand-mascotte","7":"product_cat-article-long","8":"product_cat-boutique-de-tete","9":"product_cat-cigarettes-self-made-fr-2","10":"product_cat-divers-headshop","11":"product_cat-longpaper","12":"product_cat-papier-a-rouler","13":"product_cat-papier-long-et-rouleaux","15":"first","16":"onbackorder","17":"purchasable","18":"product-type-simple"},"yoast_head":"<!-- This site is optimized with the Yoast SEO plugin v27.5 - https:\/\/yoast.com\/product\/yoast-seo-wordpress\/ -->\n<title>Mascotte KS Slim Taille 50 x 34 pi\u00e8ces. Papier \u00e0 rouler<\/title>\n<meta name=\"description\" content=\"Feuilles \u00e0 rouler Mascotte KS Slim, format 50 x 34 | Un tr\u00e8s grand choix de produits du tabac, cigarettes \u00e9lectroniques et accessoires pour fumeurs dans toute la Suisse | Cartes accept\u00e9es !\" \/>\n<meta name=\"robots\" content=\"index, follow, max-snippet:-1, max-image-preview:large, max-video-preview:-1\" \/>\n<link rel=\"canonical\" href=\"https:\/\/www.tabakversand.ch\/fr\/produit\/mascotte-slim-size-elements-33-papier-a-cigarettes\/\" \/>\n<meta property=\"og:locale\" content=\"fr_FR\" \/>\n<meta property=\"og:type\" content=\"article\" \/>\n<meta property=\"og:title\" content=\"Mascotte KS Slim Taille 50 x 34 pi\u00e8ces. Papier \u00e0 rouler\" \/>\n<meta property=\"og:description\" content=\"Feuilles \u00e0 rouler Mascotte KS Slim, format 50 x 34 | Un tr\u00e8s grand choix de produits du tabac, cigarettes \u00e9lectroniques et accessoires pour fumeurs dans toute la Suisse | Cartes accept\u00e9es !\" \/>\n<meta property=\"og:url\" content=\"https:\/\/www.tabakversand.ch\/fr\/produit\/mascotte-slim-size-elements-33-papier-a-cigarettes\/\" \/>\n<meta property=\"og:site_name\" content=\"Tabakversand.ch | Alles aus der Welt des Tabaks\" \/>\n<meta property=\"article:modified_time\" content=\"2026-01-29T13:07:08+00:00\" \/>\n<meta property=\"og:image\" content=\"https:\/\/www.tabakversand.ch\/wp-content\/uploads\/2022\/04\/mascotte-slim-size-elements-33-69012.jpg\" \/>\n\t<meta property=\"og:image:width\" content=\"500\" \/>\n\t<meta property=\"og:image:height\" content=\"500\" \/>\n\t<meta property=\"og:image:type\" content=\"image\/jpeg\" \/>\n<meta name=\"twitter:card\" content=\"summary_large_image\" \/>\n<meta name=\"twitter:label1\" content=\"Dur\u00e9e de lecture estim\u00e9e\" \/>\n\t<meta name=\"twitter:data1\" content=\"1 minute\" \/>\n<script type=\"application\/ld+json\" class=\"yoast-schema-graph\">{\"@context\":\"https:\\\/\\\/schema.org\",\"@graph\":[{\"@type\":\"WebPage\",\"@id\":\"https:\\\/\\\/www.tabakversand.ch\\\/fr\\\/produit\\\/mascotte-slim-size-elements-33-papier-a-cigarettes\\\/\",\"url\":\"https:\\\/\\\/www.tabakversand.ch\\\/fr\\\/produit\\\/mascotte-slim-size-elements-33-papier-a-cigarettes\\\/\",\"name\":\"Mascotte KS Slim Taille 50 x 34 pi\u00e8ces. Papier \u00e0 rouler\",\"isPartOf\":{\"@id\":\"https:\\\/\\\/www.tabakversand.ch\\\/#website\"},\"primaryImageOfPage\":{\"@id\":\"https:\\\/\\\/www.tabakversand.ch\\\/fr\\\/produit\\\/mascotte-slim-size-elements-33-papier-a-cigarettes\\\/#primaryimage\"},\"image\":{\"@id\":\"https:\\\/\\\/www.tabakversand.ch\\\/fr\\\/produit\\\/mascotte-slim-size-elements-33-papier-a-cigarettes\\\/#primaryimage\"},\"thumbnailUrl\":\"https:\\\/\\\/www.tabakversand.ch\\\/wp-content\\\/uploads\\\/2022\\\/04\\\/mascotte-slim-size-elements-33-69012.jpg\",\"datePublished\":\"2022-04-02T08:48:59+00:00\",\"dateModified\":\"2026-01-29T13:07:08+00:00\",\"description\":\"Feuilles \u00e0 rouler Mascotte KS Slim, format 50 x 34 | Un tr\u00e8s grand choix de produits du tabac, cigarettes \u00e9lectroniques et accessoires pour fumeurs dans toute la Suisse | Cartes accept\u00e9es !\",\"breadcrumb\":{\"@id\":\"https:\\\/\\\/www.tabakversand.ch\\\/fr\\\/produit\\\/mascotte-slim-size-elements-33-papier-a-cigarettes\\\/#breadcrumb\"},\"inLanguage\":\"fr-FR\",\"potentialAction\":[{\"@type\":\"ReadAction\",\"target\":[\"https:\\\/\\\/www.tabakversand.ch\\\/fr\\\/produit\\\/mascotte-slim-size-elements-33-papier-a-cigarettes\\\/\"]}]},{\"@type\":\"ImageObject\",\"inLanguage\":\"fr-FR\",\"@id\":\"https:\\\/\\\/www.tabakversand.ch\\\/fr\\\/produit\\\/mascotte-slim-size-elements-33-papier-a-cigarettes\\\/#primaryimage\",\"url\":\"https:\\\/\\\/www.tabakversand.ch\\\/wp-content\\\/uploads\\\/2022\\\/04\\\/mascotte-slim-size-elements-33-69012.jpg\",\"contentUrl\":\"https:\\\/\\\/www.tabakversand.ch\\\/wp-content\\\/uploads\\\/2022\\\/04\\\/mascotte-slim-size-elements-33-69012.jpg\",\"width\":500,\"height\":500,\"caption\":\"Feuilles \u00e0 rouler Mascotte KS Slim, format 50 x 34 | tabakversand.ch\"},{\"@type\":\"BreadcrumbList\",\"@id\":\"https:\\\/\\\/www.tabakversand.ch\\\/fr\\\/produit\\\/mascotte-slim-size-elements-33-papier-a-cigarettes\\\/#breadcrumb\",\"itemListElement\":[{\"@type\":\"ListItem\",\"position\":1,\"name\":\"Startseite\",\"item\":\"https:\\\/\\\/www.tabakversand.ch\\\/\"},{\"@type\":\"ListItem\",\"position\":2,\"name\":\"Boutique\",\"item\":\"https:\\\/\\\/www.tabakversand.ch\\\/fr\\\/boutique\\\/\"},{\"@type\":\"ListItem\",\"position\":3,\"name\":\"Mascotte KS Slim Taille 50 x 34 pi\u00e8ces. Papier \u00e0 rouler\"}]},{\"@type\":\"WebSite\",\"@id\":\"https:\\\/\\\/www.tabakversand.ch\\\/#website\",\"url\":\"https:\\\/\\\/www.tabakversand.ch\\\/\",\"name\":\"Tabakversand.ch | Alles aus der Welt des Tabaks\",\"description\":\"Smoke and carpe diem\",\"potentialAction\":[{\"@type\":\"SearchAction\",\"target\":{\"@type\":\"EntryPoint\",\"urlTemplate\":\"https:\\\/\\\/www.tabakversand.ch\\\/?s={search_term_string}\"},\"query-input\":{\"@type\":\"PropertyValueSpecification\",\"valueRequired\":true,\"valueName\":\"search_term_string\"}}],\"inLanguage\":\"fr-FR\"}]}<\/script>\n<!-- \/ Yoast SEO plugin. -->","yoast_head_json":{"title":"Mascotte KS Slim Taille 50 x 34 pi\u00e8ces. Papier \u00e0 rouler","description":"Feuilles \u00e0 rouler Mascotte KS Slim, format 50 x 34 | Un tr\u00e8s grand choix de produits du tabac, cigarettes \u00e9lectroniques et accessoires pour fumeurs dans toute la Suisse | Cartes accept\u00e9es !","robots":{"index":"index","follow":"follow","max-snippet":"max-snippet:-1","max-image-preview":"max-image-preview:large","max-video-preview":"max-video-preview:-1"},"canonical":"https:\/\/www.tabakversand.ch\/fr\/produit\/mascotte-slim-size-elements-33-papier-a-cigarettes\/","og_locale":"fr_FR","og_type":"article","og_title":"Mascotte KS Slim Taille 50 x 34 pi\u00e8ces. Papier \u00e0 rouler","og_description":"Feuilles \u00e0 rouler Mascotte KS Slim, format 50 x 34 | Un tr\u00e8s grand choix de produits du tabac, cigarettes \u00e9lectroniques et accessoires pour fumeurs dans toute la Suisse | Cartes accept\u00e9es !","og_url":"https:\/\/www.tabakversand.ch\/fr\/produit\/mascotte-slim-size-elements-33-papier-a-cigarettes\/","og_site_name":"Tabakversand.ch | Alles aus der Welt des Tabaks","article_modified_time":"2026-01-29T13:07:08+00:00","og_image":[{"width":500,"height":500,"url":"https:\/\/www.tabakversand.ch\/wp-content\/uploads\/2022\/04\/mascotte-slim-size-elements-33-69012.jpg","type":"image\/jpeg"}],"twitter_card":"summary_large_image","twitter_misc":{"Dur\u00e9e de lecture estim\u00e9e":"1 minute"},"schema":{"@context":"https:\/\/schema.org","@graph":[{"@type":"WebPage","@id":"https:\/\/www.tabakversand.ch\/fr\/produit\/mascotte-slim-size-elements-33-papier-a-cigarettes\/","url":"https:\/\/www.tabakversand.ch\/fr\/produit\/mascotte-slim-size-elements-33-papier-a-cigarettes\/","name":"Mascotte KS Slim Taille 50 x 34 pi\u00e8ces. Papier \u00e0 rouler","isPartOf":{"@id":"https:\/\/www.tabakversand.ch\/#website"},"primaryImageOfPage":{"@id":"https:\/\/www.tabakversand.ch\/fr\/produit\/mascotte-slim-size-elements-33-papier-a-cigarettes\/#primaryimage"},"image":{"@id":"https:\/\/www.tabakversand.ch\/fr\/produit\/mascotte-slim-size-elements-33-papier-a-cigarettes\/#primaryimage"},"thumbnailUrl":"https:\/\/www.tabakversand.ch\/wp-content\/uploads\/2022\/04\/mascotte-slim-size-elements-33-69012.jpg","datePublished":"2022-04-02T08:48:59+00:00","dateModified":"2026-01-29T13:07:08+00:00","description":"Feuilles \u00e0 rouler Mascotte KS Slim, format 50 x 34 | Un tr\u00e8s grand choix de produits du tabac, cigarettes \u00e9lectroniques et accessoires pour fumeurs dans toute la Suisse | Cartes accept\u00e9es !","breadcrumb":{"@id":"https:\/\/www.tabakversand.ch\/fr\/produit\/mascotte-slim-size-elements-33-papier-a-cigarettes\/#breadcrumb"},"inLanguage":"fr-FR","potentialAction":[{"@type":"ReadAction","target":["https:\/\/www.tabakversand.ch\/fr\/produit\/mascotte-slim-size-elements-33-papier-a-cigarettes\/"]}]},{"@type":"ImageObject","inLanguage":"fr-FR","@id":"https:\/\/www.tabakversand.ch\/fr\/produit\/mascotte-slim-size-elements-33-papier-a-cigarettes\/#primaryimage","url":"https:\/\/www.tabakversand.ch\/wp-content\/uploads\/2022\/04\/mascotte-slim-size-elements-33-69012.jpg","contentUrl":"https:\/\/www.tabakversand.ch\/wp-content\/uploads\/2022\/04\/mascotte-slim-size-elements-33-69012.jpg","width":500,"height":500,"caption":"Feuilles \u00e0 rouler Mascotte KS Slim, format 50 x 34 | tabakversand.ch"},{"@type":"BreadcrumbList","@id":"https:\/\/www.tabakversand.ch\/fr\/produit\/mascotte-slim-size-elements-33-papier-a-cigarettes\/#breadcrumb","itemListElement":[{"@type":"ListItem","position":1,"name":"Startseite","item":"https:\/\/www.tabakversand.ch\/"},{"@type":"ListItem","position":2,"name":"Boutique","item":"https:\/\/www.tabakversand.ch\/fr\/boutique\/"},{"@type":"ListItem","position":3,"name":"Mascotte KS Slim Taille 50 x 34 pi\u00e8ces. Papier \u00e0 rouler"}]},{"@type":"WebSite","@id":"https:\/\/www.tabakversand.ch\/#website","url":"https:\/\/www.tabakversand.ch\/","name":"Tabakversand.ch | Alles aus der Welt des Tabaks","description":"Smoke and carpe diem","potentialAction":[{"@type":"SearchAction","target":{"@type":"EntryPoint","urlTemplate":"https:\/\/www.tabakversand.ch\/?s={search_term_string}"},"query-input":{"@type":"PropertyValueSpecification","valueRequired":true,"valueName":"search_term_string"}}],"inLanguage":"fr-FR"}]}},"_links":{"self":[{"href":"https:\/\/www.tabakversand.ch\/fr\/wp-json\/wp\/v2\/product\/73261","targetHints":{"allow":["GET"]}}],"collection":[{"href":"https:\/\/www.tabakversand.ch\/fr\/wp-json\/wp\/v2\/product"}],"about":[{"href":"https:\/\/www.tabakversand.ch\/fr\/wp-json\/wp\/v2\/types\/product"}],"version-history":[{"count":3,"href":"https:\/\/www.tabakversand.ch\/fr\/wp-json\/wp\/v2\/product\/73261\/revisions"}],"predecessor-version":[{"id":211760,"href":"https:\/\/www.tabakversand.ch\/fr\/wp-json\/wp\/v2\/product\/73261\/revisions\/211760"}],"wp:featuredmedia":[{"embeddable":true,"href":"https:\/\/www.tabakversand.ch\/fr\/wp-json\/wp\/v2\/media\/211744"}],"wp:attachment":[{"href":"https:\/\/www.tabakversand.ch\/fr\/wp-json\/wp\/v2\/media?parent=73261"}],"wp:term":[{"taxonomy":"product_brand","embeddable":true,"href":"https:\/\/www.tabakversand.ch\/fr\/wp-json\/wp\/v2\/product_brand?post=73261"},{"taxonomy":"product_cat","embeddable":true,"href":"https:\/\/www.tabakversand.ch\/fr\/wp-json\/wp\/v2\/product_cat?post=73261"},{"taxonomy":"product_tag","embeddable":true,"href":"https:\/\/www.tabakversand.ch\/fr\/wp-json\/wp\/v2\/product_tag?post=73261"}],"curies":[{"name":"wp","href":"https:\/\/api.w.org\/{rel}","templated":true}]}}