{"id":73271,"date":"2022-04-02T10:48:59","date_gmt":"2022-04-02T08:48:59","guid":{"rendered":"http:\/\/www.tabakversand.ch\/produkt\/zippo-sac-en-cuir-harley-davidson-noir-avec-rabat\/"},"modified":"2025-07-03T16:52:23","modified_gmt":"2025-07-03T14:52:23","slug":"zippo-sac-en-cuir-harley-davidson-noir-avec-rabat","status":"publish","type":"product","link":"https:\/\/www.tabakversand.ch\/fr\/produit\/zippo-sac-en-cuir-harley-davidson-noir-avec-rabat\/","title":{"rendered":"Zippo sac en cuir Harley Davidson noir avec rabat"},"content":{"rendered":"<p>Sac en cuir Zippo Harley Davidson noir avec rabat<\/p>\n<p> Cette pochette pour briquet Zippo en cuir v\u00e9ritable est dot\u00e9e d&rsquo;une boucle en cuir pour s&rsquo;adapter aux ceintures jusqu&rsquo;\u00e0 2&Prime; de large. Le sac en cuir garde chaque briquet Zippo storm en toute s\u00e9curit\u00e9.&nbsp;<\/p>\n<p>  &nbsp;<br \/>Tous les prix s&rsquo;appliquent uniquement aux commandes en ligne et incluent la TVA. TVA, sous r\u00e9serve de modifications plus Exp\u00e9dition. Sous r\u00e9serve d&rsquo;erreurs, de modifications de l&rsquo;\u00e9tendue de la livraison et de la conception, d&rsquo;erreurs d&rsquo;impression et de modifications de prix. Les prix barr\u00e9s sont plut\u00f4t des prix. L&rsquo;illustration peut diff\u00e9rer de l&rsquo;original\/de l&rsquo;\u00e9tendue de la livraison.<br \/>\n*Livraison gratuite pour les commandes sup\u00e9rieures \u00e0 CHF 250.<\/p>\n","protected":false},"excerpt":{"rendered":"<p>Sac en cuir Zippo Harley Davidson noir avec rabat Cette pochette pour briquet Zippo en cuir v\u00e9ritable est dot\u00e9e d&rsquo;une boucle en cuir pour s&rsquo;adapter aux ceintures jusqu&rsquo;\u00e0 2&Prime; de large. Le sac en cuir garde chaque briquet Zippo storm en toute s\u00e9curit\u00e9.&nbsp; &nbsp;Tous les prix s&rsquo;appliquent uniquement aux commandes en ligne et incluent la [&hellip;]<\/p>\n","protected":false},"featured_media":73276,"template":"","meta":[],"product_brand":[1567],"product_cat":[1927,2281,1995,2456],"product_tag":[],"class_list":{"0":"post-73271","1":"product","2":"type-product","3":"status-publish","4":"has-post-thumbnail","6":"product_brand-zippo-feuerzeuge-und-acessoires","7":"product_cat-briquets","8":"product_cat-collection-daccessoires-zippo","9":"product_cat-divers-headshop","10":"product_cat-zippo-essence-et-accessoires","12":"first","13":"instock","14":"purchasable","15":"product-type-simple"},"yoast_head":"<!-- This site is optimized with the Yoast SEO plugin v27.0 - https:\/\/yoast.com\/product\/yoast-seo-wordpress\/ -->\n<title>Zippo sac en cuir Harley Davidson noir avec rabat - Tabakversand.ch | Alles aus der Welt des Tabaks<\/title>\n<meta name=\"description\" content=\"Zippo sac en cuir Harley Davidson noir avec rabat | La plus grande s\u00e9lection de produits du tabac de Suisse | Toutes les cartes sont accept\u00e9es!\" \/>\n<meta name=\"robots\" content=\"index, follow, max-snippet:-1, max-image-preview:large, max-video-preview:-1\" \/>\n<link rel=\"canonical\" href=\"https:\/\/www.tabakversand.ch\/produit\/zippo-ledertasche-harley-davidson-schwarz-mit-lasche\/\" \/>\n<meta property=\"og:locale\" content=\"fr_FR\" \/>\n<meta property=\"og:type\" content=\"article\" \/>\n<meta property=\"og:title\" content=\"Zippo sac en cuir Harley Davidson noir avec rabat - Tabakversand.ch | Alles aus der Welt des Tabaks\" \/>\n<meta property=\"og:description\" content=\"Zippo sac en cuir Harley Davidson noir avec rabat | La plus grande s\u00e9lection de produits du tabac de Suisse | Toutes les cartes sont accept\u00e9es!\" \/>\n<meta property=\"og:url\" content=\"https:\/\/www.tabakversand.ch\/produit\/zippo-ledertasche-harley-davidson-schwarz-mit-lasche\/\" \/>\n<meta property=\"og:site_name\" content=\"Tabakversand.ch | Alles aus der Welt des Tabaks\" \/>\n<meta property=\"article:modified_time\" content=\"2025-07-03T14:52:23+00:00\" \/>\n<meta property=\"og:image\" content=\"https:\/\/www.tabakversand.ch\/wp-content\/uploads\/2022\/03\/zippo-ledertasche-schwarz-harley-davidson-mit-lasche.jpg\" \/>\n\t<meta property=\"og:image:width\" content=\"500\" \/>\n\t<meta property=\"og:image:height\" content=\"500\" \/>\n\t<meta property=\"og:image:type\" content=\"image\/jpeg\" \/>\n<meta name=\"twitter:card\" content=\"summary_large_image\" \/>\n<meta name=\"twitter:label1\" content=\"Dur\u00e9e de lecture estim\u00e9e\" \/>\n\t<meta name=\"twitter:data1\" content=\"1 minute\" \/>\n<script type=\"application\/ld+json\" class=\"yoast-schema-graph\">{\"@context\":\"https:\/\/schema.org\",\"@graph\":[{\"@type\":\"WebPage\",\"@id\":\"https:\/\/www.tabakversand.ch\/produit\/zippo-ledertasche-harley-davidson-schwarz-mit-lasche\/\",\"url\":\"https:\/\/www.tabakversand.ch\/produit\/zippo-ledertasche-harley-davidson-schwarz-mit-lasche\/\",\"name\":\"Zippo sac en cuir Harley Davidson noir avec rabat - Tabakversand.ch | Alles aus der Welt des Tabaks\",\"isPartOf\":{\"@id\":\"https:\/\/www.tabakversand.ch\/#website\"},\"primaryImageOfPage\":{\"@id\":\"https:\/\/www.tabakversand.ch\/produit\/zippo-ledertasche-harley-davidson-schwarz-mit-lasche\/#primaryimage\"},\"image\":{\"@id\":\"https:\/\/www.tabakversand.ch\/produit\/zippo-ledertasche-harley-davidson-schwarz-mit-lasche\/#primaryimage\"},\"thumbnailUrl\":\"https:\/\/www.tabakversand.ch\/wp-content\/uploads\/2022\/03\/zippo-ledertasche-schwarz-harley-davidson-mit-lasche.jpg\",\"datePublished\":\"2022-04-02T08:48:59+00:00\",\"dateModified\":\"2025-07-03T14:52:23+00:00\",\"description\":\"Zippo sac en cuir Harley Davidson noir avec rabat | La plus grande s\u00e9lection de produits du tabac de Suisse | Toutes les cartes sont accept\u00e9es!\",\"breadcrumb\":{\"@id\":\"https:\/\/www.tabakversand.ch\/produit\/zippo-ledertasche-harley-davidson-schwarz-mit-lasche\/#breadcrumb\"},\"inLanguage\":\"fr-FR\",\"potentialAction\":[{\"@type\":\"ReadAction\",\"target\":[\"https:\/\/www.tabakversand.ch\/produit\/zippo-ledertasche-harley-davidson-schwarz-mit-lasche\/\"]}]},{\"@type\":\"ImageObject\",\"inLanguage\":\"fr-FR\",\"@id\":\"https:\/\/www.tabakversand.ch\/produit\/zippo-ledertasche-harley-davidson-schwarz-mit-lasche\/#primaryimage\",\"url\":\"https:\/\/www.tabakversand.ch\/wp-content\/uploads\/2022\/03\/zippo-ledertasche-schwarz-harley-davidson-mit-lasche.jpg\",\"contentUrl\":\"https:\/\/www.tabakversand.ch\/wp-content\/uploads\/2022\/03\/zippo-ledertasche-schwarz-harley-davidson-mit-lasche.jpg\",\"width\":500,\"height\":500,\"caption\":\"Zippo sac en cuir Harley Davidson noir avec rabat\"},{\"@type\":\"BreadcrumbList\",\"@id\":\"https:\/\/www.tabakversand.ch\/produit\/zippo-ledertasche-harley-davidson-schwarz-mit-lasche\/#breadcrumb\",\"itemListElement\":[{\"@type\":\"ListItem\",\"position\":1,\"name\":\"Startseite\",\"item\":\"https:\/\/www.tabakversand.ch\/\"},{\"@type\":\"ListItem\",\"position\":2,\"name\":\"Boutique\",\"item\":\"https:\/\/www.tabakversand.ch\/fr\/boutique\/\"},{\"@type\":\"ListItem\",\"position\":3,\"name\":\"Zippo sac en cuir Harley Davidson noir avec rabat\"}]},{\"@type\":\"WebSite\",\"@id\":\"https:\/\/www.tabakversand.ch\/#website\",\"url\":\"https:\/\/www.tabakversand.ch\/\",\"name\":\"Tabakversand.ch | Alles aus der Welt des Tabaks\",\"description\":\"Smoke and carpe diem\",\"potentialAction\":[{\"@type\":\"SearchAction\",\"target\":{\"@type\":\"EntryPoint\",\"urlTemplate\":\"https:\/\/www.tabakversand.ch\/?s={search_term_string}\"},\"query-input\":{\"@type\":\"PropertyValueSpecification\",\"valueRequired\":true,\"valueName\":\"search_term_string\"}}],\"inLanguage\":\"fr-FR\"}]}<\/script>\n<!-- \/ Yoast SEO plugin. -->","yoast_head_json":{"title":"Zippo sac en cuir Harley Davidson noir avec rabat - Tabakversand.ch | Alles aus der Welt des Tabaks","description":"Zippo sac en cuir Harley Davidson noir avec rabat | La plus grande s\u00e9lection de produits du tabac de Suisse | Toutes les cartes sont accept\u00e9es!","robots":{"index":"index","follow":"follow","max-snippet":"max-snippet:-1","max-image-preview":"max-image-preview:large","max-video-preview":"max-video-preview:-1"},"canonical":"https:\/\/www.tabakversand.ch\/produit\/zippo-ledertasche-harley-davidson-schwarz-mit-lasche\/","og_locale":"fr_FR","og_type":"article","og_title":"Zippo sac en cuir Harley Davidson noir avec rabat - Tabakversand.ch | Alles aus der Welt des Tabaks","og_description":"Zippo sac en cuir Harley Davidson noir avec rabat | La plus grande s\u00e9lection de produits du tabac de Suisse | Toutes les cartes sont accept\u00e9es!","og_url":"https:\/\/www.tabakversand.ch\/produit\/zippo-ledertasche-harley-davidson-schwarz-mit-lasche\/","og_site_name":"Tabakversand.ch | Alles aus der Welt des Tabaks","article_modified_time":"2025-07-03T14:52:23+00:00","og_image":[{"width":500,"height":500,"url":"https:\/\/www.tabakversand.ch\/wp-content\/uploads\/2022\/03\/zippo-ledertasche-schwarz-harley-davidson-mit-lasche.jpg","type":"image\/jpeg"}],"twitter_card":"summary_large_image","twitter_misc":{"Dur\u00e9e de lecture estim\u00e9e":"1 minute"},"schema":{"@context":"https:\/\/schema.org","@graph":[{"@type":"WebPage","@id":"https:\/\/www.tabakversand.ch\/produit\/zippo-ledertasche-harley-davidson-schwarz-mit-lasche\/","url":"https:\/\/www.tabakversand.ch\/produit\/zippo-ledertasche-harley-davidson-schwarz-mit-lasche\/","name":"Zippo sac en cuir Harley Davidson noir avec rabat - Tabakversand.ch | Alles aus der Welt des Tabaks","isPartOf":{"@id":"https:\/\/www.tabakversand.ch\/#website"},"primaryImageOfPage":{"@id":"https:\/\/www.tabakversand.ch\/produit\/zippo-ledertasche-harley-davidson-schwarz-mit-lasche\/#primaryimage"},"image":{"@id":"https:\/\/www.tabakversand.ch\/produit\/zippo-ledertasche-harley-davidson-schwarz-mit-lasche\/#primaryimage"},"thumbnailUrl":"https:\/\/www.tabakversand.ch\/wp-content\/uploads\/2022\/03\/zippo-ledertasche-schwarz-harley-davidson-mit-lasche.jpg","datePublished":"2022-04-02T08:48:59+00:00","dateModified":"2025-07-03T14:52:23+00:00","description":"Zippo sac en cuir Harley Davidson noir avec rabat | La plus grande s\u00e9lection de produits du tabac de Suisse | Toutes les cartes sont accept\u00e9es!","breadcrumb":{"@id":"https:\/\/www.tabakversand.ch\/produit\/zippo-ledertasche-harley-davidson-schwarz-mit-lasche\/#breadcrumb"},"inLanguage":"fr-FR","potentialAction":[{"@type":"ReadAction","target":["https:\/\/www.tabakversand.ch\/produit\/zippo-ledertasche-harley-davidson-schwarz-mit-lasche\/"]}]},{"@type":"ImageObject","inLanguage":"fr-FR","@id":"https:\/\/www.tabakversand.ch\/produit\/zippo-ledertasche-harley-davidson-schwarz-mit-lasche\/#primaryimage","url":"https:\/\/www.tabakversand.ch\/wp-content\/uploads\/2022\/03\/zippo-ledertasche-schwarz-harley-davidson-mit-lasche.jpg","contentUrl":"https:\/\/www.tabakversand.ch\/wp-content\/uploads\/2022\/03\/zippo-ledertasche-schwarz-harley-davidson-mit-lasche.jpg","width":500,"height":500,"caption":"Zippo sac en cuir Harley Davidson noir avec rabat"},{"@type":"BreadcrumbList","@id":"https:\/\/www.tabakversand.ch\/produit\/zippo-ledertasche-harley-davidson-schwarz-mit-lasche\/#breadcrumb","itemListElement":[{"@type":"ListItem","position":1,"name":"Startseite","item":"https:\/\/www.tabakversand.ch\/"},{"@type":"ListItem","position":2,"name":"Boutique","item":"https:\/\/www.tabakversand.ch\/fr\/boutique\/"},{"@type":"ListItem","position":3,"name":"Zippo sac en cuir Harley Davidson noir avec rabat"}]},{"@type":"WebSite","@id":"https:\/\/www.tabakversand.ch\/#website","url":"https:\/\/www.tabakversand.ch\/","name":"Tabakversand.ch | Alles aus der Welt des Tabaks","description":"Smoke and carpe diem","potentialAction":[{"@type":"SearchAction","target":{"@type":"EntryPoint","urlTemplate":"https:\/\/www.tabakversand.ch\/?s={search_term_string}"},"query-input":{"@type":"PropertyValueSpecification","valueRequired":true,"valueName":"search_term_string"}}],"inLanguage":"fr-FR"}]}},"_links":{"self":[{"href":"https:\/\/www.tabakversand.ch\/fr\/wp-json\/wp\/v2\/product\/73271","targetHints":{"allow":["GET"]}}],"collection":[{"href":"https:\/\/www.tabakversand.ch\/fr\/wp-json\/wp\/v2\/product"}],"about":[{"href":"https:\/\/www.tabakversand.ch\/fr\/wp-json\/wp\/v2\/types\/product"}],"version-history":[{"count":2,"href":"https:\/\/www.tabakversand.ch\/fr\/wp-json\/wp\/v2\/product\/73271\/revisions"}],"predecessor-version":[{"id":186015,"href":"https:\/\/www.tabakversand.ch\/fr\/wp-json\/wp\/v2\/product\/73271\/revisions\/186015"}],"wp:featuredmedia":[{"embeddable":true,"href":"https:\/\/www.tabakversand.ch\/fr\/wp-json\/wp\/v2\/media\/73276"}],"wp:attachment":[{"href":"https:\/\/www.tabakversand.ch\/fr\/wp-json\/wp\/v2\/media?parent=73271"}],"wp:term":[{"taxonomy":"product_brand","embeddable":true,"href":"https:\/\/www.tabakversand.ch\/fr\/wp-json\/wp\/v2\/product_brand?post=73271"},{"taxonomy":"product_cat","embeddable":true,"href":"https:\/\/www.tabakversand.ch\/fr\/wp-json\/wp\/v2\/product_cat?post=73271"},{"taxonomy":"product_tag","embeddable":true,"href":"https:\/\/www.tabakversand.ch\/fr\/wp-json\/wp\/v2\/product_tag?post=73271"}],"curies":[{"name":"wp","href":"https:\/\/api.w.org\/{rel}","templated":true}]}}