{"id":73478,"date":"2022-04-02T10:48:46","date_gmt":"2022-04-02T08:48:46","guid":{"rendered":"http:\/\/www.tabakversand.ch\/produkt\/mascotte-m-gomme-100-papier-a-cigarettes\/"},"modified":"2026-03-13T14:27:20","modified_gmt":"2026-03-13T13:27:20","slug":"papier-a-cigarette-mascotte-m-gomme-100","status":"publish","type":"product","link":"https:\/\/www.tabakversand.ch\/fr\/produit\/papier-a-cigarette-mascotte-m-gomme-100\/","title":{"rendered":"Mascotte M Gomm\u00e9 Original 100"},"content":{"rendered":"<h1>Mascotte M Gomm\u00e9 Original 100<\/h1>\n<p>Qualit\u00e9 classique pour les rouleuses \u00e0 cigarettes<\/p>\n<p>20 x 100 feuilles<\/p>\n<p>Avec les feuilles \u00e0 rouler Mascotte M Gomm\u00e9 Original 100, profitez d&rsquo;une qualit\u00e9 optimale pour rouler vos cigarettes. Ces feuilles classiques r\u00e9pondent parfaitement aux besoins des fumeurs qui privil\u00e9gient une combustion r\u00e9guli\u00e8re, une utilisation facile et une qualit\u00e9 irr\u00e9prochable. <\/p>\n<p>Les feuilles fines et l\u00e9g\u00e8rement gomm\u00e9es assurent une combustion propre et uniforme et permettent aux ar\u00f4mes du tabac de se d\u00e9velopper pleinement. Que vous soyez d\u00e9butant ou fumeur exp\u00e9riment\u00e9 de cigarettes roul\u00e9es, la Mascotte M Gomm\u00e9 Original s\u00e9duit par sa praticit\u00e9 et sa qualit\u00e9 premium classique. <\/p>\n<p>Points forts du produit<\/p>\n<ul>\n<li>100 feuilles \u00e0 rouler de haute qualit\u00e9 par paquet<\/li>\n<li>Bande de caoutchouc classique pour une rotation facile<\/li>\n<li>mince et br\u00fblant uniform\u00e9ment<\/li>\n<li>Pr\u00e9sentation optimale de la saveur du tabac<\/li>\n<li>Id\u00e9al pour les d\u00e9butants comme pour les amateurs exp\u00e9riment\u00e9s de cigarettes roul\u00e9es \u00e0 la main.<\/li>\n<\/ul>\n<p>&nbsp;<\/p>\n<p>Chez tabakversand.ch, vous recevez 100 feuilles \u00e0 rouler Mascotte M Gomm\u00e9 Original, conserv\u00e9es dans leur emballage d&rsquo;origine. Un stockage soign\u00e9 garantit une qualit\u00e9 optimale jusqu&rsquo;\u00e0 l&rsquo;exp\u00e9dition. Gr\u00e2ce \u00e0 une livraison rapide en Suisse, vos feuilles \u00e0 rouler vous parviennent g\u00e9n\u00e9ralement tr\u00e8s rapidement.  <\/p>\n<p>Pour plus d&rsquo;informations sur le fabricant Mascotte, veuillez consulter son site web officiel&nbsp;: <a href=\"https:\/\/www.mascotte.eu\/inter_en\/\">cliquez ici<\/a> . Pour toute question concernant le produit, n&rsquo;h\u00e9sitez pas \u00e0 nous contacter&nbsp;: <a href=\"https:\/\/www.tabakversand.ch\/kontakt\/\">cliquez ici<\/a> . <\/p>\n<p>Tous les prix s&rsquo;appliquent uniquement aux commandes en ligne et incluent la TVA. Sous r\u00e9serve de modifications sans pr\u00e9avis, frais de livraison en sus. Sous r\u00e9serve d&rsquo;erreurs, de modifications de contenu de livraison et de conception, de fautes d&rsquo;impression et de modifications de prix. Les prix barr\u00e9s sont des prix de remplacement. Les illustrations peuvent diff\u00e9rer de l&rsquo;original\/du contenu de livraison.<br \/>\n*Livraison gratuite pour les commandes sup\u00e9rieures \u00e0 CHF 250.-.<\/p>\n","protected":false},"excerpt":{"rendered":"<p>Mascotte M Gomm\u00e9 Original 100 Qualit\u00e9 classique pour les rouleuses \u00e0 cigarettes 20 x 100 feuilles Avec les feuilles \u00e0 rouler Mascotte M Gomm\u00e9 Original 100, profitez d&rsquo;une qualit\u00e9 optimale pour rouler vos cigarettes. Ces feuilles classiques r\u00e9pondent parfaitement aux besoins des fumeurs qui privil\u00e9gient une combustion r\u00e9guli\u00e8re, une utilisation facile et une qualit\u00e9 irr\u00e9prochable. [&hellip;]<\/p>\n","protected":false},"featured_media":118041,"template":"","meta":[],"product_brand":[1554],"product_cat":[1961,5200,2015],"product_tag":[],"class_list":{"0":"post-73478","1":"product","2":"type-product","3":"status-publish","4":"has-post-thumbnail","6":"product_brand-mascotte","7":"product_cat-cigarettes-self-made-fr-2","8":"product_cat-papier","9":"product_cat-papier-a-rouler","11":"first","12":"onbackorder","13":"purchasable","14":"product-type-simple"},"yoast_head":"<!-- This site is optimized with the Yoast SEO plugin v27.0 - https:\/\/yoast.com\/product\/yoast-seo-wordpress\/ -->\n<title>Papier \u00e0 cigarette Mascotte M Gomm\u00e9 Original - fin<\/title>\n<meta name=\"description\" content=\"Papier \u00e0 cigarettes Mascotte M Gomm\u00e9 Original 100 \u2013 Fin, avec des bandes de caoutchouc pour un roulage facile. Combustion uniforme et fiable.\" \/>\n<meta name=\"robots\" content=\"index, follow, max-snippet:-1, max-image-preview:large, max-video-preview:-1\" \/>\n<link rel=\"canonical\" href=\"https:\/\/www.tabakversand.ch\/fr\/produit\/papier-a-cigarette-mascotte-m-gomme-100\/\" \/>\n<meta property=\"og:locale\" content=\"fr_FR\" \/>\n<meta property=\"og:type\" content=\"article\" \/>\n<meta property=\"og:title\" content=\"Papier \u00e0 cigarette Mascotte M Gomm\u00e9 Original - fin\" \/>\n<meta property=\"og:description\" content=\"Papier \u00e0 cigarettes Mascotte M Gomm\u00e9 Original 100 \u2013 Fin, avec des bandes de caoutchouc pour un roulage facile. Combustion uniforme et fiable.\" \/>\n<meta property=\"og:url\" content=\"https:\/\/www.tabakversand.ch\/fr\/produit\/papier-a-cigarette-mascotte-m-gomme-100\/\" \/>\n<meta property=\"og:site_name\" content=\"Tabakversand.ch | Alles aus der Welt des Tabaks\" \/>\n<meta property=\"article:modified_time\" content=\"2026-03-13T13:27:20+00:00\" \/>\n<meta property=\"og:image\" content=\"https:\/\/www.tabakversand.ch\/wp-content\/uploads\/2022\/04\/mascotte-m-gomme-100-zigarettenpapier_.jpg\" \/>\n\t<meta property=\"og:image:width\" content=\"500\" \/>\n\t<meta property=\"og:image:height\" content=\"500\" \/>\n\t<meta property=\"og:image:type\" content=\"image\/jpeg\" \/>\n<meta name=\"twitter:card\" content=\"summary_large_image\" \/>\n<meta name=\"twitter:label1\" content=\"Dur\u00e9e de lecture estim\u00e9e\" \/>\n\t<meta name=\"twitter:data1\" content=\"2 minutes\" \/>\n<script type=\"application\/ld+json\" class=\"yoast-schema-graph\">{\"@context\":\"https:\/\/schema.org\",\"@graph\":[{\"@type\":\"WebPage\",\"@id\":\"https:\/\/www.tabakversand.ch\/fr\/produit\/papier-a-cigarette-mascotte-m-gomme-100\/\",\"url\":\"https:\/\/www.tabakversand.ch\/fr\/produit\/papier-a-cigarette-mascotte-m-gomme-100\/\",\"name\":\"Papier \u00e0 cigarette Mascotte M Gomm\u00e9 Original - fin\",\"isPartOf\":{\"@id\":\"https:\/\/www.tabakversand.ch\/#website\"},\"primaryImageOfPage\":{\"@id\":\"https:\/\/www.tabakversand.ch\/fr\/produit\/papier-a-cigarette-mascotte-m-gomme-100\/#primaryimage\"},\"image\":{\"@id\":\"https:\/\/www.tabakversand.ch\/fr\/produit\/papier-a-cigarette-mascotte-m-gomme-100\/#primaryimage\"},\"thumbnailUrl\":\"https:\/\/www.tabakversand.ch\/wp-content\/uploads\/2022\/04\/mascotte-m-gomme-100-zigarettenpapier_.jpg\",\"datePublished\":\"2022-04-02T08:48:46+00:00\",\"dateModified\":\"2026-03-13T13:27:20+00:00\",\"description\":\"Papier \u00e0 cigarettes Mascotte M Gomm\u00e9 Original 100 \u2013 Fin, avec des bandes de caoutchouc pour un roulage facile. Combustion uniforme et fiable.\",\"breadcrumb\":{\"@id\":\"https:\/\/www.tabakversand.ch\/fr\/produit\/papier-a-cigarette-mascotte-m-gomme-100\/#breadcrumb\"},\"inLanguage\":\"fr-FR\",\"potentialAction\":[{\"@type\":\"ReadAction\",\"target\":[\"https:\/\/www.tabakversand.ch\/fr\/produit\/papier-a-cigarette-mascotte-m-gomme-100\/\"]}]},{\"@type\":\"ImageObject\",\"inLanguage\":\"fr-FR\",\"@id\":\"https:\/\/www.tabakversand.ch\/fr\/produit\/papier-a-cigarette-mascotte-m-gomme-100\/#primaryimage\",\"url\":\"https:\/\/www.tabakversand.ch\/wp-content\/uploads\/2022\/04\/mascotte-m-gomme-100-zigarettenpapier_.jpg\",\"contentUrl\":\"https:\/\/www.tabakversand.ch\/wp-content\/uploads\/2022\/04\/mascotte-m-gomme-100-zigarettenpapier_.jpg\",\"width\":500,\"height\":500,\"caption\":\"Mascotte M Gomm\u00e9 Original 100 Papier \u00e0 Cigarettes | Tabakversand.ch\"},{\"@type\":\"BreadcrumbList\",\"@id\":\"https:\/\/www.tabakversand.ch\/fr\/produit\/papier-a-cigarette-mascotte-m-gomme-100\/#breadcrumb\",\"itemListElement\":[{\"@type\":\"ListItem\",\"position\":1,\"name\":\"Startseite\",\"item\":\"https:\/\/www.tabakversand.ch\/\"},{\"@type\":\"ListItem\",\"position\":2,\"name\":\"Boutique\",\"item\":\"https:\/\/www.tabakversand.ch\/fr\/boutique\/\"},{\"@type\":\"ListItem\",\"position\":3,\"name\":\"Mascotte M Gomm\u00e9 Original 100\"}]},{\"@type\":\"WebSite\",\"@id\":\"https:\/\/www.tabakversand.ch\/#website\",\"url\":\"https:\/\/www.tabakversand.ch\/\",\"name\":\"Tabakversand.ch | Alles aus der Welt des Tabaks\",\"description\":\"Smoke and carpe diem\",\"potentialAction\":[{\"@type\":\"SearchAction\",\"target\":{\"@type\":\"EntryPoint\",\"urlTemplate\":\"https:\/\/www.tabakversand.ch\/?s={search_term_string}\"},\"query-input\":{\"@type\":\"PropertyValueSpecification\",\"valueRequired\":true,\"valueName\":\"search_term_string\"}}],\"inLanguage\":\"fr-FR\"}]}<\/script>\n<!-- \/ Yoast SEO plugin. -->","yoast_head_json":{"title":"Papier \u00e0 cigarette Mascotte M Gomm\u00e9 Original - fin","description":"Papier \u00e0 cigarettes Mascotte M Gomm\u00e9 Original 100 \u2013 Fin, avec des bandes de caoutchouc pour un roulage facile. Combustion uniforme et fiable.","robots":{"index":"index","follow":"follow","max-snippet":"max-snippet:-1","max-image-preview":"max-image-preview:large","max-video-preview":"max-video-preview:-1"},"canonical":"https:\/\/www.tabakversand.ch\/fr\/produit\/papier-a-cigarette-mascotte-m-gomme-100\/","og_locale":"fr_FR","og_type":"article","og_title":"Papier \u00e0 cigarette Mascotte M Gomm\u00e9 Original - fin","og_description":"Papier \u00e0 cigarettes Mascotte M Gomm\u00e9 Original 100 \u2013 Fin, avec des bandes de caoutchouc pour un roulage facile. Combustion uniforme et fiable.","og_url":"https:\/\/www.tabakversand.ch\/fr\/produit\/papier-a-cigarette-mascotte-m-gomme-100\/","og_site_name":"Tabakversand.ch | Alles aus der Welt des Tabaks","article_modified_time":"2026-03-13T13:27:20+00:00","og_image":[{"width":500,"height":500,"url":"https:\/\/www.tabakversand.ch\/wp-content\/uploads\/2022\/04\/mascotte-m-gomme-100-zigarettenpapier_.jpg","type":"image\/jpeg"}],"twitter_card":"summary_large_image","twitter_misc":{"Dur\u00e9e de lecture estim\u00e9e":"2 minutes"},"schema":{"@context":"https:\/\/schema.org","@graph":[{"@type":"WebPage","@id":"https:\/\/www.tabakversand.ch\/fr\/produit\/papier-a-cigarette-mascotte-m-gomme-100\/","url":"https:\/\/www.tabakversand.ch\/fr\/produit\/papier-a-cigarette-mascotte-m-gomme-100\/","name":"Papier \u00e0 cigarette Mascotte M Gomm\u00e9 Original - fin","isPartOf":{"@id":"https:\/\/www.tabakversand.ch\/#website"},"primaryImageOfPage":{"@id":"https:\/\/www.tabakversand.ch\/fr\/produit\/papier-a-cigarette-mascotte-m-gomme-100\/#primaryimage"},"image":{"@id":"https:\/\/www.tabakversand.ch\/fr\/produit\/papier-a-cigarette-mascotte-m-gomme-100\/#primaryimage"},"thumbnailUrl":"https:\/\/www.tabakversand.ch\/wp-content\/uploads\/2022\/04\/mascotte-m-gomme-100-zigarettenpapier_.jpg","datePublished":"2022-04-02T08:48:46+00:00","dateModified":"2026-03-13T13:27:20+00:00","description":"Papier \u00e0 cigarettes Mascotte M Gomm\u00e9 Original 100 \u2013 Fin, avec des bandes de caoutchouc pour un roulage facile. Combustion uniforme et fiable.","breadcrumb":{"@id":"https:\/\/www.tabakversand.ch\/fr\/produit\/papier-a-cigarette-mascotte-m-gomme-100\/#breadcrumb"},"inLanguage":"fr-FR","potentialAction":[{"@type":"ReadAction","target":["https:\/\/www.tabakversand.ch\/fr\/produit\/papier-a-cigarette-mascotte-m-gomme-100\/"]}]},{"@type":"ImageObject","inLanguage":"fr-FR","@id":"https:\/\/www.tabakversand.ch\/fr\/produit\/papier-a-cigarette-mascotte-m-gomme-100\/#primaryimage","url":"https:\/\/www.tabakversand.ch\/wp-content\/uploads\/2022\/04\/mascotte-m-gomme-100-zigarettenpapier_.jpg","contentUrl":"https:\/\/www.tabakversand.ch\/wp-content\/uploads\/2022\/04\/mascotte-m-gomme-100-zigarettenpapier_.jpg","width":500,"height":500,"caption":"Mascotte M Gomm\u00e9 Original 100 Papier \u00e0 Cigarettes | Tabakversand.ch"},{"@type":"BreadcrumbList","@id":"https:\/\/www.tabakversand.ch\/fr\/produit\/papier-a-cigarette-mascotte-m-gomme-100\/#breadcrumb","itemListElement":[{"@type":"ListItem","position":1,"name":"Startseite","item":"https:\/\/www.tabakversand.ch\/"},{"@type":"ListItem","position":2,"name":"Boutique","item":"https:\/\/www.tabakversand.ch\/fr\/boutique\/"},{"@type":"ListItem","position":3,"name":"Mascotte M Gomm\u00e9 Original 100"}]},{"@type":"WebSite","@id":"https:\/\/www.tabakversand.ch\/#website","url":"https:\/\/www.tabakversand.ch\/","name":"Tabakversand.ch | Alles aus der Welt des Tabaks","description":"Smoke and carpe diem","potentialAction":[{"@type":"SearchAction","target":{"@type":"EntryPoint","urlTemplate":"https:\/\/www.tabakversand.ch\/?s={search_term_string}"},"query-input":{"@type":"PropertyValueSpecification","valueRequired":true,"valueName":"search_term_string"}}],"inLanguage":"fr-FR"}]}},"_links":{"self":[{"href":"https:\/\/www.tabakversand.ch\/fr\/wp-json\/wp\/v2\/product\/73478","targetHints":{"allow":["GET"]}}],"collection":[{"href":"https:\/\/www.tabakversand.ch\/fr\/wp-json\/wp\/v2\/product"}],"about":[{"href":"https:\/\/www.tabakversand.ch\/fr\/wp-json\/wp\/v2\/types\/product"}],"version-history":[{"count":2,"href":"https:\/\/www.tabakversand.ch\/fr\/wp-json\/wp\/v2\/product\/73478\/revisions"}],"predecessor-version":[{"id":214682,"href":"https:\/\/www.tabakversand.ch\/fr\/wp-json\/wp\/v2\/product\/73478\/revisions\/214682"}],"wp:featuredmedia":[{"embeddable":true,"href":"https:\/\/www.tabakversand.ch\/fr\/wp-json\/wp\/v2\/media\/118041"}],"wp:attachment":[{"href":"https:\/\/www.tabakversand.ch\/fr\/wp-json\/wp\/v2\/media?parent=73478"}],"wp:term":[{"taxonomy":"product_brand","embeddable":true,"href":"https:\/\/www.tabakversand.ch\/fr\/wp-json\/wp\/v2\/product_brand?post=73478"},{"taxonomy":"product_cat","embeddable":true,"href":"https:\/\/www.tabakversand.ch\/fr\/wp-json\/wp\/v2\/product_cat?post=73478"},{"taxonomy":"product_tag","embeddable":true,"href":"https:\/\/www.tabakversand.ch\/fr\/wp-json\/wp\/v2\/product_tag?post=73478"}],"curies":[{"name":"wp","href":"https:\/\/api.w.org\/{rel}","templated":true}]}}