{"id":73530,"date":"2022-04-02T10:48:32","date_gmt":"2022-04-02T08:48:32","guid":{"rendered":"http:\/\/www.tabakversand.ch\/produkt\/rips-rolls-brun-chanvre-king-size-papier-a-cigarette\/"},"modified":"2026-01-22T09:22:37","modified_gmt":"2026-01-22T08:22:37","slug":"rips-rolls-brown-hemp-king-size-papier-a-cigarette","status":"publish","type":"product","link":"https:\/\/www.tabakversand.ch\/fr\/produit\/rips-rolls-brown-hemp-king-size-papier-a-cigarette\/","title":{"rendered":"Rips Rolls brun Chanvre King Size Papier \u00e0 cigarette"},"content":{"rendered":"<p>Papier \u00e0 cigarettes King Size en chanvre marron Rips Rolls<\/p>\n<p> Taille : 5 m de longueur x 5,3 cm de largeur<br \/> 24 rouleaux<br \/>  &nbsp;<br \/>Tous les prix s&rsquo;appliquent uniquement aux commandes en ligne et incluent la TVA. Sous r\u00e9serve de modifications sans pr\u00e9avis, frais de livraison en sus. Sous r\u00e9serve d&rsquo;erreurs, de modifications de contenu de livraison et de conception, de fautes d&rsquo;impression et de modifications de prix. Les prix barr\u00e9s sont des prix de remplacement. Les illustrations peuvent diff\u00e9rer de l&rsquo;original\/du contenu de livraison.<br \/>\n*Livraison gratuite pour les commandes sup\u00e9rieures \u00e0 CHF 250.-.<\/p>\n","protected":false},"excerpt":{"rendered":"<p>Papier \u00e0 cigarettes King Size en chanvre marron Rips Rolls Taille : 5 m de longueur x 5,3 cm de largeur 24 rouleaux &nbsp;Tous les prix s&rsquo;appliquent uniquement aux commandes en ligne et incluent la TVA. Sous r\u00e9serve de modifications sans pr\u00e9avis, frais de livraison en sus. Sous r\u00e9serve d&rsquo;erreurs, de modifications de contenu de [&hellip;]<\/p>\n","protected":false},"featured_media":73536,"template":"","meta":[],"product_brand":[1562],"product_cat":[3219,1961,1995,2015,3227,3266,5197],"product_tag":[],"class_list":{"0":"post-73530","1":"product","2":"type-product","3":"status-publish","4":"has-post-thumbnail","6":"product_brand-rips","7":"product_cat-boutique-de-tete","8":"product_cat-cigarettes-self-made-fr-2","9":"product_cat-divers-headshop","10":"product_cat-papier-a-rouler","11":"product_cat-papier-long-et-rouleaux","12":"product_cat-rouleaux","13":"product_cat-rouleaux-de-papier","15":"first","16":"instock","17":"purchasable","18":"product-type-simple"},"yoast_head":"<!-- This site is optimized with the Yoast SEO plugin v27.0 - https:\/\/yoast.com\/product\/yoast-seo-wordpress\/ -->\n<title>Rips Rolls brun Chanvre King Size Papier \u00e0 cigarette - Tabakversand.ch | Alles aus der Welt des Tabaks<\/title>\n<meta name=\"description\" content=\"Rips Rolls brun Chanvre King Size Papier \u00e0 cigarette | La plus grande s\u00e9lection de produits du tabac de Suisse | Toutes les cartes sont accept\u00e9es!\" \/>\n<meta name=\"robots\" content=\"index, follow, max-snippet:-1, max-image-preview:large, max-video-preview:-1\" \/>\n<link rel=\"canonical\" href=\"https:\/\/www.tabakversand.ch\/fr\/produit\/rips-rolls-brown-hemp-king-size-papier-a-cigarette\/\" \/>\n<meta property=\"og:locale\" content=\"fr_FR\" \/>\n<meta property=\"og:type\" content=\"article\" \/>\n<meta property=\"og:title\" content=\"Rips Rolls brun Chanvre King Size Papier \u00e0 cigarette - Tabakversand.ch | Alles aus der Welt des Tabaks\" \/>\n<meta property=\"og:description\" content=\"Rips Rolls brun Chanvre King Size Papier \u00e0 cigarette | La plus grande s\u00e9lection de produits du tabac de Suisse | Toutes les cartes sont accept\u00e9es!\" \/>\n<meta property=\"og:url\" content=\"https:\/\/www.tabakversand.ch\/fr\/produit\/rips-rolls-brown-hemp-king-size-papier-a-cigarette\/\" \/>\n<meta property=\"og:site_name\" content=\"Tabakversand.ch | Alles aus der Welt des Tabaks\" \/>\n<meta property=\"article:modified_time\" content=\"2026-01-22T08:22:37+00:00\" \/>\n<meta property=\"og:image\" content=\"https:\/\/www.tabakversand.ch\/wp-content\/uploads\/2022\/03\/rips-rolls-hemp-ks.jpg\" \/>\n\t<meta property=\"og:image:width\" content=\"578\" \/>\n\t<meta property=\"og:image:height\" content=\"523\" \/>\n\t<meta property=\"og:image:type\" content=\"image\/jpeg\" \/>\n<meta name=\"twitter:card\" content=\"summary_large_image\" \/>\n<script type=\"application\/ld+json\" class=\"yoast-schema-graph\">{\"@context\":\"https:\/\/schema.org\",\"@graph\":[{\"@type\":\"WebPage\",\"@id\":\"https:\/\/www.tabakversand.ch\/fr\/produit\/rips-rolls-brown-hemp-king-size-papier-a-cigarette\/\",\"url\":\"https:\/\/www.tabakversand.ch\/fr\/produit\/rips-rolls-brown-hemp-king-size-papier-a-cigarette\/\",\"name\":\"Rips Rolls brun Chanvre King Size Papier \u00e0 cigarette - Tabakversand.ch | Alles aus der Welt des Tabaks\",\"isPartOf\":{\"@id\":\"https:\/\/www.tabakversand.ch\/#website\"},\"primaryImageOfPage\":{\"@id\":\"https:\/\/www.tabakversand.ch\/fr\/produit\/rips-rolls-brown-hemp-king-size-papier-a-cigarette\/#primaryimage\"},\"image\":{\"@id\":\"https:\/\/www.tabakversand.ch\/fr\/produit\/rips-rolls-brown-hemp-king-size-papier-a-cigarette\/#primaryimage\"},\"thumbnailUrl\":\"https:\/\/www.tabakversand.ch\/wp-content\/uploads\/2022\/03\/rips-rolls-hemp-ks.jpg\",\"datePublished\":\"2022-04-02T08:48:32+00:00\",\"dateModified\":\"2026-01-22T08:22:37+00:00\",\"description\":\"Rips Rolls brun Chanvre King Size Papier \u00e0 cigarette | La plus grande s\u00e9lection de produits du tabac de Suisse | Toutes les cartes sont accept\u00e9es!\",\"breadcrumb\":{\"@id\":\"https:\/\/www.tabakversand.ch\/fr\/produit\/rips-rolls-brown-hemp-king-size-papier-a-cigarette\/#breadcrumb\"},\"inLanguage\":\"fr-FR\",\"potentialAction\":[{\"@type\":\"ReadAction\",\"target\":[\"https:\/\/www.tabakversand.ch\/fr\/produit\/rips-rolls-brown-hemp-king-size-papier-a-cigarette\/\"]}]},{\"@type\":\"ImageObject\",\"inLanguage\":\"fr-FR\",\"@id\":\"https:\/\/www.tabakversand.ch\/fr\/produit\/rips-rolls-brown-hemp-king-size-papier-a-cigarette\/#primaryimage\",\"url\":\"https:\/\/www.tabakversand.ch\/wp-content\/uploads\/2022\/03\/rips-rolls-hemp-ks.jpg\",\"contentUrl\":\"https:\/\/www.tabakversand.ch\/wp-content\/uploads\/2022\/03\/rips-rolls-hemp-ks.jpg\",\"width\":578,\"height\":523,\"caption\":\"Rips Rolls brun Chanvre King Size Papier \u00e0 cigarette\"},{\"@type\":\"BreadcrumbList\",\"@id\":\"https:\/\/www.tabakversand.ch\/fr\/produit\/rips-rolls-brown-hemp-king-size-papier-a-cigarette\/#breadcrumb\",\"itemListElement\":[{\"@type\":\"ListItem\",\"position\":1,\"name\":\"Startseite\",\"item\":\"https:\/\/www.tabakversand.ch\/\"},{\"@type\":\"ListItem\",\"position\":2,\"name\":\"Boutique\",\"item\":\"https:\/\/www.tabakversand.ch\/fr\/boutique\/\"},{\"@type\":\"ListItem\",\"position\":3,\"name\":\"Rips Rolls brun Chanvre King Size Papier \u00e0 cigarette\"}]},{\"@type\":\"WebSite\",\"@id\":\"https:\/\/www.tabakversand.ch\/#website\",\"url\":\"https:\/\/www.tabakversand.ch\/\",\"name\":\"Tabakversand.ch | Alles aus der Welt des Tabaks\",\"description\":\"Smoke and carpe diem\",\"potentialAction\":[{\"@type\":\"SearchAction\",\"target\":{\"@type\":\"EntryPoint\",\"urlTemplate\":\"https:\/\/www.tabakversand.ch\/?s={search_term_string}\"},\"query-input\":{\"@type\":\"PropertyValueSpecification\",\"valueRequired\":true,\"valueName\":\"search_term_string\"}}],\"inLanguage\":\"fr-FR\"}]}<\/script>\n<!-- \/ Yoast SEO plugin. -->","yoast_head_json":{"title":"Rips Rolls brun Chanvre King Size Papier \u00e0 cigarette - Tabakversand.ch | Alles aus der Welt des Tabaks","description":"Rips Rolls brun Chanvre King Size Papier \u00e0 cigarette | La plus grande s\u00e9lection de produits du tabac de Suisse | Toutes les cartes sont accept\u00e9es!","robots":{"index":"index","follow":"follow","max-snippet":"max-snippet:-1","max-image-preview":"max-image-preview:large","max-video-preview":"max-video-preview:-1"},"canonical":"https:\/\/www.tabakversand.ch\/fr\/produit\/rips-rolls-brown-hemp-king-size-papier-a-cigarette\/","og_locale":"fr_FR","og_type":"article","og_title":"Rips Rolls brun Chanvre King Size Papier \u00e0 cigarette - Tabakversand.ch | Alles aus der Welt des Tabaks","og_description":"Rips Rolls brun Chanvre King Size Papier \u00e0 cigarette | La plus grande s\u00e9lection de produits du tabac de Suisse | Toutes les cartes sont accept\u00e9es!","og_url":"https:\/\/www.tabakversand.ch\/fr\/produit\/rips-rolls-brown-hemp-king-size-papier-a-cigarette\/","og_site_name":"Tabakversand.ch | Alles aus der Welt des Tabaks","article_modified_time":"2026-01-22T08:22:37+00:00","og_image":[{"width":578,"height":523,"url":"https:\/\/www.tabakversand.ch\/wp-content\/uploads\/2022\/03\/rips-rolls-hemp-ks.jpg","type":"image\/jpeg"}],"twitter_card":"summary_large_image","schema":{"@context":"https:\/\/schema.org","@graph":[{"@type":"WebPage","@id":"https:\/\/www.tabakversand.ch\/fr\/produit\/rips-rolls-brown-hemp-king-size-papier-a-cigarette\/","url":"https:\/\/www.tabakversand.ch\/fr\/produit\/rips-rolls-brown-hemp-king-size-papier-a-cigarette\/","name":"Rips Rolls brun Chanvre King Size Papier \u00e0 cigarette - Tabakversand.ch | Alles aus der Welt des Tabaks","isPartOf":{"@id":"https:\/\/www.tabakversand.ch\/#website"},"primaryImageOfPage":{"@id":"https:\/\/www.tabakversand.ch\/fr\/produit\/rips-rolls-brown-hemp-king-size-papier-a-cigarette\/#primaryimage"},"image":{"@id":"https:\/\/www.tabakversand.ch\/fr\/produit\/rips-rolls-brown-hemp-king-size-papier-a-cigarette\/#primaryimage"},"thumbnailUrl":"https:\/\/www.tabakversand.ch\/wp-content\/uploads\/2022\/03\/rips-rolls-hemp-ks.jpg","datePublished":"2022-04-02T08:48:32+00:00","dateModified":"2026-01-22T08:22:37+00:00","description":"Rips Rolls brun Chanvre King Size Papier \u00e0 cigarette | La plus grande s\u00e9lection de produits du tabac de Suisse | Toutes les cartes sont accept\u00e9es!","breadcrumb":{"@id":"https:\/\/www.tabakversand.ch\/fr\/produit\/rips-rolls-brown-hemp-king-size-papier-a-cigarette\/#breadcrumb"},"inLanguage":"fr-FR","potentialAction":[{"@type":"ReadAction","target":["https:\/\/www.tabakversand.ch\/fr\/produit\/rips-rolls-brown-hemp-king-size-papier-a-cigarette\/"]}]},{"@type":"ImageObject","inLanguage":"fr-FR","@id":"https:\/\/www.tabakversand.ch\/fr\/produit\/rips-rolls-brown-hemp-king-size-papier-a-cigarette\/#primaryimage","url":"https:\/\/www.tabakversand.ch\/wp-content\/uploads\/2022\/03\/rips-rolls-hemp-ks.jpg","contentUrl":"https:\/\/www.tabakversand.ch\/wp-content\/uploads\/2022\/03\/rips-rolls-hemp-ks.jpg","width":578,"height":523,"caption":"Rips Rolls brun Chanvre King Size Papier \u00e0 cigarette"},{"@type":"BreadcrumbList","@id":"https:\/\/www.tabakversand.ch\/fr\/produit\/rips-rolls-brown-hemp-king-size-papier-a-cigarette\/#breadcrumb","itemListElement":[{"@type":"ListItem","position":1,"name":"Startseite","item":"https:\/\/www.tabakversand.ch\/"},{"@type":"ListItem","position":2,"name":"Boutique","item":"https:\/\/www.tabakversand.ch\/fr\/boutique\/"},{"@type":"ListItem","position":3,"name":"Rips Rolls brun Chanvre King Size Papier \u00e0 cigarette"}]},{"@type":"WebSite","@id":"https:\/\/www.tabakversand.ch\/#website","url":"https:\/\/www.tabakversand.ch\/","name":"Tabakversand.ch | Alles aus der Welt des Tabaks","description":"Smoke and carpe diem","potentialAction":[{"@type":"SearchAction","target":{"@type":"EntryPoint","urlTemplate":"https:\/\/www.tabakversand.ch\/?s={search_term_string}"},"query-input":{"@type":"PropertyValueSpecification","valueRequired":true,"valueName":"search_term_string"}}],"inLanguage":"fr-FR"}]}},"_links":{"self":[{"href":"https:\/\/www.tabakversand.ch\/fr\/wp-json\/wp\/v2\/product\/73530","targetHints":{"allow":["GET"]}}],"collection":[{"href":"https:\/\/www.tabakversand.ch\/fr\/wp-json\/wp\/v2\/product"}],"about":[{"href":"https:\/\/www.tabakversand.ch\/fr\/wp-json\/wp\/v2\/types\/product"}],"version-history":[{"count":2,"href":"https:\/\/www.tabakversand.ch\/fr\/wp-json\/wp\/v2\/product\/73530\/revisions"}],"predecessor-version":[{"id":209918,"href":"https:\/\/www.tabakversand.ch\/fr\/wp-json\/wp\/v2\/product\/73530\/revisions\/209918"}],"wp:featuredmedia":[{"embeddable":true,"href":"https:\/\/www.tabakversand.ch\/fr\/wp-json\/wp\/v2\/media\/73536"}],"wp:attachment":[{"href":"https:\/\/www.tabakversand.ch\/fr\/wp-json\/wp\/v2\/media?parent=73530"}],"wp:term":[{"taxonomy":"product_brand","embeddable":true,"href":"https:\/\/www.tabakversand.ch\/fr\/wp-json\/wp\/v2\/product_brand?post=73530"},{"taxonomy":"product_cat","embeddable":true,"href":"https:\/\/www.tabakversand.ch\/fr\/wp-json\/wp\/v2\/product_cat?post=73530"},{"taxonomy":"product_tag","embeddable":true,"href":"https:\/\/www.tabakversand.ch\/fr\/wp-json\/wp\/v2\/product_tag?post=73530"}],"curies":[{"name":"wp","href":"https:\/\/api.w.org\/{rel}","templated":true}]}}