{"id":73585,"date":"2022-04-02T10:48:32","date_gmt":"2022-04-02T08:48:32","guid":{"rendered":"http:\/\/www.tabakversand.ch\/produkt\/tuyau-sable-shire-hugg\/"},"modified":"2025-11-17T14:24:06","modified_gmt":"2025-11-17T13:24:06","slug":"auenland-hugg-sable-pipe","status":"publish","type":"product","link":"https:\/\/www.tabakversand.ch\/fr\/produit\/auenland-hugg-sable-pipe\/","title":{"rendered":"Tuyau sabl\u00e9 Shire Hugg"},"content":{"rendered":"<p>Tuyau sabl\u00e9 Shire Hugg<\/p>\n<p>Tuyau filtrant de 9 mm<br \/>\n Emball\u00e9 dans une jolie bo\u00eete cadeau dans un sac en velours<br \/>\n Longueur : de l&#8217;embouchure de la pipe au fourneau de la pipe environ 34 cm<\/p>\n<table border=\"0\" cellpadding=\"0\">\n<tbody>\n<tr>\n<td style=\"width: 192px\">fourneau de pipe<\/td>\n<td>Fabriqu\u00e9 \u00e0 partir de bois de bruy\u00e8re<\/td>\n<\/tr>\n<tr>\n<td style=\"width: 192px\">tige<\/td>\n<td>Fabriqu\u00e9 en bois de h\u00eatre avec un tube en plastique int\u00e9gr\u00e9 pour un nettoyage hygi\u00e9nique.<\/td>\n<\/tr>\n<tr>\n<td style=\"width: 192px\">embouchure<\/td>\n<td>morsure acrylique<\/td>\n<\/tr>\n<tr>\n<td style=\"width: 192px\">9 mm<\/td>\n<td>Convient pour une utilisation avec une fraise Dr. de 9 mm. Filtre \u00e0 charbon actif Perl junior de VAUEN<\/td>\n<\/tr>\n<\/tbody>\n<\/table>\n<p>Tous les prix s&rsquo;appliquent uniquement aux commandes en ligne et incluent la TVA. Sous r\u00e9serve de modifications sans pr\u00e9avis, frais de livraison en sus. Sous r\u00e9serve d&rsquo;erreurs, de modifications de contenu de livraison et de conception, de fautes d&rsquo;impression et de modifications de prix. Les prix barr\u00e9s sont des prix de remplacement. Les illustrations peuvent diff\u00e9rer de l&rsquo;original\/du contenu de livraison.<br \/>\n*Livraison gratuite pour les commandes sup\u00e9rieures \u00e0 CHF 250.-.<\/p>\n","protected":false},"excerpt":{"rendered":"<p>Tuyau sabl\u00e9 Shire Hugg Tuyau filtrant de 9 mm Emball\u00e9 dans une jolie bo\u00eete cadeau dans un sac en velours Longueur : de l&#8217;embouchure de la pipe au fourneau de la pipe environ 34 cm fourneau de pipe Fabriqu\u00e9 \u00e0 partir de bois de bruy\u00e8re tige Fabriqu\u00e9 en bois de h\u00eatre avec un tube en [&hellip;]<\/p>\n","protected":false},"featured_media":73595,"template":"","meta":[],"product_brand":[],"product_cat":[1949,1947,1945],"product_tag":[],"class_list":{"0":"post-73585","1":"product","2":"type-product","3":"status-publish","4":"has-post-thumbnail","6":"product_cat-pipe-world-fr","7":"product_cat-siffler","8":"product_cat-tuyaux-vauen","10":"first","11":"instock","12":"purchasable","13":"product-type-simple"},"yoast_head":"<!-- This site is optimized with the Yoast SEO plugin v27.0 - https:\/\/yoast.com\/product\/yoast-seo-wordpress\/ -->\n<title>Tuyau sabl\u00e9 Shire Hugg - Tabakversand.ch | Alles aus der Welt des Tabaks<\/title>\n<meta name=\"description\" content=\"Shire Hugg | de tuyaux sabl\u00e9s La plus grande s\u00e9lection de produits du tabac de Suisse | Cartes accept\u00e9es!\" \/>\n<meta name=\"robots\" content=\"index, follow, max-snippet:-1, max-image-preview:large, max-video-preview:-1\" \/>\n<link rel=\"canonical\" href=\"https:\/\/www.tabakversand.ch\/fr\/produit\/auenland-hugg-sable-pipe\/\" \/>\n<meta property=\"og:locale\" content=\"fr_FR\" \/>\n<meta property=\"og:type\" content=\"article\" \/>\n<meta property=\"og:title\" content=\"Tuyau sabl\u00e9 Shire Hugg - Tabakversand.ch | Alles aus der Welt des Tabaks\" \/>\n<meta property=\"og:description\" content=\"Shire Hugg | de tuyaux sabl\u00e9s La plus grande s\u00e9lection de produits du tabac de Suisse | Cartes accept\u00e9es!\" \/>\n<meta property=\"og:url\" content=\"https:\/\/www.tabakversand.ch\/fr\/produit\/auenland-hugg-sable-pipe\/\" \/>\n<meta property=\"og:site_name\" content=\"Tabakversand.ch | Alles aus der Welt des Tabaks\" \/>\n<meta property=\"article:modified_time\" content=\"2025-11-17T13:24:06+00:00\" \/>\n<meta property=\"og:image\" content=\"https:\/\/www.tabakversand.ch\/wp-content\/uploads\/2022\/03\/hugg-sand-auenland-pfeife-vauen.jpg\" \/>\n\t<meta property=\"og:image:width\" content=\"510\" \/>\n\t<meta property=\"og:image:height\" content=\"510\" \/>\n\t<meta property=\"og:image:type\" content=\"image\/jpeg\" \/>\n<meta name=\"twitter:card\" content=\"summary_large_image\" \/>\n<meta name=\"twitter:label1\" content=\"Dur\u00e9e de lecture estim\u00e9e\" \/>\n\t<meta name=\"twitter:data1\" content=\"1 minute\" \/>\n<script type=\"application\/ld+json\" class=\"yoast-schema-graph\">{\"@context\":\"https:\/\/schema.org\",\"@graph\":[{\"@type\":\"WebPage\",\"@id\":\"https:\/\/www.tabakversand.ch\/fr\/produit\/auenland-hugg-sable-pipe\/\",\"url\":\"https:\/\/www.tabakversand.ch\/fr\/produit\/auenland-hugg-sable-pipe\/\",\"name\":\"Tuyau sabl\u00e9 Shire Hugg - Tabakversand.ch | Alles aus der Welt des Tabaks\",\"isPartOf\":{\"@id\":\"https:\/\/www.tabakversand.ch\/#website\"},\"primaryImageOfPage\":{\"@id\":\"https:\/\/www.tabakversand.ch\/fr\/produit\/auenland-hugg-sable-pipe\/#primaryimage\"},\"image\":{\"@id\":\"https:\/\/www.tabakversand.ch\/fr\/produit\/auenland-hugg-sable-pipe\/#primaryimage\"},\"thumbnailUrl\":\"https:\/\/www.tabakversand.ch\/wp-content\/uploads\/2022\/03\/hugg-sand-auenland-pfeife-vauen.jpg\",\"datePublished\":\"2022-04-02T08:48:32+00:00\",\"dateModified\":\"2025-11-17T13:24:06+00:00\",\"description\":\"Shire Hugg | de tuyaux sabl\u00e9s La plus grande s\u00e9lection de produits du tabac de Suisse | Cartes accept\u00e9es!\",\"breadcrumb\":{\"@id\":\"https:\/\/www.tabakversand.ch\/fr\/produit\/auenland-hugg-sable-pipe\/#breadcrumb\"},\"inLanguage\":\"fr-FR\",\"potentialAction\":[{\"@type\":\"ReadAction\",\"target\":[\"https:\/\/www.tabakversand.ch\/fr\/produit\/auenland-hugg-sable-pipe\/\"]}]},{\"@type\":\"ImageObject\",\"inLanguage\":\"fr-FR\",\"@id\":\"https:\/\/www.tabakversand.ch\/fr\/produit\/auenland-hugg-sable-pipe\/#primaryimage\",\"url\":\"https:\/\/www.tabakversand.ch\/wp-content\/uploads\/2022\/03\/hugg-sand-auenland-pfeife-vauen.jpg\",\"contentUrl\":\"https:\/\/www.tabakversand.ch\/wp-content\/uploads\/2022\/03\/hugg-sand-auenland-pfeife-vauen.jpg\",\"width\":510,\"height\":510,\"caption\":\"Tuyau sabl\u00e9 Shire Hugg\"},{\"@type\":\"BreadcrumbList\",\"@id\":\"https:\/\/www.tabakversand.ch\/fr\/produit\/auenland-hugg-sable-pipe\/#breadcrumb\",\"itemListElement\":[{\"@type\":\"ListItem\",\"position\":1,\"name\":\"Startseite\",\"item\":\"https:\/\/www.tabakversand.ch\/\"},{\"@type\":\"ListItem\",\"position\":2,\"name\":\"Boutique\",\"item\":\"https:\/\/www.tabakversand.ch\/fr\/boutique\/\"},{\"@type\":\"ListItem\",\"position\":3,\"name\":\"Tuyau sabl\u00e9 Shire Hugg\"}]},{\"@type\":\"WebSite\",\"@id\":\"https:\/\/www.tabakversand.ch\/#website\",\"url\":\"https:\/\/www.tabakversand.ch\/\",\"name\":\"Tabakversand.ch | Alles aus der Welt des Tabaks\",\"description\":\"Smoke and carpe diem\",\"potentialAction\":[{\"@type\":\"SearchAction\",\"target\":{\"@type\":\"EntryPoint\",\"urlTemplate\":\"https:\/\/www.tabakversand.ch\/?s={search_term_string}\"},\"query-input\":{\"@type\":\"PropertyValueSpecification\",\"valueRequired\":true,\"valueName\":\"search_term_string\"}}],\"inLanguage\":\"fr-FR\"}]}<\/script>\n<!-- \/ Yoast SEO plugin. -->","yoast_head_json":{"title":"Tuyau sabl\u00e9 Shire Hugg - Tabakversand.ch | Alles aus der Welt des Tabaks","description":"Shire Hugg | de tuyaux sabl\u00e9s La plus grande s\u00e9lection de produits du tabac de Suisse | Cartes accept\u00e9es!","robots":{"index":"index","follow":"follow","max-snippet":"max-snippet:-1","max-image-preview":"max-image-preview:large","max-video-preview":"max-video-preview:-1"},"canonical":"https:\/\/www.tabakversand.ch\/fr\/produit\/auenland-hugg-sable-pipe\/","og_locale":"fr_FR","og_type":"article","og_title":"Tuyau sabl\u00e9 Shire Hugg - Tabakversand.ch | Alles aus der Welt des Tabaks","og_description":"Shire Hugg | de tuyaux sabl\u00e9s La plus grande s\u00e9lection de produits du tabac de Suisse | Cartes accept\u00e9es!","og_url":"https:\/\/www.tabakversand.ch\/fr\/produit\/auenland-hugg-sable-pipe\/","og_site_name":"Tabakversand.ch | Alles aus der Welt des Tabaks","article_modified_time":"2025-11-17T13:24:06+00:00","og_image":[{"width":510,"height":510,"url":"https:\/\/www.tabakversand.ch\/wp-content\/uploads\/2022\/03\/hugg-sand-auenland-pfeife-vauen.jpg","type":"image\/jpeg"}],"twitter_card":"summary_large_image","twitter_misc":{"Dur\u00e9e de lecture estim\u00e9e":"1 minute"},"schema":{"@context":"https:\/\/schema.org","@graph":[{"@type":"WebPage","@id":"https:\/\/www.tabakversand.ch\/fr\/produit\/auenland-hugg-sable-pipe\/","url":"https:\/\/www.tabakversand.ch\/fr\/produit\/auenland-hugg-sable-pipe\/","name":"Tuyau sabl\u00e9 Shire Hugg - Tabakversand.ch | Alles aus der Welt des Tabaks","isPartOf":{"@id":"https:\/\/www.tabakversand.ch\/#website"},"primaryImageOfPage":{"@id":"https:\/\/www.tabakversand.ch\/fr\/produit\/auenland-hugg-sable-pipe\/#primaryimage"},"image":{"@id":"https:\/\/www.tabakversand.ch\/fr\/produit\/auenland-hugg-sable-pipe\/#primaryimage"},"thumbnailUrl":"https:\/\/www.tabakversand.ch\/wp-content\/uploads\/2022\/03\/hugg-sand-auenland-pfeife-vauen.jpg","datePublished":"2022-04-02T08:48:32+00:00","dateModified":"2025-11-17T13:24:06+00:00","description":"Shire Hugg | de tuyaux sabl\u00e9s La plus grande s\u00e9lection de produits du tabac de Suisse | Cartes accept\u00e9es!","breadcrumb":{"@id":"https:\/\/www.tabakversand.ch\/fr\/produit\/auenland-hugg-sable-pipe\/#breadcrumb"},"inLanguage":"fr-FR","potentialAction":[{"@type":"ReadAction","target":["https:\/\/www.tabakversand.ch\/fr\/produit\/auenland-hugg-sable-pipe\/"]}]},{"@type":"ImageObject","inLanguage":"fr-FR","@id":"https:\/\/www.tabakversand.ch\/fr\/produit\/auenland-hugg-sable-pipe\/#primaryimage","url":"https:\/\/www.tabakversand.ch\/wp-content\/uploads\/2022\/03\/hugg-sand-auenland-pfeife-vauen.jpg","contentUrl":"https:\/\/www.tabakversand.ch\/wp-content\/uploads\/2022\/03\/hugg-sand-auenland-pfeife-vauen.jpg","width":510,"height":510,"caption":"Tuyau sabl\u00e9 Shire Hugg"},{"@type":"BreadcrumbList","@id":"https:\/\/www.tabakversand.ch\/fr\/produit\/auenland-hugg-sable-pipe\/#breadcrumb","itemListElement":[{"@type":"ListItem","position":1,"name":"Startseite","item":"https:\/\/www.tabakversand.ch\/"},{"@type":"ListItem","position":2,"name":"Boutique","item":"https:\/\/www.tabakversand.ch\/fr\/boutique\/"},{"@type":"ListItem","position":3,"name":"Tuyau sabl\u00e9 Shire Hugg"}]},{"@type":"WebSite","@id":"https:\/\/www.tabakversand.ch\/#website","url":"https:\/\/www.tabakversand.ch\/","name":"Tabakversand.ch | Alles aus der Welt des Tabaks","description":"Smoke and carpe diem","potentialAction":[{"@type":"SearchAction","target":{"@type":"EntryPoint","urlTemplate":"https:\/\/www.tabakversand.ch\/?s={search_term_string}"},"query-input":{"@type":"PropertyValueSpecification","valueRequired":true,"valueName":"search_term_string"}}],"inLanguage":"fr-FR"}]}},"_links":{"self":[{"href":"https:\/\/www.tabakversand.ch\/fr\/wp-json\/wp\/v2\/product\/73585","targetHints":{"allow":["GET"]}}],"collection":[{"href":"https:\/\/www.tabakversand.ch\/fr\/wp-json\/wp\/v2\/product"}],"about":[{"href":"https:\/\/www.tabakversand.ch\/fr\/wp-json\/wp\/v2\/types\/product"}],"version-history":[{"count":2,"href":"https:\/\/www.tabakversand.ch\/fr\/wp-json\/wp\/v2\/product\/73585\/revisions"}],"predecessor-version":[{"id":206320,"href":"https:\/\/www.tabakversand.ch\/fr\/wp-json\/wp\/v2\/product\/73585\/revisions\/206320"}],"wp:featuredmedia":[{"embeddable":true,"href":"https:\/\/www.tabakversand.ch\/fr\/wp-json\/wp\/v2\/media\/73595"}],"wp:attachment":[{"href":"https:\/\/www.tabakversand.ch\/fr\/wp-json\/wp\/v2\/media?parent=73585"}],"wp:term":[{"taxonomy":"product_brand","embeddable":true,"href":"https:\/\/www.tabakversand.ch\/fr\/wp-json\/wp\/v2\/product_brand?post=73585"},{"taxonomy":"product_cat","embeddable":true,"href":"https:\/\/www.tabakversand.ch\/fr\/wp-json\/wp\/v2\/product_cat?post=73585"},{"taxonomy":"product_tag","embeddable":true,"href":"https:\/\/www.tabakversand.ch\/fr\/wp-json\/wp\/v2\/product_tag?post=73585"}],"curies":[{"name":"wp","href":"https:\/\/api.w.org\/{rel}","templated":true}]}}