{"id":73586,"date":"2022-04-02T10:48:17","date_gmt":"2022-04-02T08:48:17","guid":{"rendered":"http:\/\/www.tabakversand.ch\/produkt\/avo-classic-n-6-20-cigares-kistli\/"},"modified":"2025-01-23T12:06:38","modified_gmt":"2025-01-23T11:06:38","slug":"avo-classic-no-6-20er-kistli-cigares","status":"publish","type":"product","link":"https:\/\/www.tabakversand.ch\/fr\/produit\/avo-classic-no-6-20er-kistli-cigares\/","title":{"rendered":"AVO Classic N\u00b0 6 20 Cigares Kistli"},"content":{"rendered":"<h1>AVO Classic n\u00b0 6<\/h1>\n<h2>Cigares 20er Kistli<\/h2>\n<p>Ce cigare est la combinaison harmonieuse de deux l\u00e9gendes du cigare \u2013 Avo Uvezian et Master Blender Hendrik Kelner. Leur collaboration a conduit \u00e0 une exp\u00e9rience inoubliable d\u2019\u00e9quilibre, de plaisir et de go\u00fbt sp\u00e9cial. Ce m\u00e9lange invitant est compos\u00e9 de vari\u00e9t\u00e9s de tabac rares qui ont \u00e9t\u00e9 autoris\u00e9es \u00e0 m\u00fbrir pendant plus de 25 ans. Doux et velout\u00e9 avec une pointe de poivre.<\/p>\n<p>FEUILLE DE COUVERTURE&nbsp;: GRAINES DU CONNECTICUT, CULTIV\u00c9ES AU SOLEIL<br \/>\n COUVERTURE DE L&rsquo;\u00c9QUATEUR&nbsp;: R\u00c9PUBLIQUE DOMINICAINE<br \/>\n INS\u00c9RER&nbsp;: R\u00c9PUBLIQUE DOMINICAINE (SAN VINCENTE, OLOR, PILOTO)<br \/>\n INTENSIT\u00c9&nbsp;: \u25cf\u25d0\u25cb\u25cb\u25cb<\/p>\n<p>Format: Toro Grande<\/p>\n<p>Tous les prix s&rsquo;appliquent uniquement aux commandes en ligne et incluent la TVA et sont sujets \u00e0 changement plus les frais d&rsquo;exp\u00e9dition. Sous r\u00e9serve d&rsquo;erreurs, de modifications de l&rsquo;\u00e9tendue de la livraison et de la conception, d&rsquo;erreurs d&rsquo;impression et de modifications de prix. Les prix barr\u00e9s sont plut\u00f4t des prix. L&rsquo;illustration peut diff\u00e9rer de l&rsquo;original\/de l&rsquo;\u00e9tendue de la livraison. *Livraison gratuite pour les commandes sup\u00e9rieures \u00e0 CHF 250.     <\/p>\n","protected":false},"excerpt":{"rendered":"<p>AVO Classic n\u00b0 6 Cigares 20er Kistli Ce cigare est la combinaison harmonieuse de deux l\u00e9gendes du cigare \u2013 Avo Uvezian et Master Blender Hendrik Kelner. Leur collaboration a conduit \u00e0 une exp\u00e9rience inoubliable d\u2019\u00e9quilibre, de plaisir et de go\u00fbt sp\u00e9cial. Ce m\u00e9lange invitant est compos\u00e9 de vari\u00e9t\u00e9s de tabac rares qui ont \u00e9t\u00e9 autoris\u00e9es [&hellip;]<\/p>\n","protected":false},"featured_media":73589,"template":"","meta":[],"product_brand":[1530],"product_cat":[2469,2468,1993,1994,1992],"product_tag":[],"class_list":{"0":"post-73586","1":"product","2":"type-product","3":"status-publish","4":"has-post-thumbnail","6":"product_brand-avo-uvezian","7":"product_cat-avo-fr","8":"product_cat-avo-classique","9":"product_cat-cigares","10":"product_cat-monde-du-cigare","11":"product_cat-republique-dominicaine","13":"first","14":"onbackorder","15":"purchasable","16":"product-type-simple"},"yoast_head":"<!-- This site is optimized with the Yoast SEO plugin v27.5 - https:\/\/yoast.com\/product\/yoast-seo-wordpress\/ -->\n<title>AVO Classic N\u00b0 6 20 Cigares Kistli - Tabakversand.ch | Alles aus der Welt des Tabaks<\/title>\n<meta name=\"description\" content=\"AVO Classic n \u00b0 6 20 Cigares Kistli | La plus grande s\u00e9lection de produits du tabac de Suisse | Toutes les cartes sont accept\u00e9es!\" \/>\n<meta name=\"robots\" content=\"index, follow, max-snippet:-1, max-image-preview:large, max-video-preview:-1\" \/>\n<link rel=\"canonical\" href=\"https:\/\/www.tabakversand.ch\/fr\/produit\/avo-classic-no-6-20er-kistli-cigares\/\" \/>\n<meta property=\"og:locale\" content=\"fr_FR\" \/>\n<meta property=\"og:type\" content=\"article\" \/>\n<meta property=\"og:title\" content=\"AVO Classic N\u00b0 6 20 Cigares Kistli - Tabakversand.ch | Alles aus der Welt des Tabaks\" \/>\n<meta property=\"og:description\" content=\"AVO Classic n \u00b0 6 20 Cigares Kistli | La plus grande s\u00e9lection de produits du tabac de Suisse | Toutes les cartes sont accept\u00e9es!\" \/>\n<meta property=\"og:url\" content=\"https:\/\/www.tabakversand.ch\/fr\/produit\/avo-classic-no-6-20er-kistli-cigares\/\" \/>\n<meta property=\"og:site_name\" content=\"Tabakversand.ch | Alles aus der Welt des Tabaks\" \/>\n<meta property=\"article:modified_time\" content=\"2025-01-23T11:06:38+00:00\" \/>\n<meta property=\"og:image\" content=\"https:\/\/www.tabakversand.ch\/wp-content\/uploads\/2022\/03\/avo-classic-6-20-box.jpg\" \/>\n\t<meta property=\"og:image:width\" content=\"500\" \/>\n\t<meta property=\"og:image:height\" content=\"500\" \/>\n\t<meta property=\"og:image:type\" content=\"image\/jpeg\" \/>\n<meta name=\"twitter:card\" content=\"summary_large_image\" \/>\n<meta name=\"twitter:label1\" content=\"Dur\u00e9e de lecture estim\u00e9e\" \/>\n\t<meta name=\"twitter:data1\" content=\"1 minute\" \/>\n<script type=\"application\/ld+json\" class=\"yoast-schema-graph\">{\"@context\":\"https:\\\/\\\/schema.org\",\"@graph\":[{\"@type\":\"WebPage\",\"@id\":\"https:\\\/\\\/www.tabakversand.ch\\\/fr\\\/produit\\\/avo-classic-no-6-20er-kistli-cigares\\\/\",\"url\":\"https:\\\/\\\/www.tabakversand.ch\\\/fr\\\/produit\\\/avo-classic-no-6-20er-kistli-cigares\\\/\",\"name\":\"AVO Classic N\u00b0 6 20 Cigares Kistli - Tabakversand.ch | Alles aus der Welt des Tabaks\",\"isPartOf\":{\"@id\":\"https:\\\/\\\/www.tabakversand.ch\\\/#website\"},\"primaryImageOfPage\":{\"@id\":\"https:\\\/\\\/www.tabakversand.ch\\\/fr\\\/produit\\\/avo-classic-no-6-20er-kistli-cigares\\\/#primaryimage\"},\"image\":{\"@id\":\"https:\\\/\\\/www.tabakversand.ch\\\/fr\\\/produit\\\/avo-classic-no-6-20er-kistli-cigares\\\/#primaryimage\"},\"thumbnailUrl\":\"https:\\\/\\\/www.tabakversand.ch\\\/wp-content\\\/uploads\\\/2022\\\/03\\\/avo-classic-6-20-box.jpg\",\"datePublished\":\"2022-04-02T08:48:17+00:00\",\"dateModified\":\"2025-01-23T11:06:38+00:00\",\"description\":\"AVO Classic n \u00b0 6 20 Cigares Kistli | La plus grande s\u00e9lection de produits du tabac de Suisse | Toutes les cartes sont accept\u00e9es!\",\"breadcrumb\":{\"@id\":\"https:\\\/\\\/www.tabakversand.ch\\\/fr\\\/produit\\\/avo-classic-no-6-20er-kistli-cigares\\\/#breadcrumb\"},\"inLanguage\":\"fr-FR\",\"potentialAction\":[{\"@type\":\"ReadAction\",\"target\":[\"https:\\\/\\\/www.tabakversand.ch\\\/fr\\\/produit\\\/avo-classic-no-6-20er-kistli-cigares\\\/\"]}]},{\"@type\":\"ImageObject\",\"inLanguage\":\"fr-FR\",\"@id\":\"https:\\\/\\\/www.tabakversand.ch\\\/fr\\\/produit\\\/avo-classic-no-6-20er-kistli-cigares\\\/#primaryimage\",\"url\":\"https:\\\/\\\/www.tabakversand.ch\\\/wp-content\\\/uploads\\\/2022\\\/03\\\/avo-classic-6-20-box.jpg\",\"contentUrl\":\"https:\\\/\\\/www.tabakversand.ch\\\/wp-content\\\/uploads\\\/2022\\\/03\\\/avo-classic-6-20-box.jpg\",\"width\":500,\"height\":500,\"caption\":\"AVO Classic N\u00b0 6 20 Cigares Kistli\"},{\"@type\":\"BreadcrumbList\",\"@id\":\"https:\\\/\\\/www.tabakversand.ch\\\/fr\\\/produit\\\/avo-classic-no-6-20er-kistli-cigares\\\/#breadcrumb\",\"itemListElement\":[{\"@type\":\"ListItem\",\"position\":1,\"name\":\"Startseite\",\"item\":\"https:\\\/\\\/www.tabakversand.ch\\\/\"},{\"@type\":\"ListItem\",\"position\":2,\"name\":\"Boutique\",\"item\":\"https:\\\/\\\/www.tabakversand.ch\\\/fr\\\/boutique\\\/\"},{\"@type\":\"ListItem\",\"position\":3,\"name\":\"AVO Classic N\u00b0 6 20 Cigares Kistli\"}]},{\"@type\":\"WebSite\",\"@id\":\"https:\\\/\\\/www.tabakversand.ch\\\/#website\",\"url\":\"https:\\\/\\\/www.tabakversand.ch\\\/\",\"name\":\"Tabakversand.ch | Alles aus der Welt des Tabaks\",\"description\":\"Smoke and carpe diem\",\"potentialAction\":[{\"@type\":\"SearchAction\",\"target\":{\"@type\":\"EntryPoint\",\"urlTemplate\":\"https:\\\/\\\/www.tabakversand.ch\\\/?s={search_term_string}\"},\"query-input\":{\"@type\":\"PropertyValueSpecification\",\"valueRequired\":true,\"valueName\":\"search_term_string\"}}],\"inLanguage\":\"fr-FR\"}]}<\/script>\n<!-- \/ Yoast SEO plugin. -->","yoast_head_json":{"title":"AVO Classic N\u00b0 6 20 Cigares Kistli - Tabakversand.ch | Alles aus der Welt des Tabaks","description":"AVO Classic n \u00b0 6 20 Cigares Kistli | La plus grande s\u00e9lection de produits du tabac de Suisse | Toutes les cartes sont accept\u00e9es!","robots":{"index":"index","follow":"follow","max-snippet":"max-snippet:-1","max-image-preview":"max-image-preview:large","max-video-preview":"max-video-preview:-1"},"canonical":"https:\/\/www.tabakversand.ch\/fr\/produit\/avo-classic-no-6-20er-kistli-cigares\/","og_locale":"fr_FR","og_type":"article","og_title":"AVO Classic N\u00b0 6 20 Cigares Kistli - Tabakversand.ch | Alles aus der Welt des Tabaks","og_description":"AVO Classic n \u00b0 6 20 Cigares Kistli | La plus grande s\u00e9lection de produits du tabac de Suisse | Toutes les cartes sont accept\u00e9es!","og_url":"https:\/\/www.tabakversand.ch\/fr\/produit\/avo-classic-no-6-20er-kistli-cigares\/","og_site_name":"Tabakversand.ch | Alles aus der Welt des Tabaks","article_modified_time":"2025-01-23T11:06:38+00:00","og_image":[{"width":500,"height":500,"url":"https:\/\/www.tabakversand.ch\/wp-content\/uploads\/2022\/03\/avo-classic-6-20-box.jpg","type":"image\/jpeg"}],"twitter_card":"summary_large_image","twitter_misc":{"Dur\u00e9e de lecture estim\u00e9e":"1 minute"},"schema":{"@context":"https:\/\/schema.org","@graph":[{"@type":"WebPage","@id":"https:\/\/www.tabakversand.ch\/fr\/produit\/avo-classic-no-6-20er-kistli-cigares\/","url":"https:\/\/www.tabakversand.ch\/fr\/produit\/avo-classic-no-6-20er-kistli-cigares\/","name":"AVO Classic N\u00b0 6 20 Cigares Kistli - Tabakversand.ch | Alles aus der Welt des Tabaks","isPartOf":{"@id":"https:\/\/www.tabakversand.ch\/#website"},"primaryImageOfPage":{"@id":"https:\/\/www.tabakversand.ch\/fr\/produit\/avo-classic-no-6-20er-kistli-cigares\/#primaryimage"},"image":{"@id":"https:\/\/www.tabakversand.ch\/fr\/produit\/avo-classic-no-6-20er-kistli-cigares\/#primaryimage"},"thumbnailUrl":"https:\/\/www.tabakversand.ch\/wp-content\/uploads\/2022\/03\/avo-classic-6-20-box.jpg","datePublished":"2022-04-02T08:48:17+00:00","dateModified":"2025-01-23T11:06:38+00:00","description":"AVO Classic n \u00b0 6 20 Cigares Kistli | La plus grande s\u00e9lection de produits du tabac de Suisse | Toutes les cartes sont accept\u00e9es!","breadcrumb":{"@id":"https:\/\/www.tabakversand.ch\/fr\/produit\/avo-classic-no-6-20er-kistli-cigares\/#breadcrumb"},"inLanguage":"fr-FR","potentialAction":[{"@type":"ReadAction","target":["https:\/\/www.tabakversand.ch\/fr\/produit\/avo-classic-no-6-20er-kistli-cigares\/"]}]},{"@type":"ImageObject","inLanguage":"fr-FR","@id":"https:\/\/www.tabakversand.ch\/fr\/produit\/avo-classic-no-6-20er-kistli-cigares\/#primaryimage","url":"https:\/\/www.tabakversand.ch\/wp-content\/uploads\/2022\/03\/avo-classic-6-20-box.jpg","contentUrl":"https:\/\/www.tabakversand.ch\/wp-content\/uploads\/2022\/03\/avo-classic-6-20-box.jpg","width":500,"height":500,"caption":"AVO Classic N\u00b0 6 20 Cigares Kistli"},{"@type":"BreadcrumbList","@id":"https:\/\/www.tabakversand.ch\/fr\/produit\/avo-classic-no-6-20er-kistli-cigares\/#breadcrumb","itemListElement":[{"@type":"ListItem","position":1,"name":"Startseite","item":"https:\/\/www.tabakversand.ch\/"},{"@type":"ListItem","position":2,"name":"Boutique","item":"https:\/\/www.tabakversand.ch\/fr\/boutique\/"},{"@type":"ListItem","position":3,"name":"AVO Classic N\u00b0 6 20 Cigares Kistli"}]},{"@type":"WebSite","@id":"https:\/\/www.tabakversand.ch\/#website","url":"https:\/\/www.tabakversand.ch\/","name":"Tabakversand.ch | Alles aus der Welt des Tabaks","description":"Smoke and carpe diem","potentialAction":[{"@type":"SearchAction","target":{"@type":"EntryPoint","urlTemplate":"https:\/\/www.tabakversand.ch\/?s={search_term_string}"},"query-input":{"@type":"PropertyValueSpecification","valueRequired":true,"valueName":"search_term_string"}}],"inLanguage":"fr-FR"}]}},"_links":{"self":[{"href":"https:\/\/www.tabakversand.ch\/fr\/wp-json\/wp\/v2\/product\/73586","targetHints":{"allow":["GET"]}}],"collection":[{"href":"https:\/\/www.tabakversand.ch\/fr\/wp-json\/wp\/v2\/product"}],"about":[{"href":"https:\/\/www.tabakversand.ch\/fr\/wp-json\/wp\/v2\/types\/product"}],"version-history":[{"count":1,"href":"https:\/\/www.tabakversand.ch\/fr\/wp-json\/wp\/v2\/product\/73586\/revisions"}],"predecessor-version":[{"id":166670,"href":"https:\/\/www.tabakversand.ch\/fr\/wp-json\/wp\/v2\/product\/73586\/revisions\/166670"}],"wp:featuredmedia":[{"embeddable":true,"href":"https:\/\/www.tabakversand.ch\/fr\/wp-json\/wp\/v2\/media\/73589"}],"wp:attachment":[{"href":"https:\/\/www.tabakversand.ch\/fr\/wp-json\/wp\/v2\/media?parent=73586"}],"wp:term":[{"taxonomy":"product_brand","embeddable":true,"href":"https:\/\/www.tabakversand.ch\/fr\/wp-json\/wp\/v2\/product_brand?post=73586"},{"taxonomy":"product_cat","embeddable":true,"href":"https:\/\/www.tabakversand.ch\/fr\/wp-json\/wp\/v2\/product_cat?post=73586"},{"taxonomy":"product_tag","embeddable":true,"href":"https:\/\/www.tabakversand.ch\/fr\/wp-json\/wp\/v2\/product_tag?post=73586"}],"curies":[{"name":"wp","href":"https:\/\/api.w.org\/{rel}","templated":true}]}}