{"id":73703,"date":"2022-04-02T10:48:17","date_gmt":"2022-04-02T08:48:17","guid":{"rendered":"http:\/\/www.tabakversand.ch\/produkt\/fabricant-de-cigarettes-angel-duo\/"},"modified":"2025-04-10T13:26:15","modified_gmt":"2025-04-10T11:26:15","slug":"fabricant-de-cigarettes-angel-duo","status":"publish","type":"product","link":"https:\/\/www.tabakversand.ch\/fr\/produit\/fabricant-de-cigarettes-angel-duo\/","title":{"rendered":"Fabricant de cigarettes Angel Duo"},"content":{"rendered":"<p>Machine \u00e0 cigarettes Angel Duo<\/p>\n<p> Machine \u00e0 cigarettes mod\u00e8le de table pour remplir deux tubes \u00e0 cigarettes.<br \/>  &nbsp;<br \/>Tous les prix s&rsquo;appliquent uniquement aux commandes en ligne et incluent la TVA. TVA, sous r\u00e9serve de modifications plus Exp\u00e9dition. Sous r\u00e9serve d&rsquo;erreurs, de modifications de l&rsquo;\u00e9tendue de la livraison et de la conception, d&rsquo;erreurs d&rsquo;impression et de modifications de prix. Les prix barr\u00e9s sont plut\u00f4t des prix. L&rsquo;illustration peut diff\u00e9rer de l&rsquo;original\/de l&rsquo;\u00e9tendue de la livraison.<br \/>\n*Livraison gratuite pour les commandes sup\u00e9rieures \u00e0 CHF 250.<\/p>\n","protected":false},"excerpt":{"rendered":"<p>Machine \u00e0 cigarettes Angel Duo Machine \u00e0 cigarettes mod\u00e8le de table pour remplir deux tubes \u00e0 cigarettes. &nbsp;Tous les prix s&rsquo;appliquent uniquement aux commandes en ligne et incluent la TVA. TVA, sous r\u00e9serve de modifications plus Exp\u00e9dition. Sous r\u00e9serve d&rsquo;erreurs, de modifications de l&rsquo;\u00e9tendue de la livraison et de la conception, d&rsquo;erreurs d&rsquo;impression et de [&hellip;]<\/p>\n","protected":false},"featured_media":73708,"template":"","meta":[],"product_brand":[1558],"product_cat":[1961,2019],"product_tag":[],"class_list":{"0":"post-73703","1":"product","2":"type-product","3":"status-publish","4":"has-post-thumbnail","6":"product_brand-angel","7":"product_cat-cigarettes-self-made-fr-2","8":"product_cat-fabricant-de-cigarettes","10":"first","11":"instock","12":"purchasable","13":"product-type-simple"},"yoast_head":"<!-- This site is optimized with the Yoast SEO plugin v27.0 - https:\/\/yoast.com\/product\/yoast-seo-wordpress\/ -->\n<title>Fabricant de cigarettes Angel Duo - Tabakversand.ch | Alles aus der Welt des Tabaks<\/title>\n<meta name=\"description\" content=\"| de fabricant de cigarettes Angel Duo La plus grande s\u00e9lection de produits du tabac de Suisse | Toutes les cartes sont accept\u00e9es!\" \/>\n<meta name=\"robots\" content=\"index, follow, max-snippet:-1, max-image-preview:large, max-video-preview:-1\" \/>\n<link rel=\"canonical\" href=\"https:\/\/www.tabakversand.ch\/fr\/produit\/fabricant-de-cigarettes-angel-duo\/\" \/>\n<meta property=\"og:locale\" content=\"fr_FR\" \/>\n<meta property=\"og:type\" content=\"article\" \/>\n<meta property=\"og:title\" content=\"Fabricant de cigarettes Angel Duo - Tabakversand.ch | Alles aus der Welt des Tabaks\" \/>\n<meta property=\"og:description\" content=\"| de fabricant de cigarettes Angel Duo La plus grande s\u00e9lection de produits du tabac de Suisse | Toutes les cartes sont accept\u00e9es!\" \/>\n<meta property=\"og:url\" content=\"https:\/\/www.tabakversand.ch\/fr\/produit\/fabricant-de-cigarettes-angel-duo\/\" \/>\n<meta property=\"og:site_name\" content=\"Tabakversand.ch | Alles aus der Welt des Tabaks\" \/>\n<meta property=\"article:modified_time\" content=\"2025-04-10T11:26:15+00:00\" \/>\n<meta property=\"og:image\" content=\"https:\/\/www.tabakversand.ch\/wp-content\/uploads\/2022\/03\/angel-duo-zigarettenfertiger.jpg\" \/>\n\t<meta property=\"og:image:width\" content=\"500\" \/>\n\t<meta property=\"og:image:height\" content=\"500\" \/>\n\t<meta property=\"og:image:type\" content=\"image\/jpeg\" \/>\n<meta name=\"twitter:card\" content=\"summary_large_image\" \/>\n<script type=\"application\/ld+json\" class=\"yoast-schema-graph\">{\"@context\":\"https:\/\/schema.org\",\"@graph\":[{\"@type\":\"WebPage\",\"@id\":\"https:\/\/www.tabakversand.ch\/fr\/produit\/fabricant-de-cigarettes-angel-duo\/\",\"url\":\"https:\/\/www.tabakversand.ch\/fr\/produit\/fabricant-de-cigarettes-angel-duo\/\",\"name\":\"Fabricant de cigarettes Angel Duo - Tabakversand.ch | Alles aus der Welt des Tabaks\",\"isPartOf\":{\"@id\":\"https:\/\/www.tabakversand.ch\/#website\"},\"primaryImageOfPage\":{\"@id\":\"https:\/\/www.tabakversand.ch\/fr\/produit\/fabricant-de-cigarettes-angel-duo\/#primaryimage\"},\"image\":{\"@id\":\"https:\/\/www.tabakversand.ch\/fr\/produit\/fabricant-de-cigarettes-angel-duo\/#primaryimage\"},\"thumbnailUrl\":\"https:\/\/www.tabakversand.ch\/wp-content\/uploads\/2022\/03\/angel-duo-zigarettenfertiger.jpg\",\"datePublished\":\"2022-04-02T08:48:17+00:00\",\"dateModified\":\"2025-04-10T11:26:15+00:00\",\"description\":\"| de fabricant de cigarettes Angel Duo La plus grande s\u00e9lection de produits du tabac de Suisse | Toutes les cartes sont accept\u00e9es!\",\"breadcrumb\":{\"@id\":\"https:\/\/www.tabakversand.ch\/fr\/produit\/fabricant-de-cigarettes-angel-duo\/#breadcrumb\"},\"inLanguage\":\"fr-FR\",\"potentialAction\":[{\"@type\":\"ReadAction\",\"target\":[\"https:\/\/www.tabakversand.ch\/fr\/produit\/fabricant-de-cigarettes-angel-duo\/\"]}]},{\"@type\":\"ImageObject\",\"inLanguage\":\"fr-FR\",\"@id\":\"https:\/\/www.tabakversand.ch\/fr\/produit\/fabricant-de-cigarettes-angel-duo\/#primaryimage\",\"url\":\"https:\/\/www.tabakversand.ch\/wp-content\/uploads\/2022\/03\/angel-duo-zigarettenfertiger.jpg\",\"contentUrl\":\"https:\/\/www.tabakversand.ch\/wp-content\/uploads\/2022\/03\/angel-duo-zigarettenfertiger.jpg\",\"width\":500,\"height\":500,\"caption\":\"Fabricant de cigarettes Angel Duo\"},{\"@type\":\"BreadcrumbList\",\"@id\":\"https:\/\/www.tabakversand.ch\/fr\/produit\/fabricant-de-cigarettes-angel-duo\/#breadcrumb\",\"itemListElement\":[{\"@type\":\"ListItem\",\"position\":1,\"name\":\"Startseite\",\"item\":\"https:\/\/www.tabakversand.ch\/\"},{\"@type\":\"ListItem\",\"position\":2,\"name\":\"Boutique\",\"item\":\"https:\/\/www.tabakversand.ch\/fr\/boutique\/\"},{\"@type\":\"ListItem\",\"position\":3,\"name\":\"Fabricant de cigarettes Angel Duo\"}]},{\"@type\":\"WebSite\",\"@id\":\"https:\/\/www.tabakversand.ch\/#website\",\"url\":\"https:\/\/www.tabakversand.ch\/\",\"name\":\"Tabakversand.ch | Alles aus der Welt des Tabaks\",\"description\":\"Smoke and carpe diem\",\"potentialAction\":[{\"@type\":\"SearchAction\",\"target\":{\"@type\":\"EntryPoint\",\"urlTemplate\":\"https:\/\/www.tabakversand.ch\/?s={search_term_string}\"},\"query-input\":{\"@type\":\"PropertyValueSpecification\",\"valueRequired\":true,\"valueName\":\"search_term_string\"}}],\"inLanguage\":\"fr-FR\"}]}<\/script>\n<!-- \/ Yoast SEO plugin. -->","yoast_head_json":{"title":"Fabricant de cigarettes Angel Duo - Tabakversand.ch | Alles aus der Welt des Tabaks","description":"| de fabricant de cigarettes Angel Duo La plus grande s\u00e9lection de produits du tabac de Suisse | Toutes les cartes sont accept\u00e9es!","robots":{"index":"index","follow":"follow","max-snippet":"max-snippet:-1","max-image-preview":"max-image-preview:large","max-video-preview":"max-video-preview:-1"},"canonical":"https:\/\/www.tabakversand.ch\/fr\/produit\/fabricant-de-cigarettes-angel-duo\/","og_locale":"fr_FR","og_type":"article","og_title":"Fabricant de cigarettes Angel Duo - Tabakversand.ch | Alles aus der Welt des Tabaks","og_description":"| de fabricant de cigarettes Angel Duo La plus grande s\u00e9lection de produits du tabac de Suisse | Toutes les cartes sont accept\u00e9es!","og_url":"https:\/\/www.tabakversand.ch\/fr\/produit\/fabricant-de-cigarettes-angel-duo\/","og_site_name":"Tabakversand.ch | Alles aus der Welt des Tabaks","article_modified_time":"2025-04-10T11:26:15+00:00","og_image":[{"width":500,"height":500,"url":"https:\/\/www.tabakversand.ch\/wp-content\/uploads\/2022\/03\/angel-duo-zigarettenfertiger.jpg","type":"image\/jpeg"}],"twitter_card":"summary_large_image","schema":{"@context":"https:\/\/schema.org","@graph":[{"@type":"WebPage","@id":"https:\/\/www.tabakversand.ch\/fr\/produit\/fabricant-de-cigarettes-angel-duo\/","url":"https:\/\/www.tabakversand.ch\/fr\/produit\/fabricant-de-cigarettes-angel-duo\/","name":"Fabricant de cigarettes Angel Duo - Tabakversand.ch | Alles aus der Welt des Tabaks","isPartOf":{"@id":"https:\/\/www.tabakversand.ch\/#website"},"primaryImageOfPage":{"@id":"https:\/\/www.tabakversand.ch\/fr\/produit\/fabricant-de-cigarettes-angel-duo\/#primaryimage"},"image":{"@id":"https:\/\/www.tabakversand.ch\/fr\/produit\/fabricant-de-cigarettes-angel-duo\/#primaryimage"},"thumbnailUrl":"https:\/\/www.tabakversand.ch\/wp-content\/uploads\/2022\/03\/angel-duo-zigarettenfertiger.jpg","datePublished":"2022-04-02T08:48:17+00:00","dateModified":"2025-04-10T11:26:15+00:00","description":"| de fabricant de cigarettes Angel Duo La plus grande s\u00e9lection de produits du tabac de Suisse | Toutes les cartes sont accept\u00e9es!","breadcrumb":{"@id":"https:\/\/www.tabakversand.ch\/fr\/produit\/fabricant-de-cigarettes-angel-duo\/#breadcrumb"},"inLanguage":"fr-FR","potentialAction":[{"@type":"ReadAction","target":["https:\/\/www.tabakversand.ch\/fr\/produit\/fabricant-de-cigarettes-angel-duo\/"]}]},{"@type":"ImageObject","inLanguage":"fr-FR","@id":"https:\/\/www.tabakversand.ch\/fr\/produit\/fabricant-de-cigarettes-angel-duo\/#primaryimage","url":"https:\/\/www.tabakversand.ch\/wp-content\/uploads\/2022\/03\/angel-duo-zigarettenfertiger.jpg","contentUrl":"https:\/\/www.tabakversand.ch\/wp-content\/uploads\/2022\/03\/angel-duo-zigarettenfertiger.jpg","width":500,"height":500,"caption":"Fabricant de cigarettes Angel Duo"},{"@type":"BreadcrumbList","@id":"https:\/\/www.tabakversand.ch\/fr\/produit\/fabricant-de-cigarettes-angel-duo\/#breadcrumb","itemListElement":[{"@type":"ListItem","position":1,"name":"Startseite","item":"https:\/\/www.tabakversand.ch\/"},{"@type":"ListItem","position":2,"name":"Boutique","item":"https:\/\/www.tabakversand.ch\/fr\/boutique\/"},{"@type":"ListItem","position":3,"name":"Fabricant de cigarettes Angel Duo"}]},{"@type":"WebSite","@id":"https:\/\/www.tabakversand.ch\/#website","url":"https:\/\/www.tabakversand.ch\/","name":"Tabakversand.ch | Alles aus der Welt des Tabaks","description":"Smoke and carpe diem","potentialAction":[{"@type":"SearchAction","target":{"@type":"EntryPoint","urlTemplate":"https:\/\/www.tabakversand.ch\/?s={search_term_string}"},"query-input":{"@type":"PropertyValueSpecification","valueRequired":true,"valueName":"search_term_string"}}],"inLanguage":"fr-FR"}]}},"_links":{"self":[{"href":"https:\/\/www.tabakversand.ch\/fr\/wp-json\/wp\/v2\/product\/73703","targetHints":{"allow":["GET"]}}],"collection":[{"href":"https:\/\/www.tabakversand.ch\/fr\/wp-json\/wp\/v2\/product"}],"about":[{"href":"https:\/\/www.tabakversand.ch\/fr\/wp-json\/wp\/v2\/types\/product"}],"version-history":[{"count":1,"href":"https:\/\/www.tabakversand.ch\/fr\/wp-json\/wp\/v2\/product\/73703\/revisions"}],"predecessor-version":[{"id":174556,"href":"https:\/\/www.tabakversand.ch\/fr\/wp-json\/wp\/v2\/product\/73703\/revisions\/174556"}],"wp:featuredmedia":[{"embeddable":true,"href":"https:\/\/www.tabakversand.ch\/fr\/wp-json\/wp\/v2\/media\/73708"}],"wp:attachment":[{"href":"https:\/\/www.tabakversand.ch\/fr\/wp-json\/wp\/v2\/media?parent=73703"}],"wp:term":[{"taxonomy":"product_brand","embeddable":true,"href":"https:\/\/www.tabakversand.ch\/fr\/wp-json\/wp\/v2\/product_brand?post=73703"},{"taxonomy":"product_cat","embeddable":true,"href":"https:\/\/www.tabakversand.ch\/fr\/wp-json\/wp\/v2\/product_cat?post=73703"},{"taxonomy":"product_tag","embeddable":true,"href":"https:\/\/www.tabakversand.ch\/fr\/wp-json\/wp\/v2\/product_tag?post=73703"}],"curies":[{"name":"wp","href":"https:\/\/api.w.org\/{rel}","templated":true}]}}