{"id":73722,"date":"2022-04-02T10:48:17","date_gmt":"2022-04-02T08:48:17","guid":{"rendered":"http:\/\/www.tabakversand.ch\/produkt\/zig-zag-slim-filtre-120-pcs-filtre-a-cigarette\/"},"modified":"2026-03-16T13:00:09","modified_gmt":"2026-03-16T12:00:09","slug":"zig-zag-slim-filter-120-pc-cigarette-filter","status":"publish","type":"product","link":"https:\/\/www.tabakversand.ch\/fr\/produit\/zig-zag-slim-filter-120-pc-cigarette-filter\/","title":{"rendered":"Filtres Zig Zag Slim 120 pi\u00e8ces"},"content":{"rendered":"<h1>Filtre mince en zigzag<\/h1>\n<p>Filtres de haute qualit\u00e9 pour cigarettes roul\u00e9es \u00e0 la main<\/p>\n<p>Les filtres Zig-Zag Slim sont le choix id\u00e9al pour tous ceux qui roulent leurs cigarettes eux-m\u00eames et appr\u00e9cient les filtres de haute qualit\u00e9. Particuli\u00e8rement fins, ils s&rsquo;adaptent parfaitement aux feuilles \u00e0 rouler fines et garantissent une exp\u00e9rience de fumage douce et agr\u00e9able.<\/p>\n<p>Avantages du filtre mince en zigzag<\/p>\n<ul>\n<li>Fabrication de haute qualit\u00e9 : les filtres Zig-Zag Slim sont fabriqu\u00e9s dans un mat\u00e9riau durable qui assure un flux d&rsquo;air constant.<\/li>\n<li>Taille id\u00e9ale pour les cigarettes fines\u00a0: les embouts de filtre \u00e9troits sont parfaits pour les cigarettes roul\u00e9es \u00e0 la main avec du papier fin.<\/li>\n<li>Une exp\u00e9rience de fumage propre : les filtres emp\u00eachent les particules de tabac de p\u00e9n\u00e9trer dans la bouche et assurent une sensation de fumage agr\u00e9able et douce.<\/li>\n<li>Formats pratiques\u00a0: Que ce soit pour une utilisation nomade ou comme r\u00e9serve, les filtres Zig\u2011Zag Slim sont disponibles en diff\u00e9rents formats.<\/li>\n<\/ul>\n<p>&nbsp;<\/p>\n<p>Pourquoi le zigzag ?<\/p>\n<ul>\n<li>La marque Zig-Zag est r\u00e9put\u00e9e depuis des d\u00e9cennies pour ses filtres, feuilles \u00e0 rouler et accessoires pour fumeurs de haute qualit\u00e9. Les filtres fins offrent la qualit\u00e9 fiable habituelle et sont id\u00e9aux pour tous ceux qui pr\u00e9f\u00e8rent les cigarettes roul\u00e9es \u00e0 la main.<\/li>\n<\/ul>\n<p>&nbsp;<\/p>\n<p>Application<\/p>\n<ul>\n<li>Ins\u00e9rez simplement les filtres Zig-Zag Slim \u00e0 l&rsquo;extr\u00e9mit\u00e9 de votre cigarette roul\u00e9e \u00e0 la main. Ils assurent une bonne stabilit\u00e9, un tirage r\u00e9gulier et un confort de consommation accru.<\/li>\n<\/ul>\n<p>&nbsp;<\/p>\n<p>Acheter en ligne<\/p>\n<ul>\n<li>Commandez facilement vos filtres Zig-Zag Slim en ligne sur notre boutique \u2013 parfaits pour tous ceux qui appr\u00e9cient la qualit\u00e9, le format fin et une exp\u00e9rience de fumage optimale. D\u00e9couvrez la fiabilit\u00e9 des filtres Zig-Zag pour une d\u00e9gustation agr\u00e9able et constante de chaque cigarette roul\u00e9e \u00e0 la main.<\/li>\n<\/ul>\n<p>Pour plus d&rsquo;informations sur le fabricant, veuillez consulter l&rsquo;article Wikip\u00e9dia correspondant\u00a0: <a href=\"https:\/\/en.wikipedia.org\/wiki\/Zig-Zag_(company)\">cliquez ici<\/a> et voici le lien vers les feuilles \u00e0 cigarettes\u00a0: <a href=\"https:\/\/www.tabakversand.ch\/fr\/categorie-de-produits\/cigarettes-self-made-fr-2\/papier-a-rouler\/\">cliquez ici.<\/a><\/p>\n<p>Chez tabakversand.ch, vos filtres Zig Zag Slim vous sont livr\u00e9s parfaitement conserv\u00e9s dans leur emballage d&rsquo;origine. Un stockage soign\u00e9 garantit une qualit\u00e9 optimale jusqu&rsquo;\u00e0 l&rsquo;exp\u00e9dition. Gr\u00e2ce \u00e0 une livraison rapide en Suisse, vos filtres \u00e0 cigarettes arrivent g\u00e9n\u00e9ralement tr\u00e8s vite.<\/p>\n<p>Tous les prix s&rsquo;appliquent uniquement aux commandes en ligne et incluent la TVA. Sous r\u00e9serve de modifications sans pr\u00e9avis, frais de livraison en sus. Sous r\u00e9serve d&rsquo;erreurs, de modifications de contenu de livraison et de conception, de fautes d&rsquo;impression et de modifications de prix. Les prix barr\u00e9s sont des prix de remplacement. Les illustrations peuvent diff\u00e9rer de l&rsquo;original\/du contenu de livraison.<br \/>\n*Livraison gratuite pour les commandes sup\u00e9rieures \u00e0 CHF 250.-.<\/p>\n","protected":false},"excerpt":{"rendered":"<p>Filtre mince en zigzag Filtres de haute qualit\u00e9 pour cigarettes roul\u00e9es \u00e0 la main Les filtres Zig-Zag Slim sont le choix id\u00e9al pour tous ceux qui roulent leurs cigarettes eux-m\u00eames et appr\u00e9cient les filtres de haute qualit\u00e9. Particuli\u00e8rement fins, ils s&rsquo;adaptent parfaitement aux feuilles \u00e0 rouler fines et garantissent une exp\u00e9rience de fumage douce et [&hellip;]<\/p>\n","protected":false},"featured_media":73727,"template":"","meta":[],"product_brand":[5431],"product_cat":[3219,1961,1995,3231,5187,2014],"product_tag":[],"class_list":{"0":"post-73722","1":"product","2":"type-product","3":"status-publish","4":"has-post-thumbnail","6":"product_brand-zig-zag","7":"product_cat-boutique-de-tete","8":"product_cat-cigarettes-self-made-fr-2","9":"product_cat-divers-headshop","10":"product_cat-filtre","12":"product_cat-filtres-a-cigarettes","13":"pa_tabak-huelsen-1-x-120-stk","14":"pa_tabak-huelsen-34-x-120-stk","16":"first","17":"instock","18":"purchasable","19":"product-type-variable"},"yoast_head":"<!-- This site is optimized with the Yoast SEO plugin v27.5 - https:\/\/yoast.com\/product\/yoast-seo-wordpress\/ -->\n<title>Achetez des filtres Zig-Zag Slim | Embouts de filtre de haute qualit\u00e9 pour rouleaux<\/title>\n<meta name=\"description\" content=\"Achetez vos filtres Zig-Zag Slim en ligne\u00a0: des filtres de haute qualit\u00e9 pour cigarettes roul\u00e9es \u00e0 la main. D\u00e9couvrez d\u00e8s maintenant nos diff\u00e9rents formats et la qualit\u00e9 de nos marques.\" \/>\n<meta name=\"robots\" content=\"index, follow, max-snippet:-1, max-image-preview:large, max-video-preview:-1\" \/>\n<link rel=\"canonical\" href=\"https:\/\/www.tabakversand.ch\/fr\/produit\/zig-zag-slim-filter-120-pc-cigarette-filter\/\" \/>\n<meta property=\"og:locale\" content=\"fr_FR\" \/>\n<meta property=\"og:type\" content=\"article\" \/>\n<meta property=\"og:title\" content=\"Achetez des filtres Zig-Zag Slim | Embouts de filtre de haute qualit\u00e9 pour rouleaux\" \/>\n<meta property=\"og:description\" content=\"Achetez vos filtres Zig-Zag Slim en ligne\u00a0: des filtres de haute qualit\u00e9 pour cigarettes roul\u00e9es \u00e0 la main. D\u00e9couvrez d\u00e8s maintenant nos diff\u00e9rents formats et la qualit\u00e9 de nos marques.\" \/>\n<meta property=\"og:url\" content=\"https:\/\/www.tabakversand.ch\/fr\/produit\/zig-zag-slim-filter-120-pc-cigarette-filter\/\" \/>\n<meta property=\"og:site_name\" content=\"Tabakversand.ch | Alles aus der Welt des Tabaks\" \/>\n<meta property=\"article:modified_time\" content=\"2026-03-16T12:00:09+00:00\" \/>\n<meta property=\"og:image\" content=\"https:\/\/www.tabakversand.ch\/wp-content\/uploads\/2022\/03\/zig-zag-filter-slim.jpg\" \/>\n\t<meta property=\"og:image:width\" content=\"500\" \/>\n\t<meta property=\"og:image:height\" content=\"500\" \/>\n\t<meta property=\"og:image:type\" content=\"image\/jpeg\" \/>\n<meta name=\"twitter:card\" content=\"summary_large_image\" \/>\n<meta name=\"twitter:label1\" content=\"Dur\u00e9e de lecture estim\u00e9e\" \/>\n\t<meta name=\"twitter:data1\" content=\"3 minutes\" \/>\n<script type=\"application\/ld+json\" class=\"yoast-schema-graph\">{\"@context\":\"https:\\\/\\\/schema.org\",\"@graph\":[{\"@type\":\"WebPage\",\"@id\":\"https:\\\/\\\/www.tabakversand.ch\\\/fr\\\/produit\\\/zig-zag-slim-filter-120-pc-cigarette-filter\\\/\",\"url\":\"https:\\\/\\\/www.tabakversand.ch\\\/fr\\\/produit\\\/zig-zag-slim-filter-120-pc-cigarette-filter\\\/\",\"name\":\"Achetez des filtres Zig-Zag Slim | Embouts de filtre de haute qualit\u00e9 pour rouleaux\",\"isPartOf\":{\"@id\":\"https:\\\/\\\/www.tabakversand.ch\\\/#website\"},\"primaryImageOfPage\":{\"@id\":\"https:\\\/\\\/www.tabakversand.ch\\\/fr\\\/produit\\\/zig-zag-slim-filter-120-pc-cigarette-filter\\\/#primaryimage\"},\"image\":{\"@id\":\"https:\\\/\\\/www.tabakversand.ch\\\/fr\\\/produit\\\/zig-zag-slim-filter-120-pc-cigarette-filter\\\/#primaryimage\"},\"thumbnailUrl\":\"https:\\\/\\\/www.tabakversand.ch\\\/wp-content\\\/uploads\\\/2022\\\/03\\\/zig-zag-filter-slim.jpg\",\"datePublished\":\"2022-04-02T08:48:17+00:00\",\"dateModified\":\"2026-03-16T12:00:09+00:00\",\"description\":\"Achetez vos filtres Zig-Zag Slim en ligne\u00a0: des filtres de haute qualit\u00e9 pour cigarettes roul\u00e9es \u00e0 la main. D\u00e9couvrez d\u00e8s maintenant nos diff\u00e9rents formats et la qualit\u00e9 de nos marques.\",\"breadcrumb\":{\"@id\":\"https:\\\/\\\/www.tabakversand.ch\\\/fr\\\/produit\\\/zig-zag-slim-filter-120-pc-cigarette-filter\\\/#breadcrumb\"},\"inLanguage\":\"fr-FR\",\"potentialAction\":[{\"@type\":\"ReadAction\",\"target\":[\"https:\\\/\\\/www.tabakversand.ch\\\/fr\\\/produit\\\/zig-zag-slim-filter-120-pc-cigarette-filter\\\/\"]}]},{\"@type\":\"ImageObject\",\"inLanguage\":\"fr-FR\",\"@id\":\"https:\\\/\\\/www.tabakversand.ch\\\/fr\\\/produit\\\/zig-zag-slim-filter-120-pc-cigarette-filter\\\/#primaryimage\",\"url\":\"https:\\\/\\\/www.tabakversand.ch\\\/wp-content\\\/uploads\\\/2022\\\/03\\\/zig-zag-filter-slim.jpg\",\"contentUrl\":\"https:\\\/\\\/www.tabakversand.ch\\\/wp-content\\\/uploads\\\/2022\\\/03\\\/zig-zag-filter-slim.jpg\",\"width\":500,\"height\":500,\"caption\":\"Filtres Zig Zag Slim 120 pi\u00e8ces Filtres \u00e0 cigarettes\"},{\"@type\":\"BreadcrumbList\",\"@id\":\"https:\\\/\\\/www.tabakversand.ch\\\/fr\\\/produit\\\/zig-zag-slim-filter-120-pc-cigarette-filter\\\/#breadcrumb\",\"itemListElement\":[{\"@type\":\"ListItem\",\"position\":1,\"name\":\"Startseite\",\"item\":\"https:\\\/\\\/www.tabakversand.ch\\\/\"},{\"@type\":\"ListItem\",\"position\":2,\"name\":\"Boutique\",\"item\":\"https:\\\/\\\/www.tabakversand.ch\\\/fr\\\/boutique\\\/\"},{\"@type\":\"ListItem\",\"position\":3,\"name\":\"Filtres Zig Zag Slim 120 pi\u00e8ces\"}]},{\"@type\":\"WebSite\",\"@id\":\"https:\\\/\\\/www.tabakversand.ch\\\/#website\",\"url\":\"https:\\\/\\\/www.tabakversand.ch\\\/\",\"name\":\"Tabakversand.ch | Alles aus der Welt des Tabaks\",\"description\":\"Smoke and carpe diem\",\"potentialAction\":[{\"@type\":\"SearchAction\",\"target\":{\"@type\":\"EntryPoint\",\"urlTemplate\":\"https:\\\/\\\/www.tabakversand.ch\\\/?s={search_term_string}\"},\"query-input\":{\"@type\":\"PropertyValueSpecification\",\"valueRequired\":true,\"valueName\":\"search_term_string\"}}],\"inLanguage\":\"fr-FR\"}]}<\/script>\n<!-- \/ Yoast SEO plugin. -->","yoast_head_json":{"title":"Achetez des filtres Zig-Zag Slim | Embouts de filtre de haute qualit\u00e9 pour rouleaux","description":"Achetez vos filtres Zig-Zag Slim en ligne\u00a0: des filtres de haute qualit\u00e9 pour cigarettes roul\u00e9es \u00e0 la main. D\u00e9couvrez d\u00e8s maintenant nos diff\u00e9rents formats et la qualit\u00e9 de nos marques.","robots":{"index":"index","follow":"follow","max-snippet":"max-snippet:-1","max-image-preview":"max-image-preview:large","max-video-preview":"max-video-preview:-1"},"canonical":"https:\/\/www.tabakversand.ch\/fr\/produit\/zig-zag-slim-filter-120-pc-cigarette-filter\/","og_locale":"fr_FR","og_type":"article","og_title":"Achetez des filtres Zig-Zag Slim | Embouts de filtre de haute qualit\u00e9 pour rouleaux","og_description":"Achetez vos filtres Zig-Zag Slim en ligne\u00a0: des filtres de haute qualit\u00e9 pour cigarettes roul\u00e9es \u00e0 la main. D\u00e9couvrez d\u00e8s maintenant nos diff\u00e9rents formats et la qualit\u00e9 de nos marques.","og_url":"https:\/\/www.tabakversand.ch\/fr\/produit\/zig-zag-slim-filter-120-pc-cigarette-filter\/","og_site_name":"Tabakversand.ch | Alles aus der Welt des Tabaks","article_modified_time":"2026-03-16T12:00:09+00:00","og_image":[{"width":500,"height":500,"url":"https:\/\/www.tabakversand.ch\/wp-content\/uploads\/2022\/03\/zig-zag-filter-slim.jpg","type":"image\/jpeg"}],"twitter_card":"summary_large_image","twitter_misc":{"Dur\u00e9e de lecture estim\u00e9e":"3 minutes"},"schema":{"@context":"https:\/\/schema.org","@graph":[{"@type":"WebPage","@id":"https:\/\/www.tabakversand.ch\/fr\/produit\/zig-zag-slim-filter-120-pc-cigarette-filter\/","url":"https:\/\/www.tabakversand.ch\/fr\/produit\/zig-zag-slim-filter-120-pc-cigarette-filter\/","name":"Achetez des filtres Zig-Zag Slim | Embouts de filtre de haute qualit\u00e9 pour rouleaux","isPartOf":{"@id":"https:\/\/www.tabakversand.ch\/#website"},"primaryImageOfPage":{"@id":"https:\/\/www.tabakversand.ch\/fr\/produit\/zig-zag-slim-filter-120-pc-cigarette-filter\/#primaryimage"},"image":{"@id":"https:\/\/www.tabakversand.ch\/fr\/produit\/zig-zag-slim-filter-120-pc-cigarette-filter\/#primaryimage"},"thumbnailUrl":"https:\/\/www.tabakversand.ch\/wp-content\/uploads\/2022\/03\/zig-zag-filter-slim.jpg","datePublished":"2022-04-02T08:48:17+00:00","dateModified":"2026-03-16T12:00:09+00:00","description":"Achetez vos filtres Zig-Zag Slim en ligne\u00a0: des filtres de haute qualit\u00e9 pour cigarettes roul\u00e9es \u00e0 la main. D\u00e9couvrez d\u00e8s maintenant nos diff\u00e9rents formats et la qualit\u00e9 de nos marques.","breadcrumb":{"@id":"https:\/\/www.tabakversand.ch\/fr\/produit\/zig-zag-slim-filter-120-pc-cigarette-filter\/#breadcrumb"},"inLanguage":"fr-FR","potentialAction":[{"@type":"ReadAction","target":["https:\/\/www.tabakversand.ch\/fr\/produit\/zig-zag-slim-filter-120-pc-cigarette-filter\/"]}]},{"@type":"ImageObject","inLanguage":"fr-FR","@id":"https:\/\/www.tabakversand.ch\/fr\/produit\/zig-zag-slim-filter-120-pc-cigarette-filter\/#primaryimage","url":"https:\/\/www.tabakversand.ch\/wp-content\/uploads\/2022\/03\/zig-zag-filter-slim.jpg","contentUrl":"https:\/\/www.tabakversand.ch\/wp-content\/uploads\/2022\/03\/zig-zag-filter-slim.jpg","width":500,"height":500,"caption":"Filtres Zig Zag Slim 120 pi\u00e8ces Filtres \u00e0 cigarettes"},{"@type":"BreadcrumbList","@id":"https:\/\/www.tabakversand.ch\/fr\/produit\/zig-zag-slim-filter-120-pc-cigarette-filter\/#breadcrumb","itemListElement":[{"@type":"ListItem","position":1,"name":"Startseite","item":"https:\/\/www.tabakversand.ch\/"},{"@type":"ListItem","position":2,"name":"Boutique","item":"https:\/\/www.tabakversand.ch\/fr\/boutique\/"},{"@type":"ListItem","position":3,"name":"Filtres Zig Zag Slim 120 pi\u00e8ces"}]},{"@type":"WebSite","@id":"https:\/\/www.tabakversand.ch\/#website","url":"https:\/\/www.tabakversand.ch\/","name":"Tabakversand.ch | Alles aus der Welt des Tabaks","description":"Smoke and carpe diem","potentialAction":[{"@type":"SearchAction","target":{"@type":"EntryPoint","urlTemplate":"https:\/\/www.tabakversand.ch\/?s={search_term_string}"},"query-input":{"@type":"PropertyValueSpecification","valueRequired":true,"valueName":"search_term_string"}}],"inLanguage":"fr-FR"}]}},"_links":{"self":[{"href":"https:\/\/www.tabakversand.ch\/fr\/wp-json\/wp\/v2\/product\/73722","targetHints":{"allow":["GET"]}}],"collection":[{"href":"https:\/\/www.tabakversand.ch\/fr\/wp-json\/wp\/v2\/product"}],"about":[{"href":"https:\/\/www.tabakversand.ch\/fr\/wp-json\/wp\/v2\/types\/product"}],"version-history":[{"count":5,"href":"https:\/\/www.tabakversand.ch\/fr\/wp-json\/wp\/v2\/product\/73722\/revisions"}],"predecessor-version":[{"id":214723,"href":"https:\/\/www.tabakversand.ch\/fr\/wp-json\/wp\/v2\/product\/73722\/revisions\/214723"}],"wp:featuredmedia":[{"embeddable":true,"href":"https:\/\/www.tabakversand.ch\/fr\/wp-json\/wp\/v2\/media\/73727"}],"wp:attachment":[{"href":"https:\/\/www.tabakversand.ch\/fr\/wp-json\/wp\/v2\/media?parent=73722"}],"wp:term":[{"taxonomy":"product_brand","embeddable":true,"href":"https:\/\/www.tabakversand.ch\/fr\/wp-json\/wp\/v2\/product_brand?post=73722"},{"taxonomy":"product_cat","embeddable":true,"href":"https:\/\/www.tabakversand.ch\/fr\/wp-json\/wp\/v2\/product_cat?post=73722"},{"taxonomy":"product_tag","embeddable":true,"href":"https:\/\/www.tabakversand.ch\/fr\/wp-json\/wp\/v2\/product_tag?post=73722"}],"curies":[{"name":"wp","href":"https:\/\/api.w.org\/{rel}","templated":true}]}}