{"id":73748,"date":"2022-04-02T10:48:17","date_gmt":"2022-04-02T08:48:17","guid":{"rendered":"http:\/\/www.tabakversand.ch\/produkt\/ocb-papier-a-cigarette-blanc-slim\/"},"modified":"2026-01-22T09:25:54","modified_gmt":"2026-01-22T08:25:54","slug":"papier-a-cigarettes-mince-blanc-ocb-ks","status":"publish","type":"product","link":"https:\/\/www.tabakversand.ch\/fr\/produit\/papier-a-cigarettes-mince-blanc-ocb-ks\/","title":{"rendered":"Papier \u00e0 cigarettes mince blanc OCB KS"},"content":{"rendered":"<p>Papier \u00e0 cigarettes mince blanc OCB KS<\/p>\n<p>taille 44mm x 109mm<br \/>\n 50 x 32 feuilles<\/p>\n<p>Tous les prix s&rsquo;appliquent uniquement aux commandes en ligne et incluent la TVA. Sous r\u00e9serve de modifications sans pr\u00e9avis, frais de livraison en sus. Sous r\u00e9serve d&rsquo;erreurs, de modifications de contenu de livraison et de conception, de fautes d&rsquo;impression et de modifications de prix. Les prix barr\u00e9s sont des prix de remplacement. Les illustrations peuvent diff\u00e9rer de l&rsquo;original\/du contenu de livraison.<br \/>\n*Livraison gratuite pour les commandes sup\u00e9rieures \u00e0 CHF 250.-.<\/p>\n","protected":false},"excerpt":{"rendered":"<p>Papier \u00e0 cigarettes mince blanc OCB KS taille 44mm x 109mm 50 x 32 feuilles Tous les prix s&rsquo;appliquent uniquement aux commandes en ligne et incluent la TVA. Sous r\u00e9serve de modifications sans pr\u00e9avis, frais de livraison en sus. Sous r\u00e9serve d&rsquo;erreurs, de modifications de contenu de livraison et de conception, de fautes d&rsquo;impression et [&hellip;]<\/p>\n","protected":false},"featured_media":73753,"template":"","meta":[],"product_brand":[1556],"product_cat":[3263,3219,1961,1995,5194,2015],"product_tag":[],"class_list":{"0":"post-73748","1":"product","2":"type-product","3":"status-publish","4":"has-post-thumbnail","6":"product_brand-ocb","7":"product_cat-article-long","8":"product_cat-boutique-de-tete","9":"product_cat-cigarettes-self-made-fr-2","10":"product_cat-divers-headshop","11":"product_cat-longpaper","12":"product_cat-papier-a-rouler","14":"first","15":"onbackorder","16":"purchasable","17":"product-type-simple"},"yoast_head":"<!-- This site is optimized with the Yoast SEO plugin v27.0 - https:\/\/yoast.com\/product\/yoast-seo-wordpress\/ -->\n<title>Papier \u00e0 cigarettes mince blanc OCB KS - Tabakversand.ch | Alles aus der Welt des Tabaks<\/title>\n<meta name=\"description\" content=\"Papier \u00e0 cigarettes mince blanc OCB KS | Un tr\u00e8s grand choix de produits du tabac, e-smoke et accessoires fumeurs dans toute la Suisse | Cartes accept\u00e9es !\" \/>\n<meta name=\"robots\" content=\"index, follow, max-snippet:-1, max-image-preview:large, max-video-preview:-1\" \/>\n<link rel=\"canonical\" href=\"https:\/\/www.tabakversand.ch\/fr\/produit\/papier-a-cigarettes-mince-blanc-ocb-ks\/\" \/>\n<meta property=\"og:locale\" content=\"fr_FR\" \/>\n<meta property=\"og:type\" content=\"article\" \/>\n<meta property=\"og:title\" content=\"Papier \u00e0 cigarettes mince blanc OCB KS - Tabakversand.ch | Alles aus der Welt des Tabaks\" \/>\n<meta property=\"og:description\" content=\"Papier \u00e0 cigarettes mince blanc OCB KS | Un tr\u00e8s grand choix de produits du tabac, e-smoke et accessoires fumeurs dans toute la Suisse | Cartes accept\u00e9es !\" \/>\n<meta property=\"og:url\" content=\"https:\/\/www.tabakversand.ch\/fr\/produit\/papier-a-cigarettes-mince-blanc-ocb-ks\/\" \/>\n<meta property=\"og:site_name\" content=\"Tabakversand.ch | Alles aus der Welt des Tabaks\" \/>\n<meta property=\"article:modified_time\" content=\"2026-01-22T08:25:54+00:00\" \/>\n<meta property=\"og:image\" content=\"https:\/\/www.tabakversand.ch\/wp-content\/uploads\/2022\/03\/ocb-weiss-slim.jpg\" \/>\n\t<meta property=\"og:image:width\" content=\"500\" \/>\n\t<meta property=\"og:image:height\" content=\"500\" \/>\n\t<meta property=\"og:image:type\" content=\"image\/jpeg\" \/>\n<meta name=\"twitter:card\" content=\"summary_large_image\" \/>\n<meta name=\"twitter:label1\" content=\"Dur\u00e9e de lecture estim\u00e9e\" \/>\n\t<meta name=\"twitter:data1\" content=\"1 minute\" \/>\n<script type=\"application\/ld+json\" class=\"yoast-schema-graph\">{\"@context\":\"https:\/\/schema.org\",\"@graph\":[{\"@type\":\"WebPage\",\"@id\":\"https:\/\/www.tabakversand.ch\/fr\/produit\/papier-a-cigarettes-mince-blanc-ocb-ks\/\",\"url\":\"https:\/\/www.tabakversand.ch\/fr\/produit\/papier-a-cigarettes-mince-blanc-ocb-ks\/\",\"name\":\"Papier \u00e0 cigarettes mince blanc OCB KS - Tabakversand.ch | Alles aus der Welt des Tabaks\",\"isPartOf\":{\"@id\":\"https:\/\/www.tabakversand.ch\/#website\"},\"primaryImageOfPage\":{\"@id\":\"https:\/\/www.tabakversand.ch\/fr\/produit\/papier-a-cigarettes-mince-blanc-ocb-ks\/#primaryimage\"},\"image\":{\"@id\":\"https:\/\/www.tabakversand.ch\/fr\/produit\/papier-a-cigarettes-mince-blanc-ocb-ks\/#primaryimage\"},\"thumbnailUrl\":\"https:\/\/www.tabakversand.ch\/wp-content\/uploads\/2022\/03\/ocb-weiss-slim.jpg\",\"datePublished\":\"2022-04-02T08:48:17+00:00\",\"dateModified\":\"2026-01-22T08:25:54+00:00\",\"description\":\"Papier \u00e0 cigarettes mince blanc OCB KS | Un tr\u00e8s grand choix de produits du tabac, e-smoke et accessoires fumeurs dans toute la Suisse | Cartes accept\u00e9es !\",\"breadcrumb\":{\"@id\":\"https:\/\/www.tabakversand.ch\/fr\/produit\/papier-a-cigarettes-mince-blanc-ocb-ks\/#breadcrumb\"},\"inLanguage\":\"fr-FR\",\"potentialAction\":[{\"@type\":\"ReadAction\",\"target\":[\"https:\/\/www.tabakversand.ch\/fr\/produit\/papier-a-cigarettes-mince-blanc-ocb-ks\/\"]}]},{\"@type\":\"ImageObject\",\"inLanguage\":\"fr-FR\",\"@id\":\"https:\/\/www.tabakversand.ch\/fr\/produit\/papier-a-cigarettes-mince-blanc-ocb-ks\/#primaryimage\",\"url\":\"https:\/\/www.tabakversand.ch\/wp-content\/uploads\/2022\/03\/ocb-weiss-slim.jpg\",\"contentUrl\":\"https:\/\/www.tabakversand.ch\/wp-content\/uploads\/2022\/03\/ocb-weiss-slim.jpg\",\"width\":500,\"height\":500,\"caption\":\"OcB papier \u00e0 cigarette blanc slim\"},{\"@type\":\"BreadcrumbList\",\"@id\":\"https:\/\/www.tabakversand.ch\/fr\/produit\/papier-a-cigarettes-mince-blanc-ocb-ks\/#breadcrumb\",\"itemListElement\":[{\"@type\":\"ListItem\",\"position\":1,\"name\":\"Startseite\",\"item\":\"https:\/\/www.tabakversand.ch\/\"},{\"@type\":\"ListItem\",\"position\":2,\"name\":\"Boutique\",\"item\":\"https:\/\/www.tabakversand.ch\/fr\/boutique\/\"},{\"@type\":\"ListItem\",\"position\":3,\"name\":\"Papier \u00e0 cigarettes mince blanc OCB KS\"}]},{\"@type\":\"WebSite\",\"@id\":\"https:\/\/www.tabakversand.ch\/#website\",\"url\":\"https:\/\/www.tabakversand.ch\/\",\"name\":\"Tabakversand.ch | Alles aus der Welt des Tabaks\",\"description\":\"Smoke and carpe diem\",\"potentialAction\":[{\"@type\":\"SearchAction\",\"target\":{\"@type\":\"EntryPoint\",\"urlTemplate\":\"https:\/\/www.tabakversand.ch\/?s={search_term_string}\"},\"query-input\":{\"@type\":\"PropertyValueSpecification\",\"valueRequired\":true,\"valueName\":\"search_term_string\"}}],\"inLanguage\":\"fr-FR\"}]}<\/script>\n<!-- \/ Yoast SEO plugin. -->","yoast_head_json":{"title":"Papier \u00e0 cigarettes mince blanc OCB KS - Tabakversand.ch | Alles aus der Welt des Tabaks","description":"Papier \u00e0 cigarettes mince blanc OCB KS | Un tr\u00e8s grand choix de produits du tabac, e-smoke et accessoires fumeurs dans toute la Suisse | Cartes accept\u00e9es !","robots":{"index":"index","follow":"follow","max-snippet":"max-snippet:-1","max-image-preview":"max-image-preview:large","max-video-preview":"max-video-preview:-1"},"canonical":"https:\/\/www.tabakversand.ch\/fr\/produit\/papier-a-cigarettes-mince-blanc-ocb-ks\/","og_locale":"fr_FR","og_type":"article","og_title":"Papier \u00e0 cigarettes mince blanc OCB KS - Tabakversand.ch | Alles aus der Welt des Tabaks","og_description":"Papier \u00e0 cigarettes mince blanc OCB KS | Un tr\u00e8s grand choix de produits du tabac, e-smoke et accessoires fumeurs dans toute la Suisse | Cartes accept\u00e9es !","og_url":"https:\/\/www.tabakversand.ch\/fr\/produit\/papier-a-cigarettes-mince-blanc-ocb-ks\/","og_site_name":"Tabakversand.ch | Alles aus der Welt des Tabaks","article_modified_time":"2026-01-22T08:25:54+00:00","og_image":[{"width":500,"height":500,"url":"https:\/\/www.tabakversand.ch\/wp-content\/uploads\/2022\/03\/ocb-weiss-slim.jpg","type":"image\/jpeg"}],"twitter_card":"summary_large_image","twitter_misc":{"Dur\u00e9e de lecture estim\u00e9e":"1 minute"},"schema":{"@context":"https:\/\/schema.org","@graph":[{"@type":"WebPage","@id":"https:\/\/www.tabakversand.ch\/fr\/produit\/papier-a-cigarettes-mince-blanc-ocb-ks\/","url":"https:\/\/www.tabakversand.ch\/fr\/produit\/papier-a-cigarettes-mince-blanc-ocb-ks\/","name":"Papier \u00e0 cigarettes mince blanc OCB KS - Tabakversand.ch | Alles aus der Welt des Tabaks","isPartOf":{"@id":"https:\/\/www.tabakversand.ch\/#website"},"primaryImageOfPage":{"@id":"https:\/\/www.tabakversand.ch\/fr\/produit\/papier-a-cigarettes-mince-blanc-ocb-ks\/#primaryimage"},"image":{"@id":"https:\/\/www.tabakversand.ch\/fr\/produit\/papier-a-cigarettes-mince-blanc-ocb-ks\/#primaryimage"},"thumbnailUrl":"https:\/\/www.tabakversand.ch\/wp-content\/uploads\/2022\/03\/ocb-weiss-slim.jpg","datePublished":"2022-04-02T08:48:17+00:00","dateModified":"2026-01-22T08:25:54+00:00","description":"Papier \u00e0 cigarettes mince blanc OCB KS | Un tr\u00e8s grand choix de produits du tabac, e-smoke et accessoires fumeurs dans toute la Suisse | Cartes accept\u00e9es !","breadcrumb":{"@id":"https:\/\/www.tabakversand.ch\/fr\/produit\/papier-a-cigarettes-mince-blanc-ocb-ks\/#breadcrumb"},"inLanguage":"fr-FR","potentialAction":[{"@type":"ReadAction","target":["https:\/\/www.tabakversand.ch\/fr\/produit\/papier-a-cigarettes-mince-blanc-ocb-ks\/"]}]},{"@type":"ImageObject","inLanguage":"fr-FR","@id":"https:\/\/www.tabakversand.ch\/fr\/produit\/papier-a-cigarettes-mince-blanc-ocb-ks\/#primaryimage","url":"https:\/\/www.tabakversand.ch\/wp-content\/uploads\/2022\/03\/ocb-weiss-slim.jpg","contentUrl":"https:\/\/www.tabakversand.ch\/wp-content\/uploads\/2022\/03\/ocb-weiss-slim.jpg","width":500,"height":500,"caption":"OcB papier \u00e0 cigarette blanc slim"},{"@type":"BreadcrumbList","@id":"https:\/\/www.tabakversand.ch\/fr\/produit\/papier-a-cigarettes-mince-blanc-ocb-ks\/#breadcrumb","itemListElement":[{"@type":"ListItem","position":1,"name":"Startseite","item":"https:\/\/www.tabakversand.ch\/"},{"@type":"ListItem","position":2,"name":"Boutique","item":"https:\/\/www.tabakversand.ch\/fr\/boutique\/"},{"@type":"ListItem","position":3,"name":"Papier \u00e0 cigarettes mince blanc OCB KS"}]},{"@type":"WebSite","@id":"https:\/\/www.tabakversand.ch\/#website","url":"https:\/\/www.tabakversand.ch\/","name":"Tabakversand.ch | Alles aus der Welt des Tabaks","description":"Smoke and carpe diem","potentialAction":[{"@type":"SearchAction","target":{"@type":"EntryPoint","urlTemplate":"https:\/\/www.tabakversand.ch\/?s={search_term_string}"},"query-input":{"@type":"PropertyValueSpecification","valueRequired":true,"valueName":"search_term_string"}}],"inLanguage":"fr-FR"}]}},"_links":{"self":[{"href":"https:\/\/www.tabakversand.ch\/fr\/wp-json\/wp\/v2\/product\/73748","targetHints":{"allow":["GET"]}}],"collection":[{"href":"https:\/\/www.tabakversand.ch\/fr\/wp-json\/wp\/v2\/product"}],"about":[{"href":"https:\/\/www.tabakversand.ch\/fr\/wp-json\/wp\/v2\/types\/product"}],"version-history":[{"count":3,"href":"https:\/\/www.tabakversand.ch\/fr\/wp-json\/wp\/v2\/product\/73748\/revisions"}],"predecessor-version":[{"id":209953,"href":"https:\/\/www.tabakversand.ch\/fr\/wp-json\/wp\/v2\/product\/73748\/revisions\/209953"}],"wp:featuredmedia":[{"embeddable":true,"href":"https:\/\/www.tabakversand.ch\/fr\/wp-json\/wp\/v2\/media\/73753"}],"wp:attachment":[{"href":"https:\/\/www.tabakversand.ch\/fr\/wp-json\/wp\/v2\/media?parent=73748"}],"wp:term":[{"taxonomy":"product_brand","embeddable":true,"href":"https:\/\/www.tabakversand.ch\/fr\/wp-json\/wp\/v2\/product_brand?post=73748"},{"taxonomy":"product_cat","embeddable":true,"href":"https:\/\/www.tabakversand.ch\/fr\/wp-json\/wp\/v2\/product_cat?post=73748"},{"taxonomy":"product_tag","embeddable":true,"href":"https:\/\/www.tabakversand.ch\/fr\/wp-json\/wp\/v2\/product_tag?post=73748"}],"curies":[{"name":"wp","href":"https:\/\/api.w.org\/{rel}","templated":true}]}}