{"id":73813,"date":"2022-04-02T10:48:04","date_gmt":"2022-04-02T08:48:04","guid":{"rendered":"http:\/\/www.tabakversand.ch\/produkt\/ashton-cabinet-selection-no-3-25er-kistli-cigares\/"},"modified":"2025-09-18T14:56:31","modified_gmt":"2025-09-18T12:56:31","slug":"ashton-cabinet-selection-no-3-25er-kistli-cigares","status":"publish","type":"product","link":"https:\/\/www.tabakversand.ch\/fr\/produit\/ashton-cabinet-selection-no-3-25er-kistli-cigares\/","title":{"rendered":"Ashton Cabinet Selection No.3 25er Kistli Cigares"},"content":{"rendered":"<p>Ashton Cabinet Selection No.3 Bo\u00eete de 25 cigares<\/p>\n<p> Pour la gamme Cabinet, seuls les tabacs les plus fins et les plus riches de la R\u00e9publique dominicaine sont utilis\u00e9s pour la tripe et la sous-cape, conf\u00e9rant \u00e0 ces cigares leur complexit\u00e9. Ceux-ci sont compl\u00e9t\u00e9s par un emballage soyeux et huileux Conneticut Shade. L\u2019\u00e9pice du Cabinet est sensiblement plus \u00e9lev\u00e9e que le Classic et le Maduro et offre un ar\u00f4me plein et complexe, obtenu gr\u00e2ce \u00e0 l\u2019utilisation de six tabacs diff\u00e9rents et \u00e0 leurs ann\u00e9es de maturit\u00e9.&nbsp;<\/p>\n<p>  Format : Perfecto Gran Corona<br \/> Longueur : 15,2 cm<br \/> Bague : 46<br \/> Origine : R\u00e9publique dominicaine<br \/> Couverture : Connecticut Shade<br \/> Classeur : R\u00e9publique dominicaine<br \/> Stylo plume : R\u00e9publique dominicaine<br \/>  &nbsp;<br \/>Tous les prix s&rsquo;appliquent uniquement aux commandes en ligne et incluent la TVA. Sous r\u00e9serve de modifications sans pr\u00e9avis, frais de livraison en sus. Sous r\u00e9serve d&rsquo;erreurs, de modifications de contenu de livraison et de conception, de fautes d&rsquo;impression et de modifications de prix. Les prix barr\u00e9s sont des prix de remplacement. Les illustrations peuvent diff\u00e9rer de l&rsquo;original\/du contenu de livraison.<br \/>\n*Livraison gratuite pour les commandes sup\u00e9rieures \u00e0 CHF 250.-.<\/p>\n","protected":false},"excerpt":{"rendered":"<p>Ashton Cabinet Selection No.3 Bo\u00eete de 25 cigares Pour la gamme Cabinet, seuls les tabacs les plus fins et les plus riches de la R\u00e9publique dominicaine sont utilis\u00e9s pour la tripe et la sous-cape, conf\u00e9rant \u00e0 ces cigares leur complexit\u00e9. Ceux-ci sont compl\u00e9t\u00e9s par un emballage soyeux et huileux Conneticut Shade. L\u2019\u00e9pice du Cabinet est [&hellip;]<\/p>\n","protected":false},"featured_media":73819,"template":"","meta":[],"product_brand":[1541],"product_cat":[2741,1993,2734,1994,1992],"product_tag":[],"class_list":{"0":"post-73813","1":"product","2":"type-product","3":"status-publish","4":"has-post-thumbnail","6":"product_brand-ashton","7":"product_cat-ashton-cabinet-fr","8":"product_cat-cigares","9":"product_cat-cigares-ashton","10":"product_cat-monde-du-cigare","11":"product_cat-republique-dominicaine","13":"first","14":"outofstock","15":"purchasable","16":"product-type-simple"},"yoast_head":"<!-- This site is optimized with the Yoast SEO plugin v27.0 - https:\/\/yoast.com\/product\/yoast-seo-wordpress\/ -->\n<title>Ashton Cabinet Selection No.3 25er Kistli Cigares - Tabakversand.ch | Alles aus der Welt des Tabaks<\/title>\n<meta name=\"description\" content=\"Ashton Cabinet Selection No.3 25er Kistli Cigares | La plus grande s\u00e9lection de produits du tabac de Suisse | Toutes les cartes sont accept\u00e9es!\" \/>\n<meta name=\"robots\" content=\"index, follow, max-snippet:-1, max-image-preview:large, max-video-preview:-1\" \/>\n<link rel=\"canonical\" href=\"https:\/\/www.tabakversand.ch\/fr\/produit\/ashton-cabinet-selection-no-3-25er-kistli-cigares\/\" \/>\n<meta property=\"og:locale\" content=\"fr_FR\" \/>\n<meta property=\"og:type\" content=\"article\" \/>\n<meta property=\"og:title\" content=\"Ashton Cabinet Selection No.3 25er Kistli Cigares - Tabakversand.ch | Alles aus der Welt des Tabaks\" \/>\n<meta property=\"og:description\" content=\"Ashton Cabinet Selection No.3 25er Kistli Cigares | La plus grande s\u00e9lection de produits du tabac de Suisse | Toutes les cartes sont accept\u00e9es!\" \/>\n<meta property=\"og:url\" content=\"https:\/\/www.tabakversand.ch\/fr\/produit\/ashton-cabinet-selection-no-3-25er-kistli-cigares\/\" \/>\n<meta property=\"og:site_name\" content=\"Tabakversand.ch | Alles aus der Welt des Tabaks\" \/>\n<meta property=\"article:modified_time\" content=\"2025-09-18T12:56:31+00:00\" \/>\n<meta property=\"og:image\" content=\"https:\/\/www.tabakversand.ch\/wp-content\/uploads\/2022\/03\/ashton-cabinet-no-3-e_tat.jpg\" \/>\n\t<meta property=\"og:image:width\" content=\"500\" \/>\n\t<meta property=\"og:image:height\" content=\"500\" \/>\n\t<meta property=\"og:image:type\" content=\"image\/jpeg\" \/>\n<meta name=\"twitter:card\" content=\"summary_large_image\" \/>\n<meta name=\"twitter:label1\" content=\"Dur\u00e9e de lecture estim\u00e9e\" \/>\n\t<meta name=\"twitter:data1\" content=\"1 minute\" \/>\n<script type=\"application\/ld+json\" class=\"yoast-schema-graph\">{\"@context\":\"https:\/\/schema.org\",\"@graph\":[{\"@type\":\"WebPage\",\"@id\":\"https:\/\/www.tabakversand.ch\/fr\/produit\/ashton-cabinet-selection-no-3-25er-kistli-cigares\/\",\"url\":\"https:\/\/www.tabakversand.ch\/fr\/produit\/ashton-cabinet-selection-no-3-25er-kistli-cigares\/\",\"name\":\"Ashton Cabinet Selection No.3 25er Kistli Cigares - Tabakversand.ch | Alles aus der Welt des Tabaks\",\"isPartOf\":{\"@id\":\"https:\/\/www.tabakversand.ch\/#website\"},\"primaryImageOfPage\":{\"@id\":\"https:\/\/www.tabakversand.ch\/fr\/produit\/ashton-cabinet-selection-no-3-25er-kistli-cigares\/#primaryimage\"},\"image\":{\"@id\":\"https:\/\/www.tabakversand.ch\/fr\/produit\/ashton-cabinet-selection-no-3-25er-kistli-cigares\/#primaryimage\"},\"thumbnailUrl\":\"https:\/\/www.tabakversand.ch\/wp-content\/uploads\/2022\/03\/ashton-cabinet-no-3-e_tat.jpg\",\"datePublished\":\"2022-04-02T08:48:04+00:00\",\"dateModified\":\"2025-09-18T12:56:31+00:00\",\"description\":\"Ashton Cabinet Selection No.3 25er Kistli Cigares | La plus grande s\u00e9lection de produits du tabac de Suisse | Toutes les cartes sont accept\u00e9es!\",\"breadcrumb\":{\"@id\":\"https:\/\/www.tabakversand.ch\/fr\/produit\/ashton-cabinet-selection-no-3-25er-kistli-cigares\/#breadcrumb\"},\"inLanguage\":\"fr-FR\",\"potentialAction\":[{\"@type\":\"ReadAction\",\"target\":[\"https:\/\/www.tabakversand.ch\/fr\/produit\/ashton-cabinet-selection-no-3-25er-kistli-cigares\/\"]}]},{\"@type\":\"ImageObject\",\"inLanguage\":\"fr-FR\",\"@id\":\"https:\/\/www.tabakversand.ch\/fr\/produit\/ashton-cabinet-selection-no-3-25er-kistli-cigares\/#primaryimage\",\"url\":\"https:\/\/www.tabakversand.ch\/wp-content\/uploads\/2022\/03\/ashton-cabinet-no-3-e_tat.jpg\",\"contentUrl\":\"https:\/\/www.tabakversand.ch\/wp-content\/uploads\/2022\/03\/ashton-cabinet-no-3-e_tat.jpg\",\"width\":500,\"height\":500,\"caption\":\"Ashton Cabinet Selection No.3 25er Kistli Cigares\"},{\"@type\":\"BreadcrumbList\",\"@id\":\"https:\/\/www.tabakversand.ch\/fr\/produit\/ashton-cabinet-selection-no-3-25er-kistli-cigares\/#breadcrumb\",\"itemListElement\":[{\"@type\":\"ListItem\",\"position\":1,\"name\":\"Startseite\",\"item\":\"https:\/\/www.tabakversand.ch\/\"},{\"@type\":\"ListItem\",\"position\":2,\"name\":\"Boutique\",\"item\":\"https:\/\/www.tabakversand.ch\/fr\/boutique\/\"},{\"@type\":\"ListItem\",\"position\":3,\"name\":\"Ashton Cabinet Selection No.3 25er Kistli Cigares\"}]},{\"@type\":\"WebSite\",\"@id\":\"https:\/\/www.tabakversand.ch\/#website\",\"url\":\"https:\/\/www.tabakversand.ch\/\",\"name\":\"Tabakversand.ch | Alles aus der Welt des Tabaks\",\"description\":\"Smoke and carpe diem\",\"potentialAction\":[{\"@type\":\"SearchAction\",\"target\":{\"@type\":\"EntryPoint\",\"urlTemplate\":\"https:\/\/www.tabakversand.ch\/?s={search_term_string}\"},\"query-input\":{\"@type\":\"PropertyValueSpecification\",\"valueRequired\":true,\"valueName\":\"search_term_string\"}}],\"inLanguage\":\"fr-FR\"}]}<\/script>\n<!-- \/ Yoast SEO plugin. -->","yoast_head_json":{"title":"Ashton Cabinet Selection No.3 25er Kistli Cigares - Tabakversand.ch | Alles aus der Welt des Tabaks","description":"Ashton Cabinet Selection No.3 25er Kistli Cigares | La plus grande s\u00e9lection de produits du tabac de Suisse | Toutes les cartes sont accept\u00e9es!","robots":{"index":"index","follow":"follow","max-snippet":"max-snippet:-1","max-image-preview":"max-image-preview:large","max-video-preview":"max-video-preview:-1"},"canonical":"https:\/\/www.tabakversand.ch\/fr\/produit\/ashton-cabinet-selection-no-3-25er-kistli-cigares\/","og_locale":"fr_FR","og_type":"article","og_title":"Ashton Cabinet Selection No.3 25er Kistli Cigares - Tabakversand.ch | Alles aus der Welt des Tabaks","og_description":"Ashton Cabinet Selection No.3 25er Kistli Cigares | La plus grande s\u00e9lection de produits du tabac de Suisse | Toutes les cartes sont accept\u00e9es!","og_url":"https:\/\/www.tabakversand.ch\/fr\/produit\/ashton-cabinet-selection-no-3-25er-kistli-cigares\/","og_site_name":"Tabakversand.ch | Alles aus der Welt des Tabaks","article_modified_time":"2025-09-18T12:56:31+00:00","og_image":[{"width":500,"height":500,"url":"https:\/\/www.tabakversand.ch\/wp-content\/uploads\/2022\/03\/ashton-cabinet-no-3-e_tat.jpg","type":"image\/jpeg"}],"twitter_card":"summary_large_image","twitter_misc":{"Dur\u00e9e de lecture estim\u00e9e":"1 minute"},"schema":{"@context":"https:\/\/schema.org","@graph":[{"@type":"WebPage","@id":"https:\/\/www.tabakversand.ch\/fr\/produit\/ashton-cabinet-selection-no-3-25er-kistli-cigares\/","url":"https:\/\/www.tabakversand.ch\/fr\/produit\/ashton-cabinet-selection-no-3-25er-kistli-cigares\/","name":"Ashton Cabinet Selection No.3 25er Kistli Cigares - Tabakversand.ch | Alles aus der Welt des Tabaks","isPartOf":{"@id":"https:\/\/www.tabakversand.ch\/#website"},"primaryImageOfPage":{"@id":"https:\/\/www.tabakversand.ch\/fr\/produit\/ashton-cabinet-selection-no-3-25er-kistli-cigares\/#primaryimage"},"image":{"@id":"https:\/\/www.tabakversand.ch\/fr\/produit\/ashton-cabinet-selection-no-3-25er-kistli-cigares\/#primaryimage"},"thumbnailUrl":"https:\/\/www.tabakversand.ch\/wp-content\/uploads\/2022\/03\/ashton-cabinet-no-3-e_tat.jpg","datePublished":"2022-04-02T08:48:04+00:00","dateModified":"2025-09-18T12:56:31+00:00","description":"Ashton Cabinet Selection No.3 25er Kistli Cigares | La plus grande s\u00e9lection de produits du tabac de Suisse | Toutes les cartes sont accept\u00e9es!","breadcrumb":{"@id":"https:\/\/www.tabakversand.ch\/fr\/produit\/ashton-cabinet-selection-no-3-25er-kistli-cigares\/#breadcrumb"},"inLanguage":"fr-FR","potentialAction":[{"@type":"ReadAction","target":["https:\/\/www.tabakversand.ch\/fr\/produit\/ashton-cabinet-selection-no-3-25er-kistli-cigares\/"]}]},{"@type":"ImageObject","inLanguage":"fr-FR","@id":"https:\/\/www.tabakversand.ch\/fr\/produit\/ashton-cabinet-selection-no-3-25er-kistli-cigares\/#primaryimage","url":"https:\/\/www.tabakversand.ch\/wp-content\/uploads\/2022\/03\/ashton-cabinet-no-3-e_tat.jpg","contentUrl":"https:\/\/www.tabakversand.ch\/wp-content\/uploads\/2022\/03\/ashton-cabinet-no-3-e_tat.jpg","width":500,"height":500,"caption":"Ashton Cabinet Selection No.3 25er Kistli Cigares"},{"@type":"BreadcrumbList","@id":"https:\/\/www.tabakversand.ch\/fr\/produit\/ashton-cabinet-selection-no-3-25er-kistli-cigares\/#breadcrumb","itemListElement":[{"@type":"ListItem","position":1,"name":"Startseite","item":"https:\/\/www.tabakversand.ch\/"},{"@type":"ListItem","position":2,"name":"Boutique","item":"https:\/\/www.tabakversand.ch\/fr\/boutique\/"},{"@type":"ListItem","position":3,"name":"Ashton Cabinet Selection No.3 25er Kistli Cigares"}]},{"@type":"WebSite","@id":"https:\/\/www.tabakversand.ch\/#website","url":"https:\/\/www.tabakversand.ch\/","name":"Tabakversand.ch | Alles aus der Welt des Tabaks","description":"Smoke and carpe diem","potentialAction":[{"@type":"SearchAction","target":{"@type":"EntryPoint","urlTemplate":"https:\/\/www.tabakversand.ch\/?s={search_term_string}"},"query-input":{"@type":"PropertyValueSpecification","valueRequired":true,"valueName":"search_term_string"}}],"inLanguage":"fr-FR"}]}},"_links":{"self":[{"href":"https:\/\/www.tabakversand.ch\/fr\/wp-json\/wp\/v2\/product\/73813","targetHints":{"allow":["GET"]}}],"collection":[{"href":"https:\/\/www.tabakversand.ch\/fr\/wp-json\/wp\/v2\/product"}],"about":[{"href":"https:\/\/www.tabakversand.ch\/fr\/wp-json\/wp\/v2\/types\/product"}],"version-history":[{"count":1,"href":"https:\/\/www.tabakversand.ch\/fr\/wp-json\/wp\/v2\/product\/73813\/revisions"}],"predecessor-version":[{"id":200412,"href":"https:\/\/www.tabakversand.ch\/fr\/wp-json\/wp\/v2\/product\/73813\/revisions\/200412"}],"wp:featuredmedia":[{"embeddable":true,"href":"https:\/\/www.tabakversand.ch\/fr\/wp-json\/wp\/v2\/media\/73819"}],"wp:attachment":[{"href":"https:\/\/www.tabakversand.ch\/fr\/wp-json\/wp\/v2\/media?parent=73813"}],"wp:term":[{"taxonomy":"product_brand","embeddable":true,"href":"https:\/\/www.tabakversand.ch\/fr\/wp-json\/wp\/v2\/product_brand?post=73813"},{"taxonomy":"product_cat","embeddable":true,"href":"https:\/\/www.tabakversand.ch\/fr\/wp-json\/wp\/v2\/product_cat?post=73813"},{"taxonomy":"product_tag","embeddable":true,"href":"https:\/\/www.tabakversand.ch\/fr\/wp-json\/wp\/v2\/product_tag?post=73813"}],"curies":[{"name":"wp","href":"https:\/\/api.w.org\/{rel}","templated":true}]}}