{"id":73901,"date":"2022-04-02T10:48:04","date_gmt":"2022-04-02T08:48:04","guid":{"rendered":"http:\/\/www.tabakversand.ch\/produkt\/ashton-esg-23-ans-toro-25-er-box-cigares\/"},"modified":"2025-09-18T14:58:38","modified_gmt":"2025-09-18T12:58:38","slug":"ashton-esg-23-year-toro-25-er-box-cigares","status":"publish","type":"product","link":"https:\/\/www.tabakversand.ch\/fr\/produit\/ashton-esg-23-year-toro-25-er-box-cigares\/","title":{"rendered":"Ashton ESG 23 ans Toro 25 er Box Cigares"},"content":{"rendered":"<p>Ashton ESG 23 ans Toro 25 bo\u00eetes de cigares<\/p>\n<p> Pour marquer le succ\u00e8s d&rsquo;Ashton, Robert Levin et Carlos Fuente Junior ont d\u00e9velopp\u00e9 conjointement la gamme limit\u00e9e Ashton Estate Sun Grown (ESG en abr\u00e9g\u00e9), qui met en valeur les ann\u00e9es d&rsquo;exp\u00e9rience du ma\u00eetre Carlos Fuente Junior, qui conna\u00eet les meilleurs tabacs du monde. L\u2019emballage unique provient de la plantation \u00ab&nbsp;Chateau de la Fuente&nbsp;\u00bb en R\u00e9publique dominicaine et n\u2019a pas encore \u00e9t\u00e9 utilis\u00e9 pour un autre cigare. En raison des tabacs rares utilis\u00e9s ici, la production est tr\u00e8s limit\u00e9e.<\/p>\n<p> Format : Toro<br \/> Longueur : 15,9 cm<br \/> Anneau 52<br \/> Origine : R\u00e9publique dominicaine<br \/> Couverture : R\u00e9publique dominicaine<br \/> Classeur : R\u00e9publique dominicaine<br \/> Stylo plume : R\u00e9publique dominicaine<br \/>  &nbsp;<br \/>Tous les prix s&rsquo;appliquent uniquement aux commandes en ligne et incluent la TVA. Sous r\u00e9serve de modifications sans pr\u00e9avis, frais de livraison en sus. Sous r\u00e9serve d&rsquo;erreurs, de modifications de contenu de livraison et de conception, de fautes d&rsquo;impression et de modifications de prix. Les prix barr\u00e9s sont des prix de remplacement. Les illustrations peuvent diff\u00e9rer de l&rsquo;original\/du contenu de livraison.<br \/>\n*Livraison gratuite pour les commandes sup\u00e9rieures \u00e0 CHF 250.-.<\/p>\n","protected":false},"excerpt":{"rendered":"<p>Ashton ESG 23 ans Toro 25 bo\u00eetes de cigares Pour marquer le succ\u00e8s d&rsquo;Ashton, Robert Levin et Carlos Fuente Junior ont d\u00e9velopp\u00e9 conjointement la gamme limit\u00e9e Ashton Estate Sun Grown (ESG en abr\u00e9g\u00e9), qui met en valeur les ann\u00e9es d&rsquo;exp\u00e9rience du ma\u00eetre Carlos Fuente Junior, qui conna\u00eet les meilleurs tabacs du monde. L\u2019emballage unique provient [&hellip;]<\/p>\n","protected":false},"featured_media":73903,"template":"","meta":[],"product_brand":[1541],"product_cat":[2748,1993,2734,1994,1992],"product_tag":[],"class_list":{"0":"post-73901","1":"product","2":"type-product","3":"status-publish","4":"has-post-thumbnail","6":"product_brand-ashton","7":"product_cat-ashton-esg-estate-sun-grown-fr","8":"product_cat-cigares","9":"product_cat-cigares-ashton","10":"product_cat-monde-du-cigare","11":"product_cat-republique-dominicaine","13":"first","14":"outofstock","15":"purchasable","16":"product-type-simple"},"yoast_head":"<!-- This site is optimized with the Yoast SEO plugin v27.0 - https:\/\/yoast.com\/product\/yoast-seo-wordpress\/ -->\n<title>Ashton ESG 23 ans Toro 25 er Box Cigares - Tabakversand.ch | Alles aus der Welt des Tabaks<\/title>\n<meta name=\"description\" content=\"Ashton ESG 23 ans Toro 25 il bo\u00eete cigares | La plus grande s\u00e9lection de produits du tabac de Suisse | Toutes les cartes sont accept\u00e9es!\" \/>\n<meta name=\"robots\" content=\"index, follow, max-snippet:-1, max-image-preview:large, max-video-preview:-1\" \/>\n<link rel=\"canonical\" href=\"https:\/\/www.tabakversand.ch\/fr\/produit\/ashton-esg-23-year-toro-25-er-box-cigares\/\" \/>\n<meta property=\"og:locale\" content=\"fr_FR\" \/>\n<meta property=\"og:type\" content=\"article\" \/>\n<meta property=\"og:title\" content=\"Ashton ESG 23 ans Toro 25 er Box Cigares - Tabakversand.ch | Alles aus der Welt des Tabaks\" \/>\n<meta property=\"og:description\" content=\"Ashton ESG 23 ans Toro 25 il bo\u00eete cigares | La plus grande s\u00e9lection de produits du tabac de Suisse | Toutes les cartes sont accept\u00e9es!\" \/>\n<meta property=\"og:url\" content=\"https:\/\/www.tabakversand.ch\/fr\/produit\/ashton-esg-23-year-toro-25-er-box-cigares\/\" \/>\n<meta property=\"og:site_name\" content=\"Tabakversand.ch | Alles aus der Welt des Tabaks\" \/>\n<meta property=\"article:modified_time\" content=\"2025-09-18T12:58:38+00:00\" \/>\n<meta property=\"og:image\" content=\"https:\/\/www.tabakversand.ch\/wp-content\/uploads\/2022\/03\/ashton-esg-23-year-toro-e.jpg\" \/>\n\t<meta property=\"og:image:width\" content=\"500\" \/>\n\t<meta property=\"og:image:height\" content=\"501\" \/>\n\t<meta property=\"og:image:type\" content=\"image\/jpeg\" \/>\n<meta name=\"twitter:card\" content=\"summary_large_image\" \/>\n<meta name=\"twitter:label1\" content=\"Dur\u00e9e de lecture estim\u00e9e\" \/>\n\t<meta name=\"twitter:data1\" content=\"1 minute\" \/>\n<script type=\"application\/ld+json\" class=\"yoast-schema-graph\">{\"@context\":\"https:\/\/schema.org\",\"@graph\":[{\"@type\":\"WebPage\",\"@id\":\"https:\/\/www.tabakversand.ch\/fr\/produit\/ashton-esg-23-year-toro-25-er-box-cigares\/\",\"url\":\"https:\/\/www.tabakversand.ch\/fr\/produit\/ashton-esg-23-year-toro-25-er-box-cigares\/\",\"name\":\"Ashton ESG 23 ans Toro 25 er Box Cigares - Tabakversand.ch | Alles aus der Welt des Tabaks\",\"isPartOf\":{\"@id\":\"https:\/\/www.tabakversand.ch\/#website\"},\"primaryImageOfPage\":{\"@id\":\"https:\/\/www.tabakversand.ch\/fr\/produit\/ashton-esg-23-year-toro-25-er-box-cigares\/#primaryimage\"},\"image\":{\"@id\":\"https:\/\/www.tabakversand.ch\/fr\/produit\/ashton-esg-23-year-toro-25-er-box-cigares\/#primaryimage\"},\"thumbnailUrl\":\"https:\/\/www.tabakversand.ch\/wp-content\/uploads\/2022\/03\/ashton-esg-23-year-toro-e.jpg\",\"datePublished\":\"2022-04-02T08:48:04+00:00\",\"dateModified\":\"2025-09-18T12:58:38+00:00\",\"description\":\"Ashton ESG 23 ans Toro 25 il bo\u00eete cigares | La plus grande s\u00e9lection de produits du tabac de Suisse | Toutes les cartes sont accept\u00e9es!\",\"breadcrumb\":{\"@id\":\"https:\/\/www.tabakversand.ch\/fr\/produit\/ashton-esg-23-year-toro-25-er-box-cigares\/#breadcrumb\"},\"inLanguage\":\"fr-FR\",\"potentialAction\":[{\"@type\":\"ReadAction\",\"target\":[\"https:\/\/www.tabakversand.ch\/fr\/produit\/ashton-esg-23-year-toro-25-er-box-cigares\/\"]}]},{\"@type\":\"ImageObject\",\"inLanguage\":\"fr-FR\",\"@id\":\"https:\/\/www.tabakversand.ch\/fr\/produit\/ashton-esg-23-year-toro-25-er-box-cigares\/#primaryimage\",\"url\":\"https:\/\/www.tabakversand.ch\/wp-content\/uploads\/2022\/03\/ashton-esg-23-year-toro-e.jpg\",\"contentUrl\":\"https:\/\/www.tabakversand.ch\/wp-content\/uploads\/2022\/03\/ashton-esg-23-year-toro-e.jpg\",\"width\":500,\"height\":501,\"caption\":\"Ashton ESG 23 ans Toro 25 er Box Cigares\"},{\"@type\":\"BreadcrumbList\",\"@id\":\"https:\/\/www.tabakversand.ch\/fr\/produit\/ashton-esg-23-year-toro-25-er-box-cigares\/#breadcrumb\",\"itemListElement\":[{\"@type\":\"ListItem\",\"position\":1,\"name\":\"Startseite\",\"item\":\"https:\/\/www.tabakversand.ch\/\"},{\"@type\":\"ListItem\",\"position\":2,\"name\":\"Boutique\",\"item\":\"https:\/\/www.tabakversand.ch\/fr\/boutique\/\"},{\"@type\":\"ListItem\",\"position\":3,\"name\":\"Ashton ESG 23 ans Toro 25 er Box Cigares\"}]},{\"@type\":\"WebSite\",\"@id\":\"https:\/\/www.tabakversand.ch\/#website\",\"url\":\"https:\/\/www.tabakversand.ch\/\",\"name\":\"Tabakversand.ch | Alles aus der Welt des Tabaks\",\"description\":\"Smoke and carpe diem\",\"potentialAction\":[{\"@type\":\"SearchAction\",\"target\":{\"@type\":\"EntryPoint\",\"urlTemplate\":\"https:\/\/www.tabakversand.ch\/?s={search_term_string}\"},\"query-input\":{\"@type\":\"PropertyValueSpecification\",\"valueRequired\":true,\"valueName\":\"search_term_string\"}}],\"inLanguage\":\"fr-FR\"}]}<\/script>\n<!-- \/ Yoast SEO plugin. -->","yoast_head_json":{"title":"Ashton ESG 23 ans Toro 25 er Box Cigares - Tabakversand.ch | Alles aus der Welt des Tabaks","description":"Ashton ESG 23 ans Toro 25 il bo\u00eete cigares | La plus grande s\u00e9lection de produits du tabac de Suisse | Toutes les cartes sont accept\u00e9es!","robots":{"index":"index","follow":"follow","max-snippet":"max-snippet:-1","max-image-preview":"max-image-preview:large","max-video-preview":"max-video-preview:-1"},"canonical":"https:\/\/www.tabakversand.ch\/fr\/produit\/ashton-esg-23-year-toro-25-er-box-cigares\/","og_locale":"fr_FR","og_type":"article","og_title":"Ashton ESG 23 ans Toro 25 er Box Cigares - Tabakversand.ch | Alles aus der Welt des Tabaks","og_description":"Ashton ESG 23 ans Toro 25 il bo\u00eete cigares | La plus grande s\u00e9lection de produits du tabac de Suisse | Toutes les cartes sont accept\u00e9es!","og_url":"https:\/\/www.tabakversand.ch\/fr\/produit\/ashton-esg-23-year-toro-25-er-box-cigares\/","og_site_name":"Tabakversand.ch | Alles aus der Welt des Tabaks","article_modified_time":"2025-09-18T12:58:38+00:00","og_image":[{"width":500,"height":501,"url":"https:\/\/www.tabakversand.ch\/wp-content\/uploads\/2022\/03\/ashton-esg-23-year-toro-e.jpg","type":"image\/jpeg"}],"twitter_card":"summary_large_image","twitter_misc":{"Dur\u00e9e de lecture estim\u00e9e":"1 minute"},"schema":{"@context":"https:\/\/schema.org","@graph":[{"@type":"WebPage","@id":"https:\/\/www.tabakversand.ch\/fr\/produit\/ashton-esg-23-year-toro-25-er-box-cigares\/","url":"https:\/\/www.tabakversand.ch\/fr\/produit\/ashton-esg-23-year-toro-25-er-box-cigares\/","name":"Ashton ESG 23 ans Toro 25 er Box Cigares - Tabakversand.ch | Alles aus der Welt des Tabaks","isPartOf":{"@id":"https:\/\/www.tabakversand.ch\/#website"},"primaryImageOfPage":{"@id":"https:\/\/www.tabakversand.ch\/fr\/produit\/ashton-esg-23-year-toro-25-er-box-cigares\/#primaryimage"},"image":{"@id":"https:\/\/www.tabakversand.ch\/fr\/produit\/ashton-esg-23-year-toro-25-er-box-cigares\/#primaryimage"},"thumbnailUrl":"https:\/\/www.tabakversand.ch\/wp-content\/uploads\/2022\/03\/ashton-esg-23-year-toro-e.jpg","datePublished":"2022-04-02T08:48:04+00:00","dateModified":"2025-09-18T12:58:38+00:00","description":"Ashton ESG 23 ans Toro 25 il bo\u00eete cigares | La plus grande s\u00e9lection de produits du tabac de Suisse | Toutes les cartes sont accept\u00e9es!","breadcrumb":{"@id":"https:\/\/www.tabakversand.ch\/fr\/produit\/ashton-esg-23-year-toro-25-er-box-cigares\/#breadcrumb"},"inLanguage":"fr-FR","potentialAction":[{"@type":"ReadAction","target":["https:\/\/www.tabakversand.ch\/fr\/produit\/ashton-esg-23-year-toro-25-er-box-cigares\/"]}]},{"@type":"ImageObject","inLanguage":"fr-FR","@id":"https:\/\/www.tabakversand.ch\/fr\/produit\/ashton-esg-23-year-toro-25-er-box-cigares\/#primaryimage","url":"https:\/\/www.tabakversand.ch\/wp-content\/uploads\/2022\/03\/ashton-esg-23-year-toro-e.jpg","contentUrl":"https:\/\/www.tabakversand.ch\/wp-content\/uploads\/2022\/03\/ashton-esg-23-year-toro-e.jpg","width":500,"height":501,"caption":"Ashton ESG 23 ans Toro 25 er Box Cigares"},{"@type":"BreadcrumbList","@id":"https:\/\/www.tabakversand.ch\/fr\/produit\/ashton-esg-23-year-toro-25-er-box-cigares\/#breadcrumb","itemListElement":[{"@type":"ListItem","position":1,"name":"Startseite","item":"https:\/\/www.tabakversand.ch\/"},{"@type":"ListItem","position":2,"name":"Boutique","item":"https:\/\/www.tabakversand.ch\/fr\/boutique\/"},{"@type":"ListItem","position":3,"name":"Ashton ESG 23 ans Toro 25 er Box Cigares"}]},{"@type":"WebSite","@id":"https:\/\/www.tabakversand.ch\/#website","url":"https:\/\/www.tabakversand.ch\/","name":"Tabakversand.ch | Alles aus der Welt des Tabaks","description":"Smoke and carpe diem","potentialAction":[{"@type":"SearchAction","target":{"@type":"EntryPoint","urlTemplate":"https:\/\/www.tabakversand.ch\/?s={search_term_string}"},"query-input":{"@type":"PropertyValueSpecification","valueRequired":true,"valueName":"search_term_string"}}],"inLanguage":"fr-FR"}]}},"_links":{"self":[{"href":"https:\/\/www.tabakversand.ch\/fr\/wp-json\/wp\/v2\/product\/73901","targetHints":{"allow":["GET"]}}],"collection":[{"href":"https:\/\/www.tabakversand.ch\/fr\/wp-json\/wp\/v2\/product"}],"about":[{"href":"https:\/\/www.tabakversand.ch\/fr\/wp-json\/wp\/v2\/types\/product"}],"version-history":[{"count":1,"href":"https:\/\/www.tabakversand.ch\/fr\/wp-json\/wp\/v2\/product\/73901\/revisions"}],"predecessor-version":[{"id":200447,"href":"https:\/\/www.tabakversand.ch\/fr\/wp-json\/wp\/v2\/product\/73901\/revisions\/200447"}],"wp:featuredmedia":[{"embeddable":true,"href":"https:\/\/www.tabakversand.ch\/fr\/wp-json\/wp\/v2\/media\/73903"}],"wp:attachment":[{"href":"https:\/\/www.tabakversand.ch\/fr\/wp-json\/wp\/v2\/media?parent=73901"}],"wp:term":[{"taxonomy":"product_brand","embeddable":true,"href":"https:\/\/www.tabakversand.ch\/fr\/wp-json\/wp\/v2\/product_brand?post=73901"},{"taxonomy":"product_cat","embeddable":true,"href":"https:\/\/www.tabakversand.ch\/fr\/wp-json\/wp\/v2\/product_cat?post=73901"},{"taxonomy":"product_tag","embeddable":true,"href":"https:\/\/www.tabakversand.ch\/fr\/wp-json\/wp\/v2\/product_tag?post=73901"}],"curies":[{"name":"wp","href":"https:\/\/api.w.org\/{rel}","templated":true}]}}