{"id":73928,"date":"2022-04-02T10:46:55","date_gmt":"2022-04-02T08:46:55","guid":{"rendered":"http:\/\/www.tabakversand.ch\/produkt\/ashton-vsg-spellbound-24-er-box-cigares\/"},"modified":"2025-09-18T14:57:16","modified_gmt":"2025-09-18T12:57:16","slug":"ashton-vsg-spellbound-24-er-kiste-cigares","status":"publish","type":"product","link":"https:\/\/www.tabakversand.ch\/fr\/produit\/ashton-vsg-spellbound-24-er-kiste-cigares\/","title":{"rendered":"Ashton VSG Spellbound 24 er Box Cigares"},"content":{"rendered":"<p>Bo\u00eete de 24 cigares Ashton VSG Spellbound<\/p>\n<p> Pour la puissante s\u00e9rie Ashton VSG Virgin Sun Grown, seules les feuilles des sections sup\u00e9rieures de r\u00e9colte qui ont re\u00e7u un soleil particuli\u00e8rement fort sont s\u00e9lectionn\u00e9es. Le m\u00e9lange est assembl\u00e9 par Carlos Fuente Jr. \u00e0 partir de tabacs dominicains m\u00fbris pendant quatre \u00e0 cinq ans. La page de couverture est dessin\u00e9e en \u00c9quateur exclusivement pour la s\u00e9rie VSG. Le r\u00e9sultat est la correspondance parfaite typique d\u2019Ashton en mati\u00e8re de complexit\u00e9 et de caract\u00e8re. Le Cigar Journal a d\u00e9crit le cigare comme suit: \u00ab&nbsp;Si vous recherchez des cigares cors\u00e9s et une exp\u00e9rience gustative enivrante avec une finale complexe et longue, vous trouverez exactement cela dans l\u2019Ashton VSG. (&#8230;) C\u2019est un cigare consomm\u00e9 qui bat une roue de paon d\u2019ar\u00f4mes en bouche. La ligne VSG, qui a re\u00e7u de multiples prix \u00ab Brilliant \u00bb, a \u00e9galement \u00e9t\u00e9 r\u00e9compens\u00e9e par le Cigar Trophy (meilleur cigare de la R\u00e9publique Dominicaine).<\/p>\n<p> Format : Double Corona<br \/> Longueur : 19 cm<br \/> Bague : 54<br \/>  &nbsp;<br \/>  Encart : R\u00e9publique dominicaine<br \/> Couverture : R\u00e9publique dominicaine<br \/> Couverture : \u00c9quateur<br \/>  &nbsp;<br \/>Tous les prix s&rsquo;appliquent uniquement aux commandes en ligne et incluent la TVA. Sous r\u00e9serve de modifications sans pr\u00e9avis, frais de livraison en sus. Sous r\u00e9serve d&rsquo;erreurs, de modifications de contenu de livraison et de conception, de fautes d&rsquo;impression et de modifications de prix. Les prix barr\u00e9s sont des prix de remplacement. Les illustrations peuvent diff\u00e9rer de l&rsquo;original\/du contenu de livraison.<br \/>\n*Livraison gratuite pour les commandes sup\u00e9rieures \u00e0 CHF 250.-.<\/p>\n","protected":false},"excerpt":{"rendered":"<p>Bo\u00eete de 24 cigares Ashton VSG Spellbound Pour la puissante s\u00e9rie Ashton VSG Virgin Sun Grown, seules les feuilles des sections sup\u00e9rieures de r\u00e9colte qui ont re\u00e7u un soleil particuli\u00e8rement fort sont s\u00e9lectionn\u00e9es. Le m\u00e9lange est assembl\u00e9 par Carlos Fuente Jr. \u00e0 partir de tabacs dominicains m\u00fbris pendant quatre \u00e0 cinq ans. La page de [&hellip;]<\/p>\n","protected":false},"featured_media":73932,"template":"","meta":[],"product_brand":[1541],"product_cat":[2737,1993,2734,1994,1992],"product_tag":[],"class_list":{"0":"post-73928","1":"product","2":"type-product","3":"status-publish","4":"has-post-thumbnail","6":"product_brand-ashton","7":"product_cat-ashton-vsg-virgin-sun-cultive","8":"product_cat-cigares","9":"product_cat-cigares-ashton","10":"product_cat-monde-du-cigare","11":"product_cat-republique-dominicaine","13":"first","14":"onbackorder","15":"purchasable","16":"product-type-simple"},"yoast_head":"<!-- This site is optimized with the Yoast SEO plugin v27.5 - https:\/\/yoast.com\/product\/yoast-seo-wordpress\/ -->\n<title>Ashton VSG Spellbound 24 er Box Cigares - Tabakversand.ch | Alles aus der Welt des Tabaks<\/title>\n<meta name=\"description\" content=\"Ashton VSG Spellbound 24 bo\u00eetes de cigares | La plus grande s\u00e9lection de produits du tabac de Suisse | Toutes les cartes sont accept\u00e9es!\" \/>\n<meta name=\"robots\" content=\"index, follow, max-snippet:-1, max-image-preview:large, max-video-preview:-1\" \/>\n<link rel=\"canonical\" href=\"https:\/\/www.tabakversand.ch\/fr\/produit\/ashton-vsg-spellbound-24-er-kiste-cigares\/\" \/>\n<meta property=\"og:locale\" content=\"fr_FR\" \/>\n<meta property=\"og:type\" content=\"article\" \/>\n<meta property=\"og:title\" content=\"Ashton VSG Spellbound 24 er Box Cigares - Tabakversand.ch | Alles aus der Welt des Tabaks\" \/>\n<meta property=\"og:description\" content=\"Ashton VSG Spellbound 24 bo\u00eetes de cigares | La plus grande s\u00e9lection de produits du tabac de Suisse | Toutes les cartes sont accept\u00e9es!\" \/>\n<meta property=\"og:url\" content=\"https:\/\/www.tabakversand.ch\/fr\/produit\/ashton-vsg-spellbound-24-er-kiste-cigares\/\" \/>\n<meta property=\"og:site_name\" content=\"Tabakversand.ch | Alles aus der Welt des Tabaks\" \/>\n<meta property=\"article:modified_time\" content=\"2025-09-18T12:57:16+00:00\" \/>\n<meta property=\"og:image\" content=\"https:\/\/www.tabakversand.ch\/wp-content\/uploads\/2022\/03\/ashton-vsg-spellbound-e.jpg\" \/>\n\t<meta property=\"og:image:width\" content=\"500\" \/>\n\t<meta property=\"og:image:height\" content=\"500\" \/>\n\t<meta property=\"og:image:type\" content=\"image\/jpeg\" \/>\n<meta name=\"twitter:card\" content=\"summary_large_image\" \/>\n<meta name=\"twitter:label1\" content=\"Dur\u00e9e de lecture estim\u00e9e\" \/>\n\t<meta name=\"twitter:data1\" content=\"1 minute\" \/>\n<script type=\"application\/ld+json\" class=\"yoast-schema-graph\">{\"@context\":\"https:\\\/\\\/schema.org\",\"@graph\":[{\"@type\":\"WebPage\",\"@id\":\"https:\\\/\\\/www.tabakversand.ch\\\/fr\\\/produit\\\/ashton-vsg-spellbound-24-er-kiste-cigares\\\/\",\"url\":\"https:\\\/\\\/www.tabakversand.ch\\\/fr\\\/produit\\\/ashton-vsg-spellbound-24-er-kiste-cigares\\\/\",\"name\":\"Ashton VSG Spellbound 24 er Box Cigares - Tabakversand.ch | Alles aus der Welt des Tabaks\",\"isPartOf\":{\"@id\":\"https:\\\/\\\/www.tabakversand.ch\\\/#website\"},\"primaryImageOfPage\":{\"@id\":\"https:\\\/\\\/www.tabakversand.ch\\\/fr\\\/produit\\\/ashton-vsg-spellbound-24-er-kiste-cigares\\\/#primaryimage\"},\"image\":{\"@id\":\"https:\\\/\\\/www.tabakversand.ch\\\/fr\\\/produit\\\/ashton-vsg-spellbound-24-er-kiste-cigares\\\/#primaryimage\"},\"thumbnailUrl\":\"https:\\\/\\\/www.tabakversand.ch\\\/wp-content\\\/uploads\\\/2022\\\/03\\\/ashton-vsg-spellbound-e.jpg\",\"datePublished\":\"2022-04-02T08:46:55+00:00\",\"dateModified\":\"2025-09-18T12:57:16+00:00\",\"description\":\"Ashton VSG Spellbound 24 bo\u00eetes de cigares | La plus grande s\u00e9lection de produits du tabac de Suisse | Toutes les cartes sont accept\u00e9es!\",\"breadcrumb\":{\"@id\":\"https:\\\/\\\/www.tabakversand.ch\\\/fr\\\/produit\\\/ashton-vsg-spellbound-24-er-kiste-cigares\\\/#breadcrumb\"},\"inLanguage\":\"fr-FR\",\"potentialAction\":[{\"@type\":\"ReadAction\",\"target\":[\"https:\\\/\\\/www.tabakversand.ch\\\/fr\\\/produit\\\/ashton-vsg-spellbound-24-er-kiste-cigares\\\/\"]}]},{\"@type\":\"ImageObject\",\"inLanguage\":\"fr-FR\",\"@id\":\"https:\\\/\\\/www.tabakversand.ch\\\/fr\\\/produit\\\/ashton-vsg-spellbound-24-er-kiste-cigares\\\/#primaryimage\",\"url\":\"https:\\\/\\\/www.tabakversand.ch\\\/wp-content\\\/uploads\\\/2022\\\/03\\\/ashton-vsg-spellbound-e.jpg\",\"contentUrl\":\"https:\\\/\\\/www.tabakversand.ch\\\/wp-content\\\/uploads\\\/2022\\\/03\\\/ashton-vsg-spellbound-e.jpg\",\"width\":500,\"height\":500,\"caption\":\"Ashton VSG Spellbound 24 er Box Cigares\"},{\"@type\":\"BreadcrumbList\",\"@id\":\"https:\\\/\\\/www.tabakversand.ch\\\/fr\\\/produit\\\/ashton-vsg-spellbound-24-er-kiste-cigares\\\/#breadcrumb\",\"itemListElement\":[{\"@type\":\"ListItem\",\"position\":1,\"name\":\"Startseite\",\"item\":\"https:\\\/\\\/www.tabakversand.ch\\\/\"},{\"@type\":\"ListItem\",\"position\":2,\"name\":\"Boutique\",\"item\":\"https:\\\/\\\/www.tabakversand.ch\\\/fr\\\/boutique\\\/\"},{\"@type\":\"ListItem\",\"position\":3,\"name\":\"Ashton VSG Spellbound 24 er Box Cigares\"}]},{\"@type\":\"WebSite\",\"@id\":\"https:\\\/\\\/www.tabakversand.ch\\\/#website\",\"url\":\"https:\\\/\\\/www.tabakversand.ch\\\/\",\"name\":\"Tabakversand.ch | Alles aus der Welt des Tabaks\",\"description\":\"Smoke and carpe diem\",\"potentialAction\":[{\"@type\":\"SearchAction\",\"target\":{\"@type\":\"EntryPoint\",\"urlTemplate\":\"https:\\\/\\\/www.tabakversand.ch\\\/?s={search_term_string}\"},\"query-input\":{\"@type\":\"PropertyValueSpecification\",\"valueRequired\":true,\"valueName\":\"search_term_string\"}}],\"inLanguage\":\"fr-FR\"}]}<\/script>\n<!-- \/ Yoast SEO plugin. -->","yoast_head_json":{"title":"Ashton VSG Spellbound 24 er Box Cigares - Tabakversand.ch | Alles aus der Welt des Tabaks","description":"Ashton VSG Spellbound 24 bo\u00eetes de cigares | La plus grande s\u00e9lection de produits du tabac de Suisse | Toutes les cartes sont accept\u00e9es!","robots":{"index":"index","follow":"follow","max-snippet":"max-snippet:-1","max-image-preview":"max-image-preview:large","max-video-preview":"max-video-preview:-1"},"canonical":"https:\/\/www.tabakversand.ch\/fr\/produit\/ashton-vsg-spellbound-24-er-kiste-cigares\/","og_locale":"fr_FR","og_type":"article","og_title":"Ashton VSG Spellbound 24 er Box Cigares - Tabakversand.ch | Alles aus der Welt des Tabaks","og_description":"Ashton VSG Spellbound 24 bo\u00eetes de cigares | La plus grande s\u00e9lection de produits du tabac de Suisse | Toutes les cartes sont accept\u00e9es!","og_url":"https:\/\/www.tabakversand.ch\/fr\/produit\/ashton-vsg-spellbound-24-er-kiste-cigares\/","og_site_name":"Tabakversand.ch | Alles aus der Welt des Tabaks","article_modified_time":"2025-09-18T12:57:16+00:00","og_image":[{"width":500,"height":500,"url":"https:\/\/www.tabakversand.ch\/wp-content\/uploads\/2022\/03\/ashton-vsg-spellbound-e.jpg","type":"image\/jpeg"}],"twitter_card":"summary_large_image","twitter_misc":{"Dur\u00e9e de lecture estim\u00e9e":"1 minute"},"schema":{"@context":"https:\/\/schema.org","@graph":[{"@type":"WebPage","@id":"https:\/\/www.tabakversand.ch\/fr\/produit\/ashton-vsg-spellbound-24-er-kiste-cigares\/","url":"https:\/\/www.tabakversand.ch\/fr\/produit\/ashton-vsg-spellbound-24-er-kiste-cigares\/","name":"Ashton VSG Spellbound 24 er Box Cigares - Tabakversand.ch | Alles aus der Welt des Tabaks","isPartOf":{"@id":"https:\/\/www.tabakversand.ch\/#website"},"primaryImageOfPage":{"@id":"https:\/\/www.tabakversand.ch\/fr\/produit\/ashton-vsg-spellbound-24-er-kiste-cigares\/#primaryimage"},"image":{"@id":"https:\/\/www.tabakversand.ch\/fr\/produit\/ashton-vsg-spellbound-24-er-kiste-cigares\/#primaryimage"},"thumbnailUrl":"https:\/\/www.tabakversand.ch\/wp-content\/uploads\/2022\/03\/ashton-vsg-spellbound-e.jpg","datePublished":"2022-04-02T08:46:55+00:00","dateModified":"2025-09-18T12:57:16+00:00","description":"Ashton VSG Spellbound 24 bo\u00eetes de cigares | La plus grande s\u00e9lection de produits du tabac de Suisse | Toutes les cartes sont accept\u00e9es!","breadcrumb":{"@id":"https:\/\/www.tabakversand.ch\/fr\/produit\/ashton-vsg-spellbound-24-er-kiste-cigares\/#breadcrumb"},"inLanguage":"fr-FR","potentialAction":[{"@type":"ReadAction","target":["https:\/\/www.tabakversand.ch\/fr\/produit\/ashton-vsg-spellbound-24-er-kiste-cigares\/"]}]},{"@type":"ImageObject","inLanguage":"fr-FR","@id":"https:\/\/www.tabakversand.ch\/fr\/produit\/ashton-vsg-spellbound-24-er-kiste-cigares\/#primaryimage","url":"https:\/\/www.tabakversand.ch\/wp-content\/uploads\/2022\/03\/ashton-vsg-spellbound-e.jpg","contentUrl":"https:\/\/www.tabakversand.ch\/wp-content\/uploads\/2022\/03\/ashton-vsg-spellbound-e.jpg","width":500,"height":500,"caption":"Ashton VSG Spellbound 24 er Box Cigares"},{"@type":"BreadcrumbList","@id":"https:\/\/www.tabakversand.ch\/fr\/produit\/ashton-vsg-spellbound-24-er-kiste-cigares\/#breadcrumb","itemListElement":[{"@type":"ListItem","position":1,"name":"Startseite","item":"https:\/\/www.tabakversand.ch\/"},{"@type":"ListItem","position":2,"name":"Boutique","item":"https:\/\/www.tabakversand.ch\/fr\/boutique\/"},{"@type":"ListItem","position":3,"name":"Ashton VSG Spellbound 24 er Box Cigares"}]},{"@type":"WebSite","@id":"https:\/\/www.tabakversand.ch\/#website","url":"https:\/\/www.tabakversand.ch\/","name":"Tabakversand.ch | Alles aus der Welt des Tabaks","description":"Smoke and carpe diem","potentialAction":[{"@type":"SearchAction","target":{"@type":"EntryPoint","urlTemplate":"https:\/\/www.tabakversand.ch\/?s={search_term_string}"},"query-input":{"@type":"PropertyValueSpecification","valueRequired":true,"valueName":"search_term_string"}}],"inLanguage":"fr-FR"}]}},"_links":{"self":[{"href":"https:\/\/www.tabakversand.ch\/fr\/wp-json\/wp\/v2\/product\/73928","targetHints":{"allow":["GET"]}}],"collection":[{"href":"https:\/\/www.tabakversand.ch\/fr\/wp-json\/wp\/v2\/product"}],"about":[{"href":"https:\/\/www.tabakversand.ch\/fr\/wp-json\/wp\/v2\/types\/product"}],"version-history":[{"count":1,"href":"https:\/\/www.tabakversand.ch\/fr\/wp-json\/wp\/v2\/product\/73928\/revisions"}],"predecessor-version":[{"id":200424,"href":"https:\/\/www.tabakversand.ch\/fr\/wp-json\/wp\/v2\/product\/73928\/revisions\/200424"}],"wp:featuredmedia":[{"embeddable":true,"href":"https:\/\/www.tabakversand.ch\/fr\/wp-json\/wp\/v2\/media\/73932"}],"wp:attachment":[{"href":"https:\/\/www.tabakversand.ch\/fr\/wp-json\/wp\/v2\/media?parent=73928"}],"wp:term":[{"taxonomy":"product_brand","embeddable":true,"href":"https:\/\/www.tabakversand.ch\/fr\/wp-json\/wp\/v2\/product_brand?post=73928"},{"taxonomy":"product_cat","embeddable":true,"href":"https:\/\/www.tabakversand.ch\/fr\/wp-json\/wp\/v2\/product_cat?post=73928"},{"taxonomy":"product_tag","embeddable":true,"href":"https:\/\/www.tabakversand.ch\/fr\/wp-json\/wp\/v2\/product_tag?post=73928"}],"curies":[{"name":"wp","href":"https:\/\/api.w.org\/{rel}","templated":true}]}}