{"id":74072,"date":"2022-04-02T10:46:34","date_gmt":"2022-04-02T08:46:34","guid":{"rendered":"http:\/\/www.tabakversand.ch\/produkt\/haudegen-mythos-snuff-schnupftabak\/"},"modified":"2026-04-03T10:49:48","modified_gmt":"2026-04-03T08:49:48","slug":"tabac-a-priser-haudegen","status":"publish","type":"product","link":"https:\/\/www.tabakversand.ch\/fr\/produit\/tabac-a-priser-haudegen\/","title":{"rendered":"tabac \u00e0 priser Haudegen"},"content":{"rendered":"<h1>Haudegen<\/h1>\n<p>Tabac \u00e0 priser suisse puissant, \u00e0 la sensation intense en gorge et \u00e0 la note menthol\u00e9e agr\u00e9ablement fruit\u00e9e. Fabriqu\u00e9 en Suisse \u00e0 partir de tabac suisse\u00a0: fort, \u00e9quilibr\u00e9 et doux au nez.<\/p>\n<p>Chez tabakversand.ch, vous recevez votre tabac \u00e0 priser Haudegen Mythos fra\u00eechement conserv\u00e9 dans son emballage d&rsquo;origine. Un stockage soign\u00e9 garantit une pr\u00e9servation optimale de son ar\u00f4me, de son humidit\u00e9 et de sa qualit\u00e9 jusqu&rsquo;\u00e0 l&rsquo;exp\u00e9dition. Gr\u00e2ce \u00e0 une livraison rapide en Suisse, votre tabac \u00e0 priser vous parvient g\u00e9n\u00e9ralement tr\u00e8s rapidement.<\/p>\n<p>Ar\u00f4me : Notes menthol\u00e9es et fruit\u00e9es. -unique-<br \/>\n1 bo\u00eete : Contenu 10 g.<\/p>\n<p>Pour plus d&rsquo;informations sur le fabricant Mythos Schnupf AG, veuillez consulter son site web officiel\u00a0: <a href=\"https:\/\/schnupfag.ch\/\">cliquez ici<\/a> . Pour toute question concernant le produit, n&rsquo;h\u00e9sitez pas \u00e0 nous contacter\u00a0: <a href=\"https:\/\/www.tabakversand.ch\/kontakt\/\">cliquez ici<\/a> .<\/p>\n<p>Tous les prix s&rsquo;appliquent uniquement aux commandes en ligne et incluent la TVA. Sous r\u00e9serve de modifications sans pr\u00e9avis, frais de livraison en sus. Sous r\u00e9serve d&rsquo;erreurs, de modifications de contenu de livraison et de conception, de fautes d&rsquo;impression et de modifications de prix. Les prix barr\u00e9s sont des prix de remplacement. Les illustrations peuvent diff\u00e9rer de l&rsquo;original\/du contenu de livraison.<br \/>\n*Livraison gratuite pour les commandes sup\u00e9rieures \u00e0 CHF 250.-.<\/p>\n","protected":false},"excerpt":{"rendered":"<p>Haudegen Tabac \u00e0 priser suisse puissant, \u00e0 la sensation intense en gorge et \u00e0 la note menthol\u00e9e agr\u00e9ablement fruit\u00e9e. Fabriqu\u00e9 en Suisse \u00e0 partir de tabac suisse\u00a0: fort, \u00e9quilibr\u00e9 et doux au nez. Chez tabakversand.ch, vous recevez votre tabac \u00e0 priser Haudegen Mythos fra\u00eechement conserv\u00e9 dans son emballage d&rsquo;origine. Un stockage soign\u00e9 garantit une pr\u00e9servation [&hellip;]<\/p>\n","protected":false},"featured_media":74078,"template":"","meta":[],"product_brand":[],"product_cat":[1888,1951,1950],"product_tag":[],"class_list":{"0":"post-74072","1":"product","2":"type-product","3":"status-publish","4":"has-post-thumbnail","6":"product_cat-tabac","7":"product_cat-tabac-a-priser-et-accessoires","8":"product_cat-tabac-a-priser-schnupftabak","10":"first","11":"instock","12":"purchasable","13":"product-type-simple"},"yoast_head":"<!-- This site is optimized with the Yoast SEO plugin v27.0 - https:\/\/yoast.com\/product\/yoast-seo-wordpress\/ -->\n<title>tabac \u00e0 priser Haudegen - Tabakversand.ch | Alles aus der Welt des Tabaks<\/title>\n<meta name=\"description\" content=\"Haudegen Mythos Snuff \u2013 un tabac \u00e0 priser puissant, \u00e0 l&#039;ar\u00f4me distinctif et au caract\u00e8re intense. Finement moulu, expressif et id\u00e9al pour les connaisseurs avertis.\" \/>\n<meta name=\"robots\" content=\"index, follow, max-snippet:-1, max-image-preview:large, max-video-preview:-1\" \/>\n<link rel=\"canonical\" href=\"https:\/\/www.tabakversand.ch\/fr\/produit\/tabac-a-priser-haudegen\/\" \/>\n<meta property=\"og:locale\" content=\"fr_FR\" \/>\n<meta property=\"og:type\" content=\"article\" \/>\n<meta property=\"og:title\" content=\"tabac \u00e0 priser Haudegen - Tabakversand.ch | Alles aus der Welt des Tabaks\" \/>\n<meta property=\"og:description\" content=\"Haudegen Mythos Snuff \u2013 un tabac \u00e0 priser puissant, \u00e0 l&#039;ar\u00f4me distinctif et au caract\u00e8re intense. Finement moulu, expressif et id\u00e9al pour les connaisseurs avertis.\" \/>\n<meta property=\"og:url\" content=\"https:\/\/www.tabakversand.ch\/fr\/produit\/tabac-a-priser-haudegen\/\" \/>\n<meta property=\"og:site_name\" content=\"Tabakversand.ch | Alles aus der Welt des Tabaks\" \/>\n<meta property=\"article:modified_time\" content=\"2026-04-03T08:49:48+00:00\" \/>\n<meta property=\"og:image\" content=\"https:\/\/www.tabakversand.ch\/wp-content\/uploads\/2022\/03\/mythos-haudegen-schnupftabak.jpg\" \/>\n\t<meta property=\"og:image:width\" content=\"500\" \/>\n\t<meta property=\"og:image:height\" content=\"500\" \/>\n\t<meta property=\"og:image:type\" content=\"image\/jpeg\" \/>\n<meta name=\"twitter:card\" content=\"summary_large_image\" \/>\n<meta name=\"twitter:label1\" content=\"Dur\u00e9e de lecture estim\u00e9e\" \/>\n\t<meta name=\"twitter:data1\" content=\"2 minutes\" \/>\n<script type=\"application\/ld+json\" class=\"yoast-schema-graph\">{\"@context\":\"https:\/\/schema.org\",\"@graph\":[{\"@type\":\"WebPage\",\"@id\":\"https:\/\/www.tabakversand.ch\/fr\/produit\/tabac-a-priser-haudegen\/\",\"url\":\"https:\/\/www.tabakversand.ch\/fr\/produit\/tabac-a-priser-haudegen\/\",\"name\":\"tabac \u00e0 priser Haudegen - Tabakversand.ch | Alles aus der Welt des Tabaks\",\"isPartOf\":{\"@id\":\"https:\/\/www.tabakversand.ch\/#website\"},\"primaryImageOfPage\":{\"@id\":\"https:\/\/www.tabakversand.ch\/fr\/produit\/tabac-a-priser-haudegen\/#primaryimage\"},\"image\":{\"@id\":\"https:\/\/www.tabakversand.ch\/fr\/produit\/tabac-a-priser-haudegen\/#primaryimage\"},\"thumbnailUrl\":\"https:\/\/www.tabakversand.ch\/wp-content\/uploads\/2022\/03\/mythos-haudegen-schnupftabak.jpg\",\"datePublished\":\"2022-04-02T08:46:34+00:00\",\"dateModified\":\"2026-04-03T08:49:48+00:00\",\"description\":\"Haudegen Mythos Snuff \u2013 un tabac \u00e0 priser puissant, \u00e0 l'ar\u00f4me distinctif et au caract\u00e8re intense. Finement moulu, expressif et id\u00e9al pour les connaisseurs avertis.\",\"breadcrumb\":{\"@id\":\"https:\/\/www.tabakversand.ch\/fr\/produit\/tabac-a-priser-haudegen\/#breadcrumb\"},\"inLanguage\":\"fr-FR\",\"potentialAction\":[{\"@type\":\"ReadAction\",\"target\":[\"https:\/\/www.tabakversand.ch\/fr\/produit\/tabac-a-priser-haudegen\/\"]}]},{\"@type\":\"ImageObject\",\"inLanguage\":\"fr-FR\",\"@id\":\"https:\/\/www.tabakversand.ch\/fr\/produit\/tabac-a-priser-haudegen\/#primaryimage\",\"url\":\"https:\/\/www.tabakversand.ch\/wp-content\/uploads\/2022\/03\/mythos-haudegen-schnupftabak.jpg\",\"contentUrl\":\"https:\/\/www.tabakversand.ch\/wp-content\/uploads\/2022\/03\/mythos-haudegen-schnupftabak.jpg\",\"width\":500,\"height\":500,\"caption\":\"Haudegen Mythe \u00e0 priser | tabakversand.ch\"},{\"@type\":\"BreadcrumbList\",\"@id\":\"https:\/\/www.tabakversand.ch\/fr\/produit\/tabac-a-priser-haudegen\/#breadcrumb\",\"itemListElement\":[{\"@type\":\"ListItem\",\"position\":1,\"name\":\"Startseite\",\"item\":\"https:\/\/www.tabakversand.ch\/\"},{\"@type\":\"ListItem\",\"position\":2,\"name\":\"Boutique\",\"item\":\"https:\/\/www.tabakversand.ch\/fr\/boutique\/\"},{\"@type\":\"ListItem\",\"position\":3,\"name\":\"tabac \u00e0 priser Haudegen\"}]},{\"@type\":\"WebSite\",\"@id\":\"https:\/\/www.tabakversand.ch\/#website\",\"url\":\"https:\/\/www.tabakversand.ch\/\",\"name\":\"Tabakversand.ch | Alles aus der Welt des Tabaks\",\"description\":\"Smoke and carpe diem\",\"potentialAction\":[{\"@type\":\"SearchAction\",\"target\":{\"@type\":\"EntryPoint\",\"urlTemplate\":\"https:\/\/www.tabakversand.ch\/?s={search_term_string}\"},\"query-input\":{\"@type\":\"PropertyValueSpecification\",\"valueRequired\":true,\"valueName\":\"search_term_string\"}}],\"inLanguage\":\"fr-FR\"}]}<\/script>\n<!-- \/ Yoast SEO plugin. -->","yoast_head_json":{"title":"tabac \u00e0 priser Haudegen - Tabakversand.ch | Alles aus der Welt des Tabaks","description":"Haudegen Mythos Snuff \u2013 un tabac \u00e0 priser puissant, \u00e0 l'ar\u00f4me distinctif et au caract\u00e8re intense. Finement moulu, expressif et id\u00e9al pour les connaisseurs avertis.","robots":{"index":"index","follow":"follow","max-snippet":"max-snippet:-1","max-image-preview":"max-image-preview:large","max-video-preview":"max-video-preview:-1"},"canonical":"https:\/\/www.tabakversand.ch\/fr\/produit\/tabac-a-priser-haudegen\/","og_locale":"fr_FR","og_type":"article","og_title":"tabac \u00e0 priser Haudegen - Tabakversand.ch | Alles aus der Welt des Tabaks","og_description":"Haudegen Mythos Snuff \u2013 un tabac \u00e0 priser puissant, \u00e0 l'ar\u00f4me distinctif et au caract\u00e8re intense. Finement moulu, expressif et id\u00e9al pour les connaisseurs avertis.","og_url":"https:\/\/www.tabakversand.ch\/fr\/produit\/tabac-a-priser-haudegen\/","og_site_name":"Tabakversand.ch | Alles aus der Welt des Tabaks","article_modified_time":"2026-04-03T08:49:48+00:00","og_image":[{"width":500,"height":500,"url":"https:\/\/www.tabakversand.ch\/wp-content\/uploads\/2022\/03\/mythos-haudegen-schnupftabak.jpg","type":"image\/jpeg"}],"twitter_card":"summary_large_image","twitter_misc":{"Dur\u00e9e de lecture estim\u00e9e":"2 minutes"},"schema":{"@context":"https:\/\/schema.org","@graph":[{"@type":"WebPage","@id":"https:\/\/www.tabakversand.ch\/fr\/produit\/tabac-a-priser-haudegen\/","url":"https:\/\/www.tabakversand.ch\/fr\/produit\/tabac-a-priser-haudegen\/","name":"tabac \u00e0 priser Haudegen - Tabakversand.ch | Alles aus der Welt des Tabaks","isPartOf":{"@id":"https:\/\/www.tabakversand.ch\/#website"},"primaryImageOfPage":{"@id":"https:\/\/www.tabakversand.ch\/fr\/produit\/tabac-a-priser-haudegen\/#primaryimage"},"image":{"@id":"https:\/\/www.tabakversand.ch\/fr\/produit\/tabac-a-priser-haudegen\/#primaryimage"},"thumbnailUrl":"https:\/\/www.tabakversand.ch\/wp-content\/uploads\/2022\/03\/mythos-haudegen-schnupftabak.jpg","datePublished":"2022-04-02T08:46:34+00:00","dateModified":"2026-04-03T08:49:48+00:00","description":"Haudegen Mythos Snuff \u2013 un tabac \u00e0 priser puissant, \u00e0 l'ar\u00f4me distinctif et au caract\u00e8re intense. Finement moulu, expressif et id\u00e9al pour les connaisseurs avertis.","breadcrumb":{"@id":"https:\/\/www.tabakversand.ch\/fr\/produit\/tabac-a-priser-haudegen\/#breadcrumb"},"inLanguage":"fr-FR","potentialAction":[{"@type":"ReadAction","target":["https:\/\/www.tabakversand.ch\/fr\/produit\/tabac-a-priser-haudegen\/"]}]},{"@type":"ImageObject","inLanguage":"fr-FR","@id":"https:\/\/www.tabakversand.ch\/fr\/produit\/tabac-a-priser-haudegen\/#primaryimage","url":"https:\/\/www.tabakversand.ch\/wp-content\/uploads\/2022\/03\/mythos-haudegen-schnupftabak.jpg","contentUrl":"https:\/\/www.tabakversand.ch\/wp-content\/uploads\/2022\/03\/mythos-haudegen-schnupftabak.jpg","width":500,"height":500,"caption":"Haudegen Mythe \u00e0 priser | tabakversand.ch"},{"@type":"BreadcrumbList","@id":"https:\/\/www.tabakversand.ch\/fr\/produit\/tabac-a-priser-haudegen\/#breadcrumb","itemListElement":[{"@type":"ListItem","position":1,"name":"Startseite","item":"https:\/\/www.tabakversand.ch\/"},{"@type":"ListItem","position":2,"name":"Boutique","item":"https:\/\/www.tabakversand.ch\/fr\/boutique\/"},{"@type":"ListItem","position":3,"name":"tabac \u00e0 priser Haudegen"}]},{"@type":"WebSite","@id":"https:\/\/www.tabakversand.ch\/#website","url":"https:\/\/www.tabakversand.ch\/","name":"Tabakversand.ch | Alles aus der Welt des Tabaks","description":"Smoke and carpe diem","potentialAction":[{"@type":"SearchAction","target":{"@type":"EntryPoint","urlTemplate":"https:\/\/www.tabakversand.ch\/?s={search_term_string}"},"query-input":{"@type":"PropertyValueSpecification","valueRequired":true,"valueName":"search_term_string"}}],"inLanguage":"fr-FR"}]}},"_links":{"self":[{"href":"https:\/\/www.tabakversand.ch\/fr\/wp-json\/wp\/v2\/product\/74072","targetHints":{"allow":["GET"]}}],"collection":[{"href":"https:\/\/www.tabakversand.ch\/fr\/wp-json\/wp\/v2\/product"}],"about":[{"href":"https:\/\/www.tabakversand.ch\/fr\/wp-json\/wp\/v2\/types\/product"}],"version-history":[{"count":9,"href":"https:\/\/www.tabakversand.ch\/fr\/wp-json\/wp\/v2\/product\/74072\/revisions"}],"predecessor-version":[{"id":213368,"href":"https:\/\/www.tabakversand.ch\/fr\/wp-json\/wp\/v2\/product\/74072\/revisions\/213368"}],"wp:featuredmedia":[{"embeddable":true,"href":"https:\/\/www.tabakversand.ch\/fr\/wp-json\/wp\/v2\/media\/74078"}],"wp:attachment":[{"href":"https:\/\/www.tabakversand.ch\/fr\/wp-json\/wp\/v2\/media?parent=74072"}],"wp:term":[{"taxonomy":"product_brand","embeddable":true,"href":"https:\/\/www.tabakversand.ch\/fr\/wp-json\/wp\/v2\/product_brand?post=74072"},{"taxonomy":"product_cat","embeddable":true,"href":"https:\/\/www.tabakversand.ch\/fr\/wp-json\/wp\/v2\/product_cat?post=74072"},{"taxonomy":"product_tag","embeddable":true,"href":"https:\/\/www.tabakversand.ch\/fr\/wp-json\/wp\/v2\/product_tag?post=74072"}],"curies":[{"name":"wp","href":"https:\/\/api.w.org\/{rel}","templated":true}]}}