{"id":74206,"date":"2022-04-02T10:46:21","date_gmt":"2022-04-02T08:46:21","guid":{"rendered":"http:\/\/www.tabakversand.ch\/produkt\/covent-snuff-schnupftabak\/"},"modified":"2026-04-06T19:31:21","modified_gmt":"2026-04-06T17:31:21","slug":"tabac-a-priser-covent","status":"publish","type":"product","link":"https:\/\/www.tabakversand.ch\/fr\/produit\/tabac-a-priser-covent\/","title":{"rendered":"Covent"},"content":{"rendered":"<h1>Covent<\/h1>\n<p>La tradition rencontre le plaisir<\/p>\n<ul>\n<li>1 x 20 g<\/li>\n<\/ul>\n<p>&nbsp;<\/p>\n<p>D\u00e9couvrez le tabac \u00e0 priser Covent, le choix id\u00e9al pour les amateurs de tabac aromatique de haute qualit\u00e9. Finement moulu et soigneusement \u00e9labor\u00e9, il offre une exp\u00e9rience de prise traditionnelle et intense, d&rsquo;une qualit\u00e9 et d&rsquo;un go\u00fbt constants. <\/p>\n<p>\u2705 Finement moulu et aromatique \u2013 id\u00e9al pour un rhume agr\u00e9able et doux.<br \/>\n\u2705 Un plaisir traditionnel \u2013 un classique pour les vrais amateurs de tabac.<br \/>\n\u2705 Haute qualit\u00e9 \u2013 pour une exp\u00e9rience intense et constante.<\/p>\n<p>Id\u00e9al pour les amateurs de tabac \u00e0 priser classique en qu\u00eate d&rsquo;un ar\u00f4me authentique. Achetez d\u00e8s maintenant le tabac \u00e0 priser Covent en ligne et d\u00e9couvrez le v\u00e9ritable savoir-faire artisanal du tabac&nbsp;! <\/p>\n<p>Chez tabakversand.ch, votre tabac \u00e0 priser Covent vous est livr\u00e9 dans un emballage d&rsquo;origine et conserv\u00e9 dans des conditions optimales. Ce stockage soign\u00e9 garantit la pr\u00e9servation parfaite de son ar\u00f4me, de son humidit\u00e9 et de sa qualit\u00e9 jusqu&rsquo;\u00e0 l&rsquo;exp\u00e9dition. Gr\u00e2ce \u00e0 une livraison rapide en Suisse, votre tabac \u00e0 priser vous parvient g\u00e9n\u00e9ralement tr\u00e8s rapidement.  <\/p>\n<p>Pour plus d&rsquo;informations sur le tabac \u00e0 priser, veuillez consulter l&rsquo;article Wikip\u00e9dia correspondant&nbsp;: <a href=\"https:\/\/de.wikipedia.org\/wiki\/Schnupftabak\">cliquez ici<\/a> . Si vous avez des questions concernant le produit, n&rsquo;h\u00e9sitez pas \u00e0 nous contacter&nbsp;: <a href=\"https:\/\/www.tabakversand.ch\/kontakt\/\">cliquez ici<\/a> .<\/p>\n<p>Tous les prix s&rsquo;appliquent uniquement aux commandes en ligne et incluent la TVA. Sous r\u00e9serve de modifications sans pr\u00e9avis, frais de livraison en sus. Sous r\u00e9serve d&rsquo;erreurs, de modifications de contenu de livraison et de conception, de fautes d&rsquo;impression et de modifications de prix. Les prix barr\u00e9s sont des prix de remplacement. Les illustrations peuvent diff\u00e9rer de l&rsquo;original\/du contenu de livraison.<br \/>\n*Livraison gratuite pour les commandes sup\u00e9rieures \u00e0 CHF 250.-.<\/p>\n","protected":false},"excerpt":{"rendered":"<p>Covent La tradition rencontre le plaisir 1 x 20 g &nbsp; D\u00e9couvrez le tabac \u00e0 priser Covent, le choix id\u00e9al pour les amateurs de tabac aromatique de haute qualit\u00e9. Finement moulu et soigneusement \u00e9labor\u00e9, il offre une exp\u00e9rience de prise traditionnelle et intense, d&rsquo;une qualit\u00e9 et d&rsquo;un go\u00fbt constants. \u2705 Finement moulu et aromatique \u2013 [&hellip;]<\/p>\n","protected":false},"featured_media":74209,"template":"","meta":[],"product_brand":[5711],"product_cat":[1888,1951,1950],"product_tag":[],"class_list":{"0":"post-74206","1":"product","2":"type-product","3":"status-publish","4":"has-post-thumbnail","6":"product_brand-covent-schnupftabak","7":"product_cat-tabac","8":"product_cat-tabac-a-priser-et-accessoires","9":"product_cat-tabac-a-priser-schnupftabak","11":"first","12":"instock","13":"purchasable","14":"product-type-simple"},"yoast_head":"<!-- This site is optimized with the Yoast SEO plugin v27.0 - https:\/\/yoast.com\/product\/yoast-seo-wordpress\/ -->\n<title>Achetez du tabac \u00e0 priser Covent | Tabac de haute qualit\u00e9<\/title>\n<meta name=\"description\" content=\"Le tabac \u00e0 priser Covent \u2013 \u200b\u200bun tabac aromatique finement moulu, d&#039;une qualit\u00e9 constante. Une exp\u00e9rience de prise traditionnelle pour les connaisseurs.\" \/>\n<meta name=\"robots\" content=\"index, follow, max-snippet:-1, max-image-preview:large, max-video-preview:-1\" \/>\n<link rel=\"canonical\" href=\"https:\/\/www.tabakversand.ch\/fr\/produit\/tabac-a-priser-covent\/\" \/>\n<meta property=\"og:locale\" content=\"fr_FR\" \/>\n<meta property=\"og:type\" content=\"article\" \/>\n<meta property=\"og:title\" content=\"Achetez du tabac \u00e0 priser Covent | Tabac de haute qualit\u00e9\" \/>\n<meta property=\"og:description\" content=\"Le tabac \u00e0 priser Covent \u2013 \u200b\u200bun tabac aromatique finement moulu, d&#039;une qualit\u00e9 constante. Une exp\u00e9rience de prise traditionnelle pour les connaisseurs.\" \/>\n<meta property=\"og:url\" content=\"https:\/\/www.tabakversand.ch\/fr\/produit\/tabac-a-priser-covent\/\" \/>\n<meta property=\"og:site_name\" content=\"Tabakversand.ch | Alles aus der Welt des Tabaks\" \/>\n<meta property=\"article:modified_time\" content=\"2026-04-06T17:31:21+00:00\" \/>\n<meta property=\"og:image\" content=\"https:\/\/www.tabakversand.ch\/wp-content\/uploads\/2022\/03\/covent-snuff_.jpg\" \/>\n\t<meta property=\"og:image:width\" content=\"500\" \/>\n\t<meta property=\"og:image:height\" content=\"500\" \/>\n\t<meta property=\"og:image:type\" content=\"image\/jpeg\" \/>\n<meta name=\"twitter:card\" content=\"summary_large_image\" \/>\n<meta name=\"twitter:label1\" content=\"Dur\u00e9e de lecture estim\u00e9e\" \/>\n\t<meta name=\"twitter:data1\" content=\"1 minute\" \/>\n<script type=\"application\/ld+json\" class=\"yoast-schema-graph\">{\"@context\":\"https:\/\/schema.org\",\"@graph\":[{\"@type\":\"WebPage\",\"@id\":\"https:\/\/www.tabakversand.ch\/fr\/produit\/tabac-a-priser-covent\/\",\"url\":\"https:\/\/www.tabakversand.ch\/fr\/produit\/tabac-a-priser-covent\/\",\"name\":\"Achetez du tabac \u00e0 priser Covent | Tabac de haute qualit\u00e9\",\"isPartOf\":{\"@id\":\"https:\/\/www.tabakversand.ch\/#website\"},\"primaryImageOfPage\":{\"@id\":\"https:\/\/www.tabakversand.ch\/fr\/produit\/tabac-a-priser-covent\/#primaryimage\"},\"image\":{\"@id\":\"https:\/\/www.tabakversand.ch\/fr\/produit\/tabac-a-priser-covent\/#primaryimage\"},\"thumbnailUrl\":\"https:\/\/www.tabakversand.ch\/wp-content\/uploads\/2022\/03\/covent-snuff_.jpg\",\"datePublished\":\"2022-04-02T08:46:21+00:00\",\"dateModified\":\"2026-04-06T17:31:21+00:00\",\"description\":\"Le tabac \u00e0 priser Covent \u2013 \u200b\u200bun tabac aromatique finement moulu, d'une qualit\u00e9 constante. Une exp\u00e9rience de prise traditionnelle pour les connaisseurs.\",\"breadcrumb\":{\"@id\":\"https:\/\/www.tabakversand.ch\/fr\/produit\/tabac-a-priser-covent\/#breadcrumb\"},\"inLanguage\":\"fr-FR\",\"potentialAction\":[{\"@type\":\"ReadAction\",\"target\":[\"https:\/\/www.tabakversand.ch\/fr\/produit\/tabac-a-priser-covent\/\"]}]},{\"@type\":\"ImageObject\",\"inLanguage\":\"fr-FR\",\"@id\":\"https:\/\/www.tabakversand.ch\/fr\/produit\/tabac-a-priser-covent\/#primaryimage\",\"url\":\"https:\/\/www.tabakversand.ch\/wp-content\/uploads\/2022\/03\/covent-snuff_.jpg\",\"contentUrl\":\"https:\/\/www.tabakversand.ch\/wp-content\/uploads\/2022\/03\/covent-snuff_.jpg\",\"width\":500,\"height\":500,\"caption\":\"Covent Snuff Schnupftabak\"},{\"@type\":\"BreadcrumbList\",\"@id\":\"https:\/\/www.tabakversand.ch\/fr\/produit\/tabac-a-priser-covent\/#breadcrumb\",\"itemListElement\":[{\"@type\":\"ListItem\",\"position\":1,\"name\":\"Startseite\",\"item\":\"https:\/\/www.tabakversand.ch\/\"},{\"@type\":\"ListItem\",\"position\":2,\"name\":\"Boutique\",\"item\":\"https:\/\/www.tabakversand.ch\/fr\/boutique\/\"},{\"@type\":\"ListItem\",\"position\":3,\"name\":\"Covent\"}]},{\"@type\":\"WebSite\",\"@id\":\"https:\/\/www.tabakversand.ch\/#website\",\"url\":\"https:\/\/www.tabakversand.ch\/\",\"name\":\"Tabakversand.ch | Alles aus der Welt des Tabaks\",\"description\":\"Smoke and carpe diem\",\"potentialAction\":[{\"@type\":\"SearchAction\",\"target\":{\"@type\":\"EntryPoint\",\"urlTemplate\":\"https:\/\/www.tabakversand.ch\/?s={search_term_string}\"},\"query-input\":{\"@type\":\"PropertyValueSpecification\",\"valueRequired\":true,\"valueName\":\"search_term_string\"}}],\"inLanguage\":\"fr-FR\"}]}<\/script>\n<!-- \/ Yoast SEO plugin. -->","yoast_head_json":{"title":"Achetez du tabac \u00e0 priser Covent | Tabac de haute qualit\u00e9","description":"Le tabac \u00e0 priser Covent \u2013 \u200b\u200bun tabac aromatique finement moulu, d'une qualit\u00e9 constante. Une exp\u00e9rience de prise traditionnelle pour les connaisseurs.","robots":{"index":"index","follow":"follow","max-snippet":"max-snippet:-1","max-image-preview":"max-image-preview:large","max-video-preview":"max-video-preview:-1"},"canonical":"https:\/\/www.tabakversand.ch\/fr\/produit\/tabac-a-priser-covent\/","og_locale":"fr_FR","og_type":"article","og_title":"Achetez du tabac \u00e0 priser Covent | Tabac de haute qualit\u00e9","og_description":"Le tabac \u00e0 priser Covent \u2013 \u200b\u200bun tabac aromatique finement moulu, d'une qualit\u00e9 constante. Une exp\u00e9rience de prise traditionnelle pour les connaisseurs.","og_url":"https:\/\/www.tabakversand.ch\/fr\/produit\/tabac-a-priser-covent\/","og_site_name":"Tabakversand.ch | Alles aus der Welt des Tabaks","article_modified_time":"2026-04-06T17:31:21+00:00","og_image":[{"width":500,"height":500,"url":"https:\/\/www.tabakversand.ch\/wp-content\/uploads\/2022\/03\/covent-snuff_.jpg","type":"image\/jpeg"}],"twitter_card":"summary_large_image","twitter_misc":{"Dur\u00e9e de lecture estim\u00e9e":"1 minute"},"schema":{"@context":"https:\/\/schema.org","@graph":[{"@type":"WebPage","@id":"https:\/\/www.tabakversand.ch\/fr\/produit\/tabac-a-priser-covent\/","url":"https:\/\/www.tabakversand.ch\/fr\/produit\/tabac-a-priser-covent\/","name":"Achetez du tabac \u00e0 priser Covent | Tabac de haute qualit\u00e9","isPartOf":{"@id":"https:\/\/www.tabakversand.ch\/#website"},"primaryImageOfPage":{"@id":"https:\/\/www.tabakversand.ch\/fr\/produit\/tabac-a-priser-covent\/#primaryimage"},"image":{"@id":"https:\/\/www.tabakversand.ch\/fr\/produit\/tabac-a-priser-covent\/#primaryimage"},"thumbnailUrl":"https:\/\/www.tabakversand.ch\/wp-content\/uploads\/2022\/03\/covent-snuff_.jpg","datePublished":"2022-04-02T08:46:21+00:00","dateModified":"2026-04-06T17:31:21+00:00","description":"Le tabac \u00e0 priser Covent \u2013 \u200b\u200bun tabac aromatique finement moulu, d'une qualit\u00e9 constante. Une exp\u00e9rience de prise traditionnelle pour les connaisseurs.","breadcrumb":{"@id":"https:\/\/www.tabakversand.ch\/fr\/produit\/tabac-a-priser-covent\/#breadcrumb"},"inLanguage":"fr-FR","potentialAction":[{"@type":"ReadAction","target":["https:\/\/www.tabakversand.ch\/fr\/produit\/tabac-a-priser-covent\/"]}]},{"@type":"ImageObject","inLanguage":"fr-FR","@id":"https:\/\/www.tabakversand.ch\/fr\/produit\/tabac-a-priser-covent\/#primaryimage","url":"https:\/\/www.tabakversand.ch\/wp-content\/uploads\/2022\/03\/covent-snuff_.jpg","contentUrl":"https:\/\/www.tabakversand.ch\/wp-content\/uploads\/2022\/03\/covent-snuff_.jpg","width":500,"height":500,"caption":"Covent Snuff Schnupftabak"},{"@type":"BreadcrumbList","@id":"https:\/\/www.tabakversand.ch\/fr\/produit\/tabac-a-priser-covent\/#breadcrumb","itemListElement":[{"@type":"ListItem","position":1,"name":"Startseite","item":"https:\/\/www.tabakversand.ch\/"},{"@type":"ListItem","position":2,"name":"Boutique","item":"https:\/\/www.tabakversand.ch\/fr\/boutique\/"},{"@type":"ListItem","position":3,"name":"Covent"}]},{"@type":"WebSite","@id":"https:\/\/www.tabakversand.ch\/#website","url":"https:\/\/www.tabakversand.ch\/","name":"Tabakversand.ch | Alles aus der Welt des Tabaks","description":"Smoke and carpe diem","potentialAction":[{"@type":"SearchAction","target":{"@type":"EntryPoint","urlTemplate":"https:\/\/www.tabakversand.ch\/?s={search_term_string}"},"query-input":{"@type":"PropertyValueSpecification","valueRequired":true,"valueName":"search_term_string"}}],"inLanguage":"fr-FR"}]}},"_links":{"self":[{"href":"https:\/\/www.tabakversand.ch\/fr\/wp-json\/wp\/v2\/product\/74206","targetHints":{"allow":["GET"]}}],"collection":[{"href":"https:\/\/www.tabakversand.ch\/fr\/wp-json\/wp\/v2\/product"}],"about":[{"href":"https:\/\/www.tabakversand.ch\/fr\/wp-json\/wp\/v2\/types\/product"}],"version-history":[{"count":3,"href":"https:\/\/www.tabakversand.ch\/fr\/wp-json\/wp\/v2\/product\/74206\/revisions"}],"predecessor-version":[{"id":217087,"href":"https:\/\/www.tabakversand.ch\/fr\/wp-json\/wp\/v2\/product\/74206\/revisions\/217087"}],"wp:featuredmedia":[{"embeddable":true,"href":"https:\/\/www.tabakversand.ch\/fr\/wp-json\/wp\/v2\/media\/74209"}],"wp:attachment":[{"href":"https:\/\/www.tabakversand.ch\/fr\/wp-json\/wp\/v2\/media?parent=74206"}],"wp:term":[{"taxonomy":"product_brand","embeddable":true,"href":"https:\/\/www.tabakversand.ch\/fr\/wp-json\/wp\/v2\/product_brand?post=74206"},{"taxonomy":"product_cat","embeddable":true,"href":"https:\/\/www.tabakversand.ch\/fr\/wp-json\/wp\/v2\/product_cat?post=74206"},{"taxonomy":"product_tag","embeddable":true,"href":"https:\/\/www.tabakversand.ch\/fr\/wp-json\/wp\/v2\/product_tag?post=74206"}],"curies":[{"name":"wp","href":"https:\/\/api.w.org\/{rel}","templated":true}]}}